{"id":524,"date":"2026-04-08T02:54:59","date_gmt":"2026-04-08T02:54:59","guid":{"rendered":"https:\/\/www.ywjunchi.com\/?post_type=product&#038;p=524"},"modified":"2026-04-29T01:27:09","modified_gmt":"2026-04-29T01:27:09","slug":"mang-hologram-pet-mo-z66","status":"publish","type":"product","link":"https:\/\/www.ywjunchi.com\/vi\/product\/z66-matt-pet-holographic-film\/","title":{"rendered":"M\u00e0ng hologram PET m\u1edd Z66"},"content":{"rendered":"<p>M\u00e0ng PET m\u1edd kh\u00f4ng \u0111\u01b0\u1eddng n\u1ed1i Z66 | \u00c1nh s\u00e1ng c\u1ed9t ngang | M\u1edd m\u1ecbn cao c\u1ea5p<\/p>\n<p><strong>Nh\u00e0 cung c\u1ea5p<\/strong>:C\u00f4ng ty V\u1eadt li\u1ec7u \u0110\u00f3ng g\u00f3i Yiwu Junchi<\/p>\n<p><strong>B\u1eadc th\u1ea7y v\u1ec1 h\u00ecnh ba chi\u1ec1u<\/strong>:Z66<\/p>\n<p>Z66 l\u00e0 m\u1ed9t m\u1eabu cao c\u1ea5p <strong>M\u00e0ng PET ba chi\u1ec1u m\u1edd li\u1ec1n m\u1ea1ch<\/strong> \u0110\u01b0\u1ee3c thi\u1ebft k\u1ebf d\u00e0nh ri\u00eang cho bao b\u00ec cao c\u1ea5p v\u00e0 in \u1ea5n ch\u1ea5t l\u01b0\u1ee3ng cao. S\u1ea3n ph\u1ea9m s\u1edf h\u1eefu hi\u1ec7u \u1ee9ng \u00e1nh s\u00e1ng d\u1ea1ng c\u1ed9t ngang, \u0111\u1ed9 d\u00e0y si\u00eau m\u1ecfng 16\u03bcm c\u00f9ng b\u1ec1 m\u1eb7t m\u1edd m\u1ec1m m\u1ea1i, gi\u00fap gi\u1ea3m ch\u00f3i hi\u1ec7u qu\u1ea3, mang l\u1ea1i v\u1ebb ngo\u00e0i sang tr\u1ecdng v\u00e0 n\u00e2ng t\u1ea7m k\u1ebft c\u1ea5u c\u1ee7a gi\u1ea5y, nh\u00e3n m\u00e1c c\u0169ng nh\u01b0 bao b\u00ec m\u1ef9 ph\u1ea9m. V\u1edbi chi\u1ec1u r\u1ed9ng t\u1ed1i \u0111a l\u00ean \u0111\u1ebfn 940mm, s\u1ea3n ph\u1ea9m h\u1ed7 tr\u1ee3 c\u00e1c quy tr\u00ecnh \u00e9p m\u00e0ng, in chuy\u1ec3n nhi\u1ec7t v\u00e0 in UV t\u1ed1c \u0111\u1ed9 cao, ph\u00f9 h\u1ee3p cho s\u1ea3n xu\u1ea5t h\u00e0ng lo\u1ea1t.<\/p>\n<figure id=\"attachment_595\" aria-describedby=\"caption-attachment-595\" style=\"width: 800px\" class=\"wp-caption alignnone\"><img fetchpriority=\"high\" decoding=\"async\" class=\"size-full wp-image-595\" src=\"https:\/\/www.ywjunchi.com\/wp-content\/uploads\/2026\/04\/009-2.jpg\" alt=\"M\u00e0ng hologram cho \u0111\u00e8n c\u1ed9t Matt\" width=\"800\" height=\"800\" srcset=\"https:\/\/www.ywjunchi.com\/wp-content\/uploads\/2026\/04\/009-2.jpg 800w, https:\/\/www.ywjunchi.com\/wp-content\/uploads\/2026\/04\/009-2-300x300.jpg 300w, https:\/\/www.ywjunchi.com\/wp-content\/uploads\/2026\/04\/009-2-100x100.jpg 100w, https:\/\/www.ywjunchi.com\/wp-content\/uploads\/2026\/04\/009-2-600x600.jpg 600w, https:\/\/www.ywjunchi.com\/wp-content\/uploads\/2026\/04\/009-2-150x150.jpg 150w, https:\/\/www.ywjunchi.com\/wp-content\/uploads\/2026\/04\/009-2-768x768.jpg 768w\" sizes=\"(max-width: 800px) 100vw, 800px\" \/><figcaption id=\"caption-attachment-595\" class=\"wp-caption-text\">M\u00e0ng hologram cho \u0111\u00e8n c\u1ed9t Matt<\/figcaption><\/figure>\n<p>C\u00e1c t\u00ednh n\u0103ng v\u00e0 \u01b0u \u0111i\u1ec3m ch\u00ednh<\/p>\n<p><strong>\u0110\u00e8n c\u1ed9t ngang k\u1ebft h\u1ee3p hi\u1ec7u \u1ee9ng ba chi\u1ec1u li\u1ec1n m\u1ea1ch<\/strong><\/p>\n<p>Kh\u00f4ng c\u00f3 \u0111\u01b0\u1eddng n\u1ed1i, hi\u1ec7u \u1ee9ng quang h\u1ecdc \u0111\u1ed3ng \u0111\u1ec1u v\u00e0 \u1ed5n \u0111\u1ecbnh; \u00e1nh s\u00e1ng c\u1ed9t ngang t\u1ea1o ra hi\u1ec7u \u1ee9ng kh\u00fac x\u1ea1 tinh t\u1ebf v\u00e0 sinh \u0111\u1ed9ng, gi\u00fap n\u00e2ng cao \u0111\u1eb3ng c\u1ea5p s\u1ea3n ph\u1ea9m v\u00e0 kh\u1ea3 n\u0103ng ch\u1ed1ng h\u00e0ng gi\u1ea3.<\/p>\n<p><strong>Hi\u1ec7u \u1ee9ng h\u00ecnh \u1ea3nh m\u1edd m\u1ecbn | Ch\u1ed1ng ch\u00f3i &amp; Cao c\u1ea5p<\/strong><\/p>\n<p>B\u1ec1 m\u1eb7t m\u1edd gi\u00fap l\u00e0m d\u1ecbu \u00e1nh s\u00e1ng, gi\u1ea3m ph\u1ea3n x\u1ea1 v\u00e0 tr\u00e1nh g\u00e2y ch\u00f3i m\u1eaft; t\u1ea1o n\u00ean v\u1ebb sang tr\u1ecdng tinh t\u1ebf, l\u00fd t\u01b0\u1edfng cho m\u1ef9 ph\u1ea9m cao c\u1ea5p, h\u1ed9p qu\u00e0 t\u1eb7ng v\u00e0 nh\u00e3n hi\u1ec7u.<\/p>\n<p><strong>\u0110\u1ed9 d\u00e0y ch\u00ednh x\u00e1c 16\u03bcm<\/strong><\/p>\n<p>Si\u00eau m\u1ecfng nh\u01b0ng b\u1ec1n ch\u1eafc, c\u00f3 \u0111\u1ed9 d\u1ebbo dai v\u00e0 \u0111\u1ed9 \u1ed5n \u0111\u1ecbnh k\u00edch th\u01b0\u1edbc t\u1ed1t; ph\u00f9 h\u1ee3p ho\u00e0n h\u1ea3o cho qu\u00e1 tr\u00ecnh \u00e9p m\u00e0ng\/in chuy\u1ec3n m\u00e0 kh\u00f4ng b\u1ecb nh\u0103n hay cong.<\/p>\n<p><strong>K\u00edch th\u01b0\u1edbc kh\u1ed5 r\u1ed9ng: Chi\u1ec1u r\u1ed9ng t\u1ed1i \u0111a 940 mm<\/strong><\/p>\n<p>\u0110\u00e1p \u1ee9ng nhu c\u1ea7u \u0111\u00f3ng g\u00f3i v\u00e0 in \u1ea5n quy m\u00f4 l\u1edbn; n\u00e2ng cao hi\u1ec7u qu\u1ea3, gi\u1ea3m thi\u1ec3u l\u00e3ng ph\u00ed nguy\u00ean li\u1ec7u v\u00e0 th\u00edch \u1ee9ng v\u1edbi c\u00e1c d\u00e2y chuy\u1ec1n s\u1ea3n xu\u1ea5t t\u1ef1 \u0111\u1ed9ng.<\/p>\n<figure id=\"attachment_594\" aria-describedby=\"caption-attachment-594\" style=\"width: 800px\" class=\"wp-caption alignnone\"><img decoding=\"async\" class=\"size-full wp-image-594\" src=\"https:\/\/www.ywjunchi.com\/wp-content\/uploads\/2026\/04\/009-1.jpg\" alt=\"M\u00e0ng hologram cho \u0111\u00e8n c\u1ed9t Matt\" width=\"800\" height=\"800\" srcset=\"https:\/\/www.ywjunchi.com\/wp-content\/uploads\/2026\/04\/009-1.jpg 800w, https:\/\/www.ywjunchi.com\/wp-content\/uploads\/2026\/04\/009-1-300x300.jpg 300w, https:\/\/www.ywjunchi.com\/wp-content\/uploads\/2026\/04\/009-1-100x100.jpg 100w, https:\/\/www.ywjunchi.com\/wp-content\/uploads\/2026\/04\/009-1-600x600.jpg 600w, https:\/\/www.ywjunchi.com\/wp-content\/uploads\/2026\/04\/009-1-150x150.jpg 150w, https:\/\/www.ywjunchi.com\/wp-content\/uploads\/2026\/04\/009-1-768x768.jpg 768w\" sizes=\"(max-width: 800px) 100vw, 800px\" \/><figcaption id=\"caption-attachment-594\" class=\"wp-caption-text\">M\u00e0ng hologram cho \u0111\u00e8n c\u1ed9t Matt<\/figcaption><\/figure>\n<p><strong>Kh\u1ea3 n\u0103ng t\u01b0\u01a1ng th\u00edch quy tr\u00ecnh tuy\u1ec7t v\u1eddi<\/strong><\/p>\n<p>Ph\u00f9 h\u1ee3p v\u1edbi <strong>\u00c9p m\u00e0ng v\u00e0 in chuy\u1ec3n nhi\u1ec7t<\/strong>, <strong>In UV<\/strong>, <strong>X\u1eed l\u00fd nh\u00e3n d\u00e1n v\u00e0 nh\u00e3n m\u00e1c<\/strong>, <strong>bao b\u00ec m\u1ef9 ph\u1ea9m<\/strong>, h\u1ed9p qu\u00e0 t\u1eb7ng, h\u1ed9p cao c\u1ea5p v\u00e0 c\u00e1c \u1ee9ng d\u1ee5ng cao c\u1ea5p kh\u00e1c.<\/p>\n<p><strong>Hi\u1ec7u su\u1ea5t \u1ed5n \u0111\u1ecbnh &amp; D\u1ec5 d\u00e0ng x\u1eed l\u00fd<\/strong><\/p>\n<p>\u0110\u1ed9 b\u00e1m d\u00ednh t\u1ed1t, kh\u1ea3 n\u0103ng th\u1ea5m m\u1ef1c v\u00e0 kh\u1ea3 n\u0103ng ch\u1ed1ng ch\u1ecbu th\u1eddi ti\u1ebft cao; t\u01b0\u01a1ng th\u00edch v\u1edbi c\u00e1c thi\u1ebft b\u1ecb gia c\u00f4ng ti\u00eau chu\u1ea9n, t\u1ef7 l\u1ec7 s\u1ea3n ph\u1ea9m l\u1ed7i th\u1ea5p.<\/p>\n<p>Th\u00f4ng s\u1ed1 k\u1ef9 thu\u1eadt ch\u00ednh<\/p>\n<p>Ch\u1ea5t li\u1ec7u: PET<\/p>\n<p>Ho\u00e0n thi\u1ec7n: M\u1edd<\/p>\n<p>Lo\u1ea1i hi\u1ec7u \u1ee9ng ba chi\u1ec1u: Kh\u00f4ng \u0111\u01b0\u1eddng n\u1ed1i, \u00e1nh s\u00e1ng c\u1ed9t ngang<\/p>\n<p>\u0110\u1ed9 d\u00e0y: 16\u03bcm<\/p>\n<p>Chi\u1ec1u r\u1ed9ng t\u1ed1i \u0111a: 940 mm<\/p>\n<p>\u1ee8ng d\u1ee5ng: \u00c9p m\u00e0ng\/Chuy\u1ec3n nhi\u1ec7t, In UV, Nh\u00e3n m\u00e1c, Bao b\u00ec m\u1ef9 ph\u1ea9m, Bao b\u00ec cao c\u1ea5p<\/p>\n<figure id=\"attachment_596\" aria-describedby=\"caption-attachment-596\" style=\"width: 800px\" class=\"wp-caption alignnone\"><img decoding=\"async\" class=\"size-full wp-image-596\" src=\"https:\/\/www.ywjunchi.com\/wp-content\/uploads\/2026\/04\/009-4.jpg\" alt=\"\" width=\"800\" height=\"800\" srcset=\"https:\/\/www.ywjunchi.com\/wp-content\/uploads\/2026\/04\/009-4.jpg 800w, https:\/\/www.ywjunchi.com\/wp-content\/uploads\/2026\/04\/009-4-300x300.jpg 300w, https:\/\/www.ywjunchi.com\/wp-content\/uploads\/2026\/04\/009-4-100x100.jpg 100w, https:\/\/www.ywjunchi.com\/wp-content\/uploads\/2026\/04\/009-4-600x600.jpg 600w, https:\/\/www.ywjunchi.com\/wp-content\/uploads\/2026\/04\/009-4-150x150.jpg 150w, https:\/\/www.ywjunchi.com\/wp-content\/uploads\/2026\/04\/009-4-768x768.jpg 768w\" sizes=\"(max-width: 800px) 100vw, 800px\" \/><figcaption id=\"caption-attachment-596\" class=\"wp-caption-text\">M\u00e0ng hologram m\u1edd ngang d\u00e0nh cho th\u00fa c\u01b0ng<\/figcaption><\/figure>\n<p><strong>T\u1ea1i sao n\u00ean ch\u1ecdn Z66 c\u1ee7a Yiwu Junchi?<\/strong><\/p>\n<p>Nh\u00e0 s\u1ea3n xu\u1ea5t m\u00e0ng bao b\u00ec ba chi\u1ec1u chuy\u00ean nghi\u1ec7p<\/p>\n<p>Ch\u1ea5t l\u01b0\u1ee3ng \u1ed5n \u0111\u1ecbnh, hi\u1ec7u qu\u1ea3 nh\u1ea5t qu\u00e1n qua t\u1eebng l\u00f4 s\u1ea3n ph\u1ea9m<\/p>\n<p>C\u00f3 th\u1ec3 t\u00f9y ch\u1ec9nh chi\u1ec1u r\u1ed9ng v\u00e0 chi\u1ec1u d\u00e0i<\/p>\n<p>Giao h\u00e0ng nhanh ch\u00f3ng &amp; d\u1ecbch v\u1ee5 h\u1eadu m\u00e3i \u0111\u00e1ng tin c\u1eady<\/p>\n<p>L\u1ef1a ch\u1ecdn l\u00fd t\u01b0\u1edfng cho c\u00e1c th\u01b0\u01a1ng hi\u1ec7u h\u01b0\u1edbng \u0111\u1ebfn ch\u1ea5t l\u01b0\u1ee3ng cao c\u1ea5p, ch\u1ed1ng ch\u00f3i v\u00e0 hi\u1ec7u \u1ee9ng h\u00ecnh \u1ea3nh \u0111\u1eb3ng c\u1ea5p<\/p>\n<p><strong>Ph\u00f9 h\u1ee3p nh\u1ea5t cho<\/strong><\/p>\n<p>Laminate h\u1ed9p gi\u1ea5y cao c\u1ea5p<\/p>\n<p>Bao b\u00ec m\u1ef9 ph\u1ea9m &amp; h\u1ed9p \u0111\u1ef1ng s\u1ea3n ph\u1ea9m ch\u0103m s\u00f3c da<\/p>\n<p>Nh\u00e3n d\u00e1n v\u00e0 nh\u00e3n m\u00e1c cao c\u1ea5p<\/p>\n<p>In UV &amp; bao b\u00ec trang tr\u00ed<\/p>\n<p>H\u1ed9p qu\u00e0 t\u1eb7ng, bao b\u00ec cao c\u1ea5p, b\u1ea3o v\u1ec7 th\u01b0\u01a1ng hi\u1ec7u<\/p>\n<p>Li\u00ean h\u1ec7 ngay \u0111\u1ec3 <strong>m\u1eabu mi\u1ec5n ph\u00ed<\/strong> &amp; b\u00e1o gi\u00e1 t\u1ed1t nh\u1ea5t!<\/p>\n<p>Ch\u00fang t\u00f4i cung c\u1ea5p c\u00e1c hi\u1ec7u \u1ee9ng ba chi\u1ec1u theo y\u00eau c\u1ea7u c\u1ee7a nh\u00e0 s\u1ea3n xu\u1ea5t thi\u1ebft b\u1ecb g\u1ed1c (OEM) v\u00e0 theo y\u00eau c\u1ea7u ri\u00eang \u0111\u1ec3 \u0111\u00e1p \u1ee9ng nhu c\u1ea7u \u0111\u00f3ng g\u00f3i c\u1ee7a qu\u00fd kh\u00e1ch.<\/p>\n<figure id=\"attachment_597\" aria-describedby=\"caption-attachment-597\" style=\"width: 800px\" class=\"wp-caption alignnone\"><img loading=\"lazy\" decoding=\"async\" class=\"size-full wp-image-597\" src=\"https:\/\/www.ywjunchi.com\/wp-content\/uploads\/2026\/04\/009-3.jpg\" alt=\"M\u00e0ng hologram m\u1edd ngang d\u00e0nh cho th\u00fa c\u01b0ng\" width=\"800\" height=\"800\" srcset=\"https:\/\/www.ywjunchi.com\/wp-content\/uploads\/2026\/04\/009-3.jpg 800w, https:\/\/www.ywjunchi.com\/wp-content\/uploads\/2026\/04\/009-3-300x300.jpg 300w, https:\/\/www.ywjunchi.com\/wp-content\/uploads\/2026\/04\/009-3-100x100.jpg 100w, https:\/\/www.ywjunchi.com\/wp-content\/uploads\/2026\/04\/009-3-600x600.jpg 600w, https:\/\/www.ywjunchi.com\/wp-content\/uploads\/2026\/04\/009-3-150x150.jpg 150w, https:\/\/www.ywjunchi.com\/wp-content\/uploads\/2026\/04\/009-3-768x768.jpg 768w\" sizes=\"(max-width: 800px) 100vw, 800px\" \/><figcaption id=\"caption-attachment-597\" class=\"wp-caption-text\">M\u00e0ng hologram m\u1edd ngang d\u00e0nh cho th\u00fa c\u01b0ng<\/figcaption><\/figure>","protected":false},"excerpt":{"rendered":"<p>M\u00e0ng hologram PET li\u1ec1n m\u1ea1ch m\u00e0u m\u1edd ngang Z66, \u0111\u1ed9 d\u00e0y 16 micron, chi\u1ec1u r\u1ed9ng t\u1ed1i \u0111a 940mm, th\u00edch h\u1ee3p \u0111\u1ec3 \u00e9p m\u00e0ng ho\u1eb7c chuy\u1ec3n in l\u00ean gi\u1ea5y, in UV, s\u1ea3n xu\u1ea5t nh\u00e3n d\u00e1n, bao b\u00ec m\u1ef9 ph\u1ea9m, r\u01b0\u1ee3u vang v\u00e0 bao thu\u1ed1c l\u00e1.<\/p>","protected":false},"featured_media":594,"comment_status":"open","ping_status":"closed","template":"","meta":[],"product_brand":[],"product_cat":[17],"product_tag":[47,46],"class_list":{"0":"post-524","1":"product","2":"type-product","3":"status-publish","4":"has-post-thumbnail","6":"product_cat-holographic-film","7":"product_tag-matt-color-pillar-light-holographic-film","8":"product_tag-matt-lightbeen-pet-hologram-film","10":"first","11":"instock","12":"shipping-taxable","13":"product-type-simple"},"_links":{"self":[{"href":"https:\/\/www.ywjunchi.com\/vi\/wp-json\/wp\/v2\/product\/524","targetHints":{"allow":["GET"]}}],"collection":[{"href":"https:\/\/www.ywjunchi.com\/vi\/wp-json\/wp\/v2\/product"}],"about":[{"href":"https:\/\/www.ywjunchi.com\/vi\/wp-json\/wp\/v2\/types\/product"}],"replies":[{"embeddable":true,"href":"https:\/\/www.ywjunchi.com\/vi\/wp-json\/wp\/v2\/comments?post=524"}],"wp:featuredmedia":[{"embeddable":true,"href":"https:\/\/www.ywjunchi.com\/vi\/wp-json\/wp\/v2\/media\/594"}],"wp:attachment":[{"href":"https:\/\/www.ywjunchi.com\/vi\/wp-json\/wp\/v2\/media?parent=524"}],"wp:term":[{"taxonomy":"product_brand","embeddable":true,"href":"https:\/\/www.ywjunchi.com\/vi\/wp-json\/wp\/v2\/product_brand?post=524"},{"taxonomy":"product_cat","embeddable":true,"href":"https:\/\/www.ywjunchi.com\/vi\/wp-json\/wp\/v2\/product_cat?post=524"},{"taxonomy":"product_tag","embeddable":true,"href":"https:\/\/www.ywjunchi.com\/vi\/wp-json\/wp\/v2\/product_tag?post=524"}],"curies":[{"name":"wp","href":"https:\/\/api.w.org\/{rel}","templated":true}]}}