{"id":317,"date":"2026-03-17T08:59:30","date_gmt":"2026-03-17T08:59:30","guid":{"rendered":"https:\/\/www.ywjunchi.com\/?post_type=product&#038;p=317"},"modified":"2026-05-01T06:45:38","modified_gmt":"2026-05-01T06:45:38","slug":"phim-cau-vong","status":"publish","type":"product","link":"https:\/\/www.ywjunchi.com\/vi\/product\/rainbow-film\/","title":{"rendered":"Phim c\u1ea7u v\u1ed3ng"},"content":{"rendered":"<h3>M\u00e0ng phim YWJUNCHI PET Rainbow: M\u00e0ng phim quang h\u1ecdc b\u00f3ng cao, k\u00edch th\u01b0\u1edbc ti\u00eau chu\u1ea9n<\/h3>\n<h3>T\u1ed5ng quan v\u1ec1 s\u1ea3n ph\u1ea9m: M\u00e0ng PET c\u1ea7u v\u1ed3ng<\/h3>\n<p><strong><b>Th\u01b0\u01a1ng hi\u1ec7u<\/b><\/strong>: C\u00f4ng ty V\u1eadt li\u1ec7u \u0110\u00f3ng g\u00f3i YIWU JUNCHI<\/p>\n<p><strong><b>Th\u00f4ng s\u1ed1 k\u1ef9 thu\u1eadt ch\u00ednh<\/b><\/strong>:M\u00e0ng quang h\u1ecdc PET c\u1ea7u v\u1ed3ng c\u00f3 \u0111\u1ed9 b\u00f3ng cao<\/p>\n<p><strong><b>K\u00edch th\u01b0\u1edbc ti\u00eau chu\u1ea9n<\/b><\/strong>:<\/p>\n<p>\u0110\u1ed9 d\u00e0y \u00d7 Chi\u1ec1u r\u1ed9ng \u00d7 Chi\u1ec1u d\u00e0i:<\/p>\n<p>22\u03bcm\u00d71020mm\u00d76200m\/roll<\/p>\n<p>16\u03bcm\u00d71020mm\u00d76200m\/roll<\/p>\n<p>C\u00e1c t\u00f9y ch\u1ecdn chi\u1ec1u r\u1ed9ng ti\u00eau chu\u1ea9n: 635 mm, 1020 mm, 1270 mm, 1400 mm (c\u00f3 th\u1ec3 \u0111\u1eb7t h\u00e0ng theo k\u00edch th\u01b0\u1edbc t\u00f9y ch\u1ec9nh)<\/p>\n<p><strong><b>T\u00ednh n\u0103ng ch\u00ednh<\/b><\/strong>: Hi\u1ec7u \u1ee9ng nhi\u1ec5u x\u1ea1 c\u1ea7u v\u1ed3ng r\u1ef1c r\u1ee1, \u0111\u1ed9 trong su\u1ed1t cao, c\u1ea5u tr\u00fac li\u1ec1n m\u1ea1ch ho\u00e0n h\u1ea3o<\/p>\n<p><strong><b>Kinh nghi\u1ec7m s\u1ea3n xu\u1ea5t<\/b><\/strong>: H\u01a1n 20 n\u0103m chuy\u00ean s\u1ea3n xu\u1ea5t m\u00e0ng quang h\u1ecdc<\/p>\n<h3>\u0110i\u1ec1u g\u00ec khi\u1ebfn m\u00e0ng PET Rainbow tr\u1edf n\u00ean n\u1ed5i b\u1eadt?<\/h3>\n<h4>Hi\u1ec7u \u1ee9ng quang h\u1ecdc c\u1ea7u v\u1ed3ng \u0111\u1ed9c \u0111\u00e1o &amp; K\u1ef9 thu\u1eadt ch\u1ebf t\u00e1c tinh x\u1ea3o<\/h4>\n<p>\u0110\u01b0\u1ee3c ch\u1ebf t\u1ea1o b\u1eb1ng c\u00f4ng ngh\u1ec7 k\u00e9o gi\u00e3n hai tr\u1ee5c ti\u00ean ti\u1ebfn k\u1ebft h\u1ee3p v\u1edbi c\u00f4ng ngh\u1ec7 nhi\u1ec5u x\u1ea1 quang h\u1ecdc, m\u00e0ng PET c\u1ea7u v\u1ed3ng c\u1ee7a JUNCHI mang \u0111\u1ebfn hi\u1ec7u \u1ee9ng chuy\u1ec3n m\u00e0u c\u1ea7u v\u1ed3ng s\u1ed1ng \u0111\u1ed9ng \u2013 hi\u1ec3n th\u1ecb c\u00e1c s\u1eafc th\u00e1i r\u1ef1c r\u1ee1 c\u1ee7a \u0111\u1ecf, cam, v\u00e0ng, xanh l\u00e1, xanh d\u01b0\u01a1ng, ch\u00e0m v\u00e0 t\u00edm khi ti\u1ebfp x\u00fac v\u1edbi \u00e1nh s\u00e1ng.Hi\u1ec7u \u1ee9ng quang h\u1ecdc n\u00e0y \u0111\u1ea1t \u0111\u01b0\u1ee3c nh\u1edd c\u1ea5u tr\u00fac b\u1ec1 m\u1eb7t vi-nano (\u0111\u1ed9 ph\u00e2n gi\u1ea3i \u22653000dpi), \u0111\u1ea3m b\u1ea3o s\u1ef1 ph\u00e2n b\u1ed1 m\u00e0u \u0111\u1ed3ng \u0111\u1ec1u v\u00e0 nhi\u1ec5u x\u1ea1 nh\u1ea5t qu\u00e1n tr\u00ean to\u00e0n b\u1ed9 chi\u1ec1u r\u1ed9ng c\u1ee7a m\u00e0ng. \u0110\u01b0\u1ee3c l\u00e0m t\u1eeb nh\u1ef1a PET c\u00f3 \u0111\u1ed9 tinh khi\u1ebft cao, m\u00e0ng n\u00e0y t\u1ef1 h\u00e0o c\u00f3 \u0111\u1ed9 trong su\u1ed1t v\u01b0\u1ee3t tr\u1ed9i (\u0111\u1ed9 truy\u1ec1n s\u00e1ng \u226593%) v\u00e0 \u0111\u1ed9 m\u1edd th\u1ea5p (\u22641.0%), cho ph\u00e9p hi\u1ec7u \u1ee9ng c\u1ea7u v\u1ed3ng t\u1ecfa s\u00e1ng r\u1ef1c r\u1ee1 m\u00e0 kh\u00f4ng b\u1ecb bi\u1ebfn d\u1ea1ng.<\/p>\n<h4>\u01afu \u0111i\u1ec3m c\u1ed1t l\u00f5i: Ti\u00eau chu\u1ea9n h\u00f3a &amp; Hi\u1ec7u su\u1ea5t<\/h4>\n<h4><b><\/b><strong>K\u00edch th\u01b0\u1edbc \u0111\u01b0\u1ee3c ti\u00eau chu\u1ea9n h\u00f3a nghi\u00eam ng\u1eb7t: \u0110\u1ed9 d\u00e0y c\u1ed1 \u0111\u1ecbnh 16\u03bcm\/22\u03bcm v\u00e0 chi\u1ec1u d\u00e0i cu\u1ed9n 6200m \u0111\u1ea3m b\u1ea3o kh\u1ea3 n\u0103ng t\u01b0\u01a1ng th\u00edch v\u1edbi c\u00e1c thi\u1ebft b\u1ecb \u0111\u00f3ng g\u00f3i\/in \u1ea5n ti\u00eau chu\u1ea9n, gi\u00fap gi\u1ea3m th\u1eddi gian \u0111i\u1ec1u ch\u1ec9nh s\u1ea3n xu\u1ea5t v\u00e0 h\u1ea1n ch\u1ebf l\u00e3ng ph\u00ed nguy\u00ean li\u1ec7u. Nhi\u1ec1u t\u00f9y ch\u1ecdn v\u1ec1 chi\u1ec1u r\u1ed9ng (635mm\u20131400mm) \u0111\u00e1p \u1ee9ng \u0111a d\u1ea1ng nhu c\u1ea7u \u1ee9ng d\u1ee5ng \u2013 t\u1eeb s\u1ea3n xu\u1ea5t nh\u00e3n nh\u1ecf \u0111\u1ebfn bao b\u00ec kh\u1ed5 l\u1edbn.<\/strong><\/h4>\n<p><b><\/b>T\u00ednh ch\u1ea5t v\u1eadt l\u00fd v\u01b0\u1ee3t tr\u1ed9i: \u0110\u1ed9 b\u1ec1n k\u00e9o \u2265210 MPa (16 \u03bcm)\/\u2265230 MPa (22 \u03bcm), \u0111\u1ed9 \u1ed5n \u0111\u1ecbnh k\u00edch th\u01b0\u1edbc tuy\u1ec7t v\u1eddi (\u0111\u1ed9 co ng\u00f3t nhi\u1ec7t \u22641,51% \u1edf 120\u00b0C\/30 ph\u00fat), c\u00f9ng kh\u1ea3 n\u0103ng ch\u1ed1ng \u1ea9m, d\u1ea7u v\u00e0 tia UV.B\u1ec1 m\u1eb7t m\u00e0ng \u0111\u01b0\u1ee3c x\u1eed l\u00fd \u0111\u1ec3 t\u0103ng kh\u1ea3 n\u0103ng in \u1ea5n v\u00e0 t\u01b0\u01a1ng th\u00edch v\u1edbi qu\u00e1 tr\u00ecnh \u00e9p m\u00e0ng, h\u1ed7 tr\u1ee3 in UV, in offset v\u00e0 in flexo.<\/p>\n<p><b><\/b>Th\u00e2n thi\u1ec7n v\u1edbi m\u00f4i tr\u01b0\u1eddng &amp; b\u1ec1n b\u1ec9: Ch\u1ea5t li\u1ec7u n\u1ec1n PET c\u00f3 th\u1ec3 t\u00e1i ch\u1ebf (\u0111\u1ea1t ch\u1ee9ng nh\u1eadn ROHS), kh\u00f4ng \u0111\u1ed9c h\u1ea1i v\u00e0 kh\u00f4ng m\u00f9i \u2013 \u0111\u00e1p \u1ee9ng c\u00e1c ti\u00eau chu\u1ea9n m\u00f4i tr\u01b0\u1eddng to\u00e0n c\u1ea7u v\u1ec1 v\u1eadt li\u1ec7u \u0111\u00f3ng g\u00f3i. B\u1ec1 m\u1eb7t ch\u1ed1ng tr\u1ea7y x\u01b0\u1edbc (\u0111\u1ed9 c\u1ee9ng b\u00fat ch\u00ec c\u1ea5p H) \u0111\u1ea3m b\u1ea3o hi\u1ec7u \u1ee9ng c\u1ea7u v\u1ed3ng v\u1eabn r\u1ef1c r\u1ee1 ngay c\u1ea3 sau qu\u00e1 tr\u00ecnh gia c\u00f4ng v\u00e0 v\u1eadn chuy\u1ec3n.<\/p>\n<h4>C\u1ea5u tr\u00fac l\u1edbp \u0111\u01b0\u1ee3c t\u1ed1i \u01b0u h\u00f3a<\/h4>\n<p>L\u1edbp l\u00f5i PET \u2192 L\u1edbp khu\u1ebfch t\u00e1n quang h\u1ecdc vi-nano \u2192 L\u1edbp ph\u1ee7 ch\u1ed1ng tr\u1ea7y x\u01b0\u1edbc \u2192 L\u1edbp ph\u1ee7 ch\u1ed1ng t\u0129nh \u0111i\u1ec7n<\/p>\n<p>L\u1edbp ph\u1ee7 b\u1ea3o v\u1ec7 k\u00e9p gi\u00fap t\u0103ng c\u01b0\u1eddng \u0111\u1ed9 b\u1ec1n v\u00e0 kh\u1ea3 n\u0103ng th\u00edch \u1ee9ng trong qu\u00e1 tr\u00ecnh gia c\u00f4ng, trong khi l\u1edbp khu\u1ebfch t\u00e1n vi-nano l\u00e0m n\u1ed5i b\u1eadt hi\u1ec7u \u1ee9ng c\u1ea7u v\u1ed3ng \u2013 \u0111\u1ea3m b\u1ea3o m\u00e0u s\u1eafc chuy\u1ec3n \u0111\u1ed5i r\u1ef1c r\u1ee1, thu h\u00fat \u00e1nh nh\u00ecn t\u1eeb m\u1ecdi g\u00f3c nh\u00ecn (g\u00f3c nh\u00ecn r\u1ed9ng 120\u00b0).<\/p>\n<h3>C\u00e1c \u1ee9ng d\u1ee5ng chuy\u00ean bi\u1ec7t<\/h3>\n<p>Nh\u1edd hi\u1ec7u \u1ee9ng c\u1ea7u v\u1ed3ng r\u1ef1c r\u1ee1 v\u00e0 c\u00e1c k\u00edch th\u01b0\u1edbc ti\u00eau chu\u1ea9n, lo\u1ea1i m\u00e0ng n\u00e0y r\u1ea5t l\u00fd t\u01b0\u1edfng cho:<\/p>\n<p><b><\/b>Ng\u00e0nh c\u00f4ng nghi\u1ec7p bao b\u00ec: H\u1ed9p \u0111\u1ef1ng m\u1ef9 ph\u1ea9m, h\u1ed9p qu\u00e0 t\u1eb7ng, bao b\u00ec th\u1ef1c ph\u1ea9m (\u0111\u1ed3 \u0103n v\u1eb7t, k\u1eb9o), nh\u00e3n \u0111\u1ed3 u\u1ed1ng, bao b\u00ec b\u00ean ngo\u00e0i cho s\u1ea3n ph\u1ea9m cao c\u1ea5p (t\u0103ng t\u00ednh th\u1ea9m m\u1ef9 \u0111\u1ec3 n\u1ed5i b\u1eadt tr\u00ean k\u1ec7 h\u00e0ng).<\/p>\n<p><b><\/b>In \u1ea5n &amp; Trang tr\u00ed: Mi\u1ebfng d\u00e1n th\u01b0\u01a1ng hi\u1ec7u, \u00e1p ph\u00edch qu\u1ea3ng c\u00e1o, gi\u1ea5y g\u00f3i qu\u00e0, \u0111\u1ed3 trang tr\u00ed ti\u1ec7c t\u00f9ng v\u00e0 trang tr\u00ed trong khu\u00f4n (IMD) cho c\u00e1c s\u1ea3n ph\u1ea9m \u0111i\u1ec7n t\u1eed ti\u00eau d\u00f9ng.<\/p>\n<p><b><\/b>Th\u1ee7 c\u00f4ng &amp; S\u1edf th\u00edch: L\u00e0m s\u1ed5 l\u01b0u ni\u1ec7m, c\u00e1c d\u1ef1 \u00e1n t\u1ef1 l\u00e0m, \u0111\u1ed3 trang tr\u00ed l\u1ec5 h\u1ed9i v\u00e0 c\u00e1c lo\u1ea1i gi\u1ea5y d\u00e1n trang tr\u00ed cho gi\u1ea5y\/gi\u1ea5y b\u00eca.<\/p>\n<p><b><\/b>\u1ee8ng d\u1ee5ng chuy\u00ean d\u1ee5ng: Ph\u00f4ng n\u1ec1n s\u00e2n kh\u1ea5u, v\u1eadt li\u1ec7u tr\u01b0ng b\u00e0y v\u00e0 b\u00eca s\u00e1ch cao c\u1ea5p (c\u00f3 c\u00e1c t\u00f9y ch\u1ecdn chi\u1ec1u r\u1ed9ng 1270mm\/1400mm d\u00e0nh cho c\u00e1c \u1ee9ng d\u1ee5ng kh\u1ed5 l\u1edbn).<\/p>\n<h3>T\u1ea1i sao n\u00ean ch\u1ecdn m\u00e0ng phim YWJUNCHI PET Rainbow?<\/h3>\n<p><b><\/b>K\u00edch th\u01b0\u1edbc ti\u00eau chu\u1ea9n: \u0110\u1ed9 d\u00e0y v\u00e0 chi\u1ec1u d\u00e0i c\u1ed1 \u0111\u1ecbnh c\u00f9ng nhi\u1ec1u k\u00edch th\u01b0\u1edbc chi\u1ec1u r\u1ed9ng ti\u00eau chu\u1ea9n gi\u00fap \u0111\u1ea3m b\u1ea3o hi\u1ec7u qu\u1ea3 s\u1ea3n xu\u1ea5t \u1ed5n \u0111\u1ecbnh v\u00e0 kh\u1ea3 n\u0103ng t\u01b0\u01a1ng th\u00edch v\u1edbi c\u00e1c thi\u1ebft b\u1ecb hi\u1ec7n c\u00f3.<\/p>\n<p><b><\/b>Hi\u1ec7u \u1ee9ng c\u1ea7u v\u1ed3ng s\u1ed1ng \u0111\u1ed9ng: C\u00f4ng ngh\u1ec7 quang h\u1ecdc vi-nano mang l\u1ea1i hi\u1ec7u \u1ee9ng chuy\u1ec3n m\u00e0u r\u1ef1c r\u1ee1 v\u00e0 sinh \u0111\u1ed9ng \u2013 v\u01b0\u1ee3t tr\u1ed9i so v\u1edbi c\u00e1c lo\u1ea1i phim c\u1ea7u v\u1ed3ng ch\u1ea5t l\u01b0\u1ee3ng th\u1ea5p c\u00f3 m\u00e0u s\u1eafc nh\u1ea1t nh\u00f2a ho\u1eb7c kh\u00f4ng \u0111\u1ed3ng \u0111\u1ec1u.<\/p>\n<p><b><\/b>Ch\u1ea5t li\u1ec7u PET cao c\u1ea5p: V\u1edbi h\u01a1n 20 n\u0103m kinh nghi\u1ec7m trong l\u0129nh v\u1ef1c s\u1ea3n xu\u1ea5t m\u00e0ng, ch\u00fang t\u00f4i \u0111\u1ea3m b\u1ea3o \u0111\u1ed9 d\u00e0y \u0111\u1ed3ng \u0111\u1ec1u, kh\u00f4ng c\u00f3 b\u1ecdt kh\u00ed v\u00e0 b\u1ec1 m\u1eb7t ho\u00e0n h\u1ea3o tr\u00ean t\u1eebng cu\u1ed9n s\u1ea3n ph\u1ea9m.<\/p>\n<p><b><\/b>T\u01b0\u01a1ng th\u00edch v\u1edbi nhi\u1ec1u quy tr\u00ecnh: \u0110\u01b0\u1ee3c t\u1ed1i \u01b0u h\u00f3a cho c\u00e1c c\u00f4ng \u0111o\u1ea1n in \u1ea5n, \u00e9p m\u00e0ng, c\u1eaft khu\u00f4n v\u00e0 qu\u1ea5n m\u00e0ng \u2013 m\u1ed9t lo\u1ea1i m\u00e0ng \u0111\u00e1p \u1ee9ng \u0111a d\u1ea1ng nhu c\u1ea7u s\u1ea3n xu\u1ea5t.<\/p>\n<p><b><\/b>Ti\u1ebft ki\u1ec7m chi ph\u00ed: Bao b\u00ec d\u1ea1ng cu\u1ed9n s\u1ed1 l\u01b0\u1ee3ng l\u1edbn (6.200 m\/cu\u1ed9n) gi\u00fap gi\u1ea3m chi ph\u00ed \u0111\u01a1n v\u1ecb; c\u00e1c k\u00edch th\u01b0\u1edbc ti\u00eau chu\u1ea9n gi\u00fap gi\u1ea3m thi\u1ec3u l\u00e3ng ph\u00ed trong qu\u00e1 tr\u00ecnh gia c\u00f4ng.<\/p>\n<h3>Nh\u1eefng \u0111i\u1ec3m ch\u00ednh trong ph\u1ea7n C\u00e2u h\u1ecfi th\u01b0\u1eddng g\u1eb7p (H\u01b0\u1edbng d\u1eabn \u0111\u1ea7y \u0111\u1ee7 c\u00f3 s\u1eb5n theo y\u00eau c\u1ea7u)<\/h3>\n<p><b><\/b><strong>S\u1ef1 kh\u00e1c bi\u1ec7t gi\u1eefa \u0111\u1ed9 d\u00e0y 16\u03bcm v\u00e0 22\u03bcm l\u00e0 g\u00ec?<\/strong><\/p>\n<p>16\u03bcm: Nh\u1eb9 h\u01a1n, d\u1ebbo dai h\u01a1n \u2013 l\u00fd t\u01b0\u1edfng cho nh\u00e3n m\u00e1c, gi\u1ea5y g\u00f3i v\u00e0 bao b\u00ec m\u1ecfng.<\/p>\n<p>22\u03bcm: D\u00e0y h\u01a1n, b\u1ec1n h\u01a1n \u2013 th\u00edch h\u1ee3p cho bao b\u00ec ch\u1ecbu t\u1ea3i n\u1eb7ng, v\u1eadt li\u1ec7u d\u00e1n trang tr\u00ed v\u00e0 c\u00e1c \u1ee9ng d\u1ee5ng \u0111\u00f2i h\u1ecfi \u0111\u1ed9 \u1ed5n \u0111\u1ecbnh c\u1ea5u tr\u00fac cao h\u01a1n.<\/p>\n<p><b><\/b><strong><b>C\u00f3 th\u1ec3 \u00e9p plastic b\u1eb1ng gi\u1ea5y ho\u1eb7c c\u00e1c v\u1eadt li\u1ec7u kh\u00e1c kh\u00f4ng?<\/b><\/strong><\/p>\n<p>\u0110\u00fang v\u1eady. S\u1ea3n ph\u1ea9m c\u00f3 \u0111\u1ed9 b\u00e1m d\u00ednh tuy\u1ec7t v\u1eddi v\u1edbi c\u00e1c ch\u1ea5t li\u1ec7u gi\u1ea5y, b\u00eca c\u1ee9ng v\u00e0 nh\u1ef1a; h\u1ed7 tr\u1ee3 c\u00e1c quy tr\u00ecnh \u00e9p nhi\u1ec7t v\u00e0 \u00e9p l\u1ea1nh.<\/p>\n<p><b><\/b><strong><b>Hi\u1ec7u \u1ee9ng c\u1ea7u v\u1ed3ng c\u00f3 b\u1ec1n m\u00e0u kh\u00f4ng?<\/b><\/strong><\/p>\n<p>\u0110\u00fang v\u1eady, l\u1edbp ph\u1ee7 ch\u1ed1ng tia UV gi\u00fap ng\u0103n ng\u1eeba phai m\u00e0u, \u0111\u1ea3m b\u1ea3o hi\u1ec7u \u1ee9ng c\u1ea7u v\u1ed3ng v\u1eabn r\u1ef1c r\u1ee1 trong h\u01a1n 1 n\u0103m trong \u0111i\u1ec1u ki\u1ec7n b\u1ea3o qu\u1ea3n b\u00ecnh th\u01b0\u1eddng.<\/p>\n<h3>H\u00e3y li\u00ean h\u1ec7 v\u1edbi ch\u00fang t\u00f4i ngay h\u00f4m nay!<\/h3>\n<p>N\u00e2ng t\u1ea7m s\u1ea3n ph\u1ea9m c\u1ee7a b\u1ea1n v\u1edbi v\u1ebb ngo\u00e0i s\u1ed1ng \u0111\u1ed9ng, b\u1eaft m\u1eaft c\u1ee7a m\u00e0ng PET Rainbow YWJUNCHI \u2013 k\u00edch th\u01b0\u1edbc ti\u00eau chu\u1ea9n, ch\u1ea5t l\u01b0\u1ee3ng cao c\u1ea5p v\u00e0 hi\u1ec7u \u1ee9ng quang h\u1ecdc sinh \u0111\u1ed9ng, ph\u00f9 h\u1ee3p v\u1edbi m\u1ecdi nhu c\u1ea7u \u0111\u00f3ng g\u00f3i v\u00e0 trang tr\u00ed c\u1ee7a b\u1ea1n. C\u00f3 s\u1eb5n m\u1eabu th\u1eed mi\u1ec5n ph\u00ed \u0111\u1ec3 b\u1ea1n tr\u1ea3i nghi\u1ec7m!<\/p>\n<p><em><i>M\u00e0ng phim YWJUNCHI PET Rainbow \u2013 N\u01a1i m\u00e0u s\u1eafc r\u1ef1c r\u1ee1 h\u00f2a quy\u1ec7n c\u00f9ng ch\u1ea5t l\u01b0\u1ee3ng ti\u00eau chu\u1ea9n!<\/i><\/em><\/p>","protected":false},"excerpt":{"rendered":"<p>YWJUNCHI PET Rainbow Film: Standard Size High-Gloss Optical Film Product Overview: PET Rainbow Film Brand: YIWU JUNCHI PACKAGING MATERIAL FIRM Core Specification:High-Gloss PET Rainbow Optical Film Standard Sizes: Thickness\u00d7Width\u00d7Length: 22\u03bcm\u00d71020mm\u00d76200m\/roll 16\u03bcm\u00d71020mm\u00d76200m\/roll Standard Width Options:635mm,1020mm,1270mm,1400mm(custom widths available) Key Feature:Vivid rainbow diffraction effect,high transparency,true seamless structure Production Experience:20+ Years of Specialized Optical Film Manufacturing What Makes PET [&hellip;]<\/p>\n","protected":false},"featured_media":384,"comment_status":"open","ping_status":"closed","template":"","meta":[],"product_brand":[],"product_cat":[29],"product_tag":[65],"class_list":{"0":"post-317","1":"product","2":"type-product","3":"status-publish","4":"has-post-thumbnail","6":"product_cat-products","7":"product_tag-pet-rainbow-film","9":"first","10":"instock","11":"shipping-taxable","12":"product-type-simple"},"_links":{"self":[{"href":"https:\/\/www.ywjunchi.com\/vi\/wp-json\/wp\/v2\/product\/317","targetHints":{"allow":["GET"]}}],"collection":[{"href":"https:\/\/www.ywjunchi.com\/vi\/wp-json\/wp\/v2\/product"}],"about":[{"href":"https:\/\/www.ywjunchi.com\/vi\/wp-json\/wp\/v2\/types\/product"}],"replies":[{"embeddable":true,"href":"https:\/\/www.ywjunchi.com\/vi\/wp-json\/wp\/v2\/comments?post=317"}],"wp:featuredmedia":[{"embeddable":true,"href":"https:\/\/www.ywjunchi.com\/vi\/wp-json\/wp\/v2\/media\/384"}],"wp:attachment":[{"href":"https:\/\/www.ywjunchi.com\/vi\/wp-json\/wp\/v2\/media?parent=317"}],"wp:term":[{"taxonomy":"product_brand","embeddable":true,"href":"https:\/\/www.ywjunchi.com\/vi\/wp-json\/wp\/v2\/product_brand?post=317"},{"taxonomy":"product_cat","embeddable":true,"href":"https:\/\/www.ywjunchi.com\/vi\/wp-json\/wp\/v2\/product_cat?post=317"},{"taxonomy":"product_tag","embeddable":true,"href":"https:\/\/www.ywjunchi.com\/vi\/wp-json\/wp\/v2\/product_tag?post=317"}],"curies":[{"name":"wp","href":"https:\/\/api.w.org\/{rel}","templated":true}]}}