{"id":306,"date":"2026-03-17T08:44:12","date_gmt":"2026-03-17T08:44:12","guid":{"rendered":"https:\/\/www.ywjunchi.com\/?post_type=product&#038;p=306"},"modified":"2026-04-29T01:37:47","modified_gmt":"2026-04-29T01:37:47","slug":"mang-phim-hinh-ba-chieu-cot-anh-sang-z25","status":"publish","type":"product","link":"https:\/\/www.ywjunchi.com\/vi\/product\/z25-pillar-of-light-hologram-film\/","title":{"rendered":"M\u00e0ng phim h\u00ecnh ba chi\u1ec1u c\u1ed9t \u00e1nh s\u00e1ng Z25"},"content":{"rendered":"<h3>M\u00e0ng PET ba chi\u1ec1u kh\u00f4ng \u0111\u01b0\u1eddng n\u1ed1i Z25 v\u1edbi ch\u00f9m s\u00e1ng d\u1ecdc<\/h3>\n<p><strong>Nh\u00e0 s\u1ea3n xu\u1ea5t:<\/strong>C\u00f4ng ty V\u1eadt li\u1ec7u \u0110\u00f3ng g\u00f3i YIWU JUNCHI<\/p>\n<p>D\u00f2ng Z25 (Thi\u1ebft k\u1ebf ch\u00f9m s\u00e1ng d\u1ecdc, \u0111\u00e8n c\u1ed9t 5 cm)<\/p>\n<p><strong>C\u00e1c th\u00f4ng s\u1ed1 ch\u00ednh:<\/strong><\/p>\n<p>Chi\u1ec1u r\u1ed9ng t\u1ed1i \u0111a: 890 mm<\/p>\n<p>Kho\u1ea3ng c\u00e1ch gi\u1eefa c\u00e1c c\u1ed9t \u00e1nh s\u00e1ng: 5 cm (\u0111\u01b0\u1ee3c b\u1ed1 tr\u00ed \u0111\u1ec1u \u0111\u1eb7n \u0111\u1ec3 t\u1ea1o hi\u1ec7u \u1ee9ng th\u1ecb gi\u00e1c \u1ea5n t\u01b0\u1ee3ng)<\/p>\n<figure id=\"attachment_573\" aria-describedby=\"caption-attachment-573\" style=\"width: 800px\" class=\"wp-caption alignnone\"><img fetchpriority=\"high\" decoding=\"async\" class=\"size-full wp-image-573\" src=\"https:\/\/www.ywjunchi.com\/wp-content\/uploads\/2026\/03\/001-1.jpg\" alt=\"M\u00e0ng hologram h\u00ecnh th\u00fa c\u01b0ng cho \u0111\u00e8n c\u1ed9t\" width=\"800\" height=\"800\" srcset=\"https:\/\/www.ywjunchi.com\/wp-content\/uploads\/2026\/03\/001-1.jpg 800w, https:\/\/www.ywjunchi.com\/wp-content\/uploads\/2026\/03\/001-1-300x300.jpg 300w, https:\/\/www.ywjunchi.com\/wp-content\/uploads\/2026\/03\/001-1-100x100.jpg 100w, https:\/\/www.ywjunchi.com\/wp-content\/uploads\/2026\/03\/001-1-600x600.jpg 600w, https:\/\/www.ywjunchi.com\/wp-content\/uploads\/2026\/03\/001-1-150x150.jpg 150w, https:\/\/www.ywjunchi.com\/wp-content\/uploads\/2026\/03\/001-1-768x768.jpg 768w\" sizes=\"(max-width: 800px) 100vw, 800px\" \/><figcaption id=\"caption-attachment-573\" class=\"wp-caption-text\">M\u00e0ng hologram h\u00ecnh th\u00fa c\u01b0ng cho \u0111\u00e8n c\u1ed9t<\/figcaption><\/figure>\n<h3>C\u00e1c hi\u1ec7u \u1ee9ng ch\u00ednh: C\u00e1c t\u00f9y ch\u1ecdn \u00e9p m\u00e0ng v\u00e0 in chuy\u1ec3n<\/h3>\n<p><strong>Kinh nghi\u1ec7m s\u1ea3n xu\u1ea5t:<\/strong><\/p>\n<p>H\u01a1n 20 n\u0103m kinh nghi\u1ec7m trong l\u0129nh v\u1ef1c s\u1ea3n xu\u1ea5t chuy\u00ean ng\u00e0nh<\/p>\n<p><strong>\u0110i\u1ec1u g\u00ec khi\u1ebfn phim ch\u00f9m s\u00e1ng d\u1ecdc Z25 tr\u1edf n\u00ean \u0111\u1eb7c bi\u1ec7t?<\/strong><\/p>\n<p><strong>L\u1ee3i th\u1ebf \u0111\u1ed9c \u0111\u00e1o v\u1ec1 m\u1eb7t h\u00ecnh \u1ea3nh v\u00e0 s\u1ea3n xu\u1ea5t<\/strong><\/p>\n<p>\u0110\u01b0\u1ee3c ch\u1ebf t\u1ea1o b\u1eb1ng c\u00f4ng ngh\u1ec7 ph\u1ee7 ch\u00ednh x\u00e1c k\u1ebft h\u1ee3p v\u1edbi c\u00f4ng ngh\u1ec7 d\u1eadp n\u1ed5i ba chi\u1ec1u, d\u00f2ng s\u1ea3n ph\u1ea9m Z25 s\u1edf h\u1eefu c\u00e1c m\u1eabu ch\u00f9m s\u00e1ng d\u1ecdc v\u1edbi kho\u1ea3ng c\u00e1ch \u0111\u1ec1u \u0111\u1eb7n 5cm, t\u1ea1o ra hi\u1ec7u \u1ee9ng \u201cc\u1ed9t s\u00e1ng\u201d ba chi\u1ec1u \u1ea5n t\u01b0\u1ee3ng, n\u1ed5i b\u1eadt tr\u00ean m\u1ecdi bao b\u00ec.T\u1eadn d\u1ee5ng nguy\u00ean l\u00fd khu\u1ebfch \u0111\u1ea1i \u00e1nh s\u00e1ng ph\u00e1t x\u1ea1 k\u00edch th\u00edch, c\u00e1c ch\u00f9m s\u00e1ng d\u1ecdc d\u1eadp n\u1ed5i mang l\u1ea1i \u0111\u1ed9 s\u00e1ng s\u1eafc n\u00e9t v\u00e0 \u0111\u1ed3ng \u0111\u1ec1u, v\u1edbi kho\u1ea3ng c\u00e1ch 5cm \u0111\u01b0\u1ee3c t\u1ed1i \u01b0u h\u00f3a \u0111\u1ec3 t\u0103ng c\u01b0\u1eddng \u0111\u1ed9 s\u00e2u th\u1ecb gi\u00e1c v\u00e0 nh\u1eadn di\u1ec7n th\u01b0\u01a1ng hi\u1ec7u (m\u1ed9t \u0111i\u1ec3m kh\u00e1c bi\u1ec7t quan tr\u1ecdng so v\u1edbi phim laser c\u1ea7u v\u1ed3ng ho\u1eb7c phim laser tr\u01a1n).<\/p>\n<p><strong>C\u00e1c t\u00ednh n\u0103ng \u0111\u1ed9c \u0111\u00e1o (\u0110\u01b0\u1ee3c thi\u1ebft k\u1ebf ri\u00eang cho Z25)<\/strong><\/p>\n<p>Ch\u1ed1ng h\u00e0ng gi\u1ea3 k\u00e9p: C\u00e1c m\u1eabu ch\u00f9m s\u00e1ng d\u1ecdc \u0111\u1ed9c \u0111\u00e1o k\u1ebft h\u1ee3p v\u1edbi kh\u1ea3 n\u0103ng kh\u1eafc ch\u1eef b\u1eb1ng tia laser r\u1ed7ng (th\u00f4ng qua l\u1edbp PET) t\u1ea1o th\u00e0nh m\u1ed9t \u201ch\u00e0ng r\u00e0o k\u00e9p\u201d ch\u1ed1ng h\u00e0ng gi\u1ea3, ph\u00f9 h\u1ee3p v\u1edbi xu h\u01b0\u1edbng ch\u1ed1ng gian l\u1eadn trong ng\u00e0nh \u0111\u00f3ng g\u00f3i hi\u1ec7n \u0111\u1ea1i.<\/p>\n<p>Th\u00e2n thi\u1ec7n v\u1edbi m\u00f4i tr\u01b0\u1eddng v\u00e0 b\u1ec1n b\u1ec9: S\u1ea3n ph\u1ea9m th\u00e2n thi\u1ec7n v\u1edbi m\u00f4i tr\u01b0\u1eddng, kh\u00f4ng \u0111\u1ed9c h\u1ea1i v\u00e0 c\u00f3 kh\u1ea3 n\u0103ng ch\u1ed1ng m\u00e0i m\u00f2n m\u1ef1c, h\u01a1i n\u01b0\u1edbc v\u00e0 kh\u00ed carbon dioxide r\u1ea5t t\u1ed1t \u2013 ph\u00f9 h\u1ee3p \u0111\u1ec3 s\u1eed d\u1ee5ng trong c\u00e1c s\u1ea3n ph\u1ea9m an to\u00e0n th\u1ef1c ph\u1ea9m v\u00e0 cao c\u1ea5p.<\/p>\n<p>Hi\u1ec7u su\u1ea5t cao: \u0110\u1ed9 b\u00f3ng v\u01b0\u1ee3t tr\u1ed9i, t\u00ednh n\u0103ng ch\u1ed1ng t\u0129nh \u0111i\u1ec7n v\u00e0 ch\u1ed1ng b\u00e1m d\u00ednh \u0111\u1ea3m b\u1ea3o s\u1ef1 t\u00edch h\u1ee3p ho\u00e0n h\u1ea3o v\u1edbi c\u00e1c d\u00e2y chuy\u1ec1n \u0111\u00f3ng g\u00f3i t\u1ed1c \u0111\u1ed9 cao; duy tr\u00ec \u0111\u1ed9 \u1ed5n \u0111\u1ecbnh \u1edf nhi\u1ec7t \u0111\u1ed9 cao v\u00e0 \u0111\u1ed9 b\u1ec1n m\u00e0u tuy\u1ec7t h\u1ea3o.<\/p>\n<p>T\u00e1c \u0111\u1ed9ng th\u1ecb gi\u00e1c: C\u00e1c ch\u00f9m \u00e1nh s\u00e1ng d\u1ecdc t\u1ea1o c\u1ea3m gi\u00e1c v\u1ec1 chi\u1ec1u cao v\u00e0 s\u1ef1 sang tr\u1ecdng, gi\u00fap s\u1ea3n ph\u1ea9m n\u1ed5i b\u1eadt ngay l\u1eadp t\u1ee9c tr\u00ean k\u1ec7 h\u00e0ng \u2013 l\u00fd t\u01b0\u1edfng \u0111\u1ec3 n\u00e2ng t\u1ea7m th\u01b0\u01a1ng hi\u1ec7u.<\/p>\n<p><strong>C\u1ea5u tr\u00fac l\u1edbp (t\u1eeb d\u01b0\u1edbi l\u00ean tr\u00ean)<\/strong><\/p>\n<p>L\u1edbp ph\u1ee7 m\u1edd \u2192 L\u1edbp ph\u1ea3n x\u1ea1 ph\u1eb3ng \u2192 L\u1edbp truy\u1ec1n s\u00e1ng PET \u2192 L\u1edbp ph\u1ea3n x\u1ea1 khu\u1ebfch t\u00e1n \u2192 (L\u1eb7p l\u1ea1i \u0111\u1ec3 t\u0103ng c\u01b0\u1eddng hi\u1ec7u \u1ee9ng ch\u00f9m s\u00e1ng)<\/p>\n<p>C\u1ea5u tr\u00fac n\u00e0y gi\u00fap t\u0103ng c\u01b0\u1eddng \u0111\u1ed9 s\u00e1ng c\u1ee7a ch\u00f9m \u00e1nh s\u00e1ng d\u1ecdc, \u0111\u1ea3m b\u1ea3o c\u00e1c c\u1ed9t \u00e1nh s\u00e1ng c\u00e1ch nhau 5 cm v\u1eabn r\u00f5 n\u00e9t v\u00e0 s\u1ed1ng \u0111\u1ed9ng t\u1eeb m\u1ecdi g\u00f3c nh\u00ecn, ngay c\u1ea3 trong \u0111i\u1ec1u ki\u1ec7n \u00e1nh s\u00e1ng y\u1ebfu.<\/p>\n<p><strong>M\u00e0ng chi\u1ebfu s\u00e1ng d\u1ecdc Z25 l\u00e0 l\u1ef1a ch\u1ecdn l\u00fd t\u01b0\u1edfng cho:<\/strong><\/p>\n<p>Bao b\u00ec cao c\u1ea5p d\u00e0nh cho ng\u01b0\u1eddi ti\u00eau d\u00f9ng: H\u1ed9p \u0111\u1ef1ng m\u1ef9 ph\u1ea9m, bao b\u00ec thu\u1ed1c l\u00e1 cao c\u1ea5p, nh\u00e3n m\u00e1c th\u1ef1c ph\u1ea9m v\u00e0 \u0111\u1ed3 u\u1ed1ng cao c\u1ea5p, h\u1ed9p \u0111\u1ef1ng s\u1ea3n ph\u1ea9m ch\u0103m s\u00f3c da.<\/p>\n<p>Bao b\u00ec mang th\u01b0\u01a1ng hi\u1ec7u: H\u1ed9p qu\u00e0 t\u1eb7ng doanh nghi\u1ec7p, bao b\u00ec s\u1ea3n ph\u1ea9m phi\u00ean b\u1ea3n gi\u1edbi h\u1ea1n, t\u00fai x\u00e1ch cao c\u1ea5p (\u0111\u01b0\u1ee3c d\u00e1n l\u00ean gi\u1ea5y\/b\u00eca c\u1ee9ng).<\/p>\n<p>Bao b\u00ec m\u1ec1m: Cu\u1ed9n nguy\u00ean li\u1ec7u d\u00e0nh cho m\u00e1y \u0111\u00f3ng g\u00f3i d\u1ea1ng t\u1ea1o h\u00ecnh - chi\u1ebft r\u00f3t - h\u00e0n k\u00edn (FFS), t\u00fai \u0111\u00f3ng s\u1eb5n c\u00f3 th\u1ec3 h\u00e0n k\u00edn c\u1ea7n c\u00f3 thi\u1ebft k\u1ebf b\u1eaft m\u1eaft.<\/p>\n<p>T\u1eadp trung v\u00e0o ch\u1ed1ng h\u00e0ng gi\u1ea3: C\u00e1c s\u1ea3n ph\u1ea9m d\u1ec5 b\u1ecb l\u00e0m gi\u1ea3 (v\u00ed d\u1ee5: d\u01b0\u1ee3c ph\u1ea9m, ph\u1ee5 ki\u1ec7n \u0111i\u1ec7n t\u1eed) \u2013 m\u1eabu ch\u00f9m tia d\u1ecdc \u0111\u1ed9c \u0111\u00e1o n\u00e0y r\u1ea5t kh\u00f3 sao ch\u00e9p n\u1ebfu kh\u00f4ng c\u00f3 thi\u1ebft b\u1ecb chuy\u00ean d\u1ee5ng.<\/p>\n<figure id=\"attachment_576\" aria-describedby=\"caption-attachment-576\" style=\"width: 800px\" class=\"wp-caption alignnone\"><img decoding=\"async\" class=\"size-full wp-image-576\" src=\"https:\/\/www.ywjunchi.com\/wp-content\/uploads\/2026\/03\/001-2.jpg\" alt=\"M\u00e0ng hologram kh\u00f4ng \u0111\u01b0\u1eddng n\u1ed1i z25 d\u00e0nh cho th\u00fa c\u01b0ng\" width=\"800\" height=\"800\" srcset=\"https:\/\/www.ywjunchi.com\/wp-content\/uploads\/2026\/03\/001-2.jpg 800w, https:\/\/www.ywjunchi.com\/wp-content\/uploads\/2026\/03\/001-2-300x300.jpg 300w, https:\/\/www.ywjunchi.com\/wp-content\/uploads\/2026\/03\/001-2-100x100.jpg 100w, https:\/\/www.ywjunchi.com\/wp-content\/uploads\/2026\/03\/001-2-600x600.jpg 600w, https:\/\/www.ywjunchi.com\/wp-content\/uploads\/2026\/03\/001-2-150x150.jpg 150w, https:\/\/www.ywjunchi.com\/wp-content\/uploads\/2026\/03\/001-2-768x768.jpg 768w\" sizes=\"(max-width: 800px) 100vw, 800px\" \/><figcaption id=\"caption-attachment-576\" class=\"wp-caption-text\">M\u00e0ng hologram kh\u00f4ng \u0111\u01b0\u1eddng n\u1ed1i z25 d\u00e0nh cho th\u00fa c\u01b0ng<\/figcaption><\/figure>\n<p><strong>T\u1ea1i sao n\u00ean ch\u1ecdn YWJUNCHI Z25?<\/strong><\/p>\n<p>1. Thi\u1ebft k\u1ebf \u0111\u1ed9c quy\u1ec1n v\u1edbi m\u1eabu ch\u00f9m s\u00e1ng d\u1ecdc c\u00e1ch nhau 5 cm mang l\u1ea1i hi\u1ec7u \u1ee9ng ph\u00e2n c\u1ea5p th\u1ecb gi\u00e1c v\u01b0\u1ee3t tr\u1ed9i \u2013 gi\u00fap s\u1ea3n ph\u1ea9m c\u1ee7a b\u1ea1n n\u1ed5i b\u1eadt so v\u1edbi c\u00e1c lo\u1ea1i phim ba chi\u1ec1u c\u1ea7u v\u1ed3ng th\u00f4ng th\u01b0\u1eddng.<\/p>\n<p>2. \u0110\u1ed9 ch\u00ednh x\u00e1c k\u1ef9 thu\u1eadt: Chi\u1ec1u r\u1ed9ng t\u1ed1i \u0111a 890 mm \u0111\u00e1p \u1ee9ng \u0111a d\u1ea1ng nhu c\u1ea7u s\u1ea3n xu\u1ea5t, v\u1edbi kho\u1ea3ng c\u00e1ch \u0111\u1ec1u \u0111\u1eb7n gi\u1eefa c\u00e1c c\u1ed9t \u0111\u00e8n \u0111\u01b0\u1ee3c \u0111\u1ea3m b\u1ea3o nh\u1edd h\u01a1n 20 n\u0103m kinh nghi\u1ec7m s\u1ea3n xu\u1ea5t.<\/p>\n<p>3. V\u1ecb th\u1ebf d\u1eabn \u0111\u1ea7u ng\u00e0nh: Nh\u00e0 s\u1ea3n xu\u1ea5t h\u00e0ng \u0111\u1ea7u Trung Qu\u1ed1c \u0111\u01b0\u1ee3c tin c\u1eady tr\u00ean to\u00e0n c\u1ea7u, v\u1edbi c\u00e1c \u0111\u1ed9i ng\u0169 nghi\u00ean c\u1ee9u v\u00e0 ph\u00e1t tri\u1ec3n chuy\u00ean bi\u1ec7t chuy\u00ean v\u1ec1 c\u00e1c hi\u1ec7u \u1ee9ng ba chi\u1ec1u t\u00f9y ch\u1ec9nh.<\/p>\n<p>4. H\u1ed7 tr\u1ee3 t\u00f9y ch\u1ec9nh: C\u00f3 th\u1ec3 \u0111i\u1ec1u ch\u1ec9nh linh ho\u1ea1t \u0111\u1ed9 d\u00e0y, m\u00e0u s\u1eafc v\u00e0 kho\u1ea3ng c\u00e1ch gi\u1eefa c\u00e1c thanh (theo y\u00eau c\u1ea7u) \u2013 h\u1ed7 tr\u1ee3 c\u00e1c d\u1ef1 \u00e1n OEM\/ODM.<\/p>\n<p>5. \u0110\u1ea3m b\u1ea3o ch\u1ea5t l\u01b0\u1ee3ng: Vi\u1ec7c gi\u00e1m s\u00e1t ch\u1eb7t ch\u1ebd trong qu\u00e1 tr\u00ecnh s\u1ea3n xu\u1ea5t \u0111\u1ea3m b\u1ea3o \u0111\u1ed9 trong su\u1ed1t, \u0111\u1ed9 b\u1ec1n v\u00e0 kh\u1ea3 n\u0103ng t\u01b0\u01a1ng th\u00edch v\u1edbi m\u00e1y m\u00f3c lu\u00f4n \u1ed5n \u0111\u1ecbnh; \u0111\u00e1p \u1ee9ng c\u00e1c ti\u00eau chu\u1ea9n ch\u1ea5t l\u01b0\u1ee3ng qu\u1ed1c t\u1ebf.<\/p>\n<p>6. Th\u00e2n thi\u1ec7n v\u1edbi m\u00f4i tr\u01b0\u1eddng: S\u1eed d\u1ee5ng v\u1eadt li\u1ec7u b\u1ec1n v\u1eefng, \u0111\u00e1p \u1ee9ng c\u00e1c ti\u00eau chu\u1ea9n to\u00e0n c\u1ea7u v\u1ec1 bao b\u00ec xanh, kh\u00f4ng ph\u00e1t th\u1ea3i ch\u1ea5t \u0111\u1ed9c h\u1ea1i trong qu\u00e1 tr\u00ecnh s\u1ea3n xu\u1ea5t.<\/p>\n<p>7. Hi\u1ec7u qu\u1ea3 v\u1ec1 chi ph\u00ed: Hi\u1ec7u \u1ee9ng ch\u00f9m s\u00e1ng d\u1ecdc cao c\u1ea5p v\u1edbi m\u1ee9c gi\u00e1 c\u1ea1nh tranh, kh\u00f4ng \u1ea3nh h\u01b0\u1edfng \u0111\u1ebfn hi\u1ec7u su\u1ea5t hay \u0111\u1ed9 b\u1ec1n.<\/p>\n<figure id=\"attachment_575\" aria-describedby=\"caption-attachment-575\" style=\"width: 800px\" class=\"wp-caption alignnone\"><img decoding=\"async\" class=\"size-full wp-image-575\" src=\"https:\/\/www.ywjunchi.com\/wp-content\/uploads\/2026\/03\/001-4.jpg\" alt=\"M\u00e0ng phim h\u00ecnh ba chi\u1ec1u cho \u0111\u00e8n c\u1ed9t Z25\" width=\"800\" height=\"800\" srcset=\"https:\/\/www.ywjunchi.com\/wp-content\/uploads\/2026\/03\/001-4.jpg 800w, https:\/\/www.ywjunchi.com\/wp-content\/uploads\/2026\/03\/001-4-300x300.jpg 300w, https:\/\/www.ywjunchi.com\/wp-content\/uploads\/2026\/03\/001-4-100x100.jpg 100w, https:\/\/www.ywjunchi.com\/wp-content\/uploads\/2026\/03\/001-4-600x600.jpg 600w, https:\/\/www.ywjunchi.com\/wp-content\/uploads\/2026\/03\/001-4-150x150.jpg 150w, https:\/\/www.ywjunchi.com\/wp-content\/uploads\/2026\/03\/001-4-768x768.jpg 768w\" sizes=\"(max-width: 800px) 100vw, 800px\" \/><figcaption id=\"caption-attachment-575\" class=\"wp-caption-text\">M\u00e0ng phim h\u00ecnh ba chi\u1ec1u cho \u0111\u00e8n c\u1ed9t Z25<\/figcaption><\/figure>\n<p><strong>C\u00e2u h\u1ecfi th\u01b0\u1eddng g\u1eb7p?<\/strong><\/p>\n<p>C\u00f3 th\u1ec3 \u00e9p m\u00e0ng \u0111\u01b0\u1ee3c kh\u00f4ng? C\u00f3 \u2013 s\u1ea3n ph\u1ea9m \u0111\u01b0\u1ee3c t\u1ed1i \u01b0u h\u00f3a \u0111\u1ec3 \u00e9p m\u00e0ng tr\u00ean gi\u1ea5y v\u00e0 b\u00eca c\u1ee9ng, gi\u00fap duy tr\u00ec hi\u1ec7u \u1ee9ng d\u1ea3i d\u1ecdc sau khi \u00e9p m\u00e0ng.<\/p>\n<p>C\u00f3 t\u01b0\u01a1ng th\u00edch v\u1edbi in UV kh\u00f4ng? B\u1ec1 m\u1eb7t c\u1ef1c k\u1ef3 nh\u1eb5n m\u1ecbn, cho ph\u00e9p in UV m\u00e0 kh\u00f4ng l\u00e0m bi\u1ebfn d\u1ea1ng m\u1eabu ch\u00f9m s\u00e1ng.<\/p>\n<p>L\u1edbp ng\u0103n \u1ea9m? C\u00f3 \u2013 ng\u0103n ch\u1eb7n hi\u1ec7u qu\u1ea3 h\u01a1i n\u01b0\u1edbc, gi\u00fap k\u00e9o d\u00e0i th\u1eddi h\u1ea1n s\u1eed d\u1ee5ng c\u1ee7a s\u1ea3n ph\u1ea9m.<\/p>\n<p>S\u1ef1 kh\u00e1c bi\u1ec7t gi\u1eefa Z25, Z37 v\u00e0 Z06 l\u00e0 g\u00ec?<\/p>\n<p>Z25: Ch\u00f9m s\u00e1ng d\u1ecdc (kho\u1ea3ng c\u00e1ch 5 cm), chi\u1ec1u r\u1ed9ng 890 mm \u2013 ti\u00eau \u0111i\u1ec3m th\u1ecb gi\u00e1c.<\/p>\n<p>Z37: Thi\u1ebft k\u1ebf m\u00e0u b\u1ea1c-c\u1ea7u v\u1ed3ng, chi\u1ec1u r\u1ed9ng 830 mm \u2013 phong c\u00e1ch sang tr\u1ecdng.<\/p>\n<p>Z06:K Thi\u1ebft k\u1ebf Laser D38, chi\u1ec1u r\u1ed9ng 930 mm \u2013 hi\u1ec7u su\u1ea5t \u0111a n\u0103ng.<\/p>\n<figure id=\"attachment_574\" aria-describedby=\"caption-attachment-574\" style=\"width: 800px\" class=\"wp-caption alignnone\"><img loading=\"lazy\" decoding=\"async\" class=\"size-full wp-image-574\" src=\"https:\/\/www.ywjunchi.com\/wp-content\/uploads\/2026\/03\/001-3.jpg\" alt=\"M\u00e0ng hologram Lightbeen\" width=\"800\" height=\"800\" srcset=\"https:\/\/www.ywjunchi.com\/wp-content\/uploads\/2026\/03\/001-3.jpg 800w, https:\/\/www.ywjunchi.com\/wp-content\/uploads\/2026\/03\/001-3-300x300.jpg 300w, https:\/\/www.ywjunchi.com\/wp-content\/uploads\/2026\/03\/001-3-100x100.jpg 100w, https:\/\/www.ywjunchi.com\/wp-content\/uploads\/2026\/03\/001-3-600x600.jpg 600w, https:\/\/www.ywjunchi.com\/wp-content\/uploads\/2026\/03\/001-3-150x150.jpg 150w, https:\/\/www.ywjunchi.com\/wp-content\/uploads\/2026\/03\/001-3-768x768.jpg 768w\" sizes=\"(max-width: 800px) 100vw, 800px\" \/><figcaption id=\"caption-attachment-574\" class=\"wp-caption-text\">M\u00e0ng hologram Lightbeen<\/figcaption><\/figure>\n<p>C\u00f3 d\u1ec5 d\u00e0ng x\u00e1c minh m\u1eabu ch\u00f9m tia d\u1ecdc kh\u00f4ng? C\u00f3 \u2013 kho\u1ea3ng c\u00e1ch 5 cm r\u00f5 r\u1ec7t c\u00f3 th\u1ec3 nh\u00ecn th\u1ea5y b\u1eb1ng m\u1eaft th\u01b0\u1eddng, gi\u00fap ki\u1ec3m tra t\u00ednh x\u00e1c th\u1ef1c nhanh ch\u00f3ng (b\u1ed5 sung cho c\u00e1c ph\u01b0\u01a1ng ph\u00e1p x\u00e1c minh k\u1ef9 thu\u1eadt s\u1ed1).<\/p>\n<p>N\u00e2ng t\u1ea7m bao b\u00ec s\u1ea3n ph\u1ea9m c\u1ee7a b\u1ea1n v\u1edbi hi\u1ec7u \u1ee9ng ch\u00f9m s\u00e1ng d\u1ecdc \u1ea5n t\u01b0\u1ee3ng t\u1eeb m\u00e0ng PET ba chi\u1ec1u li\u1ec1n m\u1ea1ch Z25. YWJUNCHI cung c\u1ea5p c\u00e1c gi\u1ea3i ph\u00e1p ch\u1ed1ng h\u00e0ng gi\u1ea3 ch\u1ea5t l\u01b0\u1ee3ng cao, \u0111\u01b0\u1ee3c thi\u1ebft k\u1ebf ri\u00eang \u0111\u1ec3 \u0111\u00e1p \u1ee9ng nhu c\u1ea7u c\u1ee7a th\u01b0\u01a1ng hi\u1ec7u b\u1ea1n.<\/p>\n<p>H\u00e3y h\u1ee3p t\u00e1c c\u00f9ng YWJUNCHI \u2013 bi\u1ebfn bao b\u00ec c\u1ee7a b\u1ea1n th\u00e0nh m\u1ed9t t\u00e0i s\u1ea3n th\u01b0\u01a1ng hi\u1ec7u nh\u1edd hi\u1ec7u \u1ee9ng \u00e1nh s\u00e1ng d\u1ecdc \u0111\u1ed9c \u0111\u00e1o c\u1ee7a Z25!<\/p>","protected":false},"excerpt":{"rendered":"<h5>M\u00e0ng PET ba chi\u1ec1u kh\u00f4ng \u0111\u01b0\u1eddng n\u1ed1i Z25 v\u1edbi ch\u00f9m s\u00e1ng d\u1ecdc, c\u1ed9t s\u00e1ng 5 cm, chi\u1ec1u r\u1ed9ng t\u1ed1i \u0111a 890 mm.<\/h5>","protected":false},"featured_media":573,"comment_status":"open","ping_status":"closed","template":"","meta":[],"product_brand":[],"product_cat":[17],"product_tag":[45],"class_list":{"0":"post-306","1":"product","2":"type-product","3":"status-publish","4":"has-post-thumbnail","6":"product_cat-holographic-film","7":"product_tag-pillar-light-pet-holographic-film","9":"first","10":"instock","11":"shipping-taxable","12":"product-type-simple"},"_links":{"self":[{"href":"https:\/\/www.ywjunchi.com\/vi\/wp-json\/wp\/v2\/product\/306","targetHints":{"allow":["GET"]}}],"collection":[{"href":"https:\/\/www.ywjunchi.com\/vi\/wp-json\/wp\/v2\/product"}],"about":[{"href":"https:\/\/www.ywjunchi.com\/vi\/wp-json\/wp\/v2\/types\/product"}],"replies":[{"embeddable":true,"href":"https:\/\/www.ywjunchi.com\/vi\/wp-json\/wp\/v2\/comments?post=306"}],"wp:featuredmedia":[{"embeddable":true,"href":"https:\/\/www.ywjunchi.com\/vi\/wp-json\/wp\/v2\/media\/573"}],"wp:attachment":[{"href":"https:\/\/www.ywjunchi.com\/vi\/wp-json\/wp\/v2\/media?parent=306"}],"wp:term":[{"taxonomy":"product_brand","embeddable":true,"href":"https:\/\/www.ywjunchi.com\/vi\/wp-json\/wp\/v2\/product_brand?post=306"},{"taxonomy":"product_cat","embeddable":true,"href":"https:\/\/www.ywjunchi.com\/vi\/wp-json\/wp\/v2\/product_cat?post=306"},{"taxonomy":"product_tag","embeddable":true,"href":"https:\/\/www.ywjunchi.com\/vi\/wp-json\/wp\/v2\/product_tag?post=306"}],"curies":[{"name":"wp","href":"https:\/\/api.w.org\/{rel}","templated":true}]}}