{"id":303,"date":"2026-03-17T08:39:55","date_gmt":"2026-03-17T08:39:55","guid":{"rendered":"https:\/\/www.ywjunchi.com\/?post_type=product&#038;p=303"},"modified":"2026-04-29T01:43:14","modified_gmt":"2026-04-29T01:43:14","slug":"mang-hologram-cot-anh-sang-z28","status":"publish","type":"product","link":"https:\/\/www.ywjunchi.com\/vi\/product\/z28-pillar-of-light-holographic-film\/","title":{"rendered":"M\u00e0ng hologram c\u1ed9t \u00e1nh s\u00e1ng Z28"},"content":{"rendered":"<h3>M\u00e0ng PET ba chi\u1ec1u kh\u00f4ng \u0111\u01b0\u1eddng n\u1ed1i Z28 v\u1edbi ch\u00f9m s\u00e1ng ngang<\/h3>\n<p><strong><b>S\u1ea3n xu\u1ea5t<\/b><\/strong>: V\u1eadt li\u1ec7u \u0111\u00f3ng g\u00f3i YIWU JUNCHI<\/p>\n<p><strong><b>Th\u00f4ng s\u1ed1 k\u1ef9 thu\u1eadt ch\u00ednh<\/b><\/strong>: D\u00f2ng Z28 (Thi\u1ebft k\u1ebf ch\u00f9m s\u00e1ng ngang 5 cm)<\/p>\n<p><strong><b>C\u00e1c th\u00f4ng s\u1ed1 ch\u00ednh<\/b><\/strong>:<\/p>\n<p>1. Chi\u1ec1u r\u1ed9ng t\u1ed1i \u0111a c\u1ee7a m\u00e1y: 820 mm (\u0111\u01b0\u1ee3c t\u1ed1i \u01b0u h\u00f3a cho c\u00e1c k\u00edch th\u01b0\u1edbc t\u1edd in v\u00e0 c\u00e1n m\u00e0ng ti\u00eau chu\u1ea9n)<\/p>\n<p>2. \u1ee8ng d\u1ee5ng ch\u00ednh: Laminate gi\u1ea5y (gi\u1ea5y m\u1ef9 thu\u1eadt\/gi\u1ea5y b\u00eca c\u1ee9ng\/gi\u1ea5y kraft), In UV (in k\u1ef9 thu\u1eadt s\u1ed1\/in offset UV)<\/p>\n<p><strong><b>C\u00e1c t\u00e1c \u0111\u1ed9ng ch\u00ednh<\/b><\/strong>:C\u00e1c t\u00f9y ch\u1ecdn \u00e9p m\u00e0ng v\u00e0 chuy\u1ec3n h\u00ecnh<\/p>\n<p><strong><b>Kinh nghi\u1ec7m s\u1ea3n xu\u1ea5t<\/b><\/strong>: H\u01a1n 20 n\u0103m chuy\u00ean s\u1ea3n xu\u1ea5t m\u00e0ng phim ba chi\u1ec1u<\/p>\n<figure id=\"attachment_590\" aria-describedby=\"caption-attachment-590\" style=\"width: 800px\" class=\"wp-caption alignnone\"><img fetchpriority=\"high\" decoding=\"async\" class=\"size-full wp-image-590\" src=\"https:\/\/www.ywjunchi.com\/wp-content\/uploads\/2026\/03\/008-1.jpg\" alt=\"M\u00e0ng hologram PET kh\u00f4ng \u0111\u01b0\u1eddng may ngang Z28\" width=\"800\" height=\"800\" srcset=\"https:\/\/www.ywjunchi.com\/wp-content\/uploads\/2026\/03\/008-1.jpg 800w, https:\/\/www.ywjunchi.com\/wp-content\/uploads\/2026\/03\/008-1-300x300.jpg 300w, https:\/\/www.ywjunchi.com\/wp-content\/uploads\/2026\/03\/008-1-100x100.jpg 100w, https:\/\/www.ywjunchi.com\/wp-content\/uploads\/2026\/03\/008-1-600x600.jpg 600w, https:\/\/www.ywjunchi.com\/wp-content\/uploads\/2026\/03\/008-1-150x150.jpg 150w, https:\/\/www.ywjunchi.com\/wp-content\/uploads\/2026\/03\/008-1-768x768.jpg 768w\" sizes=\"(max-width: 800px) 100vw, 800px\" \/><figcaption id=\"caption-attachment-590\" class=\"wp-caption-text\">M\u00e0ng hologram PET kh\u00f4ng \u0111\u01b0\u1eddng may ngang Z28<\/figcaption><\/figure>\n<h3>T\u1ea1i sao Z28 l\u1ea1i n\u1ed5i b\u1eadt trong l\u0129nh v\u1ef1c in UV v\u00e0 \u00e9p m\u00e0ng gi\u1ea5y?<\/h3>\n<h4>Ch\u00f9m s\u00e1ng ngang \u0111\u1ed9c quy\u1ec1n &amp; K\u1ef9 thu\u1eadt ch\u1ebf t\u00e1c tinh x\u1ea3o<\/h4>\n<p>\u0110\u01b0\u1ee3c ch\u1ebf t\u1ea1o b\u1eb1ng c\u00f4ng ngh\u1ec7 ph\u1ee7 ti\u00ean ti\u1ebfn k\u1ebft h\u1ee3p v\u1edbi c\u00f4ng ngh\u1ec7 d\u1eadp n\u1ed5i ba chi\u1ec1u \u00e1p su\u1ea5t cao, Z28 s\u1edf h\u1eefu c\u00e1c m\u1eabu ch\u00f9m s\u00e1ng ngang \u0111\u1ed3ng \u0111\u1ec1u, t\u1ea1o ra hi\u1ec7u \u1ee9ng th\u1ecb gi\u00e1c sang tr\u1ecdng v\u00e0 r\u1ed9ng m\u1edf, gi\u00fap t\u00f4n l\u00ean c\u00e1c thi\u1ebft k\u1ebf in m\u00e0 kh\u00f4ng l\u00e0m lu m\u1edd ch\u00fang. C\u1ea5u tr\u00fac li\u1ec1n m\u1ea1ch th\u1ef1c s\u1ef1 (kh\u00f4ng c\u00f3 \u0111\u01b0\u1eddng n\u1ed1i d\u1eadp n\u1ed5i) \u0111\u1ea3m b\u1ea3o \u0111\u1ed9 s\u00e1ng \u0111\u1ed3ng \u0111\u1ec1u tr\u00ean to\u00e0n b\u1ed9 chi\u1ec1u r\u1ed9ng 820 mm, t\u1eadn d\u1ee5ng nguy\u00ean l\u00fd khu\u1ebfch \u0111\u1ea1i \u00e1nh s\u00e1ng ph\u00e1t x\u1ea1 k\u00edch th\u00edch \u0111\u1ec3 mang l\u1ea1i \u0111\u1ed9 trong tr\u1ebbo v\u00e0 \u0111\u1ed9 b\u00f3ng cao cho ch\u00f9m s\u00e1ng.<\/p>\n<h4>Hi\u1ec7u su\u1ea5t \u0111\u01b0\u1ee3c t\u1ed1i \u01b0u h\u00f3a cho c\u00e1c t\u00e1c v\u1ee5 c\u1ed1t l\u00f5i<\/h4>\n<p><b><\/b><strong>Kh\u1ea3 n\u0103ng t\u01b0\u01a1ng th\u00edch v\u1edbi in UV:<\/strong><\/p>\n<p>B\u1ec1 m\u1eb7t PET m\u1ecbn, kh\u00f4ng x\u1ed1p t\u01b0\u01a1ng th\u00edch v\u1edbi m\u1ef1c in UV (k\u1ef9 thu\u1eadt s\u1ed1\/offset), kh\u00f4ng b\u1ecb lem, nh\u00f2e hay bi\u1ebfn d\u1ea1ng h\u00ecnh \u1ea3nh ba chi\u1ec1u. T\u01b0\u01a1ng th\u00edch v\u1edbi t\u1ea5t c\u1ea3 c\u00e1c d\u00f2ng m\u00e1y in UV ph\u1ed5 bi\u1ebfn (Epson, HP, Roland, Komori) v\u00e0 c\u00e1c lo\u1ea1i m\u1ef1c (m\u1ef1c g\u1ed1c b\u1ed9t m\u00e0u, m\u1ef1c g\u1ed1c thu\u1ed1c nhu\u1ed9m), mang l\u1ea1i c\u00e1c h\u1ecda ti\u1ebft in c\u00f3 \u0111\u1ed9 ph\u00e2n gi\u1ea3i cao, h\u00f2a quy\u1ec7n ho\u00e0n h\u1ea3o v\u1edbi c\u00e1c ch\u00f9m s\u00e1ng ngang.\u0110\u1ed9 c\u0103ng b\u1ec1 m\u1eb7t c\u1ee7a m\u00e0ng (\u226538 dynes\/cm) \u0111\u1ea3m b\u1ea3o \u0111\u1ed9 b\u00e1m d\u00ednh m\u1ef1c m\u1ea1nh m\u1ebd - kh\u00f4ng bong tr\u00f3c hay phai m\u00e0u ngay c\u1ea3 sau khi l\u01b0u tr\u1eef l\u00e2u d\u00e0i.<\/p>\n<p><b><\/b><strong>S\u1ef1 xu\u1ea5t s\u1eafc trong c\u00f4ng ngh\u1ec7 \u00e9p m\u00e0ng gi\u1ea5y:<\/strong><\/p>\n<p>\u0110\u1ed9 b\u00e1m d\u00ednh v\u01b0\u1ee3t tr\u1ed9i (\u0111\u1ed9 b\u00e1m d\u00ednh khi b\u00f3c t\u00e1ch \u2265 0,8 N\/15 mm) gi\u00fap s\u1ea3n ph\u1ea9m b\u00e1m d\u00ednh ch\u1eafc ch\u1eafn tr\u00ean gi\u1ea5y m\u1ef9 thu\u1eadt, gi\u1ea5y b\u00eca, gi\u1ea5y kraft v\u00e0 c\u00e1c lo\u1ea1i gi\u1ea5y chuy\u00ean d\u1ee5ng. Ch\u1ed1ng l\u1ea1i hi\u1ec7n t\u01b0\u1ee3ng t\u1ea1o b\u1ecdt kh\u00ed, nh\u0103n nheo ho\u1eb7c bong tr\u00f3c trong qu\u00e1 tr\u00ecnh \u00e9p nhi\u1ec7t \u1edf nhi\u1ec7t \u0111\u1ed9 cao (l\u00ean \u0111\u1ebfn 120\u00b0C).Sau khi \u00e9p m\u00e0ng, c\u00e1c tia s\u00e1ng ngang v\u1eabn gi\u1eef \u0111\u01b0\u1ee3c 98% \u0111\u1ed9 b\u00f3ng, n\u00e2ng cao ch\u1ea5t l\u01b0\u1ee3ng c\u1ea3m gi\u00e1c v\u00e0 th\u1ecb gi\u00e1c c\u1ee7a bao b\u00ec, t\u00e0i li\u1ec7u qu\u1ea3ng c\u00e1o v\u00e0 c\u00e1c v\u1eadt li\u1ec7u in \u1ea5n.<\/p>\n<p><b><\/b><strong><b>\u0110\u1ed9 b\u1ec1n &amp; T\u00ednh b\u1ec1n v\u1eefng<\/b><\/strong>:<\/p>\n<p>Th\u00e2n thi\u1ec7n v\u1edbi m\u00f4i tr\u01b0\u1eddng, kh\u00f4ng \u0111\u1ed9c h\u1ea1i (\u0111\u1ea1t ch\u1ee9ng nh\u1eadn ROHS) v\u00e0 c\u00f3 th\u1ec3 t\u00e1i ch\u1ebf; ch\u1ed1ng m\u00e0i m\u00f2n m\u1ef1c in, h\u01a1i n\u01b0\u1edbc v\u00e0 kh\u00ed carbon dioxide. C\u00e1c t\u00ednh n\u0103ng ch\u1ed1ng t\u0129nh \u0111i\u1ec7n v\u00e0 ch\u1ed1ng b\u00e1m d\u00ednh gi\u00fap ng\u0103n ng\u1eeba b\u1ee5i b\u00e1m t\u00edch t\u1ee5 trong qu\u00e1 tr\u00ecnh in \u1ea5n\/\u00e9p m\u00e0ng, t\u1eeb \u0111\u00f3 gi\u1ea3m 151% l\u01b0\u1ee3ng ph\u1ebf ph\u1ea9m s\u1ea3n xu\u1ea5t.<\/p>\n<h4>C\u1ea5u tr\u00fac l\u1edbp \u0111\u01b0\u1ee3c t\u1ed1i \u01b0u h\u00f3a<\/h4>\n<p>L\u1edbp ph\u1ee7 m\u1edd \u2192 L\u1edbp ph\u1eb3ng c\u00f3 \u0111\u1ed9 ph\u1ea3n x\u1ea1 cao \u2192 L\u1edbp truy\u1ec1n s\u00e1ng PET \u2192 L\u1edbp khu\u1ebfch t\u00e1n hoa v\u0103n vi m\u00f4 \u2192 L\u1edbp ph\u1ee7 t\u01b0\u01a1ng th\u00edch v\u1edbi m\u1ef1c UV<\/p>\n<p>L\u1edbp ph\u1ee7 t\u01b0\u01a1ng th\u00edch m\u1ef1c UV chuy\u00ean d\u1ee5ng gi\u00fap t\u0103ng c\u01b0\u1eddng \u0111\u1ed9 b\u00e1m d\u00ednh c\u1ee7a m\u1ef1c v\u00e0 kh\u1ea3 n\u0103ng ch\u1ed1ng tr\u1ea7y x\u01b0\u1edbc, trong khi hai l\u1edbp ph\u1ea3n x\u1ea1 gi\u00fap t\u0103ng c\u01b0\u1eddng \u0111\u1ed9 s\u00e1ng c\u1ee7a ch\u00f9m s\u00e1ng ngang, \u0111\u1ea3m b\u1ea3o c\u00e1c s\u1ea3n ph\u1ea9m in\/ph\u1ee7 m\u00e0ng n\u1ed5i b\u1eadt trong c\u00e1c m\u00f4i tr\u01b0\u1eddng b\u00e1n l\u1ebb v\u00e0 qu\u1ea3ng c\u00e1o.<\/p>\n<h3>C\u00e1c \u1ee9ng d\u1ee5ng chuy\u00ean bi\u1ec7t<\/h3>\n<p><b><\/b>C\u00e1c d\u1ef1 \u00e1n in UV: Nh\u00e3n s\u1ea3n ph\u1ea9m, \u00e1p ph\u00edch qu\u1ea3ng c\u00e1o, bao b\u00ec, t\u00e0i li\u1ec7u in \u1ea5n phi\u00ean b\u1ea3n gi\u1edbi h\u1ea1n, brochure th\u01b0\u01a1ng hi\u1ec7u v\u00e0 t\u1edd r\u01a1i ti\u1ebfp th\u1ecb.<\/p>\n<p><b><\/b>D\u00e1n m\u00e0ng gi\u1ea5y: H\u1ed9p \u0111\u1ef1ng cao c\u1ea5p (th\u1ef1c ph\u1ea9m, \u0111i\u1ec7n t\u1eed, qu\u00e0 t\u1eb7ng), t\u00fai gi\u1ea5y in logo, thi\u1ec7p m\u1eddi b\u1eb1ng gi\u1ea5y c\u1ee9ng, b\u00eca catalogue v\u00e0 b\u00eca s\u00e1ch cao c\u1ea5p.<\/p>\n<figure id=\"attachment_591\" aria-describedby=\"caption-attachment-591\" style=\"width: 800px\" class=\"wp-caption alignnone\"><img decoding=\"async\" class=\"size-full wp-image-591\" src=\"https:\/\/www.ywjunchi.com\/wp-content\/uploads\/2026\/03\/008-2.jpg\" alt=\"M\u00e0ng hologram PET kh\u00f4ng \u0111\u01b0\u1eddng may ngang Z28\" width=\"800\" height=\"800\" srcset=\"https:\/\/www.ywjunchi.com\/wp-content\/uploads\/2026\/03\/008-2.jpg 800w, https:\/\/www.ywjunchi.com\/wp-content\/uploads\/2026\/03\/008-2-300x300.jpg 300w, https:\/\/www.ywjunchi.com\/wp-content\/uploads\/2026\/03\/008-2-100x100.jpg 100w, https:\/\/www.ywjunchi.com\/wp-content\/uploads\/2026\/03\/008-2-600x600.jpg 600w, https:\/\/www.ywjunchi.com\/wp-content\/uploads\/2026\/03\/008-2-150x150.jpg 150w, https:\/\/www.ywjunchi.com\/wp-content\/uploads\/2026\/03\/008-2-768x768.jpg 768w\" sizes=\"(max-width: 800px) 100vw, 800px\" \/><figcaption id=\"caption-attachment-591\" class=\"wp-caption-text\">M\u00e0ng hologram PET kh\u00f4ng \u0111\u01b0\u1eddng may ngang Z28<\/figcaption><\/figure>\n<h3>T\u1ea1i sao n\u00ean ch\u1ecdn YWJUNCHI Z28?<\/h3>\n<p><b><\/b>1. Thi\u1ebft k\u1ebf t\u1eadp trung v\u00e0o \u1ee9ng d\u1ee5ng: M\u1ecdi t\u00ednh n\u0103ng \u0111\u1ec1u \u0111\u01b0\u1ee3c t\u1ed1i \u01b0u h\u00f3a cho in UV v\u00e0 ph\u1ee7 m\u00e0ng gi\u1ea5y, gi\u00fap gi\u1ea3i quy\u1ebft c\u00e1c v\u1ea5n \u0111\u1ec1 nan gi\u1ea3i trong ng\u00e0nh (t\u00ednh t\u01b0\u01a1ng th\u00edch c\u1ee7a m\u1ef1c in, \u0111\u1ed9 b\u00e1m d\u00ednh khi ph\u1ee7 m\u00e0ng, \u0111\u1ed9 \u0111\u1ed3ng nh\u1ea5t c\u1ee7a hoa v\u0103n).<\/p>\n<p><b><\/b>2. K\u00edch th\u01b0\u1edbc ch\u00ednh x\u00e1c: Chi\u1ec1u r\u1ed9ng cu\u1ed9n ch\u00ednh 820 mm ph\u00f9 h\u1ee3p v\u1edbi c\u00e1c thi\u1ebft b\u1ecb in\/\u00e9p m\u00e0ng ti\u00eau chu\u1ea9n, gi\u00fap gi\u1ea3m thi\u1ec3u l\u00e3ng ph\u00ed nguy\u00ean li\u1ec7u v\u00e0 chi ph\u00ed s\u1ea3n xu\u1ea5t.<\/p>\n<p><b><\/b>3. \u0110\u1ea3m b\u1ea3o ch\u1ea5t l\u01b0\u1ee3ng: Quy tr\u00ecnh s\u1ea3n xu\u1ea5t \u0111\u1ea1t ch\u1ee9ng nh\u1eadn ISO 9001; ki\u1ec3m tra nghi\u00eam ng\u1eb7t v\u1ec1 \u0111\u1ed9 \u0111\u1ed3ng \u0111\u1ec1u c\u1ee7a tia, \u0111\u1ed9 b\u00e1m d\u00ednh c\u1ee7a m\u1ef1c v\u00e0 hi\u1ec7u su\u1ea5t \u00e9p m\u00e0ng.<\/p>\n<p><b><\/b>4. T\u00ednh linh ho\u1ea1t trong t\u00f9y ch\u1ec9nh: M\u1eadt \u0111\u1ed9 tia c\u00f3 th\u1ec3 \u0111i\u1ec1u ch\u1ec9nh (1\u20133 tia\/cm), c\u00e1c t\u00f9y ch\u1ecdn \u0111\u1ed9 d\u00e0y (12\u03bcm\u201350\u03bcm) v\u00e0 m\u00e0u s\u1eafc (trong su\u1ed1t, b\u1ea1c, v\u00e0ng) \u0111\u1ec3 ph\u00f9 h\u1ee3p v\u1edbi nhu c\u1ea7u c\u1ee7a th\u01b0\u01a1ng hi\u1ec7u.<\/p>\n<p><b><\/b>5. H\u1ed7 tr\u1ee3 to\u00e0n c\u1ea7u: Cung c\u1ea5p m\u1eabu mi\u1ec5n ph\u00ed, t\u01b0 v\u1ea5n k\u1ef9 thu\u1eadt v\u1ec1 \u0111i\u1ec1u ch\u1ec9nh th\u00f4ng s\u1ed1 in \u1ea5n\/ph\u1ee7 m\u00e0ng, v\u00e0 \u01b0u \u0111\u00e3i gi\u1ea3m gi\u00e1 cho \u0111\u01a1n h\u00e0ng s\u1ed1 l\u01b0\u1ee3ng l\u1edbn.<\/p>\n<figure id=\"attachment_593\" aria-describedby=\"caption-attachment-593\" style=\"width: 800px\" class=\"wp-caption alignnone\"><img decoding=\"async\" class=\"size-full wp-image-593\" src=\"https:\/\/www.ywjunchi.com\/wp-content\/uploads\/2026\/03\/008-4.jpg\" alt=\"M\u00e0ng hologram PET kh\u00f4ng \u0111\u01b0\u1eddng n\u1ed1i ngang Z28\" width=\"800\" height=\"800\" srcset=\"https:\/\/www.ywjunchi.com\/wp-content\/uploads\/2026\/03\/008-4.jpg 800w, https:\/\/www.ywjunchi.com\/wp-content\/uploads\/2026\/03\/008-4-300x300.jpg 300w, https:\/\/www.ywjunchi.com\/wp-content\/uploads\/2026\/03\/008-4-100x100.jpg 100w, https:\/\/www.ywjunchi.com\/wp-content\/uploads\/2026\/03\/008-4-600x600.jpg 600w, https:\/\/www.ywjunchi.com\/wp-content\/uploads\/2026\/03\/008-4-150x150.jpg 150w, https:\/\/www.ywjunchi.com\/wp-content\/uploads\/2026\/03\/008-4-768x768.jpg 768w\" sizes=\"(max-width: 800px) 100vw, 800px\" \/><figcaption id=\"caption-attachment-593\" class=\"wp-caption-text\">M\u00e0ng hologram PET kh\u00f4ng \u0111\u01b0\u1eddng n\u1ed1i ngang Z28<\/figcaption><\/figure>\n<h3>C\u00e2u h\u1ecfi th\u01b0\u1eddng g\u1eb7p ?<\/h3>\n<p>\u0110\u1ed9 d\u00e0y khuy\u1ebfn ngh\u1ecb cho in UV l\u00e0 bao nhi\u00eau? 16\u03bcm\u201350\u03bcm (\u0111\u1ea3m b\u1ea3o s\u1ef1 c\u00e2n b\u1eb1ng gi\u1eefa \u0111\u1ed9 d\u1ebbo dai v\u00e0 \u0111\u1ed9 s\u1eafc n\u00e9t c\u1ee7a h\u00ecnh in).<\/p>\n<p>S\u1ea3n ph\u1ea9m n\u00e0y c\u00f3 th\u1ec3 d\u00f9ng \u0111\u1ec3 \u00e9p m\u00e0ng bao b\u00ec th\u1ef1c ph\u1ea9m kh\u00f4ng? C\u00f3, c\u00f3 c\u00e1c lo\u1ea1i \u0111\u1ea1t ti\u00eau chu\u1ea9n th\u1ef1c ph\u1ea9m (\u0111\u01b0\u1ee3c FDA ch\u1ee9ng nh\u1eadn) \u0111\u1ec3 \u0111\u1ea3m b\u1ea3o an to\u00e0n khi ti\u1ebfp x\u00fac v\u1edbi th\u1ef1c ph\u1ea9m.<\/p>\n<p>Z28 kh\u00e1c bi\u1ec7t nh\u01b0 th\u1ebf n\u00e0o so v\u1edbi c\u00e1c m\u1eabu kh\u00e1c trong d\u00f2ng s\u1ea3n ph\u1ea9m JUNCHI Hologram Master Series?<\/p>\n<table>\n<tbody>\n<tr>\n<td width=\"184\">M\u1eabu<\/td>\n<td width=\"184\">Thi\u1ebft k\u1ebf c\u1ed1t l\u00f5i<\/td>\n<td width=\"184\">Chi\u1ec1u r\u1ed9ng<\/td>\n<td width=\"184\">C\u00e1ch s\u1eed d\u1ee5ng ch\u00ednh<\/td>\n<\/tr>\n<tr>\n<td width=\"184\">Z28<\/td>\n<td width=\"184\">Ch\u00f9m s\u00e1ng ngang<\/td>\n<td width=\"184\">820 mm<\/td>\n<td width=\"184\">In UV &amp; Laminate gi\u1ea5y<\/td>\n<\/tr>\n<tr>\n<td width=\"184\">Z25<\/td>\n<td width=\"184\">Ch\u00f9m s\u00e1ng d\u1ecdc<\/td>\n<td width=\"184\">890 mm<\/td>\n<td width=\"184\">Bao b\u00ec t\u1ed5ng h\u1ee3p cao c\u1ea5p<\/td>\n<\/tr>\n<tr>\n<td width=\"184\">Z37<\/td>\n<td width=\"184\">B\u1ea1c-C\u1ea7u v\u1ed3ng<\/td>\n<td width=\"184\">830 mm<\/td>\n<td width=\"184\">Bao b\u00ec th\u1ea9m m\u1ef9 cao c\u1ea5p<\/td>\n<\/tr>\n<tr>\n<td width=\"184\">Z06<\/td>\n<td width=\"184\">K Laser D38<\/td>\n<td width=\"184\">930 mm<\/td>\n<td width=\"184\">Gi\u1ea3i ph\u00e1p \u0111\u00f3ng g\u00f3i c\u00f4ng nghi\u1ec7p \u0111a n\u0103ng<\/td>\n<\/tr>\n<\/tbody>\n<\/table>\n<p>N\u00e2ng t\u1ea7m c\u00e1c s\u1ea3n ph\u1ea9m in v\u00e0 \u00e9p m\u00e0ng c\u1ee7a b\u1ea1n v\u1edbi hi\u1ec7u \u1ee9ng ch\u00f9m s\u00e1ng ngang tinh t\u1ebf c\u1ee7a Z28 \u2013 YWJUNCHI mang \u0111\u1ebfn c\u00e1c gi\u1ea3i ph\u00e1p hi\u1ec7u su\u1ea5t cao, ti\u1ebft ki\u1ec7m chi ph\u00ed, \u0111\u01b0\u1ee3c thi\u1ebft k\u1ebf ri\u00eang cho nhu c\u1ea7u in \u1ea5n v\u00e0 \u00e9p m\u00e0ng c\u1ee7a b\u1ea1n.<\/p>\n<figure id=\"attachment_592\" aria-describedby=\"caption-attachment-592\" style=\"width: 800px\" class=\"wp-caption alignnone\"><img loading=\"lazy\" decoding=\"async\" class=\"size-full wp-image-592\" src=\"https:\/\/www.ywjunchi.com\/wp-content\/uploads\/2026\/03\/008-3.jpg\" alt=\"M\u00e0ng hologram PET kh\u00f4ng \u0111\u01b0\u1eddng n\u1ed1i ngang Z28\" width=\"800\" height=\"800\" srcset=\"https:\/\/www.ywjunchi.com\/wp-content\/uploads\/2026\/03\/008-3.jpg 800w, https:\/\/www.ywjunchi.com\/wp-content\/uploads\/2026\/03\/008-3-300x300.jpg 300w, https:\/\/www.ywjunchi.com\/wp-content\/uploads\/2026\/03\/008-3-100x100.jpg 100w, https:\/\/www.ywjunchi.com\/wp-content\/uploads\/2026\/03\/008-3-600x600.jpg 600w, https:\/\/www.ywjunchi.com\/wp-content\/uploads\/2026\/03\/008-3-150x150.jpg 150w, https:\/\/www.ywjunchi.com\/wp-content\/uploads\/2026\/03\/008-3-768x768.jpg 768w\" sizes=\"(max-width: 800px) 100vw, 800px\" \/><figcaption id=\"caption-attachment-592\" class=\"wp-caption-text\">M\u00e0ng hologram PET kh\u00f4ng \u0111\u01b0\u1eddng n\u1ed1i ngang Z28<\/figcaption><\/figure>\n<p><em><i>YWJUNCHI Z28 \u2013 N\u01a1i s\u1ef1 r\u1ef1c r\u1ee1 c\u1ee7a hi\u1ec7u \u1ee9ng ba chi\u1ec1u h\u00f2a quy\u1ec7n v\u1edbi s\u1ef1 ho\u00e0n h\u1ea3o trong in \u1ea5n v\u00e0 c\u00e1n m\u00e0ng!<\/i><\/em><\/p>","protected":false},"excerpt":{"rendered":"<p>M\u00e0ng hologram PET li\u1ec1n m\u1ea1ch Z28 v\u1edbi ch\u00f9m s\u00e1ng ngang, \u0111\u1ed9 d\u00e0y 16 micron, chi\u1ec1u r\u1ed9ng t\u1ed1i \u0111a 820 mm, kho\u1ea3ng c\u00e1ch gi\u1eefa c\u00e1c c\u1ed9t s\u00e1ng l\u00e0 5 cm.<\/p>","protected":false},"featured_media":590,"comment_status":"open","ping_status":"closed","template":"","meta":[],"product_brand":[],"product_cat":[17],"product_tag":[58],"class_list":{"0":"post-303","1":"product","2":"type-product","3":"status-publish","4":"has-post-thumbnail","6":"product_cat-holographic-film","7":"product_tag-z28-pillar-light-metalized-pet-hologram-film","9":"first","10":"instock","11":"shipping-taxable","12":"product-type-simple"},"_links":{"self":[{"href":"https:\/\/www.ywjunchi.com\/vi\/wp-json\/wp\/v2\/product\/303","targetHints":{"allow":["GET"]}}],"collection":[{"href":"https:\/\/www.ywjunchi.com\/vi\/wp-json\/wp\/v2\/product"}],"about":[{"href":"https:\/\/www.ywjunchi.com\/vi\/wp-json\/wp\/v2\/types\/product"}],"replies":[{"embeddable":true,"href":"https:\/\/www.ywjunchi.com\/vi\/wp-json\/wp\/v2\/comments?post=303"}],"wp:featuredmedia":[{"embeddable":true,"href":"https:\/\/www.ywjunchi.com\/vi\/wp-json\/wp\/v2\/media\/590"}],"wp:attachment":[{"href":"https:\/\/www.ywjunchi.com\/vi\/wp-json\/wp\/v2\/media?parent=303"}],"wp:term":[{"taxonomy":"product_brand","embeddable":true,"href":"https:\/\/www.ywjunchi.com\/vi\/wp-json\/wp\/v2\/product_brand?post=303"},{"taxonomy":"product_cat","embeddable":true,"href":"https:\/\/www.ywjunchi.com\/vi\/wp-json\/wp\/v2\/product_cat?post=303"},{"taxonomy":"product_tag","embeddable":true,"href":"https:\/\/www.ywjunchi.com\/vi\/wp-json\/wp\/v2\/product_tag?post=303"}],"curies":[{"name":"wp","href":"https:\/\/api.w.org\/{rel}","templated":true}]}}