{"id":299,"date":"2026-03-17T08:36:17","date_gmt":"2026-03-17T08:36:17","guid":{"rendered":"https:\/\/www.ywjunchi.com\/?post_type=product&#038;p=299"},"modified":"2026-05-05T01:53:58","modified_gmt":"2026-05-05T01:53:58","slug":"mang-hologram-lien-mach-cho-thu-cung-k209a","status":"publish","type":"product","link":"https:\/\/www.ywjunchi.com\/vi\/product\/k209a-seamless-pet-hologram-film\/","title":{"rendered":"M\u00e0ng hologram li\u1ec1n m\u1ea1ch K209A d\u00e0nh cho th\u00fa c\u01b0ng"},"content":{"rendered":"<h3>YWJUNCHI K209A \u0110\u00e8n c\u1ed9t ngang nh\u1ecf, m\u00e0ng PET ba chi\u1ec1u li\u1ec1n m\u1ea1ch: Thi\u1ebft k\u1ebf ch\u00ednh x\u00e1c v\u1edbi kho\u1ea3ng c\u00e1ch 2,5 cm<\/h3>\n<p><strong><b>Th\u00f4ng s\u1ed1 k\u1ef9 thu\u1eadt ch\u00ednh<\/b><\/strong>: D\u00f2ng K209A (\u0110\u00e8n c\u1ed9t ngang nh\u1ecf ki\u1ec3u h\u00ecnh ba chi\u1ec1u, SC01)<\/p>\n<p><strong><b>C\u00e1c th\u00f4ng s\u1ed1 ch\u00ednh<\/b><\/strong>:<\/p>\n<p>Chi\u1ec1u r\u1ed9ng t\u1ed1i \u0111a: 900 mm (\u0111\u01b0\u1ee3c t\u1ed1i \u01b0u h\u00f3a cho s\u1ea3n xu\u1ea5t bao b\u00ec v\u00e0 nh\u00e3n m\u00e1c ti\u00eau chu\u1ea9n)<\/p>\n<p>Kho\u1ea3ng c\u00e1ch gi\u1eefa c\u00e1c c\u1ed9t \u0111\u00e8n: 2,5 cm (\u0111\u01b0\u1ee3c b\u1ed1 tr\u00ed \u0111\u1ec1u \u0111\u1eb7n \u0111\u1ec3 t\u1ea1o th\u00e0nh d\u1ea3i \u0111\u00e8n ngang tinh t\u1ebf, m\u1eadt \u0111\u1ed9 cao).<\/p>\n<p>S\u1ea3n ph\u1ea9m ho\u00e0n thi\u1ec7n: M\u00e0ng PET ba chi\u1ec1u li\u1ec1n m\u1ea1ch<\/p>\n<p>C\u00e1c hi\u1ec7u \u1ee9ng ch\u00ednh: C\u00e1c t\u00f9y ch\u1ecdn \u00e9p m\u00e0ng v\u00e0 in chuy\u1ec3n<\/p>\n<p>Kinh nghi\u1ec7m s\u1ea3n xu\u1ea5t: H\u01a1n 20 n\u0103m chuy\u00ean s\u1ea3n xu\u1ea5t m\u00e0ng phim ba chi\u1ec1u<\/p>\n<figure id=\"attachment_583\" aria-describedby=\"caption-attachment-583\" style=\"width: 800px\" class=\"wp-caption alignnone\"><img fetchpriority=\"high\" decoding=\"async\" class=\"size-full wp-image-583\" src=\"https:\/\/www.ywjunchi.com\/wp-content\/uploads\/2026\/03\/005-2.jpg\" alt=\"K209A \u2013 M\u00e0ng hologram kh\u00f4ng \u0111\u01b0\u1eddng n\u1ed1i d\u00e0nh cho th\u00fa c\u01b0ng, k\u00edch th\u01b0\u1edbc 2,5 cm\" width=\"800\" height=\"800\" srcset=\"https:\/\/www.ywjunchi.com\/wp-content\/uploads\/2026\/03\/005-2.jpg 800w, https:\/\/www.ywjunchi.com\/wp-content\/uploads\/2026\/03\/005-2-300x300.jpg 300w, https:\/\/www.ywjunchi.com\/wp-content\/uploads\/2026\/03\/005-2-100x100.jpg 100w, https:\/\/www.ywjunchi.com\/wp-content\/uploads\/2026\/03\/005-2-600x600.jpg 600w, https:\/\/www.ywjunchi.com\/wp-content\/uploads\/2026\/03\/005-2-150x150.jpg 150w, https:\/\/www.ywjunchi.com\/wp-content\/uploads\/2026\/03\/005-2-768x768.jpg 768w\" sizes=\"(max-width: 800px) 100vw, 800px\" \/><figcaption id=\"caption-attachment-583\" class=\"wp-caption-text\">K209A \u2013 M\u00e0ng hologram kh\u00f4ng \u0111\u01b0\u1eddng n\u1ed1i d\u00e0nh cho th\u00fa c\u01b0ng, k\u00edch th\u01b0\u1edbc 2,5 cm<\/figcaption><\/figure>\n<h3>\u0110i\u1ec1u g\u00ec khi\u1ebfn K209A tr\u1edf th\u00e0nh gi\u1ea3i ph\u00e1p \u0111\u00e8n c\u1ed9t ngang nh\u1ecf n\u1ed5i b\u1eadt?<\/h3>\n<h4>Thi\u1ebft k\u1ebf \u0111\u00e8n c\u1ed9t ngang nh\u1ecf \u0111\u1ed9c \u0111\u00e1o &amp; k\u1ef9 thu\u1eadt ch\u1ebf t\u00e1c tinh x\u1ea3o<\/h4>\n<p>\u0110\u01b0\u1ee3c ch\u1ebf t\u00e1c b\u1eb1ng c\u00f4ng ngh\u1ec7 d\u1eadp n\u1ed5i ba chi\u1ec1u ti\u00ean ti\u1ebfn, tu\u00e2n th\u1ee7 ti\u00eau chu\u1ea9n ch\u1ea5t l\u01b0\u1ee3ng m\u00e0ng ba chi\u1ec1u GB\/T 23808, K209A s\u1edf h\u1eefu nh\u1eefng h\u1ecda ti\u1ebft \u00e1nh s\u00e1ng d\u1ea1ng c\u1ed9t ngang nh\u1ecf tinh x\u1ea3o v\u1edbi kho\u1ea3ng c\u00e1ch \u0111\u1ec1u \u0111\u1eb7n 2,5 cm, t\u1ea1o n\u00ean hi\u1ec7u \u1ee9ng \u201cm\u1ea3ng thanh \u00e1nh s\u00e1ng ngang\u201d d\u00e0y \u0111\u1eb7c v\u00e0 tinh t\u1ebf, to\u00e1t l\u00ean v\u1ebb sang tr\u1ecdng v\u00e0 hi\u1ec7n \u0111\u1ea1i.H\u01b0\u1edbng ngang gi\u00fap t\u0103ng c\u01b0\u1eddng c\u1ea3m nh\u1eadn v\u1ec1 chi\u1ec1u r\u1ed9ng c\u1ee7a s\u1ea3n ph\u1ea9m tr\u00ean k\u1ec7, trong khi kho\u1ea3ng c\u00e1ch 2,5 cm \u0111\u01b0\u1ee3c t\u1ed1i \u01b0u h\u00f3a cho vi\u1ec7c quan s\u00e1t \u1edf c\u1ef1 ly g\u1ea7n, \u0111\u1ea3m b\u1ea3o m\u1ed7i c\u1ed9t \u00e1nh s\u00e1ng ngang nh\u1ecf \u0111\u1ec1u s\u1eafc n\u00e9t, ba chi\u1ec1u v\u00e0 kh\u00f4ng c\u00f3 \u0111\u01b0\u1eddng n\u1ed1i (c\u1ea5u tr\u00fac li\u1ec1n m\u1ea1ch th\u1ef1c s\u1ef1). T\u1eadn d\u1ee5ng c\u00e1c nguy\u00ean l\u00fd ph\u1ea3n x\u1ea1 ba chi\u1ec1u, m\u00e0ng phim mang l\u1ea1i hi\u1ec7u \u1ee9ng \u00e1nh s\u00e1ng t\u01b0\u01a1i s\u00e1ng, s\u1ed1ng \u0111\u1ed9ng v\u1edbi g\u00f3c nh\u00ecn r\u1ed9ng h\u01a1n 120\u00b0, cho ph\u00e9p quan s\u00e1t r\u00f5 r\u00e0ng \u0111\u1ed9 s\u00e1ng c\u1ee7a c\u00e1c c\u1ed9t \u00e1nh s\u00e1ng ngang t\u1eeb nhi\u1ec1u g\u00f3c \u0111\u1ed9.<\/p>\n<h4>\u01afu \u0111i\u1ec3m c\u1ed1t l\u00f5i: Hi\u1ec7u su\u1ea5t &amp; Ch\u1ed1ng h\u00e0ng gi\u1ea3<\/h4>\n<p><b><\/b>1. Kh\u1ea3 n\u0103ng ch\u1ed1ng l\u00e0m gi\u1ea3 v\u01b0\u1ee3t tr\u1ed9i: M\u1eabu hoa v\u0103n \u00e1nh s\u00e1ng d\u1ea1ng c\u1ed9t ngang nh\u1ecf \u0111\u1ed9c \u0111\u00e1o k\u1ebft h\u1ee3p v\u1edbi c\u1ea5u tr\u00fac ba chi\u1ec1u \u0111\u1ed9 ph\u00e2n gi\u1ea3i cao (\u22654000dpi) t\u1ea1o th\u00e0nh h\u00e0ng r\u00e0o ch\u1ed1ng l\u00e0m gi\u1ea3 k\u00e9p.Kho\u1ea3ng c\u00e1ch ch\u00ednh x\u00e1c 2,5 cm k\u1ebft h\u1ee3p v\u1edbi h\u01b0\u1edbng ngang r\u1ea5t kh\u00f3 sao ch\u00e9p n\u1ebfu kh\u00f4ng c\u00f3 thi\u1ebft b\u1ecb \u0111\u00fac chuy\u00ean d\u1ee5ng, v\u00e0 m\u00e0ng phim h\u1ed7 tr\u1ee3 c\u00e1c y\u1ebfu t\u1ed1 b\u1ea3o m\u1eadt b\u1ed5 sung (v\u0103n b\u1ea3n in si\u00eau nh\u1ecf, h\u00ecnh \u1ea3nh \u1ea9n) tu\u00e2n th\u1ee7 c\u00e1c ti\u00eau chu\u1ea9n ch\u1ed1ng h\u00e0ng gi\u1ea3 qu\u1ed1c gia. D\u01b0\u1edbi \u00e1nh s\u00e1ng t\u1ef1 nhi\u00ean, c\u00e1c c\u1ed9t ngang hi\u1ec3n th\u1ecb hi\u1ec7u \u1ee9ng giao thoa c\u1ea7u v\u1ed3ng \u0111\u1ed9ng (d\u1ea3i b\u01b0\u1edbc s\u00f3ng 430-670nm) \u0111\u1ec3 x\u00e1c minh t\u00ednh x\u00e1c th\u1ef1c m\u1ed9t c\u00e1ch tr\u1ef1c quan.<\/p>\n<p><b><\/b>2. Ch\u1ea5t l\u01b0\u1ee3ng v\u01b0\u1ee3t tr\u1ed9i c\u1ee7a v\u1eadt li\u1ec7u PET: \u0110\u01b0\u1ee3c s\u1ea3n xu\u1ea5t t\u1eeb PET c\u1ea5p quang h\u1ecdc v\u1edbi \u0111\u1ed9 truy\u1ec1n s\u00e1ng \u226592% v\u00e0 \u0111\u1ed9 m\u1edd \u22641,2% \u2013 \u0111\u1ea3m b\u1ea3o \u0111\u1ed9 trong su\u1ed1t cao v\u00e0 kh\u1ea3 n\u0103ng hi\u1ec3n th\u1ecb hi\u1ec7u \u1ee9ng \u00e1nh s\u00e1ng d\u1ecdc theo c\u00e1c c\u1ed9t ngang. M\u00e0ng phim n\u00e0y s\u1edf h\u1eefu \u0111\u1ed9 \u1ed5n \u0111\u1ecbnh k\u00edch th\u01b0\u1edbc tuy\u1ec7t v\u1eddi, \u0111\u1ed9 b\u1ec1n k\u00e9o \u2265210 MPa, c\u00f9ng kh\u1ea3 n\u0103ng ch\u1ed1ng m\u00e0i m\u00f2n m\u1ef1c in, h\u01a1i n\u01b0\u1edbc v\u00e0 nhi\u1ec7t \u0111\u1ed9 cao (h\u1ed7 tr\u1ee3 c\u00e1c quy tr\u00ecnh \u00e9p m\u00e0ng\/in \u1ea5n \u1edf nhi\u1ec7t \u0111\u1ed9 100\u2013120\u00b0C).<\/p>\n<p><b><\/b>3. Hi\u1ec7u qu\u1ea3 s\u1ea3n xu\u1ea5t: Chi\u1ec1u r\u1ed9ng 900 mm ph\u00f9 h\u1ee3p v\u1edbi c\u00e1c k\u00edch th\u01b0\u1edbc t\u1ea5m bao b\u00ec ti\u00eau chu\u1ea9n, gi\u00fap gi\u1ea3m l\u00e3ng ph\u00ed nguy\u00ean li\u1ec7u t\u1edbi 121% so v\u1edbi c\u00e1c chi\u1ec1u r\u1ed9ng kh\u00f4ng \u0111\u01b0\u1ee3c t\u00f9y ch\u1ec9nh. T\u00ednh n\u0103ng ch\u1ed1ng t\u0129nh \u0111i\u1ec7n (\u0111i\u1ec7n tr\u1edf b\u1ec1 m\u1eb7t \u226410\u00b9\u2070\u03a9) ng\u0103n ng\u1eeba b\u1ee5i b\u00e1m d\u00ednh trong qu\u00e1 tr\u00ecnh gia c\u00f4ng, \u0111\u1ea3m b\u1ea3o qu\u00e1 tr\u00ecnh s\u1ea3n xu\u1ea5t di\u1ec5n ra tr\u01a1n tru v\u00e0 v\u1edbi t\u1ed1c \u0111\u1ed9 cao.<\/p>\n<figure id=\"attachment_585\" aria-describedby=\"caption-attachment-585\" style=\"width: 800px\" class=\"wp-caption alignnone\"><img decoding=\"async\" class=\"size-full wp-image-585\" src=\"https:\/\/www.ywjunchi.com\/wp-content\/uploads\/2026\/03\/005-4.jpg\" alt=\"K209A \u2013 M\u00e0ng hologram PET m\u1ea1 kim lo\u1ea1i d\u1ea1ng c\u1ed9t, \u0111\u1ed9 d\u00e0y 2,5 cm\" width=\"800\" height=\"800\" srcset=\"https:\/\/www.ywjunchi.com\/wp-content\/uploads\/2026\/03\/005-4.jpg 800w, https:\/\/www.ywjunchi.com\/wp-content\/uploads\/2026\/03\/005-4-300x300.jpg 300w, https:\/\/www.ywjunchi.com\/wp-content\/uploads\/2026\/03\/005-4-100x100.jpg 100w, https:\/\/www.ywjunchi.com\/wp-content\/uploads\/2026\/03\/005-4-600x600.jpg 600w, https:\/\/www.ywjunchi.com\/wp-content\/uploads\/2026\/03\/005-4-150x150.jpg 150w, https:\/\/www.ywjunchi.com\/wp-content\/uploads\/2026\/03\/005-4-768x768.jpg 768w\" sizes=\"(max-width: 800px) 100vw, 800px\" \/><figcaption id=\"caption-attachment-585\" class=\"wp-caption-text\">K209A \u2013 M\u00e0ng hologram PET m\u1ea1 kim lo\u1ea1i d\u1ea1ng c\u1ed9t, \u0111\u1ed9 d\u00e0y 2,5 cm<\/figcaption><\/figure>\n<h4>C\u1ea5u tr\u00fac l\u1edbp \u0111\u01b0\u1ee3c t\u1ed1i \u01b0u h\u00f3a (L\u00f5i PET li\u1ec1n m\u1ea1ch)<\/h4>\n<p>L\u1edbp ph\u1ee7 m\u1edd \u2192 L\u1edbp kim lo\u1ea1i c\u00f3 \u0111\u1ed9 ph\u1ea3n x\u1ea1 cao \u2192 L\u1edbp l\u00f5i PET \u2192 L\u1edbp d\u1eadp n\u1ed5i h\u00ecnh ba chi\u1ec1u \u00e1nh s\u00e1ng v\u1edbi c\u00e1c c\u1ed9t ngang nh\u1ecf \u2192 L\u1edbp ph\u1ee7 ch\u1ed1ng tr\u1ea7y x\u01b0\u1edbc<\/p>\n<p>L\u1edbp ph\u1ee7 ch\u1ed1ng tr\u1ea7y x\u01b0\u1edbc (\u0111\u1ed9 c\u1ee9ng b\u00fat ch\u00ec c\u1ea5p H) gi\u00fap t\u0103ng c\u01b0\u1eddng \u0111\u1ed9 b\u1ec1n, trong khi l\u1edbp ph\u1ea3n quang cao l\u00e0m t\u0103ng \u0111\u1ed9 s\u00e1ng c\u1ee7a c\u00e1c c\u1ed9t \u00e1nh s\u00e1ng ngang nh\u1ecf, gi\u00fap s\u1ea3n ph\u1ea9m n\u1ed5i b\u1eadt tr\u00ean k\u1ec7 h\u00e0ng v\u1edbi hi\u1ec7u \u1ee9ng th\u1ecb gi\u00e1c sang tr\u1ecdng v\u00e0 r\u1ed9ng m\u1edf.<\/p>\n<h3>C\u00e1c \u1ee9ng d\u1ee5ng chuy\u00ean bi\u1ec7t<\/h3>\n<p>L\u1ef1a ch\u1ecdn l\u00fd t\u01b0\u1edfng cho nh\u1eefng kh\u00e1ch h\u00e0ng mong mu\u1ed1n hi\u1ec7u \u1ee9ng ba chi\u1ec1u tinh t\u1ebf, theo h\u01b0\u1edbng ngang:<\/p>\n<p>1. Bao b\u00ec cao c\u1ea5p: H\u1ed9p \u0111\u1ef1ng m\u1ef9 ph\u1ea9m, bao b\u00ec n\u01b0\u1edbc hoa, h\u1ed9p qu\u00e0 t\u1eb7ng sang tr\u1ecdng, h\u1ed9p \u0111\u1ef1ng th\u1ef1c ph\u1ea9m v\u00e0 \u0111\u1ed3 u\u1ed1ng cao c\u1ea5p (c\u00e1c \u0111\u01b0\u1eddng g\u00e2n ngang h\u00e0i h\u00f2a v\u1edbi chi\u1ec1u r\u1ed9ng s\u1ea3n ph\u1ea9m v\u00e0 thi\u1ebft k\u1ebf thanh l\u1ecbch).<\/p>\n<p>2. S\u1ea3n xu\u1ea5t nh\u00e3n m\u00e1c: Nh\u00e3n d\u00e1n ch\u1ed1ng h\u00e0ng gi\u1ea3, nh\u00e3n s\u1ea3n ph\u1ea9m mang th\u01b0\u01a1ng hi\u1ec7u, th\u1ebb an ninh (hi\u1ec7u \u1ee9ng \u00e1nh s\u00e1ng ngang tinh t\u1ebf, kh\u00f4ng l\u00e0m lu m\u1edd v\u0103n b\u1ea3n\/logo tr\u00ean nh\u00e3n).<\/p>\n<p>3. S\u1ea3n ph\u1ea9m \u00e9p l\u1edbp: D\u1ecbch v\u1ee5 \u00e9p l\u1edbp gi\u1ea5y cho c\u00e1c catalogue cao c\u1ea5p, b\u00eca s\u00e1ch v\u00e0 t\u00fai gi\u1ea5y mang th\u01b0\u01a1ng hi\u1ec7u (h\u1ec7 th\u1ed1ng \u0111\u00e8n chi\u1ebfu ngang mang l\u1ea1i c\u1ea3m gi\u00e1c sang tr\u1ecdng c\u1ea3 v\u1ec1 m\u1eb7t x\u00fac gi\u00e1c l\u1eabn th\u1ecb gi\u00e1c).<\/p>\n<figure id=\"attachment_581\" aria-describedby=\"caption-attachment-581\" style=\"width: 800px\" class=\"wp-caption alignnone\"><img decoding=\"async\" class=\"size-full wp-image-581\" src=\"https:\/\/www.ywjunchi.com\/wp-content\/uploads\/2026\/03\/005-1.jpg\" alt=\"K209A \u2013 M\u00e0ng hologram kh\u00f4ng \u0111\u01b0\u1eddng n\u1ed1i d\u00e0nh cho \u0111\u00e8n c\u1ed9t 2,5 cm\" width=\"800\" height=\"800\" srcset=\"https:\/\/www.ywjunchi.com\/wp-content\/uploads\/2026\/03\/005-1.jpg 800w, https:\/\/www.ywjunchi.com\/wp-content\/uploads\/2026\/03\/005-1-300x300.jpg 300w, https:\/\/www.ywjunchi.com\/wp-content\/uploads\/2026\/03\/005-1-100x100.jpg 100w, https:\/\/www.ywjunchi.com\/wp-content\/uploads\/2026\/03\/005-1-600x600.jpg 600w, https:\/\/www.ywjunchi.com\/wp-content\/uploads\/2026\/03\/005-1-150x150.jpg 150w, https:\/\/www.ywjunchi.com\/wp-content\/uploads\/2026\/03\/005-1-768x768.jpg 768w\" sizes=\"(max-width: 800px) 100vw, 800px\" \/><figcaption id=\"caption-attachment-581\" class=\"wp-caption-text\">K209A \u2013 M\u00e0ng hologram kh\u00f4ng \u0111\u01b0\u1eddng n\u1ed1i d\u00e0nh cho \u0111\u00e8n c\u1ed9t 2,5 cm<\/figcaption><\/figure>\n<h3>T\u1ea1i sao n\u00ean ch\u1ecdn YWJUNCHI K209A?<\/h3>\n<p><b><\/b>1. Hi\u1ec7u \u1ee9ng th\u1ecb gi\u00e1c ngang \u0111\u1ed9c \u0111\u00e1o: C\u00e1c c\u1ed9t ngang nh\u1ecf c\u00e1ch nhau 2,5 cm t\u1ea1o ra hi\u1ec7u \u1ee9ng d\u1ea3i \u00e1nh s\u00e1ng tinh t\u1ebf v\u00e0 r\u1ed9ng m\u1edf \u2013 kh\u00e1c bi\u1ec7t so v\u1edbi c\u00e1c lo\u1ea1i phim chi\u1ebfu s\u00e1ng d\u1ecdc (v\u00ed d\u1ee5: Z25) v\u00e0 c\u00e1c thi\u1ebft k\u1ebf \u00e1nh s\u00e1ng c\u1ed9t c\u00f3 kho\u1ea3ng c\u00e1ch r\u1ed9ng h\u01a1n.<\/p>\n<p><b><\/b>2. Ch\u1ea5t l\u01b0\u1ee3ng \u0111\u1ea1t ti\u00eau chu\u1ea9n: Tu\u00e2n th\u1ee7 ti\u00eau chu\u1ea9n GB\/T 23808 v\u1ec1 m\u00e0ng ch\u1ed1ng l\u00e0m gi\u1ea3 ba chi\u1ec1u, \u0111\u1ea3m b\u1ea3o \u0111\u1ed9 tin c\u1eady trong vi\u1ec7c b\u1ea3o v\u1ec7 th\u01b0\u01a1ng hi\u1ec7u.<\/p>\n<p><b><\/b>3. Chuy\u00ean ng\u00e0nh PET: T\u1eadp trung v\u00e0o v\u1eadt li\u1ec7u PET li\u1ec1n m\u1ea1ch \u0111\u1ec3 \u0111\u1ea3m b\u1ea3o hi\u1ec7u su\u1ea5t \u1ed5n \u0111\u1ecbnh v\u00e0 th\u00e2n thi\u1ec7n v\u1edbi m\u00f4i tr\u01b0\u1eddng (tu\u00e2n th\u1ee7 ti\u00eau chu\u1ea9n ROHS, kh\u00f4ng ch\u1ee9a halogen, c\u00f3 th\u1ec3 t\u00e1i ch\u1ebf).<\/p>\n<p><b><\/b>4. S\u1ea3n xu\u1ea5t ch\u00ednh x\u00e1c: V\u1edbi h\u01a1n 20 n\u0103m kinh nghi\u1ec7m, ch\u00fang t\u00f4i \u0111\u1ea3m b\u1ea3o kho\u1ea3ng c\u00e1ch \u0111\u1ec1u \u0111\u1eb7n gi\u1eefa c\u00e1c c\u1ed9t ngang, hoa v\u0103n li\u1ec1n m\u1ea1ch v\u00e0 ch\u1ea5t l\u01b0\u1ee3ng \u1ed5n \u0111\u1ecbnh gi\u1eefa c\u00e1c l\u00f4 s\u1ea3n ph\u1ea9m.<\/p>\n<p><b><\/b>5. H\u1ed7 tr\u1ee3 t\u00f9y ch\u1ec9nh: \u0110\u1ed9 d\u00e0y c\u00f3 th\u1ec3 \u0111i\u1ec1u ch\u1ec9nh (16\u03bcm), m\u00e0u s\u1eafc (b\u1ea1c, v\u00e0ng, t\u00f9y ch\u1ec9nh) v\u00e0 t\u00edch h\u1ee3p y\u1ebfu t\u1ed1 b\u1ea3o m\u1eadt (t\u00f9y ch\u1ecdn).<\/p>\n<figure id=\"attachment_582\" aria-describedby=\"caption-attachment-582\" style=\"width: 800px\" class=\"wp-caption alignnone\"><img loading=\"lazy\" decoding=\"async\" class=\"size-full wp-image-582\" src=\"https:\/\/www.ywjunchi.com\/wp-content\/uploads\/2026\/03\/005-3.jpg\" alt=\"K209A \u2013 M\u00e0ng hologram kh\u00f4ng \u0111\u01b0\u1eddng n\u1ed1i d\u00e0nh cho th\u00fa c\u01b0ng, k\u00edch th\u01b0\u1edbc 2,5 cm\" width=\"800\" height=\"800\" srcset=\"https:\/\/www.ywjunchi.com\/wp-content\/uploads\/2026\/03\/005-3.jpg 800w, https:\/\/www.ywjunchi.com\/wp-content\/uploads\/2026\/03\/005-3-300x300.jpg 300w, https:\/\/www.ywjunchi.com\/wp-content\/uploads\/2026\/03\/005-3-100x100.jpg 100w, https:\/\/www.ywjunchi.com\/wp-content\/uploads\/2026\/03\/005-3-600x600.jpg 600w, https:\/\/www.ywjunchi.com\/wp-content\/uploads\/2026\/03\/005-3-150x150.jpg 150w, https:\/\/www.ywjunchi.com\/wp-content\/uploads\/2026\/03\/005-3-768x768.jpg 768w\" sizes=\"(max-width: 800px) 100vw, 800px\" \/><figcaption id=\"caption-attachment-582\" class=\"wp-caption-text\">K209A \u2013 M\u00e0ng hologram kh\u00f4ng \u0111\u01b0\u1eddng n\u1ed1i d\u00e0nh cho th\u00fa c\u01b0ng, k\u00edch th\u01b0\u1edbc 2,5 cm<\/figcaption><\/figure>\n<h3>Nh\u1eefng \u0111i\u1ec3m ch\u00ednh trong ph\u1ea7n C\u00e2u h\u1ecfi th\u01b0\u1eddng g\u1eb7p (H\u01b0\u1edbng d\u1eabn \u0111\u1ea7y \u0111\u1ee7 c\u00f3 s\u1eb5n theo y\u00eau c\u1ea7u)<\/h3>\n<p>\u01afu \u0111i\u1ec3m c\u1ee7a thi\u1ebft k\u1ebf \u00e1nh s\u00e1ng c\u1ed9t ngang l\u00e0 g\u00ec? Thi\u1ebft k\u1ebf n\u00e0y t\u1ea1o ra hi\u1ec7u \u1ee9ng th\u1ecb gi\u00e1c thanh l\u1ecbch v\u00e0 r\u1ed9ng m\u1edf, gi\u00fap t\u0103ng c\u01b0\u1eddng c\u1ea3m gi\u00e1c v\u1ec1 chi\u1ec1u r\u1ed9ng c\u1ee7a s\u1ea3n ph\u1ea9m \u2013 r\u1ea5t ph\u00f9 h\u1ee3p cho c\u00e1c bao b\u00ec cao c\u1ea5p c\u1ea7n hi\u1ec7u \u1ee9ng ba chi\u1ec1u tinh t\u1ebf nh\u01b0ng v\u1eabn thu h\u00fat \u00e1nh nh\u00ecn.<\/p>\n<p>S\u1ea3n ph\u1ea9m n\u00e0y c\u00f3 th\u1ec3 d\u00f9ng cho in UV v\u00e0 in offset kh\u00f4ng? C\u00f3, b\u1ec1 m\u1eb7t nh\u1eb5n m\u1ecbn gi\u00fap m\u1ef1c in UV v\u00e0 m\u1ef1c in offset b\u00e1m d\u00ednh t\u1ed1t, \u0111\u1ed3ng th\u1eddi kh\u00f4ng l\u00e0m bi\u1ebfn d\u1ea1ng hi\u1ec7u \u1ee9ng \u00e1nh s\u00e1ng c\u1ed9t ngang.<\/p>\n<p>K209A kh\u00e1c v\u1edbi Z28 (hologram ch\u00f9m ngang) nh\u01b0 th\u1ebf n\u00e0o?<\/p>\n<table>\n<tbody>\n<tr>\n<td width=\"184\">M\u1eabu<\/td>\n<td width=\"184\">Lo\u1ea1i thi\u1ebft k\u1ebf<\/td>\n<td width=\"184\">H\u01b0\u1edbng c\u1ee7a c\u1ed9t\/d\u1ea7m<\/td>\n<td width=\"184\">Kho\u1ea3ng c\u00e1ch<\/td>\n<td width=\"184\">Chi\u1ec1u r\u1ed9ng<\/td>\n<td width=\"184\">\u0110i\u1ec3m m\u1ea1nh ch\u00ednh<\/td>\n<\/tr>\n<tr>\n<td width=\"184\">K209A<\/td>\n<td width=\"184\">\u0110\u00e8n c\u1ed9t nh\u1ecf<\/td>\n<td width=\"184\">Ngang<\/td>\n<td width=\"184\">2,5 cm (kho\u1ea3ng c\u00e1ch gi\u1eefa c\u00e1c tia s\u00e1ng d\u00e0y \u0111\u1eb7c)<\/td>\n<td width=\"184\">900 mm<\/td>\n<td width=\"184\">Th\u1ea9m m\u1ef9 tinh t\u1ebf, r\u1ed9ng m\u1edf<\/td>\n<\/tr>\n<tr>\n<td width=\"184\">Z28<\/td>\n<td width=\"184\">Ch\u00f9m s\u00e1ng ngang<\/td>\n<td width=\"184\">Ngang<\/td>\n<td width=\"184\">5 cm (kho\u1ea3ng c\u00e1ch gi\u1eefa c\u00e1c thanh nh\u1eb9)<\/td>\n<td width=\"184\">890 mm<\/td>\n<td width=\"184\">K\u1ec7 n\u1ed5i b\u1eadt, thi\u1ebft k\u1ebf t\u00e1o b\u1ea1o, gi\u00fap t\u0103ng chi\u1ec1u cao<\/td>\n<\/tr>\n<\/tbody>\n<\/table>\n<p>&nbsp;<\/p>\n<p>N\u00e2ng t\u1ea7m th\u01b0\u01a1ng hi\u1ec7u c\u1ee7a b\u1ea1n v\u1edbi \u0111\u00e8n c\u1ed9t ngang nh\u1ecf tinh x\u1ea3o hi\u1ec7u \u1ee9ng ba chi\u1ec1u K209A \u2013 YWJUNCHI cung c\u1ea5p c\u00e1c gi\u1ea3i ph\u00e1p PET li\u1ec1n m\u1ea1ch, \u0111\u01b0\u1ee3c ch\u1ebf t\u00e1c ch\u00ednh x\u00e1c v\u00e0 ch\u1ed1ng l\u00e0m gi\u1ea3, ph\u00f9 h\u1ee3p v\u1edbi nhu c\u1ea7u \u0111\u00f3ng g\u00f3i cao c\u1ea5p c\u1ee7a b\u1ea1n. C\u00f3 s\u1eb5n m\u1eabu mi\u1ec5n ph\u00ed \u0111\u1ec3 th\u1eed nghi\u1ec7m!<\/p>\n<p><em><i>YWJUNCHI K209A \u2013 N\u01a1i \u00e1nh s\u00e1ng tinh t\u1ebf t\u1eeb c\u1ed9t \u0111\u00e8n ngang h\u00f2a quy\u1ec7n c\u00f9ng s\u1ef1 ho\u00e0n h\u1ea3o c\u1ee7a bao b\u00ec cao c\u1ea5p!<\/i><\/em><\/p>","protected":false},"excerpt":{"rendered":"<p>K209A: M\u00e0ng h\u00ecnh ba chi\u1ec1u cho \u0111\u00e8n c\u1ed9t ngang nh\u1ecf, chi\u1ec1u r\u1ed9ng ch\u00f9m s\u00e1ng 2,5 cm, chi\u1ec1u r\u1ed9ng t\u1ed1i \u0111a 900 mm.<\/p>","protected":false},"featured_media":581,"comment_status":"open","ping_status":"closed","template":"","meta":[],"product_brand":[],"product_cat":[17],"product_tag":[50,75],"class_list":{"0":"post-299","1":"product","2":"type-product","3":"status-publish","4":"has-post-thumbnail","6":"product_cat-holographic-film","7":"product_tag-2-5cm-pillar-light-hologram-film","8":"product_tag-sc01-hologram-film","10":"first","11":"instock","12":"shipping-taxable","13":"product-type-simple"},"_links":{"self":[{"href":"https:\/\/www.ywjunchi.com\/vi\/wp-json\/wp\/v2\/product\/299","targetHints":{"allow":["GET"]}}],"collection":[{"href":"https:\/\/www.ywjunchi.com\/vi\/wp-json\/wp\/v2\/product"}],"about":[{"href":"https:\/\/www.ywjunchi.com\/vi\/wp-json\/wp\/v2\/types\/product"}],"replies":[{"embeddable":true,"href":"https:\/\/www.ywjunchi.com\/vi\/wp-json\/wp\/v2\/comments?post=299"}],"wp:featuredmedia":[{"embeddable":true,"href":"https:\/\/www.ywjunchi.com\/vi\/wp-json\/wp\/v2\/media\/581"}],"wp:attachment":[{"href":"https:\/\/www.ywjunchi.com\/vi\/wp-json\/wp\/v2\/media?parent=299"}],"wp:term":[{"taxonomy":"product_brand","embeddable":true,"href":"https:\/\/www.ywjunchi.com\/vi\/wp-json\/wp\/v2\/product_brand?post=299"},{"taxonomy":"product_cat","embeddable":true,"href":"https:\/\/www.ywjunchi.com\/vi\/wp-json\/wp\/v2\/product_cat?post=299"},{"taxonomy":"product_tag","embeddable":true,"href":"https:\/\/www.ywjunchi.com\/vi\/wp-json\/wp\/v2\/product_tag?post=299"}],"curies":[{"name":"wp","href":"https:\/\/api.w.org\/{rel}","templated":true}]}}