{"id":295,"date":"2026-03-17T08:27:51","date_gmt":"2026-03-17T08:27:51","guid":{"rendered":"https:\/\/www.ywjunchi.com\/?post_type=product&#038;p=295"},"modified":"2026-05-01T07:45:02","modified_gmt":"2026-05-01T07:45:02","slug":"dw03-h42-mang-phim-ba-chieu","status":"publish","type":"product","link":"https:\/\/www.ywjunchi.com\/vi\/product\/dw03-h42-holographic-film\/","title":{"rendered":"M\u00e0ng hologram DW03 H42"},"content":{"rendered":"<h3>DW03 M\u00e0ng hologram li\u1ec1n m\u1ea1ch Finesand (v\u1eadt li\u1ec7u k\u00e9p PET\/PVC)<\/h3>\n<p><strong><b>S\u1ea3n xu\u1ea5t<\/b><\/strong>:V\u1eadt li\u1ec7u \u0111\u00f3ng g\u00f3i YIWU JUNCHI<\/p>\n<p><strong><b>Th\u00f4ng s\u1ed1 k\u1ef9 thu\u1eadt ch\u00ednh<\/b><\/strong>: D\u00f2ng DW03 (C\u00f4ng ngh\u1ec7 Zhongjia H42 Master+K LASER KP12, Thi\u1ebft k\u1ebf h\u00ecnh ba chi\u1ec1u Finesand, C121, S004)<\/p>\n<p><strong><b>C\u00e1c th\u00f4ng s\u1ed1 ch\u00ednh<\/b><\/strong>:<\/p>\n<p>1. Chi\u1ec1u r\u1ed9ng t\u1ed1i \u0111a c\u1ee7a m\u00e1y in: 1090 mm (si\u00eau r\u1ed9ng, ph\u00f9 h\u1ee3p cho s\u1ea3n xu\u1ea5t kh\u1ed5 l\u1edbn, gi\u00fap gi\u1ea3m thi\u1ec3u vi\u1ec7c gh\u00e9p n\u1ed1i)<\/p>\n<p>2. S\u1ea3n ph\u1ea9m ho\u00e0n thi\u1ec7n: M\u00e0ng PET ba chi\u1ec1u kh\u00f4ng \u0111\u01b0\u1eddng n\u1ed1i + M\u00e0ng PVC ba chi\u1ec1u kh\u00f4ng \u0111\u01b0\u1eddng n\u1ed1i<\/p>\n<p>3. C\u00e1c \u1ee9ng d\u1ee5ng ch\u00ednh: Nh\u00e3n ch\u1ed1ng h\u00e0ng gi\u1ea3, bao b\u00ec cao c\u1ea5p (h\u1ed9p m\u1ef9 ph\u1ea9m, bao b\u00ec h\u00f3a m\u1ef9 ph\u1ea9m), \u00e9p m\u00e0ng gi\u1ea5y, in UV\/in offset<\/p>\n<p><strong><b>C\u00e1c t\u00e1c \u0111\u1ed9ng ch\u00ednh<\/b><\/strong>:C\u00e1c t\u00f9y ch\u1ecdn \u00e9p m\u00e0ng v\u00e0 in chuy\u1ec3n<\/p>\n<p><strong><b>Kinh nghi\u1ec7m s\u1ea3n xu\u1ea5t<\/b><\/strong>: H\u01a1n 20 n\u0103m chuy\u00ean s\u1ea3n xu\u1ea5t m\u00e0ng phim ba chi\u1ec1u<\/p>\n<h3>\u0110i\u1ec1u g\u00ec khi\u1ebfn DW03 tr\u1edf th\u00e0nh l\u1ef1a ch\u1ecdn h\u00e0ng \u0111\u1ea7u trong d\u00f2ng s\u1ea3n ph\u1ea9m c\u00e1t m\u1ecbn hi\u1ec7u \u1ee9ng ba chi\u1ec1u?<\/h3>\n<h4>Thi\u1ebft k\u1ebf Finesand \u0111\u1ed9c quy\u1ec1n &amp; C\u00f4ng ngh\u1ec7 Dual-Master<\/h4>\n<p>\u0110\u01b0\u1ee3c ch\u1ebf t\u00e1c t\u1eeb t\u1ea5m khu\u00f4n ch\u00ednh x\u00e1c Zhongjia H42 k\u1ebft h\u1ee3p v\u1edbi c\u00f4ng ngh\u1ec7 d\u1eadp n\u1ed5i ba chi\u1ec1u K LASER KP12, d\u00f2ng s\u1ea3n ph\u1ea9m DW03 s\u1edf h\u1eefu c\u00e1c hoa v\u0103n ba chi\u1ec1u si\u00eau m\u1ecbn nh\u01b0 c\u00e1t \u2013 m\u1ed9t k\u1ebft c\u1ea5u tinh t\u1ebf nh\u01b0ng \u1ea5n t\u01b0\u1ee3ng, m\u00f4 ph\u1ecfng c\u00e1t m\u1ecbn t\u1ef1 nhi\u00ean, mang l\u1ea1i hi\u1ec7u \u1ee9ng th\u1ecb gi\u00e1c k\u1ebft h\u1ee3p gi\u1eefa m\u1edd v\u00e0 b\u00f3ng cao c\u1ea5p.S\u1eed d\u1ee5ng c\u00f4ng ngh\u1ec7 khu\u00f4n m\u1eabu holographic vi \u0111i\u1ec3m (c\u1ea5u tr\u00fac \u0111\u01b0\u1ee3c c\u1ea5p b\u1eb1ng s\u00e1ng ch\u1ebf: CN202088769U), hoa v\u0103n bao g\u1ed3m c\u00e1c vi \u0111i\u1ec3m c\u00f3 k\u00edch th\u01b0\u1edbc t\u1eeb 0,01 \u0111\u1ebfn 4 mm\u00b2 \u0111\u01b0\u1ee3c s\u1eafp x\u1ebfp kh\u00f4ng \u0111\u1ec1u, t\u1ea1o ra hi\u1ec7u \u1ee9ng \u201cb\u1ea7u tr\u1eddi \u0111\u1ea7y sao\u201d c\u00f3 th\u1ec3 nh\u00ecn th\u1ea5y b\u1eb1ng m\u1eaft th\u01b0\u1eddng.Thi\u1ebft k\u1ebf khu\u00f4n k\u00e9p k\u1ebft h\u1ee3p th\u1ea9m m\u1ef9 k\u1ebft c\u1ea5u c\u1ed5 \u0111i\u1ec3n c\u1ee7a Zhongjia v\u1edbi c\u00f4ng ngh\u1ec7 giao thoa \u00e1nh s\u00e1ng ti\u00ean ti\u1ebfn c\u1ee7a K LASER, \u0111\u1ea3m b\u1ea3o t\u1eebng chi ti\u1ebft gi\u1ed1ng h\u1ea1t c\u00e1t \u0111\u1ec1u s\u1eafc n\u00e9t, ba chi\u1ec1u v\u00e0 li\u1ec1n m\u1ea1ch tr\u00ean to\u00e0n b\u1ed9 chi\u1ec1u r\u1ed9ng 1090mm.<\/p>\n<h4>\u01afu \u0111i\u1ec3m n\u1ed5i b\u1eadt: C\u1ea5u tr\u00fac h\u1ea1t m\u1ecbn + T\u00ednh linh ho\u1ea1t c\u1ee7a v\u1eadt li\u1ec7u k\u00e9p<\/h4>\n<p><b><\/b><strong><b>Hi\u1ec7u qu\u1ea3 ch\u1ed1ng h\u00e0ng gi\u1ea3 v\u01b0\u1ee3t tr\u1ed9i<\/b><\/strong>:<\/p>\n<p>Ngo\u00e0i l\u1edbp m\u00e0ng m\u1ecbn \u0111\u1ed9c \u0111\u00e1o v\u00e0 r\u00e0o c\u1ea3n th\u1ecb gi\u00e1c, m\u00e0ng n\u00e0y c\u00f2n t\u00edch h\u1ee3p c\u00e1c y\u1ebfu t\u1ed1 b\u1ea3o m\u1eadt \u1ea9n: c\u00e1c kh\u1ed1i m\u00e3 h\u00f3a k\u00edch ho\u1ea1t b\u1eb1ng laser (hi\u1ec3n th\u1ecb d\u01b0\u1edbi tia laser b\u01b0\u1edbc s\u00f3ng 532nm) v\u00e0 v\u0103n b\u1ea3n in si\u00eau nh\u1ecf (\u0111\u1ed9 r\u1ed9ng \u0111\u01b0\u1eddng in \u22644\u03bcm).S\u1ef1 s\u1eafp x\u1ebfp vi \u0111i\u1ec3m kh\u00f4ng \u0111\u1ec1u g\u1ea7n nh\u01b0 kh\u00f4ng th\u1ec3 sao ch\u00e9p \u0111\u01b0\u1ee3c - ngay c\u1ea3 v\u1edbi thi\u1ebft b\u1ecb l\u00e0m gi\u1ea3 ti\u00ean ti\u1ebfn - \u0111\u00e1p \u1ee9ng c\u00e1c ti\u00eau chu\u1ea9n ch\u1ed1ng l\u00e0m gi\u1ea3 b\u1eb1ng h\u00ecnh ba chi\u1ec1u GB\/T 17000-2009. D\u01b0\u1edbi \u00e1nh s\u00e1ng, k\u1ebft c\u1ea5u c\u00e1t m\u1ecbn hi\u1ec3n th\u1ecb hi\u1ec7u \u1ee9ng giao thoa c\u1ea7u v\u1ed3ng m\u1ec1m m\u1ea1i (d\u1ea3i b\u01b0\u1edbc s\u00f3ng 430-670nm), cho ph\u00e9p x\u00e1c minh t\u00ednh x\u00e1c th\u1ef1c m\u1ed9t c\u00e1ch tr\u1ef1c quan.<\/p>\n<p><b><\/b><strong><b>Kh\u1ea3 n\u0103ng t\u01b0\u01a1ng th\u00edch v\u1edbi hai lo\u1ea1i v\u1eadt li\u1ec7u<\/b><\/strong>:<\/p>\n<p><b><\/b>1. Phi\u00ean b\u1ea3n PET: Th\u00e2n thi\u1ec7n v\u1edbi m\u00f4i tr\u01b0\u1eddng (\u0111\u1ea1t ch\u1ee9ng nh\u1eadn ROHS), \u0111\u1ed9 \u1ed5n \u0111\u1ecbnh k\u00edch th\u01b0\u1edbc tuy\u1ec7t v\u1eddi v\u00e0 kh\u1ea3 n\u0103ng ch\u1ecbu nhi\u1ec7t (ch\u1ecbu \u0111\u01b0\u1ee3c nhi\u1ec7t \u0111\u1ed9 120\u2103 trong 30 ph\u00fat khi s\u1ea5y). L\u00fd t\u01b0\u1edfng cho h\u1ed9p m\u1ef9 ph\u1ea9m cao c\u1ea5p, bao b\u00ec ti\u1ebfp x\u00fac v\u1edbi th\u1ef1c ph\u1ea9m v\u00e0 c\u00e1c \u1ee9ng d\u1ee5ng c\u00f4ng t\u1eafc m\u00e0ng nh\u1ef1a. S\u1ea3n ph\u1ea9m c\u00f3 \u0111\u1ed9 b\u1ec1n k\u00e9o \u2265220 MPa v\u00e0 kh\u1ea3 n\u0103ng ch\u1ed1ng m\u00e0i m\u00f2n theo ti\u00eau chu\u1ea9n Taber (1.000 chu k\u1ef3, \u0111\u1ed9 m\u1edd t\u0103ng \u226421 TP3T). .<\/p>\n<p><b><\/b>2. Phi\u00ean b\u1ea3n PVC: \u0110\u1ed9 d\u1ebbo dai v\u01b0\u1ee3t tr\u1ed9i (d\u1ec5 d\u00e0ng c\u1eaft khu\u00f4n \u0111\u1ec3 l\u00e0m nh\u00e3n) v\u00e0 kh\u1ea3 n\u0103ng in \u1ea5n linh ho\u1ea1t (n\u0103ng l\u01b0\u1ee3ng b\u1ec1 m\u1eb7t \u226539 mN\/m), t\u01b0\u01a1ng th\u00edch v\u1edbi c\u00e1c ph\u01b0\u01a1ng ph\u00e1p in UV, in offset v\u00e0 in l\u1ee5a. S\u1ea3n ph\u1ea9m l\u00fd t\u01b0\u1edfng cho nh\u00e3n d\u00e1n, bao b\u00ec trang tr\u00ed v\u00e0 c\u00e1c \u1ee9ng d\u1ee5ng b\u1ecdc co nhi\u1ec7t \u2013 c\u00f3 kh\u1ea3 n\u0103ng ch\u1ed1ng d\u1ea7u m\u1ee1 v\u00e0 h\u00f3a ch\u1ea5t. .<\/p>\n<p>C\u1ea3 hai phi\u00ean b\u1ea3n \u0111\u1ec1u c\u00f3 c\u1ea5u tr\u00fac li\u1ec1n m\u1ea1ch th\u1ef1c s\u1ef1, gi\u00fap lo\u1ea1i b\u1ecf hi\u1ec7n t\u01b0\u1ee3ng \u0111\u1ee9t m\u1eabu trong qu\u00e1 tr\u00ecnh s\u1ea3n xu\u1ea5t kh\u1ed5 l\u1edbn.<\/p>\n<h4>C\u1ea5u tr\u00fac l\u1edbp v\u00e0 hi\u1ec7u su\u1ea5t theo t\u1eebng lo\u1ea1i v\u1eadt li\u1ec7u<\/h4>\n<h5>M\u00e0ng c\u00e1t m\u1ecbn PET (Ch\u1ea5t l\u01b0\u1ee3ng cao &amp; B\u1ec1n b\u1ec9)<\/h5>\n<p>1. C\u1ea5u tr\u00fac l\u1edbp (t\u1eeb d\u01b0\u1edbi l\u00ean tr\u00ean): L\u1edbp ph\u1ee7 m\u1edd \u2192 L\u1edbp kim lo\u1ea1i c\u00f3 \u0111\u1ed9 ph\u1ea3n x\u1ea1 cao \u2192 L\u1edbp l\u00f5i PET \u2192 L\u1edbp d\u1eadp n\u1ed5i hi\u1ec7u \u1ee9ng ba chi\u1ec1u b\u1eb1ng c\u00e1t m\u1ecbn \u2192 L\u1edbp ph\u1ee7 ch\u1ed1ng tr\u1ea7y x\u01b0\u1edbc<\/p>\n<p>2. C\u00e1c th\u00f4ng s\u1ed1 k\u1ef9 thu\u1eadt ch\u00ednh: \u0110\u1ed9 truy\u1ec1n s\u00e1ng \u226592%, \u0111\u1ed9 m\u1edd \u22641,0%, ch\u1ed1ng t\u0129nh \u0111i\u1ec7n (\u0111i\u1ec7n tr\u1edf b\u1ec1 m\u1eb7t \u226410\u00b9\u2070\u03a9) v\u00e0 kh\u1ea3 n\u0103ng b\u00e1m m\u1ef1c tuy\u1ec7t v\u1eddi cho in UV\/in k\u1ef9 thu\u1eadt s\u1ed1. .<\/p>\n<h5>M\u00e0ng PVC h\u1ea1t m\u1ecbn (d\u1ebbo v\u00e0 d\u1ec5 in)<\/h5>\n<p>1. C\u1ea5u tr\u00fac l\u1edbp (t\u1eeb d\u01b0\u1edbi l\u00ean tr\u00ean): L\u1edbp s\u1eb5n s\u00e0ng d\u00e1n \u2192 L\u1edbp ph\u1ea3n quang \u2192 L\u1edbp l\u00f5i PVC \u2192 L\u1edbp d\u1eadp n\u1ed5i hologram c\u00e1t m\u1ecbn \u2192 L\u1edbp ph\u1ee7 ch\u1ed1ng d\u00ednh<\/p>\n<p>2. \u0110\u1eb7c t\u00ednh ch\u00ednh: C\u1ea5u tr\u00fac m\u1ec1m (m\u00f4 \u0111un u\u1ed1n \u22642500 MPa), d\u1ec5 d\u00e0ng c\u1eaft khu\u00f4n v\u00e0 t\u01b0\u01a1ng th\u00edch v\u1edbi m\u1ef1c in g\u1ed1c dung m\u00f4i \u2013 l\u00fd t\u01b0\u1edfng cho nh\u00e3n v\u00e0 bao b\u00ec c\u00f3 h\u00ecnh d\u1ea1ng ph\u1ee9c t\u1ea1p. .<\/p>\n<h3>C\u00e1c \u1ee9ng d\u1ee5ng chuy\u00ean bi\u1ec7t<\/h3>\n<p><b><\/b><strong><b>1. C\u00e1c gi\u1ea3i ph\u00e1p ch\u1ed1ng h\u00e0ng gi\u1ea3<\/b><\/strong>:Nh\u00e3n b\u1ea3o m\u1eadt cao d\u00e0nh cho d\u01b0\u1ee3c ph\u1ea9m, h\u00e0ng xa x\u1ec9 v\u00e0 c\u00e1c s\u1ea3n ph\u1ea9m h\u00f3a m\u1ef9 ph\u1ea9m c\u00f3 th\u01b0\u01a1ng hi\u1ec7u (v\u1edbi c\u00e1c chi ti\u1ebft tinh x\u1ea3o, hoa v\u0103n \u0111\u1ed9c \u0111\u00e1o v\u00e0 c\u00e1c kh\u1ed1i m\u00e3 h\u00f3a \u1ea9n).<\/p>\n<p><b><\/b><strong><b>2. Bao b\u00ec cao c\u1ea5p<\/b><\/strong>:H\u1ed9p \u0111\u1ef1ng m\u1ef9 ph\u1ea9m, h\u1ed9p \u0111\u1ef1ng kem \u0111\u00e1nh r\u0103ng, h\u1ed9p \u0111\u1ef1ng r\u01b0\u1ee3u vang v\u00e0 h\u1ed9p qu\u00e0 t\u1eb7ng kh\u1ed5 l\u1edbn (chi\u1ec1u r\u1ed9ng 1090 mm ph\u00f9 h\u1ee3p v\u1edbi c\u00e1c k\u00edch th\u01b0\u1edbc t\u1edd gi\u1ea5y ti\u00eau chu\u1ea9n m\u00e0 kh\u00f4ng c\u1ea7n gh\u00e9p n\u1ed1i).<\/p>\n<p><b><\/b><strong><b>3. T\u00e0i li\u1ec7u in \u1ea5n<\/b><\/strong>:T\u00fai gi\u1ea5y tr\u00e1ng m\u00e0ng, b\u00eca catalogue v\u00e0 \u00e1p ph\u00edch qu\u1ea3ng c\u00e1o (c\u00e1c h\u1ecda ti\u1ebft tinh t\u1ebf v\u00e0 k\u1ebft c\u1ea5u mang l\u1ea1i c\u1ea3m gi\u00e1c sang tr\u1ecdng khi ch\u1ea1m v\u00e0o cho thi\u1ebft k\u1ebf h\u00ecnh \u1ea3nh).<\/p>\n<p><b><\/b><strong><b>4. \u1ee8ng d\u1ee5ng chuy\u00ean d\u1ee5ng<\/b><\/strong>:C\u00f4ng t\u1eafc m\u00e0ng, b\u1ea3ng \u0111i\u1ec1u khi\u1ec3n t\u1eeb xa v\u00e0 quy tr\u00ecnh IMD (trang tr\u00ed trong khu\u00f4n) (\u0111\u1ed9 b\u1ec1n m\u00e0i m\u00f2n c\u1ee7a phi\u00ean b\u1ea3n PET \u0111\u00e1p \u1ee9ng y\u00eau c\u1ea7u h\u01a1n 500.000 l\u1ea7n nh\u1ea5n ph\u00edm). .<\/p>\n<h3>T\u1ea1i sao n\u00ean ch\u1ecdn YWJUNCHI DW03?<\/h3>\n<p><b><\/b>N\u00e9t th\u1ea9m m\u1ef9 \u0111\u1ed9c \u0111\u00e1o c\u1ee7a Finesand: K\u1ebft c\u1ea5u tinh t\u1ebf nh\u01b0ng n\u1ed5i b\u1eadt gi\u00fap s\u1ea3n ph\u1ea9m kh\u00e1c bi\u1ec7t so v\u1edbi c\u00e1c lo\u1ea1i m\u00e0ng hologram th\u00f4ng th\u01b0\u1eddng \u2013 l\u00fd t\u01b0\u1edfng cho vi\u1ec7c x\u00e2y d\u1ef1ng th\u01b0\u01a1ng hi\u1ec7u cao c\u1ea5p.<\/p>\n<p><b><\/b>Hi\u1ec7u su\u1ea5t si\u00eau r\u1ed9ng: Chi\u1ec1u r\u1ed9ng t\u1ed1i \u0111a 1.090 mm gi\u00fap gi\u1ea3m l\u01b0\u1ee3ng ph\u1ebf li\u1ec7u v\u1eadt li\u1ec7u xu\u1ed1ng 25% so v\u1edbi m\u00e0ng c\u00f3 chi\u1ec1u r\u1ed9ng 800\u2013900 mm, t\u1eeb \u0111\u00f3 gi\u00fap gi\u1ea3m chi ph\u00ed s\u1ea3n xu\u1ea5t.<\/p>\n<p><b><\/b>T\u00ednh linh ho\u1ea1t c\u1ee7a v\u1eadt li\u1ec7u k\u00e9p: C\u00e1c t\u00f9y ch\u1ecdn PET\/PVC nh\u1eb1m \u0111\u00e1p \u1ee9ng c\u00e1c y\u00eau c\u1ea7u v\u1ec1 m\u00f4i tr\u01b0\u1eddng, hi\u1ec7u su\u1ea5t v\u00e0 chi ph\u00ed.<\/p>\n<p><b><\/b>C\u00f4ng ngh\u1ec7 ch\u1ed1ng h\u00e0ng gi\u1ea3 \u0111\u00e3 \u0111\u01b0\u1ee3c c\u1ea5p b\u1eb1ng s\u00e1ng ch\u1ebf: C\u1ea5u tr\u00fac vi \u0111i\u1ec3m kh\u00f4ng \u0111\u1ec1u k\u1ebft h\u1ee3p v\u1edbi c\u00e1c kh\u1ed1i m\u00e3 h\u00f3a \u1ea9n t\u1ea1o ra m\u1ed9t r\u00e0o c\u1ea3n k\u1ef9 thu\u1eadt cao ch\u1ed1ng l\u1ea1i h\u00e0nh vi l\u00e0m gi\u1ea3.<\/p>\n<p><b><\/b>H\u1ed7 tr\u1ee3 t\u00f9y ch\u1ec9nh: \u0110\u1ed9 d\u00e0y c\u00f3 th\u1ec3 \u0111i\u1ec1u ch\u1ec9nh (m\u00e0ng hologram PET: 16\u201350 \u03bcm; m\u00e0ng hologram PVC: 50 \u03bcm; m\u00e0ng hologram BOPP: 18 \u03bcm), m\u00e0u b\u1ea1c kim lo\u1ea1i v\u00e0 t\u00edch h\u1ee3p y\u1ebfu t\u1ed1 m\u00e3 h\u00f3a.<\/p>\n<h3>C\u00e2u h\u1ecfi th\u01b0\u1eddng g\u1eb7p?<\/h3>\n<p>\u01afu \u0111i\u1ec3m c\u1ee7a k\u1ebft c\u1ea5u h\u1ea1t m\u1ecbn l\u00e0 g\u00ec? N\u00f3 mang l\u1ea1i b\u1ec1 m\u1eb7t ho\u00e0n thi\u1ec7n cao c\u1ea5p, kh\u00f4ng ch\u00f3i l\u00f3a, r\u1ea5t ph\u00f9 h\u1ee3p v\u1edbi bao b\u00ec cao c\u1ea5p \u2013 \u0111\u1ed3ng th\u1eddi tr\u00e1nh \u0111\u01b0\u1ee3c v\u1ebb ngo\u00e0i \u201cqu\u00e1 l\u00f2e lo\u1eb9t\u201d c\u1ee7a c\u00e1c lo\u1ea1i m\u00e0ng ba chi\u1ec1u truy\u1ec1n th\u1ed1ng.<\/p>\n<p>C\u00f3 th\u1ec3 t\u00f9y ch\u1ec9nh m\u1eabu c\u00e1t m\u1ecbn kh\u00f4ng? C\u00f3, h\u1ed7 tr\u1ee3 m\u1eadt \u0111\u1ed9 \u0111i\u1ec3m \u1ea3nh si\u00eau nh\u1ecf v\u00e0 ph\u1ed1i m\u00e0u theo y\u00eau c\u1ea7u ri\u00eang c\u1ee7a t\u1eebng th\u01b0\u01a1ng hi\u1ec7u.<\/p>\n<p>DW03 kh\u00e1c DW04 \u1edf \u0111i\u1ec3m n\u00e0o?<\/p>\n<table>\n<tbody>\n<tr>\n<td width=\"184\">M\u1eabu<\/td>\n<td width=\"184\">Thi\u1ebft k\u1ebf c\u1ed1t l\u00f5i<\/td>\n<td width=\"184\">Chi\u1ec1u r\u1ed9ng<\/td>\n<td width=\"184\">K\u1ebft c\u1ea5u<\/td>\n<td width=\"184\">\u0110i\u1ec3m m\u1ea1nh ch\u00ednh<\/td>\n<\/tr>\n<tr>\n<td width=\"184\">DW03<\/td>\n<td width=\"184\">Zhongjia H42 + K LASER KP12<\/td>\n<td width=\"184\">1090 mm<\/td>\n<td width=\"184\">Finesand (Micro-Pixel)<\/td>\n<td width=\"184\">C\u00f4ng ngh\u1ec7 c\u1ea3m \u1ee9ng cao c\u1ea5p &amp; m\u00e3 h\u00f3a \u1ea9n<\/td>\n<\/tr>\n<tr>\n<td width=\"184\">DW04<\/td>\n<td width=\"184\">Zhongjia H36 + K LASER HP59<\/td>\n<td width=\"184\">1020 mm<\/td>\n<td width=\"184\">Hologram \u0111\u1ed9ng<\/td>\n<td width=\"184\">T\u00ednh linh ho\u1ea1t c\u1ee7a v\u1eadt li\u1ec7u k\u00e9p<\/td>\n<\/tr>\n<\/tbody>\n<\/table>\n<p>N\u00e2ng t\u1ea7m th\u01b0\u01a1ng hi\u1ec7u c\u1ee7a b\u1ea1n v\u1edbi hi\u1ec7u \u1ee9ng holographic c\u00e1t m\u1ecbn cao c\u1ea5p DW03 \u2013 YWJUNCHI mang \u0111\u1ebfn t\u00ednh n\u0103ng ch\u1ed1ng l\u00e0m gi\u1ea3, s\u1ef1 linh ho\u1ea1t c\u1ee7a v\u1eadt li\u1ec7u k\u00e9p v\u00e0 hi\u1ec7u su\u1ea5t s\u1ea3n xu\u1ea5t c\u1ef1c cao, \u0111\u01b0\u1ee3c thi\u1ebft k\u1ebf ri\u00eang \u0111\u1ec3 \u0111\u00e1p \u1ee9ng nhu c\u1ea7u c\u1ee7a b\u1ea1n.<\/p>","protected":false},"excerpt":{"rendered":"<p>M\u00e0ng hologram m\u1ecbn v\u00e0 li\u1ec1n m\u1ea1ch DW03, c\u00f2n \u0111\u01b0\u1ee3c g\u1ecdi l\u00e0 KP12, chi\u1ec1u r\u1ed9ng t\u1ed1i \u0111a 1090 mm.<\/p>","protected":false},"featured_media":401,"comment_status":"open","ping_status":"closed","template":"","meta":[],"product_brand":[],"product_cat":[17],"product_tag":[73,67,74],"class_list":{"0":"post-295","1":"product","2":"type-product","3":"status-publish","4":"has-post-thumbnail","6":"product_cat-holographic-film","7":"product_tag-c121","8":"product_tag-kp12-holographic-film","9":"product_tag-s004","11":"first","12":"instock","13":"shipping-taxable","14":"product-type-simple"},"_links":{"self":[{"href":"https:\/\/www.ywjunchi.com\/vi\/wp-json\/wp\/v2\/product\/295","targetHints":{"allow":["GET"]}}],"collection":[{"href":"https:\/\/www.ywjunchi.com\/vi\/wp-json\/wp\/v2\/product"}],"about":[{"href":"https:\/\/www.ywjunchi.com\/vi\/wp-json\/wp\/v2\/types\/product"}],"replies":[{"embeddable":true,"href":"https:\/\/www.ywjunchi.com\/vi\/wp-json\/wp\/v2\/comments?post=295"}],"wp:featuredmedia":[{"embeddable":true,"href":"https:\/\/www.ywjunchi.com\/vi\/wp-json\/wp\/v2\/media\/401"}],"wp:attachment":[{"href":"https:\/\/www.ywjunchi.com\/vi\/wp-json\/wp\/v2\/media?parent=295"}],"wp:term":[{"taxonomy":"product_brand","embeddable":true,"href":"https:\/\/www.ywjunchi.com\/vi\/wp-json\/wp\/v2\/product_brand?post=295"},{"taxonomy":"product_cat","embeddable":true,"href":"https:\/\/www.ywjunchi.com\/vi\/wp-json\/wp\/v2\/product_cat?post=295"},{"taxonomy":"product_tag","embeddable":true,"href":"https:\/\/www.ywjunchi.com\/vi\/wp-json\/wp\/v2\/product_tag?post=295"}],"curies":[{"name":"wp","href":"https:\/\/api.w.org\/{rel}","templated":true}]}}