{"id":277,"date":"2026-03-17T08:12:02","date_gmt":"2026-03-17T08:12:02","guid":{"rendered":"https:\/\/www.ywjunchi.com\/?post_type=product&#038;p=277"},"modified":"2026-05-01T06:17:54","modified_gmt":"2026-05-01T06:17:54","slug":"dw09-h53-mang-hologram-lien-mach","status":"publish","type":"product","link":"https:\/\/www.ywjunchi.com\/vi\/product\/dw09-h53-seamless-hologram-film\/","title":{"rendered":"M\u00e0ng hologram li\u1ec1n m\u1ea1ch DW09-H53"},"content":{"rendered":"<h2>M\u00e0ng hologram li\u1ec1n m\u1ea1ch YWJUNCHI DW09:<\/h2>\n<p>M\u00e0ng hologram li\u1ec1n m\u1ea1ch h\u00ecnh kim c\u01b0\u01a1ng DW09 (v\u1eadt li\u1ec7u k\u00e9p PET\/PVC)<\/p>\n<p><strong>S\u1ea3n xu\u1ea5t<\/strong>:C\u00f4ng ty V\u1eadt li\u1ec7u \u0110\u00f3ng g\u00f3i Yiwujunchi<\/p>\n<p><strong>Th\u00f4ng s\u1ed1 k\u1ef9 thu\u1eadt ch\u00ednh<\/strong>: D\u00f2ng DW09 (Zhongjia H53 Hologram Master + K LASER HP17 Hologram Master)<\/p>\n<p><strong>C\u00e1c th\u00f4ng s\u1ed1 ch\u00ednh<\/strong>:<\/p>\n<p>Chi\u1ec1u r\u1ed9ng t\u1ed1i \u0111a: 1120 mm (si\u00eau r\u1ed9ng, ph\u00f9 h\u1ee3p cho s\u1ea3n xu\u1ea5t kh\u1ed5 l\u1edbn, gi\u00fap gi\u1ea3m thi\u1ec3u vi\u1ec7c gh\u00e9p n\u1ed1i v\u00e0 l\u00e3ng ph\u00ed v\u1eadt li\u1ec7u)<\/p>\n<p>Lo\u1ea1i v\u1eadt li\u1ec7u: M\u00e0ng PET ba chi\u1ec1u kh\u00f4ng \u0111\u01b0\u1eddng n\u1ed1i + M\u00e0ng PVC ba chi\u1ec1u kh\u00f4ng \u0111\u01b0\u1eddng n\u1ed1i (k\u1ebft h\u1ee3p hai lo\u1ea1i v\u1eadt li\u1ec7u \u0111\u1ec3 \u0111\u00e1p \u1ee9ng c\u00e1c nhu c\u1ea7u \u0111a d\u1ea1ng)<\/p>\n<p>C\u00e1c \u1ee9ng d\u1ee5ng ch\u00ednh: Laminate (gi\u1ea5y hologram\/th\u1ebb hologram), In \u1ea5n (UV\/offset\/flexo), S\u1ea3n xu\u1ea5t nh\u00e3n d\u00e1n<\/p>\n<p><strong>C\u00e1c t\u00e1c \u0111\u1ed9ng ch\u00ednh<\/strong>:C\u00e1c t\u00f9y ch\u1ecdn \u00e9p m\u00e0ng v\u00e0 in chuy\u1ec3n<\/p>\n<p><strong>Kinh nghi\u1ec7m s\u1ea3n xu\u1ea5t<\/strong>: H\u01a1n 20 n\u0103m chuy\u00ean s\u1ea3n xu\u1ea5t m\u00e0ng phim ba chi\u1ec1u<\/p>\n<p>\u0110i\u1ec1u g\u00ec khi\u1ebfn DW09 tr\u1edf th\u00e0nh m\u1ed9t l\u1ef1a ch\u1ecdn \u0111a n\u0103ng trong l\u0129nh v\u1ef1c h\u00ecnh \u1ea3nh ba chi\u1ec1u?<\/p>\n<h2>Thi\u1ebft k\u1ebf hai m\u1eb7t \u0111\u1ed3ng b\u1ed9 &amp; K\u1ef9 thu\u1eadt ch\u1ebf t\u00e1c h\u00ecnh ba chi\u1ec1u ti\u00ean ti\u1ebfn<\/h2>\n<p>\u0110\u01b0\u1ee3c ch\u1ebf t\u00e1c b\u1eb1ng c\u00f4ng ngh\u1ec7 cao c\u1ea5p hai l\u00f5i \u2013 k\u1ebft h\u1ee3p t\u1ea5m n\u1ec1n ch\u00ednh x\u00e1c Zhongjia H53 v\u1edbi c\u00f4ng ngh\u1ec7 d\u1eadp n\u1ed5i ba chi\u1ec1u K LASER HP17 \u2013 d\u00f2ng s\u1ea3n ph\u1ea9m DW09 s\u1edf h\u1eefu c\u00e1c hoa v\u0103n ba chi\u1ec1u \u0111\u1ed9ng v\u1edbi \u0111\u1ed9 ph\u00e2n gi\u1ea3i cao c\u00f9ng c\u1ea5u tr\u00fac vi-nano si\u00eau m\u1ecbn (\u0111\u1ed9 ph\u00e2n gi\u1ea3i \u22654000dpi).S\u1ef1 t\u00edch h\u1ee3p hai t\u1ea5m khu\u00f4n n\u00e0y k\u1ebft h\u1ee3p th\u1ea9m m\u1ef9 hoa v\u0103n c\u1ed5 \u0111i\u1ec3n c\u1ee7a Zhongjia v\u1edbi c\u00f4ng ngh\u1ec7 giao thoa \u00e1nh s\u00e1ng ti\u00ean ti\u1ebfn c\u1ee7a K LASER, t\u1ea1o ra hi\u1ec7u \u1ee9ng ba chi\u1ec1u \u0111\u1ed9c \u0111\u00e1o v\u1ec1 m\u1eb7t th\u1ecb gi\u00e1c v\u00e0 kh\u00f3 c\u00f3 th\u1ec3 sao ch\u00e9p. C\u1ea5u tr\u00fac li\u1ec1n m\u1ea1ch th\u1ef1c s\u1ef1 \u0111\u1ea3m b\u1ea3o \u0111\u1ed9 r\u00f5 n\u00e9t v\u00e0 \u0111\u1ed9 s\u00e1ng c\u1ee7a hoa v\u0103n nh\u1ea5t qu\u00e1n tr\u00ean to\u00e0n b\u1ed9 chi\u1ec1u r\u1ed9ng si\u00eau r\u1ed9ng 1120mm, kh\u00f4ng c\u00f3 khe h\u1edf n\u1ed1i ho\u1eb7c \u0111\u1ee9t hoa v\u0103n ngay c\u1ea3 khi x\u1eed l\u00fd kh\u1ed5 l\u1edbn.<\/p>\n<h2>\u01afu \u0111i\u1ec3m c\u1ed1t l\u00f5i: T\u00ednh linh ho\u1ea1t c\u1ee7a v\u1eadt li\u1ec7u k\u00e9p v\u00e0 kh\u1ea3 n\u0103ng th\u00edch \u1ee9ng \u0111a n\u0103ng<\/h2>\n<p><strong>Kh\u1ea3 n\u0103ng t\u01b0\u01a1ng th\u00edch v\u1edbi hai lo\u1ea1i v\u1eadt li\u1ec7u<\/strong>:<\/p>\n<p><strong>M\u00e0ng PET ba chi\u1ec1u li\u1ec1n m\u1ea1ch<\/strong>:Th\u00e2n thi\u1ec7n v\u1edbi m\u00f4i tr\u01b0\u1eddng (\u0111\u1ea1t ch\u1ee9ng nh\u1eadn ROHS), \u0111\u1ed9 \u1ed5n \u0111\u1ecbnh k\u00edch th\u01b0\u1edbc tuy\u1ec7t v\u1eddi, kh\u1ea3 n\u0103ng ch\u1ecbu nhi\u1ec7t cao (ch\u1ecbu \u0111\u01b0\u1ee3c nhi\u1ec7t \u0111\u1ed9 100\u2013120\u00b0C trong qu\u00e1 tr\u00ecnh \u00e9p m\u00e0ng\/in \u1ea5n), v\u00e0 l\u00fd t\u01b0\u1edfng cho c\u00e1c \u1ee9ng d\u1ee5ng bao b\u00ec ti\u1ebfp x\u00fac v\u1edbi th\u1ef1c ph\u1ea9m ho\u1eb7c c\u00e1c \u1ee9ng d\u1ee5ng cao c\u1ea5p. S\u1ea3n ph\u1ea9m c\u00f3 \u0111\u1ed9 b\u1ec1n k\u00e9o \u2265220 MPa v\u00e0 \u0111\u1ed9 m\u1edd th\u1ea5p (\u22641,21 TP3T), \u0111\u1ea3m b\u1ea3o hi\u1ec3n th\u1ecb hi\u1ec7u \u1ee9ng ba chi\u1ec1u r\u00f5 n\u00e9t.<\/p>\n<p><strong>M\u00e0ng PVC ba chi\u1ec1u li\u1ec1n m\u1ea1ch<\/strong>:\u0110\u1ed9 linh ho\u1ea1t v\u01b0\u1ee3t tr\u1ed9i, d\u1ec5 d\u00e0ng c\u1eaft khu\u00f4n cho nh\u00e3n d\u00e1n, v\u00e0 kh\u1ea3 n\u0103ng th\u00edch \u1ee9ng in \u1ea5n tuy\u1ec7t v\u1eddi (t\u01b0\u01a1ng th\u00edch v\u1edbi nhi\u1ec1u lo\u1ea1i m\u1ef1c kh\u00e1c nhau). Gi\u1ea3i ph\u00e1p ti\u1ebft ki\u1ec7m chi ph\u00ed cho c\u00e1c nhu c\u1ea7u \u0111\u00f3ng g\u00f3i trang tr\u00ed v\u00e0 th\u00f4ng th\u01b0\u1eddng, v\u1edbi kh\u1ea3 n\u0103ng ch\u1ed1ng d\u1ea7u v\u00e0 h\u00f3a ch\u1ea5t cao.<\/p>\n<p><strong>T\u1ed1i \u01b0u h\u00f3a \u0111a m\u1ee5c \u0111\u00edch<\/strong>:<\/p>\n<p><strong>S\u1ef1 xu\u1ea5t s\u1eafc trong c\u00f4ng ngh\u1ec7 \u00e9p m\u00e0ng<\/strong>:\u0110\u01b0\u1ee3c ph\u1ee7 l\u1edbp keo th\u00e2n thi\u1ec7n v\u1edbi m\u00f4i tr\u01b0\u1eddng (d\u00e0nh cho PET) ho\u1eb7c l\u1edbp s\u01a1n l\u00f3t (d\u00e0nh cho PVC), \u0111\u1ea3m b\u1ea3o \u0111\u1ed9 b\u00e1m d\u00ednh cao (\u22650,8 N\/15 mm) v\u1edbi gi\u1ea5y, b\u00eca c\u1ee9ng v\u00e0 c\u00e1c ch\u1ea5t n\u1ec1n kh\u00e1c. Ch\u1ed1ng l\u1ea1i hi\u1ec7n t\u01b0\u1ee3ng t\u1ea1o b\u1ecdt, bong tr\u00f3c v\u00e0 nh\u0103n trong qu\u00e1 tr\u00ecnh \u00e9p m\u00e0ng.<\/p>\n<p><strong>Kh\u1ea3 n\u0103ng t\u01b0\u01a1ng th\u00edch in \u1ea5n<\/strong>:\u0110\u00e3 qua x\u1eed l\u00fd b\u1ec1 m\u1eb7t \u0111\u1ec3 t\u0103ng c\u01b0\u1eddng \u0111\u1ed9 b\u00e1m d\u00ednh c\u1ee7a m\u1ef1c (n\u0103ng l\u01b0\u1ee3ng b\u1ec1 m\u1eb7t \u226538 mN\/m), t\u01b0\u01a1ng th\u00edch v\u1edbi c\u00e1c ph\u01b0\u01a1ng ph\u00e1p in UV, in offset v\u00e0 in flexo. B\u1ec1 m\u1eb7t nh\u1eb5n m\u1ecbn gi\u00fap ng\u0103n ng\u1eeba hi\u1ec7n t\u01b0\u1ee3ng lem m\u1ef1c, \u0111\u1ea3m b\u1ea3o c\u00e1c thi\u1ebft k\u1ebf in c\u00f3 \u0111\u1ed9 n\u00e9t cao, l\u00e0m n\u1ed5i b\u1eadt hi\u1ec7u \u1ee9ng ba chi\u1ec1u.<\/p>\n<p><strong>Kh\u1ea3 n\u0103ng th\u00edch \u1ee9ng c\u1ee7a nh\u00e3n d\u00e1n<\/strong>:\u0110\u1ed9 d\u00e0y c\u00f3 th\u1ec3 \u0111i\u1ec1u ch\u1ec9nh (m\u00e0ng hologram PET 12\u201350 \u03bcm; m\u00e0ng hologram PVC li\u1ec1n m\u1ea1ch 50 \u03bcm; m\u00e0ng hologram BOPP 18 \u03bcm) ph\u00f9 h\u1ee3p cho qu\u00e1 tr\u00ecnh c\u1eaft khu\u00f4n nh\u00e3n v\u00e0 d\u00e1n keo. T\u00ednh n\u0103ng ch\u1ed1ng t\u0129nh \u0111i\u1ec7n (\u0111i\u1ec7n tr\u1edf b\u1ec1 m\u1eb7t \u226410\u00b9\u2070 \u03a9) gi\u00fap ng\u0103n ng\u1eeba b\u1ee5i b\u00e1m d\u00ednh trong qu\u00e1 tr\u00ecnh gia c\u00f4ng, t\u1eeb \u0111\u00f3 gi\u1ea3m thi\u1ec3u ph\u1ebf ph\u1ea9m s\u1ea3n xu\u1ea5t.<\/p>\n<p><strong>Hi\u1ec7u qu\u1ea3 trong vi\u1ec7c ch\u1ed1ng h\u00e0ng gi\u1ea3<\/strong>:M\u1eabu h\u00ecnh ba chi\u1ec1u \u0111\u1ed9c \u0111\u00e1o v\u1edbi hai l\u1edbp ch\u00ednh t\u1ea1o th\u00e0nh m\u1ed9t r\u00e0o c\u1ea3n ch\u1ed1ng h\u00e0ng gi\u1ea3 t\u1ef1 nhi\u00ean, r\u1ea5t kh\u00f3 sao ch\u00e9p n\u1ebfu kh\u00f4ng c\u00f3 thi\u1ebft b\u1ecb \u0111\u00fac chuy\u00ean d\u1ee5ng. H\u1ed7 tr\u1ee3 c\u00e1c y\u1ebfu t\u1ed1 b\u1ea3o m\u1eadt b\u1ed5 sung (ch\u1eef in si\u00eau nh\u1ecf, h\u00ecnh \u1ea3nh \u1ea9n) \u0111\u1ec3 t\u0103ng c\u01b0\u1eddng b\u1ea3o v\u1ec7 th\u01b0\u01a1ng hi\u1ec7u, \u0111\u00e1p \u1ee9ng c\u00e1c ti\u00eau chu\u1ea9n ch\u1ed1ng h\u00e0ng gi\u1ea3 b\u1eb1ng c\u00f4ng ngh\u1ec7 ba chi\u1ec1u GB\/T 17000-2009.<\/p>\n<h2>C\u1ea5u tr\u00fac l\u1edbp theo lo\u1ea1i v\u1eadt li\u1ec7u<\/h2>\n<p><strong>Phi\u00ean b\u1ea3n PET (Th\u00e2n thi\u1ec7n v\u1edbi m\u00f4i tr\u01b0\u1eddng &amp; B\u1ec1n v\u1eefng)<\/strong>:<\/p>\n<p>L\u1edbp ph\u1ee7 m\u1edd \u2192 L\u1edbp kim lo\u1ea1i c\u00f3 \u0111\u1ed9 ph\u1ea3n x\u1ea1 cao \u2192 L\u1edbp l\u00f5i PET \u2192 L\u1edbp d\u1eadp n\u1ed5i ba chi\u1ec1u \u2192 L\u1edbp ph\u1ee7 ch\u1ed1ng tia UV v\u00e0 ch\u1ed1ng tr\u1ea7y x\u01b0\u1edbc<\/p>\n<p>\u0110\u1ea3m b\u1ea3o \u0111\u1ed9 s\u00e1ng b\u00f3ng c\u1ee7a hi\u1ec7u \u1ee9ng ba chi\u1ec1u b\u1ec1n l\u00e2u, kh\u1ea3 n\u0103ng ch\u1ed1ng tr\u1ea7y x\u01b0\u1edbc (\u0111\u1ed9 c\u1ee9ng b\u00fat ch\u00ec c\u1ea5p H) v\u00e0 kh\u1ea3 n\u0103ng t\u01b0\u01a1ng th\u00edch v\u1edbi c\u00e1c d\u00e2y chuy\u1ec1n s\u1ea3n xu\u1ea5t t\u1ed1c \u0111\u1ed9 cao.<\/p>\n<p><strong>Phi\u00ean b\u1ea3n PVC (D\u1ea1ng m\u1ec1m &amp; D\u1ec5 in)<\/strong>:<\/p>\n<p>L\u1edbp s\u1eb5n s\u00e0ng d\u00e1n \u2192 L\u1edbp ph\u1ea3n quang \u2192 L\u1edbp l\u00f5i PVC \u2192 L\u1edbp d\u1eadp n\u1ed5i ba chi\u1ec1u \u2192 L\u1edbp ph\u1ee7 ch\u1ed1ng d\u00ednh<\/p>\n<p>\u0110\u01b0\u1ee3c t\u1ed1i \u01b0u h\u00f3a \u0111\u1ec3 mang l\u1ea1i t\u00ednh linh ho\u1ea1t v\u00e0 d\u1ec5 d\u00e0ng c\u1eaft khu\u00f4n, s\u1ea3n ph\u1ea9m n\u00e0y l\u00e0 l\u1ef1a ch\u1ecdn ho\u00e0n h\u1ea3o cho nh\u00e3n d\u00e1n v\u00e0 bao b\u00ec trang tr\u00ed nh\u1edd kh\u1ea3 n\u0103ng gia c\u00f4ng thu\u1eadn ti\u1ec7n.<\/p>\n<h2>C\u00e1c \u1ee9ng d\u1ee5ng chuy\u00ean bi\u1ec7t<\/h2>\n<p>Nh\u1edd t\u1eadn d\u1ee5ng t\u00ednh linh ho\u1ea1t c\u1ee7a v\u1eadt li\u1ec7u k\u00e9p, chi\u1ec1u r\u1ed9ng si\u00eau r\u1ed9ng 1120 mm v\u00e0 kh\u1ea3 n\u0103ng t\u01b0\u01a1ng th\u00edch v\u1edbi nhi\u1ec1u quy tr\u00ecnh, DW09 l\u00e0 l\u1ef1a ch\u1ecdn l\u00fd t\u01b0\u1edfng cho:<\/p>\n<p><strong>S\u1ea3n ph\u1ea9m \u00e9p m\u00e0ng<\/strong>:T\u00fai gi\u1ea5y cao c\u1ea5p, b\u00eca catalogue, h\u1ed9p qu\u00e0 t\u1eb7ng, t\u1ea5m b\u00eca \u0111\u00f3ng g\u00f3i (chi\u1ec1u r\u1ed9ng 1120 mm, ph\u00f9 h\u1ee3p v\u1edbi c\u00e1c t\u1edd gi\u1ea5y kh\u1ed5 l\u1edbn m\u00e0 kh\u00f4ng c\u1ea7n gh\u00e9p n\u1ed1i).<\/p>\n<p><strong>T\u00e0i li\u1ec7u in<\/strong>:\u00c1p ph\u00edch mang th\u01b0\u01a1ng hi\u1ec7u, bao b\u00ec, t\u1edd r\u01a1i qu\u1ea3ng c\u00e1o v\u00e0 nh\u00e3n s\u1ea3n ph\u1ea9m cao c\u1ea5p (k\u1ebft h\u1ee3p hi\u1ec7u \u1ee9ng ba chi\u1ec1u v\u1edbi ch\u1ea5t l\u01b0\u1ee3ng in r\u00f5 n\u00e9t).<\/p>\n<p><strong>Nh\u00e3n d\u00e1n<\/strong>:Nh\u00e3n d\u00e1n an ninh, nh\u00e3n m\u1ef9 ph\u1ea9m, nh\u00e3n h\u00f3a ch\u1ea5t sinh ho\u1ea1t v\u00e0 th\u1ebb nh\u00e3n hi\u1ec7u (c\u00f3 c\u00e1c l\u1ef1a ch\u1ecdn ch\u1ea5t li\u1ec7u PVC d\u1ebbo\/PET \u0111\u1ec3 \u0111\u00e1p \u1ee9ng \u0111a d\u1ea1ng nhu c\u1ea7u v\u1ec1 nh\u00e3n m\u00e1c).<\/p>\n<p><strong>Bao b\u00ec t\u1ed5ng h\u1ee3p<\/strong>:H\u1ed9p \u0111\u1ef1ng m\u1ef9 ph\u1ea9m, bao b\u00ec h\u00f3a m\u1ef9 ph\u1ea9m, h\u1ed9p qu\u00e0 t\u1eb7ng v\u00e0 bao b\u00ec h\u00e0ng ti\u00eau d\u00f9ng (s\u1eed d\u1ee5ng hai lo\u1ea1i v\u1eadt li\u1ec7u \u0111\u1ec3 \u0111\u00e1p \u1ee9ng c\u00e1c y\u00eau c\u1ea7u kh\u00e1c nhau v\u1ec1 chi ph\u00ed v\u00e0 m\u00f4i tr\u01b0\u1eddng).<\/p>\n<h2>T\u1ea1i sao n\u00ean ch\u1ecdn YWJUNCHI DW09?<\/h2>\n<p><strong>L\u1ee3i th\u1ebf c\u1ee7a ch\u01b0\u01a1ng tr\u00ecnh Th\u1ea1c s\u0129 k\u00e9p<\/strong>: Thi\u1ebft k\u1ebf k\u00e9p Zhongjia H53 + K LASER HP17 mang \u0111\u1ebfn hi\u1ec7u \u1ee9ng ba chi\u1ec1u \u0111\u1ed9c \u0111\u00e1o, \u0111\u1ed9 n\u00e9t cao, gi\u00fap n\u00e2ng cao s\u1ef1 kh\u00e1c bi\u1ec7t c\u1ee7a th\u01b0\u01a1ng hi\u1ec7u.<\/p>\n<p><strong>Hi\u1ec7u su\u1ea5t si\u00eau r\u1ed9ng<\/strong>:Chi\u1ec1u r\u1ed9ng t\u1ed1i \u0111a 1.120 mm gi\u00fap gi\u1ea3m l\u01b0\u1ee3ng ph\u1ebf li\u1ec7u v\u1eadt li\u1ec7u xu\u1ed1ng 25% so v\u1edbi c\u00e1c lo\u1ea1i m\u00e0ng h\u1eb9p h\u01a1n, t\u1eeb \u0111\u00f3 gi\u00fap gi\u1ea3m chi ph\u00ed s\u1ea3n xu\u1ea5t cho c\u00e1c \u1ee9ng d\u1ee5ng kh\u1ed5 l\u1edbn.<\/p>\n<p><strong>T\u00ednh linh ho\u1ea1t c\u1ee7a v\u1eadt li\u1ec7u k\u00e9p<\/strong>:C\u00e1c l\u1ef1a ch\u1ecdn PET\/PVC \u0111\u00e1p \u1ee9ng c\u00e1c nhu c\u1ea7u v\u1ec1 s\u1ea3n ph\u1ea9m th\u00e2n thi\u1ec7n v\u1edbi m\u00f4i tr\u01b0\u1eddng, cao c\u1ea5p v\u00e0 ti\u1ebft ki\u1ec7m chi ph\u00ed \u2013 m\u1ed9t d\u00f2ng s\u1ea3n ph\u1ea9m duy nh\u1ea5t cho c\u00e1c y\u00eau c\u1ea7u \u0111a d\u1ea1ng c\u1ee7a kh\u00e1ch h\u00e0ng.<\/p>\n<p><strong>Kh\u1ea3 n\u0103ng t\u01b0\u01a1ng th\u00edch \u0111a quy tr\u00ecnh<\/strong>:\u0110\u01b0\u1ee3c t\u1ed1i \u01b0u h\u00f3a cho c\u00e1c quy tr\u00ecnh \u00e9p m\u00e0ng, in \u1ea5n v\u00e0 s\u1ea3n xu\u1ea5t nh\u00e3n d\u00e1n, gi\u00fap lo\u1ea1i b\u1ecf nhu c\u1ea7u s\u1eed d\u1ee5ng nhi\u1ec1u lo\u1ea1i m\u00e0ng kh\u00e1c nhau.<\/p>\n<p><strong>\u0110\u1ea3m b\u1ea3o ch\u1ea5t l\u01b0\u1ee3ng<\/strong>:H\u01a1n 20 n\u0103m kinh nghi\u1ec7m trong l\u0129nh v\u1ef1c s\u1ea3n xu\u1ea5t, c\u00f9ng quy tr\u00ecnh ki\u1ec3m tra nghi\u00eam ng\u1eb7t v\u1ec1 t\u00ednh nh\u1ea5t qu\u00e1n c\u1ee7a m\u1eabu m\u00e3, hi\u1ec7u su\u1ea5t v\u1eadt li\u1ec7u v\u00e0 kh\u1ea3 n\u0103ng th\u00edch \u1ee9ng trong qu\u00e1 tr\u00ecnh gia c\u00f4ng; \u0111\u00e1p \u1ee9ng c\u00e1c ti\u00eau chu\u1ea9n REACH c\u1ee7a EU v\u00e0 c\u00e1c ti\u00eau chu\u1ea9n m\u00f4i tr\u01b0\u1eddng c\u1ee7a Trung Qu\u1ed1c.<\/p>\n<p><strong>H\u1ed7 tr\u1ee3 t\u00f9y ch\u1ec9nh<\/strong>:\u0110\u1ed9 d\u00e0y c\u00f3 th\u1ec3 \u0111i\u1ec1u ch\u1ec9nh, m\u00e0u s\u1eafc (b\u1ea1c, v\u00e0ng, t\u00f9y ch\u1ec9nh) v\u00e0 c\u00e1c y\u1ebfu t\u1ed1 b\u1ea3o m\u1eadt t\u00f9y ch\u1ecdn \u0111\u1ec3 ph\u00f9 h\u1ee3p v\u1edbi nhu c\u1ea7u ri\u00eang c\u1ee7a t\u1eebng th\u01b0\u01a1ng hi\u1ec7u.<\/p>\n<h2>C\u00e2u h\u1ecfi th\u01b0\u1eddng g\u1eb7p?<\/h2>\n<p><strong>S\u1ef1 kh\u00e1c bi\u1ec7t gi\u1eefa phi\u00ean b\u1ea3n m\u00e0ng PET v\u00e0 phi\u00ean b\u1ea3n m\u00e0ng PVC c\u1ee7a DW09 l\u00e0 g\u00ec?<\/strong><br \/>\nM\u00e0ng PET: Th\u00e2n thi\u1ec7n v\u1edbi m\u00f4i tr\u01b0\u1eddng, \u1ed5n \u0111\u1ecbnh, ch\u1ecbu nhi\u1ec7t t\u1ed1t, ph\u00f9 h\u1ee3p cho c\u00e1c \u1ee9ng d\u1ee5ng cao c\u1ea5p v\u00e0 c\u00e1c s\u1ea3n ph\u1ea9m ti\u1ebfp x\u00fac v\u1edbi th\u1ef1c ph\u1ea9m.<\/p>\n<p>M\u00e0ng PVC: D\u1ebbo dai, d\u1ec5 in \u1ea5n, ti\u1ebft ki\u1ec7m chi ph\u00ed, l\u00fd t\u01b0\u1edfng cho nh\u00e3n d\u00e1n v\u00e0 bao b\u00ec trang tr\u00ed.<\/p>\n<p><strong>M\u00e1y DW09 c\u00f3 th\u1ec3 \u0111\u01b0\u1ee3c s\u1eed d\u1ee5ng \u0111\u1ec3 s\u1ea3n xu\u1ea5t nh\u00e3n d\u00e1n t\u1ed1c \u0111\u1ed9 cao kh\u00f4ng?<\/strong><br \/>\n\u0110\u00fang v\u1eady. C\u00e1c \u0111\u1eb7c t\u00ednh ch\u1ed1ng d\u00ednh v\u00e0 ch\u1ed1ng t\u0129nh \u0111i\u1ec7n gi\u00fap \u0111\u1ea3m b\u1ea3o qu\u00e1 tr\u00ecnh c\u1ea5p li\u1ec7u di\u1ec5n ra tr\u01a1n tru qua m\u00e1y d\u00e1n nh\u00e3n, h\u1ed7 tr\u1ee3 qu\u00e1 tr\u00ecnh c\u1eaft khu\u00f4n v\u00e0 b\u00f4i keo \u1edf t\u1ed1c \u0111\u1ed9 cao.<\/p>\n<p><strong>DW09 kh\u00e1c v\u1edbi DW03\/DW04 nh\u01b0 th\u1ebf n\u00e0o?<\/strong><\/p>\n<table>\n<tbody>\n<tr>\n<td width=\"110\">M\u1eabu<\/td>\n<td width=\"110\">Thi\u1ebft k\u1ebf c\u1ed1t l\u00f5i<\/td>\n<td width=\"110\">Chi\u1ec1u r\u1ed9ng<\/td>\n<td width=\"110\">C\u00e1c v\u1eadt li\u1ec7u t\u01b0\u01a1ng th\u00edch<\/td>\n<td width=\"110\">\u0110i\u1ec3m m\u1ea1nh ch\u00ednh<\/td>\n<\/tr>\n<tr>\n<td width=\"110\">DW09<\/td>\n<td width=\"110\">Zhongjia H53 + K LASER HP17<\/td>\n<td width=\"110\">1.120 mm<\/td>\n<td width=\"110\">PET + PVC<\/td>\n<td width=\"110\">Si\u00eau r\u1ed9ng + \u0110a n\u0103ng (Laminate\/In \u1ea5n\/Nh\u00e3n d\u00e1n)<\/td>\n<\/tr>\n<tr>\n<td width=\"110\">DW03<\/td>\n<td width=\"110\">Zhongjia H42 + K LASER HP12 (Finesand)<\/td>\n<td width=\"110\">1090 mm<\/td>\n<td width=\"110\">PET + PVC<\/td>\n<td width=\"110\">K\u1ebft c\u1ea5u c\u00e1t m\u1ecbn cao c\u1ea5p + M\u00e3 h\u00f3a \u1ea9n<\/td>\n<\/tr>\n<tr>\n<td width=\"110\">DW04<\/td>\n<td width=\"110\">Zhongjia H36 + K LASER HP59<\/td>\n<td width=\"110\">1020 mm<\/td>\n<td width=\"110\">PET + PVC<\/td>\n<td width=\"110\">T\u00ednh linh ho\u1ea1t c\u1ee7a v\u1eadt li\u1ec7u k\u00e9p trong \u0111\u00f3ng g\u00f3i th\u00f4ng d\u1ee5ng<\/td>\n<\/tr>\n<\/tbody>\n<\/table>\n<p>N\u00e2ng t\u1ea7m ch\u1ea5t l\u01b0\u1ee3ng bao b\u00ec, in \u1ea5n v\u00e0 s\u1ea3n xu\u1ea5t nh\u00e3n m\u00e1c c\u1ee7a b\u1ea1n v\u1edbi hi\u1ec7u \u1ee9ng ba chi\u1ec1u hai l\u1edbp, kh\u1ed5 in si\u00eau r\u1ed9ng v\u00e0 t\u00ednh linh ho\u1ea1t trong vi\u1ec7c k\u1ebft h\u1ee3p hai lo\u1ea1i v\u1eadt li\u1ec7u c\u1ee7a DW09. YWJUNCHI cung c\u1ea5p c\u00e1c gi\u1ea3i ph\u00e1p \u0111\u01b0\u1ee3c thi\u1ebft k\u1ebf ri\u00eang \u0111\u1ec3 \u0111\u00e1p \u1ee9ng nh\u1eefng nhu c\u1ea7u \u0111\u1eb7c th\u00f9 c\u1ee7a th\u01b0\u01a1ng hi\u1ec7u b\u1ea1n. C\u00f3 s\u1eb5n m\u1eabu th\u1eed mi\u1ec5n ph\u00ed \u0111\u1ec3 ki\u1ec3m tra!<\/p>\n<p>YWJUNCHI DW09 \u2013 N\u01a1i s\u1ef1 \u0111a n\u0103ng, \u0111\u1ed9 r\u1ed9ng v\u00e0 ch\u1ea5t l\u01b0\u1ee3ng in ba chi\u1ec1u xu\u1ea5t s\u1eafc \u0111\u00e1p \u1ee9ng m\u1ecdi nhu c\u1ea7u s\u1ea3n xu\u1ea5t c\u1ee7a b\u1ea1n!<\/p>","protected":false},"excerpt":{"rendered":"<p>DW09 l\u00e0 m\u00e0ng hologram kim c\u01b0\u01a1ng d\u1ea1ng l\u01b0\u1edbi li\u1ec1n m\u1ea1ch HP17, chi\u1ec1u r\u1ed9ng t\u1ed1i \u0111a 1120 mm.<\/p>","protected":false},"featured_media":407,"comment_status":"open","ping_status":"closed","template":"","meta":[],"product_brand":[],"product_cat":[17],"product_tag":[61,62],"class_list":{"0":"post-277","1":"product","2":"type-product","3":"status-publish","4":"has-post-thumbnail","6":"product_cat-holographic-film","7":"product_tag-hp17-pet-holographic-film","8":"product_tag-hp17-pvc-holographic-film","10":"first","11":"instock","12":"shipping-taxable","13":"product-type-simple"},"_links":{"self":[{"href":"https:\/\/www.ywjunchi.com\/vi\/wp-json\/wp\/v2\/product\/277","targetHints":{"allow":["GET"]}}],"collection":[{"href":"https:\/\/www.ywjunchi.com\/vi\/wp-json\/wp\/v2\/product"}],"about":[{"href":"https:\/\/www.ywjunchi.com\/vi\/wp-json\/wp\/v2\/types\/product"}],"replies":[{"embeddable":true,"href":"https:\/\/www.ywjunchi.com\/vi\/wp-json\/wp\/v2\/comments?post=277"}],"wp:featuredmedia":[{"embeddable":true,"href":"https:\/\/www.ywjunchi.com\/vi\/wp-json\/wp\/v2\/media\/407"}],"wp:attachment":[{"href":"https:\/\/www.ywjunchi.com\/vi\/wp-json\/wp\/v2\/media?parent=277"}],"wp:term":[{"taxonomy":"product_brand","embeddable":true,"href":"https:\/\/www.ywjunchi.com\/vi\/wp-json\/wp\/v2\/product_brand?post=277"},{"taxonomy":"product_cat","embeddable":true,"href":"https:\/\/www.ywjunchi.com\/vi\/wp-json\/wp\/v2\/product_cat?post=277"},{"taxonomy":"product_tag","embeddable":true,"href":"https:\/\/www.ywjunchi.com\/vi\/wp-json\/wp\/v2\/product_tag?post=277"}],"curies":[{"name":"wp","href":"https:\/\/api.w.org\/{rel}","templated":true}]}}