{"id":261,"date":"2026-03-17T08:01:23","date_gmt":"2026-03-17T08:01:23","guid":{"rendered":"https:\/\/www.ywjunchi.com\/?post_type=product&#038;p=261"},"modified":"2026-05-05T01:49:57","modified_gmt":"2026-05-05T01:49:57","slug":"mang-hologram-pet-lien-mach-dw18","status":"publish","type":"product","link":"https:\/\/www.ywjunchi.com\/vi\/product\/dw18-seamless-pet-hologram-film\/","title":{"rendered":"M\u00e0ng hologram kh\u00f4ng \u0111\u01b0\u1eddng may DW18 d\u00e0nh cho th\u00fa c\u01b0ng"},"content":{"rendered":"<p><strong><b>M\u00e0ng PET ba chi\u1ec1u kh\u00f4ng \u0111\u01b0\u1eddng n\u1ed1i YWJUNCHI DW18 Milky Way Sand: Gi\u1ea3i ph\u00e1p in UV 16\u03bcm \u0111\u1ea1t ch\u1ee9ng nh\u1eadn ROHS<\/b><\/strong><\/p>\n<p>Nh\u00e0 s\u1ea3n xu\u1ea5t: YIWU JUNCHI PACKAGING MATERIAL<\/p>\n<p><strong><b>Th\u00f4ng s\u1ed1 k\u1ef9 thu\u1eadt ch\u00ednh<\/b><\/strong>: M\u00e0ng phim ba chi\u1ec1u cho th\u00fa c\u01b0ng DW18 (M\u1eabu phim ba chi\u1ec1u c\u00e1t D\u1ea3i Ng\u00e2n h\u00e0)<\/p>\n<p>C\u00e1c th\u00f4ng s\u1ed1 ch\u00ednh:<\/p>\n<p>1. Chi\u1ec1u r\u1ed9ng t\u1ed1i \u0111a c\u1ee7a m\u00e1y in: 1.020 mm (\u0111\u01b0\u1ee3c t\u1ed1i \u01b0u h\u00f3a cho in \u1ea5n\/\u00e9p m\u00e0ng kh\u1ed5 l\u1edbn)<\/p>\n<p>2. \u0110\u1ed9 d\u00e0y: 16\u03bcm (l\u00fd t\u01b0\u1edfng \u0111\u1ec3 c\u00e2n b\u1eb1ng gi\u1eefa \u0111\u1ed9 d\u1ebbo dai v\u00e0 \u0111\u1ed9 \u1ed5n \u0111\u1ecbnh c\u1ea5u tr\u00fac)<\/p>\n<p>3. C\u00e1c \u1ee9ng d\u1ee5ng ch\u00ednh: Laminate gi\u1ea5y, In UV (k\u1ef9 thu\u1eadt s\u1ed1\/offset)<\/p>\n<p>4. Ch\u1ee9ng nh\u1eadn: \u0110\u1ea1t ch\u1ee9ng nh\u1eadn ROHS (tu\u00e2n th\u1ee7 c\u00e1c ti\u00eau chu\u1ea9n REACH c\u1ee7a EU v\u00e0 c\u00e1c ti\u00eau chu\u1ea9n m\u00f4i tr\u01b0\u1eddng c\u1ee7a Trung Qu\u1ed1c), \u0111\u00e3 v\u01b0\u1ee3t qua b\u00e0i ki\u1ec3m tra halogen.<\/p>\n<p>C\u00e1c hi\u1ec7u \u1ee9ng ch\u00ednh: C\u00e1c t\u00f9y ch\u1ecdn \u00e9p m\u00e0ng v\u00e0 in chuy\u1ec3n<\/p>\n<p>Kinh nghi\u1ec7m s\u1ea3n xu\u1ea5t: H\u01a1n 20 n\u0103m chuy\u00ean s\u1ea3n xu\u1ea5t m\u00e0ng phim ba chi\u1ec1u<\/p>\n<figure id=\"attachment_606\" aria-describedby=\"caption-attachment-606\" style=\"width: 800px\" class=\"wp-caption alignnone\"><img fetchpriority=\"high\" decoding=\"async\" class=\"size-full wp-image-606\" src=\"https:\/\/www.ywjunchi.com\/wp-content\/uploads\/2026\/03\/012-1.jpg\" alt=\"M\u00e0ng hologram kh\u00f4ng \u0111\u01b0\u1eddng n\u1ed1i DW18 d\u00e0nh cho th\u00fa c\u01b0ng\" width=\"800\" height=\"800\" srcset=\"https:\/\/www.ywjunchi.com\/wp-content\/uploads\/2026\/03\/012-1.jpg 800w, https:\/\/www.ywjunchi.com\/wp-content\/uploads\/2026\/03\/012-1-300x300.jpg 300w, https:\/\/www.ywjunchi.com\/wp-content\/uploads\/2026\/03\/012-1-100x100.jpg 100w, https:\/\/www.ywjunchi.com\/wp-content\/uploads\/2026\/03\/012-1-600x600.jpg 600w, https:\/\/www.ywjunchi.com\/wp-content\/uploads\/2026\/03\/012-1-150x150.jpg 150w, https:\/\/www.ywjunchi.com\/wp-content\/uploads\/2026\/03\/012-1-768x768.jpg 768w\" sizes=\"(max-width: 800px) 100vw, 800px\" \/><figcaption id=\"caption-attachment-606\" class=\"wp-caption-text\">M\u00e0ng hologram kh\u00f4ng \u0111\u01b0\u1eddng n\u1ed1i DW18 d\u00e0nh cho th\u00fa c\u01b0ng<\/figcaption><\/figure>\n<h3>\u0110i\u1ec1u g\u00ec khi\u1ebfn DW18 tr\u1edf th\u00e0nh s\u1ea3n ph\u1ea9m n\u1ed5i b\u1eadt trong l\u0129nh v\u1ef1c in UV v\u00e0 \u00e9p m\u00e0ng gi\u1ea5y?<\/h3>\n<h4>H\u1ecda ti\u1ebft c\u00e1t d\u1ea3i Ng\u00e2n H\u00e0 \u0111\u1ed9c quy\u1ec1n &amp; K\u1ef9 thu\u1eadt ch\u1ebf t\u00e1c tinh x\u1ea3o<\/h4>\n<p>\u0110\u01b0\u1ee3c ch\u1ebf t\u00e1c b\u1eb1ng c\u00f4ng ngh\u1ec7 d\u1eadp n\u1ed5i ba chi\u1ec1u ti\u00ean ti\u1ebfn, d\u00f2ng s\u1ea3n ph\u1ea9m DW18 s\u1edf h\u1eefu hoa v\u0103n ba chi\u1ec1u \u0111\u1ed9c \u0111\u00e1o l\u1ea5y c\u1ea3m h\u1ee9ng t\u1eeb d\u1ea3i Ng\u00e2n H\u00e0 \u2013 m\u1ed9t k\u1ebft c\u1ea5u c\u00e1t h\u1ea1t trung b\u00ecnh t\u1ea1o n\u00ean s\u1ef1 c\u00e2n b\u1eb1ng ho\u00e0n h\u1ea3o gi\u1eefa c\u00e1t m\u1ecbn (tinh t\u1ebf) c\u1ee7a DW03 v\u00e0 c\u00e1t th\u00f4 (n\u1ed5i b\u1eadt) c\u1ee7a DW04.K\u00edch th\u01b0\u1edbc h\u1ea1t c\u00e1t 0,05-0,1mm\u00b2 t\u1ea1o ra hi\u1ec7u \u1ee9ng th\u1ecb gi\u00e1c \u2019d\u1ea3i Ng\u00e2n h\u00e0\u2019 m\u1ec1m m\u1ea1i, l\u1ea5p l\u00e1nh v\u1edbi s\u1ef1 giao thoa c\u1ea7u v\u1ed3ng nh\u1eb9 nh\u00e0ng (d\u1ea3i b\u01b0\u1edbc s\u00f3ng 420-680nm), mang l\u1ea1i c\u1ea3m gi\u00e1c x\u00fac gi\u00e1c v\u00e0 th\u1ecb gi\u00e1c cao c\u1ea5p m\u00e0 kh\u00f4ng l\u00e0m lu m\u1edd c\u00e1c thi\u1ebft k\u1ebf in. C\u1ea5u tr\u00fac li\u1ec1n m\u1ea1ch th\u1ef1c s\u1ef1 \u0111\u1ea3m b\u1ea3o ch\u1ea5t l\u01b0\u1ee3ng hoa v\u0103n \u0111\u1ed3ng nh\u1ea5t tr\u00ean to\u00e0n b\u1ed9 chi\u1ec1u r\u1ed9ng 1020mm, kh\u00f4ng c\u00f3 v\u1ebft n\u1ed1i hay \u0111\u1ee9t \u0111o\u1ea1n hoa v\u0103n.<\/p>\n<figure id=\"attachment_607\" aria-describedby=\"caption-attachment-607\" style=\"width: 800px\" class=\"wp-caption alignnone\"><img decoding=\"async\" class=\"size-full wp-image-607\" src=\"https:\/\/www.ywjunchi.com\/wp-content\/uploads\/2026\/03\/7V0A9420.jpg\" alt=\"M\u00e0ng hologram kh\u00f4ng \u0111\u01b0\u1eddng n\u1ed1i DW18 d\u00e0nh cho th\u00fa c\u01b0ng\" width=\"800\" height=\"800\" srcset=\"https:\/\/www.ywjunchi.com\/wp-content\/uploads\/2026\/03\/7V0A9420.jpg 800w, https:\/\/www.ywjunchi.com\/wp-content\/uploads\/2026\/03\/7V0A9420-300x300.jpg 300w, https:\/\/www.ywjunchi.com\/wp-content\/uploads\/2026\/03\/7V0A9420-100x100.jpg 100w, https:\/\/www.ywjunchi.com\/wp-content\/uploads\/2026\/03\/7V0A9420-600x600.jpg 600w, https:\/\/www.ywjunchi.com\/wp-content\/uploads\/2026\/03\/7V0A9420-150x150.jpg 150w, https:\/\/www.ywjunchi.com\/wp-content\/uploads\/2026\/03\/7V0A9420-768x768.jpg 768w\" sizes=\"(max-width: 800px) 100vw, 800px\" \/><figcaption id=\"caption-attachment-607\" class=\"wp-caption-text\">M\u00e0ng hologram kh\u00f4ng \u0111\u01b0\u1eddng n\u1ed1i DW18 d\u00e0nh cho th\u00fa c\u01b0ng<\/figcaption><\/figure>\n<h4>Hi\u1ec7u su\u1ea5t \u0111\u01b0\u1ee3c t\u1ed1i \u01b0u h\u00f3a cho c\u00e1c t\u00e1c v\u1ee5 c\u1ed1t l\u00f5i<\/h4>\n<p><b><\/b><strong><b>S\u1ef1 xu\u1ea5t s\u1eafc trong in UV<\/b><\/strong>:<\/p>\n<p>\u0110\u1ed9 d\u00e0y 16\u03bcm \u0111\u01b0\u1ee3c t\u1ed1i \u01b0u h\u00f3a cho thi\u1ebft b\u1ecb in UV \u2013 kh\u00f4ng b\u1ecb gi\u00e3n hay l\u1ec7ch trong qu\u00e1 tr\u00ecnh s\u1ea3n xu\u1ea5t t\u1ed1c \u0111\u1ed9 cao. B\u1ec1 m\u1eb7t \u0111\u01b0\u1ee3c x\u1eed l\u00fd b\u1eb1ng l\u1edbp s\u01a1n l\u00f3t \u0111\u1eb7c bi\u1ec7t (n\u0103ng l\u01b0\u1ee3ng b\u1ec1 m\u1eb7t \u226538 mN\/m) \u0111\u1ea3m b\u1ea3o \u0111\u1ed9 b\u00e1m d\u00ednh m\u1ef1c UV cao (g\u1ea5p 3 l\u1ea7n so v\u1edbi m\u00e0ng PET ti\u00eau chu\u1ea9n), v\u01b0\u1ee3t qua th\u1eed nghi\u1ec7m b\u00f3c b\u0103ng 100 chu k\u1ef3 m\u00e0 kh\u00f4ng b\u1ecb bong tr\u00f3c m\u1ef1c.\u0110\u1ed9 m\u1edd th\u1ea5p (\u22641.5%) v\u00e0 \u0111\u1ed9 truy\u1ec1n s\u00e1ng cao (\u226592%) c\u1ee7a m\u00e0ng gi\u00fap m\u00e0u in s\u1ed1ng \u0111\u1ed9ng, ho\u00e0n h\u1ea3o cho c\u00e1c logo tinh x\u1ea3o, m\u00e3 QR v\u00e0 thi\u1ebft k\u1ebf chuy\u1ec3n m\u00e0u.<\/p>\n<p><b><\/b><strong><b>\u01afu \u0111i\u1ec3m c\u1ee7a c\u00f4ng ngh\u1ec7 \u00e9p m\u00e0ng gi\u1ea5y<\/b><\/strong>:<\/p>\n<p>\u0110\u01b0\u1ee3c ph\u1ee7 l\u1edbp keo n\u00f3ng ch\u1ea3y EAA th\u00e2n thi\u1ec7n v\u1edbi m\u00f4i tr\u01b0\u1eddng, \u0111\u1ea1t \u0111\u1ed9 b\u00e1m d\u00ednh \u22650,8 N\/15 mm khi k\u1ebft d\u00ednh v\u1edbi gi\u1ea5y ngh\u1ec7 thu\u1eadt, gi\u1ea5y b\u00eca v\u00e0 gi\u1ea5y kraft. Ch\u1ed1ng t\u1ea1o b\u1ecdt, bong tr\u00f3c v\u00e0 nh\u0103n nh\u00fam trong qu\u00e1 tr\u00ecnh \u00e9p m\u00e0ng (ch\u1ecbu \u0111\u01b0\u1ee3c nhi\u1ec7t \u0111\u1ed9 x\u1eed l\u00fd 100\u2013120\u00b0C). Sau khi \u00e9p m\u00e0ng, k\u1ebft c\u1ea5u c\u00e1t d\u1ea3i Ng\u00e2n H\u00e0 mang l\u1ea1i c\u1ea3m gi\u00e1c sang tr\u1ecdng khi ch\u1ea1m v\u00e0o cho bao b\u00ec, t\u1eeb \u0111\u00f3 n\u00e2ng cao gi\u00e1 tr\u1ecb th\u01b0\u01a1ng hi\u1ec7u trong m\u1eaft ng\u01b0\u1eddi ti\u00eau d\u00f9ng.<\/p>\n<p><b><\/b><strong><b>Th\u00e2n thi\u1ec7n v\u1edbi m\u00f4i tr\u01b0\u1eddng &amp; B\u1ec1n b\u1ec9<\/b><\/strong>:<\/p>\n<p>\u0110\u1ea1t ch\u1ee9ng nh\u1eadn ROHS (kh\u00f4ng ch\u1ee9a kim lo\u1ea1i n\u1eb7ng ho\u1eb7c ch\u1ea5t \u0111\u1ed9c h\u1ea1i), ph\u00f9 h\u1ee3p v\u1edbi xu h\u01b0\u1edbng m\u00f4i tr\u01b0\u1eddng \u201ck\u00e9p carbon\u201d to\u00e0n c\u1ea7u v\u00e0 quy \u0111\u1ecbnh REACH c\u1ee7a EU. T\u00ednh n\u0103ng ch\u1ed1ng t\u0129nh \u0111i\u1ec7n (\u0111i\u1ec7n tr\u1edf b\u1ec1 m\u1eb7t \u226410\u00b9\u2070\u03a9) gi\u00fap ng\u0103n ng\u1eeba b\u1ee5i b\u00e1m d\u00ednh trong qu\u00e1 tr\u00ecnh gia c\u00f4ng, gi\u1ea3m l\u01b0\u1ee3ng ch\u1ea5t th\u1ea3i xu\u1ed1ng 15%. Ch\u1ecbu \u0111\u01b0\u1ee3c d\u1ea3i nhi\u1ec7t \u0111\u1ed9 t\u1eeb -20\u2103 \u0111\u1ebfn 60\u2103, v\u01b0\u1ee3t qua th\u1eed nghi\u1ec7m l\u00e3o h\u00f3a QUO trong 2000 gi\u1edd m\u00e0 kh\u00f4ng b\u1ecb \u1ed1 v\u00e0ng hay phai m\u00e0u.<\/p>\n<h4>C\u1ea5u tr\u00fac l\u1edbp \u0111\u01b0\u1ee3c t\u1ed1i \u01b0u h\u00f3a (l\u00f5i PET 16\u03bcm)<\/h4>\n<p>L\u1edbp ph\u1ee7 m\u1edd \u2192 L\u1edbp kim lo\u1ea1i c\u00f3 \u0111\u1ed9 ph\u1ea3n x\u1ea1 cao \u2192 L\u1edbp l\u00f5i PET 16\u03bcm \u2192 L\u1edbp d\u1eadp n\u1ed5i h\u00ecnh \u1ea3nh ba chi\u1ec1u \u201cD\u1ea3i Ng\u00e2n h\u00e0\u201d \u2192 L\u1edbp ph\u1ee7 t\u01b0\u01a1ng th\u00edch v\u1edbi m\u1ef1c UV<\/p>\n<p>L\u1edbp ph\u1ee7 UV chuy\u00ean d\u1ee5ng gi\u00fap t\u0103ng c\u01b0\u1eddng kh\u1ea3 n\u0103ng ch\u1ed1ng tr\u1ea7y x\u01b0\u1edbc (\u0111\u1ed9 c\u1ee9ng b\u00fat ch\u00ec c\u1ea5p H) v\u00e0 hi\u1ec7u qu\u1ea3 l\u00e0m kh\u00f4 m\u1ef1c, trong khi l\u1edbp l\u00f5i PET d\u00e0y 16\u03bcm \u0111\u1ea3m b\u1ea3o s\u1ef1 c\u00e2n b\u1eb1ng gi\u1eefa \u0111\u1ed9 d\u1ebbo dai (d\u00e0nh cho vi\u1ec7c qu\u1ea5n) v\u00e0 \u0111\u1ed9 \u1ed5n \u0111\u1ecbnh c\u1ea5u tr\u00fac (d\u00e0nh cho in \u1ea5n\/laminating).<\/p>\n<h3>C\u00e1c \u1ee9ng d\u1ee5ng chuy\u00ean bi\u1ec7t<\/h3>\n<p><b><\/b><strong><b>C\u00e1c d\u1ef1 \u00e1n in UV<\/b><\/strong>:Nh\u00e3n s\u1ea3n ph\u1ea9m, bao b\u00ec d\u1ea1ng \u1ed1ng, \u00e1p ph\u00edch qu\u1ea3ng c\u00e1o, t\u1edd r\u01a1i qu\u1ea3ng b\u00e1 th\u01b0\u01a1ng hi\u1ec7u v\u00e0 catalogue cao c\u1ea5p.<\/p>\n<p><b><\/b><strong><b>S\u1ea3n ph\u1ea9m \u00e9p m\u00e0ng gi\u1ea5y<\/b><\/strong>:H\u1ed9p \u0111\u1ef1ng cao c\u1ea5p (m\u1ef9 ph\u1ea9m, h\u00f3a m\u1ef9 ph\u1ea9m, qu\u00e0 t\u1eb7ng), t\u00fai gi\u1ea5y in logo, thi\u1ec7p m\u1eddi b\u1eb1ng gi\u1ea5y c\u1ee9ng v\u00e0 b\u00eca s\u00e1ch.<\/p>\n<p><b><\/b><strong><b>Ideal Industries<\/b><\/strong>:M\u1ef9 ph\u1ea9m, h\u00f3a ch\u1ea5t ti\u00eau d\u00f9ng, th\u1ef1c ph\u1ea9m v\u00e0 \u0111\u1ed3 u\u1ed1ng, c\u00f9ng c\u00e1c m\u1eb7t h\u00e0ng xa x\u1ec9 \u2013 nh\u1eefng l\u0129nh v\u1ef1c m\u00e0 bao b\u00ec cao c\u1ea5p v\u00e0 vi\u1ec7c tu\u00e2n th\u1ee7 c\u00e1c quy \u0111\u1ecbnh v\u1ec1 m\u00f4i tr\u01b0\u1eddng l\u00e0 y\u1ebfu t\u1ed1 then ch\u1ed1t.<\/p>\n<figure id=\"attachment_608\" aria-describedby=\"caption-attachment-608\" style=\"width: 800px\" class=\"wp-caption alignnone\"><img decoding=\"async\" class=\"size-full wp-image-608\" src=\"https:\/\/www.ywjunchi.com\/wp-content\/uploads\/2026\/03\/012-2.jpg\" alt=\"M\u00e0ng hologram kh\u00f4ng \u0111\u01b0\u1eddng n\u1ed1i DW18 d\u00e0nh cho th\u00fa c\u01b0ng\" width=\"800\" height=\"800\" srcset=\"https:\/\/www.ywjunchi.com\/wp-content\/uploads\/2026\/03\/012-2.jpg 800w, https:\/\/www.ywjunchi.com\/wp-content\/uploads\/2026\/03\/012-2-300x300.jpg 300w, https:\/\/www.ywjunchi.com\/wp-content\/uploads\/2026\/03\/012-2-100x100.jpg 100w, https:\/\/www.ywjunchi.com\/wp-content\/uploads\/2026\/03\/012-2-600x600.jpg 600w, https:\/\/www.ywjunchi.com\/wp-content\/uploads\/2026\/03\/012-2-150x150.jpg 150w, https:\/\/www.ywjunchi.com\/wp-content\/uploads\/2026\/03\/012-2-768x768.jpg 768w\" sizes=\"(max-width: 800px) 100vw, 800px\" \/><figcaption id=\"caption-attachment-608\" class=\"wp-caption-text\">M\u00e0ng hologram kh\u00f4ng \u0111\u01b0\u1eddng n\u1ed1i DW18 d\u00e0nh cho th\u00fa c\u01b0ng<\/figcaption><\/figure>\n<h3>T\u1ea1i sao n\u00ean ch\u1ecdn YWJUNCHI DW18?<\/h3>\n<p><b><\/b><strong><b>K\u1ebft c\u1ea5u c\u00e1t \u0111\u1ed9c \u0111\u00e1o<\/b><\/strong>:Thi\u1ebft k\u1ebf v\u00e2n sao s\u1eefa h\u1ea1t trung b\u00ecnh l\u1ea5p \u0111\u1ea7y kho\u1ea3ng tr\u1ed1ng gi\u1eefa DW03 (h\u1ea1t m\u1ecbn) v\u00e0 DW04 (h\u1ea1t th\u00f4), mang \u0111\u1ebfn c\u00e1c l\u1ef1a ch\u1ecdn x\u00e2y d\u1ef1ng th\u01b0\u01a1ng hi\u1ec7u \u0111a d\u1ea1ng.<\/p>\n<p><b><\/b><strong><b>Thi\u1ebft k\u1ebf l\u1ea5y \u1ee9ng d\u1ee5ng l\u00e0m trung t\u00e2m<\/b><\/strong>: \u0110\u1ed9 d\u00e0y 16\u03bcm + l\u1edbp s\u01a1n l\u00f3t \u0111\u01b0\u1ee3c thi\u1ebft k\u1ebf ri\u00eang cho in UV v\u00e0 \u00e9p m\u00e0ng gi\u1ea5y \u2013 gi\u1ea3i quy\u1ebft c\u00e1c v\u1ea5n \u0111\u1ec1 nan gi\u1ea3i trong ng\u00e0nh v\u1ec1 \u0111\u1ed9 b\u00e1m d\u00ednh c\u1ee7a m\u1ef1c v\u00e0 \u0111\u1ed9 \u1ed5n \u0111\u1ecbnh khi \u00e9p m\u00e0ng.<\/p>\n<p><b><\/b><strong><b>\u0110\u01b0\u1ee3c ch\u1ee9ng nh\u1eadn sinh th\u00e1i<\/b><\/strong>:Tu\u00e2n th\u1ee7 ti\u00eau chu\u1ea9n ROHS, \u0111\u00e1p \u1ee9ng c\u00e1c ti\u00eau chu\u1ea9n m\u00f4i tr\u01b0\u1eddng to\u00e0n c\u1ea7u d\u00e0nh cho th\u1ecb tr\u01b0\u1eddng xu\u1ea5t kh\u1ea9u (EU, \u0110\u00f4ng Nam \u00c1, B\u1eafc M\u1ef9).<\/p>\n<p><b><\/b><strong><b>Hi\u1ec7u qu\u1ea3 v\u1ec1 chi ph\u00ed<\/b><\/strong>:Chi\u1ec1u r\u1ed9ng 1020 mm gi\u00fap gi\u1ea3m thi\u1ec3u l\u00e3ng ph\u00ed nguy\u00ean li\u1ec7u; \u0111\u1ed9 d\u00e0y c\u1ed1 \u0111\u1ecbnh 16 \u03bcm gi\u00fap t\u1ed1i \u01b0u h\u00f3a chi ph\u00ed s\u1ea3n xu\u1ea5t cho c\u00e1c \u0111\u01a1n h\u00e0ng s\u1ed1 l\u01b0\u1ee3ng l\u1edbn.<\/p>\n<p><b><\/b><strong><b>\u0110\u1ea3m b\u1ea3o ch\u1ea5t l\u01b0\u1ee3ng<\/b><\/strong>: H\u01a1n 20 n\u0103m kinh nghi\u1ec7m trong l\u0129nh v\u1ef1c s\u1ea3n xu\u1ea5t; quy tr\u00ecnh ki\u1ec3m tra nghi\u00eam ng\u1eb7t v\u1ec1 \u0111\u1ed9 \u0111\u1ed3ng nh\u1ea5t c\u1ee7a hoa v\u0103n, \u0111\u1ed9 b\u00e1m d\u00ednh c\u1ee7a m\u1ef1c in v\u00e0 tu\u00e2n th\u1ee7 c\u00e1c ti\u00eau chu\u1ea9n m\u00f4i tr\u01b0\u1eddng.<\/p>\n<figure id=\"attachment_609\" aria-describedby=\"caption-attachment-609\" style=\"width: 800px\" class=\"wp-caption alignnone\"><img loading=\"lazy\" decoding=\"async\" class=\"size-full wp-image-609\" src=\"https:\/\/www.ywjunchi.com\/wp-content\/uploads\/2026\/03\/012-3.jpg\" alt=\"M\u00e0ng hologram kh\u00f4ng \u0111\u01b0\u1eddng n\u1ed1i DW18 d\u00e0nh cho th\u00fa c\u01b0ng\" width=\"800\" height=\"800\" srcset=\"https:\/\/www.ywjunchi.com\/wp-content\/uploads\/2026\/03\/012-3.jpg 800w, https:\/\/www.ywjunchi.com\/wp-content\/uploads\/2026\/03\/012-3-300x300.jpg 300w, https:\/\/www.ywjunchi.com\/wp-content\/uploads\/2026\/03\/012-3-100x100.jpg 100w, https:\/\/www.ywjunchi.com\/wp-content\/uploads\/2026\/03\/012-3-600x600.jpg 600w, https:\/\/www.ywjunchi.com\/wp-content\/uploads\/2026\/03\/012-3-150x150.jpg 150w, https:\/\/www.ywjunchi.com\/wp-content\/uploads\/2026\/03\/012-3-768x768.jpg 768w\" sizes=\"(max-width: 800px) 100vw, 800px\" \/><figcaption id=\"caption-attachment-609\" class=\"wp-caption-text\">M\u00e0ng hologram kh\u00f4ng \u0111\u01b0\u1eddng n\u1ed1i DW18 d\u00e0nh cho th\u00fa c\u01b0ng<\/figcaption><\/figure>\n<h3>C\u00e2u h\u1ecfi th\u01b0\u1eddng g\u1eb7p?<\/h3>\n<p>T\u1ea1i sao l\u1ea1i l\u00e0 \u0111\u1ed9 d\u00e0y 16\u03bcm? \u0110\u00e2y l\u00e0 s\u1ef1 c\u00e2n b\u1eb1ng t\u1ed1i \u01b0u gi\u1eefa in UV (kh\u00f4ng b\u1ecb gi\u00e3n) v\u00e0 qu\u00e1 tr\u00ecnh c\u00e1n m\u00e0ng (\u0111\u1ed9 b\u00e1m d\u00ednh cao), \u0111\u01b0\u1ee3c \u1ee9ng d\u1ee5ng r\u1ed9ng r\u00e3i trong ng\u00e0nh c\u00f4ng nghi\u1ec7p bao b\u00ec. .<\/p>\n<p>S\u1ea3n ph\u1ea9m n\u00e0y c\u00f3 th\u1ec3 d\u00f9ng \u0111\u1ec3 \u0111\u00f3ng g\u00f3i th\u1ef1c ph\u1ea9m kh\u00f4ng? C\u00f3. Ch\u1ee9ng nh\u1eadn ROHS c\u00f9ng v\u1edbi v\u1eadt li\u1ec7u PET \u0111\u1ea1t ti\u00eau chu\u1ea9n th\u1ef1c ph\u1ea9m cho ph\u00e9p s\u1eed d\u1ee5ng s\u1ea3n ph\u1ea9m n\u00e0y trong \u0111\u00f3ng g\u00f3i ti\u1ebfp x\u00fac gi\u00e1n ti\u1ebfp v\u1edbi th\u1ef1c ph\u1ea9m.<\/p>\n<p>DW18 kh\u00e1c v\u1edbi DW03\/DW04 nh\u01b0 th\u1ebf n\u00e0o?<\/p>\n<p>&nbsp;<\/p>\n<table>\n<tbody>\n<tr>\n<td width=\"184\">M\u1eabu<\/td>\n<td width=\"184\">K\u00edch th\u01b0\u1edbc h\u1ea1t c\u00e1t<\/td>\n<td width=\"184\">\u0110\u1ed9 d\u00e0y<\/td>\n<td width=\"184\">Chi\u1ec1u r\u1ed9ng<\/td>\n<td width=\"184\">C\u00e1ch s\u1eed d\u1ee5ng ch\u00ednh<\/td>\n<\/tr>\n<tr>\n<td width=\"184\">DW18<\/td>\n<td width=\"184\">Trung b\u00ecnh (DW03 &lt; DW18 &lt; DW04)<\/td>\n<td width=\"184\">C\u1ed1 \u0111\u1ecbnh 16\u03bcm<\/td>\n<td width=\"184\">1020 mm<\/td>\n<td width=\"184\">In UV &amp; Laminate gi\u1ea5y (\u0110\u1ea1t ch\u1ee9ng nh\u1eadn ROHS)<\/td>\n<\/tr>\n<tr>\n<td width=\"184\">DW03<\/td>\n<td width=\"184\">\u0110\u01b0\u1ee3c<\/td>\n<td width=\"184\">16\u201350 \u03bcm (theo y\u00eau c\u1ea7u)<\/td>\n<td width=\"184\">1090 mm<\/td>\n<td width=\"184\">Bao b\u00ec cao c\u1ea5p (M\u00e3 h\u00f3a \u1ea9n)<\/td>\n<\/tr>\n<tr>\n<td width=\"184\">DW04<\/td>\n<td width=\"184\">Th\u00f4<\/td>\n<td width=\"184\">16\u201350 \u03bcm (PET)\/50 \u03bcm (PVC)<\/td>\n<td width=\"184\">1020 mm<\/td>\n<td width=\"184\">T\u00ednh linh ho\u1ea1t c\u1ee7a v\u1eadt li\u1ec7u k\u00e9p (PET\/PVC)<\/td>\n<\/tr>\n<\/tbody>\n<\/table>\n<p>N\u00e2ng t\u1ea7m c\u00e1c s\u1ea3n ph\u1ea9m in \u1ea5n v\u00e0 c\u00e1n m\u00e0ng c\u1ee7a b\u1ea1n v\u1edbi k\u1ebft c\u1ea5u c\u00e1t d\u1ea3i Ng\u00e2n h\u00e0 \u0111\u1ed9c \u0111\u00e1o c\u1ee7a DW18 \u2013 YWJUNCHI cung c\u1ea5p m\u00e0ng hologram PET \u0111\u1ea1t ch\u1ee9ng nh\u1eadn ROHS v\u00e0 ch\u1ee9ng nh\u1eadn Halogen, c\u00f9ng c\u00e1c gi\u1ea3i ph\u00e1p t\u1ed1i \u01b0u h\u00f3a \u1ee9ng d\u1ee5ng, \u0111\u01b0\u1ee3c thi\u1ebft k\u1ebf ri\u00eang \u0111\u1ec3 \u0111\u00e1p \u1ee9ng nhu c\u1ea7u c\u1ee7a th\u01b0\u01a1ng hi\u1ec7u b\u1ea1n. C\u00f3 s\u1eb5n m\u1eabu mi\u1ec5n ph\u00ed \u0111\u1ec3 th\u1eed nghi\u1ec7m in \u1ea5n\/c\u00e1n m\u00e0ng!<\/p>\n<p><em><i>YWJUNCHI DW18 \u2013 N\u01a1i v\u1ebb l\u1ea5p l\u00e1nh c\u1ee7a D\u1ea3i Ng\u00e2n h\u00e0 h\u00f2a quy\u1ec7n c\u00f9ng s\u1ef1 ho\u00e0n h\u1ea3o trong in \u1ea5n v\u00e0 c\u00e1n m\u00e0ng!<\/i><\/em>e<\/p>\n<p>&nbsp;<\/p>","protected":false},"excerpt":{"rendered":"<p><strong><b>M\u00e0ng PET ba chi\u1ec1u kh\u00f4ng \u0111\u01b0\u1eddng n\u1ed1i Milky Way Sand DW18, chi\u1ec1u r\u1ed9ng t\u1ed1i \u0111a 1020 mm.<\/b><\/strong><\/p>","protected":false},"featured_media":606,"comment_status":"open","ping_status":"closed","template":"","meta":[],"product_brand":[],"product_cat":[17],"product_tag":[53],"class_list":{"0":"post-261","1":"product","2":"type-product","3":"status-publish","4":"has-post-thumbnail","6":"product_cat-holographic-film","7":"product_tag-dw18-seamless-pet-hologram-film","9":"first","10":"instock","11":"shipping-taxable","12":"product-type-simple"},"_links":{"self":[{"href":"https:\/\/www.ywjunchi.com\/vi\/wp-json\/wp\/v2\/product\/261","targetHints":{"allow":["GET"]}}],"collection":[{"href":"https:\/\/www.ywjunchi.com\/vi\/wp-json\/wp\/v2\/product"}],"about":[{"href":"https:\/\/www.ywjunchi.com\/vi\/wp-json\/wp\/v2\/types\/product"}],"replies":[{"embeddable":true,"href":"https:\/\/www.ywjunchi.com\/vi\/wp-json\/wp\/v2\/comments?post=261"}],"wp:featuredmedia":[{"embeddable":true,"href":"https:\/\/www.ywjunchi.com\/vi\/wp-json\/wp\/v2\/media\/606"}],"wp:attachment":[{"href":"https:\/\/www.ywjunchi.com\/vi\/wp-json\/wp\/v2\/media?parent=261"}],"wp:term":[{"taxonomy":"product_brand","embeddable":true,"href":"https:\/\/www.ywjunchi.com\/vi\/wp-json\/wp\/v2\/product_brand?post=261"},{"taxonomy":"product_cat","embeddable":true,"href":"https:\/\/www.ywjunchi.com\/vi\/wp-json\/wp\/v2\/product_cat?post=261"},{"taxonomy":"product_tag","embeddable":true,"href":"https:\/\/www.ywjunchi.com\/vi\/wp-json\/wp\/v2\/product_tag?post=261"}],"curies":[{"name":"wp","href":"https:\/\/api.w.org\/{rel}","templated":true}]}}