{"id":251,"date":"2026-03-17T07:52:40","date_gmt":"2026-03-17T07:52:40","guid":{"rendered":"https:\/\/www.ywjunchi.com\/?post_type=product&#038;p=251"},"modified":"2026-05-01T07:46:18","modified_gmt":"2026-05-01T07:46:18","slug":"mang-hologram-cho-thu-cung-hp21","status":"publish","type":"product","link":"https:\/\/www.ywjunchi.com\/vi\/product\/hp21-pet-hologram-film\/","title":{"rendered":"M\u00e0ng phim h\u00ecnh ba chi\u1ec1u cho th\u00fa c\u01b0ng HP21"},"content":{"rendered":"<h2>YWJUNCHI HP21 \u2013 M\u00e0ng PET ba chi\u1ec1u hi\u1ec7u \u1ee9ng k\u00ednh v\u1ee1 li\u1ec1n m\u1ea1ch<\/h2>\n<p><strong>S\u1ea3n xu\u1ea5t<\/strong>:C\u00f4ng ty V\u1eadt li\u1ec7u \u0110\u00f3ng g\u00f3i Yiwujunchi<\/p>\n<p><strong>Th\u00f4ng s\u1ed1 k\u1ef9 thu\u1eadt ch\u00ednh<\/strong>: D\u00f2ng HP21 (B\u1ea3n g\u1ed1c h\u00ecnh ba chi\u1ec1u K LASER Shattered Glass, V\u1eadt li\u1ec7u PET li\u1ec1n m\u1ea1ch, S003)<\/p>\n<h2>C\u00e1c th\u00f4ng s\u1ed1 ch\u00ednh:<\/h2>\n<p>Thi\u1ebft k\u1ebf h\u00ecnh ba chi\u1ec1u: M\u1eabu k\u00ednh v\u1ee1 K LASER (hi\u1ec7u \u1ee9ng h\u00ecnh \u1ea3nh k\u00ednh v\u1ee1 \u0111\u1ed9ng, kh\u1ea3 n\u0103ng ch\u1ed1ng l\u00e0m gi\u1ea3 cao)<\/p>\n<p>Lo\u1ea1i v\u1eadt li\u1ec7u: M\u00e0ng PET ba chi\u1ec1u kh\u00f4ng \u0111\u01b0\u1eddng n\u1ed1i (th\u00e2n thi\u1ec7n v\u1edbi m\u00f4i tr\u01b0\u1eddng, hi\u1ec7u su\u1ea5t cao, c\u1ea5u tr\u00fac \u1ed5n \u0111\u1ecbnh)<\/p>\n<p>\u0110\u1ed9 d\u00e0y c\u1ed1 \u0111\u1ecbnh: 16\u03bcm (ph\u00f9 h\u1ee3p nh\u1ea5t cho s\u1ea3n xu\u1ea5t gi\u1ea5y ba chi\u1ec1u, in offset UV v\u00e0 gia c\u00f4ng h\u1ed9p gi\u1ea5y ba chi\u1ec1u)<\/p>\n<p>Chi\u1ec1u d\u00e0i cu\u1ed9n: 3.000 m\/cu\u1ed9n ho\u1eb7c 6.000 m\/cu\u1ed9n (hai t\u00f9y ch\u1ecdn \u0111\u1ec3 \u0111\u00e1p \u1ee9ng c\u00e1c kh\u1ed1i l\u01b0\u1ee3ng \u0111\u01a1n h\u00e0ng v\u00e0 nhu c\u1ea7u s\u1ea3n xu\u1ea5t kh\u00e1c nhau)<\/p>\n<p>C\u00e1c \u1ee9ng d\u1ee5ng ch\u00ednh: S\u1ea3n xu\u1ea5t gi\u1ea5y ba chi\u1ec1u, in offset UV, s\u1ea3n xu\u1ea5t h\u1ed9p gi\u1ea5y ba chi\u1ec1u<\/p>\n<p><strong>C\u00e1c t\u00e1c \u0111\u1ed9ng ch\u00ednh<\/strong>:C\u00e1c t\u00f9y ch\u1ecdn \u00e9p m\u00e0ng v\u00e0 in chuy\u1ec3n (l\u00fd t\u01b0\u1edfng cho v\u1eadt li\u1ec7u composite gi\u1ea5y v\u00e0 trang tr\u00ed b\u1ec1 m\u1eb7t)<\/p>\n<p><strong>Kinh nghi\u1ec7m s\u1ea3n xu\u1ea5t<\/strong>: H\u01a1n 20 n\u0103m chuy\u00ean s\u1ea3n xu\u1ea5t m\u00e0ng phim ba chi\u1ec1u \u0110i\u1ec1u g\u00ec khi\u1ebfn HP21 tr\u1edf th\u00e0nh gi\u1ea3i ph\u00e1p phim ba chi\u1ec1u m\u00f4 ph\u1ecfng k\u00ednh v\u1ee1 n\u1ed5i b\u1eadt?<\/p>\n<p>Thi\u1ebft k\u1ebf K LASER Shattered Glass \u0111\u1ed9c quy\u1ec1n &amp; K\u1ef9 thu\u1eadt ch\u1ebf t\u00e1c tinh x\u1ea3o<\/p>\n<p>\u0110\u01b0\u1ee3c ch\u1ebf t\u00e1c t\u1eeb t\u1ea5m khu\u00f4n m\u1eabu h\u00ecnh ba chi\u1ec1u k\u00ednh v\u1ee1 ti\u00ean ti\u1ebfn c\u1ee7a K LASER k\u1ebft h\u1ee3p v\u1edbi c\u00f4ng ngh\u1ec7 d\u1eadp n\u1ed5i ch\u00ednh x\u00e1c cao, d\u00f2ng s\u1ea3n ph\u1ea9m HP21 s\u1edf h\u1eefu hoa v\u0103n h\u00ecnh ba chi\u1ec1u k\u00ednh v\u1ee1 \u0111\u1ed9c \u0111\u00e1o \u2013 m\u00f4 ph\u1ecfng k\u1ebft c\u1ea5u t\u1ef1 nhi\u00ean, v\u1ee5n v\u1ee1 c\u1ee7a m\u1ea3nh k\u00ednh v\u1ee1 v\u1edbi nh\u1eefng m\u1ea3nh v\u1ee1 kh\u00f4ng \u0111\u1ec1u, c\u00f3 c\u1ea1nh s\u1eafc nh\u1ecdn c\u00f9ng hi\u1ec7u \u1ee9ng kh\u00fac x\u1ea1 \u00e1nh s\u00e1ng \u0111\u1ed9ng.M\u1eabu n\u00e0y \u0111\u01b0\u1ee3c hi\u1ec3n th\u1ecb b\u1eb1ng c\u00e1c c\u1ea5u tr\u00fac vi-nano si\u00eau m\u1ecbn (\u0111\u1ed9 ph\u00e2n gi\u1ea3i \u22654000dpi), \u0111\u1ea3m b\u1ea3o t\u1eebng chi ti\u1ebft m\u1ea3nh k\u00ednh \u0111\u1ec1u s\u1eafc n\u00e9t, ba chi\u1ec1u v\u00e0 li\u1ec1n m\u1ea1ch tr\u00ean to\u00e0n b\u1ed9 chi\u1ec1u r\u1ed9ng phim. D\u01b0\u1edbi \u00e1nh s\u00e1ng t\u1ef1 nhi\u00ean, m\u1eabu k\u00ednh v\u1ee1 hi\u1ec3n th\u1ecb hi\u1ec7u \u1ee9ng kh\u00fac x\u1ea1 \u00e1nh s\u00e1ng c\u1ea7u v\u1ed3ng s\u1ed1ng \u0111\u1ed9ng, t\u1ea1o ra \u1ea5n t\u01b0\u1ee3ng th\u1ecb gi\u00e1c n\u1ed5i b\u1eadt, b\u1eaft m\u1eaft, gi\u00fap s\u1ea3n ph\u1ea9m kh\u00e1c bi\u1ec7t hi\u1ec7u qu\u1ea3 so v\u1edbi c\u00e1c \u0111\u1ed1i th\u1ee7 c\u1ea1nh tranh, trong khi c\u1ea5u tr\u00fac li\u1ec1n m\u1ea1ch gi\u00fap lo\u1ea1i b\u1ecf c\u00e1c khe h\u1edf n\u1ed1i trong qu\u00e1 tr\u00ecnh s\u1ea3n xu\u1ea5t quy m\u00f4 l\u1edbn.<\/p>\n<p>\u01afu \u0111i\u1ec3m c\u1ed1t l\u00f5i: Hi\u1ec7u su\u1ea5t v\u00e0 kh\u1ea3 n\u0103ng th\u00edch \u1ee9ng v\u1edbi c\u00e1c m\u1ee5c \u0111\u00edch s\u1eed d\u1ee5ng c\u1ee5 th\u1ec3<\/p>\n<p><strong>Ch\u1ea5t l\u01b0\u1ee3ng v\u01b0\u1ee3t tr\u1ed9i c\u1ee7a v\u1eadt li\u1ec7u PET (\u0110\u1ed9 d\u00e0y c\u1ed1 \u0111\u1ecbnh 16\u03bcm)<\/strong>:\u0110\u01b0\u1ee3c s\u1ea3n xu\u1ea5t t\u1eeb nh\u1ef1a PET c\u00f3 \u0111\u1ed9 tinh khi\u1ebft cao, th\u00e2n thi\u1ec7n v\u1edbi m\u00f4i tr\u01b0\u1eddng (\u0111\u1ea1t ch\u1ee9ng nh\u1eadn ROHS), v\u1edbi \u0111\u1ed9 d\u00e0y c\u1ed1 \u0111\u1ecbnh 16\u03bcm \u2013 \u0111\u01b0\u1ee3c t\u1ed1i \u01b0u h\u00f3a ri\u00eang cho c\u00e1c \u1ee9ng d\u1ee5ng ch\u00ednh. \u0110\u1ed9 d\u00e0y n\u00e0y mang l\u1ea1i s\u1ef1 c\u00e2n b\u1eb1ng ho\u00e0n h\u1ea3o gi\u1eefa \u0111\u1ed9 d\u1ebbo dai v\u00e0 \u0111\u1ed9 \u1ed5n \u0111\u1ecbnh c\u1ea5u tr\u00fac, gi\u00fap tr\u00e1nh hi\u1ec7n t\u01b0\u1ee3ng gi\u00e3n n\u1edf trong qu\u00e1 tr\u00ecnh in \u1ea5n\/\u00e9p m\u00e0ng v\u00e0 \u0111\u1ea3m b\u1ea3o h\u00ecnh d\u1ea1ng v\u1eefng ch\u1eafc trong qu\u00e1 tr\u00ecnh gia c\u00f4ng h\u1ed9p gi\u1ea5y.M\u00e0ng n\u00e0y c\u00f3 \u0111\u1ed9 b\u1ec1n k\u00e9o \u2265220MPa, \u0111\u1ed9 truy\u1ec1n s\u00e1ng \u226592% v\u00e0 \u0111\u1ed9 m\u1edd th\u1ea5p (\u22641,2%), \u0111\u1ea3m b\u1ea3o hi\u1ec7u \u1ee9ng ba chi\u1ec1u k\u00ednh v\u1ee1 s\u1ed1ng \u0111\u1ed9ng v\u00e0 r\u00f5 n\u00e9t m\u00e0 kh\u00f4ng b\u1ecb bi\u1ebfn d\u1ea1ng, ngay c\u1ea3 sau c\u00e1c qu\u00e1 tr\u00ecnh gh\u00e9p ho\u1eb7c in \u1ea5n.<\/p>\n<p><strong>T\u1ed1i \u01b0u h\u00f3a vi\u1ec7c s\u1eed d\u1ee5ng theo m\u1ee5c ti\u00eau<\/strong>:<\/p>\n<p><strong>S\u1ea3n xu\u1ea5t gi\u1ea5y ba chi\u1ec1u<\/strong>:\u0110\u01b0\u1ee3c ph\u1ee7 l\u1edbp keo n\u00f3ng ch\u1ea3y th\u00e2n thi\u1ec7n v\u1edbi m\u00f4i tr\u01b0\u1eddng, \u0111\u1ea3m b\u1ea3o \u0111\u1ed9 b\u00e1m d\u00ednh cao (\u22650,8 N\/15 mm) v\u1edbi c\u00e1c lo\u1ea1i gi\u1ea5y kh\u00e1c nhau (gi\u1ea5y ngh\u1ec7 thu\u1eadt, gi\u1ea5y b\u00eca, gi\u1ea5y kraft) \u0111\u1ec3 s\u1ea3n xu\u1ea5t gi\u1ea5y ba chi\u1ec1u ch\u1ea5t l\u01b0\u1ee3ng cao. Ch\u1ed1ng l\u1ea1i hi\u1ec7n t\u01b0\u1ee3ng t\u1ea1o b\u1ecdt, bong tr\u00f3c v\u00e0 nh\u0103n nh\u00fam trong qu\u00e1 tr\u00ecnh \u00e9p m\u00e0ng, gi\u1eef nguy\u00ean k\u1ebft c\u1ea5u s\u1eafc n\u00e9t, \u0111\u1ee9t \u0111o\u1ea1n c\u1ee7a hoa v\u0103n k\u00ednh v\u1ee1 sau khi gh\u00e9p l\u1edbp, t\u1ea1o n\u1ec1n t\u1ea3ng cao c\u1ea5p cho vi\u1ec7c s\u1ea3n xu\u1ea5t h\u1ed9p gi\u1ea5y ba chi\u1ec1u.<\/p>\n<p><strong>Kh\u1ea3 n\u0103ng t\u01b0\u01a1ng th\u00edch v\u1edbi in offset UV<\/strong>:B\u1ec1 m\u1eb7t \u0111\u01b0\u1ee3c x\u1eed l\u00fd b\u1eb1ng l\u1edbp s\u01a1n l\u00f3t \u0111\u1eb7c bi\u1ec7t (n\u0103ng l\u01b0\u1ee3ng b\u1ec1 m\u1eb7t \u226538 mN\/m), gi\u00fap t\u0103ng c\u01b0\u1eddng \u0111\u00e1ng k\u1ec3 \u0111\u1ed9 b\u00e1m d\u00ednh c\u1ee7a m\u1ef1c UV v\u00e0 \u0111\u01b0\u1ee3c t\u1ed1i \u01b0u h\u00f3a \u0111\u1eb7c bi\u1ec7t cho in offset UV.B\u1ec1 m\u1eb7t PET m\u1ecbn m\u00e0ng ng\u0103n ng\u1eeba hi\u1ec7n t\u01b0\u1ee3ng lem m\u1ef1c ho\u1eb7c nh\u00f2e m\u1ef1c, \u0111\u1ea3m b\u1ea3o c\u00e1c thi\u1ebft k\u1ebf in c\u00f3 \u0111\u1ed9 ph\u00e2n gi\u1ea3i cao (logo, v\u0103n b\u1ea3n, hoa v\u0103n) h\u00e0i h\u00f2a v\u1edbi hi\u1ec7u \u1ee9ng k\u00ednh v\u1ee1 holographic \u2013 kh\u00f4ng l\u00e0m lu m\u1edd hoa v\u0103n \u0111\u1ed9c \u0111\u00e1o c\u0169ng nh\u01b0 kh\u00f4ng b\u1ecb hoa v\u0103n \u0111\u00f3 l\u1ea5n \u00e1t, ph\u00f9 h\u1ee3p cho in b\u1ec1 m\u1eb7t h\u1ed9p gi\u1ea5y hologram cao c\u1ea5p.<\/p>\n<p><strong>Kh\u1ea3 n\u0103ng th\u00edch \u1ee9ng c\u1ee7a h\u1ed9p gi\u1ea5y in h\u00ecnh ba chi\u1ec1u<\/strong>:\u0110\u1ed9 d\u00e0y c\u1ed1 \u0111\u1ecbnh 16\u03bcm l\u00e0 l\u1ef1a ch\u1ecdn l\u00fd t\u01b0\u1edfng cho qu\u00e1 tr\u00ecnh g\u1ea5p v\u00e0 t\u1ea1o h\u00ecnh h\u1ed9p gi\u1ea5y \u2013 \u0111\u1ee7 linh ho\u1ea1t \u0111\u1ec3 tr\u00e1nh n\u1ee9t g\u00e3y t\u1ea1i c\u00e1c m\u00e9p g\u1ea5p, \u0111\u1ed3ng th\u1eddi \u0111\u1ee7 ch\u1eafc ch\u1eafn \u0111\u1ec3 duy tr\u00ec t\u00ednh to\u00e0n v\u1eb9n c\u1ea5u tr\u00fac c\u1ee7a h\u1ed9p gi\u1ea5y.H\u1ecda ti\u1ebft k\u00ednh v\u1ee1 ba chi\u1ec1u mang l\u1ea1i c\u1ea3m gi\u00e1c v\u1ec1 k\u1ebft c\u1ea5u cao c\u1ea5p v\u00e0 hi\u1ec7u \u1ee9ng l\u1edbp ch\u1ed3ng l\u1edbp cho h\u1ed9p gi\u1ea5y, n\u00e2ng t\u1ea7m \u0111\u1eb3ng c\u1ea5p th\u01b0\u01a1ng hi\u1ec7u. T\u00ednh n\u0103ng ch\u1ed1ng t\u0129nh \u0111i\u1ec7n (\u0111i\u1ec7n tr\u1edf b\u1ec1 m\u1eb7t \u226410\u00b9\u2070\u03a9) ng\u0103n ng\u1eeba b\u1ee5i b\u00e1m d\u00ednh trong qu\u00e1 tr\u00ecnh gia c\u00f4ng, gi\u1ea3m thi\u1ec3u ph\u1ebf ph\u1ea9m v\u00e0 \u0111\u1ea3m b\u1ea3o ch\u1ea5t l\u01b0\u1ee3ng s\u1ea3n ph\u1ea9m \u1ed5n \u0111\u1ecbnh.<\/p>\n<p><strong>Kh\u1ea3 n\u0103ng ch\u1ed1ng h\u00e0ng gi\u1ea3 v\u01b0\u1ee3t tr\u1ed9i v\u00e0 gi\u00e1 tr\u1ecb th\u1ea9m m\u1ef9<\/strong>:M\u1eabu hoa v\u0103n k\u00ednh v\u1ee1 \u0111\u1ed9c \u0111\u00e1o c\u1ee7a K LASER t\u1ea1o th\u00e0nh m\u1ed9t r\u00e0o c\u1ea3n ch\u1ed1ng h\u00e0ng gi\u1ea3 t\u1ef1 nhi\u00ean \u2013 c\u1ea5u tr\u00fac kh\u00f4ng \u0111\u1ec1u v\u00e0 v\u1ee5n v\u1ee1 c\u1ee7a n\u00f3 khi\u1ebfn vi\u1ec7c sao ch\u00e9p tr\u1edf n\u00ean c\u1ef1c k\u1ef3 kh\u00f3 kh\u0103n n\u1ebfu kh\u00f4ng c\u00f3 thi\u1ebft b\u1ecb khu\u00f4n m\u1eabu chuy\u00ean d\u1ee5ng. S\u1ea3n ph\u1ea9m h\u1ed7 tr\u1ee3 c\u00e1c y\u1ebfu t\u1ed1 b\u1ea3o m\u1eadt b\u1ed5 sung (ch\u1eef in si\u00eau nh\u1ecf, h\u00ecnh \u1ea3nh \u1ea9n b\u1eb1ng laser) \u0111\u1ec3 t\u0103ng c\u01b0\u1eddng h\u01a1n n\u1eefa vi\u1ec7c b\u1ea3o v\u1ec7 th\u01b0\u01a1ng hi\u1ec7u, \u0111\u00e1p \u1ee9ng c\u00e1c ti\u00eau chu\u1ea9n ch\u1ed1ng h\u00e0ng gi\u1ea3 b\u1eb1ng c\u00f4ng ngh\u1ec7 ba chi\u1ec1u GB\/T 17000-2009.Kh\u00e1c v\u1edbi c\u00e1c lo\u1ea1i phim hologram th\u00f4ng th\u01b0\u1eddng, thi\u1ebft k\u1ebf v\u1ee1 k\u00ednh mang l\u1ea1i v\u1ebb ngo\u00e0i t\u00e1o b\u1ea1o v\u00e0 hi\u1ec7n \u0111\u1ea1i, ho\u00e0n h\u1ea3o cho c\u00e1c th\u01b0\u01a1ng hi\u1ec7u h\u01b0\u1edbng \u0111\u1ebfn s\u1ef1 \u0111\u1ed9c \u0111\u00e1o v\u00e0 \u0111\u1ecbnh v\u1ecb cao c\u1ea5p.<\/p>\n<p><strong>Hai t\u00f9y ch\u1ecdn chi\u1ec1u d\u00e0i cu\u1ed9n<\/strong>:3.000 m\/cu\u1ed9n (ph\u00f9 h\u1ee3p cho s\u1ea3n xu\u1ea5t s\u1ed1 l\u01b0\u1ee3ng nh\u1ecf, \u0111\u01a1n h\u00e0ng th\u1eed nghi\u1ec7m ho\u1eb7c c\u00e1c d\u1ef1 \u00e1n ng\u1eafn h\u1ea1n) v\u00e0 6.000 m\/cu\u1ed9n (l\u00fd t\u01b0\u1edfng cho s\u1ea3n xu\u1ea5t s\u1ed1 l\u01b0\u1ee3ng l\u1edbn, li\u00ean t\u1ee5c, gi\u00fap gi\u1ea3m t\u1ea7n su\u1ea5t thay cu\u1ed9n, n\u00e2ng cao hi\u1ec7u qu\u1ea3 s\u1ea3n xu\u1ea5t v\u00e0 gi\u1ea3m chi ph\u00ed s\u1ea3n xu\u1ea5t tr\u00ean m\u1ed7i \u0111\u01a1n v\u1ecb).<\/p>\n<p>C\u1ea5u tr\u00fac l\u1edbp \u0111\u01b0\u1ee3c t\u1ed1i \u01b0u h\u00f3a (L\u00f5i PET li\u1ec1n m\u1ea1ch)<\/p>\n<p>L\u1edbp ph\u1ee7 m\u1edd \u2192 L\u1edbp kim lo\u1ea1i c\u00f3 \u0111\u1ed9 ph\u1ea3n x\u1ea1 cao \u2192 L\u1edbp l\u00f5i PET 16\u03bcm \u2192 L\u1edbp d\u1eadp n\u1ed5i h\u00ecnh \u1ea3nh ba chi\u1ec1u k\u00ednh v\u1ee1 \u2192 L\u1edbp ph\u1ee7 ch\u1ed1ng tia UV v\u00e0 ch\u1ed1ng tr\u1ea7y x\u01b0\u1edbc<\/p>\n<p>L\u1edbp ph\u1ee7 b\u1ea3o v\u1ec7 k\u00e9p gi\u00fap t\u0103ng c\u01b0\u1eddng \u0111\u1ed9 b\u1ec1n (\u0111\u1ed9 c\u1ee9ng b\u00fat ch\u00ec c\u1ea5p H) v\u00e0 kh\u1ea3 n\u0103ng ch\u1ed1ng tia UV, ng\u0103n ng\u1eeba hoa v\u0103n k\u00ednh v\u1ee1 b\u1ecb phai m\u00e0u ho\u1eb7c tr\u1ea7y x\u01b0\u1edbc trong qu\u00e1 tr\u00ecnh gia c\u00f4ng, v\u1eadn chuy\u1ec3n v\u00e0 l\u01b0u tr\u1eef l\u00e2u d\u00e0i.L\u1edbp kim lo\u1ea1i c\u00f3 \u0111\u1ed9 ph\u1ea3n x\u1ea1 cao l\u00e0m t\u0103ng hi\u1ec7u \u1ee9ng kh\u00fac x\u1ea1 \u00e1nh s\u00e1ng c\u1ee7a c\u00e1c m\u1ea3nh k\u00ednh v\u1ee1, gi\u00fap hoa v\u0103n ba chi\u1ec1u tr\u1edf n\u00ean n\u1ed5i b\u1eadt v\u00e0 s\u1ed1ng \u0111\u1ed9ng h\u01a1n, trong khi l\u1edbp l\u00f5i PET 16\u03bcm \u0111\u1ea3m b\u1ea3o hi\u1ec7u su\u1ea5t \u1ed5n \u0111\u1ecbnh trong c\u00e1c m\u00f4i tr\u01b0\u1eddng gia c\u00f4ng kh\u00e1c nhau (nhi\u1ec7t \u0111\u1ed9 \u00e9p\/in 100-120\u2103).<\/p>\n<p>C\u00e1c \u1ee9ng d\u1ee5ng chuy\u00ean bi\u1ec7t<\/p>\n<p>V\u1edbi hi\u1ec7u \u1ee9ng ba chi\u1ec1u \u0111\u1ed9c \u0111\u00e1o m\u00f4 ph\u1ecfng m\u1ea3nh k\u00ednh v\u1ee1, \u0111\u1ed9 d\u00e0y c\u1ed1 \u0111\u1ecbnh 16\u03bcm, hai t\u00f9y ch\u1ecdn chi\u1ec1u d\u00e0i cu\u1ed9n v\u00e0 kh\u1ea3 n\u0103ng t\u01b0\u01a1ng th\u00edch v\u1edbi c\u00e1c quy tr\u00ecnh s\u1ea3n xu\u1ea5t c\u1ee5 th\u1ec3, HP21 \u0111\u01b0\u1ee3c thi\u1ebft k\u1ebf \u0111\u1eb7c bi\u1ec7t d\u00e0nh cho:<\/p>\n<p><strong>Gi\u1ea5y ba chi\u1ec1u<\/strong>:Nguy\u00ean li\u1ec7u c\u1ed1t l\u00f5i \u0111\u1ec3 s\u1ea3n xu\u1ea5t gi\u1ea5y ba chi\u1ec1u ch\u1ea5t l\u01b0\u1ee3ng cao, \u0111\u01b0\u1ee3c s\u1eed d\u1ee5ng r\u1ed9ng r\u00e3i trong c\u00e1c l\u0129nh v\u1ef1c bao b\u00ec cao c\u1ea5p, in \u1ea5n v\u00e0 trang tr\u00ed.<\/p>\n<p><strong>C\u00e1c d\u1ef1 \u00e1n in offset UV<\/strong>:Ph\u00f9 h\u1ee3p v\u1edbi quy tr\u00ecnh in offset UV, l\u00fd t\u01b0\u1edfng \u0111\u1ec3 in tr\u00ean h\u1ed9p gi\u1ea5y hologram, nh\u00e3n s\u1ea3n ph\u1ea9m cao c\u1ea5p v\u00e0 c\u00e1c t\u00e0i li\u1ec7u qu\u1ea3ng c\u00e1o mang th\u01b0\u01a1ng hi\u1ec7u.<\/p>\n<p><strong>H\u1ed9p gi\u1ea5y in h\u00ecnh ba chi\u1ec1u<\/strong>:Nguy\u00ean li\u1ec7u ch\u00ednh \u0111\u1ec3 s\u1ea3n xu\u1ea5t h\u1ed9p gi\u1ea5y hologram cao c\u1ea5p.<\/p>\n<p>T\u1ea1i sao n\u00ean ch\u1ecdn YWJUNCHI HP21?<\/p>\n<p><strong>S\u1ef1 kh\u00e1c bi\u1ec7t v\u1ec1 m\u1eb7t h\u00ecnh \u1ea3nh \u0111\u1ed9c \u0111\u00e1o<\/strong>:K LASER t\u1ea1o ra hoa v\u0103n ba chi\u1ec1u tr\u00ean k\u00ednh v\u1ee1 \u2013 m\u1ea1nh m\u1ebd, \u0111\u1ea7y s\u1ee9c s\u1ed1ng v\u00e0 kh\u00f3 c\u00f3 th\u1ec3 sao ch\u00e9p, gi\u00fap c\u00e1c th\u01b0\u01a1ng hi\u1ec7u n\u1ed5i b\u1eadt trong m\u00f4i tr\u01b0\u1eddng c\u1ea1nh tranh kh\u1ed1c li\u1ec7t tr\u00ean th\u1ecb tr\u01b0\u1eddng.<\/p>\n<p><strong>Thi\u1ebft k\u1ebf \u0111\u1ed9 d\u00e0y theo y\u00eau c\u1ea7u<\/strong>:\u0110\u1ed9 d\u00e0y c\u1ed1 \u0111\u1ecbnh 16\u03bcm, ho\u00e0n to\u00e0n ph\u00f9 h\u1ee3p v\u1edbi quy tr\u00ecnh s\u1ea3n xu\u1ea5t gi\u1ea5y ba chi\u1ec1u, in offset UV v\u00e0 gia c\u00f4ng h\u1ed9p gi\u1ea5y ba chi\u1ec1u, gi\u00fap tr\u00e1nh l\u00e3ng ph\u00ed nguy\u00ean li\u1ec7u kh\u00f4ng c\u1ea7n thi\u1ebft.<\/p>\n<p><strong>T\u00ednh linh ho\u1ea1t v\u1ec1 chi\u1ec1u d\u00e0i cu\u1ed9n k\u00e9p<\/strong>: C\u00f3 hai t\u00f9y ch\u1ecdn 3.000 m v\u00e0 6.000 m, ph\u00f9 h\u1ee3p v\u1edbi c\u00e1c quy m\u00f4 \u0111\u01a1n h\u00e0ng v\u00e0 nhu c\u1ea7u s\u1ea3n xu\u1ea5t kh\u00e1c nhau, gi\u00fap n\u00e2ng cao hi\u1ec7u qu\u1ea3 s\u1ea3n xu\u1ea5t v\u00e0 gi\u1ea3m chi ph\u00ed.<\/p>\n<p><strong>Chuy\u00ean ng\u00e0nh PET<\/strong>:S\u1ea3n ph\u1ea9m \u0111\u01b0\u1ee3c ch\u1ebf t\u1ea1o t\u1eeb v\u1eadt li\u1ec7u PET li\u1ec1n m\u1ea1ch, th\u00e2n thi\u1ec7n v\u1edbi m\u00f4i tr\u01b0\u1eddng (\u0111\u1ea1t ch\u1ee9ng nh\u1eadn ROHS), c\u00f3 t\u00ednh \u1ed5n \u0111\u1ecbnh cao v\u00e0 tu\u00e2n th\u1ee7 c\u00e1c ti\u00eau chu\u1ea9n qu\u1ed1c t\u1ebf v\u1ec1 m\u00f4i tr\u01b0\u1eddng c\u0169ng nh\u01b0 an to\u00e0n th\u1ef1c ph\u1ea9m (d\u00e0nh cho bao b\u00ec th\u1ef1c ph\u1ea9m gi\u00e1n ti\u1ebfp).<\/p>\n<p><strong>\u0110\u1ea3m b\u1ea3o ch\u1ea5t l\u01b0\u1ee3ng<\/strong>:H\u01a1n 20 n\u0103m kinh nghi\u1ec7m trong l\u0129nh v\u1ef1c s\u1ea3n xu\u1ea5t m\u00e0ng hologram, c\u00f9ng quy tr\u00ecnh ki\u1ec3m tra nghi\u00eam ng\u1eb7t v\u1ec1 t\u00ednh nh\u1ea5t qu\u00e1n c\u1ee7a hoa v\u0103n, hi\u1ec7u su\u1ea5t v\u1eadt li\u1ec7u v\u00e0 kh\u1ea3 n\u0103ng th\u00edch \u1ee9ng trong gia c\u00f4ng; \u0111\u00e1p \u1ee9ng c\u00e1c ti\u00eau chu\u1ea9n REACH c\u1ee7a Li\u00ean minh Ch\u00e2u \u00c2u v\u00e0 ti\u00eau chu\u1ea9n v\u1eadt li\u1ec7u \u0111\u00f3ng g\u00f3i c\u1ee7a Trung Qu\u1ed1c.<\/p>\n<p><strong>H\u1ed7 tr\u1ee3 t\u00f9y ch\u1ec9nh<\/strong>:M\u00e0u s\u1eafc c\u00f3 th\u1ec3 t\u00f9y ch\u1ec9nh (b\u1ea1c, v\u00e0ng, theo y\u00eau c\u1ea7u) v\u00e0 c\u00e1c y\u1ebfu t\u1ed1 b\u1ea3o m\u1eadt t\u00f9y ch\u1ecdn (in si\u00eau nh\u1ecf, h\u00ecnh \u1ea3nh \u1ea9n) \u0111\u1ec3 ph\u00f9 h\u1ee3p v\u1edbi bao b\u00ec \u0111\u1eb7c tr\u01b0ng c\u1ee7a th\u01b0\u01a1ng hi\u1ec7u v\u00e0 c\u00e1c y\u00eau c\u1ea7u ch\u1ed1ng h\u00e0ng gi\u1ea3.<\/p>\n<p>C\u00e2u h\u1ecfi th\u01b0\u1eddng g\u1eb7p?<\/p>\n<p><strong>\u01afu \u0111i\u1ec3m c\u1ee7a thi\u1ebft k\u1ebf h\u00ecnh ba chi\u1ec1u tr\u00ean k\u00ednh v\u1ee1 l\u00e0 g\u00ec?<\/strong>S\u1ea3n ph\u1ea9m mang l\u1ea1i hi\u1ec7u \u1ee9ng th\u1ecb gi\u00e1c m\u1ea1nh m\u1ebd, \u0111\u1ea7y s\u1ee9c s\u1ed1ng c\u00f9ng kh\u1ea3 n\u0103ng ch\u1ed1ng l\u00e0m gi\u1ea3 v\u01b0\u1ee3t tr\u1ed9i \u2013 c\u1ea5u tr\u00fac ph\u00e2n m\u1ea3nh kh\u00f4ng \u0111\u1ec1u c\u1ee7a n\u00f3 r\u1ea5t kh\u00f3 b\u1ecb sao ch\u00e9p, trong khi hi\u1ec7u \u1ee9ng kh\u00fac x\u1ea1 \u00e1nh s\u00e1ng s\u1ed1ng \u0111\u1ed9ng gi\u00fap n\u00e2ng t\u1ea7m \u0111\u1eb3ng c\u1ea5p cho s\u1ea3n ph\u1ea9m, r\u1ea5t ph\u00f9 h\u1ee3p cho c\u00e1c lo\u1ea1i h\u1ed9p gi\u1ea5y hologram cao c\u1ea5p v\u00e0 gi\u1ea5y hologram.<\/p>\n<p><strong>T\u1ea1i sao l\u1ea1i ch\u1ecdn \u0111\u1ed9 d\u00e0y 16\u03bcm?<\/strong>\u0110\u1ed9 d\u00e0y 16\u03bcm l\u00e0 s\u1ef1 c\u00e2n b\u1eb1ng t\u1ed1i \u01b0u gi\u1eefa \u0111\u1ed9 d\u1ebbo dai v\u00e0 \u0111\u1ed9 \u1ed5n \u0111\u1ecbnh c\u1ea5u tr\u00fac cho c\u00e1c \u1ee9ng d\u1ee5ng ch\u00ednh c\u1ee7a HP21 \u2013 gi\u00fap tr\u00e1nh hi\u1ec7n t\u01b0\u1ee3ng gi\u00e3n ra trong qu\u00e1 tr\u00ecnh in\/\u00e9p m\u00e0ng v\u00e0 n\u1ee9t v\u1ee1 khi g\u1ea5p h\u1ed9p gi\u1ea5y, \u0111\u1ea3m b\u1ea3o quy tr\u00ecnh s\u1ea3n xu\u1ea5t di\u1ec5n ra su\u00f4n s\u1ebb.<\/p>\n<p><strong>L\u00e0m th\u1ebf n\u00e0o \u0111\u1ec3 l\u1ef1a ch\u1ecdn gi\u1eefa cu\u1ed9n 3000m v\u00e0 cu\u1ed9n 6000m?<\/strong>Lo\u1ea1i 3.000 m\/cu\u1ed9n ph\u00f9 h\u1ee3p cho s\u1ea3n xu\u1ea5t s\u1ed1 l\u01b0\u1ee3ng nh\u1ecf, \u0111\u01a1n h\u00e0ng th\u1eed nghi\u1ec7m ho\u1eb7c c\u00e1c d\u1ef1 \u00e1n ng\u1eafn h\u1ea1n; lo\u1ea1i 6.000 m\/cu\u1ed9n \u0111\u01b0\u1ee3c khuy\u1ebfn ngh\u1ecb cho s\u1ea3n xu\u1ea5t s\u1ed1 l\u01b0\u1ee3ng l\u1edbn, li\u00ean t\u1ee5c nh\u1eb1m n\u00e2ng cao hi\u1ec7u qu\u1ea3 v\u00e0 gi\u1ea3m chi ph\u00ed thay cu\u1ed9n.<\/p>\n<p><strong>HP21 kh\u00e1c v\u1edbi Z10 (ch\u00f9m s\u00e1ng ngang ch\u1ea3i) nh\u01b0 th\u1ebf n\u00e0o?<\/strong><\/p>\n<table>\n<tbody>\n<tr>\n<td width=\"110\">M\u1eabu<\/td>\n<td width=\"110\">Thi\u1ebft k\u1ebf c\u1ed1t l\u00f5i<\/td>\n<td width=\"110\">\u0110\u1ed9 d\u00e0y<\/td>\n<td width=\"110\">Chi\u1ec1u d\u00e0i cu\u1ed9n<\/td>\n<td width=\"110\">\u0110i\u1ec3m m\u1ea1nh ch\u00ednh<\/td>\n<\/tr>\n<tr>\n<td width=\"110\">HP21<\/td>\n<td width=\"110\">K LASER K\u00ednh v\u1ee1<\/td>\n<td width=\"110\">C\u1ed1 \u0111\u1ecbnh 16\u03bcm<\/td>\n<td width=\"110\">3.000 m\/6.000 m<\/td>\n<td width=\"110\">Ch\u1ed1ng h\u00e0ng gi\u1ea3 + Kh\u1ea3 n\u0103ng th\u00edch \u1ee9ng c\u1ee7a gi\u1ea5y\/h\u1ed9p in h\u00ecnh ba chi\u1ec1u<\/td>\n<\/tr>\n<tr>\n<td width=\"110\">Z10<\/td>\n<td width=\"110\">K LASER - Ch\u00f9m s\u00e1ng ngang ki\u1ec3u ch\u1ea3i<\/td>\n<td width=\"110\">C\u1ed1 \u0111\u1ecbnh 16\u03bcm<\/td>\n<td width=\"110\">C\u00f3 th\u1ec3 t\u00f9y ch\u1ec9nh<\/td>\n<td width=\"110\">K\u1ebft c\u1ea5u ch\u1ea3i cao c\u1ea5p + Kh\u1ea3 n\u0103ng t\u00f9y bi\u1ebfn h\u1ed9p \u0111\u1ef1ng m\u1ef9 ph\u1ea9m<\/td>\n<\/tr>\n<\/tbody>\n<\/table>\n<p>N\u00e2ng t\u1ea7m bao b\u00ec gi\u1ea5y v\u00e0 h\u1ed9p gi\u1ea5y hi\u1ec7u \u1ee9ng ba chi\u1ec1u c\u1ee7a b\u1ea1n v\u1edbi hi\u1ec7u \u1ee9ng k\u00ednh v\u1ee1 \u0111\u1ed9c \u0111\u00e1o c\u1ee7a HP21 \u2013 YWJUNCHI cung c\u1ea5p c\u00e1c gi\u1ea3i ph\u00e1p ba chi\u1ec1u PET li\u1ec1n m\u1ea1ch, hi\u1ec7u qu\u1ea3 cao, ti\u1ebft ki\u1ec7m chi ph\u00ed v\u00e0 ph\u00f9 h\u1ee3p v\u1edbi nhu c\u1ea7u s\u1ea3n xu\u1ea5t c\u1ee7a b\u1ea1n. C\u00f3 s\u1eb5n m\u1eabu mi\u1ec5n ph\u00ed \u0111\u1ec3 th\u1eed nghi\u1ec7m!<\/p>\n<p>YWJUNCHI HP21 \u2013 N\u01a1i v\u1ebb \u0111\u1eb9p l\u1ea5p l\u00e1nh c\u1ee7a th\u1ee7y tinh v\u1ee1 h\u00f2a quy\u1ec7n c\u00f9ng s\u1ef1 tinh t\u1ebf c\u1ee7a bao b\u00ec ba chi\u1ec1u!<\/p>","protected":false},"excerpt":{"rendered":"<p>M\u00e0ng PET ba chi\u1ec1u kh\u00f4ng \u0111\u01b0\u1eddng n\u1ed1i HP21 Shattered Glass, m\u00e0u b\u1ea1c kim lo\u1ea1i ho\u1eb7c trong su\u1ed1t, \u0111\u1ed9 d\u00e0y 16 micron.<\/p>","protected":false},"featured_media":414,"comment_status":"open","ping_status":"closed","template":"","meta":[],"product_brand":[],"product_cat":[17],"product_tag":[34],"class_list":{"0":"post-251","1":"product","2":"type-product","3":"status-publish","4":"has-post-thumbnail","6":"product_cat-holographic-film","7":"product_tag-hp21-seamless-pet-hologram-film","9":"first","10":"instock","11":"shipping-taxable","12":"product-type-simple"},"_links":{"self":[{"href":"https:\/\/www.ywjunchi.com\/vi\/wp-json\/wp\/v2\/product\/251","targetHints":{"allow":["GET"]}}],"collection":[{"href":"https:\/\/www.ywjunchi.com\/vi\/wp-json\/wp\/v2\/product"}],"about":[{"href":"https:\/\/www.ywjunchi.com\/vi\/wp-json\/wp\/v2\/types\/product"}],"replies":[{"embeddable":true,"href":"https:\/\/www.ywjunchi.com\/vi\/wp-json\/wp\/v2\/comments?post=251"}],"wp:featuredmedia":[{"embeddable":true,"href":"https:\/\/www.ywjunchi.com\/vi\/wp-json\/wp\/v2\/media\/414"}],"wp:attachment":[{"href":"https:\/\/www.ywjunchi.com\/vi\/wp-json\/wp\/v2\/media?parent=251"}],"wp:term":[{"taxonomy":"product_brand","embeddable":true,"href":"https:\/\/www.ywjunchi.com\/vi\/wp-json\/wp\/v2\/product_brand?post=251"},{"taxonomy":"product_cat","embeddable":true,"href":"https:\/\/www.ywjunchi.com\/vi\/wp-json\/wp\/v2\/product_cat?post=251"},{"taxonomy":"product_tag","embeddable":true,"href":"https:\/\/www.ywjunchi.com\/vi\/wp-json\/wp\/v2\/product_tag?post=251"}],"curies":[{"name":"wp","href":"https:\/\/api.w.org\/{rel}","templated":true}]}}