{"id":214,"date":"2026-03-17T07:35:41","date_gmt":"2026-03-17T07:35:41","guid":{"rendered":"https:\/\/www.ywjunchi.com\/?post_type=product&#038;p=214"},"modified":"2026-05-06T02:21:41","modified_gmt":"2026-05-06T02:21:41","slug":"mang-hinh-ba-chieu-cho-thu-cung-e068b","status":"publish","type":"product","link":"https:\/\/www.ywjunchi.com\/vi\/product\/e068b-pet-hologram-film\/","title":{"rendered":"M\u00e0ng hologram E068B"},"content":{"rendered":"<h2><strong>YWJUNCHI E068B \u0110\u00e8n c\u1ed9t ngang b\u1ec1 m\u1eb7t ch\u1ea3i M\u00e0ng PET ba chi\u1ec1u li\u1ec1n m\u1ea1ch<\/strong><\/h2>\n<p><strong>S\u1ea3n xu\u1ea5t<\/strong>:C\u00f4ng ty V\u1eadt li\u1ec7u \u0110\u00f3ng g\u00f3i Yiwujunchi<\/p>\n<p><strong>Th\u00f4ng s\u1ed1 k\u1ef9 thu\u1eadt ch\u00ednh<\/strong>:D\u00f2ng Z10 (M\u00e0ng hologram K LASER E068B, h\u00ecnh \u1ea3nh ch\u00f9m s\u00e1ng ngang ki\u1ec3u ch\u1ea3i)<\/p>\n<figure id=\"attachment_605\" aria-describedby=\"caption-attachment-605\" style=\"width: 800px\" class=\"wp-caption alignnone\"><img fetchpriority=\"high\" decoding=\"async\" class=\"size-full wp-image-605\" src=\"https:\/\/www.ywjunchi.com\/wp-content\/uploads\/2026\/03\/011-5.jpg\" alt=\"\u0110\u00e8n c\u1ed9t E068B s\u1eed d\u1ee5ng m\u00e0ng hologram in \u0111\u01b0\u1eddng n\u00e9t\" width=\"800\" height=\"800\" srcset=\"https:\/\/www.ywjunchi.com\/wp-content\/uploads\/2026\/03\/011-5.jpg 800w, https:\/\/www.ywjunchi.com\/wp-content\/uploads\/2026\/03\/011-5-300x300.jpg 300w, https:\/\/www.ywjunchi.com\/wp-content\/uploads\/2026\/03\/011-5-100x100.jpg 100w, https:\/\/www.ywjunchi.com\/wp-content\/uploads\/2026\/03\/011-5-600x600.jpg 600w, https:\/\/www.ywjunchi.com\/wp-content\/uploads\/2026\/03\/011-5-150x150.jpg 150w, https:\/\/www.ywjunchi.com\/wp-content\/uploads\/2026\/03\/011-5-768x768.jpg 768w\" sizes=\"(max-width: 800px) 100vw, 800px\" \/><figcaption id=\"caption-attachment-605\" class=\"wp-caption-text\">\u0110\u00e8n c\u1ed9t E068B s\u1eed d\u1ee5ng m\u00e0ng hologram in \u0111\u01b0\u1eddng n\u00e9t<\/figcaption><\/figure>\n<h2><strong>C\u00e1c th\u00f4ng s\u1ed1 ch\u00ednh<\/strong>:<\/h2>\n<p>Chi\u1ec1u r\u1ed9ng t\u1ed1i \u0111a c\u1ee7a m\u00e1y: 820 mm (\u0111\u01b0\u1ee3c t\u1ed1i \u01b0u h\u00f3a cho c\u00e1c quy tr\u00ecnh \u0111\u00f3ng g\u00f3i, in \u1ea5n v\u00e0 s\u1ea3n xu\u1ea5t nh\u00e3n ti\u00eau chu\u1ea9n, \u0111\u1ea3m b\u1ea3o t\u01b0\u01a1ng th\u00edch v\u1edbi c\u00e1c thi\u1ebft b\u1ecb th\u00f4ng d\u1ee5ng)<\/p>\n<p>Lo\u1ea1i v\u1eadt li\u1ec7u: M\u00e0ng PET ba chi\u1ec1u kh\u00f4ng \u0111\u01b0\u1eddng n\u1ed1i (t\u1eadp trung v\u00e0o hi\u1ec7u su\u1ea5t cao v\u00e0 t\u00ednh th\u00e2n thi\u1ec7n v\u1edbi m\u00f4i tr\u01b0\u1eddng)<\/p>\n<p>\u0110\u1ed9 d\u00e0y c\u1ed1 \u0111\u1ecbnh: 16\u03bcm (s\u1ef1 c\u00e2n b\u1eb1ng t\u1ed1i \u01b0u gi\u1eefa \u0111\u1ed9 linh ho\u1ea1t v\u00e0 \u0111\u1ed9 \u1ed5n \u0111\u1ecbnh c\u1ea5u tr\u00fac cho c\u00e1c \u1ee9ng d\u1ee5ng ch\u00ednh)<\/p>\n<p>C\u00e1c \u1ee9ng d\u1ee5ng ch\u00ednh: Laminate v\u1edbi gi\u1ea5y (\u0111\u1ec3 s\u1ea3n xu\u1ea5t b\u00eca gi\u1ea5y ba chi\u1ec1u), in offset UV, s\u1ea3n xu\u1ea5t h\u1ed9p m\u1ef9 ph\u1ea9m<\/p>\n<p><strong>C\u00e1c t\u00e1c \u0111\u1ed9ng ch\u00ednh<\/strong>: C\u00e1c t\u00f9y ch\u1ecdn \u00e9p m\u00e0ng v\u00e0 in chuy\u1ec3n<\/p>\n<p><strong>Kinh nghi\u1ec7m s\u1ea3n xu\u1ea5t<\/strong>: H\u01a1n 20 n\u0103m chuy\u00ean s\u1ea3n xu\u1ea5t m\u00e0ng phim ba chi\u1ec1u<\/p>\n<p>\u0110i\u1ec1u g\u00ec khi\u1ebfn E068B tr\u1edf th\u00e0nh gi\u1ea3i ph\u00e1p chi\u1ebfu s\u00e1ng ngang ki\u1ec3u ch\u1ea3i n\u1ed5i b\u1eadt?<\/p>\n<p>Thi\u1ebft k\u1ebf ch\u00f9m s\u00e1ng ngang ch\u1ea3i \u0111\u1ed9c quy\u1ec1n &amp; c\u00f4ng ngh\u1ec7 ti\u00ean ti\u1ebfn<\/p>\n<p>\u0110\u01b0\u1ee3c ch\u1ebf t\u00e1c t\u1eeb t\u1ea5m khu\u00f4n hologram ch\u00ednh x\u00e1c K LASER E068B k\u1ebft h\u1ee3p v\u1edbi c\u00f4ng ngh\u1ec7 d\u1eadp n\u1ed5i ti\u00ean ti\u1ebfn, d\u00f2ng s\u1ea3n ph\u1ea9m E068B mang \u0111\u1ebfn h\u00ecnh \u1ea3nh tia s\u00e1ng ngang ch\u1ea3i x\u01b0\u1edbc \u0111\u1ed9c \u0111\u00e1o \u2013 h\u00f2a quy\u1ec7n gi\u1eefa k\u1ebft c\u1ea5u m\u01b0\u1ee3t m\u00e0 c\u1ee7a kim lo\u1ea1i ch\u1ea3i x\u01b0\u1edbc v\u1edbi v\u1ebb r\u1ef1c r\u1ee1 \u0111\u1ea7y s\u1ee9c s\u1ed1ng c\u1ee7a c\u00e1c tia s\u00e1ng ngang.K\u1ebft c\u1ea5u ch\u1ea3i mang l\u1ea1i c\u1ea3m gi\u00e1c x\u00fac gi\u00e1c cao c\u1ea5p, k\u1ebft h\u1ee3p gi\u1eefa m\u1edd v\u00e0 b\u00f3ng, trong khi h\u01b0\u1edbng ch\u00f9m s\u00e1ng ngang t\u1ea1o ra hi\u1ec7u \u1ee9ng th\u1ecb gi\u00e1c r\u1ed9ng m\u1edf, thanh l\u1ecbch, gi\u00fap t\u0103ng c\u01b0\u1eddng nh\u1eadn th\u1ee9c v\u1ec1 chi\u1ec1u r\u1ed9ng c\u1ee7a s\u1ea3n ph\u1ea9m tr\u00ean k\u1ec7. V\u1edbi c\u1ea5u tr\u00fac vi-nano si\u00eau m\u1ecbn (\u0111\u1ed9 ph\u00e2n gi\u1ea3i \u22654000dpi), hoa v\u0103n s\u1eafc n\u00e9t, \u0111\u1ed3ng nh\u1ea5t v\u00e0 li\u1ec1n m\u1ea1ch tr\u00ean to\u00e0n b\u1ed9 chi\u1ec1u r\u1ed9ng 820mm, kh\u00f4ng c\u00f3 khe h\u1edf n\u1ed1i hay \u0111\u1ee9t \u0111o\u1ea1n hoa v\u0103n.<\/p>\n<p>\u01afu \u0111i\u1ec3m c\u1ed1t l\u00f5i: Hi\u1ec7u su\u1ea5t v\u00e0 kh\u1ea3 n\u0103ng th\u00edch \u1ee9ng \u0111a n\u0103ng<\/p>\n<p><strong>Ch\u1ea5t l\u01b0\u1ee3ng v\u01b0\u1ee3t tr\u1ed9i c\u1ee7a v\u1eadt li\u1ec7u PET (\u0110\u1ed9 d\u00e0y c\u1ed1 \u0111\u1ecbnh 16\u03bcm)<\/strong>:\u0110\u01b0\u1ee3c s\u1ea3n xu\u1ea5t t\u1eeb nh\u1ef1a PET c\u00f3 \u0111\u1ed9 tinh khi\u1ebft cao, th\u00e2n thi\u1ec7n v\u1edbi m\u00f4i tr\u01b0\u1eddng (\u0111\u1ea1t ch\u1ee9ng nh\u1eadn ROHS), \u0111\u00e3 v\u01b0\u1ee3t qua b\u00e0i ki\u1ec3m tra halogen, v\u1edbi \u0111\u1ed9 d\u00e0y c\u1ed1 \u0111\u1ecbnh 16\u03bcm \u2013 l\u00fd t\u01b0\u1edfng \u0111\u1ec3 \u00e9p m\u00e0ng v\u1edbi gi\u1ea5y (gi\u1ea5y b\u00eca holographic) v\u00e0 in offset UV.S\u1ea3n ph\u1ea9m c\u00f3 \u0111\u1ed9 \u1ed5n \u0111\u1ecbnh k\u00edch th\u01b0\u1edbc tuy\u1ec7t v\u1eddi, kh\u1ea3 n\u0103ng ch\u1ecbu nhi\u1ec7t cao (ch\u1ecbu \u0111\u01b0\u1ee3c qu\u00e1 tr\u00ecnh \u00e9p m\u00e0ng\/in \u1edf nhi\u1ec7t \u0111\u1ed9 100-120\u2103), v\u00e0 l\u00fd t\u01b0\u1edfng cho s\u1ea3n xu\u1ea5t h\u1ed9p m\u1ef9 ph\u1ea9m v\u00e0 bao b\u00ec cao c\u1ea5p. S\u1ea3n ph\u1ea9m c\u00f3 \u0111\u1ed9 b\u1ec1n k\u00e9o \u2265220MPa, \u0111\u1ed9 truy\u1ec1n s\u00e1ng \u226592% v\u00e0 \u0111\u1ed9 m\u1edd th\u1ea5p (\u22641.2%), \u0111\u1ea3m b\u1ea3o hi\u1ec7u \u1ee9ng ch\u00f9m s\u00e1ng ngang ch\u1ea3i \u0111\u01b0\u1ee3c s\u1ed1ng \u0111\u1ed9ng v\u00e0 r\u00f5 n\u00e9t m\u00e0 kh\u00f4ng b\u1ecb bi\u1ebfn d\u1ea1ng.<\/p>\n<figure id=\"attachment_602\" aria-describedby=\"caption-attachment-602\" style=\"width: 800px\" class=\"wp-caption alignnone\"><img decoding=\"async\" class=\"size-full wp-image-602\" src=\"https:\/\/www.ywjunchi.com\/wp-content\/uploads\/2026\/03\/011-3.jpg\" alt=\"\u0110\u00e8n c\u1ed9t E068B c\u00f3 m\u00e0ng hologram d\u1ea1ng d\u1ea3i\" width=\"800\" height=\"800\" srcset=\"https:\/\/www.ywjunchi.com\/wp-content\/uploads\/2026\/03\/011-3.jpg 800w, https:\/\/www.ywjunchi.com\/wp-content\/uploads\/2026\/03\/011-3-300x300.jpg 300w, https:\/\/www.ywjunchi.com\/wp-content\/uploads\/2026\/03\/011-3-100x100.jpg 100w, https:\/\/www.ywjunchi.com\/wp-content\/uploads\/2026\/03\/011-3-600x600.jpg 600w, https:\/\/www.ywjunchi.com\/wp-content\/uploads\/2026\/03\/011-3-150x150.jpg 150w, https:\/\/www.ywjunchi.com\/wp-content\/uploads\/2026\/03\/011-3-768x768.jpg 768w\" sizes=\"(max-width: 800px) 100vw, 800px\" \/><figcaption id=\"caption-attachment-602\" class=\"wp-caption-text\">\u0110\u00e8n c\u1ed9t E068B c\u00f3 m\u00e0ng hologram d\u1ea1ng d\u1ea3i<\/figcaption><\/figure>\n<p><strong>T\u1ed1i \u01b0u h\u00f3a \u0111a m\u1ee5c \u0111\u00edch<\/strong>:<\/p>\n<p><strong>S\u1ef1 xu\u1ea5t s\u1eafc trong c\u00f4ng ngh\u1ec7 \u00e9p m\u00e0ng (Gi\u1ea5y b\u00eca hologram)<\/strong>:\u0110\u01b0\u1ee3c ph\u1ee7 l\u1edbp keo n\u00f3ng ch\u1ea3y th\u00e2n thi\u1ec7n v\u1edbi m\u00f4i tr\u01b0\u1eddng, \u0111\u1ea3m b\u1ea3o \u0111\u1ed9 b\u00e1m d\u00ednh cao (\u22650,8 N\/15 mm) v\u1edbi gi\u1ea5y, gi\u00fap t\u1ea1o ra lo\u1ea1i b\u00eca gi\u1ea5y ba chi\u1ec1u ch\u1ea5t l\u01b0\u1ee3ng cao. S\u1ea3n ph\u1ea9m ch\u1ed1ng l\u1ea1i hi\u1ec7n t\u01b0\u1ee3ng t\u1ea1o b\u1ecdt, bong tr\u00f3c v\u00e0 nh\u0103n nh\u00fam trong qu\u00e1 tr\u00ecnh \u00e9p m\u00e0ng, \u0111\u1ed3ng th\u1eddi gi\u1eef nguy\u00ean k\u1ebft c\u1ea5u v\u00e2n ch\u1ea3i v\u00e0 \u0111\u1ed9 s\u00e1ng b\u00f3ng c\u1ee7a tia s\u00e1ng sau khi \u00e9p m\u00e0ng, r\u1ea5t ph\u00f9 h\u1ee3p \u0111\u1ec3 s\u1ea3n xu\u1ea5t h\u1ed9p m\u1ef9 ph\u1ea9m.<\/p>\n<p><strong>Kh\u1ea3 n\u0103ng t\u01b0\u01a1ng th\u00edch v\u1edbi in offset UV<\/strong>:\u0110\u01b0\u1ee3c x\u1eed l\u00fd b\u1ec1 m\u1eb7t b\u1eb1ng l\u1edbp s\u01a1n l\u00f3t \u0111\u1eb7c bi\u1ec7t (n\u0103ng l\u01b0\u1ee3ng b\u1ec1 m\u1eb7t \u226538 mN\/m), gi\u00fap t\u0103ng c\u01b0\u1eddng \u0111\u1ed9 b\u00e1m d\u00ednh c\u1ee7a m\u1ef1c v\u00e0 \u0111\u01b0\u1ee3c t\u1ed1i \u01b0u h\u00f3a \u0111\u1eb7c bi\u1ec7t cho in offset UV. B\u1ec1 m\u1eb7t nh\u00e1m m\u1ecbn gi\u00fap ng\u0103n ch\u1eb7n hi\u1ec7n t\u01b0\u1ee3ng lem m\u1ef1c, \u0111\u1ea3m b\u1ea3o c\u00e1c thi\u1ebft k\u1ebf in c\u00f3 \u0111\u1ed9 ph\u00e2n gi\u1ea3i cao, t\u00f4n l\u00ean hi\u1ec7u \u1ee9ng ba chi\u1ec1u m\u00e0 kh\u00f4ng l\u00e0m lu m\u1edd n\u00f3, ph\u00f9 h\u1ee3p \u0111\u1ec3 in b\u1ec1 m\u1eb7t h\u1ed9p m\u1ef9 ph\u1ea9m.<\/p>\n<p><strong>Kh\u1ea3 n\u0103ng th\u00edch \u1ee9ng c\u1ee7a h\u1ed9p \u0111\u1ef1ng m\u1ef9 ph\u1ea9m<\/strong>:\u0110\u1ed9 d\u00e0y c\u1ed1 \u0111\u1ecbnh 16\u03bcm gi\u00fap c\u00e2n b\u1eb1ng gi\u1eefa t\u00ednh linh ho\u1ea1t (\u0111\u1ec3 g\u1ea5p h\u1ed9p) v\u00e0 \u0111\u1ed9 \u1ed5n \u0111\u1ecbnh c\u1ea5u tr\u00fac (\u0111\u1ec3 \u0111\u1ecbnh h\u00ecnh h\u1ed9p), k\u1ebft h\u1ee3p v\u1edbi hi\u1ec7u \u1ee9ng v\u00e2n ngang ch\u1ea3i m\u1edd thanh l\u1ecbch, g\u00f3p ph\u1ea7n n\u00e2ng t\u1ea7m v\u1ebb sang tr\u1ecdng cho h\u1ed9p \u0111\u1ef1ng m\u1ef9 ph\u1ea9m. T\u00ednh n\u0103ng ch\u1ed1ng t\u0129nh \u0111i\u1ec7n (\u0111i\u1ec7n tr\u1edf b\u1ec1 m\u1eb7t \u226410\u00b9\u2070\u03a9) gi\u00fap ng\u0103n ng\u1eeba b\u1ee5i b\u00e1m d\u00ednh trong qu\u00e1 tr\u00ecnh gia c\u00f4ng, t\u1eeb \u0111\u00f3 gi\u1ea3m thi\u1ec3u ph\u1ebf ph\u1ea9m trong s\u1ea3n xu\u1ea5t.<\/p>\n<p><strong>Ch\u1ed1ng h\u00e0ng gi\u1ea3 &amp; L\u1ee3i th\u1ebf v\u1ec1 m\u1eb7t th\u1ea9m m\u1ef9<\/strong>:S\u1ef1 k\u1ebft h\u1ee3p \u0111\u1ed9c \u0111\u00e1o gi\u1eefa thi\u1ebft k\u1ebf m\u1eabu K LASER E068B, b\u1ec1 m\u1eb7t ch\u1ea3i x\u01b0\u1edbc v\u00e0 ch\u00f9m s\u00e1ng ngang t\u1ea1o n\u00ean m\u1ed9t r\u00e0o c\u1ea3n ch\u1ed1ng l\u00e0m gi\u1ea3 t\u1ef1 nhi\u00ean \u2014 r\u1ea5t kh\u00f3 \u0111\u1ec3 sao ch\u00e9p n\u1ebfu kh\u00f4ng c\u00f3 thi\u1ebft b\u1ecb \u0111\u00fac chuy\u00ean d\u1ee5ng. H\u1ed7 tr\u1ee3 c\u00e1c y\u1ebfu t\u1ed1 b\u1ea3o m\u1eadt b\u1ed5 sung (ch\u1eef in si\u00eau nh\u1ecf, h\u00ecnh \u1ea3nh \u1ea9n) \u0111\u1ec3 t\u0103ng c\u01b0\u1eddng b\u1ea3o v\u1ec7 th\u01b0\u01a1ng hi\u1ec7u, \u0111\u00e1p \u1ee9ng ti\u00eau chu\u1ea9n ch\u1ed1ng l\u00e0m gi\u1ea3 b\u1eb1ng c\u00f4ng ngh\u1ec7 ba chi\u1ec1u GB\/T 17000-2009.B\u1ec1 m\u1eb7t ch\u1ea3i mang l\u1ea1i m\u1ed9t l\u1ef1a ch\u1ecdn tinh t\u1ebf, kh\u00f4ng ch\u00f3i l\u00f3a so v\u1edbi c\u00e1c m\u00e0ng hologram b\u00f3ng truy\u1ec1n th\u1ed1ng, ho\u00e0n h\u1ea3o cho vi\u1ec7c x\u00e2y d\u1ef1ng th\u01b0\u01a1ng hi\u1ec7u cao c\u1ea5p.<\/p>\n<p><strong>C\u1ea5u tr\u00fac l\u1edbp \u0111\u01b0\u1ee3c t\u1ed1i \u01b0u h\u00f3a (L\u00f5i PET li\u1ec1n m\u1ea1ch)<\/strong><\/p>\n<p>L\u1edbp ph\u1ee7 m\u1edd \u2192 L\u1edbp kim lo\u1ea1i c\u00f3 \u0111\u1ed9 ph\u1ea3n x\u1ea1 cao \u2192 L\u1edbp l\u00f5i PET \u2192 L\u1edbp d\u1eadp n\u1ed5i h\u00ecnh \u1ea3nh ba chi\u1ec1u v\u1edbi ch\u00f9m s\u00e1ng ngang ch\u1ea3i \u2192 L\u1edbp ph\u1ee7 ch\u1ed1ng tia UV v\u00e0 ch\u1ed1ng tr\u1ea7y x\u01b0\u1edbc<\/p>\n<p>L\u1edbp ph\u1ee7 b\u1ea3o v\u1ec7 k\u00e9p gi\u00fap t\u0103ng c\u01b0\u1eddng \u0111\u1ed9 b\u1ec1n (\u0111\u1ed9 c\u1ee9ng b\u00fat ch\u00ec c\u1ea5p H) v\u00e0 kh\u1ea3 n\u0103ng ch\u1ed1ng tia UV, \u0111\u1ea3m b\u1ea3o k\u1ebft c\u1ea5u ch\u1ea3i x\u01b0\u1edbc v\u00e0 hi\u1ec7u \u1ee9ng ch\u00f9m s\u00e1ng v\u1eabn s\u1ed1ng \u0111\u1ed9ng trong th\u1eddi gian s\u1eed d\u1ee5ng l\u00e2u d\u00e0i. L\u1edbp ph\u1ea3n x\u1ea1 cao l\u00e0m t\u0103ng \u0111\u1ed9 s\u00e1ng c\u1ee7a ch\u00f9m s\u00e1ng ngang, trong khi l\u1edbp l\u00f5i PET c\u00e2n b\u1eb1ng gi\u1eefa t\u00ednh linh ho\u1ea1t v\u00e0 \u0111\u1ed9 \u1ed5n \u0111\u1ecbnh c\u1ea5u tr\u00fac \u0111\u1ec3 \u0111\u00e1p \u1ee9ng c\u00e1c nhu c\u1ea7u gia c\u00f4ng \u0111a d\u1ea1ng.<\/p>\n<figure id=\"attachment_603\" aria-describedby=\"caption-attachment-603\" style=\"width: 800px\" class=\"wp-caption alignnone\"><img decoding=\"async\" class=\"size-full wp-image-603\" src=\"https:\/\/www.ywjunchi.com\/wp-content\/uploads\/2026\/03\/011-2.jpg\" alt=\"\u0110\u00e8n c\u1ed9t E068B s\u1eed d\u1ee5ng m\u00e0ng hologram in \u0111\u01b0\u1eddng n\u00e9t\" width=\"800\" height=\"800\" srcset=\"https:\/\/www.ywjunchi.com\/wp-content\/uploads\/2026\/03\/011-2.jpg 800w, https:\/\/www.ywjunchi.com\/wp-content\/uploads\/2026\/03\/011-2-300x300.jpg 300w, https:\/\/www.ywjunchi.com\/wp-content\/uploads\/2026\/03\/011-2-100x100.jpg 100w, https:\/\/www.ywjunchi.com\/wp-content\/uploads\/2026\/03\/011-2-600x600.jpg 600w, https:\/\/www.ywjunchi.com\/wp-content\/uploads\/2026\/03\/011-2-150x150.jpg 150w, https:\/\/www.ywjunchi.com\/wp-content\/uploads\/2026\/03\/011-2-768x768.jpg 768w\" sizes=\"(max-width: 800px) 100vw, 800px\" \/><figcaption id=\"caption-attachment-603\" class=\"wp-caption-text\">\u0110\u00e8n c\u1ed9t E068B s\u1eed d\u1ee5ng m\u00e0ng hologram in \u0111\u01b0\u1eddng n\u00e9t<\/figcaption><\/figure>\n<h2>C\u00e1c \u1ee9ng d\u1ee5ng chuy\u00ean bi\u1ec7t<\/h2>\n<p>Nh\u1edd t\u1eadn d\u1ee5ng hi\u1ec7u \u1ee9ng ch\u00f9m s\u00e1ng ngang m\u1edd \u0111\u1ed9c \u0111\u00e1o, chi\u1ec1u r\u1ed9ng ti\u00eau chu\u1ea9n 820 mm v\u00e0 kh\u1ea3 n\u0103ng t\u01b0\u01a1ng th\u00edch v\u1edbi nhi\u1ec1u quy tr\u00ecnh,<\/p>\n<p>E068B l\u00e0 l\u1ef1a ch\u1ecdn l\u00fd t\u01b0\u1edfng cho:<\/p>\n<p>B\u00eca gi\u1ea5y ba chi\u1ec1u: Qu\u00e1 tr\u00ecnh \u00e9p m\u00e0ng v\u1edbi gi\u1ea5y \u0111\u1ec3 s\u1ea3n xu\u1ea5t b\u00eca gi\u1ea5y ba chi\u1ec1u ch\u1ea5t l\u01b0\u1ee3ng cao, nguy\u00ean li\u1ec7u ch\u00ednh cho bao b\u00ec cao c\u1ea5p.<\/p>\n<p>C\u00e1c d\u1ef1 \u00e1n in offset UV: Ph\u00f9 h\u1ee3p v\u1edbi quy tr\u00ecnh in offset UV, l\u00fd t\u01b0\u1edfng \u0111\u1ec3 in tr\u00ean b\u1ec1 m\u1eb7t h\u1ed9p m\u1ef9 ph\u1ea9m v\u00e0 c\u00e1c lo\u1ea1i bao b\u00ec cao c\u1ea5p kh\u00e1c.<\/p>\n<p>H\u1ed9p \u0111\u1ef1ng m\u1ef9 ph\u1ea9m: V\u1eadt li\u1ec7u l\u00f5i d\u00f9ng trong s\u1ea3n xu\u1ea5t h\u1ed9p \u0111\u1ef1ng m\u1ef9 ph\u1ea9m \u2013 \u0111\u1ed9 d\u00e0y 16\u03bcm ph\u00f9 h\u1ee3p cho qu\u00e1 tr\u00ecnh g\u1ea5p v\u00e0 t\u1ea1o h\u00ecnh h\u1ed9p, trong khi hi\u1ec7u \u1ee9ng v\u00e2n ch\u1ea3i ngang mang l\u1ea1i n\u00e9t sang tr\u1ecdng v\u00e0 \u0111\u1eb3ng c\u1ea5p cho bao b\u00ec m\u1ef9 ph\u1ea9m.<\/p>\n<h2>T\u1ea1i sao n\u00ean ch\u1ecdn YWJUNCHI E068B?<\/h2>\n<p><strong>L\u1ee3i th\u1ebf th\u1ea9m m\u1ef9 \u0111\u1ed9c \u0111\u00e1o<\/strong>:K LASER E068B \u2013 M\u1eabu thi\u1ebft k\u1ebf cao c\u1ea5p v\u1edbi hi\u1ec7u \u1ee9ng ch\u1ea3i ngang \u2013 k\u1ebft h\u1ee3p gi\u1eefa k\u1ebft c\u1ea5u ch\u1ea3i cao c\u1ea5p v\u00e0 hi\u1ec7u \u1ee9ng \u00e1nh s\u00e1ng ngang \u0111\u1ed9ng, t\u1ea1o n\u00ean s\u1ef1 kh\u00e1c bi\u1ec7t so v\u1edbi c\u00e1c lo\u1ea1i phim hologram th\u00f4ng th\u01b0\u1eddng.<\/p>\n<p><strong>Chi\u1ec1u r\u1ed9ng ti\u00eau chu\u1ea9n<\/strong>:Chi\u1ec1u r\u1ed9ng t\u1ed1i \u0111a 820 mm ph\u00f9 h\u1ee3p v\u1edbi c\u00e1c thi\u1ebft b\u1ecb \u0111\u00f3ng g\u00f3i\/in \u1ea5n th\u00f4ng d\u1ee5ng, \u0111\u1ea3m b\u1ea3o hi\u1ec7u qu\u1ea3 s\u1ea3n xu\u1ea5t v\u00e0 gi\u1ea3m thi\u1ec3u l\u00e3ng ph\u00ed nguy\u00ean li\u1ec7u.<\/p>\n<p><strong>Chuy\u00ean ng\u00e0nh PET<\/strong>:Chuy\u00ean v\u1ec1 v\u1eadt li\u1ec7u PET li\u1ec1n m\u1ea1ch, th\u00e2n thi\u1ec7n v\u1edbi m\u00f4i tr\u01b0\u1eddng, \u1ed5n \u0111\u1ecbnh v\u00e0 c\u00f3 hi\u1ec7u su\u1ea5t cao \u2013 l\u00fd t\u01b0\u1edfng cho c\u00e1c th\u01b0\u01a1ng hi\u1ec7u cao c\u1ea5p v\u00e0 quan t\u00e2m \u0111\u1ebfn m\u00f4i tr\u01b0\u1eddng.<\/p>\n<p><strong>Kh\u1ea3 n\u0103ng t\u01b0\u01a1ng th\u00edch \u0111a quy tr\u00ecnh<\/strong>:\u0110\u01b0\u1ee3c t\u1ed1i \u01b0u h\u00f3a cho c\u00e1c quy tr\u00ecnh \u00e9p m\u00e0ng, in \u1ea5n v\u00e0 s\u1ea3n xu\u1ea5t h\u1ed9p m\u1ef9 ph\u1ea9m, gi\u00fap lo\u1ea1i b\u1ecf nhu c\u1ea7u s\u1eed d\u1ee5ng nhi\u1ec1u lo\u1ea1i m\u00e0ng kh\u00e1c nhau.<\/p>\n<p><strong>\u0110\u1ea3m b\u1ea3o ch\u1ea5t l\u01b0\u1ee3ng<\/strong>:H\u01a1n 20 n\u0103m kinh nghi\u1ec7m trong l\u0129nh v\u1ef1c s\u1ea3n xu\u1ea5t, c\u00f9ng quy tr\u00ecnh ki\u1ec3m tra nghi\u00eam ng\u1eb7t v\u1ec1 t\u00ednh nh\u1ea5t qu\u00e1n c\u1ee7a m\u1eabu m\u00e3, hi\u1ec7u su\u1ea5t v\u1eadt li\u1ec7u v\u00e0 kh\u1ea3 n\u0103ng th\u00edch \u1ee9ng trong qu\u00e1 tr\u00ecnh gia c\u00f4ng; \u0111\u00e1p \u1ee9ng c\u00e1c ti\u00eau chu\u1ea9n REACH c\u1ee7a EU v\u00e0 c\u00e1c ti\u00eau chu\u1ea9n m\u00f4i tr\u01b0\u1eddng c\u1ee7a Trung Qu\u1ed1c.<\/p>\n<p><strong>H\u1ed7 tr\u1ee3 t\u00f9y ch\u1ec9nh<\/strong>:\u0110\u1ed9 d\u00e0y c\u1ed1 \u0111\u1ecbnh 16\u03bcm (\u0111\u01b0\u1ee3c t\u1ed1i \u01b0u h\u00f3a cho c\u00e1c \u1ee9ng d\u1ee5ng c\u1ed1t l\u00f5i), m\u00e0u s\u1eafc c\u00f3 th\u1ec3 t\u00f9y ch\u1ec9nh (b\u1ea1c, v\u00e0ng, trong su\u1ed1t m\u1ea1 kim lo\u1ea1i ZNS) v\u00e0 c\u00e1c y\u1ebfu t\u1ed1 b\u1ea3o m\u1eadt t\u00f9y ch\u1ecdn \u0111\u1ec3 \u0111\u00e1p \u1ee9ng nhu c\u1ea7u s\u1ea3n xu\u1ea5t h\u1ed9p m\u1ef9 ph\u1ea9m v\u00e0 b\u00eca gi\u1ea5y ba chi\u1ec1u.<\/p>\n<figure id=\"attachment_601\" aria-describedby=\"caption-attachment-601\" style=\"width: 800px\" class=\"wp-caption alignnone\"><img loading=\"lazy\" decoding=\"async\" class=\"size-full wp-image-601\" src=\"https:\/\/www.ywjunchi.com\/wp-content\/uploads\/2026\/03\/011-1.jpg\" alt=\"\u0110\u00e8n c\u1ed9t E068B c\u00f3 m\u00e0ng hologram d\u1ea1ng d\u1ea3i\" width=\"800\" height=\"800\" srcset=\"https:\/\/www.ywjunchi.com\/wp-content\/uploads\/2026\/03\/011-1.jpg 800w, https:\/\/www.ywjunchi.com\/wp-content\/uploads\/2026\/03\/011-1-300x300.jpg 300w, https:\/\/www.ywjunchi.com\/wp-content\/uploads\/2026\/03\/011-1-100x100.jpg 100w, https:\/\/www.ywjunchi.com\/wp-content\/uploads\/2026\/03\/011-1-600x600.jpg 600w, https:\/\/www.ywjunchi.com\/wp-content\/uploads\/2026\/03\/011-1-150x150.jpg 150w, https:\/\/www.ywjunchi.com\/wp-content\/uploads\/2026\/03\/011-1-768x768.jpg 768w\" sizes=\"(max-width: 800px) 100vw, 800px\" \/><figcaption id=\"caption-attachment-601\" class=\"wp-caption-text\">\u0110\u00e8n c\u1ed9t E068B c\u00f3 m\u00e0ng hologram d\u1ea1ng d\u1ea3i<\/figcaption><\/figure>\n<h2>C\u00e2u h\u1ecfi th\u01b0\u1eddng g\u1eb7p?<\/h2>\n<p><strong>\u01afu \u0111i\u1ec3m c\u1ee7a thi\u1ebft k\u1ebf ch\u00f9m s\u00e1ng ngang d\u1ea1ng ch\u1ea3i l\u00e0 g\u00ec \u0111\u1ed1i v\u1edbi c\u00e1c \u1ee9ng d\u1ee5ng ch\u00ednh c\u1ee7a n\u00f3?<\/strong>S\u1ea3n ph\u1ea9m mang \u0111\u1ebfn k\u1ebft c\u1ea5u ch\u1ea3i x\u01b0\u1edbc cao c\u1ea5p, tinh t\u1ebf, k\u1ebft h\u1ee3p v\u1edbi hi\u1ec7u \u1ee9ng \u00e1nh s\u00e1ng ngang thanh l\u1ecbch \u2013 kh\u00f4ng ch\u00f3i m\u1eaft, t\u1ea1o c\u1ea3m gi\u00e1c m\u1ec1m m\u1ea1i khi ch\u1ea1m v\u00e0o, v\u00e0 l\u00e0 l\u1ef1a ch\u1ecdn ho\u00e0n h\u1ea3o cho c\u00e1c lo\u1ea1i b\u00eca gi\u1ea5y holographic v\u00e0 h\u1ed9p m\u1ef9 ph\u1ea9m c\u1ea7n m\u1ed9t phong c\u00e1ch th\u01b0\u01a1ng hi\u1ec7u cao c\u1ea5p, tinh t\u1ebf nh\u01b0ng v\u1eabn thu h\u00fat \u00e1nh nh\u00ecn.<\/p>\n<p><strong>M\u00e1y E068B c\u00f3 th\u1ec3 \u0111\u01b0\u1ee3c s\u1eed d\u1ee5ng \u0111\u1ec3 s\u1ea3n xu\u1ea5t nh\u00e3n d\u00e1n t\u1ed1c \u0111\u1ed9 cao kh\u00f4ng?<\/strong>\u0110\u00fang v\u1eady. C\u00e1c t\u00ednh n\u0103ng ch\u1ed1ng d\u00ednh v\u00e0 ch\u1ed1ng t\u0129nh \u0111i\u1ec7n gi\u00fap \u0111\u1ea3m b\u1ea3o qu\u00e1 tr\u00ecnh c\u1ea5p nh\u00e3n di\u1ec5n ra tr\u01a1n tru qua m\u00e1y d\u00e1n nh\u00e3n, h\u1ed7 tr\u1ee3 qu\u00e1 tr\u00ecnh c\u1eaft khu\u00f4n v\u00e0 b\u00f4i keo \u1edf t\u1ed1c \u0111\u1ed9 cao m\u00e0 kh\u00f4ng b\u1ecb k\u1eb9t hay t\u00edch t\u1ee5 b\u1ee5i.<\/p>\n<p><strong>E068B kh\u00e1c v\u1edbi K209A (\u0111\u00e8n c\u1ed9t ngang nh\u1ecf) nh\u01b0 th\u1ebf n\u00e0o?<\/strong><\/p>\n<table>\n<tbody>\n<tr>\n<td width=\"110\">M\u1eabu<\/td>\n<td width=\"110\">Thi\u1ebft k\u1ebf c\u1ed1t l\u00f5i<\/td>\n<td width=\"110\">Chi\u1ec1u r\u1ed9ng<\/td>\n<td width=\"141\">\u0110\u1eb7c \u0111i\u1ec3m h\u00ecnh \u1ea3nh ch\u00ednh<\/td>\n<td width=\"122\">\u0110i\u1ec3m m\u1ea1nh ch\u00ednh<\/td>\n<\/tr>\n<tr>\n<td width=\"110\">E068B<\/td>\n<td width=\"110\">K LASER E068B (M\u1eb7t ch\u1ea3i)<\/td>\n<td width=\"110\">820 mm<\/td>\n<td width=\"141\">Ch\u00f9m s\u00e1ng ngang ki\u1ec3u ch\u1ea3i<\/td>\n<td width=\"122\">K\u1ebft c\u1ea5u ch\u1ea3i cao c\u1ea5p + Hi\u1ec7u \u1ee9ng \u00e1nh s\u00e1ng thanh l\u1ecbch<\/td>\n<\/tr>\n<tr>\n<td width=\"110\">K209A<\/td>\n<td width=\"110\">\u0110\u00e8n c\u1ed9t ngang nh\u1ecf<\/td>\n<td width=\"110\">900 mm<\/td>\n<td width=\"141\">M\u1ea3ng \u0111\u00e8n c\u1ed9t ngang nh\u1ecf, d\u00e0y \u0111\u1eb7c<\/td>\n<td width=\"122\">M\u1ea3ng \u0111\u00e8n tinh t\u1ebf, m\u1eadt \u0111\u1ed9 cao<\/td>\n<\/tr>\n<\/tbody>\n<\/table>\n<p>N\u00e2ng t\u1ea7m th\u01b0\u01a1ng hi\u1ec7u c\u1ee7a b\u1ea1n v\u1edbi hi\u1ec7u \u1ee9ng ba chi\u1ec1u ch\u00f9m s\u00e1ng ngang ch\u1ea3i \u0111\u1ed9c \u0111\u00e1o c\u1ee7a E068B \u2013 YWJUNCHI mang \u0111\u1ebfn ch\u1ea5t l\u01b0\u1ee3ng cao c\u1ea5p, kh\u1ea3 n\u0103ng \u1ee9ng d\u1ee5ng \u0111a n\u0103ng v\u00e0 hi\u1ec7u su\u1ea5t ti\u00eau chu\u1ea9n, \u0111\u01b0\u1ee3c thi\u1ebft k\u1ebf ri\u00eang cho c\u00e1c nhu c\u1ea7u \u0111\u00f3ng g\u00f3i v\u00e0 in \u1ea5n cao c\u1ea5p c\u1ee7a b\u1ea1n. C\u00f3 s\u1eb5n m\u1eabu th\u1eed mi\u1ec5n ph\u00ed \u0111\u1ec3 ki\u1ec3m tra!<\/p>\n<p>YWJUNCHI E068B \u2013 N\u01a1i s\u1ef1 tinh t\u1ebf c\u1ee7a b\u1ec1 m\u1eb7t ch\u1ea3i x\u01b0\u1edbc h\u00f2a quy\u1ec7n c\u00f9ng v\u1ebb r\u1ef1c r\u1ee1 c\u1ee7a \u00e1nh s\u00e1ng ngang!<\/p>","protected":false},"excerpt":{"rendered":"<p>\u0110\u00e8n c\u1ed9t li\u1ec1n m\u1ea1ch E068B s\u1eed d\u1ee5ng m\u00e0ng hologram PET d\u1ea1ng cu\u1ed9n, chi\u1ec1u r\u1ed9ng t\u1ed1i \u0111a 820 mm.<\/p>","protected":false},"featured_media":601,"comment_status":"open","ping_status":"closed","template":"","meta":[],"product_brand":[],"product_cat":[17],"product_tag":[51,52],"class_list":{"0":"post-214","1":"product","2":"type-product","3":"status-publish","4":"has-post-thumbnail","6":"product_cat-holographic-film","7":"product_tag-e068b-pillar-light-with-line-hologram-film","8":"product_tag-z10-lightbeem-include-line-pet-holographic-film","10":"first","11":"instock","12":"shipping-taxable","13":"product-type-simple"},"_links":{"self":[{"href":"https:\/\/www.ywjunchi.com\/vi\/wp-json\/wp\/v2\/product\/214","targetHints":{"allow":["GET"]}}],"collection":[{"href":"https:\/\/www.ywjunchi.com\/vi\/wp-json\/wp\/v2\/product"}],"about":[{"href":"https:\/\/www.ywjunchi.com\/vi\/wp-json\/wp\/v2\/types\/product"}],"replies":[{"embeddable":true,"href":"https:\/\/www.ywjunchi.com\/vi\/wp-json\/wp\/v2\/comments?post=214"}],"wp:featuredmedia":[{"embeddable":true,"href":"https:\/\/www.ywjunchi.com\/vi\/wp-json\/wp\/v2\/media\/601"}],"wp:attachment":[{"href":"https:\/\/www.ywjunchi.com\/vi\/wp-json\/wp\/v2\/media?parent=214"}],"wp:term":[{"taxonomy":"product_brand","embeddable":true,"href":"https:\/\/www.ywjunchi.com\/vi\/wp-json\/wp\/v2\/product_brand?post=214"},{"taxonomy":"product_cat","embeddable":true,"href":"https:\/\/www.ywjunchi.com\/vi\/wp-json\/wp\/v2\/product_cat?post=214"},{"taxonomy":"product_tag","embeddable":true,"href":"https:\/\/www.ywjunchi.com\/vi\/wp-json\/wp\/v2\/product_tag?post=214"}],"curies":[{"name":"wp","href":"https:\/\/api.w.org\/{rel}","templated":true}]}}