{"id":203,"date":"2026-03-17T07:28:33","date_gmt":"2026-03-17T07:28:33","guid":{"rendered":"https:\/\/www.ywjunchi.com\/?post_type=product&#038;p=203"},"modified":"2026-04-29T02:05:53","modified_gmt":"2026-04-29T02:05:53","slug":"mang-hologram-k254-pillar-milky-way","status":"publish","type":"product","link":"https:\/\/www.ywjunchi.com\/vi\/product\/k254-pillar-milkway-holographic-film\/","title":{"rendered":"M\u00e0ng hologram K254 d\u1ea1ng c\u1ed9t"},"content":{"rendered":"<p>C\u00f4ng ty V\u1eadt li\u1ec7u \u0110\u00f3ng g\u00f3i YIWU JUNCHI, v\u1edbi h\u01a1n 20 n\u0103m kinh nghi\u1ec7m chuy\u00ean s\u00e2u trong l\u0129nh v\u1ef1c s\u1ea3n xu\u1ea5t m\u00e0ng hologram, cam k\u1ebft cung c\u1ea5p c\u00e1c v\u1eadt li\u1ec7u \u0111\u00f3ng g\u00f3i hologram ch\u1ea5t l\u01b0\u1ee3ng cao. Ch\u00fang t\u00f4i ch\u1ee7 y\u1ebfu cung c\u1ea5p gi\u1ea5y hologram chuy\u1ec3n nhi\u1ec7t, b\u00eca carton hologram \u00e9p l\u1edbp, v\u00e0 s\u1ea3n ph\u1ea9m n\u1ed5i b\u1eadt l\u00e0 M\u00e0ng Hologram Kh\u00f4ng \u0110\u01b0\u1eddng May YWJUNCHI K254, \u0111\u00e1p \u1ee9ng \u0111a d\u1ea1ng nhu c\u1ea7u \u0111\u00f3ng g\u00f3i c\u1ee7a c\u00e1c ng\u00e0nh c\u00f4ng nghi\u1ec7p kh\u00e1c nhau.<\/p>\n<p><strong>K254 M\u00e0ng hologram li\u1ec1n m\u1ea1ch d\u00e0nh cho th\u00fa c\u01b0ng, hi\u1ec7u \u1ee9ng \u00e1nh s\u00e1ng c\u1ed9t theo h\u01b0\u1edbng ngang v\u1edbi h\u00ecnh \u1ea3nh hologram d\u1ea3i Ng\u00e2n H\u00e0.<\/strong><\/p>\n<p><strong>S\u1ea3n xu\u1ea5t<\/strong>:C\u00f4ng ty V\u1eadt li\u1ec7u \u0110\u00f3ng g\u00f3i Yiwujunchi<\/p>\n<p><strong>C\u00e1c th\u00f4ng s\u1ed1 ch\u00ednh<\/strong>:<\/p>\n<p>\u0110\u1ed9 d\u00e0y: 16 micron<\/p>\n<p>Chi\u1ec1u r\u1ed9ng t\u1ed1i \u0111a: 900 mm<\/p>\n<p>C\u00f4ng d\u1ee5ng: \u00e9p m\u00e0ng v\u00e0 chuy\u1ec3n h\u00ecnh, d\u00f9ng \u0111\u1ec3 s\u1ea3n xu\u1ea5t gi\u1ea5y ba chi\u1ec1u<\/p>\n<p>Kinh nghi\u1ec7m s\u1ea3n xu\u1ea5t: H\u01a1n 20 n\u0103m chuy\u00ean s\u1ea3n xu\u1ea5t m\u00e0ng phim ba chi\u1ec1u (ch\u1ea5t l\u01b0\u1ee3ng \u0111\u00e1ng tin c\u1eady \u0111\u01b0\u1ee3c \u0111\u1ea3m b\u1ea3o nh\u1edd kinh nghi\u1ec7m d\u00e0y d\u1eb7n trong ng\u00e0nh v\u00e0 c\u00f4ng ngh\u1ec7 s\u1ea3n xu\u1ea5t ti\u00ean ti\u1ebfn)<\/p>\n<figure id=\"attachment_587\" aria-describedby=\"caption-attachment-587\" style=\"width: 800px\" class=\"wp-caption alignnone\"><img fetchpriority=\"high\" decoding=\"async\" class=\"size-full wp-image-587\" src=\"https:\/\/www.ywjunchi.com\/wp-content\/uploads\/2026\/03\/007-2.jpg\" alt=\"M\u00e0ng hologram K254 d\u1ea1ng c\u1ed9t\" width=\"800\" height=\"800\" srcset=\"https:\/\/www.ywjunchi.com\/wp-content\/uploads\/2026\/03\/007-2.jpg 800w, https:\/\/www.ywjunchi.com\/wp-content\/uploads\/2026\/03\/007-2-300x300.jpg 300w, https:\/\/www.ywjunchi.com\/wp-content\/uploads\/2026\/03\/007-2-100x100.jpg 100w, https:\/\/www.ywjunchi.com\/wp-content\/uploads\/2026\/03\/007-2-600x600.jpg 600w, https:\/\/www.ywjunchi.com\/wp-content\/uploads\/2026\/03\/007-2-150x150.jpg 150w, https:\/\/www.ywjunchi.com\/wp-content\/uploads\/2026\/03\/007-2-768x768.jpg 768w\" sizes=\"(max-width: 800px) 100vw, 800px\" \/><figcaption id=\"caption-attachment-587\" class=\"wp-caption-text\">M\u00e0ng hologram K254 d\u1ea1ng c\u1ed9t<\/figcaption><\/figure>\n<h2>\u0110i\u1ec1u g\u00ec khi\u1ebfn K254 tr\u1edf th\u00e0nh m\u1ed9t l\u1ef1a ch\u1ecdn \u0111a n\u0103ng trong l\u0129nh v\u1ef1c c\u00f4ng ngh\u1ec7 ba chi\u1ec1u?<\/h2>\n<p><strong>Thi\u1ebft k\u1ebf hai m\u1eb7t \u0111\u1ed3ng b\u1ed9 &amp; K\u1ef9 thu\u1eadt ch\u1ebf t\u00e1c h\u00ecnh ba chi\u1ec1u ti\u00ean ti\u1ebfn<\/strong><\/p>\n<p>\u0110\u01b0\u1ee3c ch\u1ebf t\u00e1c b\u1eb1ng c\u00f4ng ngh\u1ec7 cao c\u1ea5p hai l\u1edbp \u2013 d\u1eadp n\u1ed5i ba chi\u1ec1u \u2013 d\u00f2ng s\u1ea3n ph\u1ea9m K254 s\u1edf h\u1eefu c\u00e1c hoa v\u0103n ba chi\u1ec1u \u0111\u1ed9ng v\u1edbi \u0111\u1ed9 ph\u00e2n gi\u1ea3i cao, k\u1ebft h\u1ee3p c\u1ea5u tr\u00fac vi-nano si\u00eau m\u1ecbn (\u0111\u1ed9 ph\u00e2n gi\u1ea3i \u22654000dpi).S\u1ef1 t\u00edch h\u1ee3p hai c\u00f4ng ngh\u1ec7 n\u00e0y k\u1ebft h\u1ee3p th\u1ea9m m\u1ef9 hoa v\u0103n c\u1ed5 \u0111i\u1ec3n c\u1ee7a Zhongjia v\u1edbi c\u00f4ng ngh\u1ec7 giao thoa \u00e1nh s\u00e1ng ti\u00ean ti\u1ebfn c\u1ee7a K LASER, t\u1ea1o ra hi\u1ec7u \u1ee9ng ba chi\u1ec1u \u0111\u1ed9c \u0111\u00e1o v\u00e0 kh\u00f3 b\u1eaft ch\u01b0\u1edbc, gi\u00fap n\u00e2ng cao kh\u1ea3 n\u0103ng ch\u1ed1ng h\u00e0ng gi\u1ea3 v\u00e0 s\u1ee9c h\u1ea5p d\u1eabn cao c\u1ea5p c\u1ee7a s\u1ea3n ph\u1ea9m.C\u1ea5u tr\u00fac li\u1ec1n m\u1ea1ch th\u1ef1c s\u1ef1 \u0111\u1ea3m b\u1ea3o \u0111\u1ed9 r\u00f5 n\u00e9t v\u00e0 \u0111\u1ed9 s\u00e1ng c\u1ee7a hoa v\u0103n nh\u1ea5t qu\u00e1n tr\u00ean to\u00e0n b\u1ed9 chi\u1ec1u r\u1ed9ng si\u00eau r\u1ed9ng 1120mm, kh\u00f4ng c\u00f3 khe h\u1edf n\u1ed1i ho\u1eb7c \u0111\u1ee9t hoa v\u0103n ngay c\u1ea3 trong qu\u00e1 tr\u00ecnh x\u1eed l\u00fd kh\u1ed5 l\u1edbn, gi\u00fap c\u1ea3i thi\u1ec7n hi\u1ec7u qu\u1ea3 s\u1ea3n xu\u1ea5t v\u00e0 n\u0103ng su\u1ea5t s\u1ea3n ph\u1ea9m m\u1ed9t c\u00e1ch hi\u1ec7u qu\u1ea3.<\/p>\n<figure id=\"attachment_588\" aria-describedby=\"caption-attachment-588\" style=\"width: 800px\" class=\"wp-caption alignnone\"><img decoding=\"async\" class=\"size-full wp-image-588\" src=\"https:\/\/www.ywjunchi.com\/wp-content\/uploads\/2026\/03\/007-3.jpg\" alt=\"M\u00e0ng hologram K254 d\u1ea1ng c\u1ed9t\" width=\"800\" height=\"800\" srcset=\"https:\/\/www.ywjunchi.com\/wp-content\/uploads\/2026\/03\/007-3.jpg 800w, https:\/\/www.ywjunchi.com\/wp-content\/uploads\/2026\/03\/007-3-300x300.jpg 300w, https:\/\/www.ywjunchi.com\/wp-content\/uploads\/2026\/03\/007-3-100x100.jpg 100w, https:\/\/www.ywjunchi.com\/wp-content\/uploads\/2026\/03\/007-3-600x600.jpg 600w, https:\/\/www.ywjunchi.com\/wp-content\/uploads\/2026\/03\/007-3-150x150.jpg 150w, https:\/\/www.ywjunchi.com\/wp-content\/uploads\/2026\/03\/007-3-768x768.jpg 768w\" sizes=\"(max-width: 800px) 100vw, 800px\" \/><figcaption id=\"caption-attachment-588\" class=\"wp-caption-text\">M\u00e0ng hologram K254 d\u1ea1ng c\u1ed9t<\/figcaption><\/figure>\n<p><strong>\u01afu \u0111i\u1ec3m c\u1ed1t l\u00f5i: T\u00ednh linh ho\u1ea1t c\u1ee7a v\u1eadt li\u1ec7u k\u00e9p v\u00e0 kh\u1ea3 n\u0103ng th\u00edch \u1ee9ng \u0111a n\u0103ng<\/strong><\/p>\n<p>\u01afu \u0111i\u1ec3m v\u1ec1 v\u1eadt li\u1ec7u: D\u00f2ng s\u1ea3n ph\u1ea9m K254 s\u1eed d\u1ee5ng v\u1eadt li\u1ec7u PET li\u1ec1n m\u1ea1ch ch\u1ea5t l\u01b0\u1ee3ng cao, c\u00f3 t\u00ednh ch\u1ea5t v\u1eadt l\u00fd \u1ed5n \u0111\u1ecbnh, hi\u1ec7u su\u1ea5t \u00e9p m\u00e0ng v\u00e0 chuy\u1ec3n h\u00ecnh xu\u1ea5t s\u1eafc, \u0111\u1ed3ng th\u1eddi t\u01b0\u01a1ng th\u00edch t\u1ed1t v\u1edbi quy tr\u00ecnh gia c\u00f4ng gi\u1ea5y. S\u1ea3n ph\u1ea9m \u0111\u01b0\u1ee3c thi\u1ebft k\u1ebf chuy\u00ean bi\u1ec7t \u0111\u1ec3 s\u1ea3n xu\u1ea5t gi\u1ea5y ba chi\u1ec1u, \u0111\u1ea3m b\u1ea3o hi\u1ec7u \u1ee9ng ba chi\u1ec1u r\u00f5 n\u00e9t v\u00e0 \u0111\u1ed9 b\u00e1m d\u00ednh ch\u1eafc ch\u1eafn v\u1edbi gi\u1ea5y, t\u1eeb \u0111\u00f3 t\u1ea1o n\u1ec1n t\u1ea3ng v\u1eefng ch\u1eafc cho c\u00e1c c\u00f4ng \u0111o\u1ea1n s\u1ea3n xu\u1ea5t bao b\u00ec ti\u1ebfp theo.<\/p>\n<p>Kh\u1ea3 n\u0103ng th\u00edch \u1ee9ng \u0111a n\u0103ng: S\u1ea3n ph\u1ea9m ho\u00e0n to\u00e0n t\u01b0\u01a1ng th\u00edch v\u1edbi ba ph\u01b0\u01a1ng ph\u00e1p gia c\u00f4ng ch\u00ednh: d\u00e1n m\u00e0ng, in \u1ea5n v\u00e0 s\u1ea3n xu\u1ea5t nh\u00e3n d\u00e1n. Trong \u1ee9ng d\u1ee5ng d\u00e1n m\u00e0ng, s\u1ea3n ph\u1ea9m c\u00f3 th\u1ec3 b\u00e1m d\u00ednh ch\u1eb7t ch\u1ebd v\u00e0o gi\u1ea5y ho\u1eb7c b\u00eca c\u1ee9ng, gi\u00fap n\u00e2ng cao k\u1ebft c\u1ea5u v\u00e0 kh\u1ea3 n\u0103ng ch\u1ed1ng l\u00e0m gi\u1ea3 c\u1ee7a b\u1ec1 m\u1eb7t bao b\u00ec; trong \u1ee9ng d\u1ee5ng in \u1ea5n,s\u1ea3n ph\u1ea9m th\u00edch \u1ee9ng t\u1ed1t v\u1edbi c\u00e1c c\u00f4ng ngh\u1ec7 in UV, in offset v\u00e0 in flexo, \u0111\u1ea3m b\u1ea3o h\u00ecnh in r\u00f5 n\u00e9t, m\u1ef1c kh\u00f4 nhanh v\u00e0 kh\u00f4ng b\u1ecb lem, t\u1eeb \u0111\u00f3 gi\u1ea3i quy\u1ebft c\u00e1c v\u1ea5n \u0111\u1ec1 in \u1ea5n th\u01b0\u1eddng g\u1eb7p c\u1ee7a v\u1eadt li\u1ec7u hologram truy\u1ec1n th\u1ed1ng; trong s\u1ea3n xu\u1ea5t nh\u00e3n d\u00e1n, s\u1ea3n ph\u1ea9m c\u00f3 th\u1ec3 \u0111\u01b0\u1ee3c gia c\u00f4ng th\u00e0nh c\u00e1c lo\u1ea1i nh\u00e3n hologram v\u1edbi nhi\u1ec1u k\u00edch th\u01b0\u1edbc kh\u00e1c nhau, ph\u00f9 h\u1ee3p cho vi\u1ec7c \u0111\u00e1nh d\u1ea5u s\u1ea3n ph\u1ea9m, nh\u1eadn di\u1ec7n th\u01b0\u01a1ng hi\u1ec7u v\u00e0 c\u00e1c t\u00ecnh hu\u1ed1ng kh\u00e1c, v\u1edbi t\u00ednh \u1ee9ng d\u1ee5ng cao.<\/p>\n<figure id=\"attachment_586\" aria-describedby=\"caption-attachment-586\" style=\"width: 800px\" class=\"wp-caption alignnone\"><img decoding=\"async\" class=\"size-full wp-image-586\" src=\"https:\/\/www.ywjunchi.com\/wp-content\/uploads\/2026\/03\/007-1.jpg\" alt=\"M\u00e0ng hologram K254 d\u1ea1ng c\u1ed9t\" width=\"800\" height=\"800\" srcset=\"https:\/\/www.ywjunchi.com\/wp-content\/uploads\/2026\/03\/007-1.jpg 800w, https:\/\/www.ywjunchi.com\/wp-content\/uploads\/2026\/03\/007-1-300x300.jpg 300w, https:\/\/www.ywjunchi.com\/wp-content\/uploads\/2026\/03\/007-1-100x100.jpg 100w, https:\/\/www.ywjunchi.com\/wp-content\/uploads\/2026\/03\/007-1-600x600.jpg 600w, https:\/\/www.ywjunchi.com\/wp-content\/uploads\/2026\/03\/007-1-150x150.jpg 150w, https:\/\/www.ywjunchi.com\/wp-content\/uploads\/2026\/03\/007-1-768x768.jpg 768w\" sizes=\"(max-width: 800px) 100vw, 800px\" \/><figcaption id=\"caption-attachment-586\" class=\"wp-caption-text\">M\u00e0ng hologram K254 d\u1ea1ng c\u1ed9t<\/figcaption><\/figure>\n<h2>C\u00e1c s\u1ea3n ph\u1ea9m ch\u1ee7 l\u1ef1c kh\u00e1c<\/h2>\n<p><strong>Gi\u1ea5y in h\u00ecnh ba chi\u1ec1u &amp; B\u00eca gi\u1ea5y in h\u00ecnh ba chi\u1ec1u c\u00f3 l\u1edbp ph\u1ee7<\/strong><\/p>\n<p>Gi\u1ea5y chuy\u1ec3n h\u00ecnh ba chi\u1ec1u v\u00e0 b\u00eca gi\u1ea5y ph\u1ee7 m\u00e0ng ba chi\u1ec1u c\u1ee7a ch\u00fang t\u00f4i s\u1edf h\u1eefu hi\u1ec7u \u1ee9ng \u00e1nh c\u1ea7u v\u1ed3ng l\u1ea5p l\u00e1nh tuy\u1ec7t \u0111\u1eb9p, thay \u0111\u1ed5i theo g\u00f3c nh\u00ecn, mang \u0111\u1ebfn v\u1ebb sang tr\u1ecdng v\u00e0 thu h\u00fat cho bao b\u00ec s\u1ea3n ph\u1ea9m, \u0111\u1ed3ng th\u1eddi c\u00f3 t\u00e1c d\u1ee5ng ch\u1ed1ng h\u00e0ng gi\u1ea3 t\u01b0\u01a1ng t\u1ef1 nh\u01b0 m\u00e0ng ba chi\u1ec1u.<\/p>\n<p><strong>Th\u00f4ng s\u1ed1 k\u1ef9 thu\u1eadt s\u1ea3n ph\u1ea9m<\/strong>:<\/p>\n<p>\u0110\u1ed9 d\u00e0y: 82 g\/m\u00b2\u2013232 g\/m\u00b2 (c\u00f3 s\u1eb5n nhi\u1ec1u th\u00f4ng s\u1ed1 k\u1ef9 thu\u1eadt kh\u00e1c nhau \u0111\u1ec3 \u0111\u00e1p \u1ee9ng c\u00e1c nhu c\u1ea7u \u0111\u00f3ng g\u00f3i \u0111a d\u1ea1ng)<\/p>\n<p>Chi\u1ec1u r\u1ed9ng: 788 mm (k\u00edch th\u01b0\u1edbc ti\u00eau chu\u1ea9n, ph\u00f9 h\u1ee3p cho s\u1ea3n xu\u1ea5t h\u00e0ng lo\u1ea1t v\u00e0 gia c\u00f4ng)<\/p>\n<p>K\u1ef9 thu\u1eadt in \u00e1p d\u1ee5ng: In offset UV (ph\u01b0\u01a1ng ph\u00e1p in t\u1ed1i \u01b0u cho v\u1eadt li\u1ec7u ba chi\u1ec1u, v\u00ec n\u00f3 \u0111\u1ea3m b\u1ea3o m\u1ef1c kh\u00f4 nhanh v\u00e0 cho k\u1ebft qu\u1ea3 in ch\u1ea5t l\u01b0\u1ee3ng cao, tr\u00e1nh hi\u1ec7n t\u01b0\u1ee3ng lem m\u1ef1c tr\u00ean b\u1ec1 m\u1eb7t ph\u1ea3n chi\u1ebfu)<\/p>\n<figure id=\"attachment_589\" aria-describedby=\"caption-attachment-589\" style=\"width: 800px\" class=\"wp-caption alignnone\"><img loading=\"lazy\" decoding=\"async\" class=\"size-full wp-image-589\" src=\"https:\/\/www.ywjunchi.com\/wp-content\/uploads\/2026\/03\/007-4.jpg\" alt=\"M\u00e0ng hologram K254 d\u1ea1ng c\u1ed9t\" width=\"800\" height=\"800\" srcset=\"https:\/\/www.ywjunchi.com\/wp-content\/uploads\/2026\/03\/007-4.jpg 800w, https:\/\/www.ywjunchi.com\/wp-content\/uploads\/2026\/03\/007-4-300x300.jpg 300w, https:\/\/www.ywjunchi.com\/wp-content\/uploads\/2026\/03\/007-4-100x100.jpg 100w, https:\/\/www.ywjunchi.com\/wp-content\/uploads\/2026\/03\/007-4-600x600.jpg 600w, https:\/\/www.ywjunchi.com\/wp-content\/uploads\/2026\/03\/007-4-150x150.jpg 150w, https:\/\/www.ywjunchi.com\/wp-content\/uploads\/2026\/03\/007-4-768x768.jpg 768w\" sizes=\"(max-width: 800px) 100vw, 800px\" \/><figcaption id=\"caption-attachment-589\" class=\"wp-caption-text\">M\u00e0ng hologram K254 d\u1ea1ng c\u1ed9t<\/figcaption><\/figure>\n<p><strong>C\u00e1c t\u00ecnh hu\u1ed1ng \u1ee9ng d\u1ee5ng<\/strong>:<\/p>\n<p>Hai s\u1ea3n ph\u1ea9m n\u00e0y ch\u1ee7 y\u1ebfu \u0111\u01b0\u1ee3c s\u1eed d\u1ee5ng \u0111\u1ec3 s\u1ea3n xu\u1ea5t h\u1ed9p gi\u1ea5y c\u00f3 hi\u1ec7u \u1ee9ng ba chi\u1ec1u, \u0111\u01b0\u1ee3c \u1ee9ng d\u1ee5ng r\u1ed9ng r\u00e3i trong vi\u1ec7c \u0111\u00f3ng g\u00f3i c\u00e1c s\u1ea3n ph\u1ea9m cao c\u1ea5p nh\u01b0 m\u1ef9 ph\u1ea9m, kem \u0111\u00e1nh r\u0103ng, thu\u1ed1c l\u00e1 v\u00e0 nhi\u1ec1u m\u1eb7t h\u00e0ng kh\u00e1c. Hi\u1ec7u \u1ee9ng ba chi\u1ec1u gi\u00fap t\u0103ng c\u01b0\u1eddng s\u1ee9c h\u1ea5p d\u1eabn c\u1ee7a s\u1ea3n ph\u1ea9m tr\u00ean k\u1ec7 h\u00e0ng v\u00e0 mang l\u1ea1i tr\u1ea3i nghi\u1ec7m m\u1edf h\u1ed9p sang tr\u1ecdng, gi\u00fap c\u00e1c th\u01b0\u01a1ng hi\u1ec7u n\u1ed5i b\u1eadt tr\u00ean th\u1ecb tr\u01b0\u1eddng c\u1ea1nh tranh.<\/p>","protected":false},"excerpt":{"rendered":"<p>\u0110\u00e8n c\u1ed9t ngang K254 v\u1edbi m\u00e0ng hologram d\u1ea3i Ng\u00e2n H\u00e0, h\u01b0\u1edbng chi\u1ebfu ngang, chi\u1ec1u r\u1ed9ng t\u1ed1i \u0111a 900 mm.<\/p>","protected":false},"featured_media":586,"comment_status":"open","ping_status":"closed","template":"","meta":[],"product_brand":[],"product_cat":[17],"product_tag":[38],"class_list":{"0":"post-203","1":"product","2":"type-product","3":"status-publish","4":"has-post-thumbnail","6":"product_cat-holographic-film","7":"product_tag-pillar-milky-way-holographic-film","9":"first","10":"instock","11":"shipping-taxable","12":"product-type-simple"},"_links":{"self":[{"href":"https:\/\/www.ywjunchi.com\/vi\/wp-json\/wp\/v2\/product\/203","targetHints":{"allow":["GET"]}}],"collection":[{"href":"https:\/\/www.ywjunchi.com\/vi\/wp-json\/wp\/v2\/product"}],"about":[{"href":"https:\/\/www.ywjunchi.com\/vi\/wp-json\/wp\/v2\/types\/product"}],"replies":[{"embeddable":true,"href":"https:\/\/www.ywjunchi.com\/vi\/wp-json\/wp\/v2\/comments?post=203"}],"wp:featuredmedia":[{"embeddable":true,"href":"https:\/\/www.ywjunchi.com\/vi\/wp-json\/wp\/v2\/media\/586"}],"wp:attachment":[{"href":"https:\/\/www.ywjunchi.com\/vi\/wp-json\/wp\/v2\/media?parent=203"}],"wp:term":[{"taxonomy":"product_brand","embeddable":true,"href":"https:\/\/www.ywjunchi.com\/vi\/wp-json\/wp\/v2\/product_brand?post=203"},{"taxonomy":"product_cat","embeddable":true,"href":"https:\/\/www.ywjunchi.com\/vi\/wp-json\/wp\/v2\/product_cat?post=203"},{"taxonomy":"product_tag","embeddable":true,"href":"https:\/\/www.ywjunchi.com\/vi\/wp-json\/wp\/v2\/product_tag?post=203"}],"curies":[{"name":"wp","href":"https:\/\/api.w.org\/{rel}","templated":true}]}}