{"id":180,"date":"2026-03-17T09:07:43","date_gmt":"2026-03-17T09:07:43","guid":{"rendered":"https:\/\/www.ywjunchi.com\/?post_type=product&#038;p=180"},"modified":"2026-04-30T06:02:42","modified_gmt":"2026-04-30T06:02:42","slug":"mang-hologram-z37-danh-cho-thu-cung","status":"publish","type":"product","link":"https:\/\/www.ywjunchi.com\/vi\/product\/z37-pet-holographic-film\/","title":{"rendered":"M\u00e0ng hologram cho th\u00fa c\u01b0ng Z37"},"content":{"rendered":"<h2>M\u00e0ng PET c\u1ea7u v\u1ed3ng hi\u1ec7u \u1ee9ng ba chi\u1ec1u li\u1ec1n m\u1ea1ch Z37<\/h2>\n<div class=\"ds-scroll-area ds-scroll-area--show-on-focus-within _1210dd7 c03cafe9\">\n<table>\n<thead>\n<tr>\n<th style=\"text-align: left;\"><strong>Th\u00f4ng s\u1ed1 k\u1ef9 thu\u1eadt<\/strong><\/th>\n<th><strong>Chi ti\u1ebft<\/strong><\/th>\n<\/tr>\n<\/thead>\n<tbody>\n<tr>\n<td><strong>Th\u01b0\u01a1ng hi\u1ec7u<\/strong><\/td>\n<td>C\u00f4ng ty V\u1eadt li\u1ec7u \u0110\u00f3ng g\u00f3i YIWU JUNCHI<\/td>\n<\/tr>\n<tr>\n<td><strong>Th\u00f4ng s\u1ed1 k\u1ef9 thu\u1eadt ch\u00ednh<\/strong><\/td>\n<td>D\u00f2ng Z37 (Thi\u1ebft k\u1ebf c\u1ea7u v\u1ed3ng, M\u00e0u b\u1ea1c s\u00e1ng b\u00f3ng)<\/td>\n<\/tr>\n<tr>\n<td><strong>T\u00ednh n\u0103ng ch\u00ednh<\/strong><\/td>\n<td>M\u00e0u s\u1eafc t\u01b0\u01a1ng t\u1ef1 nh\u01b0 m\u00e0ng hologram li\u1ec1n m\u1ea1ch th\u1ef1c s\u1ef1 K Laser<\/td>\n<\/tr>\n<tr>\n<td><strong>C\u00e1c t\u00e1c \u0111\u1ed9ng ch\u00ednh<\/strong><\/td>\n<td>C\u00e1c t\u00f9y ch\u1ecdn \u00e9p m\u00e0ng v\u00e0 in chuy\u1ec3n<\/td>\n<\/tr>\n<tr>\n<td><strong>Chi\u1ec1u r\u1ed9ng t\u1ed1i \u0111a<\/strong><\/td>\n<td>830 mm<\/td>\n<\/tr>\n<tr>\n<td><strong>Kinh nghi\u1ec7m s\u1ea3n xu\u1ea5t<\/strong><\/td>\n<td>H\u01a1n 20 n\u0103m kinh nghi\u1ec7m trong l\u0129nh v\u1ef1c s\u1ea3n xu\u1ea5t chuy\u00ean ng\u00e0nh<\/td>\n<\/tr>\n<\/tbody>\n<\/table>\n<\/div>\n<hr \/>\n<figure id=\"attachment_577\" aria-describedby=\"caption-attachment-577\" style=\"width: 800px\" class=\"wp-caption alignnone\"><img fetchpriority=\"high\" decoding=\"async\" class=\"size-full wp-image-577\" src=\"https:\/\/www.ywjunchi.com\/wp-content\/uploads\/2026\/03\/010-2.jpg\" alt=\"M\u00e0ng hologram c\u1ea7u v\u1ed3ng li\u1ec1n m\u1ea1ch z37 d\u00e0nh cho th\u00fa c\u01b0ng\" width=\"800\" height=\"800\" srcset=\"https:\/\/www.ywjunchi.com\/wp-content\/uploads\/2026\/03\/010-2.jpg 800w, https:\/\/www.ywjunchi.com\/wp-content\/uploads\/2026\/03\/010-2-300x300.jpg 300w, https:\/\/www.ywjunchi.com\/wp-content\/uploads\/2026\/03\/010-2-100x100.jpg 100w, https:\/\/www.ywjunchi.com\/wp-content\/uploads\/2026\/03\/010-2-600x600.jpg 600w, https:\/\/www.ywjunchi.com\/wp-content\/uploads\/2026\/03\/010-2-150x150.jpg 150w, https:\/\/www.ywjunchi.com\/wp-content\/uploads\/2026\/03\/010-2-768x768.jpg 768w\" sizes=\"(max-width: 800px) 100vw, 800px\" \/><figcaption id=\"caption-attachment-577\" class=\"wp-caption-text\">M\u00e0ng hologram c\u1ea7u v\u1ed3ng li\u1ec1n m\u1ea1ch z37 d\u00e0nh cho th\u00fa c\u01b0ng<\/figcaption><\/figure>\n<h2>\u0110i\u1ec1u g\u00ec l\u00e0m n\u00ean s\u1ef1 \u0111\u1ed9c \u0111\u00e1o c\u1ee7a m\u00e0ng PET ba chi\u1ec1u li\u1ec1n m\u1ea1ch Z37?<\/h2>\n<h3>Phong c\u00e1ch th\u1ea9m m\u1ef9 \u0111\u1ed9c \u0111\u00e1o &amp; Quy tr\u00ecnh s\u1ea3n xu\u1ea5t c\u1ed1t l\u00f5i<\/h3>\n<p class=\"ds-markdown-paragraph\">\u0110\u01b0\u1ee3c ch\u1ebf t\u00e1c b\u1eb1ng c\u00f4ng ngh\u1ec7 ph\u1ee7 ch\u00ednh x\u00e1c k\u1ebft h\u1ee3p v\u1edbi d\u1eadp n\u1ed5i ba chi\u1ec1u, d\u00f2ng s\u1ea3n ph\u1ea9m Z37 s\u1edf h\u1eefu thi\u1ebft k\u1ebf c\u1ea7u v\u1ed3ng tuy\u1ec7t \u0111\u1eb9p v\u1edbi t\u00f4ng m\u00e0u b\u1ea1c s\u00e1ng b\u00f3ng, ph\u1ea3n \u00e1nh v\u1ebb ngo\u00e0i cao c\u1ea5p c\u1ee7a m\u00e0ng ba chi\u1ec1u li\u1ec1n m\u1ea1ch K Laser. Hi\u1ec7u \u1ee9ng laser \u0111\u01b0\u1ee3c t\u00f9y ch\u1ec9nh th\u00f4ng qua c\u00e1c t\u1ea5m khu\u00f4n, t\u1eadn d\u1ee5ng nguy\u00ean l\u00fd khu\u1ebfch \u0111\u1ea1i \u00e1nh s\u00e1ng ph\u00e1t x\u1ea1 k\u00edch th\u00edch \u0111\u1ec3 t\u1ea1o ra c\u00e1c hoa v\u0103n s\u1eafc n\u00e9t v\u00e0 \u0111\u1ed3ng \u0111\u1ec1u (bao g\u1ed3m c\u1ea3 b\u1ec1 m\u1eb7t tr\u01a1n v\u1edbi hi\u1ec7u \u1ee9ng laser).<\/p>\n<h3>C\u00e1c t\u00ednh n\u0103ng \u0111\u1ed9c \u0111\u00e1o (\u0110\u01b0\u1ee3c thi\u1ebft k\u1ebf ri\u00eang cho Z37)<\/h3>\n<p class=\"ds-markdown-paragraph\">C\u00f4ng ngh\u1ec7 ch\u1ed1ng h\u00e0ng gi\u1ea3 ti\u00ean ti\u1ebfn: M\u1eabu h\u00ecnh ba chi\u1ec1u \u0111\u1ed9c \u0111\u00e1o m\u00e0u c\u1ea7u v\u1ed3ng-b\u1ea1c + kh\u1ea3 n\u0103ng kh\u1eafc ch\u1eef b\u1eb1ng laser tr\u00ean b\u1ec1 m\u1eb7t r\u1ed7ng (th\u00f4ng qua l\u1edbp PET) nh\u1eb1m ng\u0103n ch\u1eb7n h\u00e0ng gi\u1ea3.<\/p>\n<p class=\"ds-markdown-paragraph\">Th\u00e2n thi\u1ec7n v\u1edbi m\u00f4i tr\u01b0\u1eddng v\u00e0 b\u1ec1n b\u1ec9: S\u1ea3n ph\u1ea9m th\u00e2n thi\u1ec7n v\u1edbi m\u00f4i tr\u01b0\u1eddng, kh\u00f4ng \u0111\u1ed9c h\u1ea1i v\u00e0 c\u00f3 kh\u1ea3 n\u0103ng ch\u1ed1ng m\u00e0i m\u00f2n m\u1ef1c, h\u01a1i n\u01b0\u1edbc v\u00e0 kh\u00ed carbon dioxide r\u1ea5t t\u1ed1t.<\/p>\n<p class=\"ds-markdown-paragraph\">Hi\u1ec7u su\u1ea5t cao: \u0110\u1ed9 b\u00f3ng v\u01b0\u1ee3t tr\u1ed9i (l\u00fd t\u01b0\u1edfng cho bao b\u00ec s\u1ea3n ph\u1ea9m c\u00f3 m\u00e0u kh\u00f3i), t\u00ednh n\u0103ng ch\u1ed1ng t\u0129nh \u0111i\u1ec7n, ch\u1ed1ng d\u00ednh v\u00e0 kh\u1ea3 n\u0103ng th\u00edch \u1ee9ng tuy\u1ec7t v\u1eddi v\u1edbi m\u00e1y m\u00f3c \u2013 ho\u00e0n h\u1ea3o cho c\u00e1c d\u00e2y chuy\u1ec1n \u0111\u00f3ng g\u00f3i t\u1ed1c \u0111\u1ed9 cao.<\/p>\n<p class=\"ds-markdown-paragraph\">\u0110\u1ed9 b\u1ec1n: Ch\u1ecbu \u0111\u01b0\u1ee3c nhi\u1ec7t \u0111\u1ed9 cao, gi\u1eef \u0111\u01b0\u1ee3c \u0111\u1ed9 b\u1ec1n m\u00e0u tuy\u1ec7t v\u1eddi; b\u1ec1 m\u1eb7t m\u1ecbn m\u00e0ng, trong su\u1ed1t \u0111\u1ea3m b\u1ea3o k\u1ebft qu\u1ea3 in \u1ea5n ho\u00e0n h\u1ea3o.<\/p>\n<h3>C\u1ea5u tr\u00fac l\u1edbp:<\/h3>\n<p class=\"ds-markdown-paragraph\"><strong>L\u1edbp ph\u1ee7 m\u1edd \u2192 L\u1edbp ph\u1ea3n x\u1ea1 ph\u1eb3ng \u2192 L\u1edbp truy\u1ec1n s\u00e1ng PET \u2192 L\u1edbp ph\u1ea3n x\u1ea1 khu\u1ebfch t\u00e1n \u2192 (L\u1eb7p l\u1ea1i \u0111\u1ec3 t\u0103ng c\u01b0\u1eddng hi\u1ec7u \u1ee9ng)<\/strong><\/p>\n<p class=\"ds-markdown-paragraph\">Thi\u1ebft k\u1ebf ph\u1ea3n chi\u1ebfu hai l\u1edbp n\u00e0y l\u00e0m n\u1ed5i b\u1eadt hi\u1ec7u \u1ee9ng ba chi\u1ec1u m\u00e0u b\u1ea1c-c\u1ea7u v\u1ed3ng c\u1ee7a Z37, t\u1ea1o ra v\u1ebb r\u1ef1c r\u1ee1 s\u1ed1ng \u0111\u1ed9ng v\u00e0 thu h\u00fat \u00e1nh nh\u00ecn ngay c\u1ea3 d\u01b0\u1edbi \u00e1nh s\u00e1ng t\u1ef1 nhi\u00ean, t\u1eeb \u0111\u00f3 n\u00e2ng t\u1ea7m s\u1ef1 sang tr\u1ecdng cho bao b\u00ec s\u1ea3n ph\u1ea9m.<\/p>\n<figure id=\"attachment_578\" aria-describedby=\"caption-attachment-578\" style=\"width: 800px\" class=\"wp-caption alignnone\"><img decoding=\"async\" class=\"size-full wp-image-578\" src=\"https:\/\/www.ywjunchi.com\/wp-content\/uploads\/2026\/03\/010-1.jpg\" alt=\"M\u00e0ng hologram c\u1ea7u v\u1ed3ng li\u1ec1n m\u1ea1ch z37 d\u00e0nh cho th\u00fa c\u01b0ng\" width=\"800\" height=\"800\" srcset=\"https:\/\/www.ywjunchi.com\/wp-content\/uploads\/2026\/03\/010-1.jpg 800w, https:\/\/www.ywjunchi.com\/wp-content\/uploads\/2026\/03\/010-1-300x300.jpg 300w, https:\/\/www.ywjunchi.com\/wp-content\/uploads\/2026\/03\/010-1-100x100.jpg 100w, https:\/\/www.ywjunchi.com\/wp-content\/uploads\/2026\/03\/010-1-600x600.jpg 600w, https:\/\/www.ywjunchi.com\/wp-content\/uploads\/2026\/03\/010-1-150x150.jpg 150w, https:\/\/www.ywjunchi.com\/wp-content\/uploads\/2026\/03\/010-1-768x768.jpg 768w\" sizes=\"(max-width: 800px) 100vw, 800px\" \/><figcaption id=\"caption-attachment-578\" class=\"wp-caption-text\">M\u00e0ng hologram c\u1ea7u v\u1ed3ng li\u1ec1n m\u1ea1ch z37 d\u00e0nh cho th\u00fa c\u01b0ng<\/figcaption><\/figure>\n<hr \/>\n<h2>\u1ee8ng d\u1ee5ng \u0111a d\u1ea1ng<\/h2>\n<p class=\"ds-markdown-paragraph\">M\u00e0ng hologram PET Z37 l\u00e0 s\u1ef1 l\u1ef1a ch\u1ecdn h\u00e0ng \u0111\u1ea7u cho:<\/p>\n<p class=\"ds-markdown-paragraph\">Bao b\u00ec ti\u00eau d\u00f9ng: H\u1ed9p thu\u1ed1c l\u00e1, bao b\u00ec kh\u1ea9u trang, h\u1ed9p m\u1ef9 ph\u1ea9m, nh\u00e3n th\u1ef1c ph\u1ea9m v\u00e0 \u0111\u1ed3 u\u1ed1ng (n\u1ed5i b\u1eadt trong c\u00e1c d\u00f2ng s\u1ea3n ph\u1ea9m cao c\u1ea5p).<\/p>\n<p class=\"ds-markdown-paragraph\">Bao b\u00ec cao c\u1ea5p: H\u1ed9p qu\u00e0 t\u1eb7ng \u0111\u1eb7c bi\u1ec7t, t\u00fai x\u00e1ch (\u0111\u01b0\u1ee3c ph\u1ee7 m\u00e0ng l\u00ean gi\u1ea5y\/b\u00eca c\u1ee9ng \u0111\u1ec3 t\u1ea1o n\u00ean v\u1ebb sang tr\u1ecdng).<\/p>\n<p class=\"ds-markdown-paragraph\">Bao b\u00ec m\u1ec1m: Cu\u1ed9n nguy\u00ean li\u1ec7u cho m\u00e1y \u0111\u00f3ng g\u00f3i d\u1ea1ng t\u1ea1o h\u00ecnh - chi\u1ebft r\u00f3t - h\u00e0n k\u00edn (FFS), t\u00fai h\u00e0n k\u00edn l\u00e0m s\u1eb5n.<\/p>\n<p class=\"ds-markdown-paragraph\">N\u00e2ng cao gi\u00e1 tr\u1ecb th\u01b0\u01a1ng hi\u1ec7u: K\u1ebft h\u1ee3p v\u1ebb \u0111\u1eb9p th\u1ecb gi\u00e1c c\u1ee7a m\u00e0u b\u1ea1c v\u00e0 c\u1ea7u v\u1ed3ng v\u1edbi t\u00ednh n\u0103ng ch\u1ed1ng h\u00e0ng gi\u1ea3 \u0111\u1ec3 t\u0103ng c\u01b0\u1eddng nh\u1eadn di\u1ec7n th\u01b0\u01a1ng hi\u1ec7u v\u00e0 ni\u1ec1m tin c\u1ee7a kh\u00e1ch h\u00e0ng.<\/p>\n<hr \/>\n<h2>T\u1ea1i sao n\u00ean ch\u1ecdn YWJUNCHI Z37?<\/h2>\n<p class=\"ds-markdown-paragraph\">1. Thi\u1ebft k\u1ebf chuy\u00ean bi\u1ec7t: L\u1edbp ho\u00e0n thi\u1ec7n m\u00e0u b\u1ea1c c\u1ea7u v\u1ed3ng c\u1ee7a Z37 t\u00e1i hi\u1ec7n th\u1ea9m m\u1ef9 c\u1ee7a h\u00ecnh \u1ea3nh ba chi\u1ec1u li\u1ec1n m\u1ea1ch \u0111\u00edch th\u1ef1c t\u1eeb K Laser v\u1edbi m\u1ee9c gi\u00e1 h\u1ee3p l\u00fd.<\/p>\n<p class=\"ds-markdown-paragraph\">2. V\u1ecb th\u1ebf d\u1eabn \u0111\u1ea7u ng\u00e0nh: Nh\u00e0 s\u1ea3n xu\u1ea5t h\u00e0ng \u0111\u1ea7u v\u1ec1 m\u00e0ng PET ba chi\u1ec1u t\u1ea1i Trung Qu\u1ed1c, \u0111\u01b0\u1ee3c c\u00e1c nh\u00e0 ph\u00e2n ph\u1ed1i v\u00e0 th\u01b0\u01a1ng hi\u1ec7u to\u00e0n c\u1ea7u tin t\u01b0\u1edfng.<\/p>\n<p class=\"ds-markdown-paragraph\">3. T\u00f9y ch\u1ec9nh: Thi\u1ebft k\u1ebf, m\u00e0u s\u1eafc, \u0111\u1ed9 d\u00e0y v\u00e0 k\u00edch th\u01b0\u1edbc linh ho\u1ea1t \u2013 \u0111\u00e1p \u1ee9ng c\u00e1c y\u00eau c\u1ea7u OEM\/ODM cho c\u00e1c nhu c\u1ea7u \u0111\u00f3ng g\u00f3i \u0111\u1eb7c th\u00f9.<\/p>\n<p class=\"ds-markdown-paragraph\">4. \u0110\u1ea3m b\u1ea3o ch\u1ea5t l\u01b0\u1ee3ng: \u0110\u1ed9i ng\u0169 gi\u00e1m s\u00e1t s\u1ea3n xu\u1ea5t chuy\u00ean nghi\u1ec7p \u0111\u1ea3m b\u1ea3o s\u1ef1 \u1ed5n \u0111\u1ecbnh v\u00e0 \u0111\u1ed9 tin c\u1eady nh\u1ea5t qu\u00e1n; tu\u00e2n th\u1ee7 c\u00e1c ti\u00eau chu\u1ea9n ch\u1ea5t l\u01b0\u1ee3ng qu\u1ed1c t\u1ebf.<\/p>\n<p class=\"ds-markdown-paragraph\">5. Th\u00e2n thi\u1ec7n v\u1edbi m\u00f4i tr\u01b0\u1eddng: C\u00e1c v\u1eadt li\u1ec7u b\u1ec1n v\u1eefng v\u1ec1 m\u1eb7t m\u00f4i tr\u01b0\u1eddng ph\u00f9 h\u1ee3p v\u1edbi xu h\u01b0\u1edbng bao b\u00ec xanh tr\u00ean to\u00e0n c\u1ea7u.<\/p>\n<p class=\"ds-markdown-paragraph\">6. Hi\u1ec7u qu\u1ea3 v\u1ec1 chi ph\u00ed: V\u1edbi h\u01a1n 20 n\u0103m kinh nghi\u1ec7m, ch\u00fang t\u00f4i mang \u0111\u1ebfn c\u00e1c gi\u1ea3i ph\u00e1p t\u1ed1i \u01b0u v\u1edbi m\u1ee9c gi\u00e1 c\u1ea1nh tranh m\u00e0 v\u1eabn \u0111\u1ea3m b\u1ea3o ch\u1ea5t l\u01b0\u1ee3ng.<\/p>\n<p class=\"ds-markdown-paragraph\">7. L\u1ea5y kh\u00e1ch h\u00e0ng l\u00e0m trung t\u00e2m: C\u00f3 c\u00e1c \u0111\u1ed9i ng\u0169 nghi\u00ean c\u1ee9u v\u00e0 ph\u00e1t tri\u1ec3n (R&amp;D) c\u00f9ng k\u1ef9 thu\u1eadt chuy\u00ean tr\u00e1ch nh\u1eb1m \u0111\u00e1p \u1ee9ng c\u00e1c y\u00eau c\u1ea7u c\u1ee5 th\u1ec3 c\u1ee7a kh\u00e1ch h\u00e0ng; t\u1eadp trung v\u00e0o vi\u1ec7c x\u00e2y d\u1ef1ng m\u1ed1i quan h\u1ec7 h\u1ee3p t\u00e1c kinh doanh l\u00e2u d\u00e0i.<\/p>\n<figure id=\"attachment_579\" aria-describedby=\"caption-attachment-579\" style=\"width: 800px\" class=\"wp-caption alignnone\"><img decoding=\"async\" class=\"size-full wp-image-579\" src=\"https:\/\/www.ywjunchi.com\/wp-content\/uploads\/2026\/03\/010-3.jpg\" alt=\"M\u00e0ng holographic c\u1ea7u v\u1ed3ng cho th\u00fa c\u01b0ng z37 kh\u00f4ng c\u1ea7n mi\u1ebfng l\u00f3t\" width=\"800\" height=\"800\" srcset=\"https:\/\/www.ywjunchi.com\/wp-content\/uploads\/2026\/03\/010-3.jpg 800w, https:\/\/www.ywjunchi.com\/wp-content\/uploads\/2026\/03\/010-3-300x300.jpg 300w, https:\/\/www.ywjunchi.com\/wp-content\/uploads\/2026\/03\/010-3-100x100.jpg 100w, https:\/\/www.ywjunchi.com\/wp-content\/uploads\/2026\/03\/010-3-600x600.jpg 600w, https:\/\/www.ywjunchi.com\/wp-content\/uploads\/2026\/03\/010-3-150x150.jpg 150w, https:\/\/www.ywjunchi.com\/wp-content\/uploads\/2026\/03\/010-3-768x768.jpg 768w\" sizes=\"(max-width: 800px) 100vw, 800px\" \/><figcaption id=\"caption-attachment-579\" class=\"wp-caption-text\">M\u00e0ng holographic c\u1ea7u v\u1ed3ng cho th\u00fa c\u01b0ng z37 kh\u00f4ng c\u1ea7n mi\u1ebfng l\u00f3t<\/figcaption><\/figure>\n<hr \/>\n<h2>Nh\u1eefng \u0111i\u1ec3m ch\u00ednh trong ph\u1ea7n C\u00e2u h\u1ecfi th\u01b0\u1eddng g\u1eb7p (H\u01b0\u1edbng d\u1eabn \u0111\u1ea7y \u0111\u1ee7 c\u00f3 s\u1eb5n theo y\u00eau c\u1ea7u)<\/h2>\n<p class=\"ds-markdown-paragraph\">C\u00f3 th\u1ec3 d\u00e1n m\u00e0ng b\u1ea3o v\u1ec7 \u0111\u01b0\u1ee3c kh\u00f4ng? C\u00f3, s\u1ea3n ph\u1ea9m n\u00e0y \u0111\u01b0\u1ee3c t\u1ed1i \u01b0u h\u00f3a \u0111\u1ec3 d\u00e1n m\u00e0ng b\u1ea3o v\u1ec7 tr\u00ean gi\u1ea5y ho\u1eb7c b\u00eca c\u1ee9ng, gi\u00fap n\u00e2ng cao ch\u1ea5t l\u01b0\u1ee3ng bao b\u00ec cao c\u1ea5p.<\/p>\n<p class=\"ds-markdown-paragraph\">C\u00f3 t\u01b0\u01a1ng th\u00edch v\u1edbi in UV kh\u00f4ng? Ch\u1eafc ch\u1eafn r\u1ed3i, b\u1ec1 m\u1eb7t nh\u1eb5n m\u1ecbn ho\u00e0n to\u00e0n ph\u00f9 h\u1ee3p v\u1edbi in UV m\u00e0 kh\u00f4ng l\u00e0m \u1ea3nh h\u01b0\u1edfng \u0111\u1ebfn hi\u1ec7u \u1ee9ng ba chi\u1ec1u.<\/p>\n<p class=\"ds-markdown-paragraph\">L\u1edbp ng\u0103n \u1ea9m? C\u00f3, gi\u00fap ng\u0103n ch\u1eb7n h\u01a1i n\u01b0\u1edbc hi\u1ec7u qu\u1ea3 \u0111\u1ec3 gi\u1eef cho s\u1ea3n ph\u1ea9m lu\u00f4n t\u01b0\u01a1i ngon.<\/p>\n<p class=\"ds-markdown-paragraph\">Th\u00e2n thi\u1ec7n v\u1edbi m\u00f4i tr\u01b0\u1eddng? 100% \u2013 v\u1eadt li\u1ec7u xanh v\u1edbi d\u1ea5u ch\u00e2n carbon th\u1ea5p.<\/p>\n<p class=\"ds-markdown-paragraph\">S\u1ef1 kh\u00e1c bi\u1ec7t gi\u1eefa Z37 v\u00e0 Z06 l\u00e0 g\u00ec? Z37 c\u00f3 thi\u1ebft k\u1ebf c\u1ea7u v\u1ed3ng m\u00e0u b\u1ea1c (t\u01b0\u01a1ng t\u1ef1 nh\u01b0 K Laser), trong khi Z06 s\u1eed d\u1ee5ng thi\u1ebft k\u1ebf K Laser D38; chi\u1ec1u r\u1ed9ng t\u1ed1i \u0111a kh\u00e1c nhau (830mm so v\u1edbi 930mm) \u0111\u1ec3 ph\u00f9 h\u1ee3p v\u1edbi c\u00e1c nhu c\u1ea7u s\u1ea3n xu\u1ea5t \u0111a d\u1ea1ng. Z06 = c\u1ea7u v\u1ed3ng li\u1ec1n m\u1ea1ch ti\u00eau chu\u1ea9n; Z37 = c\u1ea7u v\u1ed3ng li\u1ec1n m\u1ea1ch s\u00e1ng h\u01a1n, b\u00f3ng h\u01a1n, cao c\u1ea5p h\u01a1n (c\u00f9ng c\u00e1c t\u00f9y ch\u1ecdn k\u00edch th\u01b0\u1edbc\/\u0111\u1ed9 d\u00e0y).<\/p>\n<figure id=\"attachment_580\" aria-describedby=\"caption-attachment-580\" style=\"width: 800px\" class=\"wp-caption alignnone\"><img loading=\"lazy\" decoding=\"async\" class=\"size-full wp-image-580\" src=\"https:\/\/www.ywjunchi.com\/wp-content\/uploads\/2026\/03\/010-4.jpg\" alt=\"M\u00e0ng holographic c\u1ea7u v\u1ed3ng cho th\u00fa c\u01b0ng z37 kh\u00f4ng c\u1ea7n mi\u1ebfng l\u00f3t\" width=\"800\" height=\"800\" srcset=\"https:\/\/www.ywjunchi.com\/wp-content\/uploads\/2026\/03\/010-4.jpg 800w, https:\/\/www.ywjunchi.com\/wp-content\/uploads\/2026\/03\/010-4-300x300.jpg 300w, https:\/\/www.ywjunchi.com\/wp-content\/uploads\/2026\/03\/010-4-100x100.jpg 100w, https:\/\/www.ywjunchi.com\/wp-content\/uploads\/2026\/03\/010-4-600x600.jpg 600w, https:\/\/www.ywjunchi.com\/wp-content\/uploads\/2026\/03\/010-4-150x150.jpg 150w, https:\/\/www.ywjunchi.com\/wp-content\/uploads\/2026\/03\/010-4-768x768.jpg 768w\" sizes=\"(max-width: 800px) 100vw, 800px\" \/><figcaption id=\"caption-attachment-580\" class=\"wp-caption-text\">M\u00e0ng holographic c\u1ea7u v\u1ed3ng cho th\u00fa c\u01b0ng z37 kh\u00f4ng c\u1ea7n mi\u1ebfng l\u00f3t<\/figcaption><\/figure>\n<hr \/>\n<p class=\"ds-markdown-paragraph\">\u0110\u1ec3 s\u1edf h\u1eefu m\u00e0ng PET ba chi\u1ec1u li\u1ec1n m\u1ea1ch Z37 ch\u1ea5t l\u01b0\u1ee3ng cao, k\u1ebft h\u1ee3p gi\u1eefa v\u1ebb sang tr\u1ecdng c\u1ee7a hi\u1ec7u \u1ee9ng b\u1ea1c-c\u1ea7u v\u1ed3ng, hi\u1ec7u su\u1ea5t h\u00e0ng \u0111\u1ea7u v\u00e0 kh\u1ea3 n\u0103ng ch\u1ed1ng h\u00e0ng gi\u1ea3, h\u00e3y h\u1ee3p t\u00e1c c\u00f9ng YWJUNCHI. Ch\u00fang t\u00f4i cung c\u1ea5p c\u00e1c gi\u1ea3i ph\u00e1p kinh doanh ch\u00ednh h\u00e3ng, hi\u1ec7u qu\u1ea3 v\u1ec1 chi ph\u00ed, \u0111\u01b0\u1ee3c thi\u1ebft k\u1ebf ri\u00eang \u0111\u1ec3 \u0111\u00e1p \u1ee9ng c\u00e1c y\u00eau c\u1ea7u c\u1ee5 th\u1ec3 c\u1ee7a ng\u00e0nh c\u1ee7a qu\u00fd v\u1ecb.<\/p>","protected":false},"excerpt":{"rendered":"<p>M\u00e0ng hologram c\u1ea7u v\u1ed3ng li\u1ec1n m\u1ea1ch Z37, \u0111\u1ed9 d\u00e0y 16 micron, chi\u1ec1u r\u1ed9ng t\u1ed1i \u0111a 830 mm. Z37 l\u00e0 lo\u1ea1i m\u00e0ng hologram c\u1ea7u v\u1ed3ng m\u00e0u b\u1ea1c c\u00f3 \u0111\u1ed9 s\u00e1ng cao, d\u00f9ng \u0111\u1ec3 \u00e9p v\u00e0 chuy\u1ec3n h\u00ecnh.<\/p>","protected":false},"featured_media":577,"comment_status":"open","ping_status":"closed","template":"","meta":[],"product_brand":[],"product_cat":[17],"product_tag":[43,44,33,42,39],"class_list":{"0":"post-180","1":"product","2":"type-product","3":"status-publish","4":"has-post-thumbnail","6":"product_cat-holographic-film","7":"product_tag-holographic-lamination-film","8":"product_tag-holographic-transfer-film","9":"product_tag-seamless-pet-holographic-film","10":"product_tag-true-seamless-similiar-color-raibow-hologram-film","11":"product_tag-z37-rainbow-pet-hologram-film","13":"first","14":"instock","15":"shipping-taxable","16":"product-type-simple"},"_links":{"self":[{"href":"https:\/\/www.ywjunchi.com\/vi\/wp-json\/wp\/v2\/product\/180","targetHints":{"allow":["GET"]}}],"collection":[{"href":"https:\/\/www.ywjunchi.com\/vi\/wp-json\/wp\/v2\/product"}],"about":[{"href":"https:\/\/www.ywjunchi.com\/vi\/wp-json\/wp\/v2\/types\/product"}],"replies":[{"embeddable":true,"href":"https:\/\/www.ywjunchi.com\/vi\/wp-json\/wp\/v2\/comments?post=180"}],"wp:featuredmedia":[{"embeddable":true,"href":"https:\/\/www.ywjunchi.com\/vi\/wp-json\/wp\/v2\/media\/577"}],"wp:attachment":[{"href":"https:\/\/www.ywjunchi.com\/vi\/wp-json\/wp\/v2\/media?parent=180"}],"wp:term":[{"taxonomy":"product_brand","embeddable":true,"href":"https:\/\/www.ywjunchi.com\/vi\/wp-json\/wp\/v2\/product_brand?post=180"},{"taxonomy":"product_cat","embeddable":true,"href":"https:\/\/www.ywjunchi.com\/vi\/wp-json\/wp\/v2\/product_cat?post=180"},{"taxonomy":"product_tag","embeddable":true,"href":"https:\/\/www.ywjunchi.com\/vi\/wp-json\/wp\/v2\/product_tag?post=180"}],"curies":[{"name":"wp","href":"https:\/\/api.w.org\/{rel}","templated":true}]}}