{"id":169,"date":"2026-03-17T09:08:08","date_gmt":"2026-03-17T09:08:08","guid":{"rendered":"https:\/\/www.ywjunchi.com\/?post_type=product&#038;p=169"},"modified":"2026-05-01T07:44:14","modified_gmt":"2026-05-01T07:44:14","slug":"mang-phim-hinh-ba-chieu-cho-thu-cung-z06","status":"publish","type":"product","link":"https:\/\/www.ywjunchi.com\/vi\/product\/z06-pet-hologram-film\/","title":{"rendered":"M\u00e0ng phim h\u00ecnh ba chi\u1ec1u cho th\u00fa c\u01b0ng Z06"},"content":{"rendered":"<h2><strong>M\u00e0ng hologram kh\u00f4ng \u0111\u01b0\u1eddng n\u1ed1i Z06 PET Rainbow<\/strong><\/h2>\n<p>Thi\u1ebft k\u1ebf c\u1ea7u v\u1ed3ng ba chi\u1ec1u d\u00f2ng Z06, khu\u00f4n m\u1eabu K laser D38.<\/p>\n<p>Chi\u1ec1u r\u1ed9ng t\u1ed1i \u0111a: 930 mm<\/p>\n<p class=\"ds-markdown-paragraph\">YWJUNCHI \u0111\u00e3 c\u00f3 h\u01a1n hai th\u1eadp k\u1ef7 kinh nghi\u1ec7m trong l\u0129nh v\u1ef1c n\u00e0y. \u0110\u1ed9i ng\u0169 k\u1ef9 s\u01b0 chuy\u00ean nghi\u1ec7p c\u1ee7a ch\u00fang t\u00f4i chuy\u00ean ph\u00e1t tri\u1ec3n c\u00e1c lo\u1ea1i m\u00e0ng PET ba chi\u1ec1u li\u1ec1n m\u1ea1ch, \u0111\u00e1p \u1ee9ng \u0111\u1ea7y \u0111\u1ee7 c\u00e1c y\u00eau c\u1ea7u v\u00e0 k\u1ef3 v\u1ecdng c\u1ee7a t\u1eebng kh\u00e1ch h\u00e0ng. C\u00e1c s\u1ea3n ph\u1ea9m c\u1ee7a ch\u00fang t\u00f4i, \u0111\u1eb7c bi\u1ec7t l\u00e0 m\u00e0ng PET ba chi\u1ec1u, kh\u00f4ng ch\u1ec9 th\u00e2n thi\u1ec7n v\u1edbi m\u00f4i tr\u01b0\u1eddng m\u00e0 c\u00f2n r\u1ea5t d\u1ec5 s\u1eed d\u1ee5ng.<\/p>\n<p class=\"ds-markdown-paragraph\">M\u00e0ng hologram YWJUNCHI PET \u0111\u01b0\u1ee3c \u1ee9ng d\u1ee5ng trong bao b\u00ec nh\u1eb1m qu\u1ea3ng b\u00e1 th\u01b0\u01a1ng hi\u1ec7u c\u1ee7a doanh nghi\u1ec7p. S\u1ea3n ph\u1ea9m n\u00e0y c\u00f3 th\u1ec3 \u0111\u01b0\u1ee3c s\u1eed d\u1ee5ng \u0111\u1ec3 t\u1ea1o h\u00ecnh, chi\u1ebft r\u00f3t v\u00e0 h\u00e0n k\u00edn cho bao b\u00ec d\u1ea1ng cu\u1ed9n ho\u1eb7c t\u00fai d\u1ebbo \u0111\u00fac s\u1eb5n, v\u1edbi m\u00e0ng hologram \u0111\u01b0\u1ee3c d\u00e1n v\u00e0o ph\u1ea7n h\u00e0n k\u00edn. Ngo\u00e0i ra, s\u1ea3n ph\u1ea9m c\u00f2n r\u1ea5t ph\u00f9 h\u1ee3p cho bao b\u00ec ti\u00eau d\u00f9ng, c\u0169ng nh\u01b0 c\u00e1c h\u1ed9p qu\u00e0 t\u1eb7ng \u0111\u1eb7c bi\u1ec7t v\u00e0 t\u00fai x\u00e1ch, c\u00f3 th\u1ec3 \u0111\u01b0\u1ee3c s\u1ea3n xu\u1ea5t b\u1eb1ng c\u00e1ch \u00e9p m\u00e0ng l\u00ean gi\u1ea5y ho\u1eb7c b\u00eca c\u1ee9ng.<\/p>\n<p class=\"ds-markdown-paragraph\">\u0110\u1ed9i ng\u0169 gi\u00e1m s\u00e1t s\u1ea3n xu\u1ea5t chuy\u00ean nghi\u1ec7p c\u1ee7a ch\u00fang t\u00f4i th\u01b0\u1eddng xuy\u00ean ki\u1ec3m tra ch\u1ea5t l\u01b0\u1ee3ng m\u00e0ng PET ba chi\u1ec1u c\u1ee7a qu\u00fd kh\u00e1ch \u0111\u1ec3 \u0111\u00e1nh gi\u00e1 \u0111\u1ed9 \u1ed5n \u0111\u1ecbnh v\u00e0 \u0111\u1ed9 tin c\u1eady c\u1ee7a s\u1ea3n ph\u1ea9m. T\u1ea1i Trung Qu\u1ed1c, YWJUNCHI l\u00e0 nh\u00e0 s\u1ea3n xu\u1ea5t v\u00e0 cung c\u1ea5p m\u00e0ng PET ba chi\u1ec1u uy t\u00edn. T\u1ea5t c\u1ea3 c\u00e1c s\u1ea3n ph\u1ea9m v\u00e0 d\u1ecbch v\u1ee5 \u0111\u1ec1u c\u00f3 gi\u00e1 c\u1ea3 h\u1ee3p l\u00fd v\u00e0 ch\u1ea5t l\u01b0\u1ee3ng cao.<\/p>\n<hr \/>\n<h2>\u0110\u1eb7c \u0111i\u1ec3m v\u00e0 \u01b0u \u0111i\u1ec3m c\u1ee7a s\u1ea3n ph\u1ea9m<\/h2>\n<p><strong>M\u00e0ng hologram li\u1ec1n m\u1ea1ch Z06 PET Rainbow, t\u00ean g\u1ecdi kh\u00e1c: CP01, CHD38, CPKZ, SA06.<\/strong><\/p>\n<table>\n<thead>\n<tr>\n<th align=\"left\">Tham s\u1ed1<\/th>\n<th align=\"left\">Chi ti\u1ebft<\/th>\n<\/tr>\n<\/thead>\n<tbody>\n<tr>\n<td align=\"left\">M\u1eabu<\/td>\n<td align=\"left\">Z06<\/td>\n<\/tr>\n<tr>\n<td align=\"left\">Ch\u1ea5t li\u1ec7u<\/td>\n<td align=\"left\">PET (polyethylene terephthalate), th\u00e2n thi\u1ec7n v\u1edbi m\u00f4i tr\u01b0\u1eddng, \u1ed5n \u0111\u1ecbnh v\u1ec1 k\u00edch th\u01b0\u1edbc<\/td>\n<\/tr>\n<tr>\n<td align=\"left\">Thi\u1ebft k\u1ebf<\/td>\n<td align=\"left\"><strong>Hologram c\u1ea7u v\u1ed3ng li\u1ec1n m\u1ea1ch<\/strong> (kh\u00f4ng c\u00f3 \u0111\u01b0\u1eddng may, hi\u1ec7u \u1ee9ng chuy\u1ec3n m\u00e0u l\u1ea5p l\u00e1nh t\u00f9y theo g\u00f3c nh\u00ecn v\u00e0 \u00e1nh s\u00e1ng, \u0111\u01b0\u1ee3c t\u1ea1o ra nh\u1edd k\u1ef9 thu\u1eadt d\u1eadp n\u1ed5i UV ch\u00ednh x\u00e1c)<\/td>\n<\/tr>\n<tr>\n<td align=\"left\">Chi\u1ec1u r\u1ed9ng t\u1ed1i \u0111a<\/td>\n<td align=\"left\">930 mm<\/td>\n<\/tr>\n<tr>\n<td align=\"left\">C\u00e1c t\u00f9y ch\u1ecdn v\u1ec1 \u0111\u1ed9 d\u00e0y<\/td>\n<td align=\"left\">16 \u03bcm (m\u1ecfng, d\u1ebbo dai, th\u00edch h\u1ee3p cho in \u1ea5n\/\u00e9p m\u00e0ng t\u1ed1c \u0111\u1ed9 cao); 50 \u03bcm (d\u00e0y h\u01a1n, ch\u1eafc ch\u1eafn h\u01a1n, ph\u00f9 h\u1ee3p h\u01a1n cho bao b\u00ec\/trang tr\u00ed \u0111\u1ed9c l\u1eadp)<\/td>\n<\/tr>\n<tr>\n<td align=\"left\">Chi\u1ec1u d\u00e0i cu\u1ed9n ti\u00eau chu\u1ea9n<\/td>\n<td align=\"left\">3.000 m\/cu\u1ed9n, 6.000 m\/cu\u1ed9n<\/td>\n<\/tr>\n<tr>\n<td align=\"left\">C\u1ed1t l\u00f5i<\/td>\n<td align=\"left\">Th\u01b0\u1eddng s\u1eed d\u1ee5ng l\u00f5i gi\u1ea5y c\u00f3 \u0111\u01b0\u1eddng k\u00ednh 3 inch ho\u1eb7c 6 inch \u0111\u1ec3 \u0111\u1ea3m b\u1ea3o t\u01b0\u01a1ng th\u00edch v\u1edbi c\u00e1c m\u00e1y c\u1eaft cu\u1ed9n v\u00e0 in c\u00f4ng nghi\u1ec7p<\/td>\n<\/tr>\n<\/tbody>\n<\/table>\n<h3>C\u00e1c t\u00ednh n\u0103ng ch\u00ednh<\/h3>\n<p>1. Hi\u1ec7u \u1ee9ng c\u1ea7u v\u1ed3ng li\u1ec1n m\u1ea1ch: Kh\u00f4ng c\u00f3 s\u1ef1 gi\u00e1n \u0111o\u1ea1n trong hoa v\u0103n, \u0111\u1ed9 b\u00f3ng cao v\u00e0 mang l\u1ea1i v\u1ebb \u0111\u1eb9p th\u1ea9m m\u1ef9.<\/p>\n<p>2. \u01afu \u0111i\u1ec3m c\u1ee7a PET: \u0110\u1ed9 b\u1ec1n k\u00e9o cao, kh\u1ea3 n\u0103ng ch\u1ed1ng h\u00f3a ch\u1ea5t t\u1ed1t, \u1ed5n \u0111\u1ecbnh nhi\u1ec7t, c\u00f3 th\u1ec3 t\u00e1i ch\u1ebf, an to\u00e0n khi ti\u1ebfp x\u00fac v\u1edbi th\u1ef1c ph\u1ea9m (\u0111\u00e1p \u1ee9ng c\u00e1c ti\u00eau chu\u1ea9n li\u00ean quan khi \u0111\u01b0\u1ee3c x\u1eed l\u00fd \u0111\u00fang c\u00e1ch).<\/p>\n<p>3. Kh\u1ea3 n\u0103ng gia c\u00f4ng: C\u00f3 th\u1ec3 in (UV, offset, flexo), ph\u1ee7 l\u1edbp, d\u00e1n m\u00e0ng, chuy\u1ec3n nhi\u1ec7t; \u0111\u1ed9 b\u00e1m d\u00ednh m\u1ef1c t\u1ed1t v\u00e0 hi\u1ec7u su\u1ea5t c\u1eaft khu\u00f4n cao.<\/p>\n<p>4. Kh\u1ea3 n\u0103ng ch\u1ed1ng l\u00e0m gi\u1ea3: C\u1ea5u tr\u00fac ba chi\u1ec1u \u0111\u1ed9c \u0111\u00e1o n\u00e0y r\u1ea5t kh\u00f3 sao ch\u00e9p, th\u01b0\u1eddng \u0111\u01b0\u1ee3c s\u1eed d\u1ee5ng l\u00e0m y\u1ebfu t\u1ed1 b\u1ea3o m\u1eadt trong bao b\u00ec cao c\u1ea5p.<\/p>\n<p>5, M\u00e0u b\u1ea1c kim lo\u1ea1i, c\u00f3 th\u1ec3 ch\u1ecdn m\u00e0u trong su\u1ed1t ZNS.<\/p>\n<h3>C\u00e1c \u1ee9ng d\u1ee5ng \u0111i\u1ec3n h\u00ecnh<\/h3>\n<p>Bao b\u00ec cao c\u1ea5p: H\u1ed9p \u0111\u1ef1ng m\u1ef9 ph\u1ea9m, nh\u00e3n chai r\u01b0\u1ee3u, h\u1ed9p qu\u00e0 t\u1eb7ng, bao b\u00ec thu\u1ed1c l\u00e1, bao b\u00ec th\u1ef1c ph\u1ea9m (\u0111\u1eb7c bi\u1ec7t l\u00e0 b\u00e1nh k\u1eb9o\/s\u00f4-c\u00f4-la cao c\u1ea5p)<\/p>\n<p>In \u1ea5n &amp; \u00e9p m\u00e0ng: \u00c9p m\u00e0ng gi\u1ea5y\/b\u00eca c\u1ee9ng, gia c\u00f4ng n\u00e2ng cao ch\u1ea5t l\u01b0\u1ee3ng \u00e1p ph\u00edch\/t\u00e0i li\u1ec7u qu\u1ea3ng c\u00e1o, b\u00eca s\u00e1ch<\/p>\n<p>Trang tr\u00ed &amp; th\u1ee7 c\u00f4ng m\u1ef9 ngh\u1ec7: In chuy\u1ec3n nhi\u1ec7t tr\u00ean v\u1ea3i, v\u0103n ph\u00f2ng ph\u1ea9m, \u0111\u1ed3 trang tr\u00ed l\u1ec5 h\u1ed9i, nh\u00e3n d\u00e1n an ninh<\/p>\n<p>\u1ee8ng d\u1ee5ng trong c\u00f4ng nghi\u1ec7p: M\u00e0ng n\u1ec1n cho gi\u1ea5y b\u1ea1c in n\u1ed5i ba chi\u1ec1u, nh\u00e3n ch\u1ed1ng h\u00e0ng gi\u1ea3<\/p>\n<h3>Ghi ch\u00fa v\u1ec1 \u0111\u1eb7c t\u00ednh v\u1eadt l\u00fd v\u00e0 c\u00e1ch x\u1eed l\u00fd<\/h3>\n<p>B\u1ea3o qu\u1ea3n: Gi\u1eef s\u1ea3n ph\u1ea9m \u1edf n\u01a1i kh\u00f4 r\u00e1o, m\u00e1t m\u1ebb v\u00e0 kh\u00f4ng c\u00f3 b\u1ee5i (20\u00b15\u00b0C, \u0111\u1ed9 \u1ea9m t\u01b0\u01a1ng \u0111\u1ed1i 50\u00b110%), tr\u00e1nh \u00e1nh n\u1eafng tr\u1ef1c ti\u1ebfp v\u00e0 \u0111\u1ed9 \u1ea9m cao \u0111\u1ec3 ng\u0103n ng\u1eeba hi\u1ec7n t\u01b0\u1ee3ng cong v\u00eanh ho\u1eb7c phai m\u00e0u hoa v\u0103n.<\/p>\n<p>Nhi\u1ec7t \u0111\u1ed9 gia c\u00f4ng: Th\u00edch h\u1ee3p cho qu\u00e1 tr\u00ecnh \u00e9p m\u00e0ng l\u1ea1nh; n\u1ebfu s\u1eed d\u1ee5ng ph\u01b0\u01a1ng ph\u00e1p \u00e9p m\u00e0ng\/in nhi\u1ec7t, c\u1ea7n ki\u1ec3m so\u00e1t nhi\u1ec7t \u0111\u1ed9 \u0111\u1ec3 tr\u00e1nh hi\u1ec7n t\u01b0\u1ee3ng co r\u00fat c\u1ee7a m\u00e0ng PET (th\u00f4ng th\u01b0\u1eddng \u226480\u00b0C \u0111\u1ed1i v\u1edbi m\u00e0ng m\u1ecfng 16\u03bcm).<\/p>\n<p>Tr\u1ecdng l\u01b0\u1ee3ng cu\u1ed9n: C\u00f3 th\u1ec3 t\u00ednh to\u00e1n d\u1ef1a tr\u00ean k\u00edch th\u01b0\u1edbc (v\u00ed d\u1ee5: chi\u1ec1u r\u1ed9ng 930 mm \u00d7 chi\u1ec1u d\u00e0i 3000 m \u00d7 \u0111\u1ed9 d\u00e0y 16 \u03bcm; m\u1eadt \u0111\u1ed9 PET ~1,38 g\/cm\u00b3, c\u00f3 th\u1ec3 \u01b0\u1edbc t\u00ednh tr\u1ecdng l\u01b0\u1ee3ng t\u1ecbnh \u0111\u1ec3 l\u1eadp k\u1ebf ho\u1ea1ch logistics).<\/p>\n<h3>\u0110\u1eb7c t\u00ednh c\u1ee7a m\u00e0ng holographic PET<\/h3>\n<p class=\"ds-markdown-paragraph\">Hi\u1ec7u \u1ee9ng ba chi\u1ec1u, \u0111\u1ed9 b\u00f3ng cao.<\/p>\n<p class=\"ds-markdown-paragraph\">B\u1ec1 m\u1eb7t m\u1ecbn m\u00e0ng v\u00e0 trong su\u1ed1t.<\/p>\n<p class=\"ds-markdown-paragraph\">Kh\u1ea3 n\u0103ng gi\u1eef m\u00e0u v\u01b0\u1ee3t tr\u1ed9i.<\/p>\n<p class=\"ds-markdown-paragraph\">\u0110\u1ed9 b\u00e1m d\u00ednh tuy\u1ec7t v\u1eddi.<\/p>\n<p class=\"ds-markdown-paragraph\">N\u00f3 v\u1eabn \u1ed5n \u0111\u1ecbnh \u1edf nhi\u1ec7t \u0111\u1ed9 cao.<\/p>\n<p class=\"ds-markdown-paragraph\">V\u1edbi kinh nghi\u1ec7m v\u00e0 ki\u1ebfn th\u1ee9c chuy\u00ean m\u00f4n s\u00e2u r\u1ed9ng, ch\u00fang t\u00f4i c\u00f3 th\u1ec3 n\u00e2ng cao hi\u1ec7u qu\u1ea3 c\u1ee7a s\u1ea3n ph\u1ea9m, gi\u00fap qu\u00fd kh\u00e1ch h\u00e0ng c\u00f3 \u0111\u01b0\u1ee3c nh\u1eefng gi\u1ea3i ph\u00e1p ch\u00ednh x\u00e1c h\u01a1n. Ch\u00fang t\u00f4i c\u00f3 th\u1ec3 s\u1ea3n xu\u1ea5t m\u00e0ng PET ba chi\u1ec1u ph\u00f9 h\u1ee3p v\u1edbi y\u00eau c\u1ea7u c\u1ee7a qu\u00fd kh\u00e1ch h\u00e0ng.<\/p>\n<p class=\"ds-markdown-paragraph\">Ch\u00fang t\u00f4i \u0111\u1eb7c bi\u1ec7t ch\u00fa tr\u1ecdng \u0111\u1ebfn ch\u1ea5t l\u01b0\u1ee3ng c\u1ee7a m\u00e0ng PET ba chi\u1ec1u v\u00e0 \u0111\u00e3 qu\u1ea3ng b\u00e1 th\u00e0nh c\u00f4ng nh\u1eefng t\u00ednh n\u0103ng v\u01b0\u1ee3t tr\u1ed9i c\u00f9ng \u01b0u \u0111i\u1ec3m c\u1ee7a s\u1ea3n ph\u1ea9m n\u00e0y.<\/p>\n<p><strong>Hologram li\u1ec1n m\u1ea1ch so v\u1edbi hologram c\u00f3 hoa v\u0103n<\/strong>:Kh\u00e1c v\u1edbi c\u00e1c lo\u1ea1i m\u00e0ng c\u00f3 hoa v\u0103n l\u1eb7p l\u1ea1i theo chu k\u1ef3, c\u00f4ng ngh\u1ec7 in ba chi\u1ec1u li\u1ec1n m\u1ea1ch mang l\u1ea1i b\u1ec1 m\u1eb7t hi\u1ec3n th\u1ecb r\u1ed9ng h\u01a1n v\u00e0 li\u1ec1n m\u1ea1ch, r\u1ea5t l\u00fd t\u01b0\u1edfng cho c\u00e1c \u1ee9ng d\u1ee5ng in \u1ea5n v\u00e0 \u0111\u00f3ng g\u00f3i tr\u00ean di\u1ec7n t\u00edch l\u1edbn nh\u1eb1m tr\u00e1nh c\u00e1c v\u1ea5n \u0111\u1ec1 v\u1ec1 l\u1ec7ch hoa v\u0103n.<\/p>\n<p><strong>L\u1ef1a ch\u1ecdn \u0111\u1ed9 d\u00e0y<\/strong>: Lo\u1ea1i 16\u03bcm c\u00f3 gi\u00e1 th\u00e0nh h\u1ee3p l\u00fd v\u00e0 tr\u1ecdng l\u01b0\u1ee3ng nh\u1eb9, ph\u00f9 h\u1ee3p cho vi\u1ec7c \u00e9p m\u00e0ng nh\u00e3n v\u00e0 gia c\u00f4ng t\u1ed1c \u0111\u1ed9 cao; lo\u1ea1i 50\u03bcm c\u00f3 \u0111\u1ed9 c\u1ee9ng cao h\u01a1n, \u0111\u1ed9 b\u1ec1n t\u1ed1t h\u01a1n v\u00e0 \u0111\u01b0\u1ee3c \u01b0a chu\u1ed9ng trong c\u00e1c \u1ee9ng d\u1ee5ng y\u00eau c\u1ea7u \u0111\u1ed9 b\u1ec1n cao c\u1ee7a m\u00e0ng.<\/p>\n<p><strong>T\u00f9y ch\u1ec9nh<\/strong>:Nhi\u1ec1u nh\u00e0 s\u1ea3n xu\u1ea5t c\u00f3 th\u1ec3 \u0111i\u1ec1u ch\u1ec9nh chi\u1ec1u r\u1ed9ng, chi\u1ec1u d\u00e0i ho\u1eb7c th\u00eam c\u00e1c l\u1edbp x\u1eed l\u00fd b\u1ec1 m\u1eb7t (v\u00ed d\u1ee5: ch\u1ed1ng t\u0129nh \u0111i\u1ec7n, l\u1edbp ph\u1ee7 m\u1edd, l\u1edbp keo d\u00e1n ph\u00eda sau) theo y\u00eau c\u1ea7u c\u1ee7a \u0111\u01a1n h\u00e0ng, t\u00f9y thu\u1ed9c v\u00e0o \u0111i\u1ec1u ki\u1ec7n v\u1ec1 s\u1ed1 l\u01b0\u1ee3ng \u0111\u1eb7t h\u00e0ng t\u1ed1i thi\u1ec3u (MOQ).<\/p>\n<h3>\u01afu \u0111i\u1ec3m c\u1ee7a m\u00e0ng holographic PET<\/h3>\n<p class=\"ds-markdown-paragraph\">Thi\u1ebft k\u1ebf b\u1eaft m\u1eaft v\u1edbi \u0111\u1ed9 trong su\u1ed1t t\u1ed1i \u0111a.<\/p>\n<p class=\"ds-markdown-paragraph\">Hi\u1ec7u \u1ee9ng ba chi\u1ec1u l\u1ea5p l\u00e1nh v\u00e0 b\u00f3ng b\u1ea9y v\u1edbi \u0111\u1ed9 s\u00e1ng v\u00e0 \u0111\u1ed9 b\u00f3ng \u0111\u00e1ng kinh ng\u1ea1c.<\/p>\n<p class=\"ds-markdown-paragraph\">\u0110\u1ed9 b\u00e1m d\u00ednh cao, ch\u1ecbu nhi\u1ec7t v\u00e0 ch\u1ed1ng th\u1ea5m n\u01b0\u1edbc.<\/p>\n<p class=\"ds-markdown-paragraph\">C\u00e1c m\u1eabu tr\u01a1n, h\u1ecda ti\u1ebft s\u1ecdc v\u00e0 hoa v\u0103n \u0111\u1ec1u c\u00f3 s\u1eb5n v\u1edbi nhi\u1ec1u m\u00e0u s\u1eafc v\u00e0 ki\u1ec3u d\u00e1ng \u0111a d\u1ea1ng.<\/p>\n<p class=\"ds-markdown-paragraph\">Kh\u00e1ch h\u00e0ng c\u00f3 th\u1ec3 l\u1ef1a ch\u1ecdn t\u1eeb nhi\u1ec1u m\u1eabu thi\u1ebft k\u1ebf kh\u00e1c nhau, c\u0169ng nh\u01b0 t\u1ef1 thi\u1ebft k\u1ebf theo \u00fd th\u00edch.<\/p>\n<p class=\"ds-markdown-paragraph\">S\u1ea3n ph\u1ea9m n\u00e0y ph\u00f9 h\u1ee3p cho c\u00e1c m\u1ee5c \u0111\u00edch m\u00f4 ph\u1ecfng cao c\u1ea5p.<\/p>\n<hr \/>\n<h2>T\u1ea1i sao n\u00ean ch\u1ecdn YWJUNCHI<\/h2>\n<p class=\"ds-markdown-paragraph\">N\u1ebfu qu\u00fd v\u1ecb l\u00e0 nh\u00e0 ph\u00e2n ph\u1ed1i, nh\u00e0 s\u1ea3n xu\u1ea5t ho\u1eb7c ch\u1ee7 doanh nghi\u1ec7p, YWJUNCHI lu\u00f4n l\u00e0 l\u1ef1a ch\u1ecdn h\u00e0ng \u0111\u1ea7u khi qu\u00fd v\u1ecb c\u00f3 nhu c\u1ea7u nh\u1eadp kh\u1ea9u m\u00e0ng PET ba chi\u1ec1u ch\u1ea5t l\u01b0\u1ee3ng cao. Ch\u00fang t\u00f4i c\u00f3 th\u1ec3 cung c\u1ea5p cho qu\u00fd v\u1ecb nhi\u1ec1u m\u1eabu m\u00e0ng PET ba chi\u1ec1u \u0111a d\u1ea1ng \u0111\u1ec3 l\u1ef1a ch\u1ecdn.<\/p>\n<p class=\"ds-markdown-paragraph\">Ch\u00fang t\u00f4i cam k\u1ebft cung c\u1ea5p c\u00e1c s\u1ea3n ph\u1ea9m \u0111\u00e1ng tin c\u1eady, an to\u00e0n, ch\u1ea5t l\u01b0\u1ee3ng cao v\u00e0 b\u1ec1n b\u1ec9. N\u1ebfu qu\u00fd kh\u00e1ch c\u1ea7n m\u00e0ng PET holographic \u0111\u1ec3 ph\u1ee5c v\u1ee5 s\u1ef1 ph\u00e1t tri\u1ec3n c\u1ee7a doanh nghi\u1ec7p, YWJUNCHI ch\u00ednh l\u00e0 l\u1ef1a ch\u1ecdn an to\u00e0n nh\u1ea5t.<\/p>\n<p class=\"ds-markdown-paragraph\">YWJUNCHI cam k\u1ebft cung c\u1ea5p c\u00e1c s\u1ea3n ph\u1ea9m ch\u1ea5t l\u01b0\u1ee3ng cao c\u00f9ng d\u1ecbch v\u1ee5 kh\u00e1ch h\u00e0ng xu\u1ea5t s\u1eafc. Ch\u00fang t\u00f4i mong mu\u1ed1n c\u1ea3 kh\u00e1ch h\u00e0ng m\u1edbi l\u1eabn kh\u00e1ch h\u00e0ng hi\u1ec7n t\u1ea1i c\u00f9ng x\u00e2y d\u1ef1ng m\u1ed1i quan h\u1ec7 h\u1ee3p t\u00e1c l\u00e2u d\u00e0i v\u1edbi ch\u00fang t\u00f4i. C\u00f9ng nhau, ch\u00fang ta c\u00f3 th\u1ec3 t\u1ea1o n\u00ean m\u1ed9t t\u01b0\u01a1ng lai t\u01b0\u01a1i s\u00e1ng. Xin vui l\u00f2ng ph\u1ea3n h\u1ed3i cho ch\u00fang t\u00f4i s\u1edbm nh\u1ea5t c\u00f3 th\u1ec3!<\/p>\n<hr \/>\n<h2>H\u01b0\u1edbng d\u1eabn chi ti\u1ebft v\u1ec1 c\u00e1c c\u00e2u h\u1ecfi th\u01b0\u1eddng g\u1eb7p<\/h2>\n<h3>M\u00e0ng holographic PET: H\u01b0\u1edbng d\u1eabn gi\u1ea3i \u0111\u00e1p th\u1eafc m\u1eafc to\u00e0n di\u1ec7n<\/h3>\n<p class=\"ds-markdown-paragraph\">T\u00f4i bi\u1ebft vi\u1ec7c l\u1ef1a ch\u1ecdn m\u00e0ng PET ba chi\u1ec1u ch\u1ea5t l\u01b0\u1ee3ng cao c\u00f3 th\u1ec3 l\u00e0 m\u1ed9t nhi\u1ec7m v\u1ee5 kh\u00f4ng h\u1ec1 d\u1ec5 d\u00e0ng.<\/p>\n<p class=\"ds-markdown-paragraph\">M\u1ed9t trong nh\u1eefng l\u00fd do m\u00e0 h\u01b0\u1edbng d\u1eabn n\u00e0y \u0111i s\u00e2u v\u00e0o m\u1ecdi \u0111i\u1ec1u b\u1ea1n c\u1ea7n bi\u1ebft v\u1ec1 m\u00e0ng PET ba chi\u1ec1u, bao g\u1ed3m c\u00e1c \u0111\u1eb7c t\u00ednh, l\u1ee3i \u00edch, \u1ee9ng d\u1ee5ng v\u00e0 \u0111\u1ed9 d\u00e0y, ch\u1ec9 \u0111\u1ec3 k\u1ec3 ra m\u1ed9t v\u00e0i v\u00ed d\u1ee5.<\/p>\n<p class=\"ds-markdown-paragraph\">V\u00ec v\u1eady, tr\u01b0\u1edbc khi ch\u1ecdn lo\u1ea1i m\u00e0ng hologram PET ti\u1ebfp theo, h\u00e3y \u0111\u1ecdc h\u01b0\u1edbng d\u1eabn n\u00e0y.<\/p>\n<p class=\"ds-markdown-paragraph\"><strong>M\u00e0ng PET ba chi\u1ec1u l\u00e0 g\u00ec?<\/strong><br \/>\n<strong>M\u00e0ng PET ba chi\u1ec1u \u0111\u01b0\u1ee3c s\u1eed d\u1ee5ng \u1edf \u0111\u00e2u?<\/strong><br \/>\n<strong>C\u00f3 th\u1ec3 d\u00e1n m\u00e0ng PET holographic kh\u00f4ng?<\/strong><br \/>\n<strong>M\u00e0ng \u00e9p hologram PET c\u1ea7u v\u1ed3ng li\u1ec1n m\u1ea1ch l\u00e0 g\u00ec?<\/strong><br \/>\n<strong>Nh\u1eefng l\u1ee3i \u00edch c\u1ee7a vi\u1ec7c s\u1eed d\u1ee5ng m\u00e0ng PET ba chi\u1ec1u l\u00e0 g\u00ec?<\/strong><br \/>\n<strong>Ch\u1ea5t li\u1ec7u n\u00e0o \u0111\u01b0\u1ee3c s\u1eed d\u1ee5ng \u0111\u1ec3 s\u1ea3n xu\u1ea5t m\u00e0ng PET ba chi\u1ec1u?<\/strong><br \/>\n<strong>C\u00f3 th\u1ec3 in UV tr\u00ean m\u00e0ng PET ba chi\u1ec1u kh\u00f4ng?<\/strong><br \/>\n<strong>S\u1ef1 kh\u00e1c bi\u1ec7t gi\u1eefa m\u00e0ng PET holographic v\u00e0 m\u00e0ng BOPET l\u00e0 g\u00ec?<\/strong><br \/>\n<strong>M\u00e0ng PET ba chi\u1ec1u c\u00f3 ph\u1ea3i l\u00e0 l\u1edbp ng\u0103n \u1ea9m kh\u00f4ng?<\/strong><br \/>\n<strong>M\u00e0ng PET ba chi\u1ec1u \u0111\u01b0\u1ee3c \u0111\u00f3ng g\u00f3i nh\u01b0 th\u1ebf n\u00e0o?<\/strong><br \/>\n<strong>M\u00e0ng PET ba chi\u1ec1u c\u00f3 nh\u1eefng \u0111\u1eb7c \u0111i\u1ec3m g\u00ec?<\/strong><br \/>\n<strong>C\u00e1c t\u00f9y ch\u1ecdn \u0111\u1ed9 d\u00e0y hi\u1ec7n c\u00f3 c\u1ee7a m\u00e0ng PET ba chi\u1ec1u l\u00e0 g\u00ec?<\/strong><br \/>\n<strong>M\u00e0ng PET ba chi\u1ec1u c\u00f3 nh\u1eefng t\u00ednh ch\u1ea5t v\u1eadt l\u00fd v\u00e0 c\u01a1 h\u1ecdc n\u00e0o?<\/strong><br \/>\n<strong>M\u00e0ng PET ba chi\u1ec1u c\u00f3 c\u00e1c m\u00e0u kh\u00e1c nhau kh\u00f4ng?<\/strong><br \/>\n<strong>C\u1ea7n xem x\u00e9t nh\u1eefng y\u1ebfu t\u1ed1 n\u00e0o khi l\u1ef1a ch\u1ecdn m\u00e0ng PET ba chi\u1ec1u?<\/strong><br \/>\n<strong>Gi\u00e1 phim ba chi\u1ec1u PET l\u00e0 bao nhi\u00eau?<\/strong><br \/>\n<strong>M\u00e0ng PET ba chi\u1ec1u c\u00f3 th\u00e2n thi\u1ec7n v\u1edbi m\u00f4i tr\u01b0\u1eddng kh\u00f4ng?<\/strong><br \/>\n<strong>Nh\u1eefng nh\u01b0\u1ee3c \u0111i\u1ec3m c\u1ee7a m\u00e0ng PET ba chi\u1ec1u l\u00e0 g\u00ec?<\/strong><br \/>\n<strong>C\u00e1c ph\u01b0\u01a1ng ph\u00e1p b\u1ea3o qu\u1ea3n m\u00e0ng PET ba chi\u1ec1u l\u00e0 g\u00ec?<\/strong><br \/>\n<strong>M\u00e0ng PET ba chi\u1ec1u c\u00f3 c\u00e1c k\u00edch th\u01b0\u1edbc kh\u00e1c nhau kh\u00f4ng?<\/strong><br \/>\n<strong>C\u00f3 quy \u0111\u1ecbnh n\u00e0o m\u00e0 m\u00e0ng hologram PET ph\u1ea3i tu\u00e2n th\u1ee7 kh\u00f4ng?<\/strong><br \/>\n<strong>C\u00e1c nh\u00e0 s\u1ea3n xu\u1ea5t c\u00f3 th\u1ec3 cung c\u1ea5p nh\u1eefng d\u1ecbch v\u1ee5 gia c\u00f4ng n\u00e0o cho m\u00e0ng PET ba chi\u1ec1u?<\/strong><br \/>\n<strong>M\u00e0ng PET ba chi\u1ec1u c\u1ea7n tu\u00e2n th\u1ee7 nh\u1eefng ti\u00eau chu\u1ea9n ch\u1ea5t l\u01b0\u1ee3ng n\u00e0o?<\/strong><br \/>\n<strong>C\u00f3 nh\u1eefng lo\u1ea1i m\u00e0ng PET ba chi\u1ec1u n\u00e0o?<\/strong><br \/>\n<strong>N\u00ean x\u1eed l\u00fd m\u00e0ng hologram PET nh\u01b0 th\u1ebf n\u00e0o?<\/strong><\/p>\n<hr \/>\n<h2>\u1ee8ng d\u1ee5ng<\/h2>\n<p class=\"ds-markdown-paragraph\">M\u00e0ng hologram ch\u1ea5t l\u01b0\u1ee3ng cao d\u00e0nh cho v\u1eadt nu\u00f4i \u0111\u01b0\u1ee3c ng\u01b0\u1eddi ti\u00eau d\u00f9ng cu\u1ed1i s\u1eed d\u1ee5ng \u0111\u1ec3 s\u1ea3n xu\u1ea5t c\u00e1c s\u1ea3n ph\u1ea9m nh\u01b0 h\u1ed9p \u0111\u1ef1ng thu\u1ed1c l\u00e1, h\u1ed9p \u0111\u1ef1ng kh\u1ea9u trang, h\u1ed9p \u0111\u1ef1ng m\u1ef9 ph\u1ea9m, v.v.<\/p>\n<p>M\u00e0ng PVC ba chi\u1ec1u Seamless Z06 c\u00f3 th\u1ec3 \u0111\u01b0\u1ee3c s\u1eed d\u1ee5ng \u0111\u1ec3 s\u1ea3n xu\u1ea5t nh\u00e3n d\u00e1n ba chi\u1ec1u, th\u1ebb, v.v.<\/p>\n<hr \/>\n<h2>Th\u00f4ng tin th\u1ecb tr\u01b0\u1eddng<\/h2>\n<h3>T\u0103ng tr\u01b0\u1edfng ng\u00e0nh<\/h3>\n<p class=\"ds-markdown-paragraph\">M\u00e0ng hologram \u0111\u01b0\u1ee3c \u01b0a chu\u1ed9ng trong vi\u1ec7c d\u00e1n nh\u00e3n s\u1ea3n ph\u1ea9m t\u1ea1i ng\u00e0nh th\u1ef1c ph\u1ea9m v\u00e0 \u0111\u1ed3 u\u1ed1ng; \u0111\u1ed3ng th\u1eddi, ng\u00e0nh in \u1ea5n \u2013 \u0111\u1eb7c bi\u1ec7t l\u00e0 \u1ee9ng d\u1ee5ng in k\u1ef9 thu\u1eadt s\u1ed1 \u2013 s\u1ebd \u0111\u00f3ng vai tr\u00f2 ch\u1ee7 \u0111\u1ea1o trong s\u1ef1 t\u0103ng tr\u01b0\u1edfng c\u1ee7a th\u1ecb tr\u01b0\u1eddng m\u00e0ng hologram trong giai \u0111o\u1ea1n d\u1ef1 b\u00e1o. Do \u0111\u00f3, v\u1edbi vi\u1ec7c ng\u00e0y c\u00e0ng nhi\u1ec1u ng\u00e0nh c\u00f4ng nghi\u1ec7p ng\u01b0\u1eddi d\u00f9ng cu\u1ed1i s\u1eed d\u1ee5ng m\u00e0ng hologram trong su\u1ed1t, th\u1ecb tr\u01b0\u1eddng \u0111\u01b0\u1ee3c k\u1ef3 v\u1ecdng s\u1ebd m\u1edf ra m\u1ed9t h\u01b0\u1edbng ph\u00e1t tri\u1ec3n m\u1edbi.<\/p>\n<p class=\"ds-markdown-paragraph\">Th\u1ecb tr\u01b0\u1eddng phim trong su\u1ed1t ba chi\u1ec1u \u0111\u01b0\u1ee3c d\u1ef1 b\u00e1o s\u1ebd t\u0103ng tr\u01b0\u1edfng khi nh\u1eadn th\u1ee9c v\u1ec1 nh\u1eefng l\u1ee3i \u00edch c\u1ee7a vi\u1ec7c s\u1eed d\u1ee5ng lo\u1ea1i phim n\u00e0y ng\u00e0y c\u00e0ng \u0111\u01b0\u1ee3c n\u00e2ng cao. B\u00ean c\u1ea1nh \u0111\u00f3, s\u1ef1 gia t\u0103ng v\u1ec1 m\u1eb7t hi\u1ec7n di\u1ec7n v\u00e0 b\u1ea3o v\u1ec7 th\u01b0\u01a1ng hi\u1ec7u c\u1ee7a c\u00e1c v\u1eadt li\u1ec7u ti\u00eau d\u00f9ng c\u0169ng s\u1ebd g\u00f3p ph\u1ea7n l\u00e0m t\u0103ng gi\u00e1 tr\u1ecb th\u1ecb tr\u01b0\u1eddng.<\/p>\n<p class=\"ds-markdown-paragraph\">S\u1ef1 b\u00f9ng n\u1ed5 v\u1ec1 s\u1ea3n l\u01b0\u1ee3ng, \u0111\u1ea7u t\u01b0 v\u00e0 ph\u00e1t tri\u1ec3n. B\u00ean c\u1ea1nh \u0111\u00f3, v\u1edbi vi\u1ec7c c\u00e1c c\u00f4ng ty l\u1edbn ng\u00e0y c\u00e0ng t\u0103ng c\u01b0\u1eddng \u0111\u01b0a v\u00e0o s\u1eed d\u1ee5ng c\u00e1c lo\u1ea1i m\u00e0ng bao b\u00ec ch\u1ed1ng h\u00e0ng gi\u1ea3, c\u00e1c doanh nghi\u1ec7p tr\u00ean th\u1ecb tr\u01b0\u1eddng s\u1ebd c\u00f3 c\u01a1 h\u1ed9i thu l\u1ee3i nhu\u1eadn trong giai \u0111o\u1ea1n d\u1ef1 b\u00e1o t\u1eeb n\u0103m 2022 \u0111\u1ebfn n\u0103m 2029. Ngo\u00e0i ra, c\u00e1c nh\u00e0 s\u1ea3n xu\u1ea5t d\u1ef1 ki\u1ebfn s\u1ebd \u0111\u1ea7u t\u01b0 ng\u00e0y c\u00e0ng m\u1ea1nh m\u1ebd h\u01a1n v\u00e0o vi\u1ec7c ph\u00e1t tri\u1ec3n th\u00eam c\u00e1c lo\u1ea1i m\u00e0ng ba chi\u1ec1u nh\u1eb1m th\u00fac \u0111\u1ea9y s\u1ef1 t\u0103ng tr\u01b0\u1edfng trong t\u01b0\u01a1ng lai c\u1ee7a th\u1ecb tr\u01b0\u1eddng m\u00e0ng trong su\u1ed1t d\u00f9ng cho chi\u1ebfu h\u00ecnh ba chi\u1ec1u.<\/p>\n<h3>Thay \u0111\u1ed5i v\u1ec1 gi\u00e1<\/h3>\n<p class=\"ds-markdown-paragraph\">S\u1ef1 bi\u1ebfn \u0111\u1ed9ng v\u1ec1 gi\u00e1 nguy\u00ean li\u1ec7u th\u00f4 c\u1ea7n thi\u1ebft \u0111\u1ec3 s\u1ea3n xu\u1ea5t m\u00e0ng hologram, ch\u1eb3ng h\u1ea1n nh\u01b0 polyethylene terephthalate (PET), polyethylene (PE) v\u00e0 polypropylene (PP), c\u00f9ng v\u1edbi s\u1ef1 bi\u1ebfn \u0111\u1ed9ng v\u1ec1 gi\u00e1 d\u1ea7u th\u00f4, c\u00f3 t\u00e1c \u0111\u1ed9ng tr\u1ef1c ti\u1ebfp \u0111\u1ebfn qu\u00e1 tr\u00ecnh s\u1ea3n xu\u1ea5t m\u00e0ng hologram. Do \u0111\u00f3, t\u1ed1c \u0111\u1ed9 t\u0103ng tr\u01b0\u1edfng c\u1ee7a th\u1ecb tr\u01b0\u1eddng m\u00e0ng chi\u1ebfu hologram c\u00f3 kh\u1ea3 n\u0103ng s\u1ebd b\u1ecb h\u1ea1n ch\u1ebf trong giai \u0111o\u1ea1n d\u1ef1 b\u00e1o.<\/p>\n<h3>Thi\u1ebft b\u1ecb \u0111\u00fac b\u1eb1ng laser tinh x\u1ea3o v\u00e0 \u0111\u1eaft ti\u1ec1n<\/h3>\n<p class=\"ds-markdown-paragraph\">Thi\u1ebft b\u1ecb s\u1ea3n xu\u1ea5t phim ba chi\u1ec1u r\u1ea5t ph\u1ee9c t\u1ea1p v\u00e0 \u0111\u1eaft \u0111\u1ecf, v\u00e0 \u0111i\u1ec1u ki\u1ec7n ph\u00f2ng th\u00ed nghi\u1ec7m \u0111\u01b0\u1ee3c d\u1ef1 b\u00e1o s\u1ebd c\u1ea3n tr\u1edf s\u1ef1 ph\u00e1t tri\u1ec3n c\u1ee7a ng\u00e0nh c\u00f4ng nghi\u1ec7p phim ba chi\u1ec1u. \u0110i\u1ec1u n\u00e0y s\u1ebd k\u00ecm h\u00e3m s\u1ef1 t\u0103ng tr\u01b0\u1edfng c\u1ee7a th\u1ecb tr\u01b0\u1eddng phim chi\u1ebfu ba chi\u1ec1u trong giai \u0111o\u1ea1n d\u1ef1 b\u00e1o.<\/p>","protected":false},"excerpt":{"rendered":"<p>M\u00e0ng hologram Z06 m\u00e0u c\u1ea7u v\u1ed3ng, \u0111\u1ed9 d\u00e0y 16 micron, chi\u1ec1u r\u1ed9ng t\u1ed1i \u0111a 930 mm.<\/p>","protected":false},"featured_media":371,"comment_status":"open","ping_status":"closed","template":"","meta":[],"product_brand":[],"product_cat":[17],"product_tag":[70,69,71,32,41,72,33,39],"class_list":{"0":"post-169","1":"product","2":"type-product","3":"status-publish","4":"has-post-thumbnail","6":"product_cat-holographic-film","7":"product_tag-chd38","8":"product_tag-cp01","9":"product_tag-cpkz","10":"product_tag-pet-hologram-film","11":"product_tag-rainbow-pet-holographic-film","12":"product_tag-sa06","13":"product_tag-seamless-pet-holographic-film","14":"product_tag-z37-rainbow-pet-hologram-film","16":"first","17":"instock","18":"shipping-taxable","19":"product-type-simple"},"_links":{"self":[{"href":"https:\/\/www.ywjunchi.com\/vi\/wp-json\/wp\/v2\/product\/169","targetHints":{"allow":["GET"]}}],"collection":[{"href":"https:\/\/www.ywjunchi.com\/vi\/wp-json\/wp\/v2\/product"}],"about":[{"href":"https:\/\/www.ywjunchi.com\/vi\/wp-json\/wp\/v2\/types\/product"}],"replies":[{"embeddable":true,"href":"https:\/\/www.ywjunchi.com\/vi\/wp-json\/wp\/v2\/comments?post=169"}],"wp:featuredmedia":[{"embeddable":true,"href":"https:\/\/www.ywjunchi.com\/vi\/wp-json\/wp\/v2\/media\/371"}],"wp:attachment":[{"href":"https:\/\/www.ywjunchi.com\/vi\/wp-json\/wp\/v2\/media?parent=169"}],"wp:term":[{"taxonomy":"product_brand","embeddable":true,"href":"https:\/\/www.ywjunchi.com\/vi\/wp-json\/wp\/v2\/product_brand?post=169"},{"taxonomy":"product_cat","embeddable":true,"href":"https:\/\/www.ywjunchi.com\/vi\/wp-json\/wp\/v2\/product_cat?post=169"},{"taxonomy":"product_tag","embeddable":true,"href":"https:\/\/www.ywjunchi.com\/vi\/wp-json\/wp\/v2\/product_tag?post=169"}],"curies":[{"name":"wp","href":"https:\/\/api.w.org\/{rel}","templated":true}]}}