{"id":31,"date":"2026-03-17T01:09:33","date_gmt":"2026-03-17T01:09:33","guid":{"rendered":"https:\/\/www.ywjunchi.com\/?page_id=31"},"modified":"2026-04-21T03:39:41","modified_gmt":"2026-04-21T03:39:41","slug":"chung-chi","status":"publish","type":"page","link":"https:\/\/www.ywjunchi.com\/vi\/certificate\/","title":{"rendered":"Ch\u1ee9ng ch\u1ec9"},"content":{"rendered":"<div data-elementor-type=\"wp-page\" data-elementor-id=\"31\" class=\"elementor elementor-31\" data-elementor-post-type=\"page\">\n\t\t\t\t<div class=\"elementor-element elementor-element-139a4f02 e-flex e-con-boxed e-con e-parent\" data-id=\"139a4f02\" data-element_type=\"container\" data-e-type=\"container\" data-settings=\"{&quot;background_background&quot;:&quot;classic&quot;}\">\n\t\t\t\t\t<div class=\"e-con-inner\">\n\t\t\t\t<div class=\"elementor-element elementor-element-655b4245 elementor-widget elementor-widget-woocommerce-breadcrumb\" data-id=\"655b4245\" data-element_type=\"widget\" data-e-type=\"widget\" data-widget_type=\"woocommerce-breadcrumb.default\">\n\t\t\t\t\t<nav class=\"woocommerce-breadcrumb\" aria-label=\"Breadcrumb\" data-no-translation=\"\" data-trp-gettext=\"\">Trang ch\u1ee7<\/nav>\t\t\t\t<\/div>\n\t\t\t\t\t<\/div>\n\t\t\t\t<\/div>\n\t\t<div class=\"elementor-element elementor-element-236aa747 e-flex e-con-boxed e-con e-parent\" data-id=\"236aa747\" data-element_type=\"container\" data-e-type=\"container\">\n\t\t\t\t\t<div class=\"e-con-inner\">\n\t\t<div class=\"elementor-element elementor-element-375bc7e3 e-con-full e-flex e-con e-child\" data-id=\"375bc7e3\" data-element_type=\"container\" data-e-type=\"container\">\n\t\t\t\t<div class=\"elementor-element elementor-element-bd34ca2 elementor-widget elementor-widget-heading\" data-id=\"bd34ca2\" data-element_type=\"widget\" data-e-type=\"widget\" data-widget_type=\"heading.default\">\n\t\t\t\t\t<h2 class=\"elementor-heading-title elementor-size-default\">B\u00c1O C\u00c1O ROHS V\u1ec0 M\u00c0NG HOLOGRAM<\/h2>\t\t\t\t<\/div>\n\t\t\t\t<div class=\"elementor-element elementor-element-bb10615 elementor-widget elementor-widget-image\" data-id=\"bb10615\" data-element_type=\"widget\" data-e-type=\"widget\" data-widget_type=\"image.default\">\n\t\t\t\t\t\t\t\t\t\t\t\t\t\t\t<img fetchpriority=\"high\" decoding=\"async\" width=\"702\" height=\"968\" src=\"https:\/\/www.ywjunchi.com\/wp-content\/uploads\/2026\/03\/Certificate-of-Compliance.jpg\" class=\"attachment-large size-large wp-image-132\" alt=\"M\u00e0ng hologram PVC BOPP d\u00e0nh cho th\u00fa c\u01b0ng \u0111\u00e3 \u0111\u1ea1t ch\u1ee9ng nh\u1eadn ROHS \u2013 C\u00f4ng ty V\u1eadt li\u1ec7u \u0110\u00f3ng g\u00f3i YIWU JUNCHI\" srcset=\"https:\/\/www.ywjunchi.com\/wp-content\/uploads\/2026\/03\/Certificate-of-Compliance.jpg 702w, https:\/\/www.ywjunchi.com\/wp-content\/uploads\/2026\/03\/Certificate-of-Compliance-600x827.jpg 600w, https:\/\/www.ywjunchi.com\/wp-content\/uploads\/2026\/03\/Certificate-of-Compliance-218x300.jpg 218w\" sizes=\"(max-width: 702px) 100vw, 702px\" \/>\t\t\t\t\t\t\t\t\t\t\t\t\t\t\t<\/div>\n\t\t\t\t<div class=\"elementor-element elementor-element-59b0938 elementor-widget elementor-widget-heading\" data-id=\"59b0938\" data-element_type=\"widget\" data-e-type=\"widget\" data-widget_type=\"heading.default\">\n\t\t\t\t\t<h2 class=\"elementor-heading-title elementor-size-default\">M\u00e0ng hologram PET kh\u00f4ng ch\u1ee9a halogen<\/h2>\t\t\t\t<\/div>\n\t\t\t\t<div class=\"elementor-element elementor-element-cd8318d elementor-widget elementor-widget-image\" data-id=\"cd8318d\" data-element_type=\"widget\" data-e-type=\"widget\" data-widget_type=\"image.default\">\n\t\t\t\t\t\t\t\t\t\t\t\t\t\t\t<img decoding=\"async\" width=\"768\" height=\"1086\" src=\"https:\/\/www.ywjunchi.com\/wp-content\/uploads\/2026\/04\/TOT1-768x1086.jpg\" class=\"attachment-medium_large size-medium_large wp-image-562\" alt=\"pet hologram film halogen certification\" srcset=\"https:\/\/www.ywjunchi.com\/wp-content\/uploads\/2026\/04\/TOT1-768x1086.jpg 768w, https:\/\/www.ywjunchi.com\/wp-content\/uploads\/2026\/04\/TOT1-scaled-600x849.jpg 600w, https:\/\/www.ywjunchi.com\/wp-content\/uploads\/2026\/04\/TOT1-212x300.jpg 212w, https:\/\/www.ywjunchi.com\/wp-content\/uploads\/2026\/04\/TOT1-724x1024.jpg 724w, https:\/\/www.ywjunchi.com\/wp-content\/uploads\/2026\/04\/TOT1-1086x1536.jpg 1086w, https:\/\/www.ywjunchi.com\/wp-content\/uploads\/2026\/04\/TOT1-1448x2048.jpg 1448w, https:\/\/www.ywjunchi.com\/wp-content\/uploads\/2026\/04\/TOT1-scaled.jpg 1810w\" sizes=\"(max-width: 768px) 100vw, 768px\" \/>\t\t\t\t\t\t\t\t\t\t\t\t\t\t\t<\/div>\n\t\t\t\t<div class=\"elementor-element elementor-element-c6259f0 elementor-widget elementor-widget-image\" data-id=\"c6259f0\" data-element_type=\"widget\" data-e-type=\"widget\" data-widget_type=\"image.default\">\n\t\t\t\t\t\t\t\t\t\t\t\t\t\t\t<img decoding=\"async\" width=\"768\" height=\"1086\" src=\"https:\/\/www.ywjunchi.com\/wp-content\/uploads\/2026\/04\/TOT2-768x1086.jpg\" class=\"attachment-medium_large size-medium_large wp-image-563\" alt=\"test passed halogen pet holographic film\" srcset=\"https:\/\/www.ywjunchi.com\/wp-content\/uploads\/2026\/04\/TOT2-768x1086.jpg 768w, https:\/\/www.ywjunchi.com\/wp-content\/uploads\/2026\/04\/TOT2-scaled-600x849.jpg 600w, https:\/\/www.ywjunchi.com\/wp-content\/uploads\/2026\/04\/TOT2-212x300.jpg 212w, https:\/\/www.ywjunchi.com\/wp-content\/uploads\/2026\/04\/TOT2-724x1024.jpg 724w, https:\/\/www.ywjunchi.com\/wp-content\/uploads\/2026\/04\/TOT2-1086x1536.jpg 1086w, https:\/\/www.ywjunchi.com\/wp-content\/uploads\/2026\/04\/TOT2-1448x2048.jpg 1448w, https:\/\/www.ywjunchi.com\/wp-content\/uploads\/2026\/04\/TOT2-scaled.jpg 1810w\" sizes=\"(max-width: 768px) 100vw, 768px\" \/>\t\t\t\t\t\t\t\t\t\t\t\t\t\t\t<\/div>\n\t\t\t\t<div class=\"elementor-element elementor-element-ca97f22 elementor-widget elementor-widget-image\" data-id=\"ca97f22\" data-element_type=\"widget\" data-e-type=\"widget\" data-widget_type=\"image.default\">\n\t\t\t\t\t\t\t\t\t\t\t\t\t\t\t<img loading=\"lazy\" decoding=\"async\" width=\"768\" height=\"1086\" src=\"https:\/\/www.ywjunchi.com\/wp-content\/uploads\/2026\/04\/TOT3-768x1086.jpg\" class=\"attachment-medium_large size-medium_large wp-image-564\" alt=\"MSDS,Halogen,ROHS test passed certificate pet pvc bopp holographic film\" srcset=\"https:\/\/www.ywjunchi.com\/wp-content\/uploads\/2026\/04\/TOT3-768x1086.jpg 768w, https:\/\/www.ywjunchi.com\/wp-content\/uploads\/2026\/04\/TOT3-scaled-600x849.jpg 600w, https:\/\/www.ywjunchi.com\/wp-content\/uploads\/2026\/04\/TOT3-212x300.jpg 212w, https:\/\/www.ywjunchi.com\/wp-content\/uploads\/2026\/04\/TOT3-724x1024.jpg 724w, https:\/\/www.ywjunchi.com\/wp-content\/uploads\/2026\/04\/TOT3-1086x1536.jpg 1086w, https:\/\/www.ywjunchi.com\/wp-content\/uploads\/2026\/04\/TOT3-1448x2048.jpg 1448w, https:\/\/www.ywjunchi.com\/wp-content\/uploads\/2026\/04\/TOT3-scaled.jpg 1810w\" sizes=\"(max-width: 768px) 100vw, 768px\" \/>\t\t\t\t\t\t\t\t\t\t\t\t\t\t\t<\/div>\n\t\t\t\t<div class=\"elementor-element elementor-element-19a0b29 elementor-widget elementor-widget-image\" data-id=\"19a0b29\" data-element_type=\"widget\" data-e-type=\"widget\" data-widget_type=\"image.default\">\n\t\t\t\t\t\t\t\t\t\t\t\t\t\t\t<img loading=\"lazy\" decoding=\"async\" width=\"768\" height=\"1086\" src=\"https:\/\/www.ywjunchi.com\/wp-content\/uploads\/2026\/04\/TOT4-768x1086.jpg\" class=\"attachment-medium_large size-medium_large wp-image-565\" alt=\"Halogen test certificate pet pvc bopp holographic film\" srcset=\"https:\/\/www.ywjunchi.com\/wp-content\/uploads\/2026\/04\/TOT4-768x1086.jpg 768w, https:\/\/www.ywjunchi.com\/wp-content\/uploads\/2026\/04\/TOT4-scaled-600x849.jpg 600w, https:\/\/www.ywjunchi.com\/wp-content\/uploads\/2026\/04\/TOT4-212x300.jpg 212w, https:\/\/www.ywjunchi.com\/wp-content\/uploads\/2026\/04\/TOT4-724x1024.jpg 724w, https:\/\/www.ywjunchi.com\/wp-content\/uploads\/2026\/04\/TOT4-1086x1536.jpg 1086w, https:\/\/www.ywjunchi.com\/wp-content\/uploads\/2026\/04\/TOT4-1448x2048.jpg 1448w, https:\/\/www.ywjunchi.com\/wp-content\/uploads\/2026\/04\/TOT4-scaled.jpg 1810w\" sizes=\"(max-width: 768px) 100vw, 768px\" \/>\t\t\t\t\t\t\t\t\t\t\t\t\t\t\t<\/div>\n\t\t\t\t<div class=\"elementor-element elementor-element-f03a811 elementor-widget elementor-widget-image\" data-id=\"f03a811\" data-element_type=\"widget\" data-e-type=\"widget\" data-widget_type=\"image.default\">\n\t\t\t\t\t\t\t\t\t\t\t\t\t\t\t<img loading=\"lazy\" decoding=\"async\" width=\"768\" height=\"1086\" src=\"https:\/\/www.ywjunchi.com\/wp-content\/uploads\/2026\/04\/TOT5-768x1086.jpg\" class=\"attachment-medium_large size-medium_large wp-image-566\" alt=\"Halogen test passed certificate\" srcset=\"https:\/\/www.ywjunchi.com\/wp-content\/uploads\/2026\/04\/TOT5-768x1086.jpg 768w, https:\/\/www.ywjunchi.com\/wp-content\/uploads\/2026\/04\/TOT5-scaled-600x849.jpg 600w, https:\/\/www.ywjunchi.com\/wp-content\/uploads\/2026\/04\/TOT5-212x300.jpg 212w, https:\/\/www.ywjunchi.com\/wp-content\/uploads\/2026\/04\/TOT5-724x1024.jpg 724w, https:\/\/www.ywjunchi.com\/wp-content\/uploads\/2026\/04\/TOT5-1086x1536.jpg 1086w, https:\/\/www.ywjunchi.com\/wp-content\/uploads\/2026\/04\/TOT5-1448x2048.jpg 1448w, https:\/\/www.ywjunchi.com\/wp-content\/uploads\/2026\/04\/TOT5-scaled.jpg 1810w\" sizes=\"(max-width: 768px) 100vw, 768px\" \/>\t\t\t\t\t\t\t\t\t\t\t\t\t\t\t<\/div>\n\t\t\t\t<\/div>\n\t\t\t\t\t<\/div>\n\t\t\t\t<\/div>\n\t\t\t\t<\/div>","protected":false},"excerpt":{"rendered":"<p>B\u00c1O C\u00c1O ROHS V\u1ec0 M\u00c0NG HOLOGRAM M\u00c0NG HOLOGRAM PET KH\u00d4NG CH\u1ee8A HALOGEN<\/p>","protected":false},"author":1,"featured_media":0,"parent":0,"menu_order":0,"comment_status":"closed","ping_status":"closed","template":"","meta":{"footnotes":""},"class_list":["post-31","page","type-page","status-publish","hentry"],"_links":{"self":[{"href":"https:\/\/www.ywjunchi.com\/vi\/wp-json\/wp\/v2\/pages\/31","targetHints":{"allow":["GET"]}}],"collection":[{"href":"https:\/\/www.ywjunchi.com\/vi\/wp-json\/wp\/v2\/pages"}],"about":[{"href":"https:\/\/www.ywjunchi.com\/vi\/wp-json\/wp\/v2\/types\/page"}],"author":[{"embeddable":true,"href":"https:\/\/www.ywjunchi.com\/vi\/wp-json\/wp\/v2\/users\/1"}],"replies":[{"embeddable":true,"href":"https:\/\/www.ywjunchi.com\/vi\/wp-json\/wp\/v2\/comments?post=31"}],"version-history":[{"count":10,"href":"https:\/\/www.ywjunchi.com\/vi\/wp-json\/wp\/v2\/pages\/31\/revisions"}],"predecessor-version":[{"id":569,"href":"https:\/\/www.ywjunchi.com\/vi\/wp-json\/wp\/v2\/pages\/31\/revisions\/569"}],"wp:attachment":[{"href":"https:\/\/www.ywjunchi.com\/vi\/wp-json\/wp\/v2\/media?parent=31"}],"curies":[{"name":"wp","href":"https:\/\/api.w.org\/{rel}","templated":true}]}}