{"id":27,"date":"2026-03-17T01:08:14","date_gmt":"2026-03-17T01:08:14","guid":{"rendered":"https:\/\/www.ywjunchi.com\/?page_id=27"},"modified":"2026-04-09T01:55:58","modified_gmt":"2026-04-09T01:55:58","slug":"gioi-thieu-ve-chung-toi","status":"publish","type":"page","link":"https:\/\/www.ywjunchi.com\/vi\/about-us\/","title":{"rendered":"Gi\u1edbi thi\u1ec7u v\u1ec1 ch\u00fang t\u00f4i"},"content":{"rendered":"<div data-elementor-type=\"wp-page\" data-elementor-id=\"27\" class=\"elementor elementor-27\" data-elementor-post-type=\"page\">\n\t\t\t\t<div class=\"elementor-element elementor-element-3ff2929d e-flex e-con-boxed e-con e-parent\" data-id=\"3ff2929d\" data-element_type=\"container\" data-e-type=\"container\" data-settings=\"{&quot;background_background&quot;:&quot;classic&quot;}\">\n\t\t\t\t\t<div class=\"e-con-inner\">\n\t\t\t\t<div class=\"elementor-element elementor-element-70a2105d elementor-widget elementor-widget-woocommerce-breadcrumb\" data-id=\"70a2105d\" data-element_type=\"widget\" data-e-type=\"widget\" data-widget_type=\"woocommerce-breadcrumb.default\">\n\t\t\t\t\t<nav class=\"woocommerce-breadcrumb\" aria-label=\"Breadcrumb\" data-no-translation=\"\" data-trp-gettext=\"\">Trang ch\u1ee7<\/nav>\t\t\t\t<\/div>\n\t\t\t\t\t<\/div>\n\t\t\t\t<\/div>\n\t\t<div class=\"elementor-element elementor-element-fc355db e-flex e-con-boxed e-con e-parent\" data-id=\"fc355db\" data-element_type=\"container\" data-e-type=\"container\">\n\t\t\t\t\t<div class=\"e-con-inner\">\n\t\t<div class=\"elementor-element elementor-element-40a002c e-con-full e-flex e-con e-child\" data-id=\"40a002c\" data-element_type=\"container\" data-e-type=\"container\">\n\t\t\t\t<div class=\"elementor-element elementor-element-ac5ff83 elementor-widget elementor-widget-image\" data-id=\"ac5ff83\" data-element_type=\"widget\" data-e-type=\"widget\" data-widget_type=\"image.default\">\n\t\t\t\t\t\t\t\t\t\t\t\t\t\t\t<img fetchpriority=\"high\" decoding=\"async\" width=\"800\" height=\"600\" src=\"https:\/\/www.ywjunchi.com\/wp-content\/uploads\/2026\/03\/Hard-press-machine-1024x768.jpg\" class=\"attachment-large size-large wp-image-105\" alt=\"M\u00e1y \u00e9p c\u1ee9ng\" srcset=\"https:\/\/www.ywjunchi.com\/wp-content\/uploads\/2026\/03\/Hard-press-machine-1024x768.jpg 1024w, https:\/\/www.ywjunchi.com\/wp-content\/uploads\/2026\/03\/Hard-press-machine-600x450.jpg 600w, https:\/\/www.ywjunchi.com\/wp-content\/uploads\/2026\/03\/Hard-press-machine-300x225.jpg 300w, https:\/\/www.ywjunchi.com\/wp-content\/uploads\/2026\/03\/Hard-press-machine-768x576.jpg 768w, https:\/\/www.ywjunchi.com\/wp-content\/uploads\/2026\/03\/Hard-press-machine.jpg 1500w\" sizes=\"(max-width: 800px) 100vw, 800px\" \/>\t\t\t\t\t\t\t\t\t\t\t\t\t\t\t<\/div>\n\t\t\t\t<div class=\"elementor-element elementor-element-dccc4ba elementor-widget elementor-widget-text-editor\" data-id=\"dccc4ba\" data-element_type=\"widget\" data-e-type=\"widget\" data-widget_type=\"text-editor.default\">\n\t\t\t\t\t\t\t\t\t<p><strong>C\u00f4ng ty V\u1eadt li\u1ec7u \u0110\u00f3ng g\u00f3i Yiwu Junchi<\/strong> chuy\u00ean v\u1ec1 nghi\u00ean c\u1ee9u v\u00e0 ph\u00e1t tri\u1ec3n, s\u1ea3n xu\u1ea5t v\u00e0 cung c\u1ea5p c\u00e1c v\u1eadt li\u1ec7u \u0111\u00f3ng g\u00f3i hi\u1ec7u su\u1ea5t cao. L\u00e0 m\u1ed9t doanh nghi\u1ec7p t\u1ed5ng h\u1ee3p c\u00f3 kh\u1ea3 n\u0103ng s\u1ea3n xu\u1ea5t v\u00e0 kinh doanh, ch\u00fang t\u00f4i ph\u1ee5c v\u1ee5 c\u00e1c th\u01b0\u01a1ng hi\u1ec7u qu\u1ed1c t\u1ebf trong c\u00e1c l\u0129nh v\u1ef1c \u0111i\u1ec7n t\u1eed, m\u1ef9 ph\u1ea9m, th\u1ef1c ph\u1ea9m v\u00e0 \u0111\u1ed3 u\u1ed1ng, c\u0169ng nh\u01b0 h\u00e0ng xa x\u1ec9, cung c\u1ea5p c\u00e1c gi\u1ea3i ph\u00e1p \u0111\u00f3ng g\u00f3i t\u00f9y ch\u1ec9nh k\u1ebft h\u1ee3p gi\u1eefa t\u00ednh n\u0103ng, th\u1ea9m m\u1ef9 v\u00e0 t\u00ednh b\u1ec1n v\u1eefng.<\/p><p>D\u00f2ng s\u1ea3n ph\u1ea9m c\u1ee7a ch\u00fang t\u00f4i \u0111\u01b0\u1ee3c thi\u1ebft k\u1ebf \u0111\u1ec3 \u0111\u00e1p \u1ee9ng c\u00e1c nhu c\u1ea7u \u0111a d\u1ea1ng c\u1ee7a ng\u00e0nh c\u00f4ng nghi\u1ec7p, tu\u00e2n th\u1ee7 c\u00e1c ti\u00eau chu\u1ea9n qu\u1ed1c t\u1ebf v\u00e0 \u00e1p d\u1ee5ng c\u00e1c quy tr\u00ecnh s\u1ea3n xu\u1ea5t ti\u00ean ti\u1ebfn:<\/p><p><strong><b>M\u00e0ng PET ba chi\u1ec1u li\u1ec1n m\u1ea1ch<\/b><\/strong><\/p><p>Hi\u1ec7u \u1ee9ng ba chi\u1ec1u 360\u00b0, hoa v\u0103n li\u1ec1n m\u1ea1ch (h\u01a1n 300 m\u1eabu thi\u1ebft k\u1ebf c\u00f3 th\u1ec3 t\u00f9y ch\u1ec9nh), b\u1ec1 m\u1eb7t in UV, v\u00e0 tu\u00e2n th\u1ee7 ti\u00eau chu\u1ea9n m\u00e0ng ba chi\u1ec1u GBT 23808-2009. \u0110\u1ed9 d\u00e0y l\u1edbp ph\u1ee7 \u0111\u01b0\u1ee3c ki\u1ec3m so\u00e1t ch\u00ednh x\u00e1c \u1edf m\u1ee9c 3-5\u03bcm \u0111\u1ec3 \u0111\u1ea3m b\u1ea3o \u0111\u1ed9 b\u1ec1n t\u1ed1i \u01b0u (\u0111\u1ed9 b\u00e1m d\u00ednh \u22654B) v\u00e0 hi\u1ec7u \u1ee9ng ba chi\u1ec1u s\u1ed1ng \u0111\u1ed9ng.<\/p><p>2. \u1ee8ng d\u1ee5ng: Bao b\u00ec thu\u1ed1c l\u00e1\/m\u1ef9 ph\u1ea9m, nh\u00e3n ch\u1ed1ng h\u00e0ng gi\u1ea3 cho th\u01b0\u01a1ng hi\u1ec7u v\u00e0 bao b\u00ec s\u1ea3n ph\u1ea9m cao c\u1ea5p. S\u1ea3n ph\u1ea9m n\u00e0y t\u01b0\u01a1ng th\u00edch v\u1edbi quy tr\u00ecnh \u00e9p m\u00e0ng \u01b0\u1edbt v\u1edbi chi ph\u00ed hi\u1ec7u qu\u1ea3 v\u00e0 c\u00f3 c\u00f4ng su\u1ea5t s\u1ea3n xu\u1ea5t 300.000 m\u00e9t\/ng\u00e0y.<\/p><p><strong><b>M\u00e0ng PVC ba chi\u1ec1u<\/b><\/strong><\/p><p>1. Ch\u1ed1ng \u1ea9m, ch\u1ed1ng tia UV v\u00e0 kh\u1ea3 n\u0103ng co ng\u00f3t tuy\u1ec7t v\u1eddi. \u0110\u01b0\u1ee3c thi\u1ebft k\u1ebf \u0111\u1ec3 \u0111\u1ea3m b\u1ea3o \u0111\u1ed9 b\u1ec1n v\u00e0 \u0111\u1ed9 \u1ed5n \u0111\u1ecbnh k\u00edch th\u01b0\u1edbc, v\u1edbi \u0111\u1ed9 c\u1ee9ng b\u1ec1 m\u1eb7t \u0111\u1ea1t \u22653H. Tu\u00e2n th\u1ee7 c\u00e1c quy \u0111\u1ecbnh qu\u1ed1c t\u1ebf v\u1ec1 v\u1eadt li\u1ec7u \u0111\u00f3ng g\u00f3i PVC v\u1ec1 an to\u00e0n v\u00e0 hi\u1ec7u su\u1ea5t m\u00f4i tr\u01b0\u1eddng.<\/p><p>2. \u1ee8ng d\u1ee5ng: \u0110\u00f3ng g\u00f3i linh ki\u1ec7n \u0111i\u1ec7n t\u1eed, \u0111\u00f3ng g\u00f3i trong logistics v\u00e0 c\u00e1c \u1ee9ng d\u1ee5ng trang tr\u00ed y\u00eau c\u1ea7u t\u00ednh n\u0103ng ch\u1ed1ng b\u1ee5i v\u00e0 ch\u1ed1ng s\u1ed1c.<\/p><p><strong><b>Gi\u1ea5y ba chi\u1ec1u<\/b><\/strong><\/p><p>1. C\u00e1c h\u1ecda ti\u1ebft ph\u1ea3n quang \u0111a chi\u1ec1u, th\u00e0nh ph\u1ea7n v\u1eadt li\u1ec7u b\u1ec1n v\u1eefng v\u00e0 kh\u00f4ng s\u1eed d\u1ee5ng qu\u00e1 nhi\u1ec1u m\u1ef1c in \u2013 ph\u00f9 h\u1ee3p v\u1edbi xu h\u01b0\u1edbng bao b\u00ec xanh tr\u00ean to\u00e0n c\u1ea7u. C\u00f3 s\u1eb5n c\u00e1c phi\u00ean b\u1ea3n in chuy\u1ec3n nhi\u1ec7t v\u00e0 composite \u0111\u1ec3 \u0111\u00e1p \u1ee9ng nhu c\u1ea7u b\u1ea3o v\u1ec7 th\u01b0\u01a1ng hi\u1ec7u v\u00e0 trang tr\u00ed.<\/p><p>2. V\u1ecb th\u1ebf th\u1ecb tr\u01b0\u1eddng: T\u1eadn d\u1ee5ng quy m\u00f4 th\u1ecb tr\u01b0\u1eddng gi\u1ea5y ba chi\u1ec1u to\u00e0n c\u1ea7u tr\u1ecb gi\u00e1 1,2 t\u1ef7 USD (d\u1ef1 b\u00e1o t\u0103ng tr\u01b0\u1edfng k\u00e9p h\u00e0ng n\u0103m (CAGR) \u0111\u1ea1t 9,21% \u0111\u1ebfn n\u0103m 2033), c\u00e1c s\u1ea3n ph\u1ea9m c\u1ee7a ch\u00fang t\u00f4i \u0111ang \u0111\u01b0\u1ee3c \u01b0a chu\u1ed9ng t\u1ea1i c\u00e1c th\u1ecb tr\u01b0\u1eddng Ch\u00e2u \u00c1-Th\u00e1i B\u00ecnh D\u01b0\u01a1ng, B\u1eafc M\u1ef9 v\u00e0 Ch\u00e2u \u00c2u.<\/p>\t\t\t\t\t\t\t\t<\/div>\n\t\t\t\t<div class=\"elementor-element elementor-element-9e83cd9 elementor-widget elementor-widget-button\" data-id=\"9e83cd9\" data-element_type=\"widget\" data-e-type=\"widget\" data-widget_type=\"button.default\">\n\t\t\t\t\t\t\t\t\t\t<a class=\"elementor-button elementor-button-link elementor-size-sm elementor-animation-grow\" href=\"https:\/\/www.ywjunchi.com\/vi\/contact-us\/\">\n\t\t\t\t\t\t<span class=\"elementor-button-content-wrapper\">\n\t\t\t\t\t\t\t\t\t<span class=\"elementor-button-text\">Y\u00eau c\u1ea7u b\u00e1o gi\u00e1<\/span>\n\t\t\t\t\t<\/span>\n\t\t\t\t\t<\/a>\n\t\t\t\t\t\t\t\t<\/div>\n\t\t\t\t<\/div>\n\t\t<div class=\"elementor-element elementor-element-cf0b22e e-con-full e-flex e-con e-child\" data-id=\"cf0b22e\" data-element_type=\"container\" data-e-type=\"container\">\n\t\t\t\t<div class=\"elementor-element elementor-element-248640e elementor-widget elementor-widget-text-editor\" data-id=\"248640e\" data-element_type=\"widget\" data-e-type=\"widget\" data-widget_type=\"text-editor.default\">\n\t\t\t\t\t\t\t\t\t<p><strong><b>M\u00e0ng kim lo\u1ea1i<\/b><\/strong><\/p><p>1. \u0110\u01b0\u1ee3c s\u1ea3n xu\u1ea5t b\u1eb1ng c\u00f4ng ngh\u1ec7 l\u1eafng \u0111\u1ecdng h\u01a1i v\u1eadt l\u00fd (PVD) ti\u00ean ti\u1ebfn, v\u1edbi l\u1edbp ph\u1ee7 nh\u00f4m \u0111\u1ed3ng \u0111\u1ec1u (\u0111\u1ed9 d\u00e0y 0,5\u03bcm) mang l\u1ea1i b\u1ec1 m\u1eb7t kim lo\u1ea1i b\u00f3ng lo\u00e1ng. Qu\u00e1 tr\u00ecnh \u0111\u01b0\u1ee3c t\u1ed1i \u01b0u h\u00f3a nh\u1edd c\u00e1c c\u00f4ng \u0111o\u1ea1n k\u00e9o c\u0103ng tr\u01b0\u1edbc v\u00e0 lo\u1ea1i b\u1ecf b\u1ee5i, \u0111\u1ea3m b\u1ea3o \u0111\u1ed9 ph\u1eb3ng b\u1ec1 m\u1eb7t v\u00e0 \u0111\u1ed9 b\u00e1m d\u00ednh c\u1ee7a l\u1edbp ph\u1ee7.<\/p><p>2. \u1ee8ng d\u1ee5ng: B\u1ea3o qu\u1ea3n th\u1ef1c ph\u1ea9m (t\u1ea1o l\u1edbp ng\u0103n c\u00e1ch v\u1edbi oxy\/\u0111\u1ed9 \u1ea9m), v\u1eadt li\u1ec7u c\u00e1ch nhi\u1ec7t v\u00e0 bao b\u00ec \u0111i\u1ec7n t\u1eed (c\u00f3 t\u00ednh ch\u1ed1ng t\u0129nh \u0111i\u1ec7n). \u0110\u00e2y l\u00e0 m\u1ed9t gi\u1ea3i ph\u00e1p thay th\u1ebf nh\u1eb9 v\u00e0 ti\u1ebft ki\u1ec7m chi ph\u00ed so v\u1edbi gi\u1ea5y b\u1ea1c nh\u00f4m.<\/p><p><strong><b>Rainbow Film<\/b><\/strong><\/p><p>1. Ch\u1ea5t n\u1ec1n l\u00e0m t\u1eeb PET (\u0111\u1ed9 d\u00e0y 0,1 mm \u00b1 0,01 mm) c\u00f3 c\u00e1c s\u1eafc th\u00e1i \u00f3ng \u00e1nh t\u1ef1 nhi\u00ean (ch\u1ee7 y\u1ebfu l\u00e0 m\u00e0u \u0111\u1ecf t\u00edm) tr\u1edf n\u00ean r\u1ef1c r\u1ee1 h\u01a1n khi ti\u1ebfp x\u00fac v\u1edbi \u00e1nh s\u00e1ng. B\u1ec1 m\u1eb7t ch\u1ed1ng tr\u1ea7y x\u01b0\u1edbc (\u22653H), d\u1ec5 thi c\u00f4ng khi \u01b0\u1edbt v\u00e0 t\u01b0\u01a1ng th\u00edch v\u1edbi c\u00f4ng ngh\u1ec7 c\u1eaft laser \u0111\u1ec3 ch\u1ebf t\u00e1c c\u00e1c c\u1ed9t trang tr\u00ed ho\u1eb7c ch\u1eef c\u00e1i pha l\u00ea.<\/p><p>2. \u1ee8ng d\u1ee5ng: Trang tr\u00ed n\u1ed9i th\u1ea5t (b\u1ec1 m\u1eb7t k\u00ednh\/acrylic), k\u1ec7 tr\u01b0ng b\u00e0y b\u00e1n l\u1ebb v\u00e0 bao b\u00ec qu\u1ea3ng c\u00e1o \u2013 mang l\u1ea1i v\u1ebb \u0111\u1eb9p r\u1ef1c r\u1ee1, thu h\u00fat \u00e1nh nh\u00ecn cho c\u00e1c kh\u00f4ng gian th\u01b0\u01a1ng m\u1ea1i v\u00e0 s\u1ea3n ph\u1ea9m.<\/p><p>S\u1ea3n xu\u1ea5t &amp; \u0110\u1ea3m b\u1ea3o ch\u1ea5t l\u01b0\u1ee3ng<\/p><p>C\u01a1 s\u1edf v\u1eadt ch\u1ea5t: \u0110\u01b0\u1ee3c trang b\u1ecb c\u00e1c d\u00e2y chuy\u1ec1n s\u1ea3n xu\u1ea5t t\u1ef1 \u0111\u1ed9ng, bao g\u1ed3m h\u1ec7 th\u1ed1ng m\u1ea1 kim lo\u1ea1i ch\u00ednh x\u00e1c (ti\u1ec1n t\u00edch h\u1ee3p + l\u1eafng \u0111\u1ecdng h\u01a1i) v\u00e0 m\u00e1y d\u1eadp n\u1ed5i h\u00ecnh ba chi\u1ec1u. Ch\u00fang t\u00f4i duy tr\u00ec m\u1ed1i quan h\u1ec7 h\u1ee3p t\u00e1c k\u1ef9 thu\u1eadt l\u00e2u d\u00e0i v\u1edbi Trung t\u00e2m Gi\u00e1m s\u00e1t Ch\u1ea5t l\u01b0\u1ee3ng Ch\u1ed1ng t\u0129nh \u0111i\u1ec7n Trung Qu\u1ed1c trong l\u0129nh v\u1ef1c ki\u1ec3m \u0111\u1ecbnh v\u00e0 ch\u1ee9ng nh\u1eadn s\u1ea3n ph\u1ea9m.<\/p><p>Cam k\u1ebft v\u1ec1 ch\u1ea5t l\u01b0\u1ee3ng: T\u1ea5t c\u1ea3 c\u00e1c s\u1ea3n ph\u1ea9m \u0111\u1ec1u \u0111\u01b0\u1ee3c ki\u1ec3m tra nghi\u00eam ng\u1eb7t v\u1ec1 \u0111\u1ed9 co ng\u00f3t (\u22641mm), \u0111\u1ed9 trong su\u1ed1t (\u0111\u1ed9 truy\u1ec1n s\u00e1ng \u226512% \u0111\u1ed1i v\u1edbi m\u00e0ng c\u1ea7u v\u1ed3ng) v\u00e0 \u0111\u1ed9 b\u00e1m d\u00ednh (1200-1600g\/inch \u0111\u1ed1i v\u1edbi m\u00e0ng c\u1ea7u v\u1ed3ng). Tri\u1ebft l\u00fd \u201cl\u1ea5y kh\u00e1ch h\u00e0ng l\u00e0m trung t\u00e2m\u201d c\u1ee7a ch\u00fang t\u00f4i \u0111\u1ea3m b\u1ea3o vi\u1ec7c giao h\u00e0ng \u0111\u00fang h\u1eb9n v\u00e0 d\u1ecbch v\u1ee5 h\u1eadu m\u00e3i nhanh ch\u00f3ng, chu \u0111\u00e1o.<\/p><p>H\u1ee3p t\u00e1c to\u00e0n c\u1ea7u &amp; T\u1ea7m nh\u00ecn<\/p><p>V\u1edbi m\u1ea1ng l\u01b0\u1edbi xu\u1ea5t kh\u1ea9u ph\u1ee7 s\u00f3ng h\u01a1n 50 qu\u1ed1c gia, ch\u00fang t\u00f4i lu\u00f4n \u0111\u1eb7t l\u00ean h\u00e0ng \u0111\u1ea7u nguy\u00ean t\u1eafc c\u00f4ng b\u1eb1ng (c\u00f9ng c\u00f3 l\u1ee3i) v\u00e0 d\u1ecbch v\u1ee5 \u0111\u01b0\u1ee3c c\u00e1 nh\u00e2n h\u00f3a \u2014 nh\u1eadn \u0111\u01a1n \u0111\u1eb7t h\u00e0ng OEM\/ODM v\u00e0 cung c\u1ea5p t\u01b0 v\u1ea5n k\u1ef9 thu\u1eadt cho vi\u1ec7c t\u00edch h\u1ee3p \u1ee9ng d\u1ee5ng. Trong b\u1ed1i c\u1ea3nh ng\u00e0nh c\u00f4ng nghi\u1ec7p bao b\u00ec kh\u00f4ng ng\u1eebng ph\u00e1t tri\u1ec3n, Yiwu Junchi v\u1eabn ki\u00ean \u0111\u1ecbnh v\u1edbi cam k\u1ebft \u0111\u1ed5i m\u1edbi, t\u1eadp trung v\u00e0o v\u1eadt li\u1ec7u ph\u00e2n h\u1ee7y sinh h\u1ecdc v\u00e0 c\u00f4ng ngh\u1ec7 ch\u1ed1ng h\u00e0ng gi\u1ea3 th\u00f4ng minh \u0111\u1ec3 d\u1eabn d\u1eaft t\u01b0\u01a1ng lai c\u1ee7a ng\u00e0nh bao b\u00ec b\u1ec1n v\u1eefng.<\/p>\t\t\t\t\t\t\t\t<\/div>\n\t\t\t\t<div class=\"elementor-element elementor-element-c17690a elementor-widget elementor-widget-image\" data-id=\"c17690a\" data-element_type=\"widget\" data-e-type=\"widget\" data-widget_type=\"image.default\">\n\t\t\t\t\t\t\t\t\t\t\t\t\t\t\t<img decoding=\"async\" width=\"768\" height=\"1024\" src=\"https:\/\/www.ywjunchi.com\/wp-content\/uploads\/2026\/03\/junchi-768x1024.jpg\" class=\"attachment-large size-large wp-image-106\" alt=\"\" srcset=\"https:\/\/www.ywjunchi.com\/wp-content\/uploads\/2026\/03\/junchi-768x1024.jpg 768w, https:\/\/www.ywjunchi.com\/wp-content\/uploads\/2026\/03\/junchi-600x800.jpg 600w, https:\/\/www.ywjunchi.com\/wp-content\/uploads\/2026\/03\/junchi-225x300.jpg 225w, https:\/\/www.ywjunchi.com\/wp-content\/uploads\/2026\/03\/junchi.jpg 1080w\" sizes=\"(max-width: 768px) 100vw, 768px\">\t\t\t\t\t\t\t\t\t\t\t\t\t\t\t<\/div>\n\t\t\t\t<\/div>\n\t\t\t\t\t<\/div>\n\t\t\t\t<\/div>\n\t\t\t\t<\/div>","protected":false},"excerpt":{"rendered":"<p>Yiwu Junchi Packaging Material Firm specializes in R&amp;D,manufacturing,and supply of high-performance packaging materials.As an integrated enterprise with production and trade capabilities,we serve international brands across electronics,cosmetics,food &amp; beverage,and luxury goods sectors,delivering customized packaging solutions that blend functionality,aesthetics,and sustainability. Our product range is engineered to meet diverse industry demands,adhering to global standards and cutting-edge manufacturing processes: [&hellip;]<\/p>\n","protected":false},"author":1,"featured_media":0,"parent":0,"menu_order":0,"comment_status":"closed","ping_status":"closed","template":"","meta":{"footnotes":""},"class_list":["post-27","page","type-page","status-publish","hentry"],"_links":{"self":[{"href":"https:\/\/www.ywjunchi.com\/vi\/wp-json\/wp\/v2\/pages\/27","targetHints":{"allow":["GET"]}}],"collection":[{"href":"https:\/\/www.ywjunchi.com\/vi\/wp-json\/wp\/v2\/pages"}],"about":[{"href":"https:\/\/www.ywjunchi.com\/vi\/wp-json\/wp\/v2\/types\/page"}],"author":[{"embeddable":true,"href":"https:\/\/www.ywjunchi.com\/vi\/wp-json\/wp\/v2\/users\/1"}],"replies":[{"embeddable":true,"href":"https:\/\/www.ywjunchi.com\/vi\/wp-json\/wp\/v2\/comments?post=27"}],"version-history":[{"count":43,"href":"https:\/\/www.ywjunchi.com\/vi\/wp-json\/wp\/v2\/pages\/27\/revisions"}],"predecessor-version":[{"id":536,"href":"https:\/\/www.ywjunchi.com\/vi\/wp-json\/wp\/v2\/pages\/27\/revisions\/536"}],"wp:attachment":[{"href":"https:\/\/www.ywjunchi.com\/vi\/wp-json\/wp\/v2\/media?parent=27"}],"curies":[{"name":"wp","href":"https:\/\/api.w.org\/{rel}","templated":true}]}}