{"id":687,"date":"2026-04-28T07:08:02","date_gmt":"2026-04-28T07:08:02","guid":{"rendered":"https:\/\/www.ywjunchi.com\/?post_type=product&#038;p=687"},"modified":"2026-04-29T01:10:49","modified_gmt":"2026-04-29T01:10:49","slug":"pelicula-de-holograma-horizontal-para-animais-de-estimacao-com-pilar-de-graos","status":"publish","type":"product","link":"https:\/\/www.ywjunchi.com\/pt\/product\/grain-pillar-light-horizontal-pet-hologram-film\/","title":{"rendered":"Pel\u00edcula de holograma PET horizontal de luz de pilar de gr\u00e3o"},"content":{"rendered":"<p><strong>Z08 Pel\u00edcula de holograma PET horizontal com luz de pilar de gr\u00e3o<\/strong><\/p>\n<p>Na ind\u00fastria de embalagem e impress\u00e3o topo de gama, a pel\u00edcula de holograma PET horizontal com luz de pilar de gr\u00e3o surgiu como uma escolha popular devido ao seu efeito \u00fanico de luz de pilar de gr\u00e3o, desempenho de processamento est\u00e1vel e ampla aplicabilidade. Este artigo centra-se na pel\u00edcula de holograma PET horizontal com luz de pilar de gr\u00e3o de 16 m\u00edcron, incluindo os seus tipos de produtos, carater\u00edsticas principais, destaques de produ\u00e7\u00e3o e cen\u00e1rios de aplica\u00e7\u00e3o t\u00edpicos, fornecendo um guia completo para fabricantes, transformadores e utilizadores finais em \u00e1reas relacionadas.<\/p>\n<p><strong>1. tipos e especifica\u00e7\u00f5es principais<\/strong><\/p>\n<p>A pel\u00edcula de holograma horizontal PET com pilar de gr\u00e3o \u00e9 um material de embalagem de elevado valor acrescentado, que utiliza o tereftalato de polietileno (PET) como material de base, adopta uma tecnologia avan\u00e7ada de grava\u00e7\u00e3o hologr\u00e1fica horizontal para formar uma textura leve de pilar de gr\u00e3o e \u00e9 transformada em dois tipos principais para satisfazer diferentes necessidades de aplica\u00e7\u00e3o. A espessura do n\u00facleo \u00e9 rigorosamente controlada a 16 m\u00edcrones, uma especifica\u00e7\u00e3o que atinge um equil\u00edbrio ideal entre flexibilidade e resist\u00eancia mec\u00e2nica, tornando-a perfeitamente adequada para processos de lamina\u00e7\u00e3o e transfer\u00eancia em cart\u00e3o.<\/p>\n<p>Ao contr\u00e1rio das pel\u00edculas de holograma comuns, este produto apresenta um efeito de luz de pilar de gr\u00e3o \u00fanico - a superf\u00edcie apresenta uma textura delicada de pilar em forma de gr\u00e3o, que pode refletir luz suave e em camadas sob diferentes \u00e2ngulos, proporcionando uma experi\u00eancia visual distinta que \u00e9 simultaneamente elegante e apelativa. O tipo de lamina\u00e7\u00e3o foi concebido para composi\u00e7\u00e3o direta com cart\u00e3o, enquanto o tipo de transfer\u00eancia \u00e9 adequado para transferir a textura hologr\u00e1fica e o efeito de luz para superf\u00edcies de cart\u00e3o, mantendo ambos a integridade do efeito de luz de pilar de gr\u00e3o. Al\u00e9m disso, a pel\u00edcula pode ser impressa por UV, o que alarga ainda mais as suas possibilidades de processamento e aplica\u00e7\u00e3o.<\/p>\n<figure id=\"attachment_689\" aria-describedby=\"caption-attachment-689\" style=\"width: 800px\" class=\"wp-caption alignnone\"><img fetchpriority=\"high\" decoding=\"async\" class=\"size-full wp-image-689\" src=\"https:\/\/www.ywjunchi.com\/wp-content\/uploads\/2026\/04\/003-2.jpg\" alt=\"pel\u00edcula de holograma de animais de estima\u00e7\u00e3o com pilar horizontal de gr\u00e3o\" width=\"800\" height=\"800\" srcset=\"https:\/\/www.ywjunchi.com\/wp-content\/uploads\/2026\/04\/003-2.jpg 800w, https:\/\/www.ywjunchi.com\/wp-content\/uploads\/2026\/04\/003-2-300x300.jpg 300w, https:\/\/www.ywjunchi.com\/wp-content\/uploads\/2026\/04\/003-2-100x100.jpg 100w, https:\/\/www.ywjunchi.com\/wp-content\/uploads\/2026\/04\/003-2-600x600.jpg 600w, https:\/\/www.ywjunchi.com\/wp-content\/uploads\/2026\/04\/003-2-150x150.jpg 150w, https:\/\/www.ywjunchi.com\/wp-content\/uploads\/2026\/04\/003-2-768x768.jpg 768w\" sizes=\"(max-width: 800px) 100vw, 800px\" \/><figcaption id=\"caption-attachment-689\" class=\"wp-caption-text\">pel\u00edcula de holograma de animais de estima\u00e7\u00e3o com pilar horizontal de gr\u00e3o<\/figcaption><\/figure>\n<p><strong>2. tipos de produtos e carater\u00edsticas principais<\/strong><\/p>\n<p>A pel\u00edcula de holograma PET horizontal leve com pilar de gr\u00e3o de 16 m\u00edcrones est\u00e1 dividida em dois tipos de n\u00facleo, cada um com carater\u00edsticas espec\u00edficas para se adaptar a diferentes requisitos de processamento, partilhando o mesmo desempenho de base de alta qualidade:<\/p>\n<p><strong>2.1 Pel\u00edcula hologr\u00e1fica de lamina\u00e7\u00e3o<\/strong><\/p>\n<p>Este tipo de pel\u00edcula \u00e9 especialmente concebido para a lamina\u00e7\u00e3o com cart\u00e3o. O processo de lamina\u00e7\u00e3o n\u00e3o s\u00f3 mant\u00e9m o efeito hologr\u00e1fico de luz do pilar de gr\u00e3o completo, mas tamb\u00e9m melhora a suavidade da superf\u00edcie e a resist\u00eancia ao desgaste do cart\u00e3o, tornando o produto final mais dur\u00e1vel e de alta qualidade.<\/p>\n<p><strong>2.2 Pel\u00edcula hologr\u00e1fica de transfer\u00eancia<\/strong><\/p>\n<p>O tipo de transfer\u00eancia \u00e9 utilizado principalmente para transferir a textura hologr\u00e1fica de luz de pilar de gr\u00e3o para o cart\u00e3o. Adopta uma tecnologia de revestimento especial, que permite que a camada hologr\u00e1fica seja facilmente transferida para a superf\u00edcie do cart\u00e3o durante o processo de transfer\u00eancia, enquanto a pel\u00edcula de base PET pode ser reciclada, reduzindo o desperd\u00edcio de material e diminuindo os custos de produ\u00e7\u00e3o. O cart\u00e3o transferido tem um efeito natural e delicado de luz de pilar de gr\u00e3o, com o mesmo efeito visual que o tipo de lamina\u00e7\u00e3o, mas mais flex\u00edvel na aplica\u00e7\u00e3o.<\/p>\n<p><strong>2.3 Carater\u00edsticas do n\u00facleo comum<\/strong><\/p>\n<p>Ambos os tipos de pel\u00edcula partilham as seguintes carater\u00edsticas principais: a espessura de 16 m\u00edcrones garante uma boa flexibilidade e processabilidade, adequada para v\u00e1rios equipamentos de lamina\u00e7\u00e3o e transfer\u00eancia de cart\u00e3o; a textura leve do pilar de gr\u00e3o horizontal \u00e9 consistente com a dire\u00e7\u00e3o de processamento das linhas de produ\u00e7\u00e3o de embalagens, reduzindo a perda de material e melhorando a efici\u00eancia da produ\u00e7\u00e3o; o desempenho de impress\u00e3o UV permite a impress\u00e3o direta de padr\u00f5es, log\u00f3tipos e texto na superf\u00edcie da pel\u00edcula, com um efeito de impress\u00e3o n\u00edtido e uma forte solidez da cor; excelente estabilidade qu\u00edmica, n\u00e3o \u00e9 f\u00e1cil de desvanecer ou deformar, garantindo a estabilidade a longo prazo do aspeto do produto.<\/p>\n<figure id=\"attachment_688\" aria-describedby=\"caption-attachment-688\" style=\"width: 800px\" class=\"wp-caption alignnone\"><img decoding=\"async\" class=\"size-full wp-image-688\" src=\"https:\/\/www.ywjunchi.com\/wp-content\/uploads\/2026\/04\/003-1.jpg\" alt=\"pel\u00edcula de holograma de animais de estima\u00e7\u00e3o com pilar de gr\u00e3os\" width=\"800\" height=\"800\" srcset=\"https:\/\/www.ywjunchi.com\/wp-content\/uploads\/2026\/04\/003-1.jpg 800w, https:\/\/www.ywjunchi.com\/wp-content\/uploads\/2026\/04\/003-1-300x300.jpg 300w, https:\/\/www.ywjunchi.com\/wp-content\/uploads\/2026\/04\/003-1-100x100.jpg 100w, https:\/\/www.ywjunchi.com\/wp-content\/uploads\/2026\/04\/003-1-600x600.jpg 600w, https:\/\/www.ywjunchi.com\/wp-content\/uploads\/2026\/04\/003-1-150x150.jpg 150w, https:\/\/www.ywjunchi.com\/wp-content\/uploads\/2026\/04\/003-1-768x768.jpg 768w\" sizes=\"(max-width: 800px) 100vw, 800px\" \/><figcaption id=\"caption-attachment-688\" class=\"wp-caption-text\">pel\u00edcula de holograma de animais de estima\u00e7\u00e3o com pilar de gr\u00e3os<\/figcaption><\/figure>\n<p><strong>3. processo de produ\u00e7\u00e3o: Foco na textura e no desempenho<\/strong><\/p>\n<p>A produ\u00e7\u00e3o de pel\u00edcula de holograma PET horizontal com luz de pilar de gr\u00e3o requer um controlo preciso de cada processo, especialmente centrado na forma\u00e7\u00e3o de textura de luz de pilar de gr\u00e3o e na otimiza\u00e7\u00e3o do desempenho de lamina\u00e7\u00e3o\/transfer\u00eancia:<\/p>\n<p><strong>3.1 Prepara\u00e7\u00e3o da pel\u00edcula de base<\/strong><\/p>\n<p>A resina PET de alta qualidade \u00e9 selecionada como mat\u00e9ria-prima, que \u00e9 fundida, extrudida e esticada horizontalmente para formar uma pel\u00edcula de base PET com 16 m\u00edcrones de espessura. Durante o processo de estiramento, a temperatura e a rela\u00e7\u00e3o de estiramento s\u00e3o rigorosamente controladas para garantir que a pel\u00edcula de base tem uma boa estabilidade dimensional e resist\u00eancia \u00e0 tra\u00e7\u00e3o, proporcionando um suporte fi\u00e1vel para o subsequente processo de grava\u00e7\u00e3o hologr\u00e1fica.<\/p>\n<p><strong>3.2 Grava\u00e7\u00e3o hologr\u00e1fica de luz de pilar de gr\u00e3o<\/strong><\/p>\n<p>A pel\u00edcula de base PET preparada \u00e9 enviada para uma m\u00e1quina de grava\u00e7\u00e3o hologr\u00e1fica de alta precis\u00e3o, onde um padr\u00e3o de luz de pilar de gr\u00e3o horizontal \u00e9 pressionado sobre a superf\u00edcie da pel\u00edcula utilizando um rolo de grava\u00e7\u00e3o especial. Os par\u00e2metros de grava\u00e7\u00e3o (temperatura, press\u00e3o, velocidade) s\u00e3o ajustados com precis\u00e3o para garantir que a textura do pilar de gr\u00e3o \u00e9 clara, uniforme e tridimensional, e o efeito de reflex\u00e3o da luz cumpre a norma. A dire\u00e7\u00e3o horizontal da textura \u00e9 consistente com a dire\u00e7\u00e3o de processamento da pel\u00edcula, o que \u00e9 prop\u00edcio para opera\u00e7\u00f5es subsequentes de lamina\u00e7\u00e3o, transfer\u00eancia e impress\u00e3o UV.<\/p>\n<p><strong>3.3 Revestimento funcional e p\u00f3s-tratamento<\/strong><\/p>\n<p>De acordo com o tipo de produto (lamina\u00e7\u00e3o ou transfer\u00eancia), \u00e9 aplicado um revestimento funcional correspondente \u00e0 superf\u00edcie da pel\u00edcula em relevo. No caso da pel\u00edcula hologr\u00e1fica de lamina\u00e7\u00e3o, \u00e9 revestida uma camada adesiva para melhorar a sua ader\u00eancia ao cart\u00e3o; no caso da pel\u00edcula hologr\u00e1fica de transfer\u00eancia, s\u00e3o revestidas uma camada de liberta\u00e7\u00e3o e uma camada de transfer\u00eancia para garantir uma transfer\u00eancia suave da textura hologr\u00e1fica.Ap\u00f3s o revestimento, a pel\u00edcula \u00e9 submetida a um tratamento corona para melhorar a energia da superf\u00edcie, aumentando a compatibilidade com as tintas UV e assegurando um bom efeito de impress\u00e3o. Finalmente, a pel\u00edcula \u00e9 cortada em rolos de diferentes larguras de acordo com os requisitos do cliente, e \u00e9 efectuada uma rigorosa inspe\u00e7\u00e3o de qualidade.<\/p>\n<figure id=\"attachment_690\" aria-describedby=\"caption-attachment-690\" style=\"width: 800px\" class=\"wp-caption alignnone\"><img decoding=\"async\" class=\"size-full wp-image-690\" src=\"https:\/\/www.ywjunchi.com\/wp-content\/uploads\/2026\/04\/003-3.jpg\" alt=\"pel\u00edcula hologr\u00e1fica de animais de estima\u00e7\u00e3o com pilar horizontal de gr\u00e3o\" width=\"800\" height=\"800\" srcset=\"https:\/\/www.ywjunchi.com\/wp-content\/uploads\/2026\/04\/003-3.jpg 800w, https:\/\/www.ywjunchi.com\/wp-content\/uploads\/2026\/04\/003-3-300x300.jpg 300w, https:\/\/www.ywjunchi.com\/wp-content\/uploads\/2026\/04\/003-3-100x100.jpg 100w, https:\/\/www.ywjunchi.com\/wp-content\/uploads\/2026\/04\/003-3-600x600.jpg 600w, https:\/\/www.ywjunchi.com\/wp-content\/uploads\/2026\/04\/003-3-150x150.jpg 150w, https:\/\/www.ywjunchi.com\/wp-content\/uploads\/2026\/04\/003-3-768x768.jpg 768w\" sizes=\"(max-width: 800px) 100vw, 800px\" \/><figcaption id=\"caption-attachment-690\" class=\"wp-caption-text\">pel\u00edcula hologr\u00e1fica de animais de estima\u00e7\u00e3o com pilar horizontal de gr\u00e3o<\/figcaption><\/figure>\n<p><strong>4. principais vantagens do produto<\/strong><\/p>\n<p>Efeito visual \u00fanico: A textura da luz do pilar de gr\u00e3o proporciona um efeito de reflex\u00e3o da luz em camadas distinto, que \u00e9 mais atrativo do que as pel\u00edculas de holograma normais, ajudando os produtos a destacarem-se no mercado.<\/p>\n<p>Op\u00e7\u00f5es de tipo duplo: Est\u00e3o dispon\u00edveis tipos de lamina\u00e7\u00e3o e transfer\u00eancia, adaptando-se a diferentes necessidades de processamento e custos de produ\u00e7\u00e3o, proporcionando escolhas flex\u00edveis aos utilizadores.<\/p>\n<p>Espessura \u00f3ptima: 16 m\u00edcrons de espessura equilibram flexibilidade e resist\u00eancia, f\u00e1cil de laminar ou transferir para cart\u00e3o, compat\u00edvel com a maioria dos equipamentos de processamento de embalagens.<\/p>\n<p>Impress\u00e3o UV: Compat\u00edvel com a tecnologia de impress\u00e3o UV, permite a impress\u00e3o direta de v\u00e1rios padr\u00f5es e texto, enriquecendo a express\u00e3o visual do produto e satisfazendo as necessidades de embalagens personalizadas.<\/p>\n<p>Ampla aplicabilidade: Adequado para v\u00e1rios campos de embalagem de alta qualidade, com desempenho est\u00e1vel e excelente durabilidade, garantindo a qualidade do produto final.<\/p>\n<p><strong>5.Cen\u00e1rios de aplica\u00e7\u00e3o<\/strong><\/p>\n<p>A pel\u00edcula de holograma PET horizontal leve com pilar de gr\u00e3o de 16 m\u00edcrones (incluindo tipos de lamina\u00e7\u00e3o e transfer\u00eancia) \u00e9 amplamente utilizada em \u00e1reas de embalagem que procuram obter efeitos visuais distintos e de alta qualidade, com os seguintes cen\u00e1rios de aplica\u00e7\u00e3o t\u00edpicos:<\/p>\n<p><strong>5.1 Produ\u00e7\u00e3o de etiquetas autocolantes<\/strong><\/p>\n<p>\u00c9 um material ideal para etiquetas autocolantes de alta qualidade. O efeito de luz do pilar de gr\u00e3o torna as etiquetas mais apelativas e o desempenho de impress\u00e3o UV permite a impress\u00e3o de log\u00f3tipos de marcas, informa\u00e7\u00f5es sobre produtos e outros conte\u00fados.<\/p>\n<p><strong>5.2 Embalagem de cosm\u00e9ticos<\/strong><\/p>\n<p>Na ind\u00fastria de cosm\u00e9ticos, esta pel\u00edcula \u00e9 amplamente utilizada na embalagem de produtos de cuidados da pele, maquilhagem, perfumes e outros produtos. Pode ser laminada ou transferida para caixas de cosm\u00e9ticos, r\u00f3tulos de frascos e sacos de embalagem exterior, trazendo um efeito visual nobre e elegante aos produtos, melhorando a imagem da marca e o grau do produto.<\/p>\n<p><strong>5.3 Embalagem de caixas de tabaco<\/strong><\/p>\n<p>O efeito de luz do pilar de gr\u00e3os melhora a textura e o grau da caixa de tabaco, e a excelente durabilidade e estabilidade garantem que a embalagem permane\u00e7a intacta durante o transporte e o armazenamento.<\/p>\n<p><strong>5.4 Outros dom\u00ednios da embalagem topo de gama<\/strong><\/p>\n<p>Para al\u00e9m dos cen\u00e1rios acima referidos, tamb\u00e9m pode ser utilizado na embalagem de presentes de alta qualidade, produtos de sa\u00fade, produtos electr\u00f3nicos e outros campos, satisfazendo a procura do mercado de materiais de embalagem distintos e de alta qualidade.<\/p>\n<figure id=\"attachment_691\" aria-describedby=\"caption-attachment-691\" style=\"width: 800px\" class=\"wp-caption alignnone\"><img loading=\"lazy\" decoding=\"async\" class=\"size-full wp-image-691\" src=\"https:\/\/www.ywjunchi.com\/wp-content\/uploads\/2026\/04\/003-4.jpg\" alt=\"pel\u00edcula hologr\u00e1fica para animais de estima\u00e7\u00e3o de gr\u00e3o horizontal metalizado prateado\" width=\"800\" height=\"800\" srcset=\"https:\/\/www.ywjunchi.com\/wp-content\/uploads\/2026\/04\/003-4.jpg 800w, https:\/\/www.ywjunchi.com\/wp-content\/uploads\/2026\/04\/003-4-300x300.jpg 300w, https:\/\/www.ywjunchi.com\/wp-content\/uploads\/2026\/04\/003-4-100x100.jpg 100w, https:\/\/www.ywjunchi.com\/wp-content\/uploads\/2026\/04\/003-4-600x600.jpg 600w, https:\/\/www.ywjunchi.com\/wp-content\/uploads\/2026\/04\/003-4-150x150.jpg 150w, https:\/\/www.ywjunchi.com\/wp-content\/uploads\/2026\/04\/003-4-768x768.jpg 768w\" sizes=\"(max-width: 800px) 100vw, 800px\" \/><figcaption id=\"caption-attachment-691\" class=\"wp-caption-text\">pel\u00edcula hologr\u00e1fica para animais de estima\u00e7\u00e3o de gr\u00e3o horizontal metalizado prateado<\/figcaption><\/figure>\n<p><strong>6. controlo de qualidade e requisitos de armazenamento<\/strong><\/p>\n<p>No processo de produ\u00e7\u00e3o, o controle de qualidade rigoroso \u00e9 implementado para cada link, incluindo inspe\u00e7\u00e3o de mat\u00e9ria-prima, dete\u00e7\u00e3o de espessura, inspe\u00e7\u00e3o de efeito de luz do pilar de gr\u00e3os, inspe\u00e7\u00e3o de uniformidade de revestimento e inspe\u00e7\u00e3o de qualidade de superf\u00edcie, para garantir que cada rolo de filme atenda aos padr\u00f5es relevantes da ind\u00fastria. para armazenamento, o filme deve ser colocado em um armaz\u00e9m seco, fresco e ventilado, evitando a luz solar direta, alta temperatura e umidade, e evitando que o filme seja \u00famido, deformado ou danificado. a temperatura de armazenamento deve ser controlada entre 15 \u2103 e 25 \u2103, e a umidade relativa n\u00e3o deve exceder 60%.<\/p>\n<p><strong>7.Conclus\u00e3o<\/strong><\/p>\n<p>A pel\u00edcula de holograma PET horizontal com luz de pilar de gr\u00e3o de 16 m\u00edcrons, com o seu efeito de luz de pilar de gr\u00e3o \u00fanico, op\u00e7\u00f5es de tipo duplo (lamina\u00e7\u00e3o e transfer\u00eancia), desempenho de impress\u00e3o UV e ampla aplicabilidade, tornou-se um material importante na ind\u00fastria de embalagens topo de gama.<\/p>","protected":false},"excerpt":{"rendered":"<p><strong>Z08 Pel\u00edcula de holograma PET horizontal com luz de pilar de gr\u00e3o<\/strong><\/p>","protected":false},"featured_media":688,"comment_status":"open","ping_status":"closed","template":"","meta":[],"product_brand":[],"product_cat":[17],"product_tag":[57],"class_list":{"0":"post-687","1":"product","2":"type-product","3":"status-publish","4":"has-post-thumbnail","6":"product_cat-holographic-film","7":"product_tag-grain-pillar-light-horizontal-pet-hologram-film","9":"first","10":"instock","11":"shipping-taxable","12":"product-type-simple"},"_links":{"self":[{"href":"https:\/\/www.ywjunchi.com\/pt\/wp-json\/wp\/v2\/product\/687","targetHints":{"allow":["GET"]}}],"collection":[{"href":"https:\/\/www.ywjunchi.com\/pt\/wp-json\/wp\/v2\/product"}],"about":[{"href":"https:\/\/www.ywjunchi.com\/pt\/wp-json\/wp\/v2\/types\/product"}],"replies":[{"embeddable":true,"href":"https:\/\/www.ywjunchi.com\/pt\/wp-json\/wp\/v2\/comments?post=687"}],"wp:featuredmedia":[{"embeddable":true,"href":"https:\/\/www.ywjunchi.com\/pt\/wp-json\/wp\/v2\/media\/688"}],"wp:attachment":[{"href":"https:\/\/www.ywjunchi.com\/pt\/wp-json\/wp\/v2\/media?parent=687"}],"wp:term":[{"taxonomy":"product_brand","embeddable":true,"href":"https:\/\/www.ywjunchi.com\/pt\/wp-json\/wp\/v2\/product_brand?post=687"},{"taxonomy":"product_cat","embeddable":true,"href":"https:\/\/www.ywjunchi.com\/pt\/wp-json\/wp\/v2\/product_cat?post=687"},{"taxonomy":"product_tag","embeddable":true,"href":"https:\/\/www.ywjunchi.com\/pt\/wp-json\/wp\/v2\/product_tag?post=687"}],"curies":[{"name":"wp","href":"https:\/\/api.w.org\/{rel}","templated":true}]}}