{"id":681,"date":"2026-04-28T06:42:48","date_gmt":"2026-04-28T06:42:48","guid":{"rendered":"https:\/\/www.ywjunchi.com\/?post_type=product&#038;p=681"},"modified":"2026-04-29T01:13:24","modified_gmt":"2026-04-29T01:13:24","slug":"pelicula-de-holograma-para-animais-de-estimacao-com-pilar-de-platina","status":"publish","type":"product","link":"https:\/\/www.ywjunchi.com\/pt\/product\/platinum-pillar-light-pet-hologram-film\/","title":{"rendered":"Pel\u00edcula de holograma PET com luz de pilar de platina"},"content":{"rendered":"<p><strong>KF015A Pel\u00edcula de holograma PET horizontal platina 16 m\u00edcrons<\/strong><\/p>\n<p>No campo dos materiais de embalagem topo de gama, a pel\u00edcula de holograma PET horizontal de platina metalizada sem costuras tornou-se uma escolha fundamental para muitas ind\u00fastrias devido ao seu efeito visual \u00fanico, desempenho est\u00e1vel e \u00e2mbito de aplica\u00e7\u00e3o alargado. Este artigo centra-se no processo de produ\u00e7\u00e3o, nas carater\u00edsticas do produto e nos cen\u00e1rios de aplica\u00e7\u00e3o t\u00edpicos da pel\u00edcula de holograma PET horizontal de platina metalizada sem costuras de 16 microns, fornecendo uma refer\u00eancia abrangente para fabricantes, processadores e utilizadores finais relacionados.<\/p>\n<p><strong>1. vis\u00e3o geral do produto e especifica\u00e7\u00f5es principais<\/strong><\/p>\n<p>A pel\u00edcula de holograma PET horizontal de platina metalizada sem costura \u00e9 um material de embalagem de alto desempenho baseado em tereftalato de polietileno (PET) como pel\u00edcula de base, combinado com tecnologia avan\u00e7ada de metaliza\u00e7\u00e3o sem costura, revestimento de platina e processamento de textura hologr\u00e1fica horizontal. As suas especifica\u00e7\u00f5es principais s\u00e3o rigorosamente controladas para satisfazer as diversas necessidades da produ\u00e7\u00e3o industrial, sendo o par\u00e2metro-chave uma espessura de 16 microns - uma espessura que equilibra flexibilidade, resist\u00eancia \u00e0 tra\u00e7\u00e3o e adaptabilidade de processamento, tornando-a adequada para processos de lamina\u00e7\u00e3o e transfer\u00eancia.<\/p>\n<p>Ao contr\u00e1rio das pel\u00edculas de holograma tradicionais com costuras \u00f3bvias, este produto adopta a tecnologia de metaliza\u00e7\u00e3o sem costuras, que elimina as marcas de jun\u00e7\u00e3o na superf\u00edcie da pel\u00edcula, assegurando um efeito hologr\u00e1fico uniforme e consistente e um brilho met\u00e1lico em todo o rolo. A camada metalizada de platina n\u00e3o s\u00f3 aumenta o brilho e a textura da pel\u00edcula, como tamb\u00e9m melhora o seu desempenho de barreira, isolando eficazmente a humidade e o ar, prolongando assim o prazo de validade dos produtos embalados.<\/p>\n<figure id=\"attachment_683\" aria-describedby=\"caption-attachment-683\" style=\"width: 800px\" class=\"wp-caption alignnone\"><img fetchpriority=\"high\" decoding=\"async\" class=\"size-full wp-image-683\" src=\"https:\/\/www.ywjunchi.com\/wp-content\/uploads\/2026\/04\/006-2.jpg\" alt=\"pel\u00edcula hologr\u00e1fica de platina para pilar de luz\" width=\"800\" height=\"800\" srcset=\"https:\/\/www.ywjunchi.com\/wp-content\/uploads\/2026\/04\/006-2.jpg 800w, https:\/\/www.ywjunchi.com\/wp-content\/uploads\/2026\/04\/006-2-300x300.jpg 300w, https:\/\/www.ywjunchi.com\/wp-content\/uploads\/2026\/04\/006-2-100x100.jpg 100w, https:\/\/www.ywjunchi.com\/wp-content\/uploads\/2026\/04\/006-2-600x600.jpg 600w, https:\/\/www.ywjunchi.com\/wp-content\/uploads\/2026\/04\/006-2-150x150.jpg 150w, https:\/\/www.ywjunchi.com\/wp-content\/uploads\/2026\/04\/006-2-768x768.jpg 768w\" sizes=\"(max-width: 800px) 100vw, 800px\" \/><figcaption id=\"caption-attachment-683\" class=\"wp-caption-text\">pel\u00edcula hologr\u00e1fica de platina para pilar de luz<\/figcaption><\/figure>\n<p><strong>2. processo de produ\u00e7\u00e3o: Controlo de precis\u00e3o para uma elevada qualidade<\/strong><\/p>\n<p>A produ\u00e7\u00e3o de pel\u00edcula de holograma PET horizontal de platina metalizada sem costuras envolve m\u00faltiplos processos sofisticados, cada um dos quais requer um controlo rigoroso dos par\u00e2metros para garantir a estabilidade e a consist\u00eancia do produto:<\/p>\n<p><strong>2.1 Prepara\u00e7\u00e3o da pel\u00edcula de base<\/strong><\/p>\n<p>A resina PET de alta pureza \u00e9 selecionada como mat\u00e9ria-prima, que \u00e9 fundida, extrudida e esticada para formar uma pel\u00edcula de base PET com 16 m\u00edcrones de espessura. Durante o processo de estiramento, a rela\u00e7\u00e3o de estiramento horizontal \u00e9 controlada com precis\u00e3o para garantir a resist\u00eancia \u00e0 tra\u00e7\u00e3o transversal da pel\u00edcula e a estabilidade dimensional, criando uma base s\u00f3lida para a grava\u00e7\u00e3o hologr\u00e1fica e a metaliza\u00e7\u00e3o subsequentes.<\/p>\n<p><strong>2.2 Grava\u00e7\u00e3o hologr\u00e1fica em relevo<\/strong><\/p>\n<p>A pel\u00edcula de base PET preparada \u00e9 enviada para uma m\u00e1quina de grava\u00e7\u00e3o hologr\u00e1fica, onde um padr\u00e3o hologr\u00e1fico horizontal \u00e9 pressionado sobre a superf\u00edcie da pel\u00edcula utilizando um rolo de grava\u00e7\u00e3o de alta precis\u00e3o. A temperatura, a press\u00e3o e a velocidade de grava\u00e7\u00e3o s\u00e3o rigorosamente controladas para garantir que o padr\u00e3o hologr\u00e1fico \u00e9 claro, delicado e tem um forte efeito de reflex\u00e3o da luz. A dire\u00e7\u00e3o horizontal da textura hologr\u00e1fica \u00e9 consistente com a dire\u00e7\u00e3o de processamento da pel\u00edcula, o que \u00e9 prop\u00edcio para opera\u00e7\u00f5es subsequentes de lamina\u00e7\u00e3o e transfer\u00eancia.<\/p>\n<p><strong>2.3 Metaliza\u00e7\u00e3o sem costura (revestimento de platina)<\/strong><\/p>\n<p>A pel\u00edcula de PET em relevo \u00e9 transferida para uma c\u00e2mara de metaliza\u00e7\u00e3o a v\u00e1cuo, onde uma fina camada de platina \u00e9 uniformemente revestida na superf\u00edcie da pel\u00edcula atrav\u00e9s da tecnologia de deposi\u00e7\u00e3o f\u00edsica de vapor (PVD). O processo de metaliza\u00e7\u00e3o sem costuras evita a forma\u00e7\u00e3o de costuras ou de revestimento irregular, assegurando que a camada de platina \u00e9 uniforme, densa e tem uma excelente ader\u00eancia. O revestimento de platina n\u00e3o s\u00f3 d\u00e1 \u00e0 pel\u00edcula um brilho met\u00e1lico nobre, como tamb\u00e9m aumenta a sua resist\u00eancia aos riscos e ao desgaste.<\/p>\n<p><strong>2.4 P\u00f3s-tratamento e corte longitudinal<\/strong><\/p>\n<p>Ap\u00f3s a metaliza\u00e7\u00e3o, a pel\u00edcula \u00e9 submetida a um tratamento de superf\u00edcie (como o tratamento corona) para melhorar a sua energia de superf\u00edcie, melhorando a ades\u00e3o entre a pel\u00edcula e as tintas ou adesivos, o que \u00e9 essencial para a impress\u00e3o e lamina\u00e7\u00e3o UV. Finalmente, a pel\u00edcula \u00e9 cortada em rolos de diferentes larguras de acordo com os requisitos do cliente, e \u00e9 efectuada uma rigorosa inspe\u00e7\u00e3o de qualidade para garantir que cada rolo de pel\u00edcula cumpre as normas de espessura, efeito hologr\u00e1fico, uniformidade de metaliza\u00e7\u00e3o e planicidade da superf\u00edcie.<\/p>\n<p><strong>3. principais vantagens do produto<\/strong><\/p>\n<p>Design sem costuras: A tecnologia de metaliza\u00e7\u00e3o sem costuras elimina as marcas de jun\u00e7\u00e3o, assegurando um efeito visual uniforme e consistente, que \u00e9 especialmente adequado para embalagens topo de gama que requerem um aspeto perfeito.<\/p>\n<p>Espessura \u00f3ptima: A espessura de 16 m\u00edcrons equilibra a flexibilidade e a resist\u00eancia, facilitando a lamina\u00e7\u00e3o ou a transfer\u00eancia para papel e \u00e9 compat\u00edvel com v\u00e1rios equipamentos de processamento de embalagens.<\/p>\n<p>Excelente compatibilidade: Adequada para impress\u00e3o UV, a pel\u00edcula pode absorver rapidamente as tintas UV, garantindo padr\u00f5es de impress\u00e3o n\u00edtidos, cores brilhantes e boa ader\u00eancia, sem desvanecimento ou descama\u00e7\u00e3o.<\/p>\n<p>Textura topo de gama: A camada metalizada de platina confere um brilho met\u00e1lico nobre e elegante, combinado com o efeito hologr\u00e1fico horizontal, tornando os produtos embalados mais atractivos e competitivos no mercado.<\/p>\n<p>Ampla adaptabilidade: Tem boa estabilidade qu\u00edmica e desempenho de barreira, que pode ser amplamente utilizado em v\u00e1rios campos, como cosm\u00e9ticos, tabaco, produtos qu\u00edmicos di\u00e1rios e presentes.<\/p>\n<figure id=\"attachment_682\" aria-describedby=\"caption-attachment-682\" style=\"width: 800px\" class=\"wp-caption alignnone\"><img decoding=\"async\" class=\"size-full wp-image-682\" src=\"https:\/\/www.ywjunchi.com\/wp-content\/uploads\/2026\/04\/006-1.jpg\" alt=\"pel\u00edcula de holograma para animais de estima\u00e7\u00e3o com pilar de platina\" width=\"800\" height=\"800\" srcset=\"https:\/\/www.ywjunchi.com\/wp-content\/uploads\/2026\/04\/006-1.jpg 800w, https:\/\/www.ywjunchi.com\/wp-content\/uploads\/2026\/04\/006-1-300x300.jpg 300w, https:\/\/www.ywjunchi.com\/wp-content\/uploads\/2026\/04\/006-1-100x100.jpg 100w, https:\/\/www.ywjunchi.com\/wp-content\/uploads\/2026\/04\/006-1-600x600.jpg 600w, https:\/\/www.ywjunchi.com\/wp-content\/uploads\/2026\/04\/006-1-150x150.jpg 150w, https:\/\/www.ywjunchi.com\/wp-content\/uploads\/2026\/04\/006-1-768x768.jpg 768w\" sizes=\"(max-width: 800px) 100vw, 800px\" \/><figcaption id=\"caption-attachment-682\" class=\"wp-caption-text\">pel\u00edcula de holograma para animais de estima\u00e7\u00e3o com pilar de platina<\/figcaption><\/figure>\n<p><strong>4. cen\u00e1rios de aplica\u00e7\u00e3o<\/strong><\/p>\n<p>A pel\u00edcula de holograma PET horizontal de platina metalizada sem costuras de 16 m\u00edcrones \u00e9 amplamente utilizada nos campos de embalagem e impress\u00e3o, com os seguintes cen\u00e1rios de aplica\u00e7\u00e3o t\u00edpicos:<\/p>\n<p><strong>4.1 Embalagem de cosm\u00e9ticos<\/strong><\/p>\n<p>Como material de embalagem topo de gama, \u00e9 amplamente utilizado na embalagem de cosm\u00e9ticos, tais como produtos de cuidados da pele, maquilhagem e perfumes. Pode ser laminado em caixas de cosm\u00e9ticos, r\u00f3tulos de frascos ou sacos de embalagem exterior, dando um efeito visual nobre e elegante aos produtos, melhorando a imagem da marca e a qualidade do produto.<\/p>\n<p><strong>4.2 Lamina\u00e7\u00e3o e transfer\u00eancia de papel<\/strong><\/p>\n<p>O papel transferido mant\u00e9m o efeito hologr\u00e1fico e o brilho met\u00e1lico da pel\u00edcula, tornando os produtos mais requintados e atractivos.<\/p>\n<p><strong>4.3 Produtos de impress\u00e3o UV<\/strong><\/p>\n<p>Compat\u00edvel com a tecnologia de impress\u00e3o UV, pode ser utilizado para imprimir v\u00e1rios padr\u00f5es, log\u00f3tipos e texto na superf\u00edcie da pel\u00edcula, que \u00e9 amplamente utilizada na produ\u00e7\u00e3o de etiquetas de alta qualidade, autocolantes e decora\u00e7\u00f5es de embalagens. O efeito de impress\u00e3o UV \u00e9 claro e dur\u00e1vel, e a combina\u00e7\u00e3o de efeito hologr\u00e1fico e padr\u00f5es impressos enriquece ainda mais a express\u00e3o visual dos produtos.<\/p>\n<p><strong>4.4 Outros dom\u00ednios da embalagem topo de gama<\/strong><\/p>\n<p>Al\u00e9m de cosm\u00e9ticos e embalagens de papel, tamb\u00e9m pode ser utilizado na embalagem de presentes de alta qualidade, produtos de sa\u00fade, produtos electr\u00f3nicos e outros campos, satisfazendo a procura do mercado de materiais de embalagem de alta qualidade.<\/p>\n<figure id=\"attachment_685\" aria-describedby=\"caption-attachment-685\" style=\"width: 800px\" class=\"wp-caption alignnone\"><img decoding=\"async\" class=\"size-full wp-image-685\" src=\"https:\/\/www.ywjunchi.com\/wp-content\/uploads\/2026\/04\/006-4.jpg\" alt=\"pel\u00edcula de holograma para animais de estima\u00e7\u00e3o com pilar de platina sem costuras\" width=\"800\" height=\"800\" srcset=\"https:\/\/www.ywjunchi.com\/wp-content\/uploads\/2026\/04\/006-4.jpg 800w, https:\/\/www.ywjunchi.com\/wp-content\/uploads\/2026\/04\/006-4-300x300.jpg 300w, https:\/\/www.ywjunchi.com\/wp-content\/uploads\/2026\/04\/006-4-100x100.jpg 100w, https:\/\/www.ywjunchi.com\/wp-content\/uploads\/2026\/04\/006-4-600x600.jpg 600w, https:\/\/www.ywjunchi.com\/wp-content\/uploads\/2026\/04\/006-4-150x150.jpg 150w, https:\/\/www.ywjunchi.com\/wp-content\/uploads\/2026\/04\/006-4-768x768.jpg 768w\" sizes=\"(max-width: 800px) 100vw, 800px\" \/><figcaption id=\"caption-attachment-685\" class=\"wp-caption-text\">pel\u00edcula de holograma para animais de estima\u00e7\u00e3o com pilar de platina sem costuras<\/figcaption><\/figure>\n<p><strong>5. controlo de qualidade e requisitos de armazenamento<\/strong><\/p>\n<p>No processo de produ\u00e7\u00e3o, o controle de qualidade rigoroso \u00e9 implementado para cada link, incluindo inspe\u00e7\u00e3o de mat\u00e9ria-prima, dete\u00e7\u00e3o de espessura, inspe\u00e7\u00e3o de efeito hologr\u00e1fico, inspe\u00e7\u00e3o de uniformidade de metaliza\u00e7\u00e3o e inspe\u00e7\u00e3o de qualidade de superf\u00edcie, para garantir que o produto atenda aos padr\u00f5es relevantes da ind\u00fastria. para armazenamento, o filme deve ser colocado em um armaz\u00e9m seco, fresco e ventilado, evitando a luz solar direta, alta temperatura e umidade, e evitando que o filme seja \u00famido, deformado ou danificado. a temperatura de armazenamento deve ser controlada entre 15 \u2103 e 25 \u2103, e a umidade relativa n\u00e3o deve exceder 60%.<\/p>\n<figure id=\"attachment_684\" aria-describedby=\"caption-attachment-684\" style=\"width: 800px\" class=\"wp-caption alignnone\"><img loading=\"lazy\" decoding=\"async\" class=\"size-full wp-image-684\" src=\"https:\/\/www.ywjunchi.com\/wp-content\/uploads\/2026\/04\/006-3.jpg\" alt=\"pel\u00edcula de holograma platina lightbeen pet\" width=\"800\" height=\"800\" srcset=\"https:\/\/www.ywjunchi.com\/wp-content\/uploads\/2026\/04\/006-3.jpg 800w, https:\/\/www.ywjunchi.com\/wp-content\/uploads\/2026\/04\/006-3-300x300.jpg 300w, https:\/\/www.ywjunchi.com\/wp-content\/uploads\/2026\/04\/006-3-100x100.jpg 100w, https:\/\/www.ywjunchi.com\/wp-content\/uploads\/2026\/04\/006-3-600x600.jpg 600w, https:\/\/www.ywjunchi.com\/wp-content\/uploads\/2026\/04\/006-3-150x150.jpg 150w, https:\/\/www.ywjunchi.com\/wp-content\/uploads\/2026\/04\/006-3-768x768.jpg 768w\" sizes=\"(max-width: 800px) 100vw, 800px\" \/><figcaption id=\"caption-attachment-684\" class=\"wp-caption-text\">pel\u00edcula de holograma platina lightbeen pet<\/figcaption><\/figure>\n<p><strong>6.Conclus\u00e3o<\/strong><\/p>\n<p>A pel\u00edcula de holograma PET horizontal de platina metalizada sem costuras (16 microns) integra as vantagens de um design sem costuras, textura de alta qualidade, excelente desempenho de processamento e amplo \u00e2mbito de aplica\u00e7\u00e3o. Com o seu processo de produ\u00e7\u00e3o sofisticado e controlo de qualidade rigoroso, tornou-se um material importante na ind\u00fastria de embalagens de alta qualidade. N\u00e3o s\u00f3 satisfaz as necessidades est\u00e9ticas e funcionais de v\u00e1rios produtos, como tamb\u00e9m ajuda as empresas a aumentar a competitividade da sua marca.<\/p>","protected":false},"excerpt":{"rendered":"<p>Pel\u00edcula de holograma para animais de estima\u00e7\u00e3o com pilar de platina KF015A<\/p>","protected":false},"featured_media":682,"comment_status":"open","ping_status":"closed","template":"","meta":[],"product_brand":[],"product_cat":[17],"product_tag":[54,56,55],"class_list":{"0":"post-681","1":"product","2":"type-product","3":"status-publish","4":"has-post-thumbnail","6":"product_cat-holographic-film","7":"product_tag-platinum-horizontal-pet-hologram-film","8":"product_tag-platinum-lightbeen-hologram-film","9":"product_tag-platinum-pillar-light-pet-hologram-film","11":"first","12":"instock","13":"shipping-taxable","14":"product-type-simple"},"_links":{"self":[{"href":"https:\/\/www.ywjunchi.com\/pt\/wp-json\/wp\/v2\/product\/681","targetHints":{"allow":["GET"]}}],"collection":[{"href":"https:\/\/www.ywjunchi.com\/pt\/wp-json\/wp\/v2\/product"}],"about":[{"href":"https:\/\/www.ywjunchi.com\/pt\/wp-json\/wp\/v2\/types\/product"}],"replies":[{"embeddable":true,"href":"https:\/\/www.ywjunchi.com\/pt\/wp-json\/wp\/v2\/comments?post=681"}],"wp:featuredmedia":[{"embeddable":true,"href":"https:\/\/www.ywjunchi.com\/pt\/wp-json\/wp\/v2\/media\/682"}],"wp:attachment":[{"href":"https:\/\/www.ywjunchi.com\/pt\/wp-json\/wp\/v2\/media?parent=681"}],"wp:term":[{"taxonomy":"product_brand","embeddable":true,"href":"https:\/\/www.ywjunchi.com\/pt\/wp-json\/wp\/v2\/product_brand?post=681"},{"taxonomy":"product_cat","embeddable":true,"href":"https:\/\/www.ywjunchi.com\/pt\/wp-json\/wp\/v2\/product_cat?post=681"},{"taxonomy":"product_tag","embeddable":true,"href":"https:\/\/www.ywjunchi.com\/pt\/wp-json\/wp\/v2\/product_tag?post=681"}],"curies":[{"name":"wp","href":"https:\/\/api.w.org\/{rel}","templated":true}]}}