{"id":317,"date":"2026-03-17T08:59:30","date_gmt":"2026-03-17T08:59:30","guid":{"rendered":"https:\/\/www.ywjunchi.com\/?post_type=product&#038;p=317"},"modified":"2026-05-01T06:45:38","modified_gmt":"2026-05-01T06:45:38","slug":"filme-arco-iris","status":"publish","type":"product","link":"https:\/\/www.ywjunchi.com\/pt\/product\/rainbow-film\/","title":{"rendered":"Filme arco-\u00edris"},"content":{"rendered":"<h3>Pel\u00edcula PET Rainbow YWJUNCHI: Pel\u00edcula \u00f3tica de alto brilho de tamanho normal<\/h3>\n<h3>Descri\u00e7\u00e3o geral do produto: Pel\u00edcula PET Rainbow<\/h3>\n<p><strong><b>Marca<\/b><\/strong>: YIWU JUNCHI PACKAGING MATERIAL FIRM<\/p>\n<p><strong><b>Especifica\u00e7\u00e3o de base<\/b><\/strong>Pel\u00edcula \u00f3tica PET Rainbow de alto brilho<\/p>\n<p><strong><b>Tamanhos padr\u00e3o<\/b><\/strong>:<\/p>\n<p>Espessura\u00d7Largura\u00d7Comprimento:<\/p>\n<p>22\u03bcm\u00d71020mm\u00d76200m\/roll<\/p>\n<p>16\u03bcm\u00d71020mm\u00d76200m\/roll<\/p>\n<p>Op\u00e7\u00f5es de largura padr\u00e3o:635mm,1020mm,1270mm,1400mm(larguras personalizadas dispon\u00edveis)<\/p>\n<p><strong><b>Carater\u00edsticas principais<\/b><\/strong>Efeito de difra\u00e7\u00e3o de arco-\u00edris v\u00edvido, elevada transpar\u00eancia, verdadeira estrutura sem costuras<\/p>\n<p><strong><b>Experi\u00eancia de produ\u00e7\u00e3o<\/b><\/strong>Mais de 20 anos de fabrico especializado de pel\u00edculas \u00f3pticas<\/p>\n<h3>O que faz com que o filme PET Rainbow se destaque?<\/h3>\n<h4>Efeito \u00f3tico arco-\u00edris exclusivo e fabrico artesanal de precis\u00e3o<\/h4>\n<p>Criada atrav\u00e9s de tecnologia avan\u00e7ada de estiramento biaxial + difra\u00e7\u00e3o \u00f3tica, a pel\u00edcula PET arco-\u00edris da JUNCHI apresenta uma mudan\u00e7a din\u00e2mica da cor do arco-\u00edris - exibindo tons vibrantes de vermelho, laranja, amarelo, verde, azul, \u00edndigo e violeta quando exposta \u00e0 luz.O efeito \u00f3tico \u00e9 obtido atrav\u00e9s de micro-nano estruturas de superf\u00edcie (resolu\u00e7\u00e3o \u22653000dpi), garantindo uma distribui\u00e7\u00e3o uniforme da cor e uma difra\u00e7\u00e3o consistente em toda a largura da pel\u00edcula. Feita de resina PET de alta pureza, a pel\u00edcula apresenta uma transpar\u00eancia excecional (transmit\u00e2ncia de luz \u226593%) e baixa nebulosidade (\u22641,0%), permitindo que o efeito arco-\u00edris brilhe intensamente sem distor\u00e7\u00e3o.<\/p>\n<h4>Principais vantagens: Padroniza\u00e7\u00e3o e desempenho<\/h4>\n<h4><b><\/b><strong>Tamanhos estritamente padronizados:A espessura fixa de 16\u03bcm\/22\u03bcm e o comprimento de 6200m\/rolo asseguram a compatibilidade com equipamento de embalagem\/impress\u00e3o padr\u00e3o, reduzindo o tempo de ajuste da produ\u00e7\u00e3o e o desperd\u00edcio de material.M\u00faltiplas op\u00e7\u00f5es de largura (635mm-1400mm) adaptam-se a diversas necessidades de aplica\u00e7\u00e3o - desde a produ\u00e7\u00e3o de pequenos r\u00f3tulos a embalagens de grande formato.<\/strong><\/h4>\n<p><b><\/b>Propriedades f\u00edsicas superiores: Resist\u00eancia \u00e0 tra\u00e7\u00e3o \u2265210MPa (16\u03bcm) \/ \u2265230MPa (22\u03bcm), excelente estabilidade dimensional (encolhimento por calor \u22641,5% a 120 \u2103 \/ 30min) e resist\u00eancia \u00e0 umidade, \u00f3leo e radia\u00e7\u00e3o UV. A superf\u00edcie do filme \u00e9 tratada para maior capacidade de impress\u00e3o e compatibilidade de lamina\u00e7\u00e3o, suportando impress\u00e3o UV, offset e flexogr\u00e1fica.<\/p>\n<p><b><\/b>Eco-Friendly &amp; Durable:Material de base PET recicl\u00e1vel (certificado ROHS), n\u00e3o t\u00f3xico e inodoro - cumpre as normas ambientais globais para materiais de embalagem. Superf\u00edcie resistente a riscos (dureza de l\u00e1pis de n\u00edvel H) garante que o efeito arco-\u00edris permanece v\u00edvido mesmo ap\u00f3s o processamento e transporte.<\/p>\n<h4>Estrutura de camadas optimizada<\/h4>\n<p>Camada de n\u00facleo PET\u2192 Camada de difra\u00e7\u00e3o \u00f3tica micro-nano\u2192 Revestimento anti-riscos\u2192 Revestimento anti-est\u00e1tico<\/p>\n<p>Os revestimentos protectores duplos aumentam a durabilidade e a adaptabilidade de processamento, enquanto a camada de micro-nano difra\u00e7\u00e3o amplifica o efeito arco-\u00edris - garantindo uma mudan\u00e7a de cor brilhante e apelativa em todos os \u00e2ngulos de visualiza\u00e7\u00e3o (gama de visualiza\u00e7\u00e3o ampla de 120\u00b0).<\/p>\n<h3>Aplica\u00e7\u00f5es espec\u00edficas<\/h3>\n<p>Aproveitando o seu efeito arco-\u00edris v\u00edvido e tamanhos normalizados, a pel\u00edcula \u00e9 ideal para:<\/p>\n<p><b><\/b>Ind\u00fastria de embalagem: Caixas de cosm\u00e9ticos, caixas de presente, embalagens de alimentos (snacks, doces), r\u00f3tulos de bebidas, embalagens exteriores de produtos de luxo (adiciona apelo visual para se destacar nas prateleiras).<\/p>\n<p><b><\/b>Impress\u00e3o e decora\u00e7\u00e3o: autocolantes de marca, cartazes promocionais, papel de embrulho para presentes, decora\u00e7\u00f5es para festas e decora\u00e7\u00e3o no molde (IMD) para produtos electr\u00f3nicos de consumo.<\/p>\n<p><b><\/b>Artesanato &amp; Hobby:Scrapbooking, projectos de bricolage, decora\u00e7\u00f5es para festivais e laminados decorativos para papel\/cart\u00e3o.<\/p>\n<p><b><\/b>Utiliza\u00e7\u00f5es especiais: cen\u00e1rios de palco, materiais de exposi\u00e7\u00e3o e capas de livros de qualidade superior (op\u00e7\u00f5es de 1270 mm\/1400 mm de largura para aplica\u00e7\u00f5es de grande formato).<\/p>\n<h3>Porqu\u00ea escolher a pel\u00edcula PET Rainbow da YWJUNCHI?<\/h3>\n<p><b><\/b>Dimensionamento padronizado: Espessura e comprimento fixos e v\u00e1rias larguras padr\u00e3o garantem uma efici\u00eancia de produ\u00e7\u00e3o consistente e compatibilidade com o equipamento existente.<\/p>\n<p><b><\/b>Efeito arco-\u00edris v\u00edvido: a tecnologia \u00f3tica micro-nano proporciona uma mudan\u00e7a de cor brilhante e din\u00e2mica - superior \u00e0s pel\u00edculas arco-\u00edris de baixa qualidade com tonalidades fracas ou irregulares.<\/p>\n<p><b><\/b>Base PET de alta qualidade: mais de 20 anos de experi\u00eancia no fabrico de pel\u00edculas garantem uma espessura uniforme, sem bolhas e uma qualidade de superf\u00edcie impec\u00e1vel em cada rolo.<\/p>\n<p><b><\/b>Compatibilidade com v\u00e1rios processos: optimizada para impress\u00e3o, lamina\u00e7\u00e3o, corte e vinco e embalagem - uma pel\u00edcula para diversas necessidades de produ\u00e7\u00e3o.<\/p>\n<p><b><\/b>Econ\u00f3mica: A embalagem em rolos a granel (6200m\/rolo) reduz o custo unit\u00e1rio; os tamanhos normalizados minimizam o desperd\u00edcio durante o processamento.<\/p>\n<h3>Destaques das FAQ (Guia completo dispon\u00edvel mediante pedido)<\/h3>\n<p><b><\/b><strong>Qual \u00e9 a diferen\u00e7a entre 16\u03bcm e 22\u03bcm de espessura?<\/strong><\/p>\n<p>16\u03bcm: Mais leve, mais flex\u00edvel - ideal para etiquetas, inv\u00f3lucros e embalagens finas.<\/p>\n<p>22\u03bcm: Mais espesso, mais dur\u00e1vel - adequado para embalagens pesadas, laminados decorativos e aplica\u00e7\u00f5es que exigem maior estabilidade estrutural.<\/p>\n<p><b><\/b><strong><b>Pode ser laminado com papel ou outros materiais?<\/b><\/strong><\/p>\n<p>Sim. Excelente for\u00e7a de liga\u00e7\u00e3o com substratos de papel, cart\u00e3o e pl\u00e1stico; suporta processos de lamina\u00e7\u00e3o a quente e a frio.<\/p>\n<p><b><\/b><strong><b>O efeito arco-\u00edris \u00e9 resistente ao desbotamento?<\/b><\/strong><\/p>\n<p>Sim, o revestimento resistente aos raios UV evita a descolora\u00e7\u00e3o da cor, garantindo que o efeito arco-\u00edris se mant\u00e9m vivo durante mais de 1 ano em condi\u00e7\u00f5es normais de armazenamento.<\/p>\n<h3>Contacte-nos hoje!<\/h3>\n<p>Eleve os seus produtos com o apelo v\u00edvido e apelativo da pel\u00edcula PET Rainbow da YWJUNCHI - tamanhos normalizados, qualidade superior e efeitos \u00f3pticos din\u00e2micos adaptados \u00e0s suas necessidades de embalagem e decora\u00e7\u00e3o.<\/p>\n<p><em><i>Pel\u00edcula PET Rainbow YWJUNCHI - Onde a cor viva encontra a excel\u00eancia normalizada!<\/i><\/em><\/p>","protected":false},"excerpt":{"rendered":"<p>YWJUNCHI PET Rainbow Film: Standard Size High-Gloss Optical Film Product Overview: PET Rainbow Film Brand: YIWU JUNCHI PACKAGING MATERIAL FIRM Core Specification:High-Gloss PET Rainbow Optical Film Standard Sizes: Thickness\u00d7Width\u00d7Length: 22\u03bcm\u00d71020mm\u00d76200m\/roll 16\u03bcm\u00d71020mm\u00d76200m\/roll Standard Width Options:635mm,1020mm,1270mm,1400mm(custom widths available) Key Feature:Vivid rainbow diffraction effect,high transparency,true seamless structure Production Experience:20+ Years of Specialized Optical Film Manufacturing What Makes PET [&hellip;]<\/p>\n","protected":false},"featured_media":384,"comment_status":"open","ping_status":"closed","template":"","meta":[],"product_brand":[],"product_cat":[29],"product_tag":[65],"class_list":{"0":"post-317","1":"product","2":"type-product","3":"status-publish","4":"has-post-thumbnail","6":"product_cat-products","7":"product_tag-pet-rainbow-film","9":"first","10":"instock","11":"shipping-taxable","12":"product-type-simple"},"_links":{"self":[{"href":"https:\/\/www.ywjunchi.com\/pt\/wp-json\/wp\/v2\/product\/317","targetHints":{"allow":["GET"]}}],"collection":[{"href":"https:\/\/www.ywjunchi.com\/pt\/wp-json\/wp\/v2\/product"}],"about":[{"href":"https:\/\/www.ywjunchi.com\/pt\/wp-json\/wp\/v2\/types\/product"}],"replies":[{"embeddable":true,"href":"https:\/\/www.ywjunchi.com\/pt\/wp-json\/wp\/v2\/comments?post=317"}],"wp:featuredmedia":[{"embeddable":true,"href":"https:\/\/www.ywjunchi.com\/pt\/wp-json\/wp\/v2\/media\/384"}],"wp:attachment":[{"href":"https:\/\/www.ywjunchi.com\/pt\/wp-json\/wp\/v2\/media?parent=317"}],"wp:term":[{"taxonomy":"product_brand","embeddable":true,"href":"https:\/\/www.ywjunchi.com\/pt\/wp-json\/wp\/v2\/product_brand?post=317"},{"taxonomy":"product_cat","embeddable":true,"href":"https:\/\/www.ywjunchi.com\/pt\/wp-json\/wp\/v2\/product_cat?post=317"},{"taxonomy":"product_tag","embeddable":true,"href":"https:\/\/www.ywjunchi.com\/pt\/wp-json\/wp\/v2\/product_tag?post=317"}],"curies":[{"name":"wp","href":"https:\/\/api.w.org\/{rel}","templated":true}]}}