{"id":299,"date":"2026-03-17T08:36:17","date_gmt":"2026-03-17T08:36:17","guid":{"rendered":"https:\/\/www.ywjunchi.com\/?post_type=product&#038;p=299"},"modified":"2026-05-05T01:53:58","modified_gmt":"2026-05-05T01:53:58","slug":"k209a-pelicula-holografica-sem-soldadura-para-animais-de-estimacao","status":"publish","type":"product","link":"https:\/\/www.ywjunchi.com\/pt\/product\/k209a-seamless-pet-hologram-film\/","title":{"rendered":"K209A pel\u00edcula de holograma sem soldadura para animais de estima\u00e7\u00e3o"},"content":{"rendered":"<h3>YWJUNCHI K209A Pel\u00edcula hologr\u00e1fica PET sem costuras com pilar horizontal pequeno: design de precis\u00e3o com espa\u00e7amento de 2,5 cm<\/h3>\n<p><strong><b>Especifica\u00e7\u00e3o de base<\/b><\/strong>: S\u00e9rie K209A (design de holograma de luz de pilar horizontal pequeno, SC01)<\/p>\n<p><strong><b>Par\u00e2metros-chave<\/b><\/strong>:<\/p>\n<p>Largura m\u00e1xima da Master: 900 mm (optimizada para a produ\u00e7\u00e3o de embalagens e etiquetas padr\u00e3o)<\/p>\n<p>Dist\u00e2ncia da luz do pilar: 2,5 cm (uniformemente espa\u00e7ada para um conjunto de luzes horizontais delicadas e de alta densidade).<\/p>\n<p>Produto final:Pel\u00edcula hologr\u00e1fica PET sem costura<\/p>\n<p>Efeitos principais:Op\u00e7\u00f5es de lamina\u00e7\u00e3o e transfer\u00eancia<\/p>\n<p>Experi\u00eancia de produ\u00e7\u00e3o:Mais de 20 anos de fabrico especializado de pel\u00edcula hologr\u00e1fica<\/p>\n<figure id=\"attachment_583\" aria-describedby=\"caption-attachment-583\" style=\"width: 800px\" class=\"wp-caption alignnone\"><img fetchpriority=\"high\" decoding=\"async\" class=\"size-full wp-image-583\" src=\"https:\/\/www.ywjunchi.com\/wp-content\/uploads\/2026\/03\/005-2.jpg\" alt=\"K209A Pel\u00edcula de holograma para animais de estima\u00e7\u00e3o sem costuras com 2,5 cm de luz de pilar\" width=\"800\" height=\"800\" srcset=\"https:\/\/www.ywjunchi.com\/wp-content\/uploads\/2026\/03\/005-2.jpg 800w, https:\/\/www.ywjunchi.com\/wp-content\/uploads\/2026\/03\/005-2-300x300.jpg 300w, https:\/\/www.ywjunchi.com\/wp-content\/uploads\/2026\/03\/005-2-100x100.jpg 100w, https:\/\/www.ywjunchi.com\/wp-content\/uploads\/2026\/03\/005-2-600x600.jpg 600w, https:\/\/www.ywjunchi.com\/wp-content\/uploads\/2026\/03\/005-2-150x150.jpg 150w, https:\/\/www.ywjunchi.com\/wp-content\/uploads\/2026\/03\/005-2-768x768.jpg 768w\" sizes=\"(max-width: 800px) 100vw, 800px\" \/><figcaption id=\"caption-attachment-583\" class=\"wp-caption-text\">K209A Pel\u00edcula de holograma para animais de estima\u00e7\u00e3o sem costuras com 2,5 cm de luz de pilar<\/figcaption><\/figure>\n<h3>O que faz da K209A uma solu\u00e7\u00e3o de luz de pilar horizontal pequena de destaque?<\/h3>\n<h4>Design exclusivo de candeeiros horizontais pequenos para colunas e fabrico de precis\u00e3o<\/h4>\n<p>Criado atrav\u00e9s de uma tecnologia avan\u00e7ada de grava\u00e7\u00e3o hologr\u00e1fica em conformidade com a norma de qualidade de pel\u00edcula de holograma GB\/T 23808, o K209A apresenta padr\u00f5es de luz de pilares horizontais pequenos e requintados com um espa\u00e7amento uniforme de 2,5 cm, criando um efeito de \u201cconjunto de barras de luz horizontais\u201d denso e delicado que exala eleg\u00e2ncia e modernidade.A orienta\u00e7\u00e3o horizontal melhora a perce\u00e7\u00e3o da largura do produto nas prateleiras, enquanto o espa\u00e7amento de 2,5 cm \u00e9 optimizado para visualiza\u00e7\u00e3o a curta dist\u00e2ncia, assegurando que cada min\u00fasculo pilar de luz horizontal \u00e9 n\u00edtido, tridimensional e sem costuras (verdadeira estrutura sem costuras). Aproveitando os princ\u00edpios hologr\u00e1ficos reflectores, a pel\u00edcula proporciona efeitos de luz brilhantes e v\u00edvidos com um \u00e2ngulo de visualiza\u00e7\u00e3o amplo de mais de 120\u00b0, permitindo que o brilho da luz do pilar horizontal seja claramente observado a partir de m\u00faltiplas perspectivas.<\/p>\n<h4>Principais vantagens: Desempenho e anti-contrafa\u00e7\u00e3o<\/h4>\n<p><b><\/b>1,Anti-contrafa\u00e7\u00e3o superior O padr\u00e3o de luz de pilar horizontal pequeno e \u00fanico + estrutura hologr\u00e1fica de alta resolu\u00e7\u00e3o (\u22654000dpi) formam uma barreira dupla anti-contrafa\u00e7\u00e3o.O espa\u00e7amento preciso de 2,5 cm + orienta\u00e7\u00e3o horizontal \u00e9 dif\u00edcil de reproduzir sem equipamento de moldagem especializado, e a pel\u00edcula suporta elementos de seguran\u00e7a adicionais (texto micro-impresso, imagens latentes) em conformidade com as normas nacionais anti-falsifica\u00e7\u00e3o. Sob luz natural, os pilares horizontais apresentam efeitos din\u00e2micos de interfer\u00eancia do arco-\u00edris (gama de comprimentos de onda de 430-670 nm) para uma verifica\u00e7\u00e3o intuitiva da autenticidade.<\/p>\n<p><b><\/b>2, Excel\u00eancia em Material PET: Feito de PET de grau \u00f3tico com transmit\u00e2ncia de luz \u226592% e neblina \u22641.2% - garantindo alta clareza e visibilidade do efeito de luz do pilar horizontal. o filme possui excelente estabilidade dimensional, resist\u00eancia \u00e0 tra\u00e7\u00e3o \u2265210MPa e resist\u00eancia \u00e0 eros\u00e3o da tinta, vapor de \u00e1gua e altas temperaturas (suporta processos de lamina\u00e7\u00e3o \/ impress\u00e3o de 100-120 \u2103).<\/p>\n<p><b><\/b>3, Efici\u00eancia de produ\u00e7\u00e3o: largura de 900 mm se encaixa em tamanhos de folha de embalagem padr\u00e3o, reduzindo o desperd\u00edcio de material em 12% em compara\u00e7\u00e3o com larguras n\u00e3o personalizadas. Propriedades antiest\u00e1ticas (resist\u00eancia de superf\u00edcie \u226410\u00b9\u2070\u03a9) evitam o ac\u00famulo de poeira durante o processamento, garantindo uma produ\u00e7\u00e3o suave de alta velocidade.<\/p>\n<figure id=\"attachment_585\" aria-describedby=\"caption-attachment-585\" style=\"width: 800px\" class=\"wp-caption alignnone\"><img decoding=\"async\" class=\"size-full wp-image-585\" src=\"https:\/\/www.ywjunchi.com\/wp-content\/uploads\/2026\/03\/005-4.jpg\" alt=\"K209A Pel\u00edcula de holograma para animais de estima\u00e7\u00e3o metalizada com luz de pilar de 2,5 cm\" width=\"800\" height=\"800\" srcset=\"https:\/\/www.ywjunchi.com\/wp-content\/uploads\/2026\/03\/005-4.jpg 800w, https:\/\/www.ywjunchi.com\/wp-content\/uploads\/2026\/03\/005-4-300x300.jpg 300w, https:\/\/www.ywjunchi.com\/wp-content\/uploads\/2026\/03\/005-4-100x100.jpg 100w, https:\/\/www.ywjunchi.com\/wp-content\/uploads\/2026\/03\/005-4-600x600.jpg 600w, https:\/\/www.ywjunchi.com\/wp-content\/uploads\/2026\/03\/005-4-150x150.jpg 150w, https:\/\/www.ywjunchi.com\/wp-content\/uploads\/2026\/03\/005-4-768x768.jpg 768w\" sizes=\"(max-width: 800px) 100vw, 800px\" \/><figcaption id=\"caption-attachment-585\" class=\"wp-caption-text\">K209A Pel\u00edcula de holograma para animais de estima\u00e7\u00e3o metalizada com luz de pilar de 2,5 cm<\/figcaption><\/figure>\n<h4>Estrutura de camadas optimizada (n\u00facleo PET sem costuras)<\/h4>\n<p>Camada de cobertura opaca\u2192Camada met\u00e1lica de elevada refletividade\u2192Camada de n\u00facleo em PET\u2192Camada com relevo hologr\u00e1fico de pequeno pilar horizontal\u2192Revestimento resistente a riscos<\/p>\n<p>O revestimento resistente a riscos (dureza de l\u00e1pis de n\u00edvel H) aumenta a durabilidade, enquanto a camada de elevada refletividade amplifica o brilho da pequena luz de pilar horizontal, fazendo com que os produtos se destaquem nas prateleiras das lojas com um efeito visual elegante e expansivo.<\/p>\n<h3>Aplica\u00e7\u00f5es espec\u00edficas<\/h3>\n<p>Ideal para clientes que procuram efeitos hologr\u00e1ficos delicados e orientados para a horizontal:<\/p>\n<p>1, Embalagem Premium: Caixas de cosm\u00e9ticos, embalagens de perfumes, caixas de presente de luxo, recipientes para alimentos e bebidas de alta qualidade (os pilares horizontais complementam a largura do produto e o design elegante).<\/p>\n<p>2,Produ\u00e7\u00e3o de etiquetas:Etiquetas autocolantes anti-contrafa\u00e7\u00e3o, etiquetas de produtos de marca, etiquetas de seguran\u00e7a (o efeito de luz horizontal subtil n\u00e3o sobrecarrega o texto\/logotipos das etiquetas).<\/p>\n<p>3,Produtos laminados:Lamina\u00e7\u00e3o de papel para cat\u00e1logos de alta qualidade, capas de livros e sacos de papel de marca (o conjunto de luz horizontal acrescenta luxo t\u00e1til e visual).<\/p>\n<figure id=\"attachment_581\" aria-describedby=\"caption-attachment-581\" style=\"width: 800px\" class=\"wp-caption alignnone\"><img decoding=\"async\" class=\"size-full wp-image-581\" src=\"https:\/\/www.ywjunchi.com\/wp-content\/uploads\/2026\/03\/005-1.jpg\" alt=\"K209A Pel\u00edcula hologr\u00e1fica sem costuras para animais de estima\u00e7\u00e3o com 2,5 cm de luz de pilar\" width=\"800\" height=\"800\" srcset=\"https:\/\/www.ywjunchi.com\/wp-content\/uploads\/2026\/03\/005-1.jpg 800w, https:\/\/www.ywjunchi.com\/wp-content\/uploads\/2026\/03\/005-1-300x300.jpg 300w, https:\/\/www.ywjunchi.com\/wp-content\/uploads\/2026\/03\/005-1-100x100.jpg 100w, https:\/\/www.ywjunchi.com\/wp-content\/uploads\/2026\/03\/005-1-600x600.jpg 600w, https:\/\/www.ywjunchi.com\/wp-content\/uploads\/2026\/03\/005-1-150x150.jpg 150w, https:\/\/www.ywjunchi.com\/wp-content\/uploads\/2026\/03\/005-1-768x768.jpg 768w\" sizes=\"(max-width: 800px) 100vw, 800px\" \/><figcaption id=\"caption-attachment-581\" class=\"wp-caption-text\">K209A Pel\u00edcula hologr\u00e1fica sem costuras para animais de estima\u00e7\u00e3o com 2,5 cm de luz de pilar<\/figcaption><\/figure>\n<h3>Porqu\u00ea escolher a YWJUNCHI K209A?<\/h3>\n<p><b><\/b>1, Apelo Visual Horizontal \u00danico:Pequenos pilares horizontais espa\u00e7ados de 2,5 cm oferecem um efeito de conjunto de luz delicado e expansivo - diferenciando-se das pel\u00edculas de feixe vertical (por exemplo, Z25) e dos designs de luz de pilar mais espa\u00e7ados.<\/p>\n<p><b><\/b>2, Qualidade em conformidade com a norma: Cumpre as normas GB\/T 23808 da pel\u00edcula hologr\u00e1fica anti-contrafa\u00e7\u00e3o, garantindo fiabilidade para a prote\u00e7\u00e3o da marca.<\/p>\n<p><b><\/b>3, Especializa\u00e7\u00e3o em PET: Focado em material PET sem costura para um desempenho est\u00e1vel e compatibilidade ambiental (compat\u00edvel com ROHS, halog\u00e9neo, recicl\u00e1vel).<\/p>\n<p><b><\/b>4,Fabrico de precis\u00e3o:Mais de 20 anos de experi\u00eancia garantem um espa\u00e7amento uniforme dos pilares horizontais, um padr\u00e3o sem costuras e uma qualidade consistente em todos os lotes.<\/p>\n<p><b><\/b>5, Suporte de personaliza\u00e7\u00e3o: espessura ajust\u00e1vel (16\u03bcm), tonalidade de cor (prata, ouro, personalizado) e integra\u00e7\u00e3o de elemento de seguran\u00e7a opcional.<\/p>\n<figure id=\"attachment_582\" aria-describedby=\"caption-attachment-582\" style=\"width: 800px\" class=\"wp-caption alignnone\"><img loading=\"lazy\" decoding=\"async\" class=\"size-full wp-image-582\" src=\"https:\/\/www.ywjunchi.com\/wp-content\/uploads\/2026\/03\/005-3.jpg\" alt=\"K209A Pel\u00edcula de holograma para animais de estima\u00e7\u00e3o sem costuras com 2,5 cm de luz de pilar\" width=\"800\" height=\"800\" srcset=\"https:\/\/www.ywjunchi.com\/wp-content\/uploads\/2026\/03\/005-3.jpg 800w, https:\/\/www.ywjunchi.com\/wp-content\/uploads\/2026\/03\/005-3-300x300.jpg 300w, https:\/\/www.ywjunchi.com\/wp-content\/uploads\/2026\/03\/005-3-100x100.jpg 100w, https:\/\/www.ywjunchi.com\/wp-content\/uploads\/2026\/03\/005-3-600x600.jpg 600w, https:\/\/www.ywjunchi.com\/wp-content\/uploads\/2026\/03\/005-3-150x150.jpg 150w, https:\/\/www.ywjunchi.com\/wp-content\/uploads\/2026\/03\/005-3-768x768.jpg 768w\" sizes=\"(max-width: 800px) 100vw, 800px\" \/><figcaption id=\"caption-attachment-582\" class=\"wp-caption-text\">K209A Pel\u00edcula de holograma para animais de estima\u00e7\u00e3o sem costuras com 2,5 cm de luz de pilar<\/figcaption><\/figure>\n<h3>Destaques das FAQ (Guia completo dispon\u00edvel mediante pedido)<\/h3>\n<p>Qual \u00e9 a vantagem do design de luz de pilar horizontal? Cria um efeito visual elegante e expansivo que melhora a perce\u00e7\u00e3o da largura do produto - perfeito para embalagens de qualidade superior que necessitem de uma holografia subtil mas apelativa.<\/p>\n<p>Pode ser utilizado para impress\u00e3o UV\/offset? Sim, a superf\u00edcie lisa aceita tintas UV e offset com forte ader\u00eancia, sem distor\u00e7\u00e3o do efeito de luz do pilar horizontal.<\/p>\n<p>Qual \u00e9 a diferen\u00e7a entre o K209A e o Z28 (holograma de feixe horizontal)?<\/p>\n<table>\n<tbody>\n<tr>\n<td width=\"184\">Modelo<\/td>\n<td width=\"184\">Tipo de desenho<\/td>\n<td width=\"184\">Orienta\u00e7\u00e3o do pilar\/viga<\/td>\n<td width=\"184\">Espa\u00e7amento<\/td>\n<td width=\"184\">Largura<\/td>\n<td width=\"184\">Ponto forte<\/td>\n<\/tr>\n<tr>\n<td width=\"184\">K209A<\/td>\n<td width=\"184\">Luz de pilar pequena<\/td>\n<td width=\"184\">Horizontal<\/td>\n<td width=\"184\">2,5 cm (dist\u00e2ncia de luz densa)<\/td>\n<td width=\"184\">900 mm<\/td>\n<td width=\"184\">Est\u00e9tica delicada e expansiva<\/td>\n<\/tr>\n<tr>\n<td width=\"184\">Z28<\/td>\n<td width=\"184\">Feixe de luz horizontal<\/td>\n<td width=\"184\">Horizontal<\/td>\n<td width=\"184\">5 cm (dist\u00e2ncia entre a luz e o espa\u00e7o)<\/td>\n<td width=\"184\">890 mm<\/td>\n<td width=\"184\">Destaque para as prateleiras em negrito, que aumentam a altura<\/td>\n<\/tr>\n<\/tbody>\n<\/table>\n<p>&nbsp;<\/p>\n<p>Eleve a sua marca com o requintado efeito hologr\u00e1fico de luz de pilar horizontal pequeno do K209A - a YWJUNCHI fornece solu\u00e7\u00f5es PET sem costura, anti-contrafa\u00e7\u00e3o e fabricadas com precis\u00e3o, adaptadas \u00e0s suas necessidades de embalagens de qualidade superior.<\/p>\n<p><em><i>YWJUNCHI K209A - Onde a delicada luz de pilar horizontal se encontra com a excel\u00eancia da embalagem!<\/i><\/em><\/p>","protected":false},"excerpt":{"rendered":"<p>K209A pel\u00edcula de holograma para animais de estima\u00e7\u00e3o com luz de pilar horizontal pequena, 2,5 cm de luz, largura m\u00e1xima de 900 mm.<\/p>","protected":false},"featured_media":581,"comment_status":"open","ping_status":"closed","template":"","meta":[],"product_brand":[],"product_cat":[17],"product_tag":[50,75],"class_list":{"0":"post-299","1":"product","2":"type-product","3":"status-publish","4":"has-post-thumbnail","6":"product_cat-holographic-film","7":"product_tag-2-5cm-pillar-light-hologram-film","8":"product_tag-sc01-hologram-film","10":"first","11":"instock","12":"shipping-taxable","13":"product-type-simple"},"_links":{"self":[{"href":"https:\/\/www.ywjunchi.com\/pt\/wp-json\/wp\/v2\/product\/299","targetHints":{"allow":["GET"]}}],"collection":[{"href":"https:\/\/www.ywjunchi.com\/pt\/wp-json\/wp\/v2\/product"}],"about":[{"href":"https:\/\/www.ywjunchi.com\/pt\/wp-json\/wp\/v2\/types\/product"}],"replies":[{"embeddable":true,"href":"https:\/\/www.ywjunchi.com\/pt\/wp-json\/wp\/v2\/comments?post=299"}],"wp:featuredmedia":[{"embeddable":true,"href":"https:\/\/www.ywjunchi.com\/pt\/wp-json\/wp\/v2\/media\/581"}],"wp:attachment":[{"href":"https:\/\/www.ywjunchi.com\/pt\/wp-json\/wp\/v2\/media?parent=299"}],"wp:term":[{"taxonomy":"product_brand","embeddable":true,"href":"https:\/\/www.ywjunchi.com\/pt\/wp-json\/wp\/v2\/product_brand?post=299"},{"taxonomy":"product_cat","embeddable":true,"href":"https:\/\/www.ywjunchi.com\/pt\/wp-json\/wp\/v2\/product_cat?post=299"},{"taxonomy":"product_tag","embeddable":true,"href":"https:\/\/www.ywjunchi.com\/pt\/wp-json\/wp\/v2\/product_tag?post=299"}],"curies":[{"name":"wp","href":"https:\/\/api.w.org\/{rel}","templated":true}]}}