{"id":295,"date":"2026-03-17T08:27:51","date_gmt":"2026-03-17T08:27:51","guid":{"rendered":"https:\/\/www.ywjunchi.com\/?post_type=product&#038;p=295"},"modified":"2026-05-01T07:45:02","modified_gmt":"2026-05-01T07:45:02","slug":"dw03-h42-pelicula-holografica","status":"publish","type":"product","link":"https:\/\/www.ywjunchi.com\/pt\/product\/dw03-h42-holographic-film\/","title":{"rendered":"Pel\u00edcula hologr\u00e1fica DW03 H42"},"content":{"rendered":"<h3>DW03 Pel\u00edcula hologr\u00e1fica fina e sem costura (material duplo PET\/PVC)<\/h3>\n<p><strong><b>Fabrico<\/b><\/strong>:MATERIAL DE EMBALAGEM YIWU JUNCHI<\/p>\n<p><strong><b>Especifica\u00e7\u00e3o de base<\/b><\/strong>: S\u00e9rie DW03(Zhongjia H42 Master+K LASER KP12 Technology,Finesand Hologram Design,C121,S004)<\/p>\n<p><strong><b>Par\u00e2metros-chave<\/b><\/strong>:<\/p>\n<p>1, Largura m\u00e1xima principal: 1090 mm (ultra-larga para produ\u00e7\u00e3o de grande formato, minimizando a emenda)<\/p>\n<p>2,Produtos finais:Pel\u00edcula hologr\u00e1fica de PET sem costura+Pel\u00edcula hologr\u00e1fica de PVC sem costura<\/p>\n<p>3,Utiliza\u00e7\u00f5es principais:Etiquetas anti-contrafa\u00e7\u00e3o, embalagens premium (caixas de cosm\u00e9ticos, embalagens de produtos qu\u00edmicos di\u00e1rios), lamina\u00e7\u00e3o de papel, impress\u00e3o UV\/offset<\/p>\n<p><strong><b>Efeitos principais<\/b><\/strong>:Op\u00e7\u00f5es de lamina\u00e7\u00e3o e transfer\u00eancia<\/p>\n<p><strong><b>Experi\u00eancia de produ\u00e7\u00e3o<\/b><\/strong>Mais de 20 anos de fabrico especializado de pel\u00edcula hologr\u00e1fica<\/p>\n<h3>O que faz do DW03 uma escolha Premium Finesand Holographic?<\/h3>\n<h4>Design exclusivo Finesand e tecnologia Dual-Master<\/h4>\n<p>Criada atrav\u00e9s da placa-mestra de precis\u00e3o Zhongjia H42 + grava\u00e7\u00e3o hologr\u00e1fica K LASER KP12, a s\u00e9rie DW03 apresenta padr\u00f5es hologr\u00e1ficos ultrafinos, semelhantes a areia - uma textura subtil mas marcante que imita a areia fina natural, proporcionando um efeito visual h\u00edbrido mate-brilhante de qualidade superior.O design de mestre duplo combina a est\u00e9tica de textura cl\u00e1ssica da Zhongjia com a tecnologia avan\u00e7ada de interfer\u00eancia de luz da K LASER, assegurando que cada detalhe semelhante a um gr\u00e3o de areia \u00e9 n\u00edtido, tridimensional e sem falhas em toda a largura de 1090 mm.<\/p>\n<h4>Vantagens principais: Textura de areia fina + versatilidade de material duplo<\/h4>\n<p><b><\/b><strong><b>Desempenho superior no combate \u00e0 contrafa\u00e7\u00e3o<\/b><\/strong>:<\/p>\n<p>Para al\u00e9m da barreira visual \u00fanica, a pel\u00edcula integra elementos de seguran\u00e7a ocultos: blocos de encripta\u00e7\u00e3o activ\u00e1veis por laser (vis\u00edveis sob laser de comprimento de onda de 532 nm) e texto micro-impresso (largura de linha\u22644\u03bcm). A disposi\u00e7\u00e3o irregular dos micro-pix\u00e9is \u00e9 quase imposs\u00edvel de reproduzir - mesmo com equipamento de contrafa\u00e7\u00e3o avan\u00e7ado - cumprindo as normas hologr\u00e1ficas anti-contrafa\u00e7\u00e3o GB\/T 17000-2009.<\/p>\n<p><b><\/b><strong><b>Compatibilidade de material duplo<\/b><\/strong>:<\/p>\n<p><b><\/b>1, vers\u00e3o PET: Eco-friendly (certificado ROHS), excelente estabilidade dimensional e resist\u00eancia ao calor (suporta 120 \u2103 \/ 30min de cozimento). ideal para caixas de cosm\u00e9ticos premium, embalagens de contato com alimentos e aplica\u00e7\u00f5es de interrutor de filme pl\u00e1stico0boasts resist\u00eancia \u00e0 tra\u00e7\u00e3o\u2265220MPa e resist\u00eancia ao desgaste Taber (1000 ciclos, aumento de neblina\u22642%) .<\/p>\n<p><b><\/b>2, Vers\u00e3o PVC: Flexibilidade superior (f\u00e1cil de cortar para etiquetas) e adaptabilidade de impress\u00e3o (energia de superf\u00edcie \u226539mN\/m), compat\u00edvel com impress\u00e3o UV, offset e serigr\u00e1fica. Perfeito para etiquetas autocolantes, embalagens decorativas e aplica\u00e7\u00f5es de pel\u00edcula retr\u00e1til - resistente a \u00f3leos e produtos qu\u00edmicos. .<\/p>\n<p>Ambas as vers\u00f5es apresentam verdadeiras estruturas sem costuras, eliminando quebras de padr\u00e3o na produ\u00e7\u00e3o de grandes formatos.<\/p>\n<h4>Estrutura e desempenho da camada espec\u00edficos do material<\/h4>\n<h5>Pel\u00edcula de areia fina PET (Premium e duradoura)<\/h5>\n<p>1,Composi\u00e7\u00e3o das camadas (de baixo para cima):Camada de cobertura opaca\u2192Camada de metal de alta refletividade\u2192Camada de n\u00facleo PET\u2192Camada de relevo fino e hologr\u00e1fico\u2192Revestimento resistente aos riscos<\/p>\n<p>2, desempenho chave: transmit\u00e2ncia de luz \u226592%, neblina \u22641.0%, antiest\u00e1tico (resist\u00eancia de superf\u00edcie\u226410\u00b9\u2070\u03a9) e excelente ades\u00e3o de tinta para impress\u00e3o UV \/ digital. .<\/p>\n<h5>Pel\u00edcula fina de PVC (flex\u00edvel e de f\u00e1cil impress\u00e3o)<\/h5>\n<p>1,Composi\u00e7\u00e3o das camadas (de baixo para cima):Camada pronta a colar\u2192Camada reflectora\u2192Camada de n\u00facleo de PVC\u2192Camada de relevo fino e hologr\u00e1fico\u2192Revestimento anti-ades\u00e3o<\/p>\n<p>2, desempenho principal: textura macia (m\u00f3dulo de flex\u00e3o \u22642500MPa), f\u00e1cil corte e vinco e compatibilidade com tintas \u00e0 base de solvente - ideal para r\u00f3tulos e embalagens de formato complexo. .<\/p>\n<h3>Aplica\u00e7\u00f5es espec\u00edficas<\/h3>\n<p><b><\/b><strong><b>1,Solu\u00e7\u00f5es anti-contrafa\u00e7\u00e3o<\/b><\/strong>R\u00f3tulos de alta seguran\u00e7a para produtos farmac\u00eauticos, artigos de luxo e produtos qu\u00edmicos di\u00e1rios de marca (finos e textura + blocos de encripta\u00e7\u00e3o ocultos).<\/p>\n<p><b><\/b><strong><b>2,Embalagem Premium<\/b><\/strong>Caixas de cosm\u00e9ticos, caixas de pasta de dentes, caixas de vinho e caixas de presente de grande formato (1090 mm de largura adaptam-se a tamanhos de folha padr\u00e3o sem emenda).<\/p>\n<p><b><\/b><strong><b>3,Materiais impressos<\/b><\/strong>Sacos de papel laminado, capas de cat\u00e1logos e cartazes promocionais (a textura fina e fina acrescenta luxo t\u00e1til ao design visual).<\/p>\n<p><b><\/b><strong><b>4,Utiliza\u00e7\u00f5es especiais<\/b><\/strong>Interruptores de pel\u00edcula, pain\u00e9is de controlo remoto e processos IMD (decora\u00e7\u00e3o no molde) (a resist\u00eancia ao desgaste da vers\u00e3o PET cumpre os requisitos de 500k+ da prensa de teclas). .<\/p>\n<h3>Porqu\u00ea escolher o YWJUNCHI DW03?<\/h3>\n<p><b><\/b>Est\u00e9tica fina e \u00fanica: A textura subtil, mas distinta, diferencia os produtos das pel\u00edculas hologr\u00e1ficas normais - ideal para marcas de qualidade superior.<\/p>\n<p><b><\/b>Efici\u00eancia ultra-larga: A largura m\u00e1xima de 1090 mm reduz o desperd\u00edcio de material em 25% em compara\u00e7\u00e3o com as pel\u00edculas de 800-900 mm, reduzindo os custos de produ\u00e7\u00e3o.<\/p>\n<p><b><\/b>Flexibilidade de material duplo: op\u00e7\u00f5es PET\/PVC para satisfazer os requisitos ambientais, de desempenho e de custos.<\/p>\n<p><b><\/b>Tecnologia patenteada anti-contrafa\u00e7\u00e3o: a estrutura irregular dos micro-pix\u00e9is e os blocos de encripta\u00e7\u00e3o ocultos criam uma barreira t\u00e9cnica elevada contra a contrafa\u00e7\u00e3o.<\/p>\n<p><b><\/b>Suporte de personaliza\u00e7\u00e3o: Espessura ajust\u00e1vel (filme hologr\u00e1fico PET: 16-50\u03bcm; filme hologr\u00e1fico de PVC 50\u03bcm; filme hologr\u00e1fico BOPP 18 m\u00edcrons), cor prata metalizada e integra\u00e7\u00e3o de elementos de criptografia.<\/p>\n<h3>FAQ?<\/h3>\n<p>Qual \u00e9 a vantagem da textura fina? Oferece um acabamento de qualidade superior, n\u00e3o ofuscante, que complementa as embalagens topo de gama - evita o aspeto \u201cdemasiado chamativo\u201d das pel\u00edculas hologr\u00e1ficas tradicionais.<\/p>\n<p>O padr\u00e3o de areia fina pode ser personalizado? Sim, suporta densidade de micro-pixel espec\u00edfica da marca e correspond\u00eancia de cores.<\/p>\n<p>Em que \u00e9 que o DW03 difere do DW04?<\/p>\n<table>\n<tbody>\n<tr>\n<td width=\"184\">Modelo<\/td>\n<td width=\"184\">Conce\u00e7\u00e3o principal<\/td>\n<td width=\"184\">Largura<\/td>\n<td width=\"184\">Textura<\/td>\n<td width=\"184\">Ponto forte<\/td>\n<\/tr>\n<tr>\n<td width=\"184\">DW03<\/td>\n<td width=\"184\">Zhongjia H42 + K LASER KP12<\/td>\n<td width=\"184\">1090 mm<\/td>\n<td width=\"184\">Finesand (Micro-Pixel)<\/td>\n<td width=\"184\">Encripta\u00e7\u00e3o t\u00e1til e oculta de qualidade superior<\/td>\n<\/tr>\n<tr>\n<td width=\"184\">DW04<\/td>\n<td width=\"184\">Zhongjia H36 + K LASER HP59<\/td>\n<td width=\"184\">1020mm<\/td>\n<td width=\"184\">Hologr\u00e1fico din\u00e2mico<\/td>\n<td width=\"184\">Versatilidade de material duplo<\/td>\n<\/tr>\n<\/tbody>\n<\/table>\n<p>Eleve a sua marca com os finos de primeira qualidade e o efeito hologr\u00e1fico da DW03 - a YWJUNCHI oferece seguran\u00e7a anti-contrafa\u00e7\u00e3o, flexibilidade de dois materiais e efici\u00eancia de produ\u00e7\u00e3o ultra-ampla adaptada \u00e0s suas necessidades.<\/p>","protected":false},"excerpt":{"rendered":"<p>DW03 finesand seamless holographic film, outro nome KP12, Largura m\u00e1xima 1090mm.<\/p>","protected":false},"featured_media":401,"comment_status":"open","ping_status":"closed","template":"","meta":[],"product_brand":[],"product_cat":[17],"product_tag":[73,67,74],"class_list":{"0":"post-295","1":"product","2":"type-product","3":"status-publish","4":"has-post-thumbnail","6":"product_cat-holographic-film","7":"product_tag-c121","8":"product_tag-kp12-holographic-film","9":"product_tag-s004","11":"first","12":"instock","13":"shipping-taxable","14":"product-type-simple"},"_links":{"self":[{"href":"https:\/\/www.ywjunchi.com\/pt\/wp-json\/wp\/v2\/product\/295","targetHints":{"allow":["GET"]}}],"collection":[{"href":"https:\/\/www.ywjunchi.com\/pt\/wp-json\/wp\/v2\/product"}],"about":[{"href":"https:\/\/www.ywjunchi.com\/pt\/wp-json\/wp\/v2\/types\/product"}],"replies":[{"embeddable":true,"href":"https:\/\/www.ywjunchi.com\/pt\/wp-json\/wp\/v2\/comments?post=295"}],"wp:featuredmedia":[{"embeddable":true,"href":"https:\/\/www.ywjunchi.com\/pt\/wp-json\/wp\/v2\/media\/401"}],"wp:attachment":[{"href":"https:\/\/www.ywjunchi.com\/pt\/wp-json\/wp\/v2\/media?parent=295"}],"wp:term":[{"taxonomy":"product_brand","embeddable":true,"href":"https:\/\/www.ywjunchi.com\/pt\/wp-json\/wp\/v2\/product_brand?post=295"},{"taxonomy":"product_cat","embeddable":true,"href":"https:\/\/www.ywjunchi.com\/pt\/wp-json\/wp\/v2\/product_cat?post=295"},{"taxonomy":"product_tag","embeddable":true,"href":"https:\/\/www.ywjunchi.com\/pt\/wp-json\/wp\/v2\/product_tag?post=295"}],"curies":[{"name":"wp","href":"https:\/\/api.w.org\/{rel}","templated":true}]}}