{"id":287,"date":"2026-03-17T08:16:31","date_gmt":"2026-03-17T08:16:31","guid":{"rendered":"https:\/\/www.ywjunchi.com\/?post_type=product&#038;p=287"},"modified":"2026-05-01T07:47:10","modified_gmt":"2026-05-01T07:47:10","slug":"dw04-h36-pelicula-de-holograma","status":"publish","type":"product","link":"https:\/\/www.ywjunchi.com\/pt\/product\/dw04-h36-hologram-film\/","title":{"rendered":"Pel\u00edcula de holograma DW04 H36"},"content":{"rendered":"<h3>DW04 Pel\u00edcula hologr\u00e1fica sem costura (material duplo PET\/PVC)<\/h3>\n<p><strong><b>Fabrico<\/b><\/strong>:MATERIAL DE EMBALAGEM YIWU JUNCHI<\/p>\n<p><strong><b>Especifica\u00e7\u00e3o de base<\/b><\/strong>:S\u00e9rie DW04 (Zhongjia H36 Master Design+K LASER HP59 Technology,S002)<\/p>\n<p><strong><b>Par\u00e2metros-chave<\/b><\/strong>:<\/p>\n<p>1,Master Maximum Width:1090mm(ultra-wide para produ\u00e7\u00e3o de grande formato, reduzindo a emenda)<\/p>\n<p>2,Materiais compat\u00edveis:Pel\u00edcula hologr\u00e1fica PET sem costura+Pel\u00edcula hologr\u00e1fica PVC sem costura<\/p>\n<p>3,Utiliza\u00e7\u00f5es principais:Etiquetas autocolantes, caixas de cosm\u00e9ticos, caixas de pasta de dentes, embalagens anti-contrafa\u00e7\u00e3o, lamina\u00e7\u00e3o de papel<\/p>\n<p><strong><b>Efeitos principais<\/b><\/strong>:Op\u00e7\u00f5es de lamina\u00e7\u00e3o e transfer\u00eancia<\/p>\n<p><strong><b>Experi\u00eancia de produ\u00e7\u00e3o<\/b><\/strong>Mais de 20 anos de fabrico especializado de pel\u00edcula hologr\u00e1fica<\/p>\n<h3>O que faz do DW04 um campe\u00e3o vers\u00e1til no combate \u00e0 contrafa\u00e7\u00e3o?<\/h3>\n<h4>Design Dual-Master e tecnologia hologr\u00e1fica avan\u00e7ada<\/h4>\n<p>Criada atrav\u00e9s de tecnologia de n\u00facleo duplo - placa principal de precis\u00e3o Zhongjia H36 + grava\u00e7\u00e3o hologr\u00e1fica K LASER HP59 - a s\u00e9rie DW04 apresenta padr\u00f5es hologr\u00e1ficos din\u00e2micos de alta defini\u00e7\u00e3o com estruturas \u00f3pticas micro-nano (em conformidade com GB \/ T 22467.3-202X).5\u03bcm (resolu\u00e7\u00e3o ultra-alta de 4800 dpi), garantindo um brilho consistente e cont\u00ednuo em toda a largura de 1020 mm. O design de mestre duplo combina a est\u00e9tica cl\u00e1ssica do padr\u00e3o de Zhongjia com a avan\u00e7ada tecnologia de interfer\u00eancia de luz da K LASER, criando um efeito visualmente distinto que \u00e9 extremamente dif\u00edcil de replicar.<\/p>\n<h4>Principais vantagens: Compatibilidade com dois materiais e anti-contrafa\u00e7\u00e3o<\/h4>\n<p><b><\/b>Flexibilidade de material duplo:<\/p>\n<p><b><\/b>1, Vers\u00e3o PET: amiga do ambiente (certifica\u00e7\u00e3o ROHS), desempenho est\u00e1vel, ideal para embalagens em contacto com alimentos e caixas de cosm\u00e9ticos de alta qualidade, cumpre as normas ambientais globais.<\/p>\n<p><b><\/b>2,Vers\u00e3o PVC:Adaptabilidade de impress\u00e3o superior (excelente ader\u00eancia da tinta para impress\u00e3o offset\/UV), perfeita para etiquetas autocolantes e embalagens decorativas (popular em produtos festivos e promocionais). .<\/p>\n<p>Ambas as vers\u00f5es apresentam verdadeiras estruturas sem costuras, eliminando quebras de padr\u00e3o e assegurando uma qualidade uniforme em aplica\u00e7\u00f5es de grande formato.<\/p>\n<p><b><\/b><strong>Desempenho superior contra a contrafa\u00e7\u00e3o:<\/strong><\/p>\n<p>Est\u00e1 em conformidade com os requisitos t\u00e9cnicos gerais GB\/T 17000-2009 para produtos hologr\u00e1ficos anti-contrafa\u00e7\u00e3o, integrando v\u00e1rios elementos de seguran\u00e7a: imagens latentes a laser, texto micro-impresso (largura da linha \u22644\u03bcm) e mudan\u00e7a de cor dependente do \u00e2ngulo. Sob luz natural, o padr\u00e3o hologr\u00e1fico apresenta efeitos de arco-\u00edris v\u00edvidos (gama de comprimentos de onda de 420-680nm), permitindo uma verifica\u00e7\u00e3o intuitiva da autenticidade - as contrafac\u00e7\u00f5es n\u00e3o t\u00eam a mesma clareza e mudan\u00e7a din\u00e2mica.<\/p>\n<h4><strong>Desempenho espec\u00edfico do material e estrutura de camadas<\/strong><\/h4>\n<h5>Pel\u00edcula hologr\u00e1fica PET (ecol\u00f3gica e est\u00e1vel)<\/h5>\n<p>1, Material de base: PET de grau \u00f3tico com transmit\u00e2ncia\u226593% e neblina\u22640.8%, garantindo alta clareza.<\/p>\n<p>2,Composi\u00e7\u00e3o das camadas (de baixo para cima):Camada de cobertura opaca\u2192Camada met\u00e1lica de elevada refletividade\u2192Camada de n\u00facleo PET\u2192Camada hologr\u00e1fica em relevo\u2192Revestimento resistente aos raios UV<\/p>\n<p>3, desempenho: resist\u00eancia \u00e0 tra\u00e7\u00e3o \u2265220MPa, teste de abras\u00e3o Taber 1000Turn mistiness aumenta o valor\u22642%, est\u00e1vel em ambientes de -25 \u2103 ~ 85 \u2103.<\/p>\n<h5>Pel\u00edcula hologr\u00e1fica em PVC (impress\u00e3o e decora\u00e7\u00e3o)<\/h5>\n<p>1, Material de base: PVC de qualidade alimentar com superf\u00edcie lisa (energia de superf\u00edcie \u226539 mN \/ m), otimizado para impress\u00e3o.<\/p>\n<p>2,Composi\u00e7\u00e3o das camadas (de baixo para cima):Camada pronta a colar\u2192Camada reflectora\u2192Camada com n\u00facleo de PVC\u2192Camada com relevo hologr\u00e1fico\u2192Revestimento resistente aos riscos<\/p>\n<p>3, Desempenho: Excelente ader\u00eancia da tinta (compat\u00edvel com impress\u00e3o offset, UV e flexogr\u00e1fica), resistente ao rasgamento e f\u00e1cil de cortar para a produ\u00e7\u00e3o de etiquetas autocolantes.<\/p>\n<h3>Aplica\u00e7\u00f5es espec\u00edficas<\/h3>\n<p><b><\/b>1, Produ\u00e7\u00e3o de etiquetas: Etiquetas autocolantes de alta seguran\u00e7a para cosm\u00e9ticos, produtos farmac\u00eauticos e produtos de marca.<\/p>\n<p><b><\/b>2,Fabrico de embalagens: Caixas de cosm\u00e9ticos, caixas de pasta de dentes, caixas de oferta de qualidade superior e embalagens de grande formato (1020 mm de largura adaptam-se a tamanhos de folha padr\u00e3o).<\/p>\n<p><b><\/b>3,Solu\u00e7\u00f5es anti-contrafa\u00e7\u00e3o: Embalagens de prote\u00e7\u00e3o da marca para produtos electr\u00f3nicos, produtos qu\u00edmicos de uso di\u00e1rio e bens de consumo - tirando partido da exclusividade do padr\u00e3o dual-master para impedir a contrafa\u00e7\u00e3o.<\/p>\n<p><b><\/b>4, Lamina\u00e7\u00e3o de papel: Sacos de papel laminado, capas de cat\u00e1logos e materiais promocionais (combina o apelo hologr\u00e1fico com a durabilidade do material).<\/p>\n<h3>Porqu\u00ea escolher o YWJUNCHI DW04?<\/h3>\n<p><b><\/b>Versatilidade de material duplo: op\u00e7\u00f5es PET\/PVC para satisfazer diversas aplica\u00e7\u00f5es e requisitos ambientais.<\/p>\n<p><b><\/b>Efici\u00eancia ultra-larga: A largura m\u00e1xima de 1020 mm reduz o desperd\u00edcio de material em 20% em compara\u00e7\u00e3o com pel\u00edculas mais estreitas, reduzindo os custos de produ\u00e7\u00e3o.<\/p>\n<p><b><\/b>Qualidade em conformidade com a norma: Cumpre as normas GB\/T 22467.3-202X e GB\/T 17000-2009, garantindo fiabilidade e acesso ao mercado global.<\/p>\n<p><b><\/b>Compatibilidade com v\u00e1rios processos: optimizada para impress\u00e3o offset, corte e vinco e lamina\u00e7\u00e3o de papel - uma pel\u00edcula para v\u00e1rias necessidades de produ\u00e7\u00e3o.<\/p>\n<p><b><\/b>Suporte de personaliza\u00e7\u00e3o: Espessura ajust\u00e1vel (16-50\u03bcm para filme hologr\u00e1fico PET; 50\u03bcm para filme de holograma de PVC; 18um para filme hologr\u00e1fico bopp), tonalidade de cor (prata, ouro, zns transparente) e integra\u00e7\u00e3o de elemento de seguran\u00e7a.<\/p>\n<h3><strong><b>FAQ?<\/b><\/strong><\/h3>\n<p>Qual \u00e9 a diferen\u00e7a entre as vers\u00f5es PET e PVC?<\/p>\n<p>PET: amigo do ambiente, est\u00e1vel, compat\u00edvel com o contacto com alimentos. Espessura de 16 m\u00edcrones e 50 m\u00edcrones.<\/p>\n<p>PVC: adaptabilidade de impress\u00e3o superior, rent\u00e1vel para aplica\u00e7\u00f5es decorativas. Espessura de 50um.<\/p>\n<p>\u00c9 adequado para a produ\u00e7\u00e3o de etiquetas a alta velocidade? Sim. As propriedades anti-aderentes garantem uma alimenta\u00e7\u00e3o suave atrav\u00e9s das m\u00e1quinas de etiquetas.<\/p>\n<p>Em que \u00e9 que o DW04 difere do DW02?<\/p>\n<table>\n<tbody>\n<tr>\n<td width=\"184\">Modelo<\/td>\n<td width=\"184\">Conce\u00e7\u00e3o principal<\/td>\n<td width=\"184\">Largura<\/td>\n<td width=\"184\">Materiais compat\u00edveis<\/td>\n<td width=\"184\">Ponto forte<\/td>\n<\/tr>\n<tr>\n<td width=\"184\">DW04<\/td>\n<td width=\"184\">Zhongjia H36 + K LASER HP59<\/td>\n<td width=\"184\">1020mm<\/td>\n<td width=\"184\">PET + PVC<\/td>\n<td width=\"184\">Versatilidade de material duplo<\/td>\n<\/tr>\n<tr>\n<td width=\"184\">DW02<\/td>\n<td width=\"184\">H16 Vidro partido + K LASER HP38<\/td>\n<td width=\"184\">1000mm<\/td>\n<td width=\"184\">Apenas PET<\/td>\n<td width=\"184\">Vidro partido Anti-contrafa\u00e7\u00e3o<\/td>\n<\/tr>\n<\/tbody>\n<\/table>\n<p>A YWJUNCHI fornece solu\u00e7\u00f5es personalizadas para satisfazer as necessidades exclusivas da sua marca.<\/p>","protected":false},"excerpt":{"rendered":"<p>Pel\u00edcula de holograma sem costuras DW04 ou matriz hologr\u00e1fica HP59. Largura m\u00e1xima de 1090 mm<\/p>","protected":false},"featured_media":405,"comment_status":"open","ping_status":"closed","template":"","meta":[],"product_brand":[],"product_cat":[17],"product_tag":[60,32,68,33],"class_list":{"0":"post-287","1":"product","2":"type-product","3":"status-publish","4":"has-post-thumbnail","6":"product_cat-holographic-film","7":"product_tag-hp59-holographic-film","8":"product_tag-pet-hologram-film","9":"product_tag-s002","10":"product_tag-seamless-pet-holographic-film","12":"first","13":"instock","14":"shipping-taxable","15":"product-type-simple"},"_links":{"self":[{"href":"https:\/\/www.ywjunchi.com\/pt\/wp-json\/wp\/v2\/product\/287","targetHints":{"allow":["GET"]}}],"collection":[{"href":"https:\/\/www.ywjunchi.com\/pt\/wp-json\/wp\/v2\/product"}],"about":[{"href":"https:\/\/www.ywjunchi.com\/pt\/wp-json\/wp\/v2\/types\/product"}],"replies":[{"embeddable":true,"href":"https:\/\/www.ywjunchi.com\/pt\/wp-json\/wp\/v2\/comments?post=287"}],"wp:featuredmedia":[{"embeddable":true,"href":"https:\/\/www.ywjunchi.com\/pt\/wp-json\/wp\/v2\/media\/405"}],"wp:attachment":[{"href":"https:\/\/www.ywjunchi.com\/pt\/wp-json\/wp\/v2\/media?parent=287"}],"wp:term":[{"taxonomy":"product_brand","embeddable":true,"href":"https:\/\/www.ywjunchi.com\/pt\/wp-json\/wp\/v2\/product_brand?post=287"},{"taxonomy":"product_cat","embeddable":true,"href":"https:\/\/www.ywjunchi.com\/pt\/wp-json\/wp\/v2\/product_cat?post=287"},{"taxonomy":"product_tag","embeddable":true,"href":"https:\/\/www.ywjunchi.com\/pt\/wp-json\/wp\/v2\/product_tag?post=287"}],"curies":[{"name":"wp","href":"https:\/\/api.w.org\/{rel}","templated":true}]}}