{"id":261,"date":"2026-03-17T08:01:23","date_gmt":"2026-03-17T08:01:23","guid":{"rendered":"https:\/\/www.ywjunchi.com\/?post_type=product&#038;p=261"},"modified":"2026-05-05T01:49:57","modified_gmt":"2026-05-05T01:49:57","slug":"dw18-pelicula-de-holograma-sem-costura-para-animais-de-estimacao","status":"publish","type":"product","link":"https:\/\/www.ywjunchi.com\/pt\/product\/dw18-seamless-pet-hologram-film\/","title":{"rendered":"DW18 pel\u00edcula de holograma sem costura para animais de estima\u00e7\u00e3o"},"content":{"rendered":"<p><strong><b>YWJUNCHI DW18 Filme hologr\u00e1fico PET sem costuras da Via L\u00e1ctea: Solu\u00e7\u00e3o de impress\u00e3o UV com certifica\u00e7\u00e3o ROHS de 16\u03bcm<\/b><\/strong><\/p>\n<p>Fabrica\u00e7\u00e3o:YIWU JUNCHI PACKAGING MATERIAL<\/p>\n<p><strong><b>Especifica\u00e7\u00e3o de base<\/b><\/strong>Pel\u00edcula de holograma para animais de estima\u00e7\u00e3o DW18 (Mestre de holograma de areia da Via L\u00e1ctea)<\/p>\n<p>Par\u00e2metros-chave:<\/p>\n<p>1,Master Largura m\u00e1xima: 1020 mm (optimizada para impress\u00e3o\/lama\u00e7\u00e3o de grande formato)<\/p>\n<p>2, Espessura: 16\u03bcm (ideal para flexibilidade + equil\u00edbrio de estabilidade estrutural)<\/p>\n<p>3,Utiliza\u00e7\u00f5es principais: lamina\u00e7\u00e3o de papel, impress\u00e3o UV (digital\/offset)<\/p>\n<p>4,Certifica\u00e7\u00e3o: Certificado ROHS (em conformidade com as normas ambientais REACH da UE e da China), teste de halog\u00e9neo aprovado.<\/p>\n<p>Efeitos principais:Op\u00e7\u00f5es de lamina\u00e7\u00e3o e transfer\u00eancia<\/p>\n<p>Experi\u00eancia de produ\u00e7\u00e3o:Mais de 20 anos de fabrico especializado de pel\u00edcula hologr\u00e1fica<\/p>\n<figure id=\"attachment_606\" aria-describedby=\"caption-attachment-606\" style=\"width: 800px\" class=\"wp-caption alignnone\"><img fetchpriority=\"high\" decoding=\"async\" class=\"size-full wp-image-606\" src=\"https:\/\/www.ywjunchi.com\/wp-content\/uploads\/2026\/03\/012-1.jpg\" alt=\"DW18 pel\u00edcula hologr\u00e1fica sem costura para animais de estima\u00e7\u00e3o\" width=\"800\" height=\"800\" srcset=\"https:\/\/www.ywjunchi.com\/wp-content\/uploads\/2026\/03\/012-1.jpg 800w, https:\/\/www.ywjunchi.com\/wp-content\/uploads\/2026\/03\/012-1-300x300.jpg 300w, https:\/\/www.ywjunchi.com\/wp-content\/uploads\/2026\/03\/012-1-100x100.jpg 100w, https:\/\/www.ywjunchi.com\/wp-content\/uploads\/2026\/03\/012-1-600x600.jpg 600w, https:\/\/www.ywjunchi.com\/wp-content\/uploads\/2026\/03\/012-1-150x150.jpg 150w, https:\/\/www.ywjunchi.com\/wp-content\/uploads\/2026\/03\/012-1-768x768.jpg 768w\" sizes=\"(max-width: 800px) 100vw, 800px\" \/><figcaption id=\"caption-attachment-606\" class=\"wp-caption-text\">DW18 pel\u00edcula hologr\u00e1fica sem costura para animais de estima\u00e7\u00e3o<\/figcaption><\/figure>\n<h3>O que faz com que a DW18 se destaque na impress\u00e3o UV e na lamina\u00e7\u00e3o de papel?<\/h3>\n<h4>Textura exclusiva de areia da Via L\u00e1ctea e fabrico de precis\u00e3o<\/h4>\n<p>Criada atrav\u00e9s de uma avan\u00e7ada tecnologia de grava\u00e7\u00e3o hologr\u00e1fica, a s\u00e9rie DW18 apresenta padr\u00f5es hologr\u00e1ficos \u00fanicos de areia \u2019via l\u00e1ctea\u2019 - uma textura de areia de gr\u00e3o m\u00e9dio que atinge o equil\u00edbrio perfeito entre a areia fina da DW03 (subtil) e a areia mais grossa da DW04 (arrojada).O tamanho do gr\u00e3o de areia de 0,05-0,1 mm\u00b2 cria um efeito visual suave e estrelado de \u201cvia l\u00e1ctea\u201d com interfer\u00eancia suave do arco-\u00edris (intervalo de comprimento de onda de 420-680 nm), proporcionando um atrativo t\u00e1til e visual de primeira qualidade sem sobrecarregar os desenhos impressos.<\/p>\n<figure id=\"attachment_607\" aria-describedby=\"caption-attachment-607\" style=\"width: 800px\" class=\"wp-caption alignnone\"><img decoding=\"async\" class=\"size-full wp-image-607\" src=\"https:\/\/www.ywjunchi.com\/wp-content\/uploads\/2026\/03\/7V0A9420.jpg\" alt=\"DW18 pel\u00edcula hologr\u00e1fica sem costura para animais de estima\u00e7\u00e3o\" width=\"800\" height=\"800\" srcset=\"https:\/\/www.ywjunchi.com\/wp-content\/uploads\/2026\/03\/7V0A9420.jpg 800w, https:\/\/www.ywjunchi.com\/wp-content\/uploads\/2026\/03\/7V0A9420-300x300.jpg 300w, https:\/\/www.ywjunchi.com\/wp-content\/uploads\/2026\/03\/7V0A9420-100x100.jpg 100w, https:\/\/www.ywjunchi.com\/wp-content\/uploads\/2026\/03\/7V0A9420-600x600.jpg 600w, https:\/\/www.ywjunchi.com\/wp-content\/uploads\/2026\/03\/7V0A9420-150x150.jpg 150w, https:\/\/www.ywjunchi.com\/wp-content\/uploads\/2026\/03\/7V0A9420-768x768.jpg 768w\" sizes=\"(max-width: 800px) 100vw, 800px\" \/><figcaption id=\"caption-attachment-607\" class=\"wp-caption-text\">DW18 pel\u00edcula hologr\u00e1fica sem costura para animais de estima\u00e7\u00e3o<\/figcaption><\/figure>\n<h4>Desempenho personalizado para utiliza\u00e7\u00f5es principais<\/h4>\n<p><b><\/b><strong><b>Excel\u00eancia em impress\u00e3o UV<\/b><\/strong>:<\/p>\n<p>Espessura de 16\u03bcm otimizada para equipamento de impress\u00e3o UV - sem alongamento ou deslocamento durante a produ\u00e7\u00e3o de alta velocidade. superf\u00edcie tratada com revestimento de primer especial (energia de superf\u00edcie \u226538 mN \/ m) garante forte ades\u00e3o de tinta UV (3x maior do que os filmes PET padr\u00e3o), passando por testes de descascamento de fita de 100 ciclos sem derramamento de tinta. o filme baixa n\u00e9voa (\u22641,5%) e alta transmit\u00e2ncia (\u226592%) cores impressas vivas, perfeitas para logotipos finos, c\u00f3digos QR e designs de gradiente.<\/p>\n<p><b><\/b><strong><b>Superioridade da lamina\u00e7\u00e3o de papel<\/b><\/strong>:<\/p>\n<p>Revestido com adesivo de fus\u00e3o a quente EAA ecol\u00f3gico, alcan\u00e7ando resist\u00eancia de colagem \u22650,8N \/ 15mm com papel de arte, cart\u00e3o e papel kraft. Resiste a bolhas, delamina\u00e7\u00e3o e enrugamento durante a lamina\u00e7\u00e3o (suporta temperatura de processo de 100-120 \u2103). p\u00f3s-lamina\u00e7\u00e3o, a textura de areia leitosa adiciona luxo t\u00e1til \u00e0 embalagem, aumentando o valor percebido da marca.<\/p>\n<p><b><\/b><strong><b>Ambiental e duradouro<\/b><\/strong>:<\/p>\n<p>Certificado ROHS (sem metais pesados ou subst\u00e2ncias nocivas), alinhando-se com as tend\u00eancias ambientais globais de \u201ccarbono duplo\u201d e os regulamentos REACH da UE. Propriedades antiest\u00e1ticas (resist\u00eancia da superf\u00edcie \u226410\u00b9\u2070\u03a9) evitam o ac\u00famulo de poeira durante o processamento, reduzindo o desperd\u00edcio em 15%. Suporta -20 \u2103 ~ 60 \u2103 faixa de temperatura, teste de envelhecimento QUO 2000 horas sem amarelecimento ou desbotamento.<\/p>\n<h4>Estrutura de camadas optimizada (n\u00facleo PET de 16\u03bcm)<\/h4>\n<p>Camada de cobertura opaca\u2192Camada met\u00e1lica de elevada refletividade\u2192Camada de n\u00facleo PET de 16\u03bcm\u2192Camada hologr\u00e1fica em relevo de areia Milky Way\u2192Revestimento compat\u00edvel com tinta UV<\/p>\n<p>O revestimento UV dedicado aumenta a resist\u00eancia aos riscos (dureza do l\u00e1pis de n\u00edvel H) e a efici\u00eancia da cura da tinta, enquanto o n\u00facleo PET de 16\u03bcm equilibra a flexibilidade (para embalagem) e a estabilidade estrutural (para impress\u00e3o\/lama\u00e7\u00e3o).<\/p>\n<h3>Aplica\u00e7\u00f5es espec\u00edficas<\/h3>\n<p><b><\/b><strong><b>Projectos de impress\u00e3o UV<\/b><\/strong>Etiquetas de produtos, mangas de embalagens, cartazes promocionais, folhetos de marca e cat\u00e1logos de alta qualidade.<\/p>\n<p><b><\/b><strong><b>Produtos de lamina\u00e7\u00e3o de papel<\/b><\/strong>Caixas de embalagem de qualidade (cosm\u00e9ticos, produtos qu\u00edmicos de uso di\u00e1rio, presentes), sacos de papel de marca, convites em cart\u00e3o e capas de livros.<\/p>\n<p><b><\/b><strong><b>Ind\u00fastrias ideais<\/b><\/strong>Cosm\u00e9ticos, produtos qu\u00edmicos de uso di\u00e1rio, alimentos e bebidas e artigos de luxo - onde a embalagem de qualidade superior e a conformidade ambiental s\u00e3o fundamentais.<\/p>\n<figure id=\"attachment_608\" aria-describedby=\"caption-attachment-608\" style=\"width: 800px\" class=\"wp-caption alignnone\"><img decoding=\"async\" class=\"size-full wp-image-608\" src=\"https:\/\/www.ywjunchi.com\/wp-content\/uploads\/2026\/03\/012-2.jpg\" alt=\"DW18 pel\u00edcula hologr\u00e1fica sem costura para animais de estima\u00e7\u00e3o\" width=\"800\" height=\"800\" srcset=\"https:\/\/www.ywjunchi.com\/wp-content\/uploads\/2026\/03\/012-2.jpg 800w, https:\/\/www.ywjunchi.com\/wp-content\/uploads\/2026\/03\/012-2-300x300.jpg 300w, https:\/\/www.ywjunchi.com\/wp-content\/uploads\/2026\/03\/012-2-100x100.jpg 100w, https:\/\/www.ywjunchi.com\/wp-content\/uploads\/2026\/03\/012-2-600x600.jpg 600w, https:\/\/www.ywjunchi.com\/wp-content\/uploads\/2026\/03\/012-2-150x150.jpg 150w, https:\/\/www.ywjunchi.com\/wp-content\/uploads\/2026\/03\/012-2-768x768.jpg 768w\" sizes=\"(max-width: 800px) 100vw, 800px\" \/><figcaption id=\"caption-attachment-608\" class=\"wp-caption-text\">DW18 pel\u00edcula hologr\u00e1fica sem costura para animais de estima\u00e7\u00e3o<\/figcaption><\/figure>\n<h3>Porqu\u00ea escolher o YWJUNCHI DW18?<\/h3>\n<p><b><\/b><strong><b>Textura de areia \u00fanica<\/b><\/strong>O design da Via L\u00e1ctea de gr\u00e3o m\u00e9dio preenche a lacuna entre o DW03 (fino) e o DW04 (grosso), oferecendo op\u00e7\u00f5es de marca diferenciadas.<\/p>\n<p><b><\/b><strong><b>Conce\u00e7\u00e3o centrada na aplica\u00e7\u00e3o<\/b><\/strong>Revestimento de 16\u03bcm de espessura + prim\u00e1rio concebido para impress\u00e3o UV e lamina\u00e7\u00e3o de papel - resolvendo os problemas da ind\u00fastria em termos de ader\u00eancia da tinta e estabilidade da lamina\u00e7\u00e3o.<\/p>\n<p><b><\/b><strong><b>Eco-Certificado<\/b><\/strong>:Compat\u00edvel com ROHS, cumprindo as normas ambientais globais para os mercados de exporta\u00e7\u00e3o (UE, Sudeste Asi\u00e1tico, Am\u00e9rica do Norte).<\/p>\n<p><b><\/b><strong><b>Rent\u00e1vel<\/b><\/strong>A largura de 1020 mm reduz o desperd\u00edcio de material; a espessura fixa de 16 \u03bcm optimiza os custos de produ\u00e7\u00e3o para encomendas em massa.<\/p>\n<p><b><\/b><strong><b>Garantia de qualidade<\/b><\/strong>Mais de 20 anos de experi\u00eancia no fabrico; testes rigorosos para verificar a consist\u00eancia dos padr\u00f5es, a ader\u00eancia da tinta e a conformidade ambiental.<\/p>\n<figure id=\"attachment_609\" aria-describedby=\"caption-attachment-609\" style=\"width: 800px\" class=\"wp-caption alignnone\"><img loading=\"lazy\" decoding=\"async\" class=\"size-full wp-image-609\" src=\"https:\/\/www.ywjunchi.com\/wp-content\/uploads\/2026\/03\/012-3.jpg\" alt=\"DW18 pel\u00edcula hologr\u00e1fica sem costura para animais de estima\u00e7\u00e3o\" width=\"800\" height=\"800\" srcset=\"https:\/\/www.ywjunchi.com\/wp-content\/uploads\/2026\/03\/012-3.jpg 800w, https:\/\/www.ywjunchi.com\/wp-content\/uploads\/2026\/03\/012-3-300x300.jpg 300w, https:\/\/www.ywjunchi.com\/wp-content\/uploads\/2026\/03\/012-3-100x100.jpg 100w, https:\/\/www.ywjunchi.com\/wp-content\/uploads\/2026\/03\/012-3-600x600.jpg 600w, https:\/\/www.ywjunchi.com\/wp-content\/uploads\/2026\/03\/012-3-150x150.jpg 150w, https:\/\/www.ywjunchi.com\/wp-content\/uploads\/2026\/03\/012-3-768x768.jpg 768w\" sizes=\"(max-width: 800px) 100vw, 800px\" \/><figcaption id=\"caption-attachment-609\" class=\"wp-caption-text\">DW18 pel\u00edcula hologr\u00e1fica sem costura para animais de estima\u00e7\u00e3o<\/figcaption><\/figure>\n<h3>FAQ?<\/h3>\n<p>Porqu\u00ea 16\u03bcm de espessura? \u00c9 o equil\u00edbrio ideal para impress\u00e3o UV (sem estiramento) e lamina\u00e7\u00e3o (liga\u00e7\u00e3o forte), amplamente adotado na ind\u00fastria de embalagens. .<\/p>\n<p>Pode ser utilizado para embalagens de alimentos? Sim. A certifica\u00e7\u00e3o ROHS + material PET de qualidade alimentar suporta embalagens de contacto indireto com alimentos.<\/p>\n<p>Em que \u00e9 que o DW18 difere do DW03\/DW04?<\/p>\n<p>&nbsp;<\/p>\n<table>\n<tbody>\n<tr>\n<td width=\"184\">Modelo<\/td>\n<td width=\"184\">Tamanho do gr\u00e3o de areia<\/td>\n<td width=\"184\">Espessura<\/td>\n<td width=\"184\">Largura<\/td>\n<td width=\"184\">Utiliza\u00e7\u00e3o de chaves<\/td>\n<\/tr>\n<tr>\n<td width=\"184\">DW18<\/td>\n<td width=\"184\">M\u00e9dio (DW03&lt;DW18 &lt;DW04)<\/td>\n<td width=\"184\">Fixo 16\u03bcm<\/td>\n<td width=\"184\">1020mm<\/td>\n<td width=\"184\">Impress\u00e3o UV e lamina\u00e7\u00e3o de papel (certificado ROHS)<\/td>\n<\/tr>\n<tr>\n<td width=\"184\">DW03<\/td>\n<td width=\"184\">\u00d3timo<\/td>\n<td width=\"184\">16-50\u03bcm (Personalizado)<\/td>\n<td width=\"184\">1090 mm<\/td>\n<td width=\"184\">Embalagem Premium (encripta\u00e7\u00e3o oculta)<\/td>\n<\/tr>\n<tr>\n<td width=\"184\">DW04<\/td>\n<td width=\"184\">Grosso<\/td>\n<td width=\"184\">16-50\u03bcm (PET)\/50\u03bcm (PVC)<\/td>\n<td width=\"184\">1020mm<\/td>\n<td width=\"184\">Versatilidade de material duplo (PET\/PVC)<\/td>\n<\/tr>\n<\/tbody>\n<\/table>\n<p>Eleve os seus produtos impressos e laminados com a textura de areia leitosa exclusiva da DW18 - a YWJUNCHI oferece certifica\u00e7\u00e3o ROHS, pel\u00edcula de holograma para animais de estima\u00e7\u00e3o, certificado de halog\u00e9neo, solu\u00e7\u00f5es optimizadas para aplica\u00e7\u00f5es adaptadas \u00e0s necessidades da sua marca. Amostras gratuitas dispon\u00edveis para testes de impress\u00e3o\/lama\u00e7\u00e3o!<\/p>\n<p><em><i>YWJUNCHI DW18 - Onde o brilho da Via L\u00e1ctea se encontra com a perfei\u00e7\u00e3o da impress\u00e3o e lamina\u00e7\u00e3o!<\/i><\/em>e<\/p>\n<p>&nbsp;<\/p>","protected":false},"excerpt":{"rendered":"<p><strong><b>DW18 Milky Way Sand Seamless PET Holographic Film,Largura m\u00e1xima 1020mm.<\/b><\/strong><\/p>","protected":false},"featured_media":606,"comment_status":"open","ping_status":"closed","template":"","meta":[],"product_brand":[],"product_cat":[17],"product_tag":[53],"class_list":{"0":"post-261","1":"product","2":"type-product","3":"status-publish","4":"has-post-thumbnail","6":"product_cat-holographic-film","7":"product_tag-dw18-seamless-pet-hologram-film","9":"first","10":"instock","11":"shipping-taxable","12":"product-type-simple"},"_links":{"self":[{"href":"https:\/\/www.ywjunchi.com\/pt\/wp-json\/wp\/v2\/product\/261","targetHints":{"allow":["GET"]}}],"collection":[{"href":"https:\/\/www.ywjunchi.com\/pt\/wp-json\/wp\/v2\/product"}],"about":[{"href":"https:\/\/www.ywjunchi.com\/pt\/wp-json\/wp\/v2\/types\/product"}],"replies":[{"embeddable":true,"href":"https:\/\/www.ywjunchi.com\/pt\/wp-json\/wp\/v2\/comments?post=261"}],"wp:featuredmedia":[{"embeddable":true,"href":"https:\/\/www.ywjunchi.com\/pt\/wp-json\/wp\/v2\/media\/606"}],"wp:attachment":[{"href":"https:\/\/www.ywjunchi.com\/pt\/wp-json\/wp\/v2\/media?parent=261"}],"wp:term":[{"taxonomy":"product_brand","embeddable":true,"href":"https:\/\/www.ywjunchi.com\/pt\/wp-json\/wp\/v2\/product_brand?post=261"},{"taxonomy":"product_cat","embeddable":true,"href":"https:\/\/www.ywjunchi.com\/pt\/wp-json\/wp\/v2\/product_cat?post=261"},{"taxonomy":"product_tag","embeddable":true,"href":"https:\/\/www.ywjunchi.com\/pt\/wp-json\/wp\/v2\/product_tag?post=261"}],"curies":[{"name":"wp","href":"https:\/\/api.w.org\/{rel}","templated":true}]}}