{"id":214,"date":"2026-03-17T07:35:41","date_gmt":"2026-03-17T07:35:41","guid":{"rendered":"https:\/\/www.ywjunchi.com\/?post_type=product&#038;p=214"},"modified":"2026-05-06T02:21:41","modified_gmt":"2026-05-06T02:21:41","slug":"e068b-pelicula-de-holograma-para-animais-de-estimacao","status":"publish","type":"product","link":"https:\/\/www.ywjunchi.com\/pt\/product\/e068b-pet-hologram-film\/","title":{"rendered":"E068B Pel\u00edcula de holograma para animais de estima\u00e7\u00e3o"},"content":{"rendered":"<h2><strong>YWJUNCHI E068B Escovado Horizontal pillar light Pel\u00edcula hologr\u00e1fica PET sem costuras<\/strong><\/h2>\n<p><strong>Fabrico<\/strong>:YIWU JUNCHI PACKAGING MATERIAL FIRM<\/p>\n<p><strong>Especifica\u00e7\u00e3o de base<\/strong>:S\u00e9rie Z10 (K LASER E068B pel\u00edcula de holograma para animais de estima\u00e7\u00e3o, imagem de feixe de luz horizontal escovada)<\/p>\n<figure id=\"attachment_605\" aria-describedby=\"caption-attachment-605\" style=\"width: 800px\" class=\"wp-caption alignnone\"><img fetchpriority=\"high\" decoding=\"async\" class=\"size-full wp-image-605\" src=\"https:\/\/www.ywjunchi.com\/wp-content\/uploads\/2026\/03\/011-5.jpg\" alt=\"A luz do pilar E068B inclui pel\u00edcula hologr\u00e1fica para animais de estima\u00e7\u00e3o\" width=\"800\" height=\"800\" srcset=\"https:\/\/www.ywjunchi.com\/wp-content\/uploads\/2026\/03\/011-5.jpg 800w, https:\/\/www.ywjunchi.com\/wp-content\/uploads\/2026\/03\/011-5-300x300.jpg 300w, https:\/\/www.ywjunchi.com\/wp-content\/uploads\/2026\/03\/011-5-100x100.jpg 100w, https:\/\/www.ywjunchi.com\/wp-content\/uploads\/2026\/03\/011-5-600x600.jpg 600w, https:\/\/www.ywjunchi.com\/wp-content\/uploads\/2026\/03\/011-5-150x150.jpg 150w, https:\/\/www.ywjunchi.com\/wp-content\/uploads\/2026\/03\/011-5-768x768.jpg 768w\" sizes=\"(max-width: 800px) 100vw, 800px\" \/><figcaption id=\"caption-attachment-605\" class=\"wp-caption-text\">A luz do pilar E068B inclui pel\u00edcula hologr\u00e1fica para animais de estima\u00e7\u00e3o<\/figcaption><\/figure>\n<h2><strong>Par\u00e2metros-chave<\/strong>:<\/h2>\n<p>Largura m\u00e1xima do mestre: 820 mm (optimizada para embalagens padr\u00e3o, impress\u00e3o e produ\u00e7\u00e3o de etiquetas, garantindo a compatibilidade com equipamento comum)<\/p>\n<p>Tipo de material:Pel\u00edcula hologr\u00e1fica PET sem costura (centrada no elevado desempenho e na prote\u00e7\u00e3o do ambiente)<\/p>\n<p>Espessura fixa:16\u03bcm (equil\u00edbrio \u00f3timo entre flexibilidade e estabilidade estrutural para utiliza\u00e7\u00f5es essenciais)<\/p>\n<p>Utiliza\u00e7\u00f5es principais:Lamina\u00e7\u00e3o com papel (para fabrico de cart\u00e3o hologr\u00e1fico), impress\u00e3o offset UV, produ\u00e7\u00e3o de caixas de cosm\u00e9ticos<\/p>\n<p><strong>Efeitos principais<\/strong>: Op\u00e7\u00f5es de lamina\u00e7\u00e3o e transfer\u00eancia<\/p>\n<p><strong>Experi\u00eancia de produ\u00e7\u00e3o<\/strong>Mais de 20 anos de fabrico especializado de pel\u00edculas hologr\u00e1ficas<\/p>\n<p>O que faz do E068B uma solu\u00e7\u00e3o de feixe de luz horizontal escovado de destaque?<\/p>\n<p>Design exclusivo do feixe de luz horizontal escovado e tecnologia avan\u00e7ada<\/p>\n<p>Fabricada atrav\u00e9s da placa principal de holograma de precis\u00e3o K LASER E068B combinada com uma tecnologia de grava\u00e7\u00e3o avan\u00e7ada, a s\u00e9rie E068B apresenta uma imagem \u00fanica de feixe de luz horizontal escovado - integrando a textura elegante do metal escovado com o brilho din\u00e2mico dos feixes de luz horizontais.A textura escovada acrescenta uma sensa\u00e7\u00e3o t\u00e1til h\u00edbrida mate-brilhante de qualidade superior, enquanto a orienta\u00e7\u00e3o horizontal do feixe de luz cria um efeito visual expansivo e elegante que melhora a perce\u00e7\u00e3o da largura do produto nas prateleiras. Com micro-nano estruturas ultrafinas (resolu\u00e7\u00e3o \u22654000dpi), o padr\u00e3o \u00e9 n\u00edtido, consistente e verdadeiramente sem costuras ao longo de toda a largura de 820 mm, sem lacunas de emenda ou quebras de padr\u00e3o.<\/p>\n<p>Principais vantagens: Desempenho e adaptabilidade a v\u00e1rias utiliza\u00e7\u00f5es<\/p>\n<p><strong>Excel\u00eancia do material PET (espessura fixa de 16\u03bcm)<\/strong>Feito de resina PET de alta pureza e ecol\u00f3gica (certificado ROHS), teste de halog\u00eanio aprovado, com espessura fixa de 16\u03bcm - ideal para lamina\u00e7\u00e3o com papel (papel\u00e3o hologr\u00e1fico) e impress\u00e3o offset UV.Possui excelente estabilidade dimensional, alta resist\u00eancia ao calor (suporta processos de lamina\u00e7\u00e3o \/ impress\u00e3o de 100-120 \u2103) e \u00e9 ideal para a produ\u00e7\u00e3o de caixas de cosm\u00e9ticos e embalagens de alta qualidade. Possui resist\u00eancia \u00e0 tra\u00e7\u00e3o \u2265220MPa, transmit\u00e2ncia de luz \u226592% e baixa n\u00e9voa (\u22641,2%), garantindo que o efeito do feixe de luz horizontal escovado seja v\u00edvido e claro sem distor\u00e7\u00e3o.<\/p>\n<figure id=\"attachment_602\" aria-describedby=\"caption-attachment-602\" style=\"width: 800px\" class=\"wp-caption alignnone\"><img decoding=\"async\" class=\"size-full wp-image-602\" src=\"https:\/\/www.ywjunchi.com\/wp-content\/uploads\/2026\/03\/011-3.jpg\" alt=\"A luz do pilar E068B inclui pel\u00edcula de holograma para animais de estima\u00e7\u00e3o de linha\" width=\"800\" height=\"800\" srcset=\"https:\/\/www.ywjunchi.com\/wp-content\/uploads\/2026\/03\/011-3.jpg 800w, https:\/\/www.ywjunchi.com\/wp-content\/uploads\/2026\/03\/011-3-300x300.jpg 300w, https:\/\/www.ywjunchi.com\/wp-content\/uploads\/2026\/03\/011-3-100x100.jpg 100w, https:\/\/www.ywjunchi.com\/wp-content\/uploads\/2026\/03\/011-3-600x600.jpg 600w, https:\/\/www.ywjunchi.com\/wp-content\/uploads\/2026\/03\/011-3-150x150.jpg 150w, https:\/\/www.ywjunchi.com\/wp-content\/uploads\/2026\/03\/011-3-768x768.jpg 768w\" sizes=\"(max-width: 800px) 100vw, 800px\" \/><figcaption id=\"caption-attachment-602\" class=\"wp-caption-text\">A luz do pilar E068B inclui pel\u00edcula de holograma para animais de estima\u00e7\u00e3o de linha<\/figcaption><\/figure>\n<p><strong>Otimiza\u00e7\u00e3o multiusos<\/strong>:<\/p>\n<p><strong>Excel\u00eancia em lamina\u00e7\u00e3o (cart\u00e3o hologr\u00e1fico)<\/strong>Revestido com adesivo de fus\u00e3o a quente ecol\u00f3gico, garantindo uma forte for\u00e7a de liga\u00e7\u00e3o (\u22650,8N\/15mm) com papel para fazer cart\u00e3o hologr\u00e1fico de alta qualidade. Resiste a bolhas, delamina\u00e7\u00e3o e enrugamento durante os processos de lamina\u00e7\u00e3o, mantendo a textura escovada e o brilho do feixe de luz ap\u00f3s a lamina\u00e7\u00e3o, perfeito para a produ\u00e7\u00e3o subsequente de caixas de cosm\u00e9ticos.<\/p>\n<p><strong>Compatibilidade de impress\u00e3o offset UV<\/strong>A superf\u00edcie escovada lisa evita o sangramento da tinta, garantindo desenhos impressos de alta defini\u00e7\u00e3o que complementam o efeito hologr\u00e1fico sem sobrecarreg\u00e1-lo, adequado para impress\u00e3o de superf\u00edcie de caixa de cosm\u00e9ticos.<\/p>\n<p><strong>Adaptabilidade da caixa de cosm\u00e9ticos<\/strong>A espessura fixa de 16\u03bcm equilibra a flexibilidade (para dobrar a caixa) e a estabilidade estrutural (para moldar a caixa), combinada com o elegante efeito de feixe de luz horizontal escovado para elevar a apar\u00eancia premium das caixas de cosm\u00e9ticos. propriedades antiest\u00e1ticas (resist\u00eancia da superf\u00edcie \u226410\u00b9\u2070\u03a9) evitam o ac\u00famulo de poeira durante o processamento, reduzindo o desperd\u00edcio de produ\u00e7\u00e3o.<\/p>\n<p><strong>Anti-contrafa\u00e7\u00e3o e vantagem est\u00e9tica<\/strong>A combina\u00e7\u00e3o \u00fanica do design principal da K LASER E068B, da textura escovada e do feixe de luz horizontal cria uma barreira anti-contrafa\u00e7\u00e3o natural, dif\u00edcil de reproduzir sem equipamento de moldagem especializado. Suporta elementos de seguran\u00e7a adicionais (texto micro-impresso, imagens latentes) para melhorar a prote\u00e7\u00e3o da marca, cumprindo as normas anti-contrafa\u00e7\u00e3o hologr\u00e1fica GB\/T 17000-2009.<\/p>\n<p><strong>Estrutura de camadas optimizada (n\u00facleo PET sem costuras)<\/strong><\/p>\n<p>Camada de cobertura opaca\u2192Camada met\u00e1lica de elevada refletividade\u2192Camada de n\u00facleo em PET\u2192Camada hologr\u00e1fica em relevo com feixe de luz horizontal escovado\u2192Revestimento resistente aos raios ultravioleta e anti-riscos<\/p>\n<p>Os revestimentos protectores duplos aumentam a durabilidade (dureza do l\u00e1pis de n\u00edvel H) e a resist\u00eancia aos raios UV, assegurando que a textura escovada e o efeito do feixe de luz permanecem vivos durante uma utiliza\u00e7\u00e3o a longo prazo. A camada de elevada refletividade amplifica o brilho do feixe de luz horizontal, enquanto a camada central de PET equilibra a flexibilidade e a estabilidade estrutural para diversas necessidades de processamento.<\/p>\n<figure id=\"attachment_603\" aria-describedby=\"caption-attachment-603\" style=\"width: 800px\" class=\"wp-caption alignnone\"><img decoding=\"async\" class=\"size-full wp-image-603\" src=\"https:\/\/www.ywjunchi.com\/wp-content\/uploads\/2026\/03\/011-2.jpg\" alt=\"A luz do pilar E068B inclui pel\u00edcula hologr\u00e1fica para animais de estima\u00e7\u00e3o\" width=\"800\" height=\"800\" srcset=\"https:\/\/www.ywjunchi.com\/wp-content\/uploads\/2026\/03\/011-2.jpg 800w, https:\/\/www.ywjunchi.com\/wp-content\/uploads\/2026\/03\/011-2-300x300.jpg 300w, https:\/\/www.ywjunchi.com\/wp-content\/uploads\/2026\/03\/011-2-100x100.jpg 100w, https:\/\/www.ywjunchi.com\/wp-content\/uploads\/2026\/03\/011-2-600x600.jpg 600w, https:\/\/www.ywjunchi.com\/wp-content\/uploads\/2026\/03\/011-2-150x150.jpg 150w, https:\/\/www.ywjunchi.com\/wp-content\/uploads\/2026\/03\/011-2-768x768.jpg 768w\" sizes=\"(max-width: 800px) 100vw, 800px\" \/><figcaption id=\"caption-attachment-603\" class=\"wp-caption-text\">A luz do pilar E068B inclui pel\u00edcula hologr\u00e1fica para animais de estima\u00e7\u00e3o<\/figcaption><\/figure>\n<h2>Aplica\u00e7\u00f5es espec\u00edficas<\/h2>\n<p>Aproveitando o seu efeito \u00fanico de feixe de luz horizontal escovado, largura padr\u00e3o de 820 mm e compatibilidade com v\u00e1rios processos,<\/p>\n<p>O E068B \u00e9 ideal para:<\/p>\n<p>Cart\u00e3o hologr\u00e1fico: lamina\u00e7\u00e3o com papel para produzir cart\u00e3o hologr\u00e1fico de alta qualidade, a principal mat\u00e9ria-prima para embalagens de qualidade superior.<\/p>\n<p>Projectos de impress\u00e3o offset UV: Adequado para processos de impress\u00e3o offset UV, ideal para impress\u00e3o em superf\u00edcies de caixas de cosm\u00e9ticos e outras embalagens topo de gama.<\/p>\n<p>Caixas de cosm\u00e9ticos: O material do n\u00facleo para a produ\u00e7\u00e3o de caixas de cosm\u00e9ticos - 16\u03bcm de espessura adapta-se \u00e0 dobragem e modela\u00e7\u00e3o da caixa, enquanto o efeito de feixe de luz horizontal escovado acrescenta uma diferencia\u00e7\u00e3o elegante e premium \u00e0s embalagens de cosm\u00e9ticos.<\/p>\n<h2>Porqu\u00ea escolher a YWJUNCHI E068B?<\/h2>\n<p><strong>Vantagem est\u00e9tica \u00fanica<\/strong>O feixe de luz horizontal escovado de conce\u00e7\u00e3o magistral da K LASER E068B combina uma textura escovada de primeira qualidade com uma luz horizontal din\u00e2mica, diferenciando-se das pel\u00edculas hologr\u00e1ficas normais.<\/p>\n<p><strong>Largura normalizada<\/strong>A largura m\u00e1xima de 820 mm adapta-se ao equipamento comum de embalagem\/impress\u00e3o, garantindo a efici\u00eancia da produ\u00e7\u00e3o e minimizando o desperd\u00edcio de material.<\/p>\n<p><strong>Especializa\u00e7\u00e3o PET<\/strong>A nossa empresa concentra-se em material PET sem costuras para ser amigo do ambiente, est\u00e1vel e de elevado desempenho - ideal para marcas de topo de gama e preocupadas com o ambiente.<\/p>\n<p><strong>Compatibilidade com v\u00e1rios processos<\/strong>Optimizado para lamina\u00e7\u00e3o, impress\u00e3o e produ\u00e7\u00e3o de caixas de cosm\u00e9ticos, eliminando a necessidade de v\u00e1rios tipos de pel\u00edcula.<\/p>\n<p><strong>Garantia de qualidade<\/strong>mais de 20 anos de experi\u00eancia de fabrico, testes rigorosos de consist\u00eancia de padr\u00f5es, desempenho de materiais e adaptabilidade de processamento; cumpre as normas ambientais REACH da UE e da China.<\/p>\n<p><strong>Suporte \u00e0 personaliza\u00e7\u00e3o<\/strong>Espessura fixa de 16\u03bcm (optimizada para utiliza\u00e7\u00f5es centrais), tonalidade de cor personaliz\u00e1vel (prata, ouro, zns metalizados transparentes) e elementos de seguran\u00e7a opcionais para corresponder \u00e0s necessidades de produ\u00e7\u00e3o de caixas de cosm\u00e9ticos e cart\u00e3o hologr\u00e1fico.<\/p>\n<figure id=\"attachment_601\" aria-describedby=\"caption-attachment-601\" style=\"width: 800px\" class=\"wp-caption alignnone\"><img loading=\"lazy\" decoding=\"async\" class=\"size-full wp-image-601\" src=\"https:\/\/www.ywjunchi.com\/wp-content\/uploads\/2026\/03\/011-1.jpg\" alt=\"A luz do pilar E068B inclui pel\u00edcula de holograma para animais de estima\u00e7\u00e3o de linha\" width=\"800\" height=\"800\" srcset=\"https:\/\/www.ywjunchi.com\/wp-content\/uploads\/2026\/03\/011-1.jpg 800w, https:\/\/www.ywjunchi.com\/wp-content\/uploads\/2026\/03\/011-1-300x300.jpg 300w, https:\/\/www.ywjunchi.com\/wp-content\/uploads\/2026\/03\/011-1-100x100.jpg 100w, https:\/\/www.ywjunchi.com\/wp-content\/uploads\/2026\/03\/011-1-600x600.jpg 600w, https:\/\/www.ywjunchi.com\/wp-content\/uploads\/2026\/03\/011-1-150x150.jpg 150w, https:\/\/www.ywjunchi.com\/wp-content\/uploads\/2026\/03\/011-1-768x768.jpg 768w\" sizes=\"(max-width: 800px) 100vw, 800px\" \/><figcaption id=\"caption-attachment-601\" class=\"wp-caption-text\">A luz do pilar E068B inclui pel\u00edcula de holograma para animais de estima\u00e7\u00e3o de linha<\/figcaption><\/figure>\n<h2>FAQ?<\/h2>\n<p><strong>Qual \u00e9 a vantagem da conce\u00e7\u00e3o do feixe de luz horizontal escovado para as suas principais utiliza\u00e7\u00f5es?<\/strong>Oferece uma textura escovada sofisticada e de qualidade superior, combinada com um elegante efeito de luz horizontal - n\u00e3o ofuscante, t\u00e1til e perfeito para cart\u00e3o hologr\u00e1fico e caixas de cosm\u00e9ticos que requerem uma marca de qualidade superior subtil, mas apelativa.<\/p>\n<p><strong>A E068B pode ser utilizada para a produ\u00e7\u00e3o de etiquetas autocolantes a alta velocidade?<\/strong>Sim. As propriedades anti-aderentes e anti-est\u00e1ticas garantem uma alimenta\u00e7\u00e3o suave atrav\u00e9s das m\u00e1quinas de etiquetas, suportando o corte a alta velocidade e a aplica\u00e7\u00e3o de adesivo sem encravamento ou acumula\u00e7\u00e3o de p\u00f3.<\/p>\n<p><strong>Em que \u00e9 que o E068B difere do K209A (pequeno farol de pilar horizontal)?<\/strong><\/p>\n<table>\n<tbody>\n<tr>\n<td width=\"110\">Modelo<\/td>\n<td width=\"110\">Conce\u00e7\u00e3o principal<\/td>\n<td width=\"110\">Largura<\/td>\n<td width=\"141\">Tra\u00e7o visual chave<\/td>\n<td width=\"122\">Ponto forte<\/td>\n<\/tr>\n<tr>\n<td width=\"110\">E068B<\/td>\n<td width=\"110\">K LASER E068B (escovado)<\/td>\n<td width=\"110\">820 mm<\/td>\n<td width=\"141\">Feixe de luz horizontal escovado<\/td>\n<td width=\"122\">Textura escovada de qualidade superior + efeito de luz elegante<\/td>\n<\/tr>\n<tr>\n<td width=\"110\">K209A<\/td>\n<td width=\"110\">Luz de pilar horizontal pequena<\/td>\n<td width=\"110\">900 mm<\/td>\n<td width=\"141\">Feixe de luz de pilares horizontais pequenos e densos<\/td>\n<td width=\"122\">Feixe de luz delicado e de alta densidade<\/td>\n<\/tr>\n<\/tbody>\n<\/table>\n<p>Eleve a sua marca com o efeito hologr\u00e1fico de feixe de luz horizontal escovado exclusivo da E068B - a YWJUNCHI oferece qualidade superior, adaptabilidade a v\u00e1rias utiliza\u00e7\u00f5es e efici\u00eancia normalizada adaptada \u00e0s suas necessidades de embalagem e impress\u00e3o topo de gama.<\/p>\n<p>YWJUNCHI E068B - Onde a sofistica\u00e7\u00e3o escovada encontra o brilho da luz horizontal!<\/p>","protected":false},"excerpt":{"rendered":"<p>A luz de pilar sem costura E068B inclui pel\u00edcula de holograma para animais de estima\u00e7\u00e3o de linha, largura m\u00e1xima de 820 mm.<\/p>","protected":false},"featured_media":601,"comment_status":"open","ping_status":"closed","template":"","meta":[],"product_brand":[],"product_cat":[17],"product_tag":[51,52],"class_list":{"0":"post-214","1":"product","2":"type-product","3":"status-publish","4":"has-post-thumbnail","6":"product_cat-holographic-film","7":"product_tag-e068b-pillar-light-with-line-hologram-film","8":"product_tag-z10-lightbeem-include-line-pet-holographic-film","10":"first","11":"instock","12":"shipping-taxable","13":"product-type-simple"},"_links":{"self":[{"href":"https:\/\/www.ywjunchi.com\/pt\/wp-json\/wp\/v2\/product\/214","targetHints":{"allow":["GET"]}}],"collection":[{"href":"https:\/\/www.ywjunchi.com\/pt\/wp-json\/wp\/v2\/product"}],"about":[{"href":"https:\/\/www.ywjunchi.com\/pt\/wp-json\/wp\/v2\/types\/product"}],"replies":[{"embeddable":true,"href":"https:\/\/www.ywjunchi.com\/pt\/wp-json\/wp\/v2\/comments?post=214"}],"wp:featuredmedia":[{"embeddable":true,"href":"https:\/\/www.ywjunchi.com\/pt\/wp-json\/wp\/v2\/media\/601"}],"wp:attachment":[{"href":"https:\/\/www.ywjunchi.com\/pt\/wp-json\/wp\/v2\/media?parent=214"}],"wp:term":[{"taxonomy":"product_brand","embeddable":true,"href":"https:\/\/www.ywjunchi.com\/pt\/wp-json\/wp\/v2\/product_brand?post=214"},{"taxonomy":"product_cat","embeddable":true,"href":"https:\/\/www.ywjunchi.com\/pt\/wp-json\/wp\/v2\/product_cat?post=214"},{"taxonomy":"product_tag","embeddable":true,"href":"https:\/\/www.ywjunchi.com\/pt\/wp-json\/wp\/v2\/product_tag?post=214"}],"curies":[{"name":"wp","href":"https:\/\/api.w.org\/{rel}","templated":true}]}}