{"id":203,"date":"2026-03-17T07:28:33","date_gmt":"2026-03-17T07:28:33","guid":{"rendered":"https:\/\/www.ywjunchi.com\/?post_type=product&#038;p=203"},"modified":"2026-04-29T02:05:53","modified_gmt":"2026-04-29T02:05:53","slug":"k254-pelicula-holografica-pillar-milkway","status":"publish","type":"product","link":"https:\/\/www.ywjunchi.com\/pt\/product\/k254-pillar-milkway-holographic-film\/","title":{"rendered":"K254 pel\u00edcula hologr\u00e1fica pillar milkway"},"content":{"rendered":"<p>A YIWU JUNCHI PACKAGING MATERIAL FIRM, com mais de 20 anos de experi\u00eancia no fabrico de pel\u00edcula hologr\u00e1fica especializada, dedica-se a fornecer materiais de embalagem hologr\u00e1fica de alta qualidade. Fornecemos principalmente papel hologr\u00e1fico de transfer\u00eancia, cart\u00e3o hologr\u00e1fico de lamina\u00e7\u00e3o e a pel\u00edcula hologr\u00e1fica sem costura YWJUNCHI K254, cobrindo diversas necessidades de embalagem de v\u00e1rias ind\u00fastrias.<\/p>\n<p><strong>K254 Pel\u00edcula hologr\u00e1fica sem costura para animais de estima\u00e7\u00e3o, luz de pilar de dire\u00e7\u00e3o horizontal com imagem de holograma da Via L\u00e1ctea.<\/strong><\/p>\n<p><strong>Fabrico<\/strong>:YIWU JUNCHI PACKAGING MATERIAL FIRM<\/p>\n<p><strong>Par\u00e2metros-chave<\/strong>:<\/p>\n<p>Espessura: 16 m\u00edcrones<\/p>\n<p>Largura m\u00e1xima: 900 mm<\/p>\n<p>Utiliza\u00e7\u00e3o: lamina\u00e7\u00e3o e transfer\u00eancia, para fabrico de papel hologr\u00e1fico<\/p>\n<p>Experi\u00eancia de produ\u00e7\u00e3o:Mais de 20 anos de fabrico especializado de pel\u00edcula hologr\u00e1fica (qualidade fi\u00e1vel garantida por uma experi\u00eancia industrial rica e tecnologia de produ\u00e7\u00e3o madura)<\/p>\n<figure id=\"attachment_587\" aria-describedby=\"caption-attachment-587\" style=\"width: 800px\" class=\"wp-caption alignnone\"><img fetchpriority=\"high\" decoding=\"async\" class=\"size-full wp-image-587\" src=\"https:\/\/www.ywjunchi.com\/wp-content\/uploads\/2026\/03\/007-2.jpg\" alt=\"K254 pel\u00edcula hologr\u00e1fica pillar milkway\" width=\"800\" height=\"800\" srcset=\"https:\/\/www.ywjunchi.com\/wp-content\/uploads\/2026\/03\/007-2.jpg 800w, https:\/\/www.ywjunchi.com\/wp-content\/uploads\/2026\/03\/007-2-300x300.jpg 300w, https:\/\/www.ywjunchi.com\/wp-content\/uploads\/2026\/03\/007-2-100x100.jpg 100w, https:\/\/www.ywjunchi.com\/wp-content\/uploads\/2026\/03\/007-2-600x600.jpg 600w, https:\/\/www.ywjunchi.com\/wp-content\/uploads\/2026\/03\/007-2-150x150.jpg 150w, https:\/\/www.ywjunchi.com\/wp-content\/uploads\/2026\/03\/007-2-768x768.jpg 768w\" sizes=\"(max-width: 800px) 100vw, 800px\" \/><figcaption id=\"caption-attachment-587\" class=\"wp-caption-text\">K254 pel\u00edcula hologr\u00e1fica pillar milkway<\/figcaption><\/figure>\n<h2>O que faz do K254 uma escolha hologr\u00e1fica vers\u00e1til?<\/h2>\n<p><strong>Design Dual-Master e artesanato hologr\u00e1fico avan\u00e7ado<\/strong><\/p>\n<p>Criada atrav\u00e9s de uma tecnologia premium de n\u00facleo duplo - grava\u00e7\u00e3o hologr\u00e1fica - a s\u00e9rie K254 apresenta padr\u00f5es hologr\u00e1ficos din\u00e2micos de alta defini\u00e7\u00e3o com micro-nano estruturas ultrafinas (resolu\u00e7\u00e3o \u22654000 dpi). Esta integra\u00e7\u00e3o de mestre duplo funde a est\u00e9tica cl\u00e1ssica de padr\u00f5es da Zhongjia com a tecnologia avan\u00e7ada de interfer\u00eancia de luz da K LASER, criando um efeito hologr\u00e1fico visualmente distinto e dif\u00edcil de replicar que melhora o desempenho anti-falsifica\u00e7\u00e3o do produto e o apelo premium.A verdadeira estrutura sem costuras assegura uma clareza e um brilho consistentes do padr\u00e3o ao longo de toda a largura ultra-larga de 1120 mm, sem lacunas de emenda ou quebras de padr\u00e3o, mesmo no processamento de grande formato, melhorando efetivamente a efici\u00eancia da produ\u00e7\u00e3o e o rendimento do produto.<\/p>\n<figure id=\"attachment_588\" aria-describedby=\"caption-attachment-588\" style=\"width: 800px\" class=\"wp-caption alignnone\"><img decoding=\"async\" class=\"size-full wp-image-588\" src=\"https:\/\/www.ywjunchi.com\/wp-content\/uploads\/2026\/03\/007-3.jpg\" alt=\"K254 pel\u00edcula hologr\u00e1fica pillar milkway\" width=\"800\" height=\"800\" srcset=\"https:\/\/www.ywjunchi.com\/wp-content\/uploads\/2026\/03\/007-3.jpg 800w, https:\/\/www.ywjunchi.com\/wp-content\/uploads\/2026\/03\/007-3-300x300.jpg 300w, https:\/\/www.ywjunchi.com\/wp-content\/uploads\/2026\/03\/007-3-100x100.jpg 100w, https:\/\/www.ywjunchi.com\/wp-content\/uploads\/2026\/03\/007-3-600x600.jpg 600w, https:\/\/www.ywjunchi.com\/wp-content\/uploads\/2026\/03\/007-3-150x150.jpg 150w, https:\/\/www.ywjunchi.com\/wp-content\/uploads\/2026\/03\/007-3-768x768.jpg 768w\" sizes=\"(max-width: 800px) 100vw, 800px\" \/><figcaption id=\"caption-attachment-588\" class=\"wp-caption-text\">K254 pel\u00edcula hologr\u00e1fica pillar milkway<\/figcaption><\/figure>\n<p><strong>Principais vantagens: Flexibilidade de material duplo e adaptabilidade a v\u00e1rias utiliza\u00e7\u00f5es<\/strong><\/p>\n<p>Vantagens do material: A s\u00e9rie K254 adopta material PET sem costura de alta qualidade, com propriedades f\u00edsicas est\u00e1veis, excelente desempenho de lamina\u00e7\u00e3o e transfer\u00eancia e boa compatibilidade com o processamento de papel. Foi especialmente concebida para o fabrico de papel hologr\u00e1fico, garantindo um efeito hologr\u00e1fico n\u00edtido e uma combina\u00e7\u00e3o firme com o papel, o que estabelece uma base s\u00f3lida para a produ\u00e7\u00e3o subsequente de embalagens.<\/p>\n<p>Adaptabilidade a v\u00e1rias utiliza\u00e7\u00f5es: O produto \u00e9 perfeitamente compat\u00edvel com tr\u00eas m\u00e9todos de processamento principais: lamina\u00e7\u00e3o, impress\u00e3o e produ\u00e7\u00e3o de etiquetas autocolantes.Em aplica\u00e7\u00f5es de lamina\u00e7\u00e3o, pode aderir ao papel ou cart\u00e3o, melhorando a textura e o desempenho anti-contrafa\u00e7\u00e3o da superf\u00edcie da embalagem; em aplica\u00e7\u00f5es de impress\u00e3o, adapta-se bem \u00e0s tecnologias de impress\u00e3o UV, offset e flexogr\u00e1fica, garantindo padr\u00f5es de impress\u00e3o n\u00edtidos, secagem r\u00e1pida da tinta e sem manchas, o que resolve os problemas comuns de impress\u00e3o dos materiais hologr\u00e1ficos tradicionais; na produ\u00e7\u00e3o de etiquetas autocolantes, pode ser transformado em v\u00e1rias especifica\u00e7\u00f5es de autocolantes hologr\u00e1ficos, adequados para marca\u00e7\u00e3o de produtos, identifica\u00e7\u00e3o de marcas e outros cen\u00e1rios, com forte aplicabilidade.<\/p>\n<figure id=\"attachment_586\" aria-describedby=\"caption-attachment-586\" style=\"width: 800px\" class=\"wp-caption alignnone\"><img decoding=\"async\" class=\"size-full wp-image-586\" src=\"https:\/\/www.ywjunchi.com\/wp-content\/uploads\/2026\/03\/007-1.jpg\" alt=\"K254 pel\u00edcula hologr\u00e1fica pillar milkway\" width=\"800\" height=\"800\" srcset=\"https:\/\/www.ywjunchi.com\/wp-content\/uploads\/2026\/03\/007-1.jpg 800w, https:\/\/www.ywjunchi.com\/wp-content\/uploads\/2026\/03\/007-1-300x300.jpg 300w, https:\/\/www.ywjunchi.com\/wp-content\/uploads\/2026\/03\/007-1-100x100.jpg 100w, https:\/\/www.ywjunchi.com\/wp-content\/uploads\/2026\/03\/007-1-600x600.jpg 600w, https:\/\/www.ywjunchi.com\/wp-content\/uploads\/2026\/03\/007-1-150x150.jpg 150w, https:\/\/www.ywjunchi.com\/wp-content\/uploads\/2026\/03\/007-1-768x768.jpg 768w\" sizes=\"(max-width: 800px) 100vw, 800px\" \/><figcaption id=\"caption-attachment-586\" class=\"wp-caption-text\">K254 pel\u00edcula hologr\u00e1fica pillar milkway<\/figcaption><\/figure>\n<h2>Outros produtos principais<\/h2>\n<p><strong>Papel hologr\u00e1fico de transfer\u00eancia e cart\u00e3o com holograma de lamina\u00e7\u00e3o<\/strong><\/p>\n<p>O nosso papel hologr\u00e1fico de transfer\u00eancia e o nosso cart\u00e3o com holograma de lamina\u00e7\u00e3o apresentam uma impressionante iridesc\u00eancia arco-\u00edris que se altera com os \u00e2ngulos de vis\u00e3o, conferindo um atrativo de qualidade superior e apelativo \u00e0s embalagens dos produtos e tendo tamb\u00e9m determinados efeitos anti-contrafa\u00e7\u00e3o semelhantes aos das pel\u00edculas hologr\u00e1ficas.<\/p>\n<p><strong>Especifica\u00e7\u00f5es do produto<\/strong>:<\/p>\n<p>Espessura: 82 g\/m232 g\/m (dispon\u00edvel numa gama de especifica\u00e7\u00f5es para satisfazer diversas necessidades de embalagem)<\/p>\n<p>Largura:788mm (tamanho padr\u00e3o, adequado para produ\u00e7\u00e3o e processamento em massa)<\/p>\n<p>T\u00e9cnica de impress\u00e3o aplic\u00e1vel: Impress\u00e3o offset UV (o m\u00e9todo de impress\u00e3o ideal para materiais hologr\u00e1ficos, uma vez que assegura uma secagem r\u00e1pida da tinta e resultados de impress\u00e3o de alta qualidade, evitando manchas de tinta na superf\u00edcie reflectora)<\/p>\n<figure id=\"attachment_589\" aria-describedby=\"caption-attachment-589\" style=\"width: 800px\" class=\"wp-caption alignnone\"><img loading=\"lazy\" decoding=\"async\" class=\"size-full wp-image-589\" src=\"https:\/\/www.ywjunchi.com\/wp-content\/uploads\/2026\/03\/007-4.jpg\" alt=\"K254 pel\u00edcula hologr\u00e1fica pillar milkway\" width=\"800\" height=\"800\" srcset=\"https:\/\/www.ywjunchi.com\/wp-content\/uploads\/2026\/03\/007-4.jpg 800w, https:\/\/www.ywjunchi.com\/wp-content\/uploads\/2026\/03\/007-4-300x300.jpg 300w, https:\/\/www.ywjunchi.com\/wp-content\/uploads\/2026\/03\/007-4-100x100.jpg 100w, https:\/\/www.ywjunchi.com\/wp-content\/uploads\/2026\/03\/007-4-600x600.jpg 600w, https:\/\/www.ywjunchi.com\/wp-content\/uploads\/2026\/03\/007-4-150x150.jpg 150w, https:\/\/www.ywjunchi.com\/wp-content\/uploads\/2026\/03\/007-4-768x768.jpg 768w\" sizes=\"(max-width: 800px) 100vw, 800px\" \/><figcaption id=\"caption-attachment-589\" class=\"wp-caption-text\">K254 pel\u00edcula hologr\u00e1fica pillar milkway<\/figcaption><\/figure>\n<p><strong>Cen\u00e1rios de aplica\u00e7\u00e3o<\/strong>:<\/p>\n<p>Estes dois produtos s\u00e3o utilizados principalmente para o fabrico de caixas de papel hologr\u00e1fico, que s\u00e3o amplamente aplicadas no acondicionamento de produtos topo de gama, como cosm\u00e9ticos, pasta de dentes, cigarros, etc. O acabamento hologr\u00e1fico aumenta a atratividade do produto nas prateleiras e cria uma experi\u00eancia luxuosa de desembalagem, ajudando as marcas a destacarem-se no mercado competitivo.<\/p>","protected":false},"excerpt":{"rendered":"<p>K254 luz de pilar horizontal com pel\u00edcula hologr\u00e1fica de forma leitosa, dire\u00e7\u00e3o de luz horizontal, largura m\u00e1xima 900mm.<\/p>","protected":false},"featured_media":586,"comment_status":"open","ping_status":"closed","template":"","meta":[],"product_brand":[],"product_cat":[17],"product_tag":[38],"class_list":{"0":"post-203","1":"product","2":"type-product","3":"status-publish","4":"has-post-thumbnail","6":"product_cat-holographic-film","7":"product_tag-pillar-milky-way-holographic-film","9":"first","10":"instock","11":"shipping-taxable","12":"product-type-simple"},"_links":{"self":[{"href":"https:\/\/www.ywjunchi.com\/pt\/wp-json\/wp\/v2\/product\/203","targetHints":{"allow":["GET"]}}],"collection":[{"href":"https:\/\/www.ywjunchi.com\/pt\/wp-json\/wp\/v2\/product"}],"about":[{"href":"https:\/\/www.ywjunchi.com\/pt\/wp-json\/wp\/v2\/types\/product"}],"replies":[{"embeddable":true,"href":"https:\/\/www.ywjunchi.com\/pt\/wp-json\/wp\/v2\/comments?post=203"}],"wp:featuredmedia":[{"embeddable":true,"href":"https:\/\/www.ywjunchi.com\/pt\/wp-json\/wp\/v2\/media\/586"}],"wp:attachment":[{"href":"https:\/\/www.ywjunchi.com\/pt\/wp-json\/wp\/v2\/media?parent=203"}],"wp:term":[{"taxonomy":"product_brand","embeddable":true,"href":"https:\/\/www.ywjunchi.com\/pt\/wp-json\/wp\/v2\/product_brand?post=203"},{"taxonomy":"product_cat","embeddable":true,"href":"https:\/\/www.ywjunchi.com\/pt\/wp-json\/wp\/v2\/product_cat?post=203"},{"taxonomy":"product_tag","embeddable":true,"href":"https:\/\/www.ywjunchi.com\/pt\/wp-json\/wp\/v2\/product_tag?post=203"}],"curies":[{"name":"wp","href":"https:\/\/api.w.org\/{rel}","templated":true}]}}