{"id":180,"date":"2026-03-17T09:07:43","date_gmt":"2026-03-17T09:07:43","guid":{"rendered":"https:\/\/www.ywjunchi.com\/?post_type=product&#038;p=180"},"modified":"2026-04-30T06:02:42","modified_gmt":"2026-04-30T06:02:42","slug":"z37-pelicula-holografica-para-animais-de-estimacao","status":"publish","type":"product","link":"https:\/\/www.ywjunchi.com\/pt\/product\/z37-pet-holographic-film\/","title":{"rendered":"Pel\u00edcula hologr\u00e1fica para animais de estima\u00e7\u00e3o Z37"},"content":{"rendered":"<h2>Z37 Pel\u00edcula hologr\u00e1fica arco-\u00edris PET sem costura<\/h2>\n<div class=\"ds-scroll-area ds-scroll-area--show-on-focus-within _1210dd7 c03cafe9\">\n<table>\n<thead>\n<tr>\n<th style=\"text-align: left;\"><strong>Especifica\u00e7\u00e3o<\/strong><\/th>\n<th><strong>Detalhes<\/strong><\/th>\n<\/tr>\n<\/thead>\n<tbody>\n<tr>\n<td><strong>Marca<\/strong><\/td>\n<td>MATERIAL DE EMBALAGEM YIWU JUNCHI<\/td>\n<\/tr>\n<tr>\n<td><strong>Especifica\u00e7\u00e3o de base<\/strong><\/td>\n<td>S\u00e9rie Z37 (design arco-\u00edris, acabamento prateado brilhante)<\/td>\n<\/tr>\n<tr>\n<td><strong>Carater\u00edsticas principais<\/strong><\/td>\n<td>Cor semelhante \u00e0 da pel\u00edcula de holograma sem costuras K Laser<\/td>\n<\/tr>\n<tr>\n<td><strong>Efeitos principais<\/strong><\/td>\n<td>Op\u00e7\u00f5es de lamina\u00e7\u00e3o e transfer\u00eancia<\/td>\n<\/tr>\n<tr>\n<td><strong>Largura m\u00e1xima do mestre<\/strong><\/td>\n<td>830 mm<\/td>\n<\/tr>\n<tr>\n<td><strong>Experi\u00eancia de produ\u00e7\u00e3o<\/strong><\/td>\n<td>Mais de 20 anos de fabrico especializado<\/td>\n<\/tr>\n<\/tbody>\n<\/table>\n<\/div>\n<hr \/>\n<figure id=\"attachment_577\" aria-describedby=\"caption-attachment-577\" style=\"width: 800px\" class=\"wp-caption alignnone\"><img fetchpriority=\"high\" decoding=\"async\" class=\"size-full wp-image-577\" src=\"https:\/\/www.ywjunchi.com\/wp-content\/uploads\/2026\/03\/010-2.jpg\" alt=\"z37 pel\u00edcula de holograma para animais de estima\u00e7\u00e3o com arco-\u00edris sem costuras\" width=\"800\" height=\"800\" srcset=\"https:\/\/www.ywjunchi.com\/wp-content\/uploads\/2026\/03\/010-2.jpg 800w, https:\/\/www.ywjunchi.com\/wp-content\/uploads\/2026\/03\/010-2-300x300.jpg 300w, https:\/\/www.ywjunchi.com\/wp-content\/uploads\/2026\/03\/010-2-100x100.jpg 100w, https:\/\/www.ywjunchi.com\/wp-content\/uploads\/2026\/03\/010-2-600x600.jpg 600w, https:\/\/www.ywjunchi.com\/wp-content\/uploads\/2026\/03\/010-2-150x150.jpg 150w, https:\/\/www.ywjunchi.com\/wp-content\/uploads\/2026\/03\/010-2-768x768.jpg 768w\" sizes=\"(max-width: 800px) 100vw, 800px\" \/><figcaption id=\"caption-attachment-577\" class=\"wp-caption-text\">z37 pel\u00edcula de holograma para animais de estima\u00e7\u00e3o com arco-\u00edris sem costuras<\/figcaption><\/figure>\n<h2>O que torna a pel\u00edcula hologr\u00e1fica PET sem costuras Z37 \u00fanica?<\/h2>\n<h3>Est\u00e9tica distinta e produ\u00e7\u00e3o de base<\/h3>\n<p class=\"ds-markdown-paragraph\">Criada atrav\u00e9s de um revestimento de precis\u00e3o + tecnologia de grava\u00e7\u00e3o hologr\u00e1fica, a s\u00e9rie Z37 apresenta um design deslumbrante de arco-\u00edris com tons brilhantes prateados - reflectindo o aspeto premium da pel\u00edcula de holograma sem costuras da K Laser. O efeito laser \u00e9 personalizado atrav\u00e9s de placas de moldagem, aproveitando os princ\u00edpios de amplifica\u00e7\u00e3o de luz de emiss\u00e3o estimulada para fornecer padr\u00f5es n\u00edtidos e consistentes (incluindo acabamento laser de superf\u00edcie lisa).<\/p>\n<h3>Carater\u00edsticas inigual\u00e1veis (adaptadas para Z37)<\/h3>\n<p class=\"ds-markdown-paragraph\">Excel\u00eancia anti-contrafa\u00e7\u00e3o: Padr\u00f5es hologr\u00e1ficos \u00fanicos em prata arco-\u00edris + capacidade de palavra laser oca (atrav\u00e9s de grava\u00e7\u00e3o na camada PET) para eliminar a contrafa\u00e7\u00e3o.<\/p>\n<p class=\"ds-markdown-paragraph\">Ambiental e duradouro: Verde, n\u00e3o t\u00f3xico e altamente resistente \u00e0 eros\u00e3o da tinta, ao vapor de \u00e1gua e ao di\u00f3xido de carbono.<\/p>\n<p class=\"ds-markdown-paragraph\">Alto desempenho: Brilho excecional (ideal para embalagens de fumo), propriedades anti-est\u00e1ticas, anti-ader\u00eancia e adaptabilidade superior \u00e0 m\u00e1quina - perfeito para linhas de embalagem de alta velocidade.<\/p>\n<p class=\"ds-markdown-paragraph\">Estabilidade: Resiste a temperaturas elevadas, mant\u00e9m uma excelente solidez da cor; a superf\u00edcie lisa e transparente garante resultados de impress\u00e3o perfeitos.<\/p>\n<h3>Estrutura de camadas:<\/h3>\n<p class=\"ds-markdown-paragraph\"><strong>Camada de cobertura opaca\u2192Camada de reflex\u00e3o plana\u2192Camada de transmiss\u00e3o PET\u2192Camada de reflex\u00e3o difusa\u2192(Repetir para obter um efeito melhorado)<\/strong><\/p>\n<p class=\"ds-markdown-paragraph\">Este design de reflex\u00e3o de camada dupla amplifica o efeito hologr\u00e1fico arco-\u00edris prateado da Z37, criando um brilho vivo e apelativo vis\u00edvel diretamente \u00e0 luz natural - elevando o luxo da embalagem do produto.<\/p>\n<figure id=\"attachment_578\" aria-describedby=\"caption-attachment-578\" style=\"width: 800px\" class=\"wp-caption alignnone\"><img decoding=\"async\" class=\"size-full wp-image-578\" src=\"https:\/\/www.ywjunchi.com\/wp-content\/uploads\/2026\/03\/010-1.jpg\" alt=\"z37 pel\u00edcula hologr\u00e1fica arco-\u00edris sem costura para animais de estima\u00e7\u00e3o\" width=\"800\" height=\"800\" srcset=\"https:\/\/www.ywjunchi.com\/wp-content\/uploads\/2026\/03\/010-1.jpg 800w, https:\/\/www.ywjunchi.com\/wp-content\/uploads\/2026\/03\/010-1-300x300.jpg 300w, https:\/\/www.ywjunchi.com\/wp-content\/uploads\/2026\/03\/010-1-100x100.jpg 100w, https:\/\/www.ywjunchi.com\/wp-content\/uploads\/2026\/03\/010-1-600x600.jpg 600w, https:\/\/www.ywjunchi.com\/wp-content\/uploads\/2026\/03\/010-1-150x150.jpg 150w, https:\/\/www.ywjunchi.com\/wp-content\/uploads\/2026\/03\/010-1-768x768.jpg 768w\" sizes=\"(max-width: 800px) 100vw, 800px\" \/><figcaption id=\"caption-attachment-578\" class=\"wp-caption-text\">z37 pel\u00edcula hologr\u00e1fica arco-\u00edris sem costura para animais de estima\u00e7\u00e3o<\/figcaption><\/figure>\n<hr \/>\n<h2>Aplica\u00e7\u00f5es vers\u00e1teis<\/h2>\n<p class=\"ds-markdown-paragraph\">A pel\u00edcula hologr\u00e1fica Z37 PET \u00e9 a melhor escolha para:<\/p>\n<p class=\"ds-markdown-paragraph\">Embalagens de consumo: Caixas de tabaco, embalagens de m\u00e1scaras, caixas de cosm\u00e9ticos, r\u00f3tulos de alimentos e bebidas (destaca-se nas linhas de produtos topo de gama).<\/p>\n<p class=\"ds-markdown-paragraph\">Embalagem de qualidade superior: caixas de oferta especiais, sacos de m\u00e3o (laminados em papel\/cart\u00e3o para um acabamento de luxo).<\/p>\n<p class=\"ds-markdown-paragraph\">Embalagens flex\u00edveis: rolos para m\u00e1quinas form-fill-seal (FFS), sacos pr\u00e9-fabricados sel\u00e1veis.<\/p>\n<p class=\"ds-markdown-paragraph\">Melhoria da marca:Combina o apelo visual do arco-\u00edris prateado com a prote\u00e7\u00e3o anti-contrafa\u00e7\u00e3o para aumentar o reconhecimento e a confian\u00e7a na marca.<\/p>\n<hr \/>\n<h2>Porqu\u00ea escolher a YWJUNCHI Z37?<\/h2>\n<p class=\"ds-markdown-paragraph\">1,Design especializado:O acabamento em arco-\u00edris prateado da Z37 replica a verdadeira est\u00e9tica de holograma sem costuras da K Laser a um pre\u00e7o econ\u00f3mico.<\/p>\n<p class=\"ds-markdown-paragraph\">2,Lideran\u00e7a na ind\u00fastria:Principal fabricante de pel\u00edculas hologr\u00e1ficas PET na China, com a confian\u00e7a de distribuidores e marcas globais.<\/p>\n<p class=\"ds-markdown-paragraph\">3, Personaliza\u00e7\u00e3o: Desenhos flex\u00edveis, cores, espessuras e tamanhos - suporta requisitos OEM\/ODM para necessidades de embalagem \u00fanicas.<\/p>\n<p class=\"ds-markdown-paragraph\">4, Garantia de qualidade: A equipa profissional de monitoriza\u00e7\u00e3o do fabrico assegura uma estabilidade e fiabilidade consistentes; cumpre as normas de qualidade internacionais.<\/p>\n<p class=\"ds-markdown-paragraph\">5,Amigo do ambiente:Os materiais ambientalmente sustent\u00e1veis alinham-se com as tend\u00eancias globais de embalagens ecol\u00f3gicas.<\/p>\n<p class=\"ds-markdown-paragraph\">6,Custo-eficaz:Mais de 20 anos de experi\u00eancia oferecem solu\u00e7\u00f5es optimizadas com pre\u00e7os competitivos, sem comprometer a qualidade.<\/p>\n<p class=\"ds-markdown-paragraph\">7,Customer-Centric:Equipas dedicadas de I&amp;D e de engenharia para satisfazer as exig\u00eancias espec\u00edficas dos clientes; foco na parceria comercial a longo prazo.<\/p>\n<figure id=\"attachment_579\" aria-describedby=\"caption-attachment-579\" style=\"width: 800px\" class=\"wp-caption alignnone\"><img decoding=\"async\" class=\"size-full wp-image-579\" src=\"https:\/\/www.ywjunchi.com\/wp-content\/uploads\/2026\/03\/010-3.jpg\" alt=\"z37 pel\u00edcula hologr\u00e1fica arco-\u00edris para animais de estima\u00e7\u00e3o sem cal\u00e7o\" width=\"800\" height=\"800\" srcset=\"https:\/\/www.ywjunchi.com\/wp-content\/uploads\/2026\/03\/010-3.jpg 800w, https:\/\/www.ywjunchi.com\/wp-content\/uploads\/2026\/03\/010-3-300x300.jpg 300w, https:\/\/www.ywjunchi.com\/wp-content\/uploads\/2026\/03\/010-3-100x100.jpg 100w, https:\/\/www.ywjunchi.com\/wp-content\/uploads\/2026\/03\/010-3-600x600.jpg 600w, https:\/\/www.ywjunchi.com\/wp-content\/uploads\/2026\/03\/010-3-150x150.jpg 150w, https:\/\/www.ywjunchi.com\/wp-content\/uploads\/2026\/03\/010-3-768x768.jpg 768w\" sizes=\"(max-width: 800px) 100vw, 800px\" \/><figcaption id=\"caption-attachment-579\" class=\"wp-caption-text\">z37 pel\u00edcula hologr\u00e1fica arco-\u00edris para animais de estima\u00e7\u00e3o sem cal\u00e7o<\/figcaption><\/figure>\n<hr \/>\n<h2>Destaques das FAQ (Guia completo dispon\u00edvel mediante pedido)<\/h2>\n<p class=\"ds-markdown-paragraph\">Pode ser laminado? Sim, optimizado para lamina\u00e7\u00e3o de papel\/cart\u00e3o para melhorar a embalagem premium.<\/p>\n<p class=\"ds-markdown-paragraph\">Compat\u00edvel com impress\u00e3o UV?Absolutamente, a superf\u00edcie lisa aceita perfeitamente a impress\u00e3o UV sem afetar o efeito hologr\u00e1fico.<\/p>\n<p class=\"ds-markdown-paragraph\">Barreira \u00e0 humidade? Sim, resiste eficazmente ao vapor de \u00e1gua para manter a frescura do produto.<\/p>\n<p class=\"ds-markdown-paragraph\">Amigo do ambiente?100% - materiais ecol\u00f3gicos com baixa pegada de carbono.<\/p>\n<p class=\"ds-markdown-paragraph\">Qual \u00e9 a diferen\u00e7a entre o Z37 e o Z06? O Z37 apresenta um design arco-\u00edris prateado (semelhante ao K Laser), enquanto o Z06 utiliza o design D38 do K Laser; a largura m\u00e1xima difere (830 mm vs 930 mm) para se adaptar a diversas necessidades de produ\u00e7\u00e3o. Z06=arco-\u00edris sem costuras normalizado; Z37=arco-\u00edris sem costuras mais brilhante, mais brilhante e mais premium (op\u00e7\u00f5es de tamanho\/espessura id\u00eanticas).<\/p>\n<figure id=\"attachment_580\" aria-describedby=\"caption-attachment-580\" style=\"width: 800px\" class=\"wp-caption alignnone\"><img loading=\"lazy\" decoding=\"async\" class=\"size-full wp-image-580\" src=\"https:\/\/www.ywjunchi.com\/wp-content\/uploads\/2026\/03\/010-4.jpg\" alt=\"z37 pel\u00edcula hologr\u00e1fica arco-\u00edris para animais de estima\u00e7\u00e3o sem cal\u00e7o\" width=\"800\" height=\"800\" srcset=\"https:\/\/www.ywjunchi.com\/wp-content\/uploads\/2026\/03\/010-4.jpg 800w, https:\/\/www.ywjunchi.com\/wp-content\/uploads\/2026\/03\/010-4-300x300.jpg 300w, https:\/\/www.ywjunchi.com\/wp-content\/uploads\/2026\/03\/010-4-100x100.jpg 100w, https:\/\/www.ywjunchi.com\/wp-content\/uploads\/2026\/03\/010-4-600x600.jpg 600w, https:\/\/www.ywjunchi.com\/wp-content\/uploads\/2026\/03\/010-4-150x150.jpg 150w, https:\/\/www.ywjunchi.com\/wp-content\/uploads\/2026\/03\/010-4-768x768.jpg 768w\" sizes=\"(max-width: 800px) 100vw, 800px\" \/><figcaption id=\"caption-attachment-580\" class=\"wp-caption-text\">z37 pel\u00edcula hologr\u00e1fica arco-\u00edris para animais de estima\u00e7\u00e3o sem cal\u00e7o<\/figcaption><\/figure>\n<hr \/>\n<p class=\"ds-markdown-paragraph\">Para obter a pel\u00edcula hologr\u00e1fica PET de alta qualidade Z37 sem costuras, que combina o luxo do arco-\u00edris prateado, o desempenho de topo e a prote\u00e7\u00e3o anti-contrafa\u00e7\u00e3o, associe-se \u00e0 YWJUNCHI. Oferecemos solu\u00e7\u00f5es comerciais aut\u00eanticas e rent\u00e1veis, adaptadas \u00e0s necessidades do seu sector.<\/p>","protected":false},"excerpt":{"rendered":"<p>Z37 pel\u00edcula hologr\u00e1fica arco-\u00edris sem costura para animais de estima\u00e7\u00e3o, espessura de 16 m\u00edcrons, largura m\u00e1xima de 830 mm. Z37 \u00e9 mais brilho de cor prata arco-\u00edris design hologr\u00e1fico.<\/p>","protected":false},"featured_media":577,"comment_status":"open","ping_status":"closed","template":"","meta":[],"product_brand":[],"product_cat":[17],"product_tag":[43,44,33,42,39],"class_list":{"0":"post-180","1":"product","2":"type-product","3":"status-publish","4":"has-post-thumbnail","6":"product_cat-holographic-film","7":"product_tag-holographic-lamination-film","8":"product_tag-holographic-transfer-film","9":"product_tag-seamless-pet-holographic-film","10":"product_tag-true-seamless-similiar-color-raibow-hologram-film","11":"product_tag-z37-rainbow-pet-hologram-film","13":"first","14":"instock","15":"shipping-taxable","16":"product-type-simple"},"_links":{"self":[{"href":"https:\/\/www.ywjunchi.com\/pt\/wp-json\/wp\/v2\/product\/180","targetHints":{"allow":["GET"]}}],"collection":[{"href":"https:\/\/www.ywjunchi.com\/pt\/wp-json\/wp\/v2\/product"}],"about":[{"href":"https:\/\/www.ywjunchi.com\/pt\/wp-json\/wp\/v2\/types\/product"}],"replies":[{"embeddable":true,"href":"https:\/\/www.ywjunchi.com\/pt\/wp-json\/wp\/v2\/comments?post=180"}],"wp:featuredmedia":[{"embeddable":true,"href":"https:\/\/www.ywjunchi.com\/pt\/wp-json\/wp\/v2\/media\/577"}],"wp:attachment":[{"href":"https:\/\/www.ywjunchi.com\/pt\/wp-json\/wp\/v2\/media?parent=180"}],"wp:term":[{"taxonomy":"product_brand","embeddable":true,"href":"https:\/\/www.ywjunchi.com\/pt\/wp-json\/wp\/v2\/product_brand?post=180"},{"taxonomy":"product_cat","embeddable":true,"href":"https:\/\/www.ywjunchi.com\/pt\/wp-json\/wp\/v2\/product_cat?post=180"},{"taxonomy":"product_tag","embeddable":true,"href":"https:\/\/www.ywjunchi.com\/pt\/wp-json\/wp\/v2\/product_tag?post=180"}],"curies":[{"name":"wp","href":"https:\/\/api.w.org\/{rel}","templated":true}]}}