{"id":169,"date":"2026-03-17T09:08:08","date_gmt":"2026-03-17T09:08:08","guid":{"rendered":"https:\/\/www.ywjunchi.com\/?post_type=product&#038;p=169"},"modified":"2026-05-01T07:44:14","modified_gmt":"2026-05-01T07:44:14","slug":"pelicula-de-holograma-para-animais-de-estimacao-z06","status":"publish","type":"product","link":"https:\/\/www.ywjunchi.com\/pt\/product\/z06-pet-hologram-film\/","title":{"rendered":"Pel\u00edcula de holograma para animais de estima\u00e7\u00e3o Z06"},"content":{"rendered":"<h2><strong>Pel\u00edcula de holograma sem costuras Z06 PET Rainbow<\/strong><\/h2>\n<p>Desenho hologr\u00e1fico arco-\u00edris da s\u00e9rie Z06, laser K D38 master.<\/p>\n<p>Largura m\u00e1xima: 930 mm<\/p>\n<p class=\"ds-markdown-paragraph\">Os nossos engenheiros profissionais especializam-se no desenvolvimento de pel\u00edculas hologr\u00e1ficas PET sem costuras que satisfazem as exig\u00eancias e expectativas de cada cliente. Os nossos produtos, nomeadamente a pel\u00edcula hologr\u00e1fica PET, s\u00e3o tamb\u00e9m ecol\u00f3gicos e f\u00e1ceis de utilizar.<\/p>\n<p class=\"ds-markdown-paragraph\">A pel\u00edcula hologr\u00e1fica PET da YWJUNCHI aplica-se em embalagens que promovem a marca de uma empresa. Pode formar, encher e selar embalagens em rolo ou sacos flex\u00edveis pr\u00e9-fabricados com pel\u00edculas hologr\u00e1ficas coladas para selar. Tamb\u00e9m \u00e9 \u00f3ptima para embalagens de consumo, bem como caixas de oferta especiais e bolsas podem ser feitas laminando-as em papel ou cart\u00e3o.<\/p>\n<p class=\"ds-markdown-paragraph\">A nossa equipa profissional de controlo do fabrico inspecciona frequentemente a qualidade da sua pel\u00edcula hologr\u00e1fica PET para avaliar a sua estabilidade e fiabilidade. Na China, a YWJUNCHI \u00e9 um conhecido fabricante e fornecedor de pel\u00edculas hologr\u00e1ficas PET.<\/p>\n<hr \/>\n<h2>Carater\u00edsticas e vantagens do produto<\/h2>\n<p><strong>Z06 PET Rainbow Seamless Hologram Film,outro nome:CP01,CHD38,CPKZ,SA06.<\/strong><\/p>\n<table>\n<thead>\n<tr>\n<th align=\"left\">Par\u00e2metro<\/th>\n<th align=\"left\">Detalhes<\/th>\n<\/tr>\n<\/thead>\n<tbody>\n<tr>\n<td align=\"left\">Modelo<\/td>\n<td align=\"left\">Z06<\/td>\n<\/tr>\n<tr>\n<td align=\"left\">Material<\/td>\n<td align=\"left\">PET (politereftalato de etileno), amigo do ambiente, dimensionalmente est\u00e1vel<\/td>\n<\/tr>\n<tr>\n<td align=\"left\">Conce\u00e7\u00e3o<\/td>\n<td align=\"left\"><strong>Arco-\u00edris hologr\u00e1fico sem costuras<\/strong> (sem costuras padr\u00e3o, mudan\u00e7a de cor iridescente com o \u00e2ngulo de vis\u00e3o\/luz, obtida atrav\u00e9s de grava\u00e7\u00e3o UV de precis\u00e3o)<\/td>\n<\/tr>\n<tr>\n<td align=\"left\">Largura m\u00e1xima<\/td>\n<td align=\"left\">930 mm<\/td>\n<\/tr>\n<tr>\n<td align=\"left\">Op\u00e7\u00f5es de espessura<\/td>\n<td align=\"left\">16 \u03bcm (fino, flex\u00edvel, adequado para impress\u00e3o\/lamina\u00e7\u00e3o a alta velocidade); 50 \u03bcm (mais espesso, mais resistente, melhor para embalagem\/decora\u00e7\u00e3o aut\u00f3noma)<\/td>\n<\/tr>\n<tr>\n<td align=\"left\">Comprimento padr\u00e3o do rolo<\/td>\n<td align=\"left\">3000 m\/rolo,6000 m\/rolo<\/td>\n<\/tr>\n<tr>\n<td align=\"left\">N\u00facleo<\/td>\n<td align=\"left\">Normalmente, n\u00facleo de papel de 3 ou 6 polegadas para compatibilidade com m\u00e1quinas de corte\/impress\u00e3o industriais<\/td>\n<\/tr>\n<\/tbody>\n<\/table>\n<h3>Carater\u00edsticas principais<\/h3>\n<p>1, efeito arco-\u00edris sem costura: sem quebras de padr\u00e3o repetitivo, alto brilho e apelo visual.<\/p>\n<p>2,Vantagens do PET: excelente resist\u00eancia \u00e0 tra\u00e7\u00e3o, resist\u00eancia qu\u00edmica, estabilidade t\u00e9rmica, recicl\u00e1vel, compat\u00edvel com o contacto com alimentos (cumpre as normas relevantes quando devidamente processado).<\/p>\n<p>3,Processabilidade:Imprim\u00edvel (UV, offset, flexo), revestido, lamin\u00e1vel, transfer\u00edvel por calor; boa ader\u00eancia da tinta e desempenho de corte e vinco.<\/p>\n<p>4, Potencial anti-contrafa\u00e7\u00e3o: A estrutura hologr\u00e1fica \u00fanica \u00e9 dif\u00edcil de reproduzir, sendo frequentemente utilizada como elemento de seguran\u00e7a em embalagens de qualidade superior.<\/p>\n<p>5, cor metalizada prateada, cor transparente ZNS poss\u00edvel.<\/p>\n<h3>Aplica\u00e7\u00f5es t\u00edpicas<\/h3>\n<p>Embalagens de qualidade superior: caixas de cosm\u00e9ticos, r\u00f3tulos de vinho, caixas de oferta, ma\u00e7os de cigarros, embalagens de produtos alimentares (especialmente produtos de confeitaria\/chocolate de alta qualidade)<\/p>\n<p>Impress\u00e3o e lamina\u00e7\u00e3o: lamina\u00e7\u00e3o de papel\/cart\u00e3o, melhoramento de cartazes\/materiais publicit\u00e1rios, capas de livros<\/p>\n<p>Decora\u00e7\u00e3o e artesanato: transfer\u00eancia de calor para t\u00eaxteis, artigos de papelaria, decora\u00e7\u00f5es festivas, autocolantes de seguran\u00e7a<\/p>\n<p>Utiliza\u00e7\u00f5es industriais:Pel\u00edcula de base de folha de impress\u00e3o a quente hologr\u00e1fica, etiquetas anti-contrafa\u00e7\u00e3o<\/p>\n<h3>Notas f\u00edsicas e de manuseamento<\/h3>\n<p>Armazenamento: Manter num ambiente seco, fresco e sem p\u00f3 (20\u00b15\u00b0C, RH 50\u00b110%), evitar a luz solar direta e a humidade elevada para evitar deforma\u00e7\u00f5es ou degrada\u00e7\u00e3o do padr\u00e3o.<\/p>\n<p>Temperatura de processamento: Adequado para lamina\u00e7\u00e3o a frio; se for utilizada lamina\u00e7\u00e3o\/impress\u00e3o a quente, controlar a temperatura para evitar o encolhimento do PET (normalmente \u226480\u00b0C para pel\u00edcula fina de 16\u03bcm).<\/p>\n<p>Peso do rolo: calcul\u00e1vel com base nas dimens\u00f5es (por exemplo, 930 mm de largura \u00d7 3000 m de comprimento \u00d7 16 \u03bcm de espessura: densidade PET ~ 1,38 g\/cm\u00b3, o peso l\u00edquido pode ser estimado para o planeamento log\u00edstico).<\/p>\n<h3>Carater\u00edsticas da pel\u00edcula hologr\u00e1fica PET<\/h3>\n<p class=\"ds-markdown-paragraph\">Efeito hologr\u00e1fico, alto brilho.<\/p>\n<p class=\"ds-markdown-paragraph\">A superf\u00edcie \u00e9 lisa e transparente.<\/p>\n<p class=\"ds-markdown-paragraph\">Excelente desempenho de fixa\u00e7\u00e3o de cores.<\/p>\n<p class=\"ds-markdown-paragraph\">Excelente for\u00e7a de liga\u00e7\u00e3o.<\/p>\n<p class=\"ds-markdown-paragraph\">Mant\u00e9m-se est\u00e1vel a temperaturas elevadas.<\/p>\n<p class=\"ds-markdown-paragraph\">Podemos melhorar a efic\u00e1cia do nosso produto com a nossa experi\u00eancia e conhecimentos consider\u00e1veis, permitindo-lhe ter solu\u00e7\u00f5es mais precisas. Podemos produzir a pel\u00edcula hologr\u00e1fica PET adequada para corresponder \u00e0s suas necessidades.<\/p>\n<p class=\"ds-markdown-paragraph\">Prestamos muita aten\u00e7\u00e3o \u00e0 qualidade da nossa pel\u00edcula hologr\u00e1fica PET e promovemos com sucesso as suas capacidades e vantagens superiores.<\/p>\n<p><strong>Holograma sem costuras vs. holograma com padr\u00e3o<\/strong>Ao contr\u00e1rio das pel\u00edculas com padr\u00f5es de repeti\u00e7\u00e3o peri\u00f3dica, a holografia sem descontinuidades proporciona uma superf\u00edcie visual maior e ininterrupta, ideal para embalagens\/impress\u00e3o de grandes \u00e1reas para evitar problemas de desalinhamento de padr\u00f5es.<\/p>\n<p><strong>Sele\u00e7\u00e3o da espessura<\/strong>A pel\u00edcula de 16\u03bcm \u00e9 econ\u00f3mica e leve, adequada para lamina\u00e7\u00e3o de etiquetas e convers\u00e3o a alta velocidade; a pel\u00edcula de 50\u03bcm oferece maior rigidez e durabilidade, sendo preferida para aplica\u00e7\u00f5es que exijam uma resist\u00eancia de pel\u00edcula aut\u00f3noma.<\/p>\n<p><strong>Personaliza\u00e7\u00e3o<\/strong>Muitos fabricantes podem ajustar a largura, o comprimento ou adicionar tratamentos de superf\u00edcie (por exemplo, anti-est\u00e1tico, revestimento mate, suporte adesivo) de acordo com os requisitos da encomenda, sujeito \u00e0s condi\u00e7\u00f5es MOQ.<\/p>\n<h3>Vantagens da pel\u00edcula hologr\u00e1fica PET<\/h3>\n<p class=\"ds-markdown-paragraph\">Aspeto atrativo com a m\u00e1xima clareza.<\/p>\n<p class=\"ds-markdown-paragraph\">Efeitos hologr\u00e1ficos brilhantes e lustrosos com uma luminosidade e um brilho not\u00e1veis.<\/p>\n<p class=\"ds-markdown-paragraph\">Elevada for\u00e7a de ader\u00eancia, resist\u00eancia ao calor e resist\u00eancia \u00e0 \u00e1gua.<\/p>\n<p class=\"ds-markdown-paragraph\">O liso, o feixe de luz e os padr\u00f5es est\u00e3o todos dispon\u00edveis numa variedade de cores e desenhos.<\/p>\n<p class=\"ds-markdown-paragraph\">Os clientes podem escolher entre uma variedade de esquemas, bem como criar o seu pr\u00f3prio esquema.<\/p>\n<p class=\"ds-markdown-paragraph\">\u00c9 adequado para fins de imita\u00e7\u00e3o de alta qualidade.<\/p>\n<hr \/>\n<h2>Porqu\u00ea escolher a YWJUNCHI<\/h2>\n<p class=\"ds-markdown-paragraph\">Se voc\u00ea \u00e9 um distribuidor, fabricante ou propriet\u00e1rio de uma empresa, YWJUNCHI \u00e9 sempre a melhor op\u00e7\u00e3o quando se trata de importar um filme hologr\u00e1fico de PET confi\u00e1vel.<\/p>\n<p class=\"ds-markdown-paragraph\">Se necessita de uma pel\u00edcula hologr\u00e1fica PET para o crescimento da sua empresa, a YWJUNCHI \u00e9 a op\u00e7\u00e3o mais segura.<\/p>\n<p class=\"ds-markdown-paragraph\">A YWJUNCHI compromete-se a oferecer produtos de alta qualidade, bem como um servi\u00e7o excecional ao cliente. Encorajamos os clientes novos e existentes a estabelecerem rela\u00e7\u00f5es comerciais a longo prazo connosco. podemos criar um futuro brilhante.<\/p>\n<hr \/>\n<h2>Guia completo de FAQ<\/h2>\n<h3>Pel\u00edcula hologr\u00e1fica PET: O melhor guia de perguntas frequentes<\/h3>\n<p class=\"ds-markdown-paragraph\">Sei que escolher uma pel\u00edcula hologr\u00e1fica PET de alta qualidade pode ser uma tarefa dif\u00edcil.<\/p>\n<p class=\"ds-markdown-paragraph\">Por isso, este guia explora tudo o que precisa de saber sobre as pel\u00edculas hologr\u00e1ficas PET, tais como carater\u00edsticas, vantagens, utiliza\u00e7\u00f5es e espessura, s\u00f3 para mencionar algumas.<\/p>\n<p class=\"ds-markdown-paragraph\">Por isso, antes de escolher as suas pr\u00f3ximas pel\u00edculas hologr\u00e1ficas PET, leia este guia.<\/p>\n<p class=\"ds-markdown-paragraph\"><strong>O que \u00e9 a pel\u00edcula hologr\u00e1fica PET?<\/strong><br \/>\n<strong>Onde \u00e9 utilizada a pel\u00edcula hologr\u00e1fica PET?<\/strong><br \/>\n<strong>A pel\u00edcula hologr\u00e1fica PET pode ser laminada?<\/strong><br \/>\n<strong>O que \u00e9 a pel\u00edcula de lamina\u00e7\u00e3o hologr\u00e1fica Rainbow PET sem costuras?<\/strong><br \/>\n<strong>Quais s\u00e3o as vantagens de utilizar pel\u00edcula hologr\u00e1fica PET?<\/strong><br \/>\n<strong>Que material \u00e9 utilizado no fabrico de pel\u00edcula hologr\u00e1fica PET?<\/strong><br \/>\n<strong>\u00c9 poss\u00edvel fazer impress\u00e3o UV em pel\u00edcula hologr\u00e1fica PET?<\/strong><br \/>\n<strong>Qual \u00e9 a diferen\u00e7a entre a pel\u00edcula hologr\u00e1fica PET e a pel\u00edcula BOPET?<\/strong><br \/>\n<strong>A pel\u00edcula hologr\u00e1fica PET \u00e9 uma barreira \u00e0 humidade?<\/strong><br \/>\n<strong>Como \u00e9 embalada a pel\u00edcula hologr\u00e1fica PET?<\/strong><br \/>\n<strong>Quais s\u00e3o as carater\u00edsticas da pel\u00edcula hologr\u00e1fica PET?<\/strong><br \/>\n<strong>Quais s\u00e3o as op\u00e7\u00f5es de espessura dispon\u00edveis da pel\u00edcula hologr\u00e1fica PET?<\/strong><br \/>\n<strong>Quais s\u00e3o as propriedades f\u00edsicas e mec\u00e2nicas da pel\u00edcula hologr\u00e1fica PET?<\/strong><br \/>\n<strong>A pel\u00edcula hologr\u00e1fica PET est\u00e1 dispon\u00edvel em diferentes cores?<\/strong><br \/>\n<strong>Quais s\u00e3o os factores a considerar ao selecionar uma pel\u00edcula hologr\u00e1fica PET?<\/strong><br \/>\n<strong>Quanto custa a pel\u00edcula hologr\u00e1fica PET?<\/strong><br \/>\n<strong>A pel\u00edcula hologr\u00e1fica PET \u00e9 amiga do ambiente?<\/strong><br \/>\n<strong>Quais s\u00e3o as desvantagens da pel\u00edcula hologr\u00e1fica PET?<\/strong><br \/>\n<strong>Quais s\u00e3o os m\u00e9todos de armazenamento da pel\u00edcula hologr\u00e1fica PET?<\/strong><br \/>\n<strong>A pel\u00edcula hologr\u00e1fica PET est\u00e1 dispon\u00edvel em diferentes tamanhos?<\/strong><br \/>\n<strong>Existem regulamentos com os quais a pel\u00edcula hologr\u00e1fica PET deve estar em conformidade?<\/strong><br \/>\n<strong>Que servi\u00e7os de convers\u00e3o podem os fabricantes oferecer sobre a pel\u00edcula hologr\u00e1fica PET?<\/strong><br \/>\n<strong>A que normas de qualidade deve a pel\u00edcula hologr\u00e1fica PET obedecer?<\/strong><br \/>\n<strong>Quais s\u00e3o os graus dispon\u00edveis de pel\u00edculas hologr\u00e1ficas PET?<\/strong><br \/>\n<strong>Como deve ser manuseada a pel\u00edcula hologr\u00e1fica PET?<\/strong><\/p>\n<hr \/>\n<h2>Aplica\u00e7\u00f5es<\/h2>\n<p class=\"ds-markdown-paragraph\">A pel\u00edcula hologr\u00e1fica de alta qualidade para animais de estima\u00e7\u00e3o \u00e9 utilizada pelos utilizadores finais, tais como caixas de tabaco, caixas de m\u00e1scaras, caixas de cosm\u00e9ticos, etc.<\/p>\n<p>O filme hologr\u00e1fico de pvc Z06 sem costura pode ser usado para etiqueta de adesivo de holograma, cart\u00e3o etc.<\/p>\n<hr \/>\n<h2>Informa\u00e7\u00f5es sobre o mercado<\/h2>\n<h3>Crescimento do sector<\/h3>\n<p class=\"ds-markdown-paragraph\">A pel\u00edcula hologr\u00e1fica \u00e9 popular para a rotulagem de produtos na ind\u00fastria alimentar e de bebidas, e a ind\u00fastria gr\u00e1fica, especialmente a aplica\u00e7\u00e3o da impress\u00e3o digital, dominar\u00e1 o crescimento do mercado da pel\u00edcula hologr\u00e1fica durante o per\u00edodo de previs\u00e3o.<\/p>\n<p class=\"ds-markdown-paragraph\">Prev\u00ea-se que o mercado das transpar\u00eancias hologr\u00e1ficas cres\u00e7a \u00e0 medida que aumenta a sensibiliza\u00e7\u00e3o para as vantagens da utiliza\u00e7\u00e3o de transpar\u00eancias hologr\u00e1ficas. Al\u00e9m disso, a presen\u00e7a crescente e a prote\u00e7\u00e3o da marca dos materiais de consumo aumentar\u00e3o o valor do mercado.<\/p>\n<p class=\"ds-markdown-paragraph\">Um aumento no lan\u00e7amento, investimento e desenvolvimento Al\u00e9m disso, com o aumento da introdu\u00e7\u00e3o de filmes de embalagem anti-falsifica\u00e7\u00e3o por grandes empresas, haver\u00e1 oportunidades de lucro para os participantes do mercado durante o per\u00edodo de previs\u00e3o de 2022 a 2029. Al\u00e9m disso, espera-se que os fabricantes invistam cada vez mais intensamente no desenvolvimento de mais filmes hologr\u00e1ficos, a fim de expandir o crescimento futuro do mercado de filmes transparentes de proje\u00e7\u00e3o hologr\u00e1fica.<\/p>\n<h3>Altera\u00e7\u00e3o do pre\u00e7o<\/h3>\n<p class=\"ds-markdown-paragraph\">A altera\u00e7\u00e3o do pre\u00e7o das mat\u00e9rias-primas necess\u00e1rias \u00e0 produ\u00e7\u00e3o de pel\u00edculas hologr\u00e1ficas, como o tereftalato de polietileno (PET), o polietileno (PE) e o polipropileno (PP), e a altera\u00e7\u00e3o do pre\u00e7o do petr\u00f3leo bruto t\u00eam um impacto direto na produ\u00e7\u00e3o de pel\u00edculas, pelo que o petr\u00f3leo bruto \u00e9 produzido a partir do petr\u00f3leo bruto.<\/p>\n<h3>Equipamento de moldagem a laser delicado e dispendioso<\/h3>\n<p class=\"ds-markdown-paragraph\">O equipamento de pel\u00edcula hologr\u00e1fica \u00e9 muito sofisticado e dispendioso, e as condi\u00e7\u00f5es laboratoriais dever\u00e3o impedir a expans\u00e3o da ind\u00fastria de pel\u00edcula hologr\u00e1fica, o que inibir\u00e1 o crescimento do mercado de pel\u00edculas de proje\u00e7\u00e3o hologr\u00e1fica durante o per\u00edodo de previs\u00e3o.<\/p>","protected":false},"excerpt":{"rendered":"<p>Pel\u00edcula hologr\u00e1fica Z06 rainbow pet, Espessura 16 microns, Largura m\u00e1xima 930mm.<\/p>","protected":false},"featured_media":371,"comment_status":"open","ping_status":"closed","template":"","meta":[],"product_brand":[],"product_cat":[17],"product_tag":[70,69,71,32,41,72,33,39],"class_list":{"0":"post-169","1":"product","2":"type-product","3":"status-publish","4":"has-post-thumbnail","6":"product_cat-holographic-film","7":"product_tag-chd38","8":"product_tag-cp01","9":"product_tag-cpkz","10":"product_tag-pet-hologram-film","11":"product_tag-rainbow-pet-holographic-film","12":"product_tag-sa06","13":"product_tag-seamless-pet-holographic-film","14":"product_tag-z37-rainbow-pet-hologram-film","16":"first","17":"instock","18":"shipping-taxable","19":"product-type-simple"},"_links":{"self":[{"href":"https:\/\/www.ywjunchi.com\/pt\/wp-json\/wp\/v2\/product\/169","targetHints":{"allow":["GET"]}}],"collection":[{"href":"https:\/\/www.ywjunchi.com\/pt\/wp-json\/wp\/v2\/product"}],"about":[{"href":"https:\/\/www.ywjunchi.com\/pt\/wp-json\/wp\/v2\/types\/product"}],"replies":[{"embeddable":true,"href":"https:\/\/www.ywjunchi.com\/pt\/wp-json\/wp\/v2\/comments?post=169"}],"wp:featuredmedia":[{"embeddable":true,"href":"https:\/\/www.ywjunchi.com\/pt\/wp-json\/wp\/v2\/media\/371"}],"wp:attachment":[{"href":"https:\/\/www.ywjunchi.com\/pt\/wp-json\/wp\/v2\/media?parent=169"}],"wp:term":[{"taxonomy":"product_brand","embeddable":true,"href":"https:\/\/www.ywjunchi.com\/pt\/wp-json\/wp\/v2\/product_brand?post=169"},{"taxonomy":"product_cat","embeddable":true,"href":"https:\/\/www.ywjunchi.com\/pt\/wp-json\/wp\/v2\/product_cat?post=169"},{"taxonomy":"product_tag","embeddable":true,"href":"https:\/\/www.ywjunchi.com\/pt\/wp-json\/wp\/v2\/product_tag?post=169"}],"curies":[{"name":"wp","href":"https:\/\/api.w.org\/{rel}","templated":true}]}}