{"id":27,"date":"2026-03-17T01:08:14","date_gmt":"2026-03-17T01:08:14","guid":{"rendered":"https:\/\/www.ywjunchi.com\/?page_id=27"},"modified":"2026-04-09T01:55:58","modified_gmt":"2026-04-09T01:55:58","slug":"sobre-nos","status":"publish","type":"page","link":"https:\/\/www.ywjunchi.com\/pt\/about-us\/","title":{"rendered":"Sobre n\u00f3s"},"content":{"rendered":"<div data-elementor-type=\"wp-page\" data-elementor-id=\"27\" class=\"elementor elementor-27\" data-elementor-post-type=\"page\">\n\t\t\t\t<div class=\"elementor-element elementor-element-3ff2929d e-flex e-con-boxed e-con e-parent\" data-id=\"3ff2929d\" data-element_type=\"container\" data-e-type=\"container\" data-settings=\"{&quot;background_background&quot;:&quot;classic&quot;}\">\n\t\t\t\t\t<div class=\"e-con-inner\">\n\t\t\t\t<div class=\"elementor-element elementor-element-70a2105d elementor-widget elementor-widget-woocommerce-breadcrumb\" data-id=\"70a2105d\" data-element_type=\"widget\" data-e-type=\"widget\" data-widget_type=\"woocommerce-breadcrumb.default\">\n\t\t\t\t\t<nav class=\"woocommerce-breadcrumb\" aria-label=\"Breadcrumb\" data-no-translation=\"\" data-trp-gettext=\"\">In\u00edcio<\/nav>\t\t\t\t<\/div>\n\t\t\t\t\t<\/div>\n\t\t\t\t<\/div>\n\t\t<div class=\"elementor-element elementor-element-fc355db e-flex e-con-boxed e-con e-parent\" data-id=\"fc355db\" data-element_type=\"container\" data-e-type=\"container\">\n\t\t\t\t\t<div class=\"e-con-inner\">\n\t\t<div class=\"elementor-element elementor-element-40a002c e-con-full e-flex e-con e-child\" data-id=\"40a002c\" data-element_type=\"container\" data-e-type=\"container\">\n\t\t\t\t<div class=\"elementor-element elementor-element-ac5ff83 elementor-widget elementor-widget-image\" data-id=\"ac5ff83\" data-element_type=\"widget\" data-e-type=\"widget\" data-widget_type=\"image.default\">\n\t\t\t\t\t\t\t\t\t\t\t\t\t\t\t<img fetchpriority=\"high\" decoding=\"async\" width=\"800\" height=\"600\" src=\"https:\/\/www.ywjunchi.com\/wp-content\/uploads\/2026\/03\/Hard-press-machine-1024x768.jpg\" class=\"attachment-large size-large wp-image-105\" alt=\"M\u00e1quina de prensagem dura\" srcset=\"https:\/\/www.ywjunchi.com\/wp-content\/uploads\/2026\/03\/Hard-press-machine-1024x768.jpg 1024w, https:\/\/www.ywjunchi.com\/wp-content\/uploads\/2026\/03\/Hard-press-machine-600x450.jpg 600w, https:\/\/www.ywjunchi.com\/wp-content\/uploads\/2026\/03\/Hard-press-machine-300x225.jpg 300w, https:\/\/www.ywjunchi.com\/wp-content\/uploads\/2026\/03\/Hard-press-machine-768x576.jpg 768w, https:\/\/www.ywjunchi.com\/wp-content\/uploads\/2026\/03\/Hard-press-machine.jpg 1500w\" sizes=\"(max-width: 800px) 100vw, 800px\" \/>\t\t\t\t\t\t\t\t\t\t\t\t\t\t\t<\/div>\n\t\t\t\t<div class=\"elementor-element elementor-element-dccc4ba elementor-widget elementor-widget-text-editor\" data-id=\"dccc4ba\" data-element_type=\"widget\" data-e-type=\"widget\" data-widget_type=\"text-editor.default\">\n\t\t\t\t\t\t\t\t\t<p><strong>Yiwu Junchi Packaging Material Firm<\/strong> Como uma empresa integrada com capacidades de produ\u00e7\u00e3o e com\u00e9rcio, servimos marcas internacionais nos sectores da eletr\u00f3nica, cosm\u00e9tica, alimenta\u00e7\u00e3o e bebidas e bens de luxo, fornecendo solu\u00e7\u00f5es de embalagem personalizadas que combinam funcionalidade, est\u00e9tica e sustentabilidade.<\/p><p>A nossa gama de produtos foi concebida para satisfazer as diversas exig\u00eancias da ind\u00fastria, respeitando as normas globais e os processos de fabrico de ponta:<\/p><p><strong><b>Pel\u00edcula hologr\u00e1fica PET sem costura<\/b><\/strong><\/p><p>Efeito hologr\u00e1fico de 1,360\u00b0, continuidade de padr\u00e3o sem falhas (mais de 300 desenhos personaliz\u00e1veis), superf\u00edcie imprim\u00edvel por UV e conformidade com as normas de pel\u00edcula hologr\u00e1fica GBT 23808-2009. A espessura do revestimento \u00e9 controlada com precis\u00e3o a 3-5\u03bcm para uma durabilidade \u00f3ptima (classifica\u00e7\u00e3o de ader\u00eancia \u22654B) e efeito estereosc\u00f3pico 3D.<\/p><p>2. aplica\u00e7\u00f5es: Embalagem de cigarros\/cosm\u00e9ticos, etiquetas anti-contrafa\u00e7\u00e3o de marcas e embalagem de produtos topo de gama. Oferece compatibilidade de lamina\u00e7\u00e3o h\u00famida rent\u00e1vel e uma capacidade de produ\u00e7\u00e3o de 300.000 metros\/dia.<\/p><p><strong><b>Pel\u00edcula hologr\u00e1fica de PVC<\/b><\/strong><\/p><p>1. resist\u00eancia \u00e0 humidade, prote\u00e7\u00e3o UV e excelente capacidade de encolhimento. concebido para resist\u00eancia e estabilidade dimensional, com a dureza da superf\u00edcie a atingir \u22653H. est\u00e1 em conformidade com os regulamentos internacionais de material de embalagem de PVC para seguran\u00e7a e desempenho ambiental.<\/p><p>2. aplica\u00e7\u00f5es:Embalagem de componentes electr\u00f3nicos, embalagem log\u00edstica e aplica\u00e7\u00f5es decorativas que requerem propriedades \u00e0 prova de p\u00f3 e de choque.<\/p><p><strong><b>Papel hologr\u00e1fico<\/b><\/strong><\/p><p>1. padr\u00f5es multidimensionais que reflectem a luz, composi\u00e7\u00e3o de material sustent\u00e1vel e sem utiliza\u00e7\u00e3o excessiva de tinta - em conformidade com as tend\u00eancias globais de embalagens ecol\u00f3gicas. dispon\u00edvel em variantes de transfer\u00eancia e comp\u00f3sito para se adequar \u00e0 prote\u00e7\u00e3o da marca e \u00e0s necessidades decorativas.<\/p><p>2. posi\u00e7\u00e3o no mercado: Capitalizando no mercado global de papel hologr\u00e1fico de $1.2 bilh\u00f5es (CAGR projetado 9.2% at\u00e9 2033), nossos produtos s\u00e3o altamente procurados nos mercados da \u00c1sia-Pac\u00edfico, Am\u00e9rica do Norte e Europa.<\/p>\t\t\t\t\t\t\t\t<\/div>\n\t\t\t\t<div class=\"elementor-element elementor-element-9e83cd9 elementor-widget elementor-widget-button\" data-id=\"9e83cd9\" data-element_type=\"widget\" data-e-type=\"widget\" data-widget_type=\"button.default\">\n\t\t\t\t\t\t\t\t\t\t<a class=\"elementor-button elementor-button-link elementor-size-sm elementor-animation-grow\" href=\"https:\/\/www.ywjunchi.com\/pt\/contact-us\/\">\n\t\t\t\t\t\t<span class=\"elementor-button-content-wrapper\">\n\t\t\t\t\t\t\t\t\t<span class=\"elementor-button-text\">Obter um or\u00e7amento<\/span>\n\t\t\t\t\t<\/span>\n\t\t\t\t\t<\/a>\n\t\t\t\t\t\t\t\t<\/div>\n\t\t\t\t<\/div>\n\t\t<div class=\"elementor-element elementor-element-cf0b22e e-con-full e-flex e-con e-child\" data-id=\"cf0b22e\" data-element_type=\"container\" data-e-type=\"container\">\n\t\t\t\t<div class=\"elementor-element elementor-element-248640e elementor-widget elementor-widget-text-editor\" data-id=\"248640e\" data-element_type=\"widget\" data-e-type=\"widget\" data-widget_type=\"text-editor.default\">\n\t\t\t\t\t\t\t\t\t<p><strong><b>Pel\u00edcula metalizada<\/b><\/strong><\/p><p>1. fabricado atrav\u00e9s de tecnologia avan\u00e7ada de deposi\u00e7\u00e3o f\u00edsica de vapor (PVD), com revestimento uniforme de alum\u00ednio (0,5 \u03bcm de espessura) para um acabamento met\u00e1lico brilhante. aprimorado por processos de pr\u00e9-estiramento e remo\u00e7\u00e3o de poeira, garantindo a planicidade da superf\u00edcie e a ades\u00e3o do revestimento.<\/p><p>2. aplica\u00e7\u00f5es: conserva\u00e7\u00e3o de alimentos (barreira contra o oxig\u00e9nio\/humidade), materiais de isolamento e embalagens electr\u00f3nicas (propriedades anti-est\u00e1ticas). oferece uma alternativa leve e econ\u00f3mica \u00e0 folha de alum\u00ednio.<\/p><p><strong><b>Filme Arco-\u00cdris<\/b><\/strong><\/p><p>1. substrato \u00e0 base de PET (0,1 mm \u00b1 0,01 mm de espessura) com tonalidades iridescentes inerentes (predominantemente magenta) que se intensificam \u00e0 luz. superf\u00edcie resistente a riscos (\u22653H), f\u00e1cil instala\u00e7\u00e3o h\u00famida e compatibilidade com o corte a laser para totens decorativos ou letras de cristal.<\/p><p>2. aplica\u00e7\u00f5es:Decora\u00e7\u00e3o de interiores (superf\u00edcies de vidro\/acr\u00edlico), expositores de retalho e embalagens promocionais - conferindo um apelo vibrante e apelativo a espa\u00e7os comerciais e produtos.<\/p><p>Fabrico e garantia de qualidade<\/p><p>Instala\u00e7\u00f5es:Equipados com linhas de produ\u00e7\u00e3o automatizadas, incluindo sistemas de metaliza\u00e7\u00e3o de precis\u00e3o (pr\u00e9-integra\u00e7\u00e3o + deposi\u00e7\u00e3o de vapor) e m\u00e1quinas de grava\u00e7\u00e3o hologr\u00e1fica. Mantemos uma coopera\u00e7\u00e3o t\u00e9cnica de longo prazo com o Centro de Supervis\u00e3o de Qualidade Anti-Est\u00e1tica da China para testes e certifica\u00e7\u00e3o de produtos.<\/p><p>Compromisso de qualidade: Todos os produtos s\u00e3o submetidos a inspec\u00e7\u00f5es rigorosas de encolhimento (\u22641mm), transpar\u00eancia (\u226512% transmiss\u00e3o de luz para pel\u00edcula arco-\u00edris) e for\u00e7a adesiva (1200-1600g\/polegada para pel\u00edcula arco-\u00edris). A nossa filosofia \u201ccentrada no cliente\u201d garante uma entrega atempada e um apoio p\u00f3s-venda reativo.<\/p><p>Coopera\u00e7\u00e3o e vis\u00e3o globais<\/p><p>Com capacidades de exporta\u00e7\u00e3o que cobrem mais de 50 pa\u00edses, damos prioridade \u00e0 igualdade (benef\u00edcio m\u00fatuo) e ao servi\u00e7o personalizado - aceitando encomendas OEM\/ODM e fornecendo orienta\u00e7\u00e3o t\u00e9cnica para a integra\u00e7\u00e3o de aplica\u00e7\u00f5es. \u00c0 medida que a ind\u00fastria de embalagens evolui, a Yiwu Junchi continua empenhada na inova\u00e7\u00e3o, concentrando-se em materiais biodegrad\u00e1veis e tecnologias inteligentes anti-contrafa\u00e7\u00e3o para liderar o futuro das embalagens sustent\u00e1veis.<\/p>\t\t\t\t\t\t\t\t<\/div>\n\t\t\t\t<div class=\"elementor-element elementor-element-c17690a elementor-widget elementor-widget-image\" data-id=\"c17690a\" data-element_type=\"widget\" data-e-type=\"widget\" data-widget_type=\"image.default\">\n\t\t\t\t\t\t\t\t\t\t\t\t\t\t\t<img decoding=\"async\" width=\"768\" height=\"1024\" src=\"https:\/\/www.ywjunchi.com\/wp-content\/uploads\/2026\/03\/junchi-768x1024.jpg\" class=\"attachment-large size-large wp-image-106\" alt=\"\" srcset=\"https:\/\/www.ywjunchi.com\/wp-content\/uploads\/2026\/03\/junchi-768x1024.jpg 768w, https:\/\/www.ywjunchi.com\/wp-content\/uploads\/2026\/03\/junchi-600x800.jpg 600w, https:\/\/www.ywjunchi.com\/wp-content\/uploads\/2026\/03\/junchi-225x300.jpg 225w, https:\/\/www.ywjunchi.com\/wp-content\/uploads\/2026\/03\/junchi.jpg 1080w\" sizes=\"(max-width: 768px) 100vw, 768px\">\t\t\t\t\t\t\t\t\t\t\t\t\t\t\t<\/div>\n\t\t\t\t<\/div>\n\t\t\t\t\t<\/div>\n\t\t\t\t<\/div>\n\t\t\t\t<\/div>","protected":false},"excerpt":{"rendered":"<p>Yiwu Junchi Packaging Material Firm specializes in R&amp;D,manufacturing,and supply of high-performance packaging materials.As an integrated enterprise with production and trade capabilities,we serve international brands across electronics,cosmetics,food &amp; beverage,and luxury goods sectors,delivering customized packaging solutions that blend functionality,aesthetics,and sustainability. Our product range is engineered to meet diverse industry demands,adhering to global standards and cutting-edge manufacturing processes: [&hellip;]<\/p>\n","protected":false},"author":1,"featured_media":0,"parent":0,"menu_order":0,"comment_status":"closed","ping_status":"closed","template":"","meta":{"footnotes":""},"class_list":["post-27","page","type-page","status-publish","hentry"],"_links":{"self":[{"href":"https:\/\/www.ywjunchi.com\/pt\/wp-json\/wp\/v2\/pages\/27","targetHints":{"allow":["GET"]}}],"collection":[{"href":"https:\/\/www.ywjunchi.com\/pt\/wp-json\/wp\/v2\/pages"}],"about":[{"href":"https:\/\/www.ywjunchi.com\/pt\/wp-json\/wp\/v2\/types\/page"}],"author":[{"embeddable":true,"href":"https:\/\/www.ywjunchi.com\/pt\/wp-json\/wp\/v2\/users\/1"}],"replies":[{"embeddable":true,"href":"https:\/\/www.ywjunchi.com\/pt\/wp-json\/wp\/v2\/comments?post=27"}],"version-history":[{"count":43,"href":"https:\/\/www.ywjunchi.com\/pt\/wp-json\/wp\/v2\/pages\/27\/revisions"}],"predecessor-version":[{"id":536,"href":"https:\/\/www.ywjunchi.com\/pt\/wp-json\/wp\/v2\/pages\/27\/revisions\/536"}],"wp:attachment":[{"href":"https:\/\/www.ywjunchi.com\/pt\/wp-json\/wp\/v2\/media?parent=27"}],"curies":[{"name":"wp","href":"https:\/\/api.w.org\/{rel}","templated":true}]}}