{"id":687,"date":"2026-04-28T07:08:02","date_gmt":"2026-04-28T07:08:02","guid":{"rendered":"https:\/\/www.ywjunchi.com\/?post_type=product&#038;p=687"},"modified":"2026-04-29T01:10:49","modified_gmt":"2026-04-29T01:10:49","slug":"film-holographique-horizontal-a-pilier-de-grain-et-lumiere-pour-animaux-de-compagnie","status":"publish","type":"product","link":"https:\/\/www.ywjunchi.com\/fr\/product\/grain-pillar-light-horizontal-pet-hologram-film\/","title":{"rendered":"Film holographique PET horizontal \u00e0 pilier de grain l\u00e9ger"},"content":{"rendered":"<p><strong>Z08 Grain Pillar Light Horizontal PET Hologram Film<\/strong><\/p>\n<p>Dans l'industrie de l'emballage et de l'impression haut de gamme, le film holographique horizontal \u00e0 pilier de grain en PET s'est impos\u00e9 comme un choix populaire en raison de son effet unique de pilier de grain, de ses performances de traitement stables et de sa large applicabilit\u00e9. Cet article se concentre sur le film holographique horizontal \u00e0 pilier de grain en PET de 16 microns, y compris ses types de produits, ses caract\u00e9ristiques principales, ses points forts de production et ses sc\u00e9narios d'application typiques, fournissant un guide complet pour les fabricants, les transformateurs et les utilisateurs finaux dans les domaines concern\u00e9s.<\/p>\n<p><strong>1.Types et sp\u00e9cifications de base<\/strong><\/p>\n<p>Le film holographique horizontal en PET est un mat\u00e9riau d'emballage \u00e0 haute valeur ajout\u00e9e, qui utilise le poly\u00e9thyl\u00e8ne t\u00e9r\u00e9phtalate (PET) comme mat\u00e9riau de base, adopte une technologie avanc\u00e9e de gaufrage holographique horizontal pour former une texture l\u00e9g\u00e8re de pilier de grain, et est transform\u00e9 en deux types principaux pour r\u00e9pondre aux diff\u00e9rents besoins d'application. Son \u00e9paisseur est strictement contr\u00f4l\u00e9e \u00e0 16 microns, une sp\u00e9cification qui atteint un \u00e9quilibre id\u00e9al entre la flexibilit\u00e9 et la r\u00e9sistance m\u00e9canique, ce qui le rend parfaitement adapt\u00e9 aux processus de laminage et de transfert sur le papier-carton.<\/p>\n<p>Contrairement aux films holographiques ordinaires, ce produit pr\u00e9sente un effet de pilier lumineux unique : la surface pr\u00e9sente une d\u00e9licate texture de pilier en forme de grain, qui peut refl\u00e9ter une lumi\u00e8re douce et stratifi\u00e9e sous diff\u00e9rents angles, apportant une exp\u00e9rience visuelle distinctive qui est \u00e0 la fois \u00e9l\u00e9gante et accrocheuse.Il comprend principalement deux types : le film holographique de pelliculage et le film holographique de transfert.Le type de pelliculage est con\u00e7u pour \u00eatre compos\u00e9 directement avec du carton, tandis que le type de transfert convient pour transf\u00e9rer la texture holographique et l'effet lumineux sur des surfaces en carton, les deux conservant l'int\u00e9grit\u00e9 de l'effet de pilier lumineux en forme de grain. En outre, le film est imprimable aux UV, ce qui \u00e9largit encore ses possibilit\u00e9s de traitement et d'application.<\/p>\n<figure id=\"attachment_689\" aria-describedby=\"caption-attachment-689\" style=\"width: 800px\" class=\"wp-caption alignnone\"><img fetchpriority=\"high\" decoding=\"async\" class=\"size-full wp-image-689\" src=\"https:\/\/www.ywjunchi.com\/wp-content\/uploads\/2026\/04\/003-2.jpg\" alt=\"film holographique \u00e0 piliers horizontaux \u00e0 grain et \u00e0 lumi\u00e8re p\u00e9tale\" width=\"800\" height=\"800\" srcset=\"https:\/\/www.ywjunchi.com\/wp-content\/uploads\/2026\/04\/003-2.jpg 800w, https:\/\/www.ywjunchi.com\/wp-content\/uploads\/2026\/04\/003-2-300x300.jpg 300w, https:\/\/www.ywjunchi.com\/wp-content\/uploads\/2026\/04\/003-2-100x100.jpg 100w, https:\/\/www.ywjunchi.com\/wp-content\/uploads\/2026\/04\/003-2-600x600.jpg 600w, https:\/\/www.ywjunchi.com\/wp-content\/uploads\/2026\/04\/003-2-150x150.jpg 150w, https:\/\/www.ywjunchi.com\/wp-content\/uploads\/2026\/04\/003-2-768x768.jpg 768w\" sizes=\"(max-width: 800px) 100vw, 800px\" \/><figcaption id=\"caption-attachment-689\" class=\"wp-caption-text\">film holographique \u00e0 piliers horizontaux \u00e0 grain et \u00e0 lumi\u00e8re p\u00e9tale<\/figcaption><\/figure>\n<p><strong>2. les types de produits et leurs principales caract\u00e9ristiques<\/strong><\/p>\n<p>Le film holographique horizontal PET \u00e0 pilier de 16 microns est divis\u00e9 en deux types de noyau, chacun ayant des caract\u00e9ristiques cibl\u00e9es pour s'adapter aux diff\u00e9rentes exigences de traitement, tout en partageant la m\u00eame performance de base de haute qualit\u00e9 :<\/p>\n<p><strong>2.1 Film holographique de lamination<\/strong><\/p>\n<p>Ce type de film est sp\u00e9cialement con\u00e7u pour \u00eatre lamin\u00e9 avec du carton. Le processus de laminage permet non seulement de conserver l'effet holographique de la lumi\u00e8re du pilier de grain, mais aussi d'am\u00e9liorer le lissage de la surface et la r\u00e9sistance \u00e0 l'usure du carton, ce qui rend le produit final plus durable et de meilleure qualit\u00e9.<\/p>\n<p><strong>2.2 Film holographique de transfert<\/strong><\/p>\n<p>Le type de transfert est principalement utilis\u00e9 pour transf\u00e9rer la texture holographique claire du pilier de grain sur le carton. Il adopte une technologie d'enduction sp\u00e9ciale qui permet de transf\u00e9rer facilement la couche holographique sur la surface du carton pendant le processus de transfert, tandis que le film de base en PET peut \u00eatre recycl\u00e9, ce qui r\u00e9duit les d\u00e9chets de mat\u00e9riaux et les co\u00fbts de production.<\/p>\n<p><strong>2.3 Caract\u00e9ristiques du socle commun<\/strong><\/p>\n<p>Les deux types de film pr\u00e9sentent les caract\u00e9ristiques suivantes : l'\u00e9paisseur de 16 microns garantit une bonne flexibilit\u00e9 et une bonne aptitude au traitement, et convient \u00e0 divers \u00e9quipements de laminage et de transfert du carton ; la texture l\u00e9g\u00e8re du pilier \u00e0 grain horizontal correspond au sens de traitement des lignes de production d'emballages, ce qui r\u00e9duit les pertes de mat\u00e9riau et am\u00e9liore l'efficacit\u00e9 de la production ; les performances d'impression UV permettent d'imprimer directement des motifs, des logos et du texte sur la surface du film, avec un effet d'impression clair et une grande solidit\u00e9 des couleurs ; l'excellente stabilit\u00e9 chimique, qui n'est pas facile \u00e0 d\u00e9colorer ou \u00e0 d\u00e9former, garantit la stabilit\u00e9 \u00e0 long terme de l'apparence du produit.<\/p>\n<figure id=\"attachment_688\" aria-describedby=\"caption-attachment-688\" style=\"width: 800px\" class=\"wp-caption alignnone\"><img decoding=\"async\" class=\"size-full wp-image-688\" src=\"https:\/\/www.ywjunchi.com\/wp-content\/uploads\/2026\/04\/003-1.jpg\" alt=\"film holographique \u00e0 pilier de grain et lumi\u00e8re\" width=\"800\" height=\"800\" srcset=\"https:\/\/www.ywjunchi.com\/wp-content\/uploads\/2026\/04\/003-1.jpg 800w, https:\/\/www.ywjunchi.com\/wp-content\/uploads\/2026\/04\/003-1-300x300.jpg 300w, https:\/\/www.ywjunchi.com\/wp-content\/uploads\/2026\/04\/003-1-100x100.jpg 100w, https:\/\/www.ywjunchi.com\/wp-content\/uploads\/2026\/04\/003-1-600x600.jpg 600w, https:\/\/www.ywjunchi.com\/wp-content\/uploads\/2026\/04\/003-1-150x150.jpg 150w, https:\/\/www.ywjunchi.com\/wp-content\/uploads\/2026\/04\/003-1-768x768.jpg 768w\" sizes=\"(max-width: 800px) 100vw, 800px\" \/><figcaption id=\"caption-attachment-688\" class=\"wp-caption-text\">film holographique \u00e0 pilier de grain et lumi\u00e8re<\/figcaption><\/figure>\n<p><strong>3. le processus de production : L'accent mis sur la texture et la performance<\/strong><\/p>\n<p>La production de films hologrammes horizontaux en PET \u00e0 pilier de grain n\u00e9cessite un contr\u00f4le pr\u00e9cis de chaque processus, en se concentrant particuli\u00e8rement sur la formation de la texture du pilier de grain et l'optimisation des performances de laminage\/transfert :<\/p>\n<p><strong>3.1 Pr\u00e9paration du film de base<\/strong><\/p>\n<p>La r\u00e9sine PET de haute qualit\u00e9 est s\u00e9lectionn\u00e9e comme mati\u00e8re premi\u00e8re, puis fondue, extrud\u00e9e et \u00e9tir\u00e9e horizontalement pour former un film de base PET de 16 microns d'\u00e9paisseur. Au cours du processus d'\u00e9tirement, la temp\u00e9rature et le rapport d'\u00e9tirement sont strictement contr\u00f4l\u00e9s pour garantir la stabilit\u00e9 dimensionnelle et la r\u00e9sistance \u00e0 la traction du film de base, qui constitue un support fiable pour le processus d'embossage holographique ult\u00e9rieur.<\/p>\n<p><strong>3.2 Gaufrage holographique l\u00e9ger sur pilier \u00e0 grain<\/strong><\/p>\n<p>Le film de base PET pr\u00e9par\u00e9 est envoy\u00e9 \u00e0 une machine de gaufrage holographique de haute pr\u00e9cision, o\u00f9 un motif lumineux de pilier de grain horizontal est press\u00e9 sur la surface du film \u00e0 l'aide d'un rouleau de gaufrage sp\u00e9cial.Les param\u00e8tres de gaufrage (temp\u00e9rature, pression, vitesse) sont r\u00e9gl\u00e9s avec pr\u00e9cision pour garantir que la texture du pilier de grain est claire, uniforme et tridimensionnelle, et que l'effet de r\u00e9flexion de la lumi\u00e8re est conforme \u00e0 la norme.La direction horizontale de la texture est conforme \u00e0 la direction de traitement du film, ce qui est propice aux op\u00e9rations ult\u00e9rieures de laminage, de transfert et d'impression par UV.<\/p>\n<p><strong>3.3 Rev\u00eatement fonctionnel et post-traitement<\/strong><\/p>\n<p>Selon le type de produit (laminage ou transfert), un rev\u00eatement fonctionnel correspondant est appliqu\u00e9 \u00e0 la surface du film gaufr\u00e9 : pour le film holographique de laminage, une couche adh\u00e9sive est appliqu\u00e9e pour renforcer son adh\u00e9rence au carton ; pour le film holographique de transfert, une couche de s\u00e9paration et une couche de transfert sont appliqu\u00e9es pour assurer un transfert en douceur de la texture holographique.Apr\u00e8s l'enduction, le film subit un traitement corona afin d'am\u00e9liorer l'\u00e9nergie de surface, d'accro\u00eetre la compatibilit\u00e9 avec les encres UV et de garantir un bon effet d'impression.<\/p>\n<figure id=\"attachment_690\" aria-describedby=\"caption-attachment-690\" style=\"width: 800px\" class=\"wp-caption alignnone\"><img decoding=\"async\" class=\"size-full wp-image-690\" src=\"https:\/\/www.ywjunchi.com\/wp-content\/uploads\/2026\/04\/003-3.jpg\" alt=\"Film holographique \u00e0 pilier horizontal \u00e0 grain et \u00e0 lumi\u00e8re p\u00e9tale\" width=\"800\" height=\"800\" srcset=\"https:\/\/www.ywjunchi.com\/wp-content\/uploads\/2026\/04\/003-3.jpg 800w, https:\/\/www.ywjunchi.com\/wp-content\/uploads\/2026\/04\/003-3-300x300.jpg 300w, https:\/\/www.ywjunchi.com\/wp-content\/uploads\/2026\/04\/003-3-100x100.jpg 100w, https:\/\/www.ywjunchi.com\/wp-content\/uploads\/2026\/04\/003-3-600x600.jpg 600w, https:\/\/www.ywjunchi.com\/wp-content\/uploads\/2026\/04\/003-3-150x150.jpg 150w, https:\/\/www.ywjunchi.com\/wp-content\/uploads\/2026\/04\/003-3-768x768.jpg 768w\" sizes=\"(max-width: 800px) 100vw, 800px\" \/><figcaption id=\"caption-attachment-690\" class=\"wp-caption-text\">Film holographique \u00e0 pilier horizontal \u00e0 grain et \u00e0 lumi\u00e8re p\u00e9tale<\/figcaption><\/figure>\n<p><strong>4. Principaux avantages du produit<\/strong><\/p>\n<p>Effet visuel unique : la texture lumineuse du pilier \u00e0 grain produit un effet de r\u00e9flexion lumineuse en couches distinctif, plus attrayant que les films holographiques ordinaires, ce qui permet aux produits de se d\u00e9marquer sur le march\u00e9.<\/p>\n<p>Options de double type : les types de laminage et de transfert sont disponibles, s'adaptant aux diff\u00e9rents besoins de traitement et aux co\u00fbts de production, offrant des choix flexibles aux utilisateurs.<\/p>\n<p>\u00c9paisseur optimale : l'\u00e9paisseur de 16 microns \u00e9quilibre flexibilit\u00e9 et r\u00e9sistance, facile \u00e0 laminer ou \u00e0 transf\u00e9rer sur le carton, compatible avec la plupart des \u00e9quipements de traitement des emballages.<\/p>\n<p>Impression UV : compatible avec la technologie d'impression UV, permettant l'impression directe de divers motifs et textes, enrichissant l'expression visuelle du produit et r\u00e9pondant aux besoins d'emballage personnalis\u00e9s.<\/p>\n<p>Large champ d'application : convient \u00e0 divers domaines d'emballage haut de gamme, avec des performances stables et une excellente durabilit\u00e9, garantissant la qualit\u00e9 du produit final.<\/p>\n<p><strong>5. Sc\u00e9narios d'application<\/strong><\/p>\n<p>Le film holographique horizontal PET \u00e0 pilier de grain de 16 microns (y compris les types de laminage et de transfert) est largement utilis\u00e9 dans les domaines de l'emballage qui recherchent des effets visuels de haute qualit\u00e9 et distinctifs, avec les sc\u00e9narios d'application typiques suivants :<\/p>\n<p><strong>5.1 Production d'\u00e9tiquettes autocollantes<\/strong><\/p>\n<p>Il s'agit d'un mat\u00e9riau id\u00e9al pour les \u00e9tiquettes autocollantes haut de gamme.L'effet de lumi\u00e8re du pilier \u00e0 grain rend les \u00e9tiquettes plus attrayantes,et les performances d'impression UV permettent d'imprimer des logos de marque,des informations sur les produits et d'autres contenus.Il est largement utilis\u00e9 dans les \u00e9tiquettes de produits haut de gamme,tels que les produits de luxe,les cosm\u00e9tiques et les \u00e9tiquettes de produits alimentaires haut de gamme.<\/p>\n<p><strong>5.2 Emballages pour cosm\u00e9tiques<\/strong><\/p>\n<p>Dans l'industrie cosm\u00e9tique, ce film est largement utilis\u00e9 dans l'emballage des produits de soin de la peau, du maquillage, des parfums et d'autres produits. Il peut \u00eatre lamin\u00e9 ou transf\u00e9r\u00e9 sur les bo\u00eetes de produits cosm\u00e9tiques, les \u00e9tiquettes de bouteilles et les sacs d'emballage ext\u00e9rieurs, apportant un effet visuel noble et \u00e0 la mode aux produits, am\u00e9liorant l'image de la marque et la qualit\u00e9 du produit.<\/p>\n<p><strong>5.3 Emballage des bo\u00eetes \u00e0 tabac<\/strong><\/p>\n<p>En tant que mat\u00e9riau d'emballage haut de gamme, il convient \u00e9galement \u00e0 l'emballage des bo\u00eetes \u00e0 tabac.L'effet de lumi\u00e8re du pilier \u00e0 grain am\u00e9liore la texture et la qualit\u00e9 de la bo\u00eete \u00e0 tabac, et l'excellente durabilit\u00e9 et stabilit\u00e9 garantit que l'emballage reste intact pendant le transport et le stockage.Il est largement utilis\u00e9 dans l'emballage des cigarettes haut de gamme.<\/p>\n<p><strong>5.4 Autres domaines de l'emballage haut de gamme<\/strong><\/p>\n<p>Outre les sc\u00e9narios ci-dessus, il peut \u00e9galement \u00eatre utilis\u00e9 pour l'emballage de cadeaux haut de gamme, de produits de sant\u00e9, de produits \u00e9lectroniques et d'autres domaines, r\u00e9pondant ainsi \u00e0 la demande du march\u00e9 pour des mat\u00e9riaux d'emballage distinctifs et de haute qualit\u00e9.<\/p>\n<figure id=\"attachment_691\" aria-describedby=\"caption-attachment-691\" style=\"width: 800px\" class=\"wp-caption alignnone\"><img loading=\"lazy\" decoding=\"async\" class=\"size-full wp-image-691\" src=\"https:\/\/www.ywjunchi.com\/wp-content\/uploads\/2026\/04\/003-4.jpg\" alt=\"film holographique argent\u00e9 m\u00e9tallis\u00e9 \u00e0 grains horizontaux pour pilier lumineux\" width=\"800\" height=\"800\" srcset=\"https:\/\/www.ywjunchi.com\/wp-content\/uploads\/2026\/04\/003-4.jpg 800w, https:\/\/www.ywjunchi.com\/wp-content\/uploads\/2026\/04\/003-4-300x300.jpg 300w, https:\/\/www.ywjunchi.com\/wp-content\/uploads\/2026\/04\/003-4-100x100.jpg 100w, https:\/\/www.ywjunchi.com\/wp-content\/uploads\/2026\/04\/003-4-600x600.jpg 600w, https:\/\/www.ywjunchi.com\/wp-content\/uploads\/2026\/04\/003-4-150x150.jpg 150w, https:\/\/www.ywjunchi.com\/wp-content\/uploads\/2026\/04\/003-4-768x768.jpg 768w\" sizes=\"(max-width: 800px) 100vw, 800px\" \/><figcaption id=\"caption-attachment-691\" class=\"wp-caption-text\">film holographique argent\u00e9 m\u00e9tallis\u00e9 \u00e0 grains horizontaux pour pilier lumineux<\/figcaption><\/figure>\n<p><strong>6. contr\u00f4le de la qualit\u00e9 et exigences en mati\u00e8re de stockage<\/strong><\/p>\n<p>Dans le processus de production, un contr\u00f4le de qualit\u00e9 strict est mis en \u0153uvre pour chaque lien, y compris l'inspection des mati\u00e8res premi\u00e8res, la d\u00e9tection de l'\u00e9paisseur, l'inspection de l'effet de lumi\u00e8re du pilier de grain, l'inspection de l'uniformit\u00e9 du rev\u00eatement et l'inspection de la qualit\u00e9 de la surface, afin de garantir que chaque rouleau de film r\u00e9pond aux normes industrielles pertinentes.Pour le stockage, le film doit \u00eatre plac\u00e9 dans un entrep\u00f4t sec, frais et ventil\u00e9, en \u00e9vitant la lumi\u00e8re directe du soleil, les temp\u00e9ratures \u00e9lev\u00e9es et l'humidit\u00e9, et en emp\u00eachant le film d'\u00eatre humide, d\u00e9form\u00e9 ou endommag\u00e9.La temp\u00e9rature de stockage doit \u00eatre contr\u00f4l\u00e9e entre 15\u2103 et 25\u2103, et l'humidit\u00e9 relative ne doit pas exc\u00e9der 60%.<\/p>\n<p><strong>7.Conclusion<\/strong><\/p>\n<p>Le film holographique horizontal en PET \u00e0 pilier de grain de 16 microns, avec son effet unique de pilier de grain, ses options de double type (laminage et transfert), ses performances d'impression UV et sa large applicabilit\u00e9, est devenu un mat\u00e9riau important dans l'industrie de l'emballage haut de gamme. Il r\u00e9pond non seulement aux besoins esth\u00e9tiques et fonctionnels de divers produits, mais aide \u00e9galement les entreprises \u00e0 am\u00e9liorer la comp\u00e9titivit\u00e9 de leur marque.<\/p>","protected":false},"excerpt":{"rendered":"<p><strong>Z08 Grain Pillar Light Horizontal PET Hologram Film<\/strong><\/p>","protected":false},"featured_media":688,"comment_status":"open","ping_status":"closed","template":"","meta":[],"product_brand":[],"product_cat":[17],"product_tag":[57],"class_list":{"0":"post-687","1":"product","2":"type-product","3":"status-publish","4":"has-post-thumbnail","6":"product_cat-holographic-film","7":"product_tag-grain-pillar-light-horizontal-pet-hologram-film","9":"first","10":"instock","11":"shipping-taxable","12":"product-type-simple"},"_links":{"self":[{"href":"https:\/\/www.ywjunchi.com\/fr\/wp-json\/wp\/v2\/product\/687","targetHints":{"allow":["GET"]}}],"collection":[{"href":"https:\/\/www.ywjunchi.com\/fr\/wp-json\/wp\/v2\/product"}],"about":[{"href":"https:\/\/www.ywjunchi.com\/fr\/wp-json\/wp\/v2\/types\/product"}],"replies":[{"embeddable":true,"href":"https:\/\/www.ywjunchi.com\/fr\/wp-json\/wp\/v2\/comments?post=687"}],"wp:featuredmedia":[{"embeddable":true,"href":"https:\/\/www.ywjunchi.com\/fr\/wp-json\/wp\/v2\/media\/688"}],"wp:attachment":[{"href":"https:\/\/www.ywjunchi.com\/fr\/wp-json\/wp\/v2\/media?parent=687"}],"wp:term":[{"taxonomy":"product_brand","embeddable":true,"href":"https:\/\/www.ywjunchi.com\/fr\/wp-json\/wp\/v2\/product_brand?post=687"},{"taxonomy":"product_cat","embeddable":true,"href":"https:\/\/www.ywjunchi.com\/fr\/wp-json\/wp\/v2\/product_cat?post=687"},{"taxonomy":"product_tag","embeddable":true,"href":"https:\/\/www.ywjunchi.com\/fr\/wp-json\/wp\/v2\/product_tag?post=687"}],"curies":[{"name":"wp","href":"https:\/\/api.w.org\/{rel}","templated":true}]}}