{"id":681,"date":"2026-04-28T06:42:48","date_gmt":"2026-04-28T06:42:48","guid":{"rendered":"https:\/\/www.ywjunchi.com\/?post_type=product&#038;p=681"},"modified":"2026-04-29T01:13:24","modified_gmt":"2026-04-29T01:13:24","slug":"film-holographique-pour-pilier-de-platine-et-lumiere-de-pet","status":"publish","type":"product","link":"https:\/\/www.ywjunchi.com\/fr\/product\/platinum-pillar-light-pet-hologram-film\/","title":{"rendered":"Film holographique PET \u00e0 lumi\u00e8re platine"},"content":{"rendered":"<p><strong>KF015A Film holographique horizontal Platinum PET 16 microns<\/strong><\/p>\n<p>Dans le domaine des mat\u00e9riaux d'emballage haut de gamme, le film holographique horizontal PET platine m\u00e9tallis\u00e9 sans soudure est devenu un choix essentiel pour de nombreuses industries en raison de son effet visuel unique, de ses performances stables et de son large champ d'application. Cet article se concentre sur le processus de production, les caract\u00e9ristiques du produit et les sc\u00e9narios d'application typiques du film holographique horizontal PET platine m\u00e9tallis\u00e9 sans soudure de 16 microns, fournissant une r\u00e9f\u00e9rence compl\u00e8te pour les fabricants, les transformateurs et les utilisateurs finaux concern\u00e9s.<\/p>\n<p><strong>1.Aper\u00e7u des produits et sp\u00e9cifications principales<\/strong><\/p>\n<p>Le film holographique horizontal en PET m\u00e9tallis\u00e9 au platine sans soudure est un mat\u00e9riau d'emballage de haute performance bas\u00e9 sur le poly\u00e9thyl\u00e8ne t\u00e9r\u00e9phtalate (PET) comme film de base, combin\u00e9 \u00e0 une technologie avanc\u00e9e de m\u00e9tallisation sans soudure, de rev\u00eatement en platine et de traitement de la texture holographique horizontale. Ses sp\u00e9cifications de base sont strictement contr\u00f4l\u00e9es pour r\u00e9pondre aux divers besoins de la production industrielle, le param\u00e8tre cl\u00e9 \u00e9tant une \u00e9paisseur de 16 microns - une \u00e9paisseur qui \u00e9quilibre la flexibilit\u00e9, la r\u00e9sistance \u00e0 la traction et l'adaptabilit\u00e9 du traitement, ce qui le rend appropri\u00e9 pour les processus de laminage et de transfert.<\/p>\n<p>Contrairement aux films holographiques traditionnels pr\u00e9sentant des coutures apparentes, ce produit adopte une technologie de m\u00e9tallisation sans couture, qui \u00e9limine les marques de jointure \u00e0 la surface du film, garantissant un effet holographique et un \u00e9clat m\u00e9tallique uniformes et coh\u00e9rents sur l'ensemble du rouleau.La couche m\u00e9tallis\u00e9e au platine renforce non seulement la luminosit\u00e9 et la texture du film, mais am\u00e9liore \u00e9galement ses performances de barri\u00e8re, isolant efficacement l'humidit\u00e9 et l'air, prolongeant ainsi la dur\u00e9e de conservation des produits emball\u00e9s.La texture holographique horizontale est con\u00e7ue pour correspondre au sens de traitement horizontal des lignes de production d'emballages, r\u00e9duisant le gaspillage de mat\u00e9riaux et am\u00e9liorant l'efficacit\u00e9 du traitement.<\/p>\n<figure id=\"attachment_683\" aria-describedby=\"caption-attachment-683\" style=\"width: 800px\" class=\"wp-caption alignnone\"><img fetchpriority=\"high\" decoding=\"async\" class=\"size-full wp-image-683\" src=\"https:\/\/www.ywjunchi.com\/wp-content\/uploads\/2026\/04\/006-2.jpg\" alt=\"pilier de lumi\u00e8re en platine film holographique pour animaux de compagnie\" width=\"800\" height=\"800\" srcset=\"https:\/\/www.ywjunchi.com\/wp-content\/uploads\/2026\/04\/006-2.jpg 800w, https:\/\/www.ywjunchi.com\/wp-content\/uploads\/2026\/04\/006-2-300x300.jpg 300w, https:\/\/www.ywjunchi.com\/wp-content\/uploads\/2026\/04\/006-2-100x100.jpg 100w, https:\/\/www.ywjunchi.com\/wp-content\/uploads\/2026\/04\/006-2-600x600.jpg 600w, https:\/\/www.ywjunchi.com\/wp-content\/uploads\/2026\/04\/006-2-150x150.jpg 150w, https:\/\/www.ywjunchi.com\/wp-content\/uploads\/2026\/04\/006-2-768x768.jpg 768w\" sizes=\"(max-width: 800px) 100vw, 800px\" \/><figcaption id=\"caption-attachment-683\" class=\"wp-caption-text\">pilier de lumi\u00e8re en platine film holographique pour animaux de compagnie<\/figcaption><\/figure>\n<p><strong>2. le processus de production : Contr\u00f4le de pr\u00e9cision pour une haute qualit\u00e9<\/strong><\/p>\n<p>La production d'un film holographique horizontal en PET m\u00e9tallis\u00e9 au platine sans soudure fait appel \u00e0 de multiples proc\u00e9d\u00e9s sophistiqu\u00e9s, chacun d'entre eux n\u00e9cessitant un contr\u00f4le strict des param\u00e8tres afin de garantir la stabilit\u00e9 et la coh\u00e9rence du produit :<\/p>\n<p><strong>2.1 Pr\u00e9paration du film de base<\/strong><\/p>\n<p>Pendant le processus d'\u00e9tirement, le rapport d'\u00e9tirement horizontal est contr\u00f4l\u00e9 avec pr\u00e9cision pour garantir la r\u00e9sistance \u00e0 la traction transversale et la stabilit\u00e9 dimensionnelle du film, ce qui constitue une base solide pour l'embossage holographique et la m\u00e9tallisation qui s'ensuivent.<\/p>\n<p><strong>2.2 Gaufrage holographique<\/strong><\/p>\n<p>Le film de base PET pr\u00e9par\u00e9 est envoy\u00e9 \u00e0 une machine de gaufrage holographique, o\u00f9 un motif holographique horizontal est press\u00e9 sur la surface du film \u00e0 l'aide d'un rouleau de gaufrage de haute pr\u00e9cision.La temp\u00e9rature, la pression et la vitesse de gaufrage sont strictement contr\u00f4l\u00e9es pour garantir que le motif holographique est clair, d\u00e9licat et a un fort effet de r\u00e9flexion de la lumi\u00e8re.La direction horizontale de la texture holographique est coh\u00e9rente avec la direction de traitement du film, ce qui est propice aux op\u00e9rations ult\u00e9rieures de laminage et de transfert.<\/p>\n<p><strong>2.3 M\u00e9tallisation sans soudure (rev\u00eatement de platine)<\/strong><\/p>\n<p>Le film PET gaufr\u00e9 est transf\u00e9r\u00e9 dans une chambre de m\u00e9tallisation sous vide, o\u00f9 une fine couche de platine est d\u00e9pos\u00e9e uniform\u00e9ment sur la surface du film par d\u00e9p\u00f4t physique en phase vapeur (PVD).Le processus de m\u00e9tallisation sans faille \u00e9vite la formation de coutures ou d'un rev\u00eatement in\u00e9gal, garantissant que la couche de platine est uniforme, dense et pr\u00e9sente une excellente adh\u00e9rence.Le rev\u00eatement de platine ne donne pas seulement au film un \u00e9clat m\u00e9tallique noble, mais am\u00e9liore \u00e9galement sa r\u00e9sistance aux rayures et \u00e0 l'usure.<\/p>\n<p><strong>2.4 Post-traitement et refendage<\/strong><\/p>\n<p>Apr\u00e8s la m\u00e9tallisation, le film subit un traitement de surface (tel que le traitement corona) afin d'am\u00e9liorer son \u00e9nergie de surface, ce qui renforce l'adh\u00e9rence entre le film et les encres ou les adh\u00e9sifs, ce qui est essentiel pour l'impression UV et le laminage. Enfin, le film est d\u00e9coup\u00e9 en rouleaux de diff\u00e9rentes largeurs en fonction des exigences du client, et une inspection stricte de la qualit\u00e9 est effectu\u00e9e pour s'assurer que chaque rouleau de film r\u00e9pond aux normes d'\u00e9paisseur, d'effet holographique, d'uniformit\u00e9 de la m\u00e9tallisation et de plan\u00e9it\u00e9 de la surface.<\/p>\n<p><strong>3. Principaux avantages du produit<\/strong><\/p>\n<p>Conception sans couture : la technologie de m\u00e9tallisation sans couture \u00e9limine les marques de joint, garantissant un effet visuel uniforme et coh\u00e9rent, ce qui convient particuli\u00e8rement aux emballages haut de gamme exigeant une apparence parfaite.<\/p>\n<p>\u00c9paisseur optimale : l'\u00e9paisseur de 16 microns \u00e9quilibre flexibilit\u00e9 et r\u00e9sistance, ce qui facilite le laminage ou le transfert sur le papier, et est compatible avec divers \u00e9quipements de traitement des emballages.<\/p>\n<p>Excellente compatibilit\u00e9 : adapt\u00e9 \u00e0 l'impression UV, le film peut absorber rapidement les encres UV, garantissant des motifs d'impression clairs, des couleurs vives et une bonne adh\u00e9rence, sans d\u00e9coloration ni d\u00e9collement.<\/p>\n<p>Texture haut de gamme : la couche m\u00e9tallis\u00e9e en platine apporte un \u00e9clat m\u00e9tallique noble et \u00e9l\u00e9gant, combin\u00e9 \u00e0 l'effet holographique horizontal, ce qui rend les produits emball\u00e9s plus attrayants et comp\u00e9titifs sur le march\u00e9.<\/p>\n<p>Large adaptabilit\u00e9 : il pr\u00e9sente une bonne stabilit\u00e9 chimique et une bonne performance de barri\u00e8re, ce qui peut \u00eatre largement utilis\u00e9 dans divers domaines tels que les cosm\u00e9tiques, le tabac, les produits chimiques quotidiens et les cadeaux.<\/p>\n<figure id=\"attachment_682\" aria-describedby=\"caption-attachment-682\" style=\"width: 800px\" class=\"wp-caption alignnone\"><img decoding=\"async\" class=\"size-full wp-image-682\" src=\"https:\/\/www.ywjunchi.com\/wp-content\/uploads\/2026\/04\/006-1.jpg\" alt=\"film holographique pour pilier de platine et lumi\u00e8re de pet\" width=\"800\" height=\"800\" srcset=\"https:\/\/www.ywjunchi.com\/wp-content\/uploads\/2026\/04\/006-1.jpg 800w, https:\/\/www.ywjunchi.com\/wp-content\/uploads\/2026\/04\/006-1-300x300.jpg 300w, https:\/\/www.ywjunchi.com\/wp-content\/uploads\/2026\/04\/006-1-100x100.jpg 100w, https:\/\/www.ywjunchi.com\/wp-content\/uploads\/2026\/04\/006-1-600x600.jpg 600w, https:\/\/www.ywjunchi.com\/wp-content\/uploads\/2026\/04\/006-1-150x150.jpg 150w, https:\/\/www.ywjunchi.com\/wp-content\/uploads\/2026\/04\/006-1-768x768.jpg 768w\" sizes=\"(max-width: 800px) 100vw, 800px\" \/><figcaption id=\"caption-attachment-682\" class=\"wp-caption-text\">film holographique pour pilier de platine et lumi\u00e8re de pet<\/figcaption><\/figure>\n<p><strong>4. Sc\u00e9narios d'application<\/strong><\/p>\n<p>Le film holographique horizontal en PET m\u00e9tallis\u00e9 au platine sans soudure de 16 microns est largement utilis\u00e9 dans les domaines de l'emballage et de l'impression, avec les sc\u00e9narios d'application typiques suivants :<\/p>\n<p><strong>4.1 Emballage des produits cosm\u00e9tiques<\/strong><\/p>\n<p>Il peut \u00eatre lamin\u00e9 sur des bo\u00eetes de cosm\u00e9tiques, des \u00e9tiquettes de flacons ou des sacs d'emballage ext\u00e9rieurs, apportant un effet visuel noble et \u00e0 la mode aux produits, am\u00e9liorant l'image de marque et la qualit\u00e9 du produit.<\/p>\n<p><strong>4.2 Lamination et transfert de papier<\/strong><\/p>\n<p>Il convient au pelliculage ou au transfert sur divers papiers (tels que le papier couch\u00e9, le papier offset et le carton), qui peuvent \u00eatre utilis\u00e9s pour produire des bo\u00eetes-cadeaux haut de gamme, des cartes de v\u0153ux, des couvertures de livres, des \u00e9tiquettes et d'autres produits.Le papier transf\u00e9r\u00e9 conserve l'effet holographique et l'\u00e9clat m\u00e9tallique du film, ce qui rend les produits plus exquis et plus attrayants.<\/p>\n<p><strong>4.3 Produits d'impression UV<\/strong><\/p>\n<p>Compatible avec la technologie d'impression UV, il peut \u00eatre utilis\u00e9 pour imprimer divers motifs, logos et textes sur la surface du film, ce qui est largement utilis\u00e9 dans la production d'\u00e9tiquettes, d'autocollants et de d\u00e9corations d'emballage haut de gamme.<\/p>\n<p><strong>4.4 Autres domaines de l'emballage haut de gamme<\/strong><\/p>\n<p>Outre les cosm\u00e9tiques et les emballages en papier, il peut \u00e9galement \u00eatre utilis\u00e9 pour l'emballage de cadeaux haut de gamme, de produits de sant\u00e9, de produits \u00e9lectroniques et d'autres domaines, r\u00e9pondant ainsi \u00e0 la demande du march\u00e9 pour des mat\u00e9riaux d'emballage de haute qualit\u00e9 et de qualit\u00e9 sup\u00e9rieure.<\/p>\n<figure id=\"attachment_685\" aria-describedby=\"caption-attachment-685\" style=\"width: 800px\" class=\"wp-caption alignnone\"><img decoding=\"async\" class=\"size-full wp-image-685\" src=\"https:\/\/www.ywjunchi.com\/wp-content\/uploads\/2026\/04\/006-4.jpg\" alt=\"Film holographique platine sans couture pour animaux de compagnie\" width=\"800\" height=\"800\" srcset=\"https:\/\/www.ywjunchi.com\/wp-content\/uploads\/2026\/04\/006-4.jpg 800w, https:\/\/www.ywjunchi.com\/wp-content\/uploads\/2026\/04\/006-4-300x300.jpg 300w, https:\/\/www.ywjunchi.com\/wp-content\/uploads\/2026\/04\/006-4-100x100.jpg 100w, https:\/\/www.ywjunchi.com\/wp-content\/uploads\/2026\/04\/006-4-600x600.jpg 600w, https:\/\/www.ywjunchi.com\/wp-content\/uploads\/2026\/04\/006-4-150x150.jpg 150w, https:\/\/www.ywjunchi.com\/wp-content\/uploads\/2026\/04\/006-4-768x768.jpg 768w\" sizes=\"(max-width: 800px) 100vw, 800px\" \/><figcaption id=\"caption-attachment-685\" class=\"wp-caption-text\">Film holographique platine sans couture pour animaux de compagnie<\/figcaption><\/figure>\n<p><strong>5. contr\u00f4le de la qualit\u00e9 et exigences en mati\u00e8re de stockage<\/strong><\/p>\n<p>Dans le processus de production, un contr\u00f4le de qualit\u00e9 strict est mis en \u0153uvre pour chaque lien, y compris l'inspection des mati\u00e8res premi\u00e8res, la d\u00e9tection de l'\u00e9paisseur, l'inspection de l'effet holographique, l'inspection de l'uniformit\u00e9 de la m\u00e9tallisation et l'inspection de la qualit\u00e9 de la surface, afin de garantir que le produit r\u00e9pond aux normes industrielles pertinentes.Pour le stockage, le film doit \u00eatre plac\u00e9 dans un entrep\u00f4t sec, frais et ventil\u00e9, en \u00e9vitant la lumi\u00e8re directe du soleil, les temp\u00e9ratures \u00e9lev\u00e9es et l'humidit\u00e9, et en emp\u00eachant le film d'\u00eatre humide, d\u00e9form\u00e9 ou endommag\u00e9.La temp\u00e9rature de stockage doit \u00eatre contr\u00f4l\u00e9e entre 15\u2103 et 25\u2103, et l'humidit\u00e9 relative ne doit pas exc\u00e9der 60%.<\/p>\n<figure id=\"attachment_684\" aria-describedby=\"caption-attachment-684\" style=\"width: 800px\" class=\"wp-caption alignnone\"><img loading=\"lazy\" decoding=\"async\" class=\"size-full wp-image-684\" src=\"https:\/\/www.ywjunchi.com\/wp-content\/uploads\/2026\/04\/006-3.jpg\" alt=\"film holographique platine lightbeen pet\" width=\"800\" height=\"800\" srcset=\"https:\/\/www.ywjunchi.com\/wp-content\/uploads\/2026\/04\/006-3.jpg 800w, https:\/\/www.ywjunchi.com\/wp-content\/uploads\/2026\/04\/006-3-300x300.jpg 300w, https:\/\/www.ywjunchi.com\/wp-content\/uploads\/2026\/04\/006-3-100x100.jpg 100w, https:\/\/www.ywjunchi.com\/wp-content\/uploads\/2026\/04\/006-3-600x600.jpg 600w, https:\/\/www.ywjunchi.com\/wp-content\/uploads\/2026\/04\/006-3-150x150.jpg 150w, https:\/\/www.ywjunchi.com\/wp-content\/uploads\/2026\/04\/006-3-768x768.jpg 768w\" sizes=\"(max-width: 800px) 100vw, 800px\" \/><figcaption id=\"caption-attachment-684\" class=\"wp-caption-text\">film holographique platine lightbeen pet<\/figcaption><\/figure>\n<p><strong>6.Conclusion<\/strong><\/p>\n<p>Le film holographique horizontal PET platine m\u00e9tallis\u00e9 sans couture (16 microns) int\u00e8gre les avantages d'une conception sans couture, d'une texture haut de gamme, d'une excellente performance de traitement et d'un large champ d'application.Gr\u00e2ce \u00e0 son processus de production sophistiqu\u00e9 et \u00e0 un contr\u00f4le de qualit\u00e9 strict, il est devenu un mat\u00e9riau important dans l'industrie de l'emballage haut de gamme.Il r\u00e9pond non seulement aux besoins esth\u00e9tiques et fonctionnels de divers produits, mais aide \u00e9galement les entreprises \u00e0 am\u00e9liorer la comp\u00e9titivit\u00e9 de leur marque.\u00c0 l'avenir, avec le d\u00e9veloppement continu de l'industrie de l'emballage, ce produit aura des perspectives d'application plus vastes dans davantage de domaines.<\/p>","protected":false},"excerpt":{"rendered":"<p>KF015A film holographique platinum pillar light pet<\/p>","protected":false},"featured_media":682,"comment_status":"open","ping_status":"closed","template":"","meta":[],"product_brand":[],"product_cat":[17],"product_tag":[54,56,55],"class_list":{"0":"post-681","1":"product","2":"type-product","3":"status-publish","4":"has-post-thumbnail","6":"product_cat-holographic-film","7":"product_tag-platinum-horizontal-pet-hologram-film","8":"product_tag-platinum-lightbeen-hologram-film","9":"product_tag-platinum-pillar-light-pet-hologram-film","11":"first","12":"instock","13":"shipping-taxable","14":"product-type-simple"},"_links":{"self":[{"href":"https:\/\/www.ywjunchi.com\/fr\/wp-json\/wp\/v2\/product\/681","targetHints":{"allow":["GET"]}}],"collection":[{"href":"https:\/\/www.ywjunchi.com\/fr\/wp-json\/wp\/v2\/product"}],"about":[{"href":"https:\/\/www.ywjunchi.com\/fr\/wp-json\/wp\/v2\/types\/product"}],"replies":[{"embeddable":true,"href":"https:\/\/www.ywjunchi.com\/fr\/wp-json\/wp\/v2\/comments?post=681"}],"wp:featuredmedia":[{"embeddable":true,"href":"https:\/\/www.ywjunchi.com\/fr\/wp-json\/wp\/v2\/media\/682"}],"wp:attachment":[{"href":"https:\/\/www.ywjunchi.com\/fr\/wp-json\/wp\/v2\/media?parent=681"}],"wp:term":[{"taxonomy":"product_brand","embeddable":true,"href":"https:\/\/www.ywjunchi.com\/fr\/wp-json\/wp\/v2\/product_brand?post=681"},{"taxonomy":"product_cat","embeddable":true,"href":"https:\/\/www.ywjunchi.com\/fr\/wp-json\/wp\/v2\/product_cat?post=681"},{"taxonomy":"product_tag","embeddable":true,"href":"https:\/\/www.ywjunchi.com\/fr\/wp-json\/wp\/v2\/product_tag?post=681"}],"curies":[{"name":"wp","href":"https:\/\/api.w.org\/{rel}","templated":true}]}}