{"id":524,"date":"2026-04-08T02:54:59","date_gmt":"2026-04-08T02:54:59","guid":{"rendered":"https:\/\/www.ywjunchi.com\/?post_type=product&#038;p=524"},"modified":"2026-04-29T01:27:09","modified_gmt":"2026-04-29T01:27:09","slug":"z66-matt-pet-holographic-film","status":"publish","type":"product","link":"https:\/\/www.ywjunchi.com\/fr\/product\/z66-matt-pet-holographic-film\/","title":{"rendered":"Film holographique Z66 mat pour animaux de compagnie"},"content":{"rendered":"<p>Z66 Matt Seamless PET Holographic Film|Horizontal Pillar Light|Premium Soft Matte<\/p>\n<p><strong>Fournisseur<\/strong>Yiwu Junchi Packaging Material FIRM<\/p>\n<p><strong>Ma\u00eetre hologramme<\/strong>:Z66<\/p>\n<p>Z66 est un produit haut de gamme <strong>film holographique mat sans couture en PET<\/strong> Con\u00e7u pour l'emballage de luxe et l'impression haut de gamme. Dot\u00e9 d'un effet de lumi\u00e8re pilier horizontal, d'une \u00e9paisseur ultra-fine de 16\u03bcm et d'une finition mate visuelle douce, il r\u00e9duit efficacement les reflets, offre une optique \u00e9l\u00e9gante et am\u00e9liore la texture du papier, des \u00e9tiquettes et des emballages cosm\u00e9tiques.Avec une largeur maximale allant jusqu'\u00e0 940 mm, il prend en charge le laminage, le transfert et l'impression UV \u00e0 grande vitesse pour la production de masse.<\/p>\n<figure id=\"attachment_595\" aria-describedby=\"caption-attachment-595\" style=\"width: 800px\" class=\"wp-caption alignnone\"><img fetchpriority=\"high\" decoding=\"async\" class=\"size-full wp-image-595\" src=\"https:\/\/www.ywjunchi.com\/wp-content\/uploads\/2026\/04\/009-2.jpg\" alt=\"film holographique mat pour piliers lumineux\" width=\"800\" height=\"800\" srcset=\"https:\/\/www.ywjunchi.com\/wp-content\/uploads\/2026\/04\/009-2.jpg 800w, https:\/\/www.ywjunchi.com\/wp-content\/uploads\/2026\/04\/009-2-300x300.jpg 300w, https:\/\/www.ywjunchi.com\/wp-content\/uploads\/2026\/04\/009-2-100x100.jpg 100w, https:\/\/www.ywjunchi.com\/wp-content\/uploads\/2026\/04\/009-2-600x600.jpg 600w, https:\/\/www.ywjunchi.com\/wp-content\/uploads\/2026\/04\/009-2-150x150.jpg 150w, https:\/\/www.ywjunchi.com\/wp-content\/uploads\/2026\/04\/009-2-768x768.jpg 768w\" sizes=\"(max-width: 800px) 100vw, 800px\" \/><figcaption id=\"caption-attachment-595\" class=\"wp-caption-text\">film holographique mat pour piliers lumineux<\/figcaption><\/figure>\n<p>Caract\u00e9ristiques principales et avantages<\/p>\n<p><strong>Holographique sans couture + lampe pilier horizontale<\/strong><\/p>\n<p>Pas de lignes de jonction, effet optique uniforme et stable ; la lumi\u00e8re du pilier horizontal pr\u00e9sente une r\u00e9fraction d\u00e9licate et dynamique, am\u00e9liorant la hi\u00e9rarchie du produit et la performance anti-contrefa\u00e7on.<\/p>\n<p><strong>Effet visuel doux et mat | Antireflet et Premium<\/strong><\/p>\n<p>La surface mate adoucit la lumi\u00e8re, r\u00e9duit les reflets et \u00e9vite les \u00e9blouissements ; elle cr\u00e9e un aspect luxueux et discret, id\u00e9al pour les cosm\u00e9tiques haut de gamme, les coffrets cadeaux et les \u00e9tiquettes de marque.<\/p>\n<p><strong>16\u03bcm \u00c9paisseur de pr\u00e9cision<\/strong><\/p>\n<p>Ultra-mince mais solide, bonne flexibilit\u00e9 et stabilit\u00e9 dimensionnelle ; convient parfaitement au laminage\/transfert sans se froisser ni se recourber.<\/p>\n<p><strong>Format large : Largeur maximale de 940 mm<\/strong><\/p>\n<p>R\u00e9pondre aux demandes d'emballage et d'impression de grandes dimensions ; am\u00e9liorer l'efficacit\u00e9, r\u00e9duire les pertes de mat\u00e9riaux et s'adapter aux lignes de production automatis\u00e9es.<\/p>\n<figure id=\"attachment_594\" aria-describedby=\"caption-attachment-594\" style=\"width: 800px\" class=\"wp-caption alignnone\"><img decoding=\"async\" class=\"size-full wp-image-594\" src=\"https:\/\/www.ywjunchi.com\/wp-content\/uploads\/2026\/04\/009-1.jpg\" alt=\"film holographique mat pour piliers lumineux\" width=\"800\" height=\"800\" srcset=\"https:\/\/www.ywjunchi.com\/wp-content\/uploads\/2026\/04\/009-1.jpg 800w, https:\/\/www.ywjunchi.com\/wp-content\/uploads\/2026\/04\/009-1-300x300.jpg 300w, https:\/\/www.ywjunchi.com\/wp-content\/uploads\/2026\/04\/009-1-100x100.jpg 100w, https:\/\/www.ywjunchi.com\/wp-content\/uploads\/2026\/04\/009-1-600x600.jpg 600w, https:\/\/www.ywjunchi.com\/wp-content\/uploads\/2026\/04\/009-1-150x150.jpg 150w, https:\/\/www.ywjunchi.com\/wp-content\/uploads\/2026\/04\/009-1-768x768.jpg 768w\" sizes=\"(max-width: 800px) 100vw, 800px\" \/><figcaption id=\"caption-attachment-594\" class=\"wp-caption-text\">film holographique mat pour piliers lumineux<\/figcaption><\/figure>\n<p><strong>Excellente compatibilit\u00e9 avec les processus<\/strong><\/p>\n<p>Convient pour <strong>laminage et transfert de papier<\/strong>, <strong>Impression UV<\/strong>, <strong>traitement des autocollants et des \u00e9tiquettes<\/strong>, <strong>emballage cosm\u00e9tique<\/strong>, Les produits de cette cat\u00e9gorie peuvent \u00eatre utilis\u00e9s pour la fabrication d'emballages, de bo\u00eetes cadeaux, de bo\u00eetes premium et d'autres applications haut de gamme.<\/p>\n<p><strong>Performances stables et facilit\u00e9 de traitement<\/strong><\/p>\n<p>Bonne adh\u00e9rence, absorption de l'encre et r\u00e9sistance aux intemp\u00e9ries ; compatible avec les \u00e9quipements de transformation standard ; faible taux de rejet.<\/p>\n<p>Principales sp\u00e9cifications<\/p>\n<p>Mat\u00e9riau : PET<\/p>\n<p>Finition : mat<\/p>\n<p>Type d'hologramme : Sans couture, pilier lumineux horizontal<\/p>\n<p>\u00c9paisseur : 16\u03bcm<\/p>\n<p>Largeur maximale : 940 mm<\/p>\n<p>Applications : Lamination\/Transfert, Impression UV, Etiquettes, Emballage cosm\u00e9tique, Emballage haut de gamme<\/p>\n<figure id=\"attachment_596\" aria-describedby=\"caption-attachment-596\" style=\"width: 800px\" class=\"wp-caption alignnone\"><img decoding=\"async\" class=\"size-full wp-image-596\" src=\"https:\/\/www.ywjunchi.com\/wp-content\/uploads\/2026\/04\/009-4.jpg\" alt=\"\" width=\"800\" height=\"800\" srcset=\"https:\/\/www.ywjunchi.com\/wp-content\/uploads\/2026\/04\/009-4.jpg 800w, https:\/\/www.ywjunchi.com\/wp-content\/uploads\/2026\/04\/009-4-300x300.jpg 300w, https:\/\/www.ywjunchi.com\/wp-content\/uploads\/2026\/04\/009-4-100x100.jpg 100w, https:\/\/www.ywjunchi.com\/wp-content\/uploads\/2026\/04\/009-4-600x600.jpg 600w, https:\/\/www.ywjunchi.com\/wp-content\/uploads\/2026\/04\/009-4-150x150.jpg 150w, https:\/\/www.ywjunchi.com\/wp-content\/uploads\/2026\/04\/009-4-768x768.jpg 768w\" sizes=\"(max-width: 800px) 100vw, 800px\" \/><figcaption id=\"caption-attachment-596\" class=\"wp-caption-text\">film holographique horizontal mat pour p\u00e9troglyphes<\/figcaption><\/figure>\n<p><strong>Pourquoi choisir Z66 de Yiwu Junchi ?<\/strong><\/p>\n<p>Fabricant professionnel de films d'emballage holographiques<\/p>\n<p>Qualit\u00e9 stable, effet constant d'un lot \u00e0 l'autre<\/p>\n<p>Largeur et longueur personnalisables<\/p>\n<p>Livraison rapide et service apr\u00e8s-vente fiable<\/p>\n<p>Id\u00e9al pour les marques recherchant un effet visuel premium, antireflet et haut de gamme.<\/p>\n<p><strong>Id\u00e9al pour<\/strong><\/p>\n<p>Pelliculage de la bo\u00eete en papier de premi\u00e8re qualit\u00e9<\/p>\n<p>Emballages cosm\u00e9tiques et bo\u00eetes pour soins de la peau<\/p>\n<p>Autocollant et \u00e9tiquette haut de gamme<\/p>\n<p>Impression UV et emballages d\u00e9coratifs<\/p>\n<p>Bo\u00eete cadeau, emballage de luxe, protection de la marque<\/p>\n<p>Demande de renseignements pour <strong>\u00e9chantillon gratuit<\/strong> &amp; meilleur devis !<\/p>\n<p>Nous proposons des effets holographiques OEM et personnalis\u00e9s pour r\u00e9pondre \u00e0 vos besoins en mati\u00e8re d'emballage.<\/p>\n<figure id=\"attachment_597\" aria-describedby=\"caption-attachment-597\" style=\"width: 800px\" class=\"wp-caption alignnone\"><img loading=\"lazy\" decoding=\"async\" class=\"size-full wp-image-597\" src=\"https:\/\/www.ywjunchi.com\/wp-content\/uploads\/2026\/04\/009-3.jpg\" alt=\"film holographique horizontal mat pour p\u00e9troglyphes\" width=\"800\" height=\"800\" srcset=\"https:\/\/www.ywjunchi.com\/wp-content\/uploads\/2026\/04\/009-3.jpg 800w, https:\/\/www.ywjunchi.com\/wp-content\/uploads\/2026\/04\/009-3-300x300.jpg 300w, https:\/\/www.ywjunchi.com\/wp-content\/uploads\/2026\/04\/009-3-100x100.jpg 100w, https:\/\/www.ywjunchi.com\/wp-content\/uploads\/2026\/04\/009-3-600x600.jpg 600w, https:\/\/www.ywjunchi.com\/wp-content\/uploads\/2026\/04\/009-3-150x150.jpg 150w, https:\/\/www.ywjunchi.com\/wp-content\/uploads\/2026\/04\/009-3-768x768.jpg 768w\" sizes=\"(max-width: 800px) 100vw, 800px\" \/><figcaption id=\"caption-attachment-597\" class=\"wp-caption-text\">film holographique horizontal mat pour p\u00e9troglyphes<\/figcaption><\/figure>","protected":false},"excerpt":{"rendered":"<p>Z66 film hologramme horizontal mat sans couture, \u00e9paisseur 16 microns, largeur maximale 940mm, convient pour la lamination ou le transfert sur papier, l'impression UV, la fabrication d'\u00e9tiquettes autocollantes ou de bo\u00eetes de cosm\u00e9tiques, de vin ou de cigarettes.<\/p>","protected":false},"featured_media":594,"comment_status":"open","ping_status":"closed","template":"","meta":[],"product_brand":[],"product_cat":[17],"product_tag":[47,46],"class_list":{"0":"post-524","1":"product","2":"type-product","3":"status-publish","4":"has-post-thumbnail","6":"product_cat-holographic-film","7":"product_tag-matt-color-pillar-light-holographic-film","8":"product_tag-matt-lightbeen-pet-hologram-film","10":"first","11":"instock","12":"shipping-taxable","13":"product-type-simple"},"_links":{"self":[{"href":"https:\/\/www.ywjunchi.com\/fr\/wp-json\/wp\/v2\/product\/524","targetHints":{"allow":["GET"]}}],"collection":[{"href":"https:\/\/www.ywjunchi.com\/fr\/wp-json\/wp\/v2\/product"}],"about":[{"href":"https:\/\/www.ywjunchi.com\/fr\/wp-json\/wp\/v2\/types\/product"}],"replies":[{"embeddable":true,"href":"https:\/\/www.ywjunchi.com\/fr\/wp-json\/wp\/v2\/comments?post=524"}],"wp:featuredmedia":[{"embeddable":true,"href":"https:\/\/www.ywjunchi.com\/fr\/wp-json\/wp\/v2\/media\/594"}],"wp:attachment":[{"href":"https:\/\/www.ywjunchi.com\/fr\/wp-json\/wp\/v2\/media?parent=524"}],"wp:term":[{"taxonomy":"product_brand","embeddable":true,"href":"https:\/\/www.ywjunchi.com\/fr\/wp-json\/wp\/v2\/product_brand?post=524"},{"taxonomy":"product_cat","embeddable":true,"href":"https:\/\/www.ywjunchi.com\/fr\/wp-json\/wp\/v2\/product_cat?post=524"},{"taxonomy":"product_tag","embeddable":true,"href":"https:\/\/www.ywjunchi.com\/fr\/wp-json\/wp\/v2\/product_tag?post=524"}],"curies":[{"name":"wp","href":"https:\/\/api.w.org\/{rel}","templated":true}]}}