{"id":321,"date":"2026-03-17T09:06:19","date_gmt":"2026-03-17T09:06:19","guid":{"rendered":"https:\/\/www.ywjunchi.com\/?post_type=product&#038;p=321"},"modified":"2026-05-01T06:44:10","modified_gmt":"2026-05-01T06:44:10","slug":"papier-holographique","status":"publish","type":"product","link":"https:\/\/www.ywjunchi.com\/fr\/product\/holographic-paper\/","title":{"rendered":"Papier holographique"},"content":{"rendered":"<figure id=\"attachment_376\" aria-describedby=\"caption-attachment-376\" style=\"width: 640px\" class=\"wp-caption alignnone\"><img fetchpriority=\"high\" decoding=\"async\" class=\"size-full wp-image-376\" src=\"https:\/\/www.ywjunchi.com\/wp-content\/uploads\/2026\/03\/11gif.gif\" alt=\"papier holographique de transfert et de laminage\" width=\"640\" height=\"640\" \/><figcaption id=\"caption-attachment-376\" class=\"wp-caption-text\">papier holographique de transfert et de laminage<\/figcaption><\/figure>\n<p><strong>YIWU JUNCHI PACKAGING MATERIAL FIRM Product Supply<\/strong><\/p>\n<p>La soci\u00e9t\u00e9 YIWU JUNCHI PACKAGING MATERIAL FIRM est sp\u00e9cialis\u00e9e dans la fourniture de papier holographique de transfert et de carton holographique lamin\u00e9 de haute qualit\u00e9, qui se caract\u00e9rise par une irisation arc-en-ciel \u00e9tonnante qui varie en fonction de l'angle de vue, ce qui conf\u00e8re aux emballages des produits un attrait haut de gamme et accrocheur.<\/p>\n<h3>Comment fabriquer du papier holographique de transfert ?<\/h3>\n<p>1,Pr\u00e9parer le film de support holographique : film PET\u2192 couche de lib\u00e9ration\/transfert\u2192 hologramme emboss\u00e9 par UV\u2192 rev\u00eatement d'aluminium sous vide.<\/p>\n<p>2,Compos\u00e9 avec du papier : laminer le film sur du papier\/carton \u00e0 l'aide d'un adh\u00e9sif \u00e0 base d'eau (collage par chaleur et pression).<\/p>\n<p>3,Peel &amp; finish:retirer le film support PET (r\u00e9utilisable) ; l'hologramme et la couche d'aluminium sont transf\u00e9r\u00e9s sur le papier ; appliquer un rev\u00eatement protecteur.<\/p>\n<h3>Utilisation du papier holographique de transfert<\/h3>\n<p>Respectueux de l'environnement, recyclable, bonne imprimabilit\u00e9, surface sans film.<\/p>\n<p>Emballage de haute s\u00e9curit\u00e9 : tabac, vin, m\u00e9dicaments, cosm\u00e9tiques de luxe, certificats.<\/p>\n<p>\u00c9tiquettes, bo\u00eetes cadeaux, couvertures, cartons haut de gamme n\u00e9cessitant un aspect anti-contrefa\u00e7on&amp;premium.<\/p>\n<h3>Comment produire des hologrammes lamin\u00e9s sur papier\/carton ?<\/h3>\n<p>1,Film holographique pr\u00eat \u00e0 l'emploi : film holographique PET\/BOPP (arc-en-ciel\/sans couture, type Z06\/Z37).<\/p>\n<p>2,Stratification du substrat : colle+chaleur+pression pour coller le film au papier\/carton (le film reste \u00e0 la surface).<\/p>\n<p>3. Post-processus : d\u00e9coupe, coupe, enduction, impression ; fabrication de carton holographique rigide.<\/p>\n<h3>Utilisation du carton holographique lamin\u00e9<\/h3>\n<p>Brillance \u00e9lev\u00e9e, grande durabilit\u00e9, r\u00e9sistance \u00e0 l'eau et \u00e0 la poussi\u00e8re ; le film reste sur la surface.<\/p>\n<p>Bo\u00eetes rigides de luxe : cosm\u00e9tiques, bijoux, vin, \u00e9lectronique, coffrets cadeaux.<\/p>\n<p>Cartes d'affichage, couvertures de livres, posters, emballages \u00e0 haute r\u00e9sistance n\u00e9cessitant de la rigidit\u00e9 et de l'\u00e9clat.<\/p>\n<h3>Comparaison rapide<\/h3>\n<p><strong>Transfert<\/strong>:film d\u00e9coll\u00e9\u2192eco, recyclable, noyau anti-contrefa\u00e7on.<\/p>\n<p><strong>Lamination<\/strong>:le film reste\u2192 plus brillant, plus rigide, plus r\u00e9sistant \u00e0 l'usure.<\/p>\n<p>Les deux utilisent des films holographiques PET Z06\/Z37 ; Z37 pour une plus grande luminosit\u00e9 et un effet de luxe.<\/p>\n<p><strong>Sp\u00e9cifications des produits<\/strong><br \/>\n\u00c9paisseur : 82gsm - 232gsm (disponible dans une gamme de sp\u00e9cifications pour r\u00e9pondre \u00e0 divers besoins d'emballage)<br \/>\nLargeur : 788 mm (taille standard, adapt\u00e9e \u00e0 la production de masse et au traitement)<br \/>\nTechnique d'impression applicable : impression offset UV (la m\u00e9thode d'impression optimale pour les mat\u00e9riaux holographiques, car elle garantit un s\u00e9chage rapide de l'encre et des r\u00e9sultats d'impression de haute qualit\u00e9, en \u00e9vitant les bavures d'encre sur la surface r\u00e9fl\u00e9chissante).<\/p>\n<p>Bo\u00eetes-cadeaux g\u00e9n\u00e9rales, sacs \u00e0 provisions<br \/>\nEmballages de vacances, \u00e9tiquettes, autocollants<br \/>\nProduits n\u00e9cessitant une grande luminosit\u00e9 mais pas d'\u00e9cocertification<br \/>\nBo\u00eetes \u00e0 tabac, \u00e0 vin et \u00e0 m\u00e9dicaments haut de gamme<br \/>\nEmballage anti-contrefa\u00e7on<br \/>\nCosm\u00e9tiques, coffrets cadeaux n\u00e9cessitant une \u00e9co-certification<br \/>\nTransfert : co\u00fbt plus \u00e9lev\u00e9, processus plus complexe.<br \/>\nTransfert : toucher papier, texture naturelle.<br \/>\nLamination : toucher plastique, plus rigide, plus \u00e9tanche.<br \/>\nLamination : co\u00fbt r\u00e9duit, production simplifi\u00e9e.<br \/>\nSensation et rigidit\u00e9 de la main<br \/>\nTransfert : toucher papier, texture naturelle.<br \/>\nLamination : toucher plastique, plus rigide, plus \u00e9tanche.<br \/>\nPapier de transfert : Excellente imprimabilit\u00e9, l'encre adh\u00e8re tr\u00e8s bien, convient \u00e0 l'impression de haute qualit\u00e9.<\/p>\n<p><strong>Papier de pelliculage :<\/strong><\/p>\n<p>Plus difficile \u00e0 imprimer ; la surface est en plastique, l'encre peut ne pas bien adh\u00e9rer et n\u00e9cessite souvent un traitement sp\u00e9cial.<\/p>\n<p>\u00c9tiquettes, couvertures et certificats de qualit\u00e9 sup\u00e9rieure Emballages bon march\u00e9 d'aspect luxueux<br \/>\nDiff\u00e9rence entre le papier holographique de transfert et le papier holographique de lamination<\/p>\n<p>Voici une comparaison claire et professionnelle que vous pouvez utiliser \u00e0 des fins de vente ou d'explication technique :<\/p>\n<p>Principe de base de la production<\/p>\n<p>Papier holographique de transfert<\/p>\n<p>Le film PET holographique est coll\u00e9 au papier\u2192 le film de base PET est d\u00e9coll\u00e9.<\/p>\n<p>Seule la couche d'hologramme + la couche d'aluminium sont transf\u00e9r\u00e9es sur la surface du papier.<\/p>\n<p><strong>Papier holographique lamin\u00e9<\/strong><\/p>\n<p>Le film holographique PET\/BOPP est directement coll\u00e9 sur le papier.<\/p>\n<p>Le film entier reste sur la surface ; pas de d\u00e9collement.<\/p>\n<p><strong>Aspect de la surface<\/strong><\/p>\n<p>Papier de transfert :<\/p>\n<p>Surface mate ou semi-brillante, effet plus doux, ressemble plus \u00e0 du vrai papier avec effet holographique.<\/p>\n<p>Papier de pelliculage :<\/p>\n<p>Surface tr\u00e8s lumineuse, tr\u00e8s brillante, semblable \u00e0 du plastique, plus brillante et r\u00e9fl\u00e9chissante.<\/p>\n<p><strong>Luminosit\u00e9 et brillance<\/strong><\/p>\n<p>Transfert : moyennement brillant<br \/>\nLamination : plus grande brillance, flash holographique plus \u00e9vident<\/p>\n<p><strong>Environnement et recyclabilit\u00e9<\/strong><\/p>\n<p>Papier de transfert :<\/p>\n<p>Aucun film plastique ne subsiste\u2192 enti\u00e8rement recyclable, respectueux de l'environnement, conforme aux normes d'emballage \u00e9cologique.<\/p>\n<p>Papier de pelliculage :<\/p>\n<p>Couvertures en film plastique\u2192 papier difficile \u00e0 recycler, non respectueux de l'environnement.<\/p>\n<p><strong>Imprimabilit\u00e9<\/strong><br \/>\nCo\u00fbt<br \/>\nTransfert : co\u00fbt plus \u00e9lev\u00e9, processus plus complexe.<br \/>\nLamination : co\u00fbt plus faible, production plus simple.<br \/>\nPrincipales applications<br \/>\nPapier holographique de transfert<br \/>\nPapier holographique lamin\u00e9<br \/>\n________________________________________<br \/>\nR\u00e9sum\u00e9 simple<br \/>\nTransfert=film enlev\u00e9\u2192eco, recyclable, sensation de papier, bon pour l'impression et anti-contrefa\u00e7on<br \/>\nLamination=le film reste\u2192 brillant, imperm\u00e9able, bon march\u00e9, non recyclable<br \/>\nSc\u00e9narios d'application<br \/>\nNotre papier holographique de transfert et notre carton holographique de pelliculage sont principalement utilis\u00e9s pour la fabrication de bo\u00eetes en papier holographique, qui sont largement utilis\u00e9es pour l'emballage de produits haut de gamme tels que les cosm\u00e9tiques, le dentifrice, les cigarettes, etc.<\/p>","protected":false},"excerpt":{"rendered":"<p>Papier holographique de lamination et papier holographique de transfert de YIWU JUNCHI.<\/p>","protected":false},"featured_media":378,"comment_status":"open","ping_status":"closed","template":"","meta":[],"product_brand":[],"product_cat":[29],"product_tag":[63,64],"class_list":{"0":"post-321","1":"product","2":"type-product","3":"status-publish","4":"has-post-thumbnail","6":"product_cat-products","7":"product_tag-lamination-holographic-paper","8":"product_tag-transfer-holographic-paperboard","10":"first","11":"instock","12":"shipping-taxable","13":"product-type-simple"},"_links":{"self":[{"href":"https:\/\/www.ywjunchi.com\/fr\/wp-json\/wp\/v2\/product\/321","targetHints":{"allow":["GET"]}}],"collection":[{"href":"https:\/\/www.ywjunchi.com\/fr\/wp-json\/wp\/v2\/product"}],"about":[{"href":"https:\/\/www.ywjunchi.com\/fr\/wp-json\/wp\/v2\/types\/product"}],"replies":[{"embeddable":true,"href":"https:\/\/www.ywjunchi.com\/fr\/wp-json\/wp\/v2\/comments?post=321"}],"wp:featuredmedia":[{"embeddable":true,"href":"https:\/\/www.ywjunchi.com\/fr\/wp-json\/wp\/v2\/media\/378"}],"wp:attachment":[{"href":"https:\/\/www.ywjunchi.com\/fr\/wp-json\/wp\/v2\/media?parent=321"}],"wp:term":[{"taxonomy":"product_brand","embeddable":true,"href":"https:\/\/www.ywjunchi.com\/fr\/wp-json\/wp\/v2\/product_brand?post=321"},{"taxonomy":"product_cat","embeddable":true,"href":"https:\/\/www.ywjunchi.com\/fr\/wp-json\/wp\/v2\/product_cat?post=321"},{"taxonomy":"product_tag","embeddable":true,"href":"https:\/\/www.ywjunchi.com\/fr\/wp-json\/wp\/v2\/product_tag?post=321"}],"curies":[{"name":"wp","href":"https:\/\/api.w.org\/{rel}","templated":true}]}}