{"id":287,"date":"2026-03-17T08:16:31","date_gmt":"2026-03-17T08:16:31","guid":{"rendered":"https:\/\/www.ywjunchi.com\/?post_type=product&#038;p=287"},"modified":"2026-05-01T07:47:10","modified_gmt":"2026-05-01T07:47:10","slug":"dw04-h36-film-holographique","status":"publish","type":"product","link":"https:\/\/www.ywjunchi.com\/fr\/product\/dw04-h36-hologram-film\/","title":{"rendered":"DW04 H36 Film holographique"},"content":{"rendered":"<h3>DW04 Film holographique sans couture (PET\/PVC)<\/h3>\n<p><strong><b>Fabrication<\/b><\/strong>MAT\u00c9RIAU D'EMBALLAGE :YIWU JUNCHI<\/p>\n<p><strong><b>Sp\u00e9cification de base<\/b><\/strong>S\u00e9rie DW04 (Zhongjia H36 Master Design+K LASER HP59 Technology,S002)<\/p>\n<p><strong><b>Param\u00e8tres cl\u00e9s<\/b><\/strong>:<\/p>\n<p>1,Master Maximum Width:1090mm(ultra-large pour la production grand format, r\u00e9duisant les raccords)<\/p>\n<p>2,Mat\u00e9riaux compatibles:Film holographique PET sans couture+Film holographique PVC sans couture<\/p>\n<p>3,Principales utilisations:\u00e9tiquettes autocollantes, bo\u00eetes de cosm\u00e9tiques, bo\u00eetes de dentifrice, emballages anti-contrefa\u00e7on, laminage du papier.<\/p>\n<p><strong><b>Effets cl\u00e9s<\/b><\/strong>Options de laminage et de transfert<\/p>\n<p><strong><b>Exp\u00e9rience en mati\u00e8re de production<\/b><\/strong>:Plus de 20 ans de fabrication de films holographiques sp\u00e9cialis\u00e9s<\/p>\n<h3>Qu'est-ce qui fait de DW04 un champion polyvalent de la lutte contre la contrefa\u00e7on ?<\/h3>\n<h4>Conception \u00e0 deux ma\u00eetres et technologie holographique avanc\u00e9e<\/h4>\n<p>Con\u00e7ue gr\u00e2ce \u00e0 une technologie \u00e0 double c\u0153ur - plaque ma\u00eetresse de pr\u00e9cision H36 de Zhongjia + gaufrage holographique HP59 de K LASER - la s\u00e9rie DW04 pr\u00e9sente des motifs holographiques dynamiques haute d\u00e9finition avec des structures optiques micro-nano (conformes \u00e0 la norme GB\/T 22467.3-202X).Le motif pr\u00e9sente une p\u00e9riode de r\u00e9seau \u22640.La conception \u00e0 deux ma\u00eetres combine l'esth\u00e9tique classique des motifs de Zhongjia avec la technologie avanc\u00e9e d'interf\u00e9rence lumineuse de K LASER, cr\u00e9ant un effet visuellement distinctif extr\u00eamement difficile \u00e0 reproduire.<\/p>\n<h4>Principaux avantages : Compatibilit\u00e9 bi-mati\u00e8re et anti-contrefa\u00e7on<\/h4>\n<p><b><\/b>Flexibilit\u00e9 bi-mati\u00e8re :<\/p>\n<p><b><\/b>1,Version PET : respectueuse de l'environnement (certifi\u00e9e ROHS), performances stables, id\u00e9ale pour les emballages en contact avec les aliments et les bo\u00eetes de cosm\u00e9tiques haut de gamme - conforme aux normes environnementales mondiales.<\/p>\n<p><b><\/b>2. Version PVC : adaptabilit\u00e9 sup\u00e9rieure en mati\u00e8re d'impression (excellente adh\u00e9rence de l'encre pour l'impression offset\/UV), parfaite pour les \u00e9tiquettes autocollantes et les emballages d\u00e9coratifs (populaire dans les produits festifs et promotionnels). .<\/p>\n<p>Les deux versions pr\u00e9sentent de v\u00e9ritables structures sans couture, \u00e9liminant les ruptures de motifs et garantissant une qualit\u00e9 uniforme dans les applications grand format.<\/p>\n<p><b><\/b><strong>Performance sup\u00e9rieure en mati\u00e8re de lutte contre la contrefa\u00e7on :<\/strong><\/p>\n<p>Conforme \u00e0 la norme GB\/T 17000-2009 General Technical Requirements for Holographic Anti-Counterfeit Products,int\u00e9grant de multiples \u00e9l\u00e9ments de s\u00e9curit\u00e9:images latentes au laser,texte micro-imprim\u00e9 (largeur de ligne \u22644\u03bcm),et d\u00e9calage des couleurs en fonction de l'angle.Sous la lumi\u00e8re naturelle,le motif holographique affiche de vifs effets d'arc-en-ciel (plage de longueurs d'onde 420-680nm),permettant une v\u00e9rification intuitive de l'authenticit\u00e9 - les contrefa\u00e7ons n'ont pas la m\u00eame clart\u00e9 et le m\u00eame d\u00e9calage dynamique.<\/p>\n<h4><strong>Performance et structure des couches sp\u00e9cifiques aux mat\u00e9riaux<\/strong><\/h4>\n<h5>Film holographique en PET (\u00e9cologique et stable)<\/h5>\n<p>1,Mat\u00e9riau de base : PET de qualit\u00e9 optique avec une transmittance\u226593% et un trouble\u22640,8%, garantissant une grande clart\u00e9.<\/p>\n<p>2,Composition des couches (de bas en haut) : couche de recouvrement opaque\u2192couche m\u00e9tallique \u00e0 haute r\u00e9flectivit\u00e9\u2192couche centrale en PET\u2192couche gaufr\u00e9e holographique\u2192couche r\u00e9sistante aux UV<\/p>\n<p>3,Performance:R\u00e9sistance \u00e0 la traction \u2265220MPa,Test d'abrasion Taber 1000Valeur d'augmentation de la brume\u22642%,stable dans les environnements -25\u2103~85\u2103.<\/p>\n<h5>Film holographique en PVC (facile \u00e0 imprimer et d\u00e9coratif)<\/h5>\n<p>1,Mat\u00e9riau de base:PVC de qualit\u00e9 alimentaire avec une surface lisse (\u00e9nergie de surface \u226539 mN\/m), optimis\u00e9 pour l'impression.<\/p>\n<p>2,Composition des couches (de bas en haut) : couche pr\u00eate \u00e0 l'emploi\u2192couche r\u00e9fl\u00e9chissante\u2192couche centrale en PVC\u2192couche gaufr\u00e9e holographique\u2192couche r\u00e9sistante aux rayures<\/p>\n<p>3,Performance:Excellente adh\u00e9rence de l'encre (compatible avec l'impression offset, UV et flexo), r\u00e9sistant \u00e0 la d\u00e9chirure et facile \u00e0 d\u00e9couper pour la production d'\u00e9tiquettes autocollantes.<\/p>\n<h3>Applications cibl\u00e9es<\/h3>\n<p><b><\/b>1,Production d'\u00e9tiquettes : \u00e9tiquettes autocollantes de haute s\u00e9curit\u00e9 pour les cosm\u00e9tiques, les produits pharmaceutiques et les produits de marque.<\/p>\n<p><b><\/b>2,Fabrication d'emballages : bo\u00eetes de cosm\u00e9tiques, bo\u00eetes de dentifrice, bo\u00eetes-cadeaux haut de gamme et emballages grand format (1020 mm de large pour les formats de feuilles standard).<\/p>\n<p><b><\/b>3,Solutions anti-contrefa\u00e7on : emballage de protection de la marque pour l'\u00e9lectronique, les produits chimiques quotidiens et les biens de consommation, utilisant l'unicit\u00e9 du motif \u00e0 double ma\u00eetrise pour d\u00e9courager la contrefa\u00e7on.<\/p>\n<p><b><\/b>4. Lamination du papier : sacs en papier lamin\u00e9, couvertures de catalogues et mat\u00e9riel promotionnel (combinant l'attrait holographique et la durabilit\u00e9 du mat\u00e9riau).<\/p>\n<h3>Pourquoi choisir YWJUNCHI DW04 ?<\/h3>\n<p><b><\/b>Polyvalence des deux mat\u00e9riaux : options PET\/PVC pour r\u00e9pondre aux diverses exigences en mati\u00e8re d'application et d'environnement.<\/p>\n<p><b><\/b>Efficacit\u00e9 ultra-large : la largeur maximale de 1020 mm r\u00e9duit les d\u00e9chets de mat\u00e9riaux de 20% par rapport aux films plus \u00e9troits, ce qui r\u00e9duit les co\u00fbts de production.<\/p>\n<p><b><\/b>Qualit\u00e9 conforme aux normes : conforme aux normes GB\/T 22467.3-202X et GB\/T 17000-2009, garantissant la fiabilit\u00e9 et l'acc\u00e8s au march\u00e9 mondial.<\/p>\n<p><b><\/b>Compatibilit\u00e9 multi-processus : Optimis\u00e9 pour l'impression offset, la d\u00e9coupe et le pelliculage du papier - un seul film pour de multiples besoins de production.<\/p>\n<p><b><\/b>Support de personnalisation:\u00e9paisseur r\u00e9glable(16-50\u03bcm pour le film holographique PET;50\u03bcm pour le film holographique PVC;18um pour le film holographique bopp),teinte de couleur(argent,or,zns transparents),et int\u00e9gration d'\u00e9l\u00e9ments de s\u00e9curit\u00e9.<\/p>\n<h3><strong><b>FAQ ?<\/b><\/strong><\/h3>\n<p>Quelle est la diff\u00e9rence entre les versions PET et PVC ?<\/p>\n<p>PET : \u00e9cologique, stable, compatible avec le contact alimentaire. Epaisseur 16 microns et 50 microns.<\/p>\n<p>PVC : adaptabilit\u00e9 d'impression sup\u00e9rieure, rentable pour les applications d\u00e9coratives. \u00c9paisseur 50um.<\/p>\n<p>Est-il adapt\u00e9 \u00e0 la production d'\u00e9tiquettes \u00e0 grande vitesse ? Oui. Les propri\u00e9t\u00e9s antiadh\u00e9sives garantissent une alimentation en douceur dans les machines \u00e0 \u00e9tiqueter.<\/p>\n<p>En quoi le document DW04 diff\u00e8re-t-il du document DW02 ?<\/p>\n<table>\n<tbody>\n<tr>\n<td width=\"184\">Mod\u00e8le<\/td>\n<td width=\"184\">Conception de base<\/td>\n<td width=\"184\">Largeur<\/td>\n<td width=\"184\">Mat\u00e9riaux compatibles<\/td>\n<td width=\"184\">Points forts<\/td>\n<\/tr>\n<tr>\n<td width=\"184\">DW04<\/td>\n<td width=\"184\">Zhongjia H36 + K LASER HP59<\/td>\n<td width=\"184\">1020mm<\/td>\n<td width=\"184\">PET + PVC<\/td>\n<td width=\"184\">Polyvalence des deux mat\u00e9riaux<\/td>\n<\/tr>\n<tr>\n<td width=\"184\">DW02<\/td>\n<td width=\"184\">H16 Verre bris\u00e9 + K LASER HP38<\/td>\n<td width=\"184\">1000mm<\/td>\n<td width=\"184\">PET uniquement<\/td>\n<td width=\"184\">Verre cass\u00e9 Anti-contrefa\u00e7on<\/td>\n<\/tr>\n<\/tbody>\n<\/table>\n<p>Am\u00e9liorez votre strat\u00e9gie d'emballage et de lutte contre la contrefa\u00e7on gr\u00e2ce \u00e0 la flexibilit\u00e9 bi-mati\u00e8re et aux performances ultra-larges du DW04. YWJUNCHI fournit des solutions sur mesure pour r\u00e9pondre aux besoins uniques de votre marque.<\/p>","protected":false},"excerpt":{"rendered":"<p>Film holographique sans couture DW04 ou master holographique HP59, largeur maximale 1090 mm.<\/p>","protected":false},"featured_media":405,"comment_status":"open","ping_status":"closed","template":"","meta":[],"product_brand":[],"product_cat":[17],"product_tag":[60,32,68,33],"class_list":{"0":"post-287","1":"product","2":"type-product","3":"status-publish","4":"has-post-thumbnail","6":"product_cat-holographic-film","7":"product_tag-hp59-holographic-film","8":"product_tag-pet-hologram-film","9":"product_tag-s002","10":"product_tag-seamless-pet-holographic-film","12":"first","13":"instock","14":"shipping-taxable","15":"product-type-simple"},"_links":{"self":[{"href":"https:\/\/www.ywjunchi.com\/fr\/wp-json\/wp\/v2\/product\/287","targetHints":{"allow":["GET"]}}],"collection":[{"href":"https:\/\/www.ywjunchi.com\/fr\/wp-json\/wp\/v2\/product"}],"about":[{"href":"https:\/\/www.ywjunchi.com\/fr\/wp-json\/wp\/v2\/types\/product"}],"replies":[{"embeddable":true,"href":"https:\/\/www.ywjunchi.com\/fr\/wp-json\/wp\/v2\/comments?post=287"}],"wp:featuredmedia":[{"embeddable":true,"href":"https:\/\/www.ywjunchi.com\/fr\/wp-json\/wp\/v2\/media\/405"}],"wp:attachment":[{"href":"https:\/\/www.ywjunchi.com\/fr\/wp-json\/wp\/v2\/media?parent=287"}],"wp:term":[{"taxonomy":"product_brand","embeddable":true,"href":"https:\/\/www.ywjunchi.com\/fr\/wp-json\/wp\/v2\/product_brand?post=287"},{"taxonomy":"product_cat","embeddable":true,"href":"https:\/\/www.ywjunchi.com\/fr\/wp-json\/wp\/v2\/product_cat?post=287"},{"taxonomy":"product_tag","embeddable":true,"href":"https:\/\/www.ywjunchi.com\/fr\/wp-json\/wp\/v2\/product_tag?post=287"}],"curies":[{"name":"wp","href":"https:\/\/api.w.org\/{rel}","templated":true}]}}