{"id":277,"date":"2026-03-17T08:12:02","date_gmt":"2026-03-17T08:12:02","guid":{"rendered":"https:\/\/www.ywjunchi.com\/?post_type=product&#038;p=277"},"modified":"2026-05-01T06:17:54","modified_gmt":"2026-05-01T06:17:54","slug":"dw09-h53-film-holographique-sans-couture","status":"publish","type":"product","link":"https:\/\/www.ywjunchi.com\/fr\/product\/dw09-h53-seamless-hologram-film\/","title":{"rendered":"Film holographique sans couture DW09-H53"},"content":{"rendered":"<h2>YWJUNCHI DW09 Film holographique sans couture :<\/h2>\n<p>DW09 grid diamond Film holographique sans couture (PET\/PVC Dual Material)<\/p>\n<p><strong>Fabrication<\/strong>:YIWU JUNCHI PACKAGING MATERIAL FIRM<\/p>\n<p><strong>Sp\u00e9cification de base<\/strong>S\u00e9rie :DW09 (Zhongjia H53 Hologram Master+K LASER HP17 hologram master)<\/p>\n<p><strong>Param\u00e8tres cl\u00e9s<\/strong>:<\/p>\n<p>Largeur maximale du master : 1120 mm (ultra-large pour la production grand format, minimisant les raccords et la perte de mat\u00e9riau)<\/p>\n<p>Type de mat\u00e9riau : film holographique PET sans soudure + film holographique PVC sans soudure (mat\u00e9riau double pour r\u00e9pondre \u00e0 divers besoins)<\/p>\n<p>Principales utilisations : lamination (papier holographique\/carte holographique), impression (UV\/offset\/flexo), production d'\u00e9tiquettes autocollantes.<\/p>\n<p><strong>Effets cl\u00e9s<\/strong>Options de laminage et de transfert<\/p>\n<p><strong>Exp\u00e9rience en mati\u00e8re de production<\/strong>:Plus de 20 ans de fabrication de films holographiques sp\u00e9cialis\u00e9s<\/p>\n<p>Qu'est-ce qui fait de DW09 un choix holographique polyvalent ?<\/p>\n<h2>Conception \u00e0 deux ma\u00eetres et fabrication holographique avanc\u00e9e<\/h2>\n<p>Fabriqu\u00e9e gr\u00e2ce \u00e0 une technologie de pointe \u00e0 double noyau - la plaque ma\u00eetresse de pr\u00e9cision H53 de Zhongjia combin\u00e9e au gaufrage holographique HP17 de K LASER - la s\u00e9rie DW09 pr\u00e9sente des motifs holographiques dynamiques de haute d\u00e9finition avec des structures micro-nanom\u00e9triques ultrafines (r\u00e9solution \u22654000dpi).Cette int\u00e9gration \u00e0 deux ma\u00eetres fusionne l'esth\u00e9tique classique des motifs de Zhongjia avec la technologie avanc\u00e9e d'interf\u00e9rence lumineuse de K LASER, cr\u00e9ant un effet holographique visuellement distinctif et difficile \u00e0 reproduire. La v\u00e9ritable structure sans couture garantit une clart\u00e9 et une brillance constantes des motifs sur l'ensemble de la largeur ultra-large de 1120 mm, sans lacunes ni ruptures de motifs, m\u00eame en cas de traitement en grand format.<\/p>\n<h2>Avantages principaux : Flexibilit\u00e9 bi-mati\u00e8re et adaptabilit\u00e9 multi-usages<\/h2>\n<p><strong>Compatibilit\u00e9 bi-mati\u00e8re<\/strong>:<\/p>\n<p><strong>Film holographique PET sans couture<\/strong>:Respectueux de l'environnement (certifi\u00e9 ROHS),excellente stabilit\u00e9 dimensionnelle,haute r\u00e9sistance \u00e0 la chaleur (supporte des processus de laminage\/impression de 100-120\u2103),et id\u00e9al pour les emballages li\u00e9s au contact alimentaire ou les applications haut de gamme.Se targue d'une r\u00e9sistance \u00e0 la traction \u2265220MPa et d'un faible trouble (\u22641,2%) pour un affichage holographique limpide.<\/p>\n<p><strong>Film holographique en PVC sans couture<\/strong>Flexibilit\u00e9 sup\u00e9rieure, d\u00e9coupe facile pour les \u00e9tiquettes autocollantes et excellente adaptabilit\u00e9 d'impression (compatible avec diff\u00e9rents types d'encre), rentabilit\u00e9 pour les emballages d\u00e9coratifs et g\u00e9n\u00e9raux, forte r\u00e9sistance \u00e0 l'huile et aux produits chimiques.<\/p>\n<p><strong>Optimisation multi-usages<\/strong>:<\/p>\n<p><strong>L'excellence en mati\u00e8re de pelliculage<\/strong>Enduit d'un adh\u00e9sif \u00e9cologique (pour le PET) ou d'un appr\u00eat (pour le PVC), assurant une forte adh\u00e9rence (\u22650,8N\/15mm) avec le papier, les cartes et autres substrats, r\u00e9sistant aux bulles, \u00e0 la d\u00e9lamination et aux plis pendant les processus de laminage.<\/p>\n<p><strong>Compatibilit\u00e9 d'impression<\/strong>:Traitement de surface pour une meilleure adh\u00e9rence de l'encre (\u00e9nergie de surface \u226538 mN\/m), compatible avec l'impression UV, offset et flexo.La surface lisse emp\u00eache l'\u00e9coulement de l'encre, garantissant des motifs imprim\u00e9s de haute d\u00e9finition qui compl\u00e8tent l'effet holographique.<\/p>\n<p><strong>Adaptabilit\u00e9 de l'\u00e9tiquette autocollante<\/strong>:\u00c9paisseur r\u00e9glable(film holographique PET 12-50\u03bcm;film holographique PVC sans couture 50\u03bcm;film holographique bopp 18 micron)s'adapte \u00e0 la d\u00e9coupe d'\u00e9tiquettes et \u00e0 l'application d'adh\u00e9sifs.Propri\u00e9t\u00e9s antistatiques(r\u00e9sistance de surface \u226410\u00b9\u2070\u03a9)emp\u00eachent l'accumulation de poussi\u00e8re pendant le traitement,r\u00e9duisant les d\u00e9chets de production.<\/p>\n<p><strong>Performance anti-contrefa\u00e7on<\/strong>Les \u00e9l\u00e9ments de s\u00e9curit\u00e9 suppl\u00e9mentaires (texte micro-imprim\u00e9, images latentes) permettent d'am\u00e9liorer la protection de la marque, conform\u00e9ment \u00e0 la norme GB\/T 17000-2009 sur les hologrammes anti-contrefa\u00e7on.<\/p>\n<h2>Structure des couches en fonction du mat\u00e9riau<\/h2>\n<p><strong>Version PET (\u00e9cologique et stable)<\/strong>:<\/p>\n<p>Couche de recouvrement opaque\u2192Couche m\u00e9tallique \u00e0 haute r\u00e9flectivit\u00e9\u2192Couche centrale en PET\u2192Couche gaufr\u00e9e holographique\u2192Couche r\u00e9sistante aux UV et anti-rayures<\/p>\n<p>Garantit une brillance holographique durable, une r\u00e9sistance aux rayures (duret\u00e9 du crayon de niveau H) et une compatibilit\u00e9 avec les lignes de production \u00e0 grande vitesse.<\/p>\n<p><strong>Version PVC (flexible et imprimable)<\/strong>:<\/p>\n<p>Couche pr\u00eate \u00e0 l'emploi\u2192Couche r\u00e9fl\u00e9chissante\u2192Couche centrale en PVC\u2192Couche gaufr\u00e9e holographique\u2192Couche antiadh\u00e9sive<\/p>\n<p>Optimis\u00e9 pour la flexibilit\u00e9 et la d\u00e9coupe, parfait pour les \u00e9tiquettes autocollantes et les emballages d\u00e9coratifs avec un traitement facile.<\/p>\n<h2>Applications cibl\u00e9es<\/h2>\n<p>Gr\u00e2ce \u00e0 la flexibilit\u00e9 de ses deux mat\u00e9riaux, \u00e0 sa largeur ultra-large de 1120 mm et \u00e0 sa compatibilit\u00e9 avec de nombreux processus, le DW09 est id\u00e9al pour<\/p>\n<p><strong>Produits de pelliculage<\/strong>Sacs en papier de qualit\u00e9 sup\u00e9rieure, couvertures de catalogues, bo\u00eetes cadeaux, cartons d'emballage (la largeur de 1120 mm convient aux feuilles de grand format sans raccord).<\/p>\n<p><strong>Mat\u00e9riel imprim\u00e9<\/strong>Affiches de marque, pochettes d'emballage, d\u00e9pliants promotionnels et \u00e9tiquettes de produits haut de gamme (combinant l'attrait holographique et l'impression transparente).<\/p>\n<p><strong>\u00c9tiquettes autocollantes<\/strong>Autocollants de s\u00e9curit\u00e9, \u00e9tiquettes cosm\u00e9tiques, \u00e9tiquettes pour produits chimiques quotidiens et \u00e9tiquettes de marque (options PVC\/PET flexibles pour divers besoins en mati\u00e8re d'\u00e9tiquettes).<\/p>\n<p><strong>Emballage g\u00e9n\u00e9ral<\/strong>Emballages de produits cosm\u00e9tiques, emballages de produits chimiques quotidiens, emballages de cadeaux et emballages de biens de consommation (bi-mati\u00e8re pour r\u00e9pondre aux diff\u00e9rentes exigences en mati\u00e8re de co\u00fbts et d'environnement).<\/p>\n<h2>Pourquoi choisir YWJUNCHI DW09 ?<\/h2>\n<p><strong>L'avantage de la double ma\u00eetrise<\/strong>Le double design Zhongjia H53 + K LASER HP17 permet d'obtenir des effets holographiques uniques et de haute d\u00e9finition pour une meilleure diff\u00e9renciation des marques.<\/p>\n<p><strong>Efficacit\u00e9 ultra-large<\/strong>La largeur maximale de 1120 mm r\u00e9duit la perte de mati\u00e8re de 25% par rapport aux films plus \u00e9troits, r\u00e9duisant ainsi les co\u00fbts de production pour les applications grand format.<\/p>\n<p><strong>Polyvalence des deux mat\u00e9riaux<\/strong>Les options PET\/PVC couvrent les besoins \u00e9cologiques, haut de gamme et rentables - une ligne de produits pour les besoins divers des clients.<\/p>\n<p><strong>Compatibilit\u00e9 multi-processus<\/strong>Optimis\u00e9 pour la lamination, l'impression et la production d'\u00e9tiquettes autocollantes, \u00e9liminant le besoin de plusieurs types de films.<\/p>\n<p><strong>Assurance qualit\u00e9<\/strong>20 ans et plus d'expertise en mati\u00e8re de fabrication, tests rigoureux de coh\u00e9rence des motifs, de performance des mat\u00e9riaux et d'adaptabilit\u00e9 au traitement ; conforme aux normes environnementales de l'UE REACH et de la Chine.<\/p>\n<p><strong>Soutien \u00e0 la personnalisation<\/strong>\u00c9paisseur r\u00e9glable, teinte (argent, or, personnalis\u00e9e) et \u00e9l\u00e9ments de s\u00e9curit\u00e9 optionnels pour r\u00e9pondre aux besoins sp\u00e9cifiques de la marque.<\/p>\n<h2>FAQ ?<\/h2>\n<p><strong>Quelle est la diff\u00e9rence entre le film PET et le film PVC du DW09 ?<\/strong><br \/>\nFilm PET : respectueux de l'environnement, stable, r\u00e9sistant \u00e0 la chaleur, adapt\u00e9 aux applications haut de gamme et aux applications li\u00e9es au contact alimentaire.<\/p>\n<p>Film PVC : flexible, facile \u00e0 imprimer, \u00e9conomique, id\u00e9al pour les autocollants et les emballages d\u00e9coratifs.<\/p>\n<p><strong>Le DW09 peut-il \u00eatre utilis\u00e9 pour la production d'\u00e9tiquettes autocollantes \u00e0 grande vitesse ?<\/strong><br \/>\nLes propri\u00e9t\u00e9s antiadh\u00e9sives et antistatiques garantissent une alimentation en douceur dans les machines \u00e0 \u00e9tiquettes, permettant une d\u00e9coupe \u00e0 grande vitesse et l'application d'adh\u00e9sifs.<\/p>\n<p><strong>En quoi le DW09 diff\u00e8re-t-il du DW03\/DW04 ?<\/strong><\/p>\n<table>\n<tbody>\n<tr>\n<td width=\"110\">Mod\u00e8le<\/td>\n<td width=\"110\">Conception de base<\/td>\n<td width=\"110\">Largeur<\/td>\n<td width=\"110\">Mat\u00e9riaux compatibles<\/td>\n<td width=\"110\">Points forts<\/td>\n<\/tr>\n<tr>\n<td width=\"110\">DW09<\/td>\n<td width=\"110\">Zhongjia H53 + K LASER HP17<\/td>\n<td width=\"110\">1120mm<\/td>\n<td width=\"110\">PET + PVC<\/td>\n<td width=\"110\">Ultra-large + multi-usages (pelliculage\/impression\/\u00e9tiquettes)<\/td>\n<\/tr>\n<tr>\n<td width=\"110\">DW03<\/td>\n<td width=\"110\">Zhongjia H42 + K LASER HP12 (Finesand)<\/td>\n<td width=\"110\">1090mm<\/td>\n<td width=\"110\">PET + PVC<\/td>\n<td width=\"110\">Premium Finesand Texture + Hidden Encryption (cryptage cach\u00e9)<\/td>\n<\/tr>\n<tr>\n<td width=\"110\">DW04<\/td>\n<td width=\"110\">Zhongjia H36 + K LASER HP59<\/td>\n<td width=\"110\">1020mm<\/td>\n<td width=\"110\">PET + PVC<\/td>\n<td width=\"110\">Polyvalence des deux mat\u00e9riaux pour l'emballage g\u00e9n\u00e9ral<\/td>\n<\/tr>\n<\/tbody>\n<\/table>\n<p>Am\u00e9liorez votre production d'emballages, d'impressions et d'\u00e9tiquettes gr\u00e2ce \u00e0 l'effet holographique dual-master de DW09, \u00e0 sa tr\u00e8s grande largeur et \u00e0 sa flexibilit\u00e9 bi-mati\u00e8re.YWJUNCHI fournit des solutions sur mesure pour r\u00e9pondre aux besoins uniques de votre marque.\u00c9chantillons gratuits disponibles pour test !<\/p>\n<p>YWJUNCHI DW09 - L\u00e0 o\u00f9 la polyvalence, la largeur et l'excellence holographique r\u00e9pondent \u00e0 vos besoins de production !<\/p>","protected":false},"excerpt":{"rendered":"<p>DW09 est un film holographique diamant sans couture HP17, d'une largeur maximale de 1120 mm.<\/p>","protected":false},"featured_media":407,"comment_status":"open","ping_status":"closed","template":"","meta":[],"product_brand":[],"product_cat":[17],"product_tag":[61,62],"class_list":{"0":"post-277","1":"product","2":"type-product","3":"status-publish","4":"has-post-thumbnail","6":"product_cat-holographic-film","7":"product_tag-hp17-pet-holographic-film","8":"product_tag-hp17-pvc-holographic-film","10":"first","11":"instock","12":"shipping-taxable","13":"product-type-simple"},"_links":{"self":[{"href":"https:\/\/www.ywjunchi.com\/fr\/wp-json\/wp\/v2\/product\/277","targetHints":{"allow":["GET"]}}],"collection":[{"href":"https:\/\/www.ywjunchi.com\/fr\/wp-json\/wp\/v2\/product"}],"about":[{"href":"https:\/\/www.ywjunchi.com\/fr\/wp-json\/wp\/v2\/types\/product"}],"replies":[{"embeddable":true,"href":"https:\/\/www.ywjunchi.com\/fr\/wp-json\/wp\/v2\/comments?post=277"}],"wp:featuredmedia":[{"embeddable":true,"href":"https:\/\/www.ywjunchi.com\/fr\/wp-json\/wp\/v2\/media\/407"}],"wp:attachment":[{"href":"https:\/\/www.ywjunchi.com\/fr\/wp-json\/wp\/v2\/media?parent=277"}],"wp:term":[{"taxonomy":"product_brand","embeddable":true,"href":"https:\/\/www.ywjunchi.com\/fr\/wp-json\/wp\/v2\/product_brand?post=277"},{"taxonomy":"product_cat","embeddable":true,"href":"https:\/\/www.ywjunchi.com\/fr\/wp-json\/wp\/v2\/product_cat?post=277"},{"taxonomy":"product_tag","embeddable":true,"href":"https:\/\/www.ywjunchi.com\/fr\/wp-json\/wp\/v2\/product_tag?post=277"}],"curies":[{"name":"wp","href":"https:\/\/api.w.org\/{rel}","templated":true}]}}