{"id":261,"date":"2026-03-17T08:01:23","date_gmt":"2026-03-17T08:01:23","guid":{"rendered":"https:\/\/www.ywjunchi.com\/?post_type=product&#038;p=261"},"modified":"2026-05-05T01:49:57","modified_gmt":"2026-05-05T01:49:57","slug":"film-holographique-sans-couture-dw18-pour-animaux-de-compagnie","status":"publish","type":"product","link":"https:\/\/www.ywjunchi.com\/fr\/product\/dw18-seamless-pet-hologram-film\/","title":{"rendered":"Film holographique sans couture pour animaux de compagnie DW18"},"content":{"rendered":"<p><strong><b>YWJUNCHI DW18 Milky Way Sand Film holographique PET sans couture : 16\u03bcm Solution d'impression UV certifi\u00e9e ROHS<\/b><\/strong><\/p>\n<p>Fabrication:YIWU JUNCHI PACKAGING MATERIAL<\/p>\n<p><strong><b>Sp\u00e9cification de base<\/b><\/strong>Film holographique pour animaux de compagnie :DW18 (Milky Way Sand Hologram Master)<\/p>\n<p>Param\u00e8tres cl\u00e9s :<\/p>\n<p>1,Master Largeur maximale : 1020mm (optimis\u00e9 pour l'impression\/lamination grand format)<\/p>\n<p>2,\u00c9paisseur:16\u03bcm (id\u00e9al pour l'\u00e9quilibre flexibilit\u00e9+stabilit\u00e9 structurelle).<\/p>\n<p>3,Principales utilisations : lamination du papier, impression UV (num\u00e9rique\/offset)<\/p>\n<p>4,Certification:ROHS certifi\u00e9 (conforme aux normes environnementales europ\u00e9ennes REACH et chinoises), test d'halog\u00e8ne r\u00e9ussi.<\/p>\n<p>Effets cl\u00e9s:Options de pelliculage et de transfert<\/p>\n<p>Exp\u00e9rience en mati\u00e8re de production : plus de 20 ans de fabrication de films holographiques sp\u00e9cialis\u00e9s<\/p>\n<figure id=\"attachment_606\" aria-describedby=\"caption-attachment-606\" style=\"width: 800px\" class=\"wp-caption alignnone\"><img fetchpriority=\"high\" decoding=\"async\" class=\"size-full wp-image-606\" src=\"https:\/\/www.ywjunchi.com\/wp-content\/uploads\/2026\/03\/012-1.jpg\" alt=\"Film holographique sans couture pour animaux de compagnie DW18\" width=\"800\" height=\"800\" srcset=\"https:\/\/www.ywjunchi.com\/wp-content\/uploads\/2026\/03\/012-1.jpg 800w, https:\/\/www.ywjunchi.com\/wp-content\/uploads\/2026\/03\/012-1-300x300.jpg 300w, https:\/\/www.ywjunchi.com\/wp-content\/uploads\/2026\/03\/012-1-100x100.jpg 100w, https:\/\/www.ywjunchi.com\/wp-content\/uploads\/2026\/03\/012-1-600x600.jpg 600w, https:\/\/www.ywjunchi.com\/wp-content\/uploads\/2026\/03\/012-1-150x150.jpg 150w, https:\/\/www.ywjunchi.com\/wp-content\/uploads\/2026\/03\/012-1-768x768.jpg 768w\" sizes=\"(max-width: 800px) 100vw, 800px\" \/><figcaption id=\"caption-attachment-606\" class=\"wp-caption-text\">Film holographique sans couture pour animaux de compagnie DW18<\/figcaption><\/figure>\n<h3>Qu'est-ce qui fait de DW18 un produit exceptionnel pour l'impression UV et le pelliculage du papier ?<\/h3>\n<h4>Texture exclusive du sable de la voie lact\u00e9e et fabrication de pr\u00e9cision<\/h4>\n<p>R\u00e9alis\u00e9e gr\u00e2ce \u00e0 une technologie de gaufrage holographique avanc\u00e9e, la s\u00e9rie DW18 pr\u00e9sente des motifs holographiques uniques de type \u2019voie lact\u00e9e\u2019 - une texture de sable \u00e0 grain moyen qui \u00e9tablit un \u00e9quilibre parfait entre le sable fin (subtil) du DW03 et le sable plus grossier (audacieux) du DW04.La taille des grains de sable de 0,05-0.La taille des grains de sable de 0,05 \u00e0 0,1 mm\u00b2 cr\u00e9e un effet visuel doux et \u00e9toil\u00e9 de \u201cvoie lact\u00e9e\u201d avec de l\u00e9g\u00e8res interf\u00e9rences arc-en-ciel (plage de longueurs d'onde de 420 \u00e0 680 nm), offrant un attrait tactile et visuel de premier ordre sans \u00e9craser les motifs imprim\u00e9s.Une v\u00e9ritable structure sans couture garantit une qualit\u00e9 de motif constante sur toute la largeur de 1020 mm, sans jonction ni rupture de motif.<\/p>\n<figure id=\"attachment_607\" aria-describedby=\"caption-attachment-607\" style=\"width: 800px\" class=\"wp-caption alignnone\"><img decoding=\"async\" class=\"size-full wp-image-607\" src=\"https:\/\/www.ywjunchi.com\/wp-content\/uploads\/2026\/03\/7V0A9420.jpg\" alt=\"Film holographique sans couture pour animaux de compagnie DW18\" width=\"800\" height=\"800\" srcset=\"https:\/\/www.ywjunchi.com\/wp-content\/uploads\/2026\/03\/7V0A9420.jpg 800w, https:\/\/www.ywjunchi.com\/wp-content\/uploads\/2026\/03\/7V0A9420-300x300.jpg 300w, https:\/\/www.ywjunchi.com\/wp-content\/uploads\/2026\/03\/7V0A9420-100x100.jpg 100w, https:\/\/www.ywjunchi.com\/wp-content\/uploads\/2026\/03\/7V0A9420-600x600.jpg 600w, https:\/\/www.ywjunchi.com\/wp-content\/uploads\/2026\/03\/7V0A9420-150x150.jpg 150w, https:\/\/www.ywjunchi.com\/wp-content\/uploads\/2026\/03\/7V0A9420-768x768.jpg 768w\" sizes=\"(max-width: 800px) 100vw, 800px\" \/><figcaption id=\"caption-attachment-607\" class=\"wp-caption-text\">Film holographique sans couture pour animaux de compagnie DW18<\/figcaption><\/figure>\n<h4>Des performances sur mesure pour les utilisations principales<\/h4>\n<p><b><\/b><strong><b>L'excellence de l'impression UV<\/b><\/strong>:<\/p>\n<p>\u00c9paisseur de 16\u03bcm optimis\u00e9e pour l'\u00e9quipement d'impression UV-pas d'\u00e9tirement ou de d\u00e9calage pendant la production \u00e0 grande vitesse.Surface trait\u00e9e avec un rev\u00eatement primaire sp\u00e9cial (\u00e9nergie de surface \u226538 mN\/m) assure une forte adh\u00e9rence de l'encre UV (3x plus \u00e9lev\u00e9e que les films PET standard),passant des tests de pelage de bande de 100 cycles sans perte d'encre.La faible brume du film(\u22641,5%)et la haute Transmittance (\u226592%) couleurs imprim\u00e9es vives, parfaites pour les logos fins,les codes QR,et les dessins en d\u00e9grad\u00e9.<\/p>\n<p><b><\/b><strong><b>Sup\u00e9riorit\u00e9 du pelliculage du papier<\/b><\/strong>:<\/p>\n<p>Rev\u00eatu d'un adh\u00e9sif thermofusible EAA respectueux de l'environnement, atteignant une force d'adh\u00e9rence \u22650,8N\/15mm avec le papier d'art, le papier cartonn\u00e9 et le papier kraft.R\u00e9siste aux bulles, au d\u00e9laminage et aux plis pendant le laminage (supporte une temp\u00e9rature de traitement de 100-120\u2103).Apr\u00e8s le laminage, la texture de sable milky way ajoute un luxe tactile \u00e0 l'emballage, am\u00e9liorant la valeur per\u00e7ue de la marque.<\/p>\n<p><b><\/b><strong><b>\u00c9cologique et durable<\/b><\/strong>:<\/p>\n<p>Certifi\u00e9 ROHS (sans m\u00e9taux lourds ni substances nocives),s'alignant sur les tendances environnementales mondiales \u201cdouble carbone\u201d et les r\u00e9glementations REACH de l'UE.Les propri\u00e9t\u00e9s antistatiques (r\u00e9sistance de surface \u226410\u00b9\u2070\u03a9) emp\u00eachent l'accumulation de poussi\u00e8re pendant le traitement,r\u00e9duisant les d\u00e9chets de 15%.R\u00e9siste \u00e0 la plage de temp\u00e9rature -20\u2103~60\u2103,test de vieillissement QUO 2000 heures sans jaunissement ni d\u00e9coloration.<\/p>\n<h4>Structure optimis\u00e9e des couches (noyau PET de 16\u03bcm)<\/h4>\n<p>Couche de recouvrement opaque\u2192couche m\u00e9tallique \u00e0 haute r\u00e9flectivit\u00e9\u2192couche centrale en PET de 16\u03bcm\u2192couche gaufr\u00e9e holographique Silky Way Sand\u2192couche de compatibilit\u00e9 avec l'encre UV.<\/p>\n<p>Le vernis UV d\u00e9di\u00e9 am\u00e9liore la r\u00e9sistance aux rayures (duret\u00e9 du crayon de niveau H) et l'efficacit\u00e9 du s\u00e9chage de l'encre, tandis que le noyau PET de 16\u03bcm \u00e9quilibre la flexibilit\u00e9 (pour l'emballage) et la stabilit\u00e9 structurelle (pour l'impression\/le pelliculage).<\/p>\n<h3>Applications cibl\u00e9es<\/h3>\n<p><b><\/b><strong><b>Projets d'impression UV<\/b><\/strong>\u00c9tiquettes de produits, pochettes d'emballage, affiches promotionnelles, d\u00e9pliants de marque et catalogues haut de gamme.<\/p>\n<p><b><\/b><strong><b>Produits de pelliculage du papier<\/b><\/strong>Bo\u00eetes d'emballage haut de gamme (cosm\u00e9tiques, produits chimiques quotidiens, cadeaux), sacs en papier de marque, invitations en papier cartonn\u00e9 et couvertures de livres.<\/p>\n<p><b><\/b><strong><b>Industries id\u00e9ales<\/b><\/strong>Cosm\u00e9tiques, produits chimiques quotidiens, aliments et boissons, et produits de luxe - o\u00f9 l'emballage haut de gamme et le respect de l'environnement sont essentiels.<\/p>\n<figure id=\"attachment_608\" aria-describedby=\"caption-attachment-608\" style=\"width: 800px\" class=\"wp-caption alignnone\"><img decoding=\"async\" class=\"size-full wp-image-608\" src=\"https:\/\/www.ywjunchi.com\/wp-content\/uploads\/2026\/03\/012-2.jpg\" alt=\"Film holographique sans couture pour animaux de compagnie DW18\" width=\"800\" height=\"800\" srcset=\"https:\/\/www.ywjunchi.com\/wp-content\/uploads\/2026\/03\/012-2.jpg 800w, https:\/\/www.ywjunchi.com\/wp-content\/uploads\/2026\/03\/012-2-300x300.jpg 300w, https:\/\/www.ywjunchi.com\/wp-content\/uploads\/2026\/03\/012-2-100x100.jpg 100w, https:\/\/www.ywjunchi.com\/wp-content\/uploads\/2026\/03\/012-2-600x600.jpg 600w, https:\/\/www.ywjunchi.com\/wp-content\/uploads\/2026\/03\/012-2-150x150.jpg 150w, https:\/\/www.ywjunchi.com\/wp-content\/uploads\/2026\/03\/012-2-768x768.jpg 768w\" sizes=\"(max-width: 800px) 100vw, 800px\" \/><figcaption id=\"caption-attachment-608\" class=\"wp-caption-text\">Film holographique sans couture pour animaux de compagnie DW18<\/figcaption><\/figure>\n<h3>Pourquoi choisir YWJUNCHI DW18 ?<\/h3>\n<p><b><\/b><strong><b>Texture de sable unique<\/b><\/strong>Le design de la voie lact\u00e9e \u00e0 grain moyen comble l'\u00e9cart entre le DW03 (fin) et le DW04 (gros), offrant des options de marquage diff\u00e9renci\u00e9es.<\/p>\n<p><b><\/b><strong><b>Conception centr\u00e9e sur l'application<\/b><\/strong>:16\u03bcm d'\u00e9paisseur+couche primaire adapt\u00e9e \u00e0 l'impression UV et au pelliculage du papier, qui r\u00e9sout les probl\u00e8mes d'adh\u00e9rence de l'encre et de stabilit\u00e9 du pelliculage rencontr\u00e9s par l'industrie.<\/p>\n<p><b><\/b><strong><b>Eco-Certifi\u00e9<\/b><\/strong>Conforme \u00e0 la directive ROHS, r\u00e9pondant aux normes environnementales mondiales pour les march\u00e9s d'exportation (UE, Asie du Sud-Est, Am\u00e9rique du Nord).<\/p>\n<p><b><\/b><strong><b>Co\u00fbt-efficacit\u00e9<\/b><\/strong>:La largeur de 1020 mm r\u00e9duit le gaspillage de mat\u00e9riaux;l'\u00e9paisseur fixe de 16\u03bcm optimise les co\u00fbts de production pour les commandes de masse.<\/p>\n<p><b><\/b><strong><b>Assurance qualit\u00e9<\/b><\/strong>:plus de 20 ans d'expertise en mati\u00e8re de fabrication ; tests rigoureux de coh\u00e9rence des motifs, d'adh\u00e9rence de l'encre et de respect de l'environnement.<\/p>\n<figure id=\"attachment_609\" aria-describedby=\"caption-attachment-609\" style=\"width: 800px\" class=\"wp-caption alignnone\"><img loading=\"lazy\" decoding=\"async\" class=\"size-full wp-image-609\" src=\"https:\/\/www.ywjunchi.com\/wp-content\/uploads\/2026\/03\/012-3.jpg\" alt=\"Film holographique sans couture pour animaux de compagnie DW18\" width=\"800\" height=\"800\" srcset=\"https:\/\/www.ywjunchi.com\/wp-content\/uploads\/2026\/03\/012-3.jpg 800w, https:\/\/www.ywjunchi.com\/wp-content\/uploads\/2026\/03\/012-3-300x300.jpg 300w, https:\/\/www.ywjunchi.com\/wp-content\/uploads\/2026\/03\/012-3-100x100.jpg 100w, https:\/\/www.ywjunchi.com\/wp-content\/uploads\/2026\/03\/012-3-600x600.jpg 600w, https:\/\/www.ywjunchi.com\/wp-content\/uploads\/2026\/03\/012-3-150x150.jpg 150w, https:\/\/www.ywjunchi.com\/wp-content\/uploads\/2026\/03\/012-3-768x768.jpg 768w\" sizes=\"(max-width: 800px) 100vw, 800px\" \/><figcaption id=\"caption-attachment-609\" class=\"wp-caption-text\">Film holographique sans couture pour animaux de compagnie DW18<\/figcaption><\/figure>\n<h3>FAQ ?<\/h3>\n<p>Pourquoi une \u00e9paisseur de 16\u03bcm ? C'est l'\u00e9quilibre optimal pour l'impression UV (pas d'\u00e9tirement) et le laminage (forte adh\u00e9rence), largement adopt\u00e9 dans l'industrie de l'emballage. .<\/p>\n<p>Peut-il \u00eatre utilis\u00e9 pour l'emballage alimentaire ? Oui, la certification ROHS et le mat\u00e9riau PET de qualit\u00e9 alimentaire permettent l'emballage en contact indirect avec les aliments.<\/p>\n<p>Quelle est la diff\u00e9rence entre DW18 et DW03\/DW04 ?<\/p>\n<p>&nbsp;<\/p>\n<table>\n<tbody>\n<tr>\n<td width=\"184\">Mod\u00e8le<\/td>\n<td width=\"184\">Taille des grains de sable<\/td>\n<td width=\"184\">\u00c9paisseur<\/td>\n<td width=\"184\">Largeur<\/td>\n<td width=\"184\">Utilisation des cl\u00e9s<\/td>\n<\/tr>\n<tr>\n<td width=\"184\">DW18<\/td>\n<td width=\"184\">Moyen (DW03&lt;DW18 &lt;DW04)<\/td>\n<td width=\"184\">Fixe 16\u03bcm<\/td>\n<td width=\"184\">1020mm<\/td>\n<td width=\"184\">Impression UV et laminage du papier (certifi\u00e9 ROHS)<\/td>\n<\/tr>\n<tr>\n<td width=\"184\">DW03<\/td>\n<td width=\"184\">Bien<\/td>\n<td width=\"184\">16-50\u03bcm (sur mesure)<\/td>\n<td width=\"184\">1090mm<\/td>\n<td width=\"184\">Emballage Premium (cryptage cach\u00e9)<\/td>\n<\/tr>\n<tr>\n<td width=\"184\">DW04<\/td>\n<td width=\"184\">Grossi\u00e8re<\/td>\n<td width=\"184\">16-50\u03bcm (PET)\/50\u03bcm (PVC)<\/td>\n<td width=\"184\">1020mm<\/td>\n<td width=\"184\">Polyvalence des deux mat\u00e9riaux (PET\/PVC)<\/td>\n<\/tr>\n<\/tbody>\n<\/table>\n<p>Rehaussez vos produits imprim\u00e9s et lamin\u00e9s avec la texture sableuse unique de DW18-YWJUNCHI fournit des films hologrammes certifi\u00e9s ROHS, des films hologrammes pour animaux de compagnie, des certificats d'halog\u00e8ne, des solutions optimis\u00e9es pour l'application, adapt\u00e9es aux besoins de votre marque. Des \u00e9chantillons gratuits sont disponibles pour les tests d'impression et de laminage !<\/p>\n<p><em><i>YWJUNCHI DW18 - L\u00e0 o\u00f9 la brillance de la voie lact\u00e9e rencontre la perfection de l'impression et du pelliculage !<\/i><\/em>e<\/p>\n<p>&nbsp;<\/p>","protected":false},"excerpt":{"rendered":"<p><strong><b>DW18 Milky Way Sand Film holographique PET sans couture, largeur maximale 1020 mm.<\/b><\/strong><\/p>","protected":false},"featured_media":606,"comment_status":"open","ping_status":"closed","template":"","meta":[],"product_brand":[],"product_cat":[17],"product_tag":[53],"class_list":{"0":"post-261","1":"product","2":"type-product","3":"status-publish","4":"has-post-thumbnail","6":"product_cat-holographic-film","7":"product_tag-dw18-seamless-pet-hologram-film","9":"first","10":"instock","11":"shipping-taxable","12":"product-type-simple"},"_links":{"self":[{"href":"https:\/\/www.ywjunchi.com\/fr\/wp-json\/wp\/v2\/product\/261","targetHints":{"allow":["GET"]}}],"collection":[{"href":"https:\/\/www.ywjunchi.com\/fr\/wp-json\/wp\/v2\/product"}],"about":[{"href":"https:\/\/www.ywjunchi.com\/fr\/wp-json\/wp\/v2\/types\/product"}],"replies":[{"embeddable":true,"href":"https:\/\/www.ywjunchi.com\/fr\/wp-json\/wp\/v2\/comments?post=261"}],"wp:featuredmedia":[{"embeddable":true,"href":"https:\/\/www.ywjunchi.com\/fr\/wp-json\/wp\/v2\/media\/606"}],"wp:attachment":[{"href":"https:\/\/www.ywjunchi.com\/fr\/wp-json\/wp\/v2\/media?parent=261"}],"wp:term":[{"taxonomy":"product_brand","embeddable":true,"href":"https:\/\/www.ywjunchi.com\/fr\/wp-json\/wp\/v2\/product_brand?post=261"},{"taxonomy":"product_cat","embeddable":true,"href":"https:\/\/www.ywjunchi.com\/fr\/wp-json\/wp\/v2\/product_cat?post=261"},{"taxonomy":"product_tag","embeddable":true,"href":"https:\/\/www.ywjunchi.com\/fr\/wp-json\/wp\/v2\/product_tag?post=261"}],"curies":[{"name":"wp","href":"https:\/\/api.w.org\/{rel}","templated":true}]}}