{"id":251,"date":"2026-03-17T07:52:40","date_gmt":"2026-03-17T07:52:40","guid":{"rendered":"https:\/\/www.ywjunchi.com\/?post_type=product&#038;p=251"},"modified":"2026-05-01T07:46:18","modified_gmt":"2026-05-01T07:46:18","slug":"film-holographique-pour-animaux-de-compagnie-hp21","status":"publish","type":"product","link":"https:\/\/www.ywjunchi.com\/fr\/product\/hp21-pet-hologram-film\/","title":{"rendered":"Film holographique pour animaux de compagnie HP21"},"content":{"rendered":"<h2>YWJUNCHI HP21 Verre bris\u00e9 Film holographique PET sans couture<\/h2>\n<p><strong>Fabrication<\/strong>:YIWU JUNCHI PACKAGING MATERIAL FIRM<\/p>\n<p><strong>Sp\u00e9cification de base<\/strong>S\u00e9rie HP21 (K LASER Shattered Glass Hologram Master, mat\u00e9riau PET sans soudure, S003)<\/p>\n<h2>Param\u00e8tres cl\u00e9s :<\/h2>\n<p>Conception de l'hologramme : K LASER Shattered Glass Pattern (dynamique, effet visuel de verre fragment\u00e9, haute protection contre la contrefa\u00e7on).<\/p>\n<p>Type de mat\u00e9riau : film holographique PET sans couture (respectueux de l'environnement, haute performance, structure stable)<\/p>\n<p>\u00c9paisseur fixe : 16\u03bcm (optimale pour la production de papier holographique, l'impression offset UV et le traitement des bo\u00eetes en papier holographique).<\/p>\n<p>Longueur du rouleau : 3000m\/rouleau ou 6000m\/rouleau (deux options pour r\u00e9pondre aux diff\u00e9rents volumes de commande et besoins de production)<\/p>\n<p>Principales utilisations : production de papier holographique, impression offset UV, fabrication de bo\u00eetes en papier holographique.<\/p>\n<p><strong>Effets cl\u00e9s<\/strong>Options de laminage et de transfert (id\u00e9ales pour les composites de papier et la d\u00e9coration de surface)<\/p>\n<p><strong>Exp\u00e9rience en mati\u00e8re de production<\/strong>:20+ Years of Specialized Holographic Film Manufacturing Qu'est-ce qui fait de HP21 une solution holographique exceptionnelle pour le verre bris\u00e9 ?<\/p>\n<p>Design exclusif K LASER en verre bris\u00e9 et fabrication de pr\u00e9cision<\/p>\n<p>Fabriqu\u00e9e \u00e0 partir d'une plaque ma\u00eetresse d'hologramme en verre bris\u00e9 de K LASER combin\u00e9e \u00e0 une technologie de gaufrage de haute pr\u00e9cision, la s\u00e9rie HP21 pr\u00e9sente un motif holographique unique en verre bris\u00e9, imitant la texture naturelle et fragment\u00e9e du verre cass\u00e9, avec des fragments irr\u00e9guliers aux ar\u00eates vives et des effets dynamiques de r\u00e9fraction de la lumi\u00e8re.Le motif est rendu avec des micro-nano-structures ultrafines (r\u00e9solution \u22654000dpi), garantissant que chaque fragment de verre est net, tridimensionnel et sans couture sur toute la largeur du film. Sous la lumi\u00e8re naturelle, le motif de verre bris\u00e9 affiche une r\u00e9fraction de la lumi\u00e8re arc-en-ciel, cr\u00e9ant un impact visuel frappant et accrocheur qui diff\u00e9rencie efficacement les produits des concurrents, tandis que la structure sans couture \u00e9limine les lacunes de collage lors de la production \u00e0 grande \u00e9chelle.<\/p>\n<p>Principaux avantages:Performance et utilisation cibl\u00e9e Adaptabilit\u00e9<\/p>\n<p><strong>Mat\u00e9riau PET Excellence (\u00e9paisseur fixe de 16\u03bcm)<\/strong>:Fabriqu\u00e9 en r\u00e9sine PET \u00e9cologique de haute puret\u00e9 (certifi\u00e9e ROHS),avec une \u00e9paisseur fixe de 16\u03bcm-optimis\u00e9e sur mesure pour ses utilisations principales.Cette \u00e9paisseur \u00e9quilibre une flexibilit\u00e9 parfaite et une stabilit\u00e9 structurelle,\u00e9vitant l'\u00e9tirement pendant l'impression\/lamination et assurant une forme ferme pendant le traitement de la bo\u00eete en papier.Le film se vante d'une r\u00e9sistance \u00e0 la traction \u2265220MPa, d'une transmission de la lumi\u00e8re\u226592%, et d'un faible voile (\u22641,2%),garantissant que l'effet holographique de verre bris\u00e9 est vif et clair sans distorsion,m\u00eame apr\u00e8s les processus de composite ou d'impression.<\/p>\n<p><strong>Optimisation de l'utilisation cibl\u00e9e<\/strong>:<\/p>\n<p><strong>Production de papier holographique<\/strong>R\u00e9siste aux bulles, \u00e0 la d\u00e9lamination et aux plis pendant la stratification, conserve la texture nette et fragment\u00e9e du motif de verre bris\u00e9 apr\u00e8s la stratification et constitue une base de qualit\u00e9 sup\u00e9rieure pour la fabrication de bo\u00eetes en papier holographique.<\/p>\n<p><strong>Compatibilit\u00e9 avec l'impression offset UV<\/strong>La surface lisse du PET emp\u00eache l'encre de couler ou de s'\u00e9taler, ce qui permet d'obtenir des dessins imprim\u00e9s (logos, textes, motifs) de haute d\u00e9finition qui compl\u00e8tent l'effet holographique du verre bris\u00e9, sans \u00e9craser le motif unique ni \u00eatre \u00e9clips\u00e9s par lui, ce qui convient \u00e0 l'impression de surface de bo\u00eetes en papier holographique haut de gamme.<\/p>\n<p><strong>Adaptabilit\u00e9 de la bo\u00eete en papier holographique<\/strong>:L'\u00e9paisseur fixe de 16\u03bcm est id\u00e9ale pour le pliage et la mise en forme des bo\u00eetes en papier - suffisamment souple pour \u00e9viter les fissures sur les bords de pliage, mais suffisamment robuste pour maintenir l'int\u00e9grit\u00e9 structurelle de la bo\u00eete en papier.Le motif holographique en verre bris\u00e9 ajoute une sensation de texture haut de gamme et de superposition visuelle aux bo\u00eetes en papier, \u00e9levant la qualit\u00e9 de la marque.Les propri\u00e9t\u00e9s antistatiques (r\u00e9sistance de surface\u226410\u00b9\u2070\u03a9) emp\u00eachent l'accumulation de poussi\u00e8re pendant le traitement, r\u00e9duisant les d\u00e9chets de production et garantissant une qualit\u00e9 de produit constante.<\/p>\n<p><strong>Valeur esth\u00e9tique et anti-contrefa\u00e7on sup\u00e9rieure<\/strong>Le motif unique de verre bris\u00e9 K LASER forme une barri\u00e8re naturelle contre la contrefa\u00e7on - sa structure irr\u00e9guli\u00e8re et fragment\u00e9e est extr\u00eamement difficile \u00e0 reproduire sans un \u00e9quipement sp\u00e9cialis\u00e9 pour les plaques ma\u00eetresses.Supporte des \u00e9l\u00e9ments de s\u00e9curit\u00e9 suppl\u00e9mentaires (texte micro-imprim\u00e9, images latentes au laser) pour renforcer la protection de la marque, conform\u00e9ment aux normes holographiques anti-contrefa\u00e7on GB\/T 17000-2009.Contrairement aux films holographiques traditionnels, le motif de verre bris\u00e9 offre un attrait visuel audacieux et moderne, parfait pour les marques qui recherchent l'unicit\u00e9 et un positionnement haut de gamme.<\/p>\n<p><strong>Options de double longueur de rouleau<\/strong>3000 m\/rouleau (adapt\u00e9 \u00e0 la production de petites s\u00e9ries, aux commandes d'essai ou aux projets \u00e0 court terme) et 6000 m\/rouleau (id\u00e9al pour les grandes s\u00e9ries, la production continue, la r\u00e9duction de la fr\u00e9quence de remplacement des rouleaux et l'am\u00e9lioration de l'efficacit\u00e9 de la production, la r\u00e9duction des co\u00fbts de production unitaires).<\/p>\n<p>Structure optimis\u00e9e des couches (noyau PET sans couture)<\/p>\n<p>Couche de recouvrement opaque\u2192couche m\u00e9tallique \u00e0 haute r\u00e9flectivit\u00e9\u2192couche centrale en PET de 16\u03bcm\u2192couche gaufr\u00e9e holographique en verre bris\u00e9\u2192couche r\u00e9sistante aux UV et anti-rayures.<\/p>\n<p>Les doubles rev\u00eatements protecteurs am\u00e9liorent la durabilit\u00e9 (duret\u00e9 du crayon de niveau H) et la r\u00e9sistance aux UV,emp\u00eachant le motif en verre bris\u00e9 de se d\u00e9colorer ou de se rayer pendant le traitement, le transport et le stockage \u00e0 long terme.La couche m\u00e9tallique \u00e0 haute r\u00e9flectivit\u00e9 amplifie l'effet de r\u00e9fraction de la lumi\u00e8re des fragments de verre bris\u00e9,rendant le motif holographique plus frappant et plus vif,tandis que la couche centrale en PET de 16\u03bcm garantit des performances stables dans divers environnements de traitement (temp\u00e9rature de laminage\/d'impression de 100-120\u2103).<\/p>\n<p>Applications cibl\u00e9es<\/p>\n<p>S'appuyant sur son effet holographique unique de verre bris\u00e9, son \u00e9paisseur fixe de 16\u03bcm, ses options de double longueur de rouleau et sa compatibilit\u00e9 avec les processus cibl\u00e9s, la HP21 est sp\u00e9cialement con\u00e7ue pour.. :<\/p>\n<p><strong>Papier holographique<\/strong>Mat\u00e9riau de base pour la production de papier holographique de haute qualit\u00e9, largement utilis\u00e9 dans les domaines de l'emballage, de l'impression et de la d\u00e9coration.<\/p>\n<p><strong>Projets d'impression offset UV<\/strong>Convient aux proc\u00e9d\u00e9s d'impression offset UV, id\u00e9al pour l'impression de bo\u00eetes en papier holographique, d'\u00e9tiquettes de produits haut de gamme et de mat\u00e9riel promotionnel de marque.<\/p>\n<p><strong>Bo\u00eetes en papier holographique<\/strong>:Mati\u00e8re premi\u00e8re essentielle pour la fabrication de bo\u00eetes en papier holographique haut de gamme.<\/p>\n<p>Pourquoi choisir YWJUNCHI HP21 ?<\/p>\n<p><strong>Diff\u00e9renciation visuelle unique<\/strong>Motif holographique en verre bris\u00e9 :K LASER - audacieux, dynamique et difficile \u00e0 reproduire, il aide les marques \u00e0 se d\u00e9marquer dans la concurrence f\u00e9roce du march\u00e9.<\/p>\n<p><strong>Conception cibl\u00e9e de l'\u00e9paisseur<\/strong>:\u00c9paisseur fixe de 16\u03bcm,parfaitement adapt\u00e9e \u00e0 la production de papier holographique,\u00e0 l'impression offset UV,et au traitement des bo\u00eetes de papier holographique,\u00e9vitant tout gaspillage inutile de mat\u00e9riel.<\/p>\n<p><strong>Flexibilit\u00e9 de la longueur des rouleaux<\/strong>Les options doubles 3000m\/6000m s'adaptent aux diff\u00e9rentes \u00e9chelles de commande et aux besoins de production, am\u00e9liorant l'efficacit\u00e9 de la production et r\u00e9duisant les co\u00fbts.<\/p>\n<p><strong>Sp\u00e9cialisation PET<\/strong>:Utilisation d'un mat\u00e9riau PET sans soudure, respectueux de l'environnement (certifi\u00e9 ROHS), stable en termes de performances et conforme aux normes environnementales mondiales et aux normes relatives au contact avec les aliments (pour les emballages alimentaires indirects).<\/p>\n<p><strong>Assurance qualit\u00e9<\/strong>20+ ann\u00e9es d'expertise dans la fabrication de films holographiques, tests rigoureux de coh\u00e9rence des motifs, de performance des mat\u00e9riaux et d'adaptabilit\u00e9 au traitement ; conforme aux normes REACH de l'UE et aux normes chinoises en mati\u00e8re de mat\u00e9riaux d'emballage.<\/p>\n<p><strong>Soutien \u00e0 la personnalisation<\/strong>:teinte personnalisable (argent, or, personnalis\u00e9) et \u00e9l\u00e9ments de s\u00e9curit\u00e9 optionnels (micro-impression, images latentes) pour r\u00e9pondre aux besoins d'emballage et de lutte contre la contrefa\u00e7on propres \u00e0 chaque marque.<\/p>\n<p>FAQ ?<\/p>\n<p><strong>Quel est l'avantage du design holographique en verre bris\u00e9 ?<\/strong>Il offre un impact visuel audacieux et dynamique avec une forte performance anti-contrefa\u00e7on - sa structure fragment\u00e9e irr\u00e9guli\u00e8re est difficile \u00e0 reproduire, tandis que l'effet de r\u00e9fraction de la lumi\u00e8re rehausse la qualit\u00e9 du produit. Il est parfait pour les bo\u00eetes en papier holographique haut de gamme et le papier holographique.<\/p>\n<p><strong>Pourquoi choisir une \u00e9paisseur de 16\u03bcm ?<\/strong>16\u03bcm est l'\u00e9quilibre optimal entre flexibilit\u00e9 et stabilit\u00e9 structurelle pour les utilisations principales de HP21 - il \u00e9vite l'\u00e9tirement pendant l'impression\/lamination et la fissuration pendant le pliage de la bo\u00eete en papier, ce qui garantit un traitement sans heurts.<\/p>\n<p><strong>Comment choisir entre 3000m\/rouleau et 6000m\/rouleau ?<\/strong>3000 m\/rouleau est adapt\u00e9 \u00e0 la production de petites s\u00e9ries, aux commandes d'essai ou aux projets \u00e0 court terme ; 6000 m\/rouleau est recommand\u00e9 pour les grandes s\u00e9ries et la production continue afin d'am\u00e9liorer l'efficacit\u00e9 et de r\u00e9duire les co\u00fbts de remplacement des rouleaux.<\/p>\n<p><strong>Quelle est la diff\u00e9rence entre HP21 et Z10 (faisceau lumineux horizontal bross\u00e9) ?<\/strong><\/p>\n<table>\n<tbody>\n<tr>\n<td width=\"110\">Mod\u00e8le<\/td>\n<td width=\"110\">Conception de base<\/td>\n<td width=\"110\">\u00c9paisseur<\/td>\n<td width=\"110\">Longueur du rouleau<\/td>\n<td width=\"110\">Points forts<\/td>\n<\/tr>\n<tr>\n<td width=\"110\">HP21<\/td>\n<td width=\"110\">K LASER Verre bris\u00e9<\/td>\n<td width=\"110\">Fixe 16\u03bcm<\/td>\n<td width=\"110\">3000m\/6000m<\/td>\n<td width=\"110\">Anti-contrefa\u00e7on + Adaptabilit\u00e9 du papier holographique\/de la bo\u00eete<\/td>\n<\/tr>\n<tr>\n<td width=\"110\">Z10<\/td>\n<td width=\"110\">K LASER Bross\u00e9 Faisceau lumineux horizontal<\/td>\n<td width=\"110\">Fixe 16\u03bcm<\/td>\n<td width=\"110\">Personnalisable<\/td>\n<td width=\"110\">Texture bross\u00e9e de qualit\u00e9 sup\u00e9rieure + adaptabilit\u00e9 de la bo\u00eete \u00e0 cosm\u00e9tiques<\/td>\n<\/tr>\n<\/tbody>\n<\/table>\n<p>Am\u00e9liorez vos emballages holographiques en papier et en carton gr\u00e2ce \u00e0 l'effet holographique unique de HP21-YWJUNCHI fournit des solutions holographiques en PET sans couture cibl\u00e9es, performantes et rentables, adapt\u00e9es \u00e0 vos besoins de production.<\/p>\n<p>YWJUNCHI HP21 - Quand la brillance du verre bris\u00e9 rencontre l'excellence de l'emballage holographique !<\/p>","protected":false},"excerpt":{"rendered":"<p>HP21 Shattered Glass Film holographique PET sans couture, argent m\u00e9tallis\u00e9 ou transparent, \u00e9paisseur 16 microns.<\/p>","protected":false},"featured_media":414,"comment_status":"open","ping_status":"closed","template":"","meta":[],"product_brand":[],"product_cat":[17],"product_tag":[34],"class_list":{"0":"post-251","1":"product","2":"type-product","3":"status-publish","4":"has-post-thumbnail","6":"product_cat-holographic-film","7":"product_tag-hp21-seamless-pet-hologram-film","9":"first","10":"instock","11":"shipping-taxable","12":"product-type-simple"},"_links":{"self":[{"href":"https:\/\/www.ywjunchi.com\/fr\/wp-json\/wp\/v2\/product\/251","targetHints":{"allow":["GET"]}}],"collection":[{"href":"https:\/\/www.ywjunchi.com\/fr\/wp-json\/wp\/v2\/product"}],"about":[{"href":"https:\/\/www.ywjunchi.com\/fr\/wp-json\/wp\/v2\/types\/product"}],"replies":[{"embeddable":true,"href":"https:\/\/www.ywjunchi.com\/fr\/wp-json\/wp\/v2\/comments?post=251"}],"wp:featuredmedia":[{"embeddable":true,"href":"https:\/\/www.ywjunchi.com\/fr\/wp-json\/wp\/v2\/media\/414"}],"wp:attachment":[{"href":"https:\/\/www.ywjunchi.com\/fr\/wp-json\/wp\/v2\/media?parent=251"}],"wp:term":[{"taxonomy":"product_brand","embeddable":true,"href":"https:\/\/www.ywjunchi.com\/fr\/wp-json\/wp\/v2\/product_brand?post=251"},{"taxonomy":"product_cat","embeddable":true,"href":"https:\/\/www.ywjunchi.com\/fr\/wp-json\/wp\/v2\/product_cat?post=251"},{"taxonomy":"product_tag","embeddable":true,"href":"https:\/\/www.ywjunchi.com\/fr\/wp-json\/wp\/v2\/product_tag?post=251"}],"curies":[{"name":"wp","href":"https:\/\/api.w.org\/{rel}","templated":true}]}}