{"id":214,"date":"2026-03-17T07:35:41","date_gmt":"2026-03-17T07:35:41","guid":{"rendered":"https:\/\/www.ywjunchi.com\/?post_type=product&#038;p=214"},"modified":"2026-05-06T02:21:41","modified_gmt":"2026-05-06T02:21:41","slug":"e068b-film-holographique-pour-animaux-de-compagnie","status":"publish","type":"product","link":"https:\/\/www.ywjunchi.com\/fr\/product\/e068b-pet-hologram-film\/","title":{"rendered":"E068B Film holographique pour animaux de compagnie"},"content":{"rendered":"<h2><strong>YWJUNCHI E068B Brushed Horizontal pillar light Seamless PET Holographic Film (film holographique PET sans couture)<\/strong><\/h2>\n<p><strong>Fabrication<\/strong>:YIWU JUNCHI PACKAGING MATERIAL FIRM<\/p>\n<p><strong>Sp\u00e9cification de base<\/strong>S\u00e9rie Z10 (K LASER E068B film hologramme pour animaux de compagnie, image bross\u00e9e par faisceau lumineux horizontal)<\/p>\n<figure id=\"attachment_605\" aria-describedby=\"caption-attachment-605\" style=\"width: 800px\" class=\"wp-caption alignnone\"><img fetchpriority=\"high\" decoding=\"async\" class=\"size-full wp-image-605\" src=\"https:\/\/www.ywjunchi.com\/wp-content\/uploads\/2026\/03\/011-5.jpg\" alt=\"E068B pillar light include line pet holographic film\" width=\"800\" height=\"800\" srcset=\"https:\/\/www.ywjunchi.com\/wp-content\/uploads\/2026\/03\/011-5.jpg 800w, https:\/\/www.ywjunchi.com\/wp-content\/uploads\/2026\/03\/011-5-300x300.jpg 300w, https:\/\/www.ywjunchi.com\/wp-content\/uploads\/2026\/03\/011-5-100x100.jpg 100w, https:\/\/www.ywjunchi.com\/wp-content\/uploads\/2026\/03\/011-5-600x600.jpg 600w, https:\/\/www.ywjunchi.com\/wp-content\/uploads\/2026\/03\/011-5-150x150.jpg 150w, https:\/\/www.ywjunchi.com\/wp-content\/uploads\/2026\/03\/011-5-768x768.jpg 768w\" sizes=\"(max-width: 800px) 100vw, 800px\" \/><figcaption id=\"caption-attachment-605\" class=\"wp-caption-text\">E068B pillar light include line pet holographic film<\/figcaption><\/figure>\n<h2><strong>Param\u00e8tres cl\u00e9s<\/strong>:<\/h2>\n<p>Master Maximum Width:820mm(optimis\u00e9 pour l'emballage standard, l'impression et la production d'\u00e9tiquettes, assurant la compatibilit\u00e9 avec les \u00e9quipements courants)<\/p>\n<p>Type de mat\u00e9riau : film holographique PET sans couture (ax\u00e9 sur la haute performance et le respect de l'environnement)<\/p>\n<p>\u00c9paisseur fixe:16\u03bcm(\u00e9quilibre optimal entre flexibilit\u00e9 et stabilit\u00e9 structurelle pour les utilisations centrales).<\/p>\n<p>Principales utilisations : contrecollage avec du papier (pour la fabrication de carton holographique), impression offset UV, production de bo\u00eetes cosm\u00e9tiques.<\/p>\n<p><strong>Effets cl\u00e9s<\/strong>: Options de pelliculage et de transfert<\/p>\n<p><strong>Exp\u00e9rience en mati\u00e8re de production<\/strong>:Plus de 20 ans de fabrication de films holographiques sp\u00e9cialis\u00e9s<\/p>\n<p>Qu'est-ce qui fait du mod\u00e8le E068B une solution de faisceau lumineux horizontal bross\u00e9 exceptionnelle ?<\/p>\n<p>Conception exclusive du faisceau lumineux horizontal bross\u00e9 et technologie avanc\u00e9e<\/p>\n<p>Fabriqu\u00e9e \u00e0 l'aide de la plaque ma\u00eetresse d'hologramme de pr\u00e9cision K LASER E068B combin\u00e9e \u00e0 une technologie de gaufrage avanc\u00e9e, la s\u00e9rie E068B pr\u00e9sente une image unique de faisceau lumineux horizontal bross\u00e9 - int\u00e9grant la texture \u00e9l\u00e9gante du m\u00e9tal bross\u00e9 \u00e0 la brillance dynamique des faisceaux lumineux horizontaux.La texture bross\u00e9e ajoute une sensation tactile hybride mate et brillante de qualit\u00e9 sup\u00e9rieure, tandis que l'orientation horizontale des faisceaux lumineux cr\u00e9e un effet visuel \u00e9tendu et \u00e9l\u00e9gant qui am\u00e9liore la perception de la largeur du produit sur les \u00e9tag\u00e8res. Avec des structures micro-nano ultrafines (r\u00e9solution \u22654000dpi), le motif est net, coh\u00e9rent et v\u00e9ritablement sans couture sur toute la largeur de 820 mm, sans lacunes ou ruptures de motif.<\/p>\n<p>Avantages principaux : Performance et adaptabilit\u00e9 \u00e0 de multiples usages<\/p>\n<p><strong>Mat\u00e9riau PET Excellence (\u00e9paisseur fixe de 16\u03bcm)<\/strong>:Fabriqu\u00e9 en r\u00e9sine PET de haute puret\u00e9 et respectueuse de l'environnement(certifi\u00e9 ROHS),test halog\u00e8ne r\u00e9ussi,avec une \u00e9paisseur fixe de 16\u03bcm-optimale pour le laminage avec du papier (carton holographique) et l'impression offset UV.Il pr\u00e9sente une excellente stabilit\u00e9 dimensionnelle,une r\u00e9sistance \u00e9lev\u00e9e \u00e0 la chaleur(supporte 100-120\u2103 processus de laminage\/impression),et est id\u00e9al pour la production de bo\u00eetes cosm\u00e9tiques et d'emballages haut de gamme.Se targue d'une r\u00e9sistance \u00e0 la traction \u2265220MPa,d'une transmittance lumineuse \u226592%,et d'un faible voile (\u22641,2%),garantissant que l'effet de faisceau lumineux horizontal bross\u00e9 est vif et clair, sans distorsion.<\/p>\n<figure id=\"attachment_602\" aria-describedby=\"caption-attachment-602\" style=\"width: 800px\" class=\"wp-caption alignnone\"><img decoding=\"async\" class=\"size-full wp-image-602\" src=\"https:\/\/www.ywjunchi.com\/wp-content\/uploads\/2026\/03\/011-3.jpg\" alt=\"E068B pillar light include line pet hologram film\" width=\"800\" height=\"800\" srcset=\"https:\/\/www.ywjunchi.com\/wp-content\/uploads\/2026\/03\/011-3.jpg 800w, https:\/\/www.ywjunchi.com\/wp-content\/uploads\/2026\/03\/011-3-300x300.jpg 300w, https:\/\/www.ywjunchi.com\/wp-content\/uploads\/2026\/03\/011-3-100x100.jpg 100w, https:\/\/www.ywjunchi.com\/wp-content\/uploads\/2026\/03\/011-3-600x600.jpg 600w, https:\/\/www.ywjunchi.com\/wp-content\/uploads\/2026\/03\/011-3-150x150.jpg 150w, https:\/\/www.ywjunchi.com\/wp-content\/uploads\/2026\/03\/011-3-768x768.jpg 768w\" sizes=\"(max-width: 800px) 100vw, 800px\" \/><figcaption id=\"caption-attachment-602\" class=\"wp-caption-text\">E068B pillar light include line pet hologram film<\/figcaption><\/figure>\n<p><strong>Optimisation multi-usages<\/strong>:<\/p>\n<p><strong>Excellence en mati\u00e8re de pelliculage (carton holographique)<\/strong>R\u00e9siste aux bulles, \u00e0 la d\u00e9lamination et aux plis pendant les processus de laminage, conserve la texture bross\u00e9e et la brillance du faisceau lumineux apr\u00e8s le laminage, parfait pour la production ult\u00e9rieure de bo\u00eetes de cosm\u00e9tiques.<\/p>\n<p><strong>Compatibilit\u00e9 avec l'impression offset UV<\/strong>La surface bross\u00e9e lisse emp\u00eache l'\u00e9coulement de l'encre et garantit des motifs imprim\u00e9s de haute d\u00e9finition qui compl\u00e8tent l'effet holographique sans l'\u00e9craser, ce qui convient \u00e0 l'impression de la surface des bo\u00eetes de cosm\u00e9tiques.<\/p>\n<p><strong>Adaptabilit\u00e9 de la bo\u00eete \u00e0 cosm\u00e9tiques<\/strong>:L'\u00e9paisseur fixe de 16\u03bcm \u00e9quilibre la flexibilit\u00e9(pour le pliage des bo\u00eetes)et la stabilit\u00e9 structurelle(pour le fa\u00e7onnage des bo\u00eetes),associ\u00e9e \u00e0 l'\u00e9l\u00e9gant effet de faisceau lumineux horizontal bross\u00e9 pour \u00e9lever l'aspect premium des bo\u00eetes de cosm\u00e9tiques.Les propri\u00e9t\u00e9s antistatiques (r\u00e9sistance de surface \u226410\u00b9\u2070\u03a9)emp\u00eachent l'accumulation de poussi\u00e8re pendant le traitement,r\u00e9duisant ainsi les d\u00e9chets de production.<\/p>\n<p><strong>Anti-contrefa\u00e7on et avantage esth\u00e9tique<\/strong>La combinaison unique du design du K LASER E068B, de la texture bross\u00e9e et du faisceau lumineux horizontal cr\u00e9e une barri\u00e8re anti-contrefa\u00e7on naturelle, difficile \u00e0 reproduire sans un \u00e9quipement de moulage sp\u00e9cialis\u00e9. La finition bross\u00e9e offre une alternative sophistiqu\u00e9e et non \u00e9blouissante aux films holographiques brillants traditionnels, id\u00e9ale pour les marques haut de gamme.<\/p>\n<p><strong>Structure optimis\u00e9e des couches (noyau PET sans couture)<\/strong><\/p>\n<p>Couche de recouvrement opaque\u2192Couche m\u00e9tallique \u00e0 haute r\u00e9flectivit\u00e9\u2192Couche centrale en PET\u2192Couche gaufr\u00e9e holographique \u00e0 faisceau lumineux horizontal bross\u00e9\u2192Rev\u00eatement r\u00e9sistant aux UV et anti-rayures<\/p>\n<p>Les deux rev\u00eatements protecteurs am\u00e9liorent la durabilit\u00e9 (duret\u00e9 du crayon de niveau H) et la r\u00e9sistance aux UV, garantissant que la texture bross\u00e9e et l'effet du faisceau lumineux restent vifs pour une utilisation \u00e0 long terme. La couche \u00e0 haute r\u00e9flectivit\u00e9 amplifie la brillance du faisceau lumineux horizontal, tandis que la couche centrale en PET \u00e9quilibre la flexibilit\u00e9 et la stabilit\u00e9 structurelle pour des besoins de traitement divers.<\/p>\n<figure id=\"attachment_603\" aria-describedby=\"caption-attachment-603\" style=\"width: 800px\" class=\"wp-caption alignnone\"><img decoding=\"async\" class=\"size-full wp-image-603\" src=\"https:\/\/www.ywjunchi.com\/wp-content\/uploads\/2026\/03\/011-2.jpg\" alt=\"E068B pillar light include line pet holographic film\" width=\"800\" height=\"800\" srcset=\"https:\/\/www.ywjunchi.com\/wp-content\/uploads\/2026\/03\/011-2.jpg 800w, https:\/\/www.ywjunchi.com\/wp-content\/uploads\/2026\/03\/011-2-300x300.jpg 300w, https:\/\/www.ywjunchi.com\/wp-content\/uploads\/2026\/03\/011-2-100x100.jpg 100w, https:\/\/www.ywjunchi.com\/wp-content\/uploads\/2026\/03\/011-2-600x600.jpg 600w, https:\/\/www.ywjunchi.com\/wp-content\/uploads\/2026\/03\/011-2-150x150.jpg 150w, https:\/\/www.ywjunchi.com\/wp-content\/uploads\/2026\/03\/011-2-768x768.jpg 768w\" sizes=\"(max-width: 800px) 100vw, 800px\" \/><figcaption id=\"caption-attachment-603\" class=\"wp-caption-text\">E068B pillar light include line pet holographic film<\/figcaption><\/figure>\n<h2>Applications cibl\u00e9es<\/h2>\n<p>Gr\u00e2ce \u00e0 son effet unique de faisceau lumineux horizontal bross\u00e9, \u00e0 sa largeur standard de 820 mm et \u00e0 sa compatibilit\u00e9 avec plusieurs processus,<\/p>\n<p>E068B est id\u00e9al pour :<\/p>\n<p>Carton holographique : le laminage avec du papier permet de produire un carton holographique de haute qualit\u00e9, mati\u00e8re premi\u00e8re essentielle pour les emballages haut de gamme.<\/p>\n<p>Projets d'impression offset UV : Convient aux processus d'impression offset UV, id\u00e9al pour l'impression sur les surfaces des bo\u00eetes de cosm\u00e9tiques et d'autres emballages haut de gamme.<\/p>\n<p>Bo\u00eetes cosm\u00e9tiques:Le mat\u00e9riau de base pour la production de bo\u00eetes cosm\u00e9tiques-16\u03bcm d'\u00e9paisseur s'adapte au pliage et \u00e0 la mise en forme des bo\u00eetes, tandis que l'effet de faisceau lumineux horizontal bross\u00e9 ajoute une diff\u00e9renciation \u00e9l\u00e9gante et haut de gamme \u00e0 l'emballage cosm\u00e9tique.<\/p>\n<h2>Pourquoi choisir YWJUNCHI E068B ?<\/h2>\n<p><strong>Un avantage esth\u00e9tique unique<\/strong>K LASER E068B : le faisceau lumineux horizontal bross\u00e9, con\u00e7u de main de ma\u00eetre, associe une texture bross\u00e9e de qualit\u00e9 sup\u00e9rieure \u00e0 une lumi\u00e8re horizontale dynamique, ce qui permet de se diff\u00e9rencier des films holographiques standard.<\/p>\n<p><strong>Largeur standardis\u00e9e<\/strong>La largeur maximale de 820 mm s'adapte aux \u00e9quipements d'emballage et d'impression courants, ce qui garantit l'efficacit\u00e9 de la production et minimise les pertes de mat\u00e9riaux.<\/p>\n<p><strong>Sp\u00e9cialisation PET<\/strong>:Le mat\u00e9riau PET sans soudure est un mat\u00e9riau \u00e9cologique, stable et tr\u00e8s performant, id\u00e9al pour les marques haut de gamme et soucieuses de l'environnement.<\/p>\n<p><strong>Compatibilit\u00e9 multi-processus<\/strong>Optimis\u00e9 pour la lamination, l'impression et la production de bo\u00eetes cosm\u00e9tiques, \u00e9liminant le besoin de plusieurs types de films.<\/p>\n<p><strong>Assurance qualit\u00e9<\/strong>20 ans et plus d'expertise en mati\u00e8re de fabrication, tests rigoureux de coh\u00e9rence des motifs, de performance des mat\u00e9riaux et d'adaptabilit\u00e9 au traitement ; conforme aux normes environnementales REACH de l'UE et de la Chine.<\/p>\n<p><strong>Soutien \u00e0 la personnalisation<\/strong>:\u00c9paisseur fixe de 16\u03bcm (optimis\u00e9e pour les utilisations centrales), teinte de couleur personnalisable (argent, or, zns m\u00e9tallis\u00e9s transparents), et \u00e9l\u00e9ments de s\u00e9curit\u00e9 optionnels pour r\u00e9pondre aux besoins de production de bo\u00eetes cosm\u00e9tiques et de cartons holographiques.<\/p>\n<figure id=\"attachment_601\" aria-describedby=\"caption-attachment-601\" style=\"width: 800px\" class=\"wp-caption alignnone\"><img loading=\"lazy\" decoding=\"async\" class=\"size-full wp-image-601\" src=\"https:\/\/www.ywjunchi.com\/wp-content\/uploads\/2026\/03\/011-1.jpg\" alt=\"E068B pillar light include line pet hologram film\" width=\"800\" height=\"800\" srcset=\"https:\/\/www.ywjunchi.com\/wp-content\/uploads\/2026\/03\/011-1.jpg 800w, https:\/\/www.ywjunchi.com\/wp-content\/uploads\/2026\/03\/011-1-300x300.jpg 300w, https:\/\/www.ywjunchi.com\/wp-content\/uploads\/2026\/03\/011-1-100x100.jpg 100w, https:\/\/www.ywjunchi.com\/wp-content\/uploads\/2026\/03\/011-1-600x600.jpg 600w, https:\/\/www.ywjunchi.com\/wp-content\/uploads\/2026\/03\/011-1-150x150.jpg 150w, https:\/\/www.ywjunchi.com\/wp-content\/uploads\/2026\/03\/011-1-768x768.jpg 768w\" sizes=\"(max-width: 800px) 100vw, 800px\" \/><figcaption id=\"caption-attachment-601\" class=\"wp-caption-text\">E068B pillar light include line pet hologram film<\/figcaption><\/figure>\n<h2>FAQ ?<\/h2>\n<p><strong>Quel est l'avantage du faisceau lumineux horizontal bross\u00e9 pour ses utilisations principales ?<\/strong>Il offre une texture bross\u00e9e sophistiqu\u00e9e de qualit\u00e9 sup\u00e9rieure associ\u00e9e \u00e0 un \u00e9l\u00e9gant effet de lumi\u00e8re horizontal - non brillant, tactile, et parfait pour les cartons holographiques et les bo\u00eetes de cosm\u00e9tiques qui n\u00e9cessitent un marquage subtil mais accrocheur de qualit\u00e9 sup\u00e9rieure.<\/p>\n<p><strong>L'E068B peut-il \u00eatre utilis\u00e9 pour la production d'\u00e9tiquettes autocollantes \u00e0 grande vitesse ?<\/strong>Les propri\u00e9t\u00e9s antiadh\u00e9sives et antistatiques garantissent une alimentation en douceur dans les machines \u00e0 \u00e9tiquettes, permettant une d\u00e9coupe \u00e0 grande vitesse et une application d'adh\u00e9sif sans blocage ni accumulation de poussi\u00e8re.<\/p>\n<p><strong>Quelle est la diff\u00e9rence entre E068B et K209A (petit feu horizontal de pilier) ?<\/strong><\/p>\n<table>\n<tbody>\n<tr>\n<td width=\"110\">Mod\u00e8le<\/td>\n<td width=\"110\">Conception de base<\/td>\n<td width=\"110\">Largeur<\/td>\n<td width=\"141\">Trait visuel cl\u00e9<\/td>\n<td width=\"122\">Points forts<\/td>\n<\/tr>\n<tr>\n<td width=\"110\">E068B<\/td>\n<td width=\"110\">K LASER E068B (Bross\u00e9)<\/td>\n<td width=\"110\">820 mm<\/td>\n<td width=\"141\">Faisceau lumineux horizontal bross\u00e9<\/td>\n<td width=\"122\">Texture bross\u00e9e de qualit\u00e9 sup\u00e9rieure + effet de lumi\u00e8re \u00e9l\u00e9gant<\/td>\n<\/tr>\n<tr>\n<td width=\"110\">K209A<\/td>\n<td width=\"110\">Petite colonne lumineuse horizontale<\/td>\n<td width=\"110\">900mm<\/td>\n<td width=\"141\">R\u00e9seau lumineux dense \u00e0 petits piliers horizontaux<\/td>\n<td width=\"122\">R\u00e9seau lumineux d\u00e9licat \u00e0 haute densit\u00e9<\/td>\n<\/tr>\n<\/tbody>\n<\/table>\n<p>Rehaussez votre marque gr\u00e2ce \u00e0 l'effet holographique unique du faisceau lumineux horizontal bross\u00e9 de E068B-YWJUNCHI offre une qualit\u00e9 sup\u00e9rieure, une adaptabilit\u00e9 multi-usage et une efficacit\u00e9 standardis\u00e9e adapt\u00e9es \u00e0 vos besoins en mati\u00e8re d'emballage et d'impression haut de gamme.<\/p>\n<p>YWJUNCHI E068B - Quand la sophistication bross\u00e9e rencontre la brillance de la lumi\u00e8re horizontale !<\/p>","protected":false},"excerpt":{"rendered":"<p>E068B : film holographique pour animaux de compagnie, d'une largeur maximale de 820 mm.<\/p>","protected":false},"featured_media":601,"comment_status":"open","ping_status":"closed","template":"","meta":[],"product_brand":[],"product_cat":[17],"product_tag":[51,52],"class_list":{"0":"post-214","1":"product","2":"type-product","3":"status-publish","4":"has-post-thumbnail","6":"product_cat-holographic-film","7":"product_tag-e068b-pillar-light-with-line-hologram-film","8":"product_tag-z10-lightbeem-include-line-pet-holographic-film","10":"first","11":"instock","12":"shipping-taxable","13":"product-type-simple"},"_links":{"self":[{"href":"https:\/\/www.ywjunchi.com\/fr\/wp-json\/wp\/v2\/product\/214","targetHints":{"allow":["GET"]}}],"collection":[{"href":"https:\/\/www.ywjunchi.com\/fr\/wp-json\/wp\/v2\/product"}],"about":[{"href":"https:\/\/www.ywjunchi.com\/fr\/wp-json\/wp\/v2\/types\/product"}],"replies":[{"embeddable":true,"href":"https:\/\/www.ywjunchi.com\/fr\/wp-json\/wp\/v2\/comments?post=214"}],"wp:featuredmedia":[{"embeddable":true,"href":"https:\/\/www.ywjunchi.com\/fr\/wp-json\/wp\/v2\/media\/601"}],"wp:attachment":[{"href":"https:\/\/www.ywjunchi.com\/fr\/wp-json\/wp\/v2\/media?parent=214"}],"wp:term":[{"taxonomy":"product_brand","embeddable":true,"href":"https:\/\/www.ywjunchi.com\/fr\/wp-json\/wp\/v2\/product_brand?post=214"},{"taxonomy":"product_cat","embeddable":true,"href":"https:\/\/www.ywjunchi.com\/fr\/wp-json\/wp\/v2\/product_cat?post=214"},{"taxonomy":"product_tag","embeddable":true,"href":"https:\/\/www.ywjunchi.com\/fr\/wp-json\/wp\/v2\/product_tag?post=214"}],"curies":[{"name":"wp","href":"https:\/\/api.w.org\/{rel}","templated":true}]}}