{"id":203,"date":"2026-03-17T07:28:33","date_gmt":"2026-03-17T07:28:33","guid":{"rendered":"https:\/\/www.ywjunchi.com\/?post_type=product&#038;p=203"},"modified":"2026-04-29T02:05:53","modified_gmt":"2026-04-29T02:05:53","slug":"k254-pillar-milkway-film-holographique","status":"publish","type":"product","link":"https:\/\/www.ywjunchi.com\/fr\/product\/k254-pillar-milkway-holographic-film\/","title":{"rendered":"Film holographique K254 pillar milkway"},"content":{"rendered":"<p>YIWU JUNCHI PACKAGING MATERIAL FIRM, avec plus de 20 ans d'exp\u00e9rience dans la fabrication de films holographiques sp\u00e9cialis\u00e9s, se consacre \u00e0 la fourniture de mat\u00e9riaux d'emballage holographiques de haute qualit\u00e9. Nous fournissons principalement du papier holographique de transfert, du carton holographique de laminage et le film holographique sans couture YWJUNCHI K254, couvrant ainsi les divers besoins d'emballage de diverses industries.<\/p>\n<p><strong>Film holographique K254 sans couture, lumi\u00e8re de pilier de direction horizontale avec image holographique de la voie lact\u00e9e.<\/strong><\/p>\n<p><strong>Fabrication<\/strong>:YIWU JUNCHI PACKAGING MATERIAL FIRM<\/p>\n<p><strong>Param\u00e8tres cl\u00e9s<\/strong>:<\/p>\n<p>\u00c9paisseur : 16 microns<\/p>\n<p>Largeur maximale : 900 mm<\/p>\n<p>Utilisation : laminage et transfert, pour la fabrication de papier holographique<\/p>\n<p>Exp\u00e9rience en mati\u00e8re de production : plus de 20 ans de fabrication de films holographiques sp\u00e9cialis\u00e9s (qualit\u00e9 fiable garantie par une riche exp\u00e9rience industrielle et une technologie de production mature).<\/p>\n<figure id=\"attachment_587\" aria-describedby=\"caption-attachment-587\" style=\"width: 800px\" class=\"wp-caption alignnone\"><img fetchpriority=\"high\" decoding=\"async\" class=\"size-full wp-image-587\" src=\"https:\/\/www.ywjunchi.com\/wp-content\/uploads\/2026\/03\/007-2.jpg\" alt=\"Film holographique K254 pillar milkway\" width=\"800\" height=\"800\" srcset=\"https:\/\/www.ywjunchi.com\/wp-content\/uploads\/2026\/03\/007-2.jpg 800w, https:\/\/www.ywjunchi.com\/wp-content\/uploads\/2026\/03\/007-2-300x300.jpg 300w, https:\/\/www.ywjunchi.com\/wp-content\/uploads\/2026\/03\/007-2-100x100.jpg 100w, https:\/\/www.ywjunchi.com\/wp-content\/uploads\/2026\/03\/007-2-600x600.jpg 600w, https:\/\/www.ywjunchi.com\/wp-content\/uploads\/2026\/03\/007-2-150x150.jpg 150w, https:\/\/www.ywjunchi.com\/wp-content\/uploads\/2026\/03\/007-2-768x768.jpg 768w\" sizes=\"(max-width: 800px) 100vw, 800px\" \/><figcaption id=\"caption-attachment-587\" class=\"wp-caption-text\">Film holographique K254 pillar milkway<\/figcaption><\/figure>\n<h2>Qu'est-ce qui fait du K254 un choix holographique polyvalent ?<\/h2>\n<p><strong>Conception \u00e0 deux ma\u00eetres et fabrication holographique avanc\u00e9e<\/strong><\/p>\n<p>Cette int\u00e9gration \u00e0 deux ma\u00eetres fusionne l'esth\u00e9tique classique des motifs de Zhongjia avec la technologie avanc\u00e9e d'interf\u00e9rence lumineuse de K LASER, cr\u00e9ant un effet holographique visuellement distinctif et difficile \u00e0 reproduire, qui am\u00e9liore les performances anti-contrefa\u00e7on et l'attrait des produits haut de gamme.La v\u00e9ritable structure sans couture garantit une clart\u00e9 et une brillance constantes du motif sur l'ensemble de la largeur de 1120 mm, sans lacunes ni ruptures de motif, m\u00eame en cas de traitement en grand format, ce qui am\u00e9liore efficacement l'efficacit\u00e9 de la production et le rendement du produit.<\/p>\n<figure id=\"attachment_588\" aria-describedby=\"caption-attachment-588\" style=\"width: 800px\" class=\"wp-caption alignnone\"><img decoding=\"async\" class=\"size-full wp-image-588\" src=\"https:\/\/www.ywjunchi.com\/wp-content\/uploads\/2026\/03\/007-3.jpg\" alt=\"Film holographique K254 pillar milkway\" width=\"800\" height=\"800\" srcset=\"https:\/\/www.ywjunchi.com\/wp-content\/uploads\/2026\/03\/007-3.jpg 800w, https:\/\/www.ywjunchi.com\/wp-content\/uploads\/2026\/03\/007-3-300x300.jpg 300w, https:\/\/www.ywjunchi.com\/wp-content\/uploads\/2026\/03\/007-3-100x100.jpg 100w, https:\/\/www.ywjunchi.com\/wp-content\/uploads\/2026\/03\/007-3-600x600.jpg 600w, https:\/\/www.ywjunchi.com\/wp-content\/uploads\/2026\/03\/007-3-150x150.jpg 150w, https:\/\/www.ywjunchi.com\/wp-content\/uploads\/2026\/03\/007-3-768x768.jpg 768w\" sizes=\"(max-width: 800px) 100vw, 800px\" \/><figcaption id=\"caption-attachment-588\" class=\"wp-caption-text\">Film holographique K254 pillar milkway<\/figcaption><\/figure>\n<p><strong>Avantages principaux : Flexibilit\u00e9 bi-mati\u00e8re et adaptabilit\u00e9 multi-usages<\/strong><\/p>\n<p>Avantage du mat\u00e9riau : la s\u00e9rie K254 adopte un mat\u00e9riau PET sans soudure de haute qualit\u00e9, pr\u00e9sentant des propri\u00e9t\u00e9s physiques stables, d'excellentes performances de laminage et de transfert, et une bonne compatibilit\u00e9 avec le traitement du papier. Il est sp\u00e9cialement con\u00e7u pour la fabrication de papier holographique, garantissant un effet holographique clair et une combinaison solide avec le papier, ce qui constitue une base solide pour la production ult\u00e9rieure d'emballages.<\/p>\n<p>Adaptabilit\u00e9 \u00e0 de multiples usages : le produit est parfaitement compatible avec trois m\u00e9thodes de traitement principales : le laminage, l'impression et la production d'\u00e9tiquettes autocollantes.Dans les applications de laminage, il peut adh\u00e9rer \u00e9troitement au papier ou au carton, am\u00e9liorant ainsi la texture et les performances anti-contrefa\u00e7on de la surface de l'emballage ; dans les applications d'impression, il s'adapte bien aux technologies d'impression UV, offset et flexo, garantissant des motifs d'impression clairs, un s\u00e9chage rapide de l'encre et l'absence de bavures, ce qui r\u00e9sout les probl\u00e8mes d'impression courants des mat\u00e9riaux holographiques traditionnels ; dans la production d'\u00e9tiquettes autocollantes, il peut \u00eatre transform\u00e9 en diverses sp\u00e9cifications d'autocollants holographiques, convenant au marquage des produits, \u00e0 l'identification des marques et \u00e0 d'autres sc\u00e9narios, avec une forte applicabilit\u00e9.<\/p>\n<figure id=\"attachment_586\" aria-describedby=\"caption-attachment-586\" style=\"width: 800px\" class=\"wp-caption alignnone\"><img decoding=\"async\" class=\"size-full wp-image-586\" src=\"https:\/\/www.ywjunchi.com\/wp-content\/uploads\/2026\/03\/007-1.jpg\" alt=\"Film holographique K254 pillar milkway\" width=\"800\" height=\"800\" srcset=\"https:\/\/www.ywjunchi.com\/wp-content\/uploads\/2026\/03\/007-1.jpg 800w, https:\/\/www.ywjunchi.com\/wp-content\/uploads\/2026\/03\/007-1-300x300.jpg 300w, https:\/\/www.ywjunchi.com\/wp-content\/uploads\/2026\/03\/007-1-100x100.jpg 100w, https:\/\/www.ywjunchi.com\/wp-content\/uploads\/2026\/03\/007-1-600x600.jpg 600w, https:\/\/www.ywjunchi.com\/wp-content\/uploads\/2026\/03\/007-1-150x150.jpg 150w, https:\/\/www.ywjunchi.com\/wp-content\/uploads\/2026\/03\/007-1-768x768.jpg 768w\" sizes=\"(max-width: 800px) 100vw, 800px\" \/><figcaption id=\"caption-attachment-586\" class=\"wp-caption-text\">Film holographique K254 pillar milkway<\/figcaption><\/figure>\n<h2>Autres produits de base<\/h2>\n<p><strong>Papier holographique de transfert et carton holographique de pelliculage<\/strong><\/p>\n<p>Notre papier holographique de transfert et notre carton holographique de pelliculage pr\u00e9sentent une irisation arc-en-ciel \u00e9tonnante qui varie en fonction de l'angle de vue, ce qui conf\u00e8re \u00e0 l'emballage des produits un attrait de premier ordre et attire l'attention.<\/p>\n<p><strong>Sp\u00e9cifications des produits<\/strong>:<\/p>\n<p>\u00c9paisseur : 82gsm-232gsm (disponible dans une gamme de sp\u00e9cifications pour r\u00e9pondre aux divers besoins d'emballage)<\/p>\n<p>Largeur : 788 mm (taille standard, adapt\u00e9e \u00e0 la production de masse et au traitement)<\/p>\n<p>Technique d'impression applicable : impression offset UV (la m\u00e9thode d'impression optimale pour les mat\u00e9riaux holographiques, car elle garantit un s\u00e9chage rapide de l'encre et des r\u00e9sultats d'impression de haute qualit\u00e9, en \u00e9vitant les bavures d'encre sur la surface r\u00e9fl\u00e9chissante).<\/p>\n<figure id=\"attachment_589\" aria-describedby=\"caption-attachment-589\" style=\"width: 800px\" class=\"wp-caption alignnone\"><img loading=\"lazy\" decoding=\"async\" class=\"size-full wp-image-589\" src=\"https:\/\/www.ywjunchi.com\/wp-content\/uploads\/2026\/03\/007-4.jpg\" alt=\"Film holographique K254 pillar milkway\" width=\"800\" height=\"800\" srcset=\"https:\/\/www.ywjunchi.com\/wp-content\/uploads\/2026\/03\/007-4.jpg 800w, https:\/\/www.ywjunchi.com\/wp-content\/uploads\/2026\/03\/007-4-300x300.jpg 300w, https:\/\/www.ywjunchi.com\/wp-content\/uploads\/2026\/03\/007-4-100x100.jpg 100w, https:\/\/www.ywjunchi.com\/wp-content\/uploads\/2026\/03\/007-4-600x600.jpg 600w, https:\/\/www.ywjunchi.com\/wp-content\/uploads\/2026\/03\/007-4-150x150.jpg 150w, https:\/\/www.ywjunchi.com\/wp-content\/uploads\/2026\/03\/007-4-768x768.jpg 768w\" sizes=\"(max-width: 800px) 100vw, 800px\" \/><figcaption id=\"caption-attachment-589\" class=\"wp-caption-text\">Film holographique K254 pillar milkway<\/figcaption><\/figure>\n<p><strong>Sc\u00e9narios d'application<\/strong>:<\/p>\n<p>Ces deux produits sont principalement utilis\u00e9s pour la fabrication de bo\u00eetes en papier holographique, qui sont largement utilis\u00e9es pour l'emballage de produits haut de gamme tels que les cosm\u00e9tiques, le dentifrice, les cigarettes, etc. La finition holographique am\u00e9liore l'attrait des produits en rayon et cr\u00e9e une exp\u00e9rience luxueuse lors du d\u00e9ballage, aidant les marques \u00e0 se d\u00e9marquer sur le march\u00e9 concurrentiel.<\/p>","protected":false},"excerpt":{"rendered":"<p>Colonne lumineuse horizontale K254 avec film holographique milky way, direction horizontale de la lumi\u00e8re, largeur maximale 900mm.<\/p>","protected":false},"featured_media":586,"comment_status":"open","ping_status":"closed","template":"","meta":[],"product_brand":[],"product_cat":[17],"product_tag":[38],"class_list":{"0":"post-203","1":"product","2":"type-product","3":"status-publish","4":"has-post-thumbnail","6":"product_cat-holographic-film","7":"product_tag-pillar-milky-way-holographic-film","9":"first","10":"instock","11":"shipping-taxable","12":"product-type-simple"},"_links":{"self":[{"href":"https:\/\/www.ywjunchi.com\/fr\/wp-json\/wp\/v2\/product\/203","targetHints":{"allow":["GET"]}}],"collection":[{"href":"https:\/\/www.ywjunchi.com\/fr\/wp-json\/wp\/v2\/product"}],"about":[{"href":"https:\/\/www.ywjunchi.com\/fr\/wp-json\/wp\/v2\/types\/product"}],"replies":[{"embeddable":true,"href":"https:\/\/www.ywjunchi.com\/fr\/wp-json\/wp\/v2\/comments?post=203"}],"wp:featuredmedia":[{"embeddable":true,"href":"https:\/\/www.ywjunchi.com\/fr\/wp-json\/wp\/v2\/media\/586"}],"wp:attachment":[{"href":"https:\/\/www.ywjunchi.com\/fr\/wp-json\/wp\/v2\/media?parent=203"}],"wp:term":[{"taxonomy":"product_brand","embeddable":true,"href":"https:\/\/www.ywjunchi.com\/fr\/wp-json\/wp\/v2\/product_brand?post=203"},{"taxonomy":"product_cat","embeddable":true,"href":"https:\/\/www.ywjunchi.com\/fr\/wp-json\/wp\/v2\/product_cat?post=203"},{"taxonomy":"product_tag","embeddable":true,"href":"https:\/\/www.ywjunchi.com\/fr\/wp-json\/wp\/v2\/product_tag?post=203"}],"curies":[{"name":"wp","href":"https:\/\/api.w.org\/{rel}","templated":true}]}}