{"id":27,"date":"2026-03-17T01:08:14","date_gmt":"2026-03-17T01:08:14","guid":{"rendered":"https:\/\/www.ywjunchi.com\/?page_id=27"},"modified":"2026-04-09T01:55:58","modified_gmt":"2026-04-09T01:55:58","slug":"a-propos-de-nous","status":"publish","type":"page","link":"https:\/\/www.ywjunchi.com\/fr\/about-us\/","title":{"rendered":"\u00c0 propos de nous"},"content":{"rendered":"<div data-elementor-type=\"wp-page\" data-elementor-id=\"27\" class=\"elementor elementor-27\" data-elementor-post-type=\"page\">\n\t\t\t\t<div class=\"elementor-element elementor-element-3ff2929d e-flex e-con-boxed e-con e-parent\" data-id=\"3ff2929d\" data-element_type=\"container\" data-e-type=\"container\" data-settings=\"{&quot;background_background&quot;:&quot;classic&quot;}\">\n\t\t\t\t\t<div class=\"e-con-inner\">\n\t\t\t\t<div class=\"elementor-element elementor-element-70a2105d elementor-widget elementor-widget-woocommerce-breadcrumb\" data-id=\"70a2105d\" data-element_type=\"widget\" data-e-type=\"widget\" data-widget_type=\"woocommerce-breadcrumb.default\">\n\t\t\t\t\t<nav class=\"woocommerce-breadcrumb\" aria-label=\"Breadcrumb\" data-no-translation=\"\" data-trp-gettext=\"\">Accueil<\/nav>\t\t\t\t<\/div>\n\t\t\t\t\t<\/div>\n\t\t\t\t<\/div>\n\t\t<div class=\"elementor-element elementor-element-fc355db e-flex e-con-boxed e-con e-parent\" data-id=\"fc355db\" data-element_type=\"container\" data-e-type=\"container\">\n\t\t\t\t\t<div class=\"e-con-inner\">\n\t\t<div class=\"elementor-element elementor-element-40a002c e-con-full e-flex e-con e-child\" data-id=\"40a002c\" data-element_type=\"container\" data-e-type=\"container\">\n\t\t\t\t<div class=\"elementor-element elementor-element-ac5ff83 elementor-widget elementor-widget-image\" data-id=\"ac5ff83\" data-element_type=\"widget\" data-e-type=\"widget\" data-widget_type=\"image.default\">\n\t\t\t\t\t\t\t\t\t\t\t\t\t\t\t<img fetchpriority=\"high\" decoding=\"async\" width=\"800\" height=\"600\" src=\"https:\/\/www.ywjunchi.com\/wp-content\/uploads\/2026\/03\/Hard-press-machine-1024x768.jpg\" class=\"attachment-large size-large wp-image-105\" alt=\"Machine de presse dure\" srcset=\"https:\/\/www.ywjunchi.com\/wp-content\/uploads\/2026\/03\/Hard-press-machine-1024x768.jpg 1024w, https:\/\/www.ywjunchi.com\/wp-content\/uploads\/2026\/03\/Hard-press-machine-600x450.jpg 600w, https:\/\/www.ywjunchi.com\/wp-content\/uploads\/2026\/03\/Hard-press-machine-300x225.jpg 300w, https:\/\/www.ywjunchi.com\/wp-content\/uploads\/2026\/03\/Hard-press-machine-768x576.jpg 768w, https:\/\/www.ywjunchi.com\/wp-content\/uploads\/2026\/03\/Hard-press-machine.jpg 1500w\" sizes=\"(max-width: 800px) 100vw, 800px\" \/>\t\t\t\t\t\t\t\t\t\t\t\t\t\t\t<\/div>\n\t\t\t\t<div class=\"elementor-element elementor-element-dccc4ba elementor-widget elementor-widget-text-editor\" data-id=\"dccc4ba\" data-element_type=\"widget\" data-e-type=\"widget\" data-widget_type=\"text-editor.default\">\n\t\t\t\t\t\t\t\t\t<p><strong>Yiwu Junchi Packaging Material Firm<\/strong> En tant qu'entreprise int\u00e9gr\u00e9e dot\u00e9e de capacit\u00e9s de production et de commerce, nous servons des marques internationales dans les secteurs de l'\u00e9lectronique, des cosm\u00e9tiques, de l'alimentation et des boissons, et des produits de luxe, en proposant des solutions d'emballage personnalis\u00e9es qui allient fonctionnalit\u00e9, esth\u00e9tique et durabilit\u00e9.<\/p><p>Notre gamme de produits est con\u00e7ue pour r\u00e9pondre aux diverses demandes de l'industrie, en adh\u00e9rant aux normes mondiales et aux processus de fabrication de pointe :<\/p><p><strong><b>Film holographique PET sans couture<\/b><\/strong><\/p><p>1.Effet holographique \u00e0 360\u00b0,continuit\u00e9 des motifs (plus de 300 designs personnalisables),surface imprimable aux UV,et conformit\u00e9 aux normes GBT 23808-2009 sur les films holographiques.L'\u00e9paisseur du rev\u00eatement est contr\u00f4l\u00e9e avec pr\u00e9cision \u00e0 3-5\u03bcm pour une durabilit\u00e9 optimale (indice d'adh\u00e9rence \u22654B) et un effet st\u00e9r\u00e9oscopique 3D.<\/p><p>2. applications : Emballages de cigarettes\/cosm\u00e9tiques, \u00e9tiquettes anti-contrefa\u00e7on de marque et emballage de produits haut de gamme. Compatibilit\u00e9 avec le laminage humide rentable et capacit\u00e9 de production de 300 000 m\u00e8tres\/jour.<\/p><p><strong><b>Film holographique en PVC<\/b><\/strong><\/p><p>1. r\u00e9sistance \u00e0 l'humidit\u00e9, protection contre les UV et excellente r\u00e9tractabilit\u00e9. con\u00e7u pour la solidit\u00e9 et la stabilit\u00e9 dimensionnelle, avec une duret\u00e9 de surface atteignant \u22653H. conforme aux r\u00e9glementations internationales sur les mat\u00e9riaux d'emballage en PVC en mati\u00e8re de s\u00e9curit\u00e9 et de performance environnementale.<\/p><p>2) Applications : emballage de composants \u00e9lectroniques, emballage logistique et applications d\u00e9coratives n\u00e9cessitant des propri\u00e9t\u00e9s anti-poussi\u00e8re et anti-choc.<\/p><p><strong><b>Papier holographique<\/b><\/strong><\/p><p>1) Motifs multidimensionnels r\u00e9fl\u00e9chissant la lumi\u00e8re, composition de mat\u00e9riaux durables, pas d'utilisation excessive d'encre - en accord avec les tendances mondiales en mati\u00e8re d'emballage \u00e9cologique. 2) Disponible en version transfert et composite pour r\u00e9pondre aux besoins de protection de la marque et de d\u00e9coration.<\/p><p>2) Position sur le march\u00e9 : capitalisant sur le march\u00e9 mondial du papier holographique d'une valeur de 1,2 milliard de dollars (taux de croissance annuel moyen pr\u00e9vu de 9,21 % jusqu'en 2033), nos produits sont tr\u00e8s recherch\u00e9s sur les march\u00e9s d'Asie-Pacifique, d'Am\u00e9rique du Nord et d'Europe.<\/p>\t\t\t\t\t\t\t\t<\/div>\n\t\t\t\t<div class=\"elementor-element elementor-element-9e83cd9 elementor-widget elementor-widget-button\" data-id=\"9e83cd9\" data-element_type=\"widget\" data-e-type=\"widget\" data-widget_type=\"button.default\">\n\t\t\t\t\t\t\t\t\t\t<a class=\"elementor-button elementor-button-link elementor-size-sm elementor-animation-grow\" href=\"https:\/\/www.ywjunchi.com\/fr\/contact-us\/\">\n\t\t\t\t\t\t<span class=\"elementor-button-content-wrapper\">\n\t\t\t\t\t\t\t\t\t<span class=\"elementor-button-text\">Obtenir un devis<\/span>\n\t\t\t\t\t<\/span>\n\t\t\t\t\t<\/a>\n\t\t\t\t\t\t\t\t<\/div>\n\t\t\t\t<\/div>\n\t\t<div class=\"elementor-element elementor-element-cf0b22e e-con-full e-flex e-con e-child\" data-id=\"cf0b22e\" data-element_type=\"container\" data-e-type=\"container\">\n\t\t\t\t<div class=\"elementor-element elementor-element-248640e elementor-widget elementor-widget-text-editor\" data-id=\"248640e\" data-element_type=\"widget\" data-e-type=\"widget\" data-widget_type=\"text-editor.default\">\n\t\t\t\t\t\t\t\t\t<p><strong><b>Film m\u00e9tallis\u00e9<\/b><\/strong><\/p><p>1. fabriqu\u00e9 gr\u00e2ce \u00e0 une technologie avanc\u00e9e de d\u00e9p\u00f4t physique en phase vapeur (PVD), avec un rev\u00eatement uniforme en aluminium (0,5\u03bcm d'\u00e9paisseur) pour une finition m\u00e9tallique brillante, am\u00e9lior\u00e9 par des processus de pr\u00e9-\u00e9tirage et de d\u00e9poussi\u00e9rage, garantissant la plan\u00e9it\u00e9 de la surface et l'adh\u00e9rence du rev\u00eatement.<\/p><p>2. applications : conservation des aliments (barri\u00e8re contre l'oxyg\u00e8ne\/l'humidit\u00e9), mat\u00e9riaux d'isolation et emballages \u00e9lectroniques (propri\u00e9t\u00e9s antistatiques). offre une alternative l\u00e9g\u00e8re et rentable \u00e0 la feuille d'aluminium.<\/p><p><strong><b>Film arc-en-ciel<\/b><\/strong><\/p><p>1. substrat \u00e0 base de PET (0,1 mm\u00b10,01 mm d'\u00e9paisseur) avec des teintes iris\u00e9es inh\u00e9rentes (principalement magenta) qui s'intensifient \u00e0 la lumi\u00e8re. surface r\u00e9sistante aux rayures (\u22653H), installation facile par voie humide et compatibilit\u00e9 avec la d\u00e9coupe au laser pour les totems d\u00e9coratifs ou les lettres en cristal.<\/p><p>2) Applications : d\u00e9coration int\u00e9rieure (surfaces en verre\/acrylique), pr\u00e9sentoirs de vente au d\u00e9tail et emballages promotionnels - pour donner un attrait vibrant et accrocheur aux espaces commerciaux et aux produits.<\/p><p>Fabrication et assurance qualit\u00e9<\/p><p>\u00c9quipements:\u00c9quip\u00e9s de lignes de production automatis\u00e9es, y compris de syst\u00e8mes de m\u00e9tallisation de pr\u00e9cision (pr\u00e9-int\u00e9gration + d\u00e9p\u00f4t en phase vapeur) et de machines de gaufrage holographique, nous entretenons une coop\u00e9ration technique \u00e0 long terme avec le Centre chinois de supervision de la qualit\u00e9 antistatique pour l'essai et la certification des produits.<\/p><p>Engagement de qualit\u00e9:Tous les produits sont soumis \u00e0 des inspections strictes concernant le r\u00e9tr\u00e9cissement (\u22641mm), la transparence (\u226512% transmission de la lumi\u00e8re pour le film arc-en-ciel) et la force adh\u00e9sive (1200-1600g\/pouce pour le film arc-en-ciel).Notre philosophie \u201ccentr\u00e9e sur le client\u201d garantit une livraison dans les d\u00e9lais et un service apr\u00e8s-vente r\u00e9actif.<\/p><p>Coop\u00e9ration mondiale et vision<\/p><p>Avec des capacit\u00e9s d'exportation couvrant plus de 50 pays, nous donnons la priorit\u00e9 \u00e0 l'\u00e9galit\u00e9 (b\u00e9n\u00e9fice mutuel) et au service personnalis\u00e9, en acceptant les commandes OEM\/ODM et en fournissant des conseils techniques pour l'int\u00e9gration de l'application.Alors que l'industrie de l'emballage \u00e9volue, Yiwu Junchi reste engag\u00e9 dans l'innovation, en se concentrant sur les mat\u00e9riaux biod\u00e9gradables et les technologies anti-contrefa\u00e7on intelligentes pour mener l'avenir de l'emballage durable.<\/p>\t\t\t\t\t\t\t\t<\/div>\n\t\t\t\t<div class=\"elementor-element elementor-element-c17690a elementor-widget elementor-widget-image\" data-id=\"c17690a\" data-element_type=\"widget\" data-e-type=\"widget\" data-widget_type=\"image.default\">\n\t\t\t\t\t\t\t\t\t\t\t\t\t\t\t<img decoding=\"async\" width=\"768\" height=\"1024\" src=\"https:\/\/www.ywjunchi.com\/wp-content\/uploads\/2026\/03\/junchi-768x1024.jpg\" class=\"attachment-large size-large wp-image-106\" alt=\"\" srcset=\"https:\/\/www.ywjunchi.com\/wp-content\/uploads\/2026\/03\/junchi-768x1024.jpg 768w, https:\/\/www.ywjunchi.com\/wp-content\/uploads\/2026\/03\/junchi-600x800.jpg 600w, https:\/\/www.ywjunchi.com\/wp-content\/uploads\/2026\/03\/junchi-225x300.jpg 225w, https:\/\/www.ywjunchi.com\/wp-content\/uploads\/2026\/03\/junchi.jpg 1080w\" sizes=\"(max-width: 768px) 100vw, 768px\">\t\t\t\t\t\t\t\t\t\t\t\t\t\t\t<\/div>\n\t\t\t\t<\/div>\n\t\t\t\t\t<\/div>\n\t\t\t\t<\/div>\n\t\t\t\t<\/div>","protected":false},"excerpt":{"rendered":"<p>Yiwu Junchi Packaging Material Firm specializes in R&amp;D,manufacturing,and supply of high-performance packaging materials.As an integrated enterprise with production and trade capabilities,we serve international brands across electronics,cosmetics,food &amp; beverage,and luxury goods sectors,delivering customized packaging solutions that blend functionality,aesthetics,and sustainability. Our product range is engineered to meet diverse industry demands,adhering to global standards and cutting-edge manufacturing processes: [&hellip;]<\/p>\n","protected":false},"author":1,"featured_media":0,"parent":0,"menu_order":0,"comment_status":"closed","ping_status":"closed","template":"","meta":{"footnotes":""},"class_list":["post-27","page","type-page","status-publish","hentry"],"_links":{"self":[{"href":"https:\/\/www.ywjunchi.com\/fr\/wp-json\/wp\/v2\/pages\/27","targetHints":{"allow":["GET"]}}],"collection":[{"href":"https:\/\/www.ywjunchi.com\/fr\/wp-json\/wp\/v2\/pages"}],"about":[{"href":"https:\/\/www.ywjunchi.com\/fr\/wp-json\/wp\/v2\/types\/page"}],"author":[{"embeddable":true,"href":"https:\/\/www.ywjunchi.com\/fr\/wp-json\/wp\/v2\/users\/1"}],"replies":[{"embeddable":true,"href":"https:\/\/www.ywjunchi.com\/fr\/wp-json\/wp\/v2\/comments?post=27"}],"version-history":[{"count":43,"href":"https:\/\/www.ywjunchi.com\/fr\/wp-json\/wp\/v2\/pages\/27\/revisions"}],"predecessor-version":[{"id":536,"href":"https:\/\/www.ywjunchi.com\/fr\/wp-json\/wp\/v2\/pages\/27\/revisions\/536"}],"wp:attachment":[{"href":"https:\/\/www.ywjunchi.com\/fr\/wp-json\/wp\/v2\/media?parent=27"}],"curies":[{"name":"wp","href":"https:\/\/api.w.org\/{rel}","templated":true}]}}