{"id":681,"date":"2026-04-28T06:42:48","date_gmt":"2026-04-28T06:42:48","guid":{"rendered":"https:\/\/www.ywjunchi.com\/?post_type=product&#038;p=681"},"modified":"2026-04-29T01:13:24","modified_gmt":"2026-04-29T01:13:24","slug":"lamina-holografica-para-mascotas-con-pilar-de-platino","status":"publish","type":"product","link":"https:\/\/www.ywjunchi.com\/es\/product\/platinum-pillar-light-pet-hologram-film\/","title":{"rendered":"L\u00e1mina hologr\u00e1fica PET para faros de pilar en color platino"},"content":{"rendered":"<p><strong>KF015A L\u00e1mina hologr\u00e1fica horizontal de PET platino de 16 micras<\/strong><\/p>\n<p>En el \u00e1mbito de los materiales de empaque de alta gama, la pel\u00edcula hologr\u00e1fica de PET horizontal metalizada con platino sin costuras se ha convertido en una opci\u00f3n fundamental para muchos sectores debido a su efecto visual \u00fanico, su rendimiento estable y su amplio campo de aplicaci\u00f3n. Este art\u00edculo se centra en el proceso de producci\u00f3n, las caracter\u00edsticas del producto y los escenarios de aplicaci\u00f3n t\u00edpicos de la pel\u00edcula hologr\u00e1fica de PET horizontal metalizada con platino sin costuras de 16 micras, y ofrece una referencia completa para los fabricantes, procesadores y usuarios finales relacionados.<\/p>\n<p><strong>1. Descripci\u00f3n general del producto y especificaciones principales<\/strong><\/p>\n<p>La pel\u00edcula hologr\u00e1fica horizontal de PET metalizada con platino sin costuras es un material de empaque de alto rendimiento basado en polietileno tereftalato (PET) como pel\u00edcula base, combinado con tecnolog\u00eda avanzada de metalizaci\u00f3n sin costuras, recubrimiento de platino y procesamiento de textura hologr\u00e1fica horizontal.Sus especificaciones principales se controlan estrictamente para satisfacer las diversas necesidades de la producci\u00f3n industrial, siendo el par\u00e1metro clave un espesor de 16 micras, un espesor que equilibra la flexibilidad, la resistencia a la tracci\u00f3n y la adaptabilidad al procesamiento, lo que la hace adecuada tanto para procesos de laminaci\u00f3n como de transferencia.<\/p>\n<p>A diferencia de las pel\u00edculas hologr\u00e1ficas tradicionales, que presentan uniones evidentes, este producto incorpora una tecnolog\u00eda de metalizaci\u00f3n sin uniones que elimina las marcas de uni\u00f3n de la superficie de la pel\u00edcula, lo que garantiza un efecto hologr\u00e1fico y un brillo met\u00e1lico uniformes y consistentes en todo el rollo.La capa metalizada de platino no solo realza el brillo y la textura de la pel\u00edcula, sino que tambi\u00e9n mejora su rendimiento de barrera, aislando eficazmente la humedad y el aire, lo que prolonga la vida \u00fatil de los productos envasados. La textura hologr\u00e1fica horizontal est\u00e1 dise\u00f1ada para adaptarse a la direcci\u00f3n de procesamiento horizontal de las l\u00edneas de producci\u00f3n de envases, lo que reduce el desperdicio de material y mejora la eficiencia del procesamiento.<\/p>\n<figure id=\"attachment_683\" aria-describedby=\"caption-attachment-683\" style=\"width: 800px\" class=\"wp-caption alignnone\"><img fetchpriority=\"high\" decoding=\"async\" class=\"size-full wp-image-683\" src=\"https:\/\/www.ywjunchi.com\/wp-content\/uploads\/2026\/04\/006-2.jpg\" alt=\"L\u00e1mina hologr\u00e1fica para mascotas \u00abPlatinum Pillar of Light\u00bb\" width=\"800\" height=\"800\" srcset=\"https:\/\/www.ywjunchi.com\/wp-content\/uploads\/2026\/04\/006-2.jpg 800w, https:\/\/www.ywjunchi.com\/wp-content\/uploads\/2026\/04\/006-2-300x300.jpg 300w, https:\/\/www.ywjunchi.com\/wp-content\/uploads\/2026\/04\/006-2-100x100.jpg 100w, https:\/\/www.ywjunchi.com\/wp-content\/uploads\/2026\/04\/006-2-600x600.jpg 600w, https:\/\/www.ywjunchi.com\/wp-content\/uploads\/2026\/04\/006-2-150x150.jpg 150w, https:\/\/www.ywjunchi.com\/wp-content\/uploads\/2026\/04\/006-2-768x768.jpg 768w\" sizes=\"(max-width: 800px) 100vw, 800px\" \/><figcaption id=\"caption-attachment-683\" class=\"wp-caption-text\">L\u00e1mina hologr\u00e1fica para mascotas \u00abPlatinum Pillar of Light\u00bb<\/figcaption><\/figure>\n<p><strong>2. Proceso de producci\u00f3n: control de precisi\u00f3n para una alta calidad<\/strong><\/p>\n<p>La producci\u00f3n de la pel\u00edcula hologr\u00e1fica horizontal de PET metalizada con platino sin costuras implica m\u00faltiples procesos sofisticados, cada uno de los cuales requiere un estricto control de los par\u00e1metros para garantizar la estabilidad y la uniformidad del producto. Las principales etapas de producci\u00f3n son las siguientes:<\/p>\n<p><strong>2.1 Preparaci\u00f3n de la pel\u00edcula base<\/strong><\/p>\n<p>Se selecciona como materia prima resina de PET de alta pureza, que se funde, se extruye y se estira para formar una pel\u00edcula base de PET de 16 micrones de espesor. Durante el proceso de estiramiento, la relaci\u00f3n de estiramiento horizontal se controla con precisi\u00f3n para garantizar la resistencia a la tracci\u00f3n transversal y la estabilidad dimensional de la pel\u00edcula, lo que sienta una base s\u00f3lida para el posterior estampado hologr\u00e1fico y la metalizaci\u00f3n.<\/p>\n<p><strong>2.2 Estampado hologr\u00e1fico<\/strong><\/p>\n<p>La pel\u00edcula base de PET preparada se env\u00eda a una m\u00e1quina de estampado hologr\u00e1fico, donde se imprime un patr\u00f3n hologr\u00e1fico horizontal sobre la superficie de la pel\u00edcula mediante un rodillo de estampado de alta precisi\u00f3n. La temperatura, la presi\u00f3n y la velocidad del estampado se controlan estrictamente para garantizar que el patr\u00f3n hologr\u00e1fico sea n\u00edtido, delicado y presente un fuerte efecto de reflexi\u00f3n de la luz.La direcci\u00f3n horizontal de la textura hologr\u00e1fica es coherente con la direcci\u00f3n de procesamiento de la pel\u00edcula, lo que facilita las operaciones posteriores de laminado y transferencia.<\/p>\n<p><strong>2.3 Metalizaci\u00f3n sin costuras (recubrimiento de platino)<\/strong><\/p>\n<p>La pel\u00edcula de PET gofrada se traslada a una c\u00e1mara de metalizaci\u00f3n al vac\u00edo, donde se aplica uniformemente una fina capa de platino sobre la superficie de la pel\u00edcula mediante la tecnolog\u00eda de deposici\u00f3n f\u00edsica de vapor (PVD). El proceso de metalizaci\u00f3n sin juntas evita la formaci\u00f3n de uniones o un recubrimiento irregular, lo que garantiza que la capa de platino sea uniforme, densa y presente una excelente adherencia. El recubrimiento de platino no solo confiere a la pel\u00edcula un noble brillo met\u00e1lico, sino que tambi\u00e9n mejora su resistencia a los rayones y al desgaste.<\/p>\n<p><strong>2.4 Postrtratamiento y corte longitudinal<\/strong><\/p>\n<p>Tras la metalizaci\u00f3n, el film se somete a un tratamiento superficial (como el tratamiento corona) para mejorar su energ\u00eda superficial, lo que potencia la adhesi\u00f3n entre el film y las tintas o los adhesivos, algo esencial para la impresi\u00f3n UV y el laminado. Por \u00faltimo, el film se corta en rollos de diferentes anchos seg\u00fan los requisitos del cliente, y se lleva a cabo una rigurosa inspecci\u00f3n de calidad para garantizar que cada rollo de film cumpla con los est\u00e1ndares de espesor, efecto hologr\u00e1fico, uniformidad de la metalizaci\u00f3n y planitud de la superficie.<\/p>\n<p><strong>3. Principales ventajas del producto<\/strong><\/p>\n<p>Dise\u00f1o sin costuras: La tecnolog\u00eda de metalizaci\u00f3n sin costuras elimina las marcas de uni\u00f3n, lo que garantiza un efecto visual uniforme y homog\u00e9neo, ideal especialmente para envases de alta gama que requieren una apariencia impecable.<\/p>\n<p>Espesor \u00f3ptimo: con un espesor de 16 micras, ofrece un equilibrio perfecto entre flexibilidad y resistencia, lo que facilita su laminado o transferencia al papel y lo hace compatible con diversos equipos de procesamiento de envases.<\/p>\n<p>Excelente compatibilidad: apta para la impresi\u00f3n UV, la pel\u00edcula absorbe r\u00e1pidamente las tintas UV, lo que garantiza patrones de impresi\u00f3n n\u00edtidos, colores vivos y una buena adherencia, sin que se decoloren ni se desprendan.<\/p>\n<p>Textura de alta gama: La capa metalizada en platino aporta un brillo met\u00e1lico noble y elegante, que, combinado con el efecto hologr\u00e1fico horizontal, hace que los productos envasados resulten m\u00e1s atractivos y competitivos en el mercado.<\/p>\n<p>Amplia adaptabilidad: cuenta con una buena estabilidad qu\u00edmica y un excelente rendimiento como barrera, lo que permite su uso generalizado en diversos sectores, como el de los cosm\u00e9ticos, el tabaco, los productos qu\u00edmicos de uso diario y los art\u00edculos de regalo.<\/p>\n<figure id=\"attachment_682\" aria-describedby=\"caption-attachment-682\" style=\"width: 800px\" class=\"wp-caption alignnone\"><img decoding=\"async\" class=\"size-full wp-image-682\" src=\"https:\/\/www.ywjunchi.com\/wp-content\/uploads\/2026\/04\/006-1.jpg\" alt=\"L\u00e1mina hologr\u00e1fica para mascotas con pilar de platino\" width=\"800\" height=\"800\" srcset=\"https:\/\/www.ywjunchi.com\/wp-content\/uploads\/2026\/04\/006-1.jpg 800w, https:\/\/www.ywjunchi.com\/wp-content\/uploads\/2026\/04\/006-1-300x300.jpg 300w, https:\/\/www.ywjunchi.com\/wp-content\/uploads\/2026\/04\/006-1-100x100.jpg 100w, https:\/\/www.ywjunchi.com\/wp-content\/uploads\/2026\/04\/006-1-600x600.jpg 600w, https:\/\/www.ywjunchi.com\/wp-content\/uploads\/2026\/04\/006-1-150x150.jpg 150w, https:\/\/www.ywjunchi.com\/wp-content\/uploads\/2026\/04\/006-1-768x768.jpg 768w\" sizes=\"(max-width: 800px) 100vw, 800px\" \/><figcaption id=\"caption-attachment-682\" class=\"wp-caption-text\">L\u00e1mina hologr\u00e1fica para mascotas con pilar de platino<\/figcaption><\/figure>\n<p><strong>4. Casos de uso<\/strong><\/p>\n<p>La pel\u00edcula hologr\u00e1fica de PET horizontal metalizada con platino, sin costuras y de 16 micras, se utiliza ampliamente en los sectores del empaque y la impresi\u00f3n, con los siguientes casos de uso t\u00edpicos:<\/p>\n<p><strong>4.1 Envases de cosm\u00e9ticos<\/strong><\/p>\n<p>Como material de empaque de alta gama, se utiliza ampliamente en el empaque de cosm\u00e9ticos, como productos para el cuidado de la piel, maquillaje y perfumes. Se puede laminar en cajas de cosm\u00e9ticos, etiquetas de frascos o bolsas de empaque exterior, lo que aporta un efecto visual elegante y moderno a los productos, mejorando la imagen de marca y la calidad del producto.<\/p>\n<p><strong>4.2 Laminado y transferencia de papel<\/strong><\/p>\n<p>Es ideal para el laminado o la transferencia a diversos tipos de papel (como papel estucado, papel offset y cart\u00f3n), lo que permite fabricar cajas de regalo de alta gama, tarjetas de felicitaci\u00f3n, cubiertas de libros, etiquetas y otros productos. El papel transferido conserva el efecto hologr\u00e1fico y el brillo met\u00e1lico de la pel\u00edcula, lo que hace que los productos resulten m\u00e1s exquisitos y atractivos.<\/p>\n<p><strong>4.3 Productos de impresi\u00f3n UV<\/strong><\/p>\n<p>Compatible con la tecnolog\u00eda de impresi\u00f3n UV, se puede utilizar para imprimir diversos dise\u00f1os, logotipos y textos en la superficie de la pel\u00edcula, lo que se aplica ampliamente en la producci\u00f3n de etiquetas de alta gama, adhesivos y decoraciones para empaques. El efecto de la impresi\u00f3n UV es n\u00edtido y duradero, y la combinaci\u00f3n del efecto hologr\u00e1fico con los dise\u00f1os impresos enriquece a\u00fan m\u00e1s la expresi\u00f3n visual de los productos.<\/p>\n<p><strong>4.4 Otros sectores de embalaje de alta gama<\/strong><\/p>\n<p>Adem\u00e1s de en el sector de los cosm\u00e9ticos y los envases de papel, tambi\u00e9n se puede utilizar en el embalaje de regalos de lujo, productos para la salud, productos electr\u00f3nicos y otros \u00e1mbitos, satisfaciendo as\u00ed la demanda del mercado de materiales de embalaje de alta calidad y gran valor.<\/p>\n<figure id=\"attachment_685\" aria-describedby=\"caption-attachment-685\" style=\"width: 800px\" class=\"wp-caption alignnone\"><img decoding=\"async\" class=\"size-full wp-image-685\" src=\"https:\/\/www.ywjunchi.com\/wp-content\/uploads\/2026\/04\/006-4.jpg\" alt=\"L\u00e1mina hologr\u00e1fica para mascotas con pilar de platino sin costuras\" width=\"800\" height=\"800\" srcset=\"https:\/\/www.ywjunchi.com\/wp-content\/uploads\/2026\/04\/006-4.jpg 800w, https:\/\/www.ywjunchi.com\/wp-content\/uploads\/2026\/04\/006-4-300x300.jpg 300w, https:\/\/www.ywjunchi.com\/wp-content\/uploads\/2026\/04\/006-4-100x100.jpg 100w, https:\/\/www.ywjunchi.com\/wp-content\/uploads\/2026\/04\/006-4-600x600.jpg 600w, https:\/\/www.ywjunchi.com\/wp-content\/uploads\/2026\/04\/006-4-150x150.jpg 150w, https:\/\/www.ywjunchi.com\/wp-content\/uploads\/2026\/04\/006-4-768x768.jpg 768w\" sizes=\"(max-width: 800px) 100vw, 800px\" \/><figcaption id=\"caption-attachment-685\" class=\"wp-caption-text\">L\u00e1mina hologr\u00e1fica para mascotas con pilar de platino sin costuras<\/figcaption><\/figure>\n<p><strong>5. Requisitos de control de calidad y almacenamiento<\/strong><\/p>\n<p>En el proceso de producci\u00f3n, se aplica un estricto control de calidad en cada etapa, lo que incluye la inspecci\u00f3n de las materias primas, la medici\u00f3n del espesor, la comprobaci\u00f3n del efecto hologr\u00e1fico, la verificaci\u00f3n de la uniformidad de la metalizaci\u00f3n y la evaluaci\u00f3n de la calidad de la superficie, con el fin de garantizar que el producto cumpla con las normas industriales pertinentes.Para el almacenamiento, la pel\u00edcula debe colocarse en un almac\u00e9n seco, fresco y ventilado, evitando la luz solar directa, las altas temperaturas y la humedad, y evitando que la pel\u00edcula se humedezca, se deforme o se da\u00f1e. La temperatura de almacenamiento debe mantenerse entre 15 \u00b0C y 25 \u00b0C, y la humedad relativa no debe superar el 60 %.<\/p>\n<figure id=\"attachment_684\" aria-describedby=\"caption-attachment-684\" style=\"width: 800px\" class=\"wp-caption alignnone\"><img loading=\"lazy\" decoding=\"async\" class=\"size-full wp-image-684\" src=\"https:\/\/www.ywjunchi.com\/wp-content\/uploads\/2026\/04\/006-3.jpg\" alt=\"L\u00e1mina hologr\u00e1fica para mascotas Lightbeen de platino\" width=\"800\" height=\"800\" srcset=\"https:\/\/www.ywjunchi.com\/wp-content\/uploads\/2026\/04\/006-3.jpg 800w, https:\/\/www.ywjunchi.com\/wp-content\/uploads\/2026\/04\/006-3-300x300.jpg 300w, https:\/\/www.ywjunchi.com\/wp-content\/uploads\/2026\/04\/006-3-100x100.jpg 100w, https:\/\/www.ywjunchi.com\/wp-content\/uploads\/2026\/04\/006-3-600x600.jpg 600w, https:\/\/www.ywjunchi.com\/wp-content\/uploads\/2026\/04\/006-3-150x150.jpg 150w, https:\/\/www.ywjunchi.com\/wp-content\/uploads\/2026\/04\/006-3-768x768.jpg 768w\" sizes=\"(max-width: 800px) 100vw, 800px\" \/><figcaption id=\"caption-attachment-684\" class=\"wp-caption-text\">L\u00e1mina hologr\u00e1fica para mascotas Lightbeen de platino<\/figcaption><\/figure>\n<p><strong>6. Conclusi\u00f3n<\/strong><\/p>\n<p>La pel\u00edcula hologr\u00e1fica horizontal de PET metalizada con platino sin costuras (16 micras) combina las ventajas de un dise\u00f1o sin costuras, una textura de alta gama, un excelente rendimiento en el procesamiento y un amplio campo de aplicaci\u00f3n. Gracias a su sofisticado proceso de producci\u00f3n y a un estricto control de calidad, se ha convertido en un material importante en la industria del empaque de alta gama. No solo satisface las necesidades est\u00e9ticas y funcionales de diversos productos, sino que tambi\u00e9n ayuda a las empresas a mejorar la competitividad de su marca.En el futuro, con el desarrollo continuo de la industria del empaque, este producto tendr\u00e1 perspectivas de aplicaci\u00f3n m\u00e1s amplias en m\u00e1s campos.<\/p>","protected":false},"excerpt":{"rendered":"<p>KF015A: L\u00e1mina hologr\u00e1fica para mascotas con pilares de platino<\/p>","protected":false},"featured_media":682,"comment_status":"open","ping_status":"closed","template":"","meta":[],"product_brand":[],"product_cat":[17],"product_tag":[54,56,55],"class_list":{"0":"post-681","1":"product","2":"type-product","3":"status-publish","4":"has-post-thumbnail","6":"product_cat-holographic-film","7":"product_tag-platinum-horizontal-pet-hologram-film","8":"product_tag-platinum-lightbeen-hologram-film","9":"product_tag-platinum-pillar-light-pet-hologram-film","11":"first","12":"instock","13":"shipping-taxable","14":"product-type-simple"},"_links":{"self":[{"href":"https:\/\/www.ywjunchi.com\/es\/wp-json\/wp\/v2\/product\/681","targetHints":{"allow":["GET"]}}],"collection":[{"href":"https:\/\/www.ywjunchi.com\/es\/wp-json\/wp\/v2\/product"}],"about":[{"href":"https:\/\/www.ywjunchi.com\/es\/wp-json\/wp\/v2\/types\/product"}],"replies":[{"embeddable":true,"href":"https:\/\/www.ywjunchi.com\/es\/wp-json\/wp\/v2\/comments?post=681"}],"wp:featuredmedia":[{"embeddable":true,"href":"https:\/\/www.ywjunchi.com\/es\/wp-json\/wp\/v2\/media\/682"}],"wp:attachment":[{"href":"https:\/\/www.ywjunchi.com\/es\/wp-json\/wp\/v2\/media?parent=681"}],"wp:term":[{"taxonomy":"product_brand","embeddable":true,"href":"https:\/\/www.ywjunchi.com\/es\/wp-json\/wp\/v2\/product_brand?post=681"},{"taxonomy":"product_cat","embeddable":true,"href":"https:\/\/www.ywjunchi.com\/es\/wp-json\/wp\/v2\/product_cat?post=681"},{"taxonomy":"product_tag","embeddable":true,"href":"https:\/\/www.ywjunchi.com\/es\/wp-json\/wp\/v2\/product_tag?post=681"}],"curies":[{"name":"wp","href":"https:\/\/api.w.org\/{rel}","templated":true}]}}