{"id":295,"date":"2026-03-17T08:27:51","date_gmt":"2026-03-17T08:27:51","guid":{"rendered":"https:\/\/www.ywjunchi.com\/?post_type=product&#038;p=295"},"modified":"2026-05-01T07:45:02","modified_gmt":"2026-05-01T07:45:02","slug":"dw03-h42-pelicula-holografica","status":"publish","type":"product","link":"https:\/\/www.ywjunchi.com\/es\/product\/dw03-h42-holographic-film\/","title":{"rendered":"L\u00e1mina hologr\u00e1fica DW03 H42"},"content":{"rendered":"<h3>DW03 L\u00e1mina hologr\u00e1fica sin costuras Finesand (material compuesto de PET\/PVC)<\/h3>\n<p><strong><b>Fabricaci\u00f3n<\/b><\/strong>:YIWU JUNCHI MATERIALES DE EMBALAJE<\/p>\n<p><strong><b>Especificaciones b\u00e1sicas<\/b><\/strong>: Serie DW03 (tecnolog\u00eda Zhongjia H42 Master+K LASER KP12, dise\u00f1o de holograma Finesand, C121, S004)<\/p>\n<p><strong><b>Par\u00e1metros clave<\/b><\/strong>:<\/p>\n<p>1. Ancho m\u00e1ximo de la m\u00e1quina principal: 1090 mm (ancho extragrande para la producci\u00f3n de gran formato, lo que reduce al m\u00ednimo las uniones)<\/p>\n<p>2. Productos finales: L\u00e1mina hologr\u00e1fica de PET sin costuras + L\u00e1mina hologr\u00e1fica de PVC sin costuras<\/p>\n<p>3. Usos principales: etiquetas antifalsificaci\u00f3n, empaques de alta gama (cajas de cosm\u00e9ticos, envases de productos qu\u00edmicos de uso diario), laminado de papel, impresi\u00f3n UV\/offset<\/p>\n<p><strong><b>Efectos clave<\/b><\/strong>:Opciones de laminado y transferencia<\/p>\n<p><strong><b>Experiencia en producci\u00f3n<\/b><\/strong>M\u00e1s de 20 a\u00f1os de experiencia en la fabricaci\u00f3n especializada de pel\u00edculas hologr\u00e1ficas<\/p>\n<h3>\u00bfPor qu\u00e9 DW03 es una opci\u00f3n hologr\u00e1fica de arena fina de primera calidad?<\/h3>\n<h4>Dise\u00f1o exclusivo Finesand y tecnolog\u00eda Dual-Master<\/h4>\n<p>Fabricada mediante la placa maestra de precisi\u00f3n Zhongjia H42 y el estampado hologr\u00e1fico K LASER KP12, la serie DW03 presenta patrones hologr\u00e1ficos ultrafinos con aspecto arenoso: una textura sutil pero llamativa que imita la arena fina natural, lo que ofrece un efecto visual h\u00edbrido de acabado mate y brillante de alta calidad.Aprovechando la tecnolog\u00eda de placa maestra hologr\u00e1fica de microp\u00edxeles (estructura patentada: CN202088769U), el patr\u00f3n consiste en microp\u00edxeles de 0,01-4 mm\u00b2 dispuestos de forma irregular, creando un efecto de \u201ccielo estrellado\u201d visible a simple vista.El dise\u00f1o de doble patr\u00f3n combina la est\u00e9tica de textura cl\u00e1sica de Zhongjia con la avanzada tecnolog\u00eda de interferencia de luz de K LASER, lo que garantiza que cada detalle similar a un grano de arena sea n\u00edtido, tridimensional y sin fisuras a lo largo de todo el ancho de 1090 mm.<\/p>\n<h4>Ventajas principales: textura de arena fina + versatilidad de dos materiales<\/h4>\n<p><b><\/b><strong><b>Rendimiento superior en la lucha contra la falsificaci\u00f3n<\/b><\/strong>:<\/p>\n<p>M\u00e1s all\u00e1 de la exclusiva barrera visual de arena fina, la pel\u00edcula integra elementos de seguridad ocultos: bloques de encriptaci\u00f3n activables por l\u00e1ser (visibles bajo un l\u00e1ser de longitud de onda de 532 nm) y texto microimpreso (ancho de l\u00ednea \u2264 4 \u03bcm).La disposici\u00f3n irregular de los microp\u00edxeles es casi imposible de replicar, incluso con equipos avanzados de falsificaci\u00f3n, y cumple con las normas hologr\u00e1ficas contra la falsificaci\u00f3n GB\/T 17000-2009. Bajo la luz, la textura de arena fina muestra suaves efectos de interferencia de arco\u00edris (rango de longitud de onda de 430-670 nm), lo que permite una verificaci\u00f3n intuitiva de la autenticidad.<\/p>\n<p><b><\/b><strong><b>Compatibilidad con dos materiales<\/b><\/strong>:<\/p>\n<p><b><\/b>1. Versi\u00f3n PET: Ecol\u00f3gica (con certificaci\u00f3n ROHS), excelente estabilidad dimensional y resistencia al calor (soporta un horneado a 120 \u2103 durante 30 minutos). Ideal para cajas de cosm\u00e9ticos de alta gama, envases en contacto con alimentos y aplicaciones de interruptores de pel\u00edcula pl\u00e1stica. Presenta una resistencia a la tracci\u00f3n \u2265 220 MPa y una resistencia al desgaste seg\u00fan Taber (1000 ciclos, aumento de la opacidad \u2264 21 TP3T). .<\/p>\n<p><b><\/b>2. Versi\u00f3n de PVC: Flexibilidad superior (f\u00e1cil de troquelar para etiquetas) y gran adaptabilidad a la impresi\u00f3n (energ\u00eda superficial \u2265 39 mN\/m); compatible con impresi\u00f3n UV, offset y serigraf\u00eda. Ideal para etiquetas adhesivas, empaques decorativos y aplicaciones de retractilado; resistente a aceites y productos qu\u00edmicos. .<\/p>\n<p>Ambas versiones cuentan con estructuras verdaderamente sin costuras, lo que elimina las interrupciones en los patrones en la producci\u00f3n de gran formato.<\/p>\n<h4>Estructura de capas y rendimiento espec\u00edficos del material<\/h4>\n<h5>L\u00e1mina de arena fina de PET (alta calidad y duradera)<\/h5>\n<p>1. Composici\u00f3n de las capas (de abajo hacia arriba): Capa de recubrimiento opaca \u2192 Capa met\u00e1lica de alta reflectividad \u2192 Capa central de PET \u2192 Capa hologr\u00e1fica en relieve de arena fina \u2192 Recubrimiento resistente a los rayones<\/p>\n<p>2. Caracter\u00edsticas principales: Transmitancia de la luz \u226592%, opacidad \u22641,0%, propiedades antiest\u00e1ticas (resistencia superficial \u226410\u00b9\u2070 \u03a9) y excelente adherencia de la tinta para impresi\u00f3n UV\/digital. .<\/p>\n<h5>L\u00e1mina de PVC de grano fino (flexible y apta para impresi\u00f3n)<\/h5>\n<p>1. Composici\u00f3n de las capas (de abajo hacia arriba): Capa con adhesivo incorporado \u2192 Capa reflectante \u2192 Capa central de PVC \u2192 Capa hologr\u00e1fica con relieve de arena fina \u2192 Recubrimiento antiadherente<\/p>\n<p>2. Caracter\u00edsticas principales: Textura suave (m\u00f3dulo de flexi\u00f3n \u22642500 MPa), f\u00e1cil troquelado y compatibilidad con tintas a base de solventes; ideal para etiquetas y envases de formas complejas. .<\/p>\n<h3>Aplicaciones espec\u00edficas<\/h3>\n<p><b><\/b><strong><b>1. Soluciones contra la falsificaci\u00f3n<\/b><\/strong>:Etiquetas de alta seguridad para productos farmac\u00e9uticos, art\u00edculos de lujo y productos qu\u00edmicos de uso diario de marca (detalles y texturas + bloques de cifrado ocultos).<\/p>\n<p><b><\/b><strong><b>2. Empaque de alta calidad<\/b><\/strong>:Cajas para productos cosm\u00e9ticos, cajas para pasta de dientes, cajas para vino y cajas de regalo de gran formato (con un ancho de 1090 mm, aptas para tama\u00f1os de hoja est\u00e1ndar sin necesidad de empalmes).<\/p>\n<p><b><\/b><strong><b>3. Materiales impresos<\/b><\/strong>:Bolsas de papel laminado, portadas de cat\u00e1logos y carteles promocionales (las finas texturas aportan un toque de lujo t\u00e1ctil al dise\u00f1o visual).<\/p>\n<p><b><\/b><strong><b>4. Usos especializados<\/b><\/strong>:Interruptores de pel\u00edcula, paneles de control remoto y procesos de decoraci\u00f3n en molde (IMD) (la resistencia al desgaste de la versi\u00f3n de PET cumple con los requisitos de m\u00e1s de 500 000 pulsaciones). .<\/p>\n<h3>\u00bfPor qu\u00e9 elegir el YWJUNCHI DW03?<\/h3>\n<p><b><\/b>Est\u00e9tica exclusiva de Finesand: su textura sutil pero distintiva diferencia a estos productos de las pel\u00edculas hologr\u00e1ficas est\u00e1ndar, lo que los hace ideales para marcas de alta gama.<\/p>\n<p><b><\/b>Eficiencia en formatos ultraanchos: el ancho m\u00e1ximo de 1090 mm reduce el desperdicio de material en un 25-30 % en comparaci\u00f3n con las pel\u00edculas de 800-900 mm, lo que reduce los costos de producci\u00f3n.<\/p>\n<p><b><\/b>Flexibilidad de dos materiales: opciones de PET\/PVC para satisfacer los requisitos medioambientales, de rendimiento y de costo.<\/p>\n<p><b><\/b>Tecnolog\u00eda antifalsificaci\u00f3n patentada: la estructura irregular de microp\u00edxeles, junto con bloques de cifrado ocultos, crea una barrera t\u00e9cnica de alto nivel contra la falsificaci\u00f3n.<\/p>\n<p><b><\/b>Opciones de personalizaci\u00f3n: grosor ajustable (pel\u00edcula hologr\u00e1fica de PET: 16-50 \u03bcm; pel\u00edcula hologr\u00e1fica de PVC: 50 \u03bcm; pel\u00edcula hologr\u00e1fica de BOPP: 18 \u03bcm), color metalizado plateado e integraci\u00f3n de elementos de encriptaci\u00f3n.<\/p>\n<h3>\u00bfPreguntas frecuentes?<\/h3>\n<p>\u00bfCu\u00e1l es la ventaja de la textura de grano fino? Ofrece un acabado de alta calidad y antirreflectante que complementa los empaques de lujo, evitando el aspecto \u201cdemasiado llamativo\u201d de las pel\u00edculas hologr\u00e1ficas tradicionales.<\/p>\n<p>\u00bfSe puede personalizar el patr\u00f3n de arena fina? S\u00ed, admite la densidad de microp\u00edxeles y la correspondencia de colores espec\u00edficas de cada marca.<\/p>\n<p>\u00bfEn qu\u00e9 se diferencia el DW03 del DW04?<\/p>\n<table>\n<tbody>\n<tr>\n<td width=\"184\">Modelo<\/td>\n<td width=\"184\">Dise\u00f1o b\u00e1sico<\/td>\n<td width=\"184\">Ancho<\/td>\n<td width=\"184\">Textura<\/td>\n<td width=\"184\">Punto fuerte<\/td>\n<\/tr>\n<tr>\n<td width=\"184\">DW03<\/td>\n<td width=\"184\">Zhongjia H42 + K LASER KP12<\/td>\n<td width=\"184\">1090 mm<\/td>\n<td width=\"184\">Finesand (Micro-Pixel)<\/td>\n<td width=\"184\">Cifrado t\u00e1ctil y oculto de alta calidad<\/td>\n<\/tr>\n<tr>\n<td width=\"184\">DW04<\/td>\n<td width=\"184\">Zhongjia H36 + K LASER HP59<\/td>\n<td width=\"184\">1020 mm<\/td>\n<td width=\"184\">Hologr\u00e1fico din\u00e1mico<\/td>\n<td width=\"184\">Versatilidad gracias a la combinaci\u00f3n de dos materiales<\/td>\n<\/tr>\n<\/tbody>\n<\/table>\n<p>Eleve el nivel de su marca con el efecto hologr\u00e1fico de arena fina de primera calidad del DW03: YWJUNCHI ofrece seguridad antifalsificaci\u00f3n, flexibilidad gracias al uso de dos materiales y una eficiencia de producci\u00f3n ultraamplia adaptada a sus necesidades.<\/p>","protected":false},"excerpt":{"rendered":"<p>L\u00e1mina hologr\u00e1fica sin costuras DW03 de grano fino, tambi\u00e9n conocida como KP12, con un ancho m\u00e1ximo de 1090 mm.<\/p>","protected":false},"featured_media":401,"comment_status":"open","ping_status":"closed","template":"","meta":[],"product_brand":[],"product_cat":[17],"product_tag":[73,67,74],"class_list":{"0":"post-295","1":"product","2":"type-product","3":"status-publish","4":"has-post-thumbnail","6":"product_cat-holographic-film","7":"product_tag-c121","8":"product_tag-kp12-holographic-film","9":"product_tag-s004","11":"first","12":"instock","13":"shipping-taxable","14":"product-type-simple"},"_links":{"self":[{"href":"https:\/\/www.ywjunchi.com\/es\/wp-json\/wp\/v2\/product\/295","targetHints":{"allow":["GET"]}}],"collection":[{"href":"https:\/\/www.ywjunchi.com\/es\/wp-json\/wp\/v2\/product"}],"about":[{"href":"https:\/\/www.ywjunchi.com\/es\/wp-json\/wp\/v2\/types\/product"}],"replies":[{"embeddable":true,"href":"https:\/\/www.ywjunchi.com\/es\/wp-json\/wp\/v2\/comments?post=295"}],"wp:featuredmedia":[{"embeddable":true,"href":"https:\/\/www.ywjunchi.com\/es\/wp-json\/wp\/v2\/media\/401"}],"wp:attachment":[{"href":"https:\/\/www.ywjunchi.com\/es\/wp-json\/wp\/v2\/media?parent=295"}],"wp:term":[{"taxonomy":"product_brand","embeddable":true,"href":"https:\/\/www.ywjunchi.com\/es\/wp-json\/wp\/v2\/product_brand?post=295"},{"taxonomy":"product_cat","embeddable":true,"href":"https:\/\/www.ywjunchi.com\/es\/wp-json\/wp\/v2\/product_cat?post=295"},{"taxonomy":"product_tag","embeddable":true,"href":"https:\/\/www.ywjunchi.com\/es\/wp-json\/wp\/v2\/product_tag?post=295"}],"curies":[{"name":"wp","href":"https:\/\/api.w.org\/{rel}","templated":true}]}}