{"id":277,"date":"2026-03-17T08:12:02","date_gmt":"2026-03-17T08:12:02","guid":{"rendered":"https:\/\/www.ywjunchi.com\/?post_type=product&#038;p=277"},"modified":"2026-05-01T06:17:54","modified_gmt":"2026-05-01T06:17:54","slug":"dw09-h53-lamina-holografica-sin-costuras","status":"publish","type":"product","link":"https:\/\/www.ywjunchi.com\/es\/product\/dw09-h53-seamless-hologram-film\/","title":{"rendered":"L\u00e1mina hologr\u00e1fica sin costuras DW09-H53"},"content":{"rendered":"<h2>L\u00e1mina hologr\u00e1fica sin costuras YWJUNCHI DW09:<\/h2>\n<p>L\u00e1mina hologr\u00e1fica sin costuras con patr\u00f3n de rombos DW09 (material compuesto de PET\/PVC)<\/p>\n<p><strong>Fabricaci\u00f3n<\/strong>:Empresa de materiales de embalaje YIWU JUNCHI<\/p>\n<p><strong>Especificaciones b\u00e1sicas<\/strong>:Serie DW09 (Zhongjia H53 Hologram Master + K LASER HP17 hologram master)<\/p>\n<p><strong>Par\u00e1metros clave<\/strong>:<\/p>\n<p>Ancho m\u00e1ximo del rollo: 1120 mm (ancho extragrande para la producci\u00f3n de gran formato, lo que reduce al m\u00ednimo los empalmes y el desperdicio de material)<\/p>\n<p>Tipo de material: L\u00e1mina hologr\u00e1fica de PET sin costuras + l\u00e1mina hologr\u00e1fica de PVC sin costuras (combinaci\u00f3n de dos materiales para satisfacer diversas necesidades)<\/p>\n<p>Usos principales: Laminado (papel hologr\u00e1fico\/tarjetas hologr\u00e1ficas), Impresi\u00f3n (UV\/offset\/flexograf\u00eda), Fabricaci\u00f3n de etiquetas adhesivas<\/p>\n<p><strong>Efectos clave<\/strong>:Opciones de laminado y transferencia<\/p>\n<p><strong>Experiencia en producci\u00f3n<\/strong>M\u00e1s de 20 a\u00f1os de experiencia en la fabricaci\u00f3n especializada de pel\u00edculas hologr\u00e1ficas<\/p>\n<p>\u00bfPor qu\u00e9 el DW09 es una opci\u00f3n hologr\u00e1fica tan vers\u00e1til?<\/p>\n<h2>Dise\u00f1o de doble maestr\u00eda y artesan\u00eda hologr\u00e1fica avanzada<\/h2>\n<p>Fabricada mediante tecnolog\u00eda premium de doble n\u00facleo \u2014la placa maestra de precisi\u00f3n Zhongjia H53 combinada con el estampado hologr\u00e1fico K LASER HP17\u2014, la serie DW09 presenta patrones hologr\u00e1ficos din\u00e1micos de alta definici\u00f3n con estructuras micro-nano ultrafinas (resoluci\u00f3n \u22654000 ppp).Esta integraci\u00f3n de doble placa maestra fusiona la est\u00e9tica de los patrones cl\u00e1sicos de Zhongjia con la avanzada tecnolog\u00eda de interferencia de luz de K LASER, creando un efecto hologr\u00e1fico visualmente distintivo y dif\u00edcil de replicar. La estructura verdaderamente sin costuras garantiza una claridad y un brillo consistentes del patr\u00f3n a lo largo de todo el ancho ultraancho de 1120 mm, sin huecos de empalme ni interrupciones en el patr\u00f3n, incluso en el procesamiento de gran formato.<\/p>\n<h2>Ventajas principales: flexibilidad gracias al uso de dos materiales y adaptabilidad a m\u00faltiples usos<\/h2>\n<p><strong>Compatibilidad con dos materiales<\/strong>:<\/p>\n<p><strong>L\u00e1mina hologr\u00e1fica de PET sin costuras<\/strong>:Ecol\u00f3gico (con certificaci\u00f3n ROHS), excelente estabilidad dimensional, alta resistencia al calor (soporta procesos de laminaci\u00f3n\/impresi\u00f3n a 100-120 \u2103) e ideal para envases destinados al contacto con alimentos o aplicaciones de alta gama. Presenta una resistencia a la tracci\u00f3n \u2265220 MPa y un bajo nivel de opacidad (\u22641,21 TP3T) para una visualizaci\u00f3n hologr\u00e1fica n\u00edtida.<\/p>\n<p><strong>L\u00e1mina hologr\u00e1fica de PVC sin costuras<\/strong>:Flexibilidad superior, f\u00e1cil troquelado para etiquetas adhesivas y excelente adaptabilidad a la impresi\u00f3n (compatible con diversos tipos de tinta). Rentable para necesidades de embalaje decorativo y general, con gran resistencia al aceite y a los productos qu\u00edmicos.<\/p>\n<p><strong>Optimizaci\u00f3n para m\u00faltiples usos<\/strong>:<\/p>\n<p><strong>Excelencia en laminaci\u00f3n<\/strong>:Recubierto con un adhesivo ecol\u00f3gico (para PET) o una capa de imprimaci\u00f3n (para PVC), lo que garantiza una gran fuerza de adhesi\u00f3n (\u22650,8 N\/15 mm) con papel, cartulina y otros sustratos. Resiste la formaci\u00f3n de burbujas, la delaminaci\u00f3n y las arrugas durante los procesos de laminado.<\/p>\n<p><strong>Compatibilidad de impresi\u00f3n<\/strong>:Tratamiento superficial para mejorar la adherencia de la tinta (energ\u00eda superficial \u226538 mN\/m), compatible con impresi\u00f3n UV, offset y flexogr\u00e1fica. La superficie lisa evita que la tinta se corra, lo que garantiza dise\u00f1os impresos de alta definici\u00f3n que complementan el efecto hologr\u00e1fico.<\/p>\n<p><strong>Adaptabilidad de las etiquetas adhesivas<\/strong>:El grosor ajustable (pel\u00edcula hologr\u00e1fica de PET de 12 a 50 \u03bcm; pel\u00edcula hologr\u00e1fica de PVC sin costuras de 50 \u03bcm; pel\u00edcula hologr\u00e1fica de BOPP de 18 \u03bcm) se adapta al troquelado de etiquetas y a la aplicaci\u00f3n de adhesivo. Las propiedades antiest\u00e1ticas (resistencia superficial \u226410\u00b9\u2070 \u03a9) evitan la acumulaci\u00f3n de polvo durante el procesamiento, lo que reduce los desperdicios de producci\u00f3n.<\/p>\n<p><strong>Resultados en la lucha contra la falsificaci\u00f3n<\/strong>:El exclusivo patr\u00f3n hologr\u00e1fico de doble maestro crea una barrera natural contra la falsificaci\u00f3n, dif\u00edcil de replicar sin equipo de moldeo especializado. Admite elementos de seguridad adicionales (texto microimpreso, im\u00e1genes latentes) para mejorar la protecci\u00f3n de la marca, cumpliendo con las normas hologr\u00e1ficas contra la falsificaci\u00f3n GB\/T 17000-2009.<\/p>\n<h2>Estructura de capas espec\u00edfica para cada material<\/h2>\n<p><strong>Versi\u00f3n PET (ecol\u00f3gica y resistente)<\/strong>:<\/p>\n<p>Capa de recubrimiento opaca \u2192 Capa met\u00e1lica de alta reflectividad \u2192 Capa central de PET \u2192 Capa hologr\u00e1fica en relieve \u2192 Recubrimiento resistente a los rayos UV y a los ara\u00f1azos<\/p>\n<p>Garantiza un brillo hologr\u00e1fico duradero, resistencia a los rayones (dureza de l\u00e1piz de nivel H) y compatibilidad con l\u00edneas de producci\u00f3n de alta velocidad.<\/p>\n<p><strong>Versi\u00f3n en PVC (flexible y f\u00e1cil de imprimir)<\/strong>:<\/p>\n<p>Capa adhesiva\u2192Capa reflectante\u2192Capa central de PVC\u2192Capa hologr\u00e1fica en relieve\u2192Recubrimiento antiadherente<\/p>\n<p>Optimizado para ofrecer flexibilidad y facilitar el troquelado; ideal para etiquetas adhesivas y empaques decorativos, con un procesamiento sencillo.<\/p>\n<h2>Aplicaciones espec\u00edficas<\/h2>\n<p>Gracias a la flexibilidad que ofrece el uso de dos materiales, su ancho ultraamplio de 1120 mm y su compatibilidad con m\u00faltiples procesos, la DW09 es ideal para:<\/p>\n<p><strong>Productos de laminaci\u00f3n<\/strong>:Bolsas de papel de alta calidad, cubiertas para cat\u00e1logos, cajas de regalo, cartones para embalaje (ancho de 1120 mm, apto para hojas de gran formato sin necesidad de empalmes).<\/p>\n<p><strong>Materiales impresos<\/strong>:Carteles de marca, fundas para empaques, folletos promocionales y etiquetas para productos de alta gama (que combinan el atractivo hologr\u00e1fico con una impresi\u00f3n n\u00edtida).<\/p>\n<p><strong>Etiquetas adhesivas<\/strong>:Etiquetas de seguridad, etiquetas para productos cosm\u00e9ticos, etiquetas para productos qu\u00edmicos de uso diario y etiquetas de marca (opciones de PVC flexible y PET para satisfacer diversas necesidades de etiquetado).<\/p>\n<p><strong>Embalaje general<\/strong>:Cajas para cosm\u00e9ticos, envases para productos qu\u00edmicos de uso diario, cajas de regalo y envases para bienes de consumo (de doble material para adaptarse a diferentes requisitos econ\u00f3micos y medioambientales).<\/p>\n<h2>\u00bfPor qu\u00e9 elegir el YWJUNCHI DW09?<\/h2>\n<p><strong>Ventajas del doble m\u00e1ster<\/strong>: El dise\u00f1o dual del Zhongjia H53 + K LASER HP17 ofrece efectos hologr\u00e1ficos \u00fanicos y de alta definici\u00f3n para una mayor diferenciaci\u00f3n de marca.<\/p>\n<p><strong>Eficiencia ultraamplia<\/strong>: El ancho m\u00e1ximo de 1120 mm reduce el desperdicio de material en un 25% en comparaci\u00f3n con las pel\u00edculas m\u00e1s estrechas, lo que reduce los costos de producci\u00f3n en aplicaciones de gran formato.<\/p>\n<p><strong>Versatilidad gracias a la combinaci\u00f3n de dos materiales<\/strong>:Las opciones de PET\/PVC satisfacen necesidades ecol\u00f3gicas, de alta gama y rentables: una sola l\u00ednea de productos para las diversas necesidades de los clientes.<\/p>\n<p><strong>Compatibilidad con m\u00faltiples procesos<\/strong>:Optimizado para laminado, impresi\u00f3n y producci\u00f3n de etiquetas adhesivas, lo que elimina la necesidad de utilizar varios tipos de pel\u00edcula.<\/p>\n<p><strong>Control de calidad<\/strong>:M\u00e1s de 20 a\u00f1os de experiencia en fabricaci\u00f3n, pruebas rigurosas para garantizar la uniformidad de los patrones, el rendimiento de los materiales y la adaptabilidad en el procesamiento; cumple con el reglamento REACH de la UE y las normas medioambientales chinas.<\/p>\n<p><strong>Asistencia para la personalizaci\u00f3n<\/strong>: Grosor ajustable, tono de color (plata, oro, personalizado) y elementos de seguridad opcionales para adaptarse a las necesidades espec\u00edficas de cada marca.<\/p>\n<h2>\u00bfPreguntas frecuentes?<\/h2>\n<p><strong>\u00bfCu\u00e1l es la diferencia entre las versiones de pel\u00edcula de PET y de PVC del DW09?<\/strong><br \/>\nPel\u00edcula de PET: ecol\u00f3gica, estable, resistente al calor, adecuada para aplicaciones de alta gama y de contacto con alimentos.<\/p>\n<p>L\u00e1mina de PVC: flexible, f\u00e1cil de imprimir, econ\u00f3mica, ideal para pegatinas y envases decorativos.<\/p>\n<p><strong>\u00bfSe puede utilizar la DW09 para la producci\u00f3n de etiquetas adhesivas a alta velocidad?<\/strong><br \/>\nS\u00ed. Sus propiedades antiadherentes y antiest\u00e1ticas garantizan una alimentaci\u00f3n fluida en las m\u00e1quinas etiquetadoras, lo que permite el troquelado y la aplicaci\u00f3n de adhesivo a alta velocidad.<\/p>\n<p><strong>\u00bfEn qu\u00e9 se diferencia DW09 de DW03\/DW04?<\/strong><\/p>\n<table>\n<tbody>\n<tr>\n<td width=\"110\">Modelo<\/td>\n<td width=\"110\">Dise\u00f1o b\u00e1sico<\/td>\n<td width=\"110\">Ancho<\/td>\n<td width=\"110\">Materiales compatibles<\/td>\n<td width=\"110\">Punto fuerte<\/td>\n<\/tr>\n<tr>\n<td width=\"110\">DW09<\/td>\n<td width=\"110\">Zhongjia H53 + K LASER HP17<\/td>\n<td width=\"110\">1120 mm<\/td>\n<td width=\"110\">PET + PVC<\/td>\n<td width=\"110\">Ultraancho + Multiusos (laminado\/impresi\u00f3n\/etiquetas)<\/td>\n<\/tr>\n<tr>\n<td width=\"110\">DW03<\/td>\n<td width=\"110\">Zhongjia H42 + K LASER HP12 (Finesand)<\/td>\n<td width=\"110\">1090 mm<\/td>\n<td width=\"110\">PET + PVC<\/td>\n<td width=\"110\">Textura de arena fina premium + Cifrado oculto<\/td>\n<\/tr>\n<tr>\n<td width=\"110\">DW04<\/td>\n<td width=\"110\">Zhongjia H36 + K LASER HP59<\/td>\n<td width=\"110\">1020 mm<\/td>\n<td width=\"110\">PET + PVC<\/td>\n<td width=\"110\">Versatilidad de dos materiales para el embalaje general<\/td>\n<\/tr>\n<\/tbody>\n<\/table>\n<p>Mejore la calidad de sus envases, impresiones y etiquetas gracias al efecto hologr\u00e1fico de doble patr\u00f3n, el ancho ultraamplio y la flexibilidad de doble material del DW09. YWJUNCHI ofrece soluciones a medida para satisfacer las necesidades espec\u00edficas de su marca. \u00a1Muestras gratuitas disponibles para que las pruebe!<\/p>\n<p>YWJUNCHI DW09: \u00a1donde la versatilidad, el ancho y la excelencia hologr\u00e1fica satisfacen tus necesidades de producci\u00f3n!<\/p>","protected":false},"excerpt":{"rendered":"<p>DW09 es una pel\u00edcula hologr\u00e1fica de diamante con rejilla continua HP17, con un ancho m\u00e1ximo de 1120 mm.<\/p>","protected":false},"featured_media":407,"comment_status":"open","ping_status":"closed","template":"","meta":[],"product_brand":[],"product_cat":[17],"product_tag":[61,62],"class_list":{"0":"post-277","1":"product","2":"type-product","3":"status-publish","4":"has-post-thumbnail","6":"product_cat-holographic-film","7":"product_tag-hp17-pet-holographic-film","8":"product_tag-hp17-pvc-holographic-film","10":"first","11":"instock","12":"shipping-taxable","13":"product-type-simple"},"_links":{"self":[{"href":"https:\/\/www.ywjunchi.com\/es\/wp-json\/wp\/v2\/product\/277","targetHints":{"allow":["GET"]}}],"collection":[{"href":"https:\/\/www.ywjunchi.com\/es\/wp-json\/wp\/v2\/product"}],"about":[{"href":"https:\/\/www.ywjunchi.com\/es\/wp-json\/wp\/v2\/types\/product"}],"replies":[{"embeddable":true,"href":"https:\/\/www.ywjunchi.com\/es\/wp-json\/wp\/v2\/comments?post=277"}],"wp:featuredmedia":[{"embeddable":true,"href":"https:\/\/www.ywjunchi.com\/es\/wp-json\/wp\/v2\/media\/407"}],"wp:attachment":[{"href":"https:\/\/www.ywjunchi.com\/es\/wp-json\/wp\/v2\/media?parent=277"}],"wp:term":[{"taxonomy":"product_brand","embeddable":true,"href":"https:\/\/www.ywjunchi.com\/es\/wp-json\/wp\/v2\/product_brand?post=277"},{"taxonomy":"product_cat","embeddable":true,"href":"https:\/\/www.ywjunchi.com\/es\/wp-json\/wp\/v2\/product_cat?post=277"},{"taxonomy":"product_tag","embeddable":true,"href":"https:\/\/www.ywjunchi.com\/es\/wp-json\/wp\/v2\/product_tag?post=277"}],"curies":[{"name":"wp","href":"https:\/\/api.w.org\/{rel}","templated":true}]}}