{"id":251,"date":"2026-03-17T07:52:40","date_gmt":"2026-03-17T07:52:40","guid":{"rendered":"https:\/\/www.ywjunchi.com\/?post_type=product&#038;p=251"},"modified":"2026-05-01T07:46:18","modified_gmt":"2026-05-01T07:46:18","slug":"lamina-holografica-para-mascotas-hp21","status":"publish","type":"product","link":"https:\/\/www.ywjunchi.com\/es\/product\/hp21-pet-hologram-film\/","title":{"rendered":"L\u00e1mina hologr\u00e1fica para mascotas HP21"},"content":{"rendered":"<h2>YWJUNCHI HP21: L\u00e1mina hologr\u00e1fica de PET sin costuras con efecto \u00abcristal roto\u00bb<\/h2>\n<p><strong>Fabricaci\u00f3n<\/strong>:Empresa de materiales de embalaje YIWU JUNCHI<\/p>\n<p><strong>Especificaciones b\u00e1sicas<\/strong>:Serie HP21 (K LASER Shattered Glass Hologram Master, material PET sin costuras, S003)<\/p>\n<h2>Par\u00e1metros clave:<\/h2>\n<p>Dise\u00f1o de holograma: K LASER, patr\u00f3n de vidrio roto (din\u00e1mico, efecto visual de vidrio fragmentado, alta protecci\u00f3n contra la falsificaci\u00f3n)<\/p>\n<p>Tipo de material: L\u00e1mina hologr\u00e1fica de PET sin costuras (ecol\u00f3gica, de alto rendimiento, estructura estable)<\/p>\n<p>Espesor fijo: 16 \u03bcm (\u00f3ptimo para la producci\u00f3n de papel hologr\u00e1fico, la impresi\u00f3n offset UV y el procesamiento de cajas de papel hologr\u00e1fico)<\/p>\n<p>Longitud del rollo: 3000 m\/rollo o 6000 m\/rollo (dos opciones para adaptarse a diferentes vol\u00famenes de pedido y necesidades de producci\u00f3n)<\/p>\n<p>Usos principales: Producci\u00f3n de papel hologr\u00e1fico, impresi\u00f3n offset UV, fabricaci\u00f3n de cajas de papel hologr\u00e1fico<\/p>\n<p><strong>Efectos clave<\/strong>:Opciones de laminado y transferencia (ideales para compuestos de papel y decoraci\u00f3n de superficies)<\/p>\n<p><strong>Experiencia en producci\u00f3n<\/strong>:M\u00e1s de 20 a\u00f1os de experiencia en la fabricaci\u00f3n especializada de pel\u00edculas hologr\u00e1ficas. \u00bfQu\u00e9 hace que HP21 sea una soluci\u00f3n hologr\u00e1fica de \u00abvidrio roto\u00bb tan destacada?<\/p>\n<p>Dise\u00f1o exclusivo \u00abShattered Glass\u00bb de K LASER y artesan\u00eda de precisi\u00f3n<\/p>\n<p>Creada mediante la avanzada placa maestra de holograma de vidrio roto de K LASER, combinada con tecnolog\u00eda de estampado en relieve de alta precisi\u00f3n, la serie HP21 presenta un patr\u00f3n hologr\u00e1fico \u00fanico de vidrio roto que imita la textura natural y fragmentada del vidrio roto, con fragmentos irregulares de bordes afilados y efectos din\u00e1micos de refracci\u00f3n de la luz.El patr\u00f3n se reproduce con microestructuras ultrafinas (resoluci\u00f3n \u22654000 ppp), lo que garantiza que cada detalle de los fragmentos de vidrio sea n\u00edtido, tridimensional y perfectamente uniforme a lo largo de todo el ancho de la pel\u00edcula. Bajo la luz natural, el patr\u00f3n de vidrio roto muestra una v\u00edvida refracci\u00f3n de luz en forma de arco\u00edris, creando un impacto visual llamativo y atractivo que diferencia eficazmente los productos de la competencia, mientras que la estructura sin costuras elimina los huecos de empalme durante la producci\u00f3n a gran escala.<\/p>\n<p>Ventajas principales: Rendimiento y adaptabilidad al uso espec\u00edfico<\/p>\n<p><strong>Excelencia del material PET (grosor fijo de 16 \u03bcm)<\/strong>:Fabricado con resina PET de alta pureza y respetuosa con el medio ambiente (con certificaci\u00f3n ROHS), con un grosor fijo de 16 \u03bcm, optimizado espec\u00edficamente para sus aplicaciones principales. Este grosor logra un equilibrio perfecto entre flexibilidad y estabilidad estructural, evitando que se deforme durante la impresi\u00f3n o el laminado y garantizando una forma firme durante el procesamiento de las cajas de papel.La pel\u00edcula cuenta con una resistencia a la tracci\u00f3n \u2265220 MPa, una transmitancia de la luz \u2265921 TP3T y una baja opacidad (\u22641,21 TP3T), lo que garantiza que el efecto hologr\u00e1fico de cristal roto sea v\u00edvido y claro sin distorsiones, incluso despu\u00e9s de los procesos de laminado o impresi\u00f3n.<\/p>\n<p><strong>Optimizaci\u00f3n espec\u00edfica del uso<\/strong>:<\/p>\n<p><strong>Producci\u00f3n de papel hologr\u00e1fico<\/strong>:Recubierto con un adhesivo termofusible ecol\u00f3gico, lo que garantiza una gran fuerza de uni\u00f3n (\u22650,8 N\/15 mm) con diversos tipos de papel (papel art\u00edstico, cartulina, papel kraft) para producir papel hologr\u00e1fico de alta calidad. Resiste la formaci\u00f3n de burbujas, la delaminaci\u00f3n y las arrugas durante el laminado, conservando la textura n\u00edtida y fragmentada del patr\u00f3n de vidrio roto tras el laminado, lo que sienta una base de primera calidad para la fabricaci\u00f3n de cajas de papel hologr\u00e1fico.<\/p>\n<p><strong>Compatibilidad con la impresi\u00f3n offset UV<\/strong>:Tratado superficialmente con una capa de imprimaci\u00f3n especial (energ\u00eda superficial \u226538 mN\/m), lo que mejora significativamente la adherencia de la tinta UV y est\u00e1 especialmente optimizado para la impresi\u00f3n offset UV.La superficie lisa del PET evita que la tinta se corra o se manche, lo que garantiza dise\u00f1os impresos de alta definici\u00f3n (logotipos, texto, patrones) que complementan el efecto hologr\u00e1fico de cristal roto, sin que el patr\u00f3n \u00fanico resulte abrumador ni quede eclipsado por \u00e9l, lo que lo hace adecuado para la impresi\u00f3n de superficies de cajas de papel hologr\u00e1ficas de alta gama.<\/p>\n<p><strong>Adaptabilidad de las cajas de papel con holograma<\/strong>:El grosor fijo de 16 \u03bcm es ideal para el plegado y el moldeado de cajas de papel: lo suficientemente flexible como para evitar que se agrieten los bordes de los pliegues, pero lo suficientemente resistente como para mantener la integridad estructural de la caja.El patr\u00f3n hologr\u00e1fico de vidrio roto aporta una sensaci\u00f3n de textura de alta gama y capas visuales a las cajas de papel, elevando el nivel de la marca. Las propiedades antiest\u00e1ticas (resistencia superficial \u226410\u00b9\u2070 \u03a9) evitan la acumulaci\u00f3n de polvo durante el procesamiento, lo que reduce los desperdicios de producci\u00f3n y garantiza una calidad constante del producto.<\/p>\n<p><strong>Excelente protecci\u00f3n contra la falsificaci\u00f3n y gran valor est\u00e9tico<\/strong>:El exclusivo patr\u00f3n de vidrio roto de K LASER constituye una barrera natural contra la falsificaci\u00f3n: su estructura irregular y fragmentada es extremadamente dif\u00edcil de replicar sin un equipo especializado para la creaci\u00f3n de placas maestras. Admite elementos de seguridad adicionales (texto microimpreso, im\u00e1genes latentes l\u00e1ser) para reforzar a\u00fan m\u00e1s la protecci\u00f3n de la marca, cumpliendo con las normas hologr\u00e1ficas contra la falsificaci\u00f3n GB\/T 17000-2009.A diferencia de las pel\u00edculas hologr\u00e1ficas lisas tradicionales, el dise\u00f1o de vidrio roto ofrece un atractivo visual llamativo y moderno, perfecto para marcas que buscan la exclusividad y un posicionamiento de alta gama.<\/p>\n<p><strong>Opciones de longitud de rollo doble<\/strong>: 3000 m\/rollo (apto para la producci\u00f3n de lotes peque\u00f1os, pedidos de prueba o proyectos de tiradas cortas) y 6000 m\/rollo (ideal para la producci\u00f3n continua de lotes grandes, ya que reduce la frecuencia de sustituci\u00f3n de los rollos y mejora la eficiencia de la producci\u00f3n, lo que reduce los costos unitarios de producci\u00f3n).<\/p>\n<p>Estructura de capas optimizada (n\u00facleo de PET sin costuras)<\/p>\n<p>Capa de recubrimiento opaca \u2192 Capa met\u00e1lica de alta reflectividad \u2192 Capa central de PET de 16 \u03bcm \u2192 Capa hologr\u00e1fica en relieve con efecto de vidrio roto \u2192 Recubrimiento resistente a los rayos UV y a los ara\u00f1azos<\/p>\n<p>Los recubrimientos protectores dobles mejoran la durabilidad (dureza de l\u00e1piz de nivel H) y la resistencia a los rayos UV, lo que evita que el patr\u00f3n de vidrio roto se decolore o se raye durante el procesamiento, el transporte y el almacenamiento a largo plazo.La capa met\u00e1lica de alta reflectividad amplifica el efecto de refracci\u00f3n de la luz de los fragmentos de vidrio roto, haciendo que el patr\u00f3n hologr\u00e1fico sea m\u00e1s llamativo y v\u00edvido, mientras que la capa central de PET de 16 \u03bcm garantiza un rendimiento estable en diversos entornos de procesamiento (temperatura de laminaci\u00f3n\/impresi\u00f3n de 100-120 \u2103).<\/p>\n<p>Aplicaciones espec\u00edficas<\/p>\n<p>Gracias a su exclusivo efecto hologr\u00e1fico de cristal roto, su grosor fijo de 16 \u03bcm, sus dos opciones de longitud de rollo y su compatibilidad espec\u00edfica con determinados procesos, el HP21 est\u00e1 especialmente dise\u00f1ado para:<\/p>\n<p><strong>Papel hologr\u00e1fico<\/strong>:Material base para la fabricaci\u00f3n de papel hologr\u00e1fico de alta calidad, ampliamente utilizado en los sectores del embalaje de alta gama, la impresi\u00f3n y la decoraci\u00f3n.<\/p>\n<p><strong>Proyectos de impresi\u00f3n offset UV<\/strong>:Apto para procesos de impresi\u00f3n offset UV; ideal para imprimir en cajas de papel hologr\u00e1fico, etiquetas de productos de alta gama y materiales promocionales de marca.<\/p>\n<p><strong>Cajas de papel con holograma<\/strong>:Materia prima fundamental para la fabricaci\u00f3n de cajas de papel hologr\u00e1ficas de alta gama.<\/p>\n<p>\u00bfPor qu\u00e9 elegir el YWJUNCHI HP21?<\/p>\n<p><strong>Diferenciaci\u00f3n visual \u00fanica<\/strong>:K LASER presenta un patr\u00f3n hologr\u00e1fico de cristal roto: llamativo, din\u00e1mico y dif\u00edcil de imitar, lo que ayuda a las marcas a destacar en la feroz competencia del mercado.<\/p>\n<p><strong>Dise\u00f1o de espesor espec\u00edfico<\/strong>: Grosor fijo de 16 \u03bcm, ideal para la producci\u00f3n de papel hologr\u00e1fico, la impresi\u00f3n offset UV y el procesamiento de cajas de papel hologr\u00e1fico, lo que evita el desperdicio innecesario de material.<\/p>\n<p><strong>Flexibilidad en la longitud de los rollos dobles<\/strong>: Opciones duales de 3000 m y 6000 m, que se adaptan a diferentes vol\u00famenes de pedidos y necesidades de producci\u00f3n, mejorando la eficiencia de la producci\u00f3n y reduciendo los costos.<\/p>\n<p><strong>Especializaci\u00f3n en PET<\/strong>:Fabricado con material PET sin costuras, ecol\u00f3gico (con certificaci\u00f3n ROHS), de rendimiento estable y conforme a las normas internacionales medioambientales y de contacto con alimentos (para el envasado indirecto de alimentos).<\/p>\n<p><strong>Control de calidad<\/strong>:M\u00e1s de 20 a\u00f1os de experiencia en la fabricaci\u00f3n de pel\u00edculas hologr\u00e1ficas; pruebas rigurosas para garantizar la uniformidad de los patrones, el rendimiento de los materiales y la adaptabilidad en el procesamiento; cumple con la normativa REACH de la UE y las normas chinas sobre materiales de embalaje.<\/p>\n<p><strong>Asistencia para la personalizaci\u00f3n<\/strong>:Tono de color personalizable (plata, oro, a medida) y elementos de seguridad opcionales (microimpresi\u00f3n, im\u00e1genes latentes) para adaptarse a las necesidades espec\u00edficas de cada marca en materia de empaque y lucha contra la falsificaci\u00f3n.<\/p>\n<p>\u00bfPreguntas frecuentes?<\/p>\n<p><strong>\u00bfCu\u00e1l es la ventaja del dise\u00f1o hologr\u00e1fico de cristal roto?<\/strong>Ofrece un impacto visual llamativo y din\u00e1mico con un alto rendimiento en materia de lucha contra la falsificaci\u00f3n: su estructura irregular y fragmentada es dif\u00edcil de imitar, mientras que el v\u00edvido efecto de refracci\u00f3n de la luz realza la calidad superior del producto, lo que lo hace perfecto para cajas de papel hologr\u00e1fico de alta gama y papel hologr\u00e1fico.<\/p>\n<p><strong>\u00bfPor qu\u00e9 elegir un espesor de 16 \u03bcm?<\/strong>El grosor de 16 \u03bcm ofrece el equilibrio \u00f3ptimo entre flexibilidad y estabilidad estructural para los usos principales del HP21: evita que el papel se estire durante la impresi\u00f3n o el laminado y que se agriete al plegar cajas de cart\u00f3n, lo que garantiza un procesamiento fluido.<\/p>\n<p><strong>\u00bfC\u00f3mo elegir entre un rollo de 3000 m y uno de 6000 m?<\/strong>El rollo de 3000 m es adecuado para la producci\u00f3n de lotes peque\u00f1os, pedidos de prueba o proyectos de tiradas cortas; el rollo de 6000 m se recomienda para la producci\u00f3n continua de lotes grandes, a fin de mejorar la eficiencia y reducir los costos de sustituci\u00f3n de rollos.<\/p>\n<p><strong>\u00bfEn qu\u00e9 se diferencia el HP21 del Z10 (haz de luz horizontal cepillado)?<\/strong><\/p>\n<table>\n<tbody>\n<tr>\n<td width=\"110\">Modelo<\/td>\n<td width=\"110\">Dise\u00f1o b\u00e1sico<\/td>\n<td width=\"110\">Espesor<\/td>\n<td width=\"110\">Longitud del rollo<\/td>\n<td width=\"110\">Punto fuerte<\/td>\n<\/tr>\n<tr>\n<td width=\"110\">HP21<\/td>\n<td width=\"110\">K LASER: Vidrio Roto<\/td>\n<td width=\"110\">Fijo 16 \u03bcm<\/td>\n<td width=\"110\">3000 m\/6000 m<\/td>\n<td width=\"110\">Protecci\u00f3n contra la falsificaci\u00f3n + Adaptabilidad del papel y las cajas hologr\u00e1ficas<\/td>\n<\/tr>\n<tr>\n<td width=\"110\">Z10<\/td>\n<td width=\"110\">K LASER: haz de luz horizontal con acabado cepillado<\/td>\n<td width=\"110\">Fijo 16 \u03bcm<\/td>\n<td width=\"110\">Personalizable<\/td>\n<td width=\"110\">Textura cepillada de alta calidad + Versatilidad para cajas de cosm\u00e9ticos<\/td>\n<\/tr>\n<\/tbody>\n<\/table>\n<p>Mejore el aspecto de sus envases de papel y cajas de papel hologr\u00e1ficos con el exclusivo efecto hologr\u00e1fico de \u2019vidrio roto\u00bb de HP21: YWJUNCHI ofrece soluciones hologr\u00e1ficas de PET sin costuras, espec\u00edficas, de alto rendimiento y rentables, adaptadas a sus necesidades de producci\u00f3n. \u00a1Muestras gratuitas disponibles para pruebas!<\/p>\n<p>YWJUNCHI HP21: \u00a1donde el brillo del cristal rotos se une a la excelencia del empaque hologr\u00e1fico!<\/p>","protected":false},"excerpt":{"rendered":"<p>L\u00e1mina hologr\u00e1fica de PET sin costuras HP21 \u00abShattered Glass\u00bb, metalizada en plata o transparente, con un espesor de 16 micras.<\/p>","protected":false},"featured_media":414,"comment_status":"open","ping_status":"closed","template":"","meta":[],"product_brand":[],"product_cat":[17],"product_tag":[34],"class_list":{"0":"post-251","1":"product","2":"type-product","3":"status-publish","4":"has-post-thumbnail","6":"product_cat-holographic-film","7":"product_tag-hp21-seamless-pet-hologram-film","9":"first","10":"instock","11":"shipping-taxable","12":"product-type-simple"},"_links":{"self":[{"href":"https:\/\/www.ywjunchi.com\/es\/wp-json\/wp\/v2\/product\/251","targetHints":{"allow":["GET"]}}],"collection":[{"href":"https:\/\/www.ywjunchi.com\/es\/wp-json\/wp\/v2\/product"}],"about":[{"href":"https:\/\/www.ywjunchi.com\/es\/wp-json\/wp\/v2\/types\/product"}],"replies":[{"embeddable":true,"href":"https:\/\/www.ywjunchi.com\/es\/wp-json\/wp\/v2\/comments?post=251"}],"wp:featuredmedia":[{"embeddable":true,"href":"https:\/\/www.ywjunchi.com\/es\/wp-json\/wp\/v2\/media\/414"}],"wp:attachment":[{"href":"https:\/\/www.ywjunchi.com\/es\/wp-json\/wp\/v2\/media?parent=251"}],"wp:term":[{"taxonomy":"product_brand","embeddable":true,"href":"https:\/\/www.ywjunchi.com\/es\/wp-json\/wp\/v2\/product_brand?post=251"},{"taxonomy":"product_cat","embeddable":true,"href":"https:\/\/www.ywjunchi.com\/es\/wp-json\/wp\/v2\/product_cat?post=251"},{"taxonomy":"product_tag","embeddable":true,"href":"https:\/\/www.ywjunchi.com\/es\/wp-json\/wp\/v2\/product_tag?post=251"}],"curies":[{"name":"wp","href":"https:\/\/api.w.org\/{rel}","templated":true}]}}