{"id":214,"date":"2026-03-17T07:35:41","date_gmt":"2026-03-17T07:35:41","guid":{"rendered":"https:\/\/www.ywjunchi.com\/?post_type=product&#038;p=214"},"modified":"2026-05-06T02:21:41","modified_gmt":"2026-05-06T02:21:41","slug":"e068b-lamina-holografica-para-mascotas","status":"publish","type":"product","link":"https:\/\/www.ywjunchi.com\/es\/product\/e068b-pet-hologram-film\/","title":{"rendered":"L\u00e1mina hologr\u00e1fica de PET E068B"},"content":{"rendered":"<h2><strong>YWJUNCHI E068B L\u00e1mpara de poste horizontal cepillada con pel\u00edcula hologr\u00e1fica de PET sin costuras<\/strong><\/h2>\n<p><strong>Fabricaci\u00f3n<\/strong>:Empresa de materiales de embalaje YIWU JUNCHI<\/p>\n<p><strong>Especificaciones b\u00e1sicas<\/strong>:Serie Z10 (L\u00e1mina hologr\u00e1fica K LASER E068B PET, imagen con haz de luz horizontal cepillado)<\/p>\n<figure id=\"attachment_605\" aria-describedby=\"caption-attachment-605\" style=\"width: 800px\" class=\"wp-caption alignnone\"><img fetchpriority=\"high\" decoding=\"async\" class=\"size-full wp-image-605\" src=\"https:\/\/www.ywjunchi.com\/wp-content\/uploads\/2026\/03\/011-5.jpg\" alt=\"La luz del pilar E068B incluye una pel\u00edcula hologr\u00e1fica de PET\" width=\"800\" height=\"800\" srcset=\"https:\/\/www.ywjunchi.com\/wp-content\/uploads\/2026\/03\/011-5.jpg 800w, https:\/\/www.ywjunchi.com\/wp-content\/uploads\/2026\/03\/011-5-300x300.jpg 300w, https:\/\/www.ywjunchi.com\/wp-content\/uploads\/2026\/03\/011-5-100x100.jpg 100w, https:\/\/www.ywjunchi.com\/wp-content\/uploads\/2026\/03\/011-5-600x600.jpg 600w, https:\/\/www.ywjunchi.com\/wp-content\/uploads\/2026\/03\/011-5-150x150.jpg 150w, https:\/\/www.ywjunchi.com\/wp-content\/uploads\/2026\/03\/011-5-768x768.jpg 768w\" sizes=\"(max-width: 800px) 100vw, 800px\" \/><figcaption id=\"caption-attachment-605\" class=\"wp-caption-text\">La luz del pilar E068B incluye una pel\u00edcula hologr\u00e1fica de PET<\/figcaption><\/figure>\n<h2><strong>Par\u00e1metros clave<\/strong>:<\/h2>\n<p>Ancho m\u00e1ximo del Master: 820 mm (optimizado para la producci\u00f3n de embalajes, impresiones y etiquetas est\u00e1ndar, lo que garantiza la compatibilidad con los equipos habituales)<\/p>\n<p>Tipo de material: L\u00e1mina hologr\u00e1fica de PET sin costuras (dise\u00f1ada para ofrecer un alto rendimiento y ser respetuosa con el medio ambiente)<\/p>\n<p>Espesor fijo: 16 \u03bcm (equilibrio \u00f3ptimo entre flexibilidad y estabilidad estructural para usos b\u00e1sicos)<\/p>\n<p>Usos principales: Laminado con papel (para la fabricaci\u00f3n de cart\u00f3n hologr\u00e1fico), apto para impresi\u00f3n offset UV, fabricaci\u00f3n de cajas para cosm\u00e9ticos<\/p>\n<p><strong>Efectos clave<\/strong>: Opciones de laminado y transferencia<\/p>\n<p><strong>Experiencia en producci\u00f3n<\/strong>M\u00e1s de 20 a\u00f1os de experiencia en la fabricaci\u00f3n especializada de pel\u00edculas hologr\u00e1ficas<\/p>\n<p>\u00bfQu\u00e9 hace que el E068B sea una soluci\u00f3n destacada de haz de luz horizontal difuso?<\/p>\n<p>Dise\u00f1o exclusivo de haz de luz horizontal cepillado y tecnolog\u00eda avanzada<\/p>\n<p>Fabricada mediante la placa maestra de hologramas de precisi\u00f3n K LASER E068B, combinada con tecnolog\u00eda avanzada de relieve, la serie E068B presenta una imagen \u00fanica de haces de luz horizontales con acabado cepillado, que integra la textura elegante del metal cepillado con el brillo din\u00e1mico de los haces de luz horizontales.La textura cepillada aporta un tacto h\u00edbrido de alta calidad, entre mate y brillante, mientras que la orientaci\u00f3n horizontal de los haces de luz crea un efecto visual amplio y elegante que realza la percepci\u00f3n de la anchura del producto en los estantes. Con microestructuras ultrafinas (resoluci\u00f3n \u22654000 ppp), el patr\u00f3n es n\u00edtido, uniforme y verdaderamente continuo a lo largo de los 820 mm de ancho, sin huecos de empalme ni interrupciones en el patr\u00f3n.<\/p>\n<p>Ventajas principales: Rendimiento y adaptabilidad a m\u00faltiples usos<\/p>\n<p><strong>Excelencia del material PET (grosor fijo de 16 \u03bcm)<\/strong>:Fabricado con resina PET de alta pureza y respetuosa con el medio ambiente (certificaci\u00f3n ROHS), ha superado la prueba de hal\u00f3genos y presenta un espesor fijo de 16 \u03bcm, lo que lo hace ideal para el laminado con papel (cart\u00f3n hologr\u00e1fico) y la impresi\u00f3n offset UV.Cuenta con una excelente estabilidad dimensional, alta resistencia al calor (soporta procesos de laminaci\u00f3n\/impresi\u00f3n a 100-120 \u2103) y es ideal para la producci\u00f3n de cajas de cosm\u00e9ticos y empaques de alta gama. Presenta una resistencia a la tracci\u00f3n \u2265220 MPa, transmitancia de luz \u2265921 TP3T y baja opacidad (\u22641,21 TP3T), lo que garantiza que el efecto de haz de luz horizontal cepillado sea v\u00edvido y claro sin distorsiones.<\/p>\n<figure id=\"attachment_602\" aria-describedby=\"caption-attachment-602\" style=\"width: 800px\" class=\"wp-caption alignnone\"><img decoding=\"async\" class=\"size-full wp-image-602\" src=\"https:\/\/www.ywjunchi.com\/wp-content\/uploads\/2026\/03\/011-3.jpg\" alt=\"La luz del pilar E068B incluye una l\u00e1mina hologr\u00e1fica de PET\" width=\"800\" height=\"800\" srcset=\"https:\/\/www.ywjunchi.com\/wp-content\/uploads\/2026\/03\/011-3.jpg 800w, https:\/\/www.ywjunchi.com\/wp-content\/uploads\/2026\/03\/011-3-300x300.jpg 300w, https:\/\/www.ywjunchi.com\/wp-content\/uploads\/2026\/03\/011-3-100x100.jpg 100w, https:\/\/www.ywjunchi.com\/wp-content\/uploads\/2026\/03\/011-3-600x600.jpg 600w, https:\/\/www.ywjunchi.com\/wp-content\/uploads\/2026\/03\/011-3-150x150.jpg 150w, https:\/\/www.ywjunchi.com\/wp-content\/uploads\/2026\/03\/011-3-768x768.jpg 768w\" sizes=\"(max-width: 800px) 100vw, 800px\" \/><figcaption id=\"caption-attachment-602\" class=\"wp-caption-text\">La luz del pilar E068B incluye una l\u00e1mina hologr\u00e1fica de PET<\/figcaption><\/figure>\n<p><strong>Optimizaci\u00f3n para m\u00faltiples usos<\/strong>:<\/p>\n<p><strong>Excelencia en el laminado (cart\u00f3n hologr\u00e1fico)<\/strong>:Recubierto con un adhesivo termofusible ecol\u00f3gico, lo que garantiza una gran fuerza de adhesi\u00f3n (\u22650,8 N\/15 mm) con el papel para la fabricaci\u00f3n de cart\u00f3n hologr\u00e1fico de alta calidad. Resiste la formaci\u00f3n de burbujas, la delaminaci\u00f3n y las arrugas durante los procesos de laminado, conservando la textura cepillada y el brillo del haz de luz tras el laminado, lo que lo hace perfecto para la posterior producci\u00f3n de cajas de cosm\u00e9ticos.<\/p>\n<p><strong>Compatibilidad con la impresi\u00f3n offset UV<\/strong>:Tratado superficialmente con una capa de imprimaci\u00f3n especial (energ\u00eda superficial \u226538 mN\/m), lo que mejora la adherencia de la tinta y est\u00e1 especialmente optimizado para la impresi\u00f3n offset UV. La superficie lisa y cepillada evita que la tinta se corra, lo que garantiza dise\u00f1os impresos de alta definici\u00f3n que complementan el efecto hologr\u00e1fico sin opacarlo, por lo que es adecuado para la impresi\u00f3n de la superficie de cajas de cosm\u00e9ticos.<\/p>\n<p><strong>Adaptabilidad de los estuches de cosm\u00e9ticos<\/strong>:El grosor fijo de 16 \u03bcm ofrece un equilibrio entre flexibilidad (para el plegado de la caja) y estabilidad estructural (para el moldeado de la caja), combinado con el elegante efecto de vetas horizontales cepilladas que realza el aspecto de alta gama de las cajas de cosm\u00e9ticos. Las propiedades antiest\u00e1ticas (resistencia superficial \u226410\u00b9\u2070 \u03a9) evitan la acumulaci\u00f3n de polvo durante el procesamiento, lo que reduce los desperdicios de producci\u00f3n.<\/p>\n<p><strong>Lucha contra la falsificaci\u00f3n y ventaja est\u00e9tica<\/strong>:La combinaci\u00f3n \u00fanica del dise\u00f1o maestro K LASER E068B, la textura cepillada y el haz de luz horizontal crea una barrera natural contra la falsificaci\u00f3n, dif\u00edcil de replicar sin equipo de moldeo especializado. Admite elementos de seguridad adicionales (texto microimpreso, im\u00e1genes latentes) para mejorar la protecci\u00f3n de la marca, cumpliendo con las normas hologr\u00e1ficas contra la falsificaci\u00f3n GB\/T 17000-2009.El acabado cepillado ofrece una alternativa sofisticada y sin reflejos a las pel\u00edculas hologr\u00e1ficas brillantes tradicionales, perfecta para marcas de alta gama.<\/p>\n<p><strong>Estructura de capas optimizada (n\u00facleo de PET sin costuras)<\/strong><\/p>\n<p>Capa de recubrimiento opaca \u2192 Capa met\u00e1lica de alta reflectividad \u2192 Capa central de PET \u2192 Capa hologr\u00e1fica en relieve con haz de luz horizontal cepillado \u2192 Recubrimiento resistente a los rayos UV y a los rayones<\/p>\n<p>Los recubrimientos protectores dobles mejoran la durabilidad (dureza de l\u00e1piz de nivel H) y la resistencia a los rayos UV, lo que garantiza que la textura cepillada y el efecto del haz de luz se mantengan vivos durante un uso prolongado. La capa de alta reflectividad amplifica el brillo del haz de luz horizontal, mientras que la capa central de PET equilibra la flexibilidad y la estabilidad estructural para satisfacer diversas necesidades de procesamiento.<\/p>\n<figure id=\"attachment_603\" aria-describedby=\"caption-attachment-603\" style=\"width: 800px\" class=\"wp-caption alignnone\"><img decoding=\"async\" class=\"size-full wp-image-603\" src=\"https:\/\/www.ywjunchi.com\/wp-content\/uploads\/2026\/03\/011-2.jpg\" alt=\"La luz del pilar E068B incluye una pel\u00edcula hologr\u00e1fica de PET\" width=\"800\" height=\"800\" srcset=\"https:\/\/www.ywjunchi.com\/wp-content\/uploads\/2026\/03\/011-2.jpg 800w, https:\/\/www.ywjunchi.com\/wp-content\/uploads\/2026\/03\/011-2-300x300.jpg 300w, https:\/\/www.ywjunchi.com\/wp-content\/uploads\/2026\/03\/011-2-100x100.jpg 100w, https:\/\/www.ywjunchi.com\/wp-content\/uploads\/2026\/03\/011-2-600x600.jpg 600w, https:\/\/www.ywjunchi.com\/wp-content\/uploads\/2026\/03\/011-2-150x150.jpg 150w, https:\/\/www.ywjunchi.com\/wp-content\/uploads\/2026\/03\/011-2-768x768.jpg 768w\" sizes=\"(max-width: 800px) 100vw, 800px\" \/><figcaption id=\"caption-attachment-603\" class=\"wp-caption-text\">La luz del pilar E068B incluye una pel\u00edcula hologr\u00e1fica de PET<\/figcaption><\/figure>\n<h2>Aplicaciones espec\u00edficas<\/h2>\n<p>Gracias a su exclusivo efecto de haz de luz horizontal cepillado, su ancho est\u00e1ndar de 820 mm y su compatibilidad con m\u00faltiples procesos,<\/p>\n<p>El E068B es ideal para:<\/p>\n<p>Cart\u00f3n hologr\u00e1fico: Laminado con papel para producir cart\u00f3n hologr\u00e1fico de alta calidad, la materia prima fundamental para los envases de alta gama.<\/p>\n<p>Proyectos de impresi\u00f3n offset UV: Adecuados para procesos de impresi\u00f3n offset UV, ideales para imprimir en superficies de cajas de cosm\u00e9ticos y otros envases de alta gama.<\/p>\n<p>Cajas para cosm\u00e9ticos: Material base para la fabricaci\u00f3n de cajas de cosm\u00e9ticos: su grosor de 16 \u03bcm permite el plegado y el moldeado de la caja, mientras que el efecto de vetas horizontales cepilladas aporta un toque elegante y exclusivo al empaque de los cosm\u00e9ticos.<\/p>\n<h2>\u00bfPor qu\u00e9 elegir el YWJUNCHI E068B?<\/h2>\n<p><strong>Ventaja est\u00e9tica \u00fanica<\/strong>:K LASER E068B: haz de luz horizontal cepillado de dise\u00f1o exclusivo, que combina una textura cepillada de primera calidad con una luz horizontal din\u00e1mica, lo que lo distingue de las pel\u00edculas hologr\u00e1ficas est\u00e1ndar.<\/p>\n<p><strong>Ancho estandarizado<\/strong>:El ancho m\u00e1ximo de 820 mm se adapta a los equipos habituales de empaque e impresi\u00f3n, lo que garantiza la eficiencia de la producci\u00f3n y minimiza el desperdicio de material.<\/p>\n<p><strong>Especializaci\u00f3n en PET<\/strong>:Dise\u00f1ado con material PET sin costuras para garantizar el respeto al medio ambiente, la estabilidad y un alto rendimiento; ideal para marcas de alta gama y comprometidas con el medio ambiente.<\/p>\n<p><strong>Compatibilidad con m\u00faltiples procesos<\/strong>:Optimizado para el laminado, la impresi\u00f3n y la fabricaci\u00f3n de cajas de cosm\u00e9ticos, lo que elimina la necesidad de utilizar varios tipos de pel\u00edcula.<\/p>\n<p><strong>Control de calidad<\/strong>:M\u00e1s de 20 a\u00f1os de experiencia en fabricaci\u00f3n, pruebas rigurosas para garantizar la uniformidad de los patrones, el rendimiento de los materiales y la adaptabilidad en el procesamiento; cumple con el reglamento REACH de la UE y las normas medioambientales chinas.<\/p>\n<p><strong>Asistencia para la personalizaci\u00f3n<\/strong>: Grosor fijo de 16 \u03bcm (optimizado para usos b\u00e1sicos), tono de color personalizable (plata, oro, metalizado transparente ZNS) y elementos de seguridad opcionales para adaptarse a las necesidades de producci\u00f3n de cajas cosm\u00e9ticas y cart\u00f3n hologr\u00e1fico.<\/p>\n<figure id=\"attachment_601\" aria-describedby=\"caption-attachment-601\" style=\"width: 800px\" class=\"wp-caption alignnone\"><img loading=\"lazy\" decoding=\"async\" class=\"size-full wp-image-601\" src=\"https:\/\/www.ywjunchi.com\/wp-content\/uploads\/2026\/03\/011-1.jpg\" alt=\"La luz del pilar E068B incluye una l\u00e1mina hologr\u00e1fica de PET\" width=\"800\" height=\"800\" srcset=\"https:\/\/www.ywjunchi.com\/wp-content\/uploads\/2026\/03\/011-1.jpg 800w, https:\/\/www.ywjunchi.com\/wp-content\/uploads\/2026\/03\/011-1-300x300.jpg 300w, https:\/\/www.ywjunchi.com\/wp-content\/uploads\/2026\/03\/011-1-100x100.jpg 100w, https:\/\/www.ywjunchi.com\/wp-content\/uploads\/2026\/03\/011-1-600x600.jpg 600w, https:\/\/www.ywjunchi.com\/wp-content\/uploads\/2026\/03\/011-1-150x150.jpg 150w, https:\/\/www.ywjunchi.com\/wp-content\/uploads\/2026\/03\/011-1-768x768.jpg 768w\" sizes=\"(max-width: 800px) 100vw, 800px\" \/><figcaption id=\"caption-attachment-601\" class=\"wp-caption-text\">La luz del pilar E068B incluye una l\u00e1mina hologr\u00e1fica de PET<\/figcaption><\/figure>\n<h2>\u00bfPreguntas frecuentes?<\/h2>\n<p><strong>\u00bfCu\u00e1l es la ventaja del dise\u00f1o de haz de luz horizontal difuminado para sus aplicaciones principales?<\/strong>Ofrece una textura cepillada de alta calidad y sofisticada, combinada con un elegante efecto de luz horizontal \u2014no deslumbrante, agradable al tacto y perfecto para cart\u00f3n hologr\u00e1fico y cajas de cosm\u00e9ticos que requieren una imagen de marca premium sutil pero llamativa.<\/p>\n<p><strong>\u00bfSe puede utilizar el E068B para la producci\u00f3n de etiquetas adhesivas a alta velocidad?<\/strong>S\u00ed. Sus propiedades antiadherentes y antiest\u00e1ticas garantizan una alimentaci\u00f3n fluida en las m\u00e1quinas etiquetadoras, lo que permite el troquelado y la aplicaci\u00f3n de adhesivo a alta velocidad sin atascos ni acumulaci\u00f3n de polvo.<\/p>\n<p><strong>\u00bfEn qu\u00e9 se diferencia el modelo E068B del K209A (l\u00e1mpara de pilar horizontal peque\u00f1a)?<\/strong><\/p>\n<table>\n<tbody>\n<tr>\n<td width=\"110\">Modelo<\/td>\n<td width=\"110\">Dise\u00f1o b\u00e1sico<\/td>\n<td width=\"110\">Ancho<\/td>\n<td width=\"141\">Rasgo visual clave<\/td>\n<td width=\"122\">Punto fuerte<\/td>\n<\/tr>\n<tr>\n<td width=\"110\">E068B<\/td>\n<td width=\"110\">K LASER E068B (acabado cepillado)<\/td>\n<td width=\"110\">820 mm<\/td>\n<td width=\"141\">Foco horizontal con acabado cepillado<\/td>\n<td width=\"122\">Textura cepillada de alta calidad + Efecto de luz elegante<\/td>\n<\/tr>\n<tr>\n<td width=\"110\">K209A<\/td>\n<td width=\"110\">Peque\u00f1a l\u00e1mpara de pie horizontal<\/td>\n<td width=\"110\">900 mm<\/td>\n<td width=\"141\">Matriz de luces con pilares horizontales peque\u00f1os y densos<\/td>\n<td width=\"122\">Matriz luminosa delicada y de alta densidad<\/td>\n<\/tr>\n<\/tbody>\n<\/table>\n<p>Eleve el nivel de su marca con el exclusivo efecto hologr\u00e1fico de haz de luz horizontal cepillado del modelo E068B: YWJUNCHI ofrece una calidad superior, adaptabilidad para m\u00faltiples usos y una eficiencia estandarizada, todo ello dise\u00f1ado a la medida de sus necesidades de empaque e impresi\u00f3n de alta gama. \u00a1Muestras gratuitas disponibles para probar!<\/p>\n<p>YWJUNCHI E068B \u2013 \u00a1Donde la sofisticaci\u00f3n del acabado cepillado se une al resplandor de la luz horizontal!<\/p>","protected":false},"excerpt":{"rendered":"<p>La luminaria de pilar sin juntas E068B incluye una l\u00e1mina hologr\u00e1fica de PET con l\u00edneas, con un ancho m\u00e1ximo de 820 mm.<\/p>","protected":false},"featured_media":601,"comment_status":"open","ping_status":"closed","template":"","meta":[],"product_brand":[],"product_cat":[17],"product_tag":[51,52],"class_list":{"0":"post-214","1":"product","2":"type-product","3":"status-publish","4":"has-post-thumbnail","6":"product_cat-holographic-film","7":"product_tag-e068b-pillar-light-with-line-hologram-film","8":"product_tag-z10-lightbeem-include-line-pet-holographic-film","10":"first","11":"instock","12":"shipping-taxable","13":"product-type-simple"},"_links":{"self":[{"href":"https:\/\/www.ywjunchi.com\/es\/wp-json\/wp\/v2\/product\/214","targetHints":{"allow":["GET"]}}],"collection":[{"href":"https:\/\/www.ywjunchi.com\/es\/wp-json\/wp\/v2\/product"}],"about":[{"href":"https:\/\/www.ywjunchi.com\/es\/wp-json\/wp\/v2\/types\/product"}],"replies":[{"embeddable":true,"href":"https:\/\/www.ywjunchi.com\/es\/wp-json\/wp\/v2\/comments?post=214"}],"wp:featuredmedia":[{"embeddable":true,"href":"https:\/\/www.ywjunchi.com\/es\/wp-json\/wp\/v2\/media\/601"}],"wp:attachment":[{"href":"https:\/\/www.ywjunchi.com\/es\/wp-json\/wp\/v2\/media?parent=214"}],"wp:term":[{"taxonomy":"product_brand","embeddable":true,"href":"https:\/\/www.ywjunchi.com\/es\/wp-json\/wp\/v2\/product_brand?post=214"},{"taxonomy":"product_cat","embeddable":true,"href":"https:\/\/www.ywjunchi.com\/es\/wp-json\/wp\/v2\/product_cat?post=214"},{"taxonomy":"product_tag","embeddable":true,"href":"https:\/\/www.ywjunchi.com\/es\/wp-json\/wp\/v2\/product_tag?post=214"}],"curies":[{"name":"wp","href":"https:\/\/api.w.org\/{rel}","templated":true}]}}