{"id":203,"date":"2026-03-17T07:28:33","date_gmt":"2026-03-17T07:28:33","guid":{"rendered":"https:\/\/www.ywjunchi.com\/?post_type=product&#038;p=203"},"modified":"2026-04-29T02:05:53","modified_gmt":"2026-04-29T02:05:53","slug":"lamina-holografica-k254-pillar-milky-way","status":"publish","type":"product","link":"https:\/\/www.ywjunchi.com\/es\/product\/k254-pillar-milkway-holographic-film\/","title":{"rendered":"L\u00e1mina hologr\u00e1fica K254 Pillar Milky Way"},"content":{"rendered":"<p>La empresa YIWU JUNCHI PACKAGING MATERIAL, con m\u00e1s de 20 a\u00f1os de experiencia especializada en la fabricaci\u00f3n de pel\u00edculas hologr\u00e1ficas, se dedica a suministrar materiales de empaque hologr\u00e1ficos de alta calidad. Suministramos principalmente papel hologr\u00e1fico de transferencia, cart\u00f3n hologr\u00e1fico para laminaci\u00f3n y la destacada pel\u00edcula hologr\u00e1fica sin costuras YWJUNCHI K254, cubriendo las diversas necesidades de empaque de distintas industrias.<\/p>\n<p><strong>K254: L\u00e1mina hologr\u00e1fica sin costuras para mascotas, con efecto de luz en forma de pilares en direcci\u00f3n horizontal y una imagen hologr\u00e1fica de la V\u00eda L\u00e1ctea.<\/strong><\/p>\n<p><strong>Fabricaci\u00f3n<\/strong>:Empresa de materiales de embalaje YIWU JUNCHI<\/p>\n<p><strong>Par\u00e1metros clave<\/strong>:<\/p>\n<p>Espesor: 16 micras<\/p>\n<p>Ancho m\u00e1ximo: 900 mm<\/p>\n<p>Usos: laminado y transferencia, para la fabricaci\u00f3n de papel hologr\u00e1fico<\/p>\n<p>Experiencia en producci\u00f3n: m\u00e1s de 20 a\u00f1os de fabricaci\u00f3n especializada de pel\u00edculas hologr\u00e1ficas (calidad fiable garantizada por una amplia experiencia en el sector y una tecnolog\u00eda de producci\u00f3n consolidada)<\/p>\n<figure id=\"attachment_587\" aria-describedby=\"caption-attachment-587\" style=\"width: 800px\" class=\"wp-caption alignnone\"><img fetchpriority=\"high\" decoding=\"async\" class=\"size-full wp-image-587\" src=\"https:\/\/www.ywjunchi.com\/wp-content\/uploads\/2026\/03\/007-2.jpg\" alt=\"L\u00e1mina hologr\u00e1fica K254 Pillar Milky Way\" width=\"800\" height=\"800\" srcset=\"https:\/\/www.ywjunchi.com\/wp-content\/uploads\/2026\/03\/007-2.jpg 800w, https:\/\/www.ywjunchi.com\/wp-content\/uploads\/2026\/03\/007-2-300x300.jpg 300w, https:\/\/www.ywjunchi.com\/wp-content\/uploads\/2026\/03\/007-2-100x100.jpg 100w, https:\/\/www.ywjunchi.com\/wp-content\/uploads\/2026\/03\/007-2-600x600.jpg 600w, https:\/\/www.ywjunchi.com\/wp-content\/uploads\/2026\/03\/007-2-150x150.jpg 150w, https:\/\/www.ywjunchi.com\/wp-content\/uploads\/2026\/03\/007-2-768x768.jpg 768w\" sizes=\"(max-width: 800px) 100vw, 800px\" \/><figcaption id=\"caption-attachment-587\" class=\"wp-caption-text\">L\u00e1mina hologr\u00e1fica K254 Pillar Milky Way<\/figcaption><\/figure>\n<h2>\u00bfPor qu\u00e9 el K254 es una opci\u00f3n hologr\u00e1fica tan vers\u00e1til?<\/h2>\n<p><strong>Dise\u00f1o de doble maestr\u00eda y artesan\u00eda hologr\u00e1fica avanzada<\/strong><\/p>\n<p>Creada mediante una tecnolog\u00eda de doble n\u00facleo de primera calidad \u2014el relieve hologr\u00e1fico\u2014, la serie K254 presenta patrones hologr\u00e1ficos din\u00e1micos de alta definici\u00f3n con microestructuras y nanoestructuras ultrafinas (resoluci\u00f3n \u22654000 ppp).Esta integraci\u00f3n de doble tecnolog\u00eda combina la est\u00e9tica de los patrones cl\u00e1sicos de Zhongjia con la avanzada tecnolog\u00eda de interferencia de luz de K LASER, creando un efecto hologr\u00e1fico visualmente distintivo y dif\u00edcil de replicar que mejora el rendimiento de la protecci\u00f3n contra la falsificaci\u00f3n del producto y su atractivo de alta gama.La estructura verdaderamente sin costuras garantiza una claridad y un brillo uniformes del patr\u00f3n a lo largo de todo el ancho ultraamplio de 1120 mm, sin huecos de empalme ni interrupciones del patr\u00f3n, incluso en el procesamiento de gran formato, lo que mejora de manera efectiva la eficiencia de la producci\u00f3n y el rendimiento del producto.<\/p>\n<figure id=\"attachment_588\" aria-describedby=\"caption-attachment-588\" style=\"width: 800px\" class=\"wp-caption alignnone\"><img decoding=\"async\" class=\"size-full wp-image-588\" src=\"https:\/\/www.ywjunchi.com\/wp-content\/uploads\/2026\/03\/007-3.jpg\" alt=\"L\u00e1mina hologr\u00e1fica K254 Pillar Milky Way\" width=\"800\" height=\"800\" srcset=\"https:\/\/www.ywjunchi.com\/wp-content\/uploads\/2026\/03\/007-3.jpg 800w, https:\/\/www.ywjunchi.com\/wp-content\/uploads\/2026\/03\/007-3-300x300.jpg 300w, https:\/\/www.ywjunchi.com\/wp-content\/uploads\/2026\/03\/007-3-100x100.jpg 100w, https:\/\/www.ywjunchi.com\/wp-content\/uploads\/2026\/03\/007-3-600x600.jpg 600w, https:\/\/www.ywjunchi.com\/wp-content\/uploads\/2026\/03\/007-3-150x150.jpg 150w, https:\/\/www.ywjunchi.com\/wp-content\/uploads\/2026\/03\/007-3-768x768.jpg 768w\" sizes=\"(max-width: 800px) 100vw, 800px\" \/><figcaption id=\"caption-attachment-588\" class=\"wp-caption-text\">L\u00e1mina hologr\u00e1fica K254 Pillar Milky Way<\/figcaption><\/figure>\n<p><strong>Ventajas principales: flexibilidad gracias al uso de dos materiales y adaptabilidad a m\u00faltiples usos<\/strong><\/p>\n<p>Ventajas del material: La serie K254 utiliza PET sin costuras de alta calidad, que se caracteriza por sus propiedades f\u00edsicas estables, su excelente rendimiento en laminaci\u00f3n y transferencia, y su buena compatibilidad con el procesamiento del papel. Est\u00e1 especialmente dise\u00f1ada para la fabricaci\u00f3n de papel hologr\u00e1fico, lo que garantiza un efecto hologr\u00e1fico n\u00edtido y una uni\u00f3n firme con el papel, sentando as\u00ed una base s\u00f3lida para la posterior producci\u00f3n de envases.<\/p>\n<p>Adaptabilidad a m\u00faltiples usos: El producto es perfectamente compatible con tres m\u00e9todos de procesamiento principales: laminado, impresi\u00f3n y producci\u00f3n de etiquetas adhesivas. En aplicaciones de laminado, se adhiere perfectamente al papel o al cart\u00f3n, mejorando la textura y las propiedades antifalsificaci\u00f3n de la superficie del empaque; en aplicaciones de impresi\u00f3n,se adapta bien a las tecnolog\u00edas de impresi\u00f3n UV, offset y flexogr\u00e1fica, garantizando patrones de impresi\u00f3n n\u00edtidos, un secado r\u00e1pido de la tinta y la ausencia de manchas, lo que resuelve los problemas de impresi\u00f3n comunes de los materiales hologr\u00e1ficos tradicionales; en la producci\u00f3n de etiquetas adhesivas, puede procesarse en diversas especificaciones de etiquetas hologr\u00e1ficas, adecuadas para el marcado de productos, la identificaci\u00f3n de marcas y otros escenarios, con una gran aplicabilidad.<\/p>\n<figure id=\"attachment_586\" aria-describedby=\"caption-attachment-586\" style=\"width: 800px\" class=\"wp-caption alignnone\"><img decoding=\"async\" class=\"size-full wp-image-586\" src=\"https:\/\/www.ywjunchi.com\/wp-content\/uploads\/2026\/03\/007-1.jpg\" alt=\"L\u00e1mina hologr\u00e1fica K254 Pillar Milky Way\" width=\"800\" height=\"800\" srcset=\"https:\/\/www.ywjunchi.com\/wp-content\/uploads\/2026\/03\/007-1.jpg 800w, https:\/\/www.ywjunchi.com\/wp-content\/uploads\/2026\/03\/007-1-300x300.jpg 300w, https:\/\/www.ywjunchi.com\/wp-content\/uploads\/2026\/03\/007-1-100x100.jpg 100w, https:\/\/www.ywjunchi.com\/wp-content\/uploads\/2026\/03\/007-1-600x600.jpg 600w, https:\/\/www.ywjunchi.com\/wp-content\/uploads\/2026\/03\/007-1-150x150.jpg 150w, https:\/\/www.ywjunchi.com\/wp-content\/uploads\/2026\/03\/007-1-768x768.jpg 768w\" sizes=\"(max-width: 800px) 100vw, 800px\" \/><figcaption id=\"caption-attachment-586\" class=\"wp-caption-text\">L\u00e1mina hologr\u00e1fica K254 Pillar Milky Way<\/figcaption><\/figure>\n<h2>Otros productos principales<\/h2>\n<p><strong>Papel hologr\u00e1fico de transferencia y cart\u00f3n hologr\u00e1fico laminado<\/strong><\/p>\n<p>Nuestro papel hologr\u00e1fico de transferencia y nuestro cart\u00f3n hologr\u00e1fico laminado presentan un impresionante efecto iridiscente en tonos arco\u00edris que cambia seg\u00fan el \u00e1ngulo de visi\u00f3n, lo que aporta un aspecto exclusivo y llamativo al empaque de los productos, adem\u00e1s de ofrecer ciertos efectos antifalsificaci\u00f3n similares a los de las pel\u00edculas hologr\u00e1ficas.<\/p>\n<p><strong>Especificaciones del producto<\/strong>:<\/p>\n<p>Grosor: 82 g\/m\u00b2 - 232 g\/m\u00b2 (disponible en una amplia gama de especificaciones para satisfacer diversas necesidades de empaque)<\/p>\n<p>Ancho: 788 mm (tama\u00f1o est\u00e1ndar, adecuado para la producci\u00f3n en serie y el procesamiento)<\/p>\n<p>T\u00e9cnica de impresi\u00f3n aplicable: Impresi\u00f3n offset UV (el m\u00e9todo de impresi\u00f3n \u00f3ptimo para materiales hologr\u00e1ficos, ya que garantiza un secado r\u00e1pido de la tinta y resultados de impresi\u00f3n de alta calidad, evitando que la tinta se corra sobre la superficie reflectante)<\/p>\n<figure id=\"attachment_589\" aria-describedby=\"caption-attachment-589\" style=\"width: 800px\" class=\"wp-caption alignnone\"><img loading=\"lazy\" decoding=\"async\" class=\"size-full wp-image-589\" src=\"https:\/\/www.ywjunchi.com\/wp-content\/uploads\/2026\/03\/007-4.jpg\" alt=\"L\u00e1mina hologr\u00e1fica K254 Pillar Milky Way\" width=\"800\" height=\"800\" srcset=\"https:\/\/www.ywjunchi.com\/wp-content\/uploads\/2026\/03\/007-4.jpg 800w, https:\/\/www.ywjunchi.com\/wp-content\/uploads\/2026\/03\/007-4-300x300.jpg 300w, https:\/\/www.ywjunchi.com\/wp-content\/uploads\/2026\/03\/007-4-100x100.jpg 100w, https:\/\/www.ywjunchi.com\/wp-content\/uploads\/2026\/03\/007-4-600x600.jpg 600w, https:\/\/www.ywjunchi.com\/wp-content\/uploads\/2026\/03\/007-4-150x150.jpg 150w, https:\/\/www.ywjunchi.com\/wp-content\/uploads\/2026\/03\/007-4-768x768.jpg 768w\" sizes=\"(max-width: 800px) 100vw, 800px\" \/><figcaption id=\"caption-attachment-589\" class=\"wp-caption-text\">L\u00e1mina hologr\u00e1fica K254 Pillar Milky Way<\/figcaption><\/figure>\n<p><strong>Casos de uso<\/strong>:<\/p>\n<p>Estos dos productos se utilizan principalmente para fabricar cajas de papel hologr\u00e1fico, que se emplean ampliamente en el empaque de productos de alta gama, como cosm\u00e9ticos, pasta de dientes, cigarrillos y otros. El acabado hologr\u00e1fico realza el atractivo visual del producto en el estante y crea una experiencia de desembalaje lujosa, lo que ayuda a las marcas a destacar en un mercado competitivo.<\/p>","protected":false},"excerpt":{"rendered":"<p>L\u00e1mpara de pilar horizontal K254 con l\u00e1mina hologr\u00e1fica \u00abV\u00eda L\u00e1ctea\u00bb, haz de luz horizontal, ancho m\u00e1ximo de 900 mm.<\/p>","protected":false},"featured_media":586,"comment_status":"open","ping_status":"closed","template":"","meta":[],"product_brand":[],"product_cat":[17],"product_tag":[38],"class_list":{"0":"post-203","1":"product","2":"type-product","3":"status-publish","4":"has-post-thumbnail","6":"product_cat-holographic-film","7":"product_tag-pillar-milky-way-holographic-film","9":"first","10":"instock","11":"shipping-taxable","12":"product-type-simple"},"_links":{"self":[{"href":"https:\/\/www.ywjunchi.com\/es\/wp-json\/wp\/v2\/product\/203","targetHints":{"allow":["GET"]}}],"collection":[{"href":"https:\/\/www.ywjunchi.com\/es\/wp-json\/wp\/v2\/product"}],"about":[{"href":"https:\/\/www.ywjunchi.com\/es\/wp-json\/wp\/v2\/types\/product"}],"replies":[{"embeddable":true,"href":"https:\/\/www.ywjunchi.com\/es\/wp-json\/wp\/v2\/comments?post=203"}],"wp:featuredmedia":[{"embeddable":true,"href":"https:\/\/www.ywjunchi.com\/es\/wp-json\/wp\/v2\/media\/586"}],"wp:attachment":[{"href":"https:\/\/www.ywjunchi.com\/es\/wp-json\/wp\/v2\/media?parent=203"}],"wp:term":[{"taxonomy":"product_brand","embeddable":true,"href":"https:\/\/www.ywjunchi.com\/es\/wp-json\/wp\/v2\/product_brand?post=203"},{"taxonomy":"product_cat","embeddable":true,"href":"https:\/\/www.ywjunchi.com\/es\/wp-json\/wp\/v2\/product_cat?post=203"},{"taxonomy":"product_tag","embeddable":true,"href":"https:\/\/www.ywjunchi.com\/es\/wp-json\/wp\/v2\/product_tag?post=203"}],"curies":[{"name":"wp","href":"https:\/\/api.w.org\/{rel}","templated":true}]}}