{"id":180,"date":"2026-03-17T09:07:43","date_gmt":"2026-03-17T09:07:43","guid":{"rendered":"https:\/\/www.ywjunchi.com\/?post_type=product&#038;p=180"},"modified":"2026-04-30T06:02:42","modified_gmt":"2026-04-30T06:02:42","slug":"lamina-holografica-z37-para-mascotas","status":"publish","type":"product","link":"https:\/\/www.ywjunchi.com\/es\/product\/z37-pet-holographic-film\/","title":{"rendered":"L\u00e1mina hologr\u00e1fica Z37 para mascotas"},"content":{"rendered":"<h2>L\u00e1mina hologr\u00e1fica de PET sin costuras Z37 con efecto arco\u00edris<\/h2>\n<div class=\"ds-scroll-area ds-scroll-area--show-on-focus-within _1210dd7 c03cafe9\">\n<table>\n<thead>\n<tr>\n<th style=\"text-align: left;\"><strong>Especificaciones<\/strong><\/th>\n<th><strong>Detalles<\/strong><\/th>\n<\/tr>\n<\/thead>\n<tbody>\n<tr>\n<td><strong>Marca<\/strong><\/td>\n<td>YIWU JUNCHI MATERIALES DE EMBALAJE<\/td>\n<\/tr>\n<tr>\n<td><strong>Especificaciones b\u00e1sicas<\/strong><\/td>\n<td>Serie Z37 (dise\u00f1o arco\u00edris, acabado plateado brillante)<\/td>\n<\/tr>\n<tr>\n<td><strong>Caracter\u00edstica principal<\/strong><\/td>\n<td>Color similar al de la pel\u00edcula hologr\u00e1fica sin costuras de K Laser<\/td>\n<\/tr>\n<tr>\n<td><strong>Efectos clave<\/strong><\/td>\n<td>Opciones de laminado y transferencia<\/td>\n<\/tr>\n<tr>\n<td><strong>Ancho m\u00e1ximo<\/strong><\/td>\n<td>830 mm<\/td>\n<\/tr>\n<tr>\n<td><strong>Experiencia en producci\u00f3n<\/strong><\/td>\n<td>M\u00e1s de 20 a\u00f1os de experiencia en fabricaci\u00f3n especializada<\/td>\n<\/tr>\n<\/tbody>\n<\/table>\n<\/div>\n<hr \/>\n<figure id=\"attachment_577\" aria-describedby=\"caption-attachment-577\" style=\"width: 800px\" class=\"wp-caption alignnone\"><img fetchpriority=\"high\" decoding=\"async\" class=\"size-full wp-image-577\" src=\"https:\/\/www.ywjunchi.com\/wp-content\/uploads\/2026\/03\/010-2.jpg\" alt=\"L\u00e1mina hologr\u00e1fica sin costuras \u00abRainbow Pet\u00bb z37\" width=\"800\" height=\"800\" srcset=\"https:\/\/www.ywjunchi.com\/wp-content\/uploads\/2026\/03\/010-2.jpg 800w, https:\/\/www.ywjunchi.com\/wp-content\/uploads\/2026\/03\/010-2-300x300.jpg 300w, https:\/\/www.ywjunchi.com\/wp-content\/uploads\/2026\/03\/010-2-100x100.jpg 100w, https:\/\/www.ywjunchi.com\/wp-content\/uploads\/2026\/03\/010-2-600x600.jpg 600w, https:\/\/www.ywjunchi.com\/wp-content\/uploads\/2026\/03\/010-2-150x150.jpg 150w, https:\/\/www.ywjunchi.com\/wp-content\/uploads\/2026\/03\/010-2-768x768.jpg 768w\" sizes=\"(max-width: 800px) 100vw, 800px\" \/><figcaption id=\"caption-attachment-577\" class=\"wp-caption-text\">L\u00e1mina hologr\u00e1fica sin costuras \u00abRainbow Pet\u00bb z37<\/figcaption><\/figure>\n<h2>\u00bfQu\u00e9 hace que la pel\u00edcula hologr\u00e1fica de PET sin costuras Z37 sea \u00fanica?<\/h2>\n<h3>Est\u00e9tica distintiva y producci\u00f3n esencial<\/h3>\n<p class=\"ds-markdown-paragraph\">Fabricada mediante una tecnolog\u00eda de recubrimiento de precisi\u00f3n y relieve hologr\u00e1fico, la serie Z37 presenta un impresionante dise\u00f1o arco\u00edris con tonos plateados brillantes, que refleja el aspecto de alta calidad de la pel\u00edcula hologr\u00e1fica sin costuras de K Laser. El efecto l\u00e1ser se personaliza mediante placas de moldeo, aprovechando los principios de amplificaci\u00f3n de luz por emisi\u00f3n estimulada para ofrecer patrones n\u00edtidos y uniformes (incluido el acabado l\u00e1ser de superficie lisa).<\/p>\n<h3>Caracter\u00edsticas \u00fanicas (dise\u00f1adas espec\u00edficamente para el Z37)<\/h3>\n<p class=\"ds-markdown-paragraph\">Excelencia en la lucha contra la falsificaci\u00f3n: exclusivos patrones hologr\u00e1ficos plateados con efecto arco\u00edris + tecnolog\u00eda de texto l\u00e1ser en hueco (mediante grabado en la capa de PET) para eliminar la falsificaci\u00f3n.<\/p>\n<p class=\"ds-markdown-paragraph\">Ecol\u00f3gico y duradero: ecol\u00f3gico, no t\u00f3xico y muy resistente a la erosi\u00f3n de la tinta, al vapor de agua y al di\u00f3xido de carbono.<\/p>\n<p class=\"ds-markdown-paragraph\">Alto rendimiento: brillo excepcional (ideal para envases de productos ahumados), propiedades antiest\u00e1ticas, antiadherencia y excelente adaptabilidad a la maquinaria, lo que lo hace perfecto para l\u00edneas de envasado de alta velocidad.<\/p>\n<p class=\"ds-markdown-paragraph\">Estabilidad: Resiste altas temperaturas y mantiene una excelente solidez del color; su superficie lisa y transparente garantiza unos resultados de impresi\u00f3n impecables.<\/p>\n<h3>Estructura de capas:<\/h3>\n<p class=\"ds-markdown-paragraph\"><strong>Capa de recubrimiento opaca \u2192 Capa de reflexi\u00f3n plana \u2192 Capa de transmisi\u00f3n de PET \u2192 Capa de reflexi\u00f3n difusa \u2192 (Repetir para un efecto mejorado)<\/strong><\/p>\n<p class=\"ds-markdown-paragraph\">Este dise\u00f1o de reflexi\u00f3n de doble capa realza el efecto hologr\u00e1fico plateado con reflejos iridiscentes del Z37, creando un brillo intenso y llamativo que se aprecia directamente bajo la luz natural, lo que realza el aspecto lujoso del empaque del producto.<\/p>\n<figure id=\"attachment_578\" aria-describedby=\"caption-attachment-578\" style=\"width: 800px\" class=\"wp-caption alignnone\"><img decoding=\"async\" class=\"size-full wp-image-578\" src=\"https:\/\/www.ywjunchi.com\/wp-content\/uploads\/2026\/03\/010-1.jpg\" alt=\"L\u00e1mina hologr\u00e1fica para mascotas \u00abz37\u00bb sin costuras con dise\u00f1o arco\u00edris\" width=\"800\" height=\"800\" srcset=\"https:\/\/www.ywjunchi.com\/wp-content\/uploads\/2026\/03\/010-1.jpg 800w, https:\/\/www.ywjunchi.com\/wp-content\/uploads\/2026\/03\/010-1-300x300.jpg 300w, https:\/\/www.ywjunchi.com\/wp-content\/uploads\/2026\/03\/010-1-100x100.jpg 100w, https:\/\/www.ywjunchi.com\/wp-content\/uploads\/2026\/03\/010-1-600x600.jpg 600w, https:\/\/www.ywjunchi.com\/wp-content\/uploads\/2026\/03\/010-1-150x150.jpg 150w, https:\/\/www.ywjunchi.com\/wp-content\/uploads\/2026\/03\/010-1-768x768.jpg 768w\" sizes=\"(max-width: 800px) 100vw, 800px\" \/><figcaption id=\"caption-attachment-578\" class=\"wp-caption-text\">L\u00e1mina hologr\u00e1fica para mascotas \u00abz37\u00bb sin costuras con dise\u00f1o arco\u00edris<\/figcaption><\/figure>\n<hr \/>\n<h2>Aplicaciones vers\u00e1tiles<\/h2>\n<p class=\"ds-markdown-paragraph\">La pel\u00edcula hologr\u00e1fica Z37 PET es la mejor opci\u00f3n para:<\/p>\n<p class=\"ds-markdown-paragraph\">Empaques de consumo: cajas de tabaco, empaques para mascarillas, cajas de cosm\u00e9ticos, etiquetas para alimentos y bebidas (destaca en l\u00edneas de productos de alta gama).<\/p>\n<p class=\"ds-markdown-paragraph\">Empaques de alta gama: cajas de regalo especiales, bolsos (laminados sobre papel o cartulina para un acabado de lujo).<\/p>\n<p class=\"ds-markdown-paragraph\">Embalaje flexible: rollos para m\u00e1quinas de formado, llenado y sellado (FFS), bolsas precintadas prefabricadas.<\/p>\n<p class=\"ds-markdown-paragraph\">Mejora de la marca: Combina un atractivo visual plateado con reflejos iridiscentes y protecci\u00f3n contra la falsificaci\u00f3n para potenciar el reconocimiento de la marca y la confianza.<\/p>\n<hr \/>\n<h2>\u00bfPor qu\u00e9 elegir el YWJUNCHI Z37?<\/h2>\n<p class=\"ds-markdown-paragraph\">1. Dise\u00f1o especializado: El acabado plateado con efectos iridiscentes del Z37 reproduce la est\u00e9tica del holograma sin costuras de K Laser a un precio asequible.<\/p>\n<p class=\"ds-markdown-paragraph\">2. Liderazgo en el sector: principal fabricante de pel\u00edculas hologr\u00e1ficas de PET en China, con la confianza de distribuidores y marcas de todo el mundo.<\/p>\n<p class=\"ds-markdown-paragraph\">3. Personalizaci\u00f3n: dise\u00f1os, colores, grosores y tama\u00f1os flexibles; se adaptan a los requisitos de OEM\/ODM para necesidades de empaque espec\u00edficas.<\/p>\n<p class=\"ds-markdown-paragraph\">4. Garant\u00eda de calidad: Un equipo profesional de supervisi\u00f3n de la fabricaci\u00f3n garantiza una estabilidad y fiabilidad constantes; cumple con las normas internacionales de calidad.<\/p>\n<p class=\"ds-markdown-paragraph\">5. Respetuoso con el medio ambiente: los materiales sostenibles desde el punto de vista medioambiental se ajustan a las tendencias mundiales en materia de empaques ecol\u00f3gicos.<\/p>\n<p class=\"ds-markdown-paragraph\">6. Rentabilidad: con m\u00e1s de 20 a\u00f1os de experiencia, ofrecemos soluciones optimizadas a precios competitivos sin comprometer la calidad.<\/p>\n<p class=\"ds-markdown-paragraph\">7. Orientaci\u00f3n al cliente: equipos especializados de I+D e ingenier\u00eda para satisfacer las necesidades espec\u00edficas de los clientes; enfoque en las relaciones comerciales a largo plazo.<\/p>\n<figure id=\"attachment_579\" aria-describedby=\"caption-attachment-579\" style=\"width: 800px\" class=\"wp-caption alignnone\"><img decoding=\"async\" class=\"size-full wp-image-579\" src=\"https:\/\/www.ywjunchi.com\/wp-content\/uploads\/2026\/03\/010-3.jpg\" alt=\"L\u00e1mina hologr\u00e1fica \u00abRainbow Pet\u00bb sin espaciador z37\" width=\"800\" height=\"800\" srcset=\"https:\/\/www.ywjunchi.com\/wp-content\/uploads\/2026\/03\/010-3.jpg 800w, https:\/\/www.ywjunchi.com\/wp-content\/uploads\/2026\/03\/010-3-300x300.jpg 300w, https:\/\/www.ywjunchi.com\/wp-content\/uploads\/2026\/03\/010-3-100x100.jpg 100w, https:\/\/www.ywjunchi.com\/wp-content\/uploads\/2026\/03\/010-3-600x600.jpg 600w, https:\/\/www.ywjunchi.com\/wp-content\/uploads\/2026\/03\/010-3-150x150.jpg 150w, https:\/\/www.ywjunchi.com\/wp-content\/uploads\/2026\/03\/010-3-768x768.jpg 768w\" sizes=\"(max-width: 800px) 100vw, 800px\" \/><figcaption id=\"caption-attachment-579\" class=\"wp-caption-text\">L\u00e1mina hologr\u00e1fica \u00abRainbow Pet\u00bb sin espaciador z37<\/figcaption><\/figure>\n<hr \/>\n<h2>Preguntas frecuentes: aspectos destacados (gu\u00eda completa disponible previa solicitud)<\/h2>\n<p class=\"ds-markdown-paragraph\">\u00bfSe puede plastificar? S\u00ed, est\u00e1 optimizado para el plastificado de papel y cartulina con el fin de realzar el aspecto de los empaques de alta calidad.<\/p>\n<p class=\"ds-markdown-paragraph\">\u00bfEs compatible con la impresi\u00f3n UV? Por supuesto, su superficie lisa admite perfectamente la impresi\u00f3n UV sin afectar el efecto hologr\u00e1fico.<\/p>\n<p class=\"ds-markdown-paragraph\">\u00bfBarrera contra la humedad? S\u00ed, resiste eficazmente el vapor de agua para mantener la frescura del producto.<\/p>\n<p class=\"ds-markdown-paragraph\">\u00bfRespetuoso con el medio ambiente? 100%: materiales ecol\u00f3gicos con baja huella de carbono.<\/p>\n<p class=\"ds-markdown-paragraph\">\u00bfCu\u00e1l es la diferencia entre el Z37 y el Z06? El Z37 presenta un dise\u00f1o arco\u00edris plateado (similar al K Laser), mientras que el Z06 utiliza el dise\u00f1o K Laser D38; la anchura m\u00e1xima var\u00eda (830 mm frente a 930 mm) para adaptarse a diversas necesidades de producci\u00f3n. Z06 = arco\u00edris sin costuras est\u00e1ndar; Z37 = arco\u00edris sin costuras m\u00e1s brillante, m\u00e1s lustroso y de mayor calidad (mismas opciones de tama\u00f1o y grosor).<\/p>\n<figure id=\"attachment_580\" aria-describedby=\"caption-attachment-580\" style=\"width: 800px\" class=\"wp-caption alignnone\"><img loading=\"lazy\" decoding=\"async\" class=\"size-full wp-image-580\" src=\"https:\/\/www.ywjunchi.com\/wp-content\/uploads\/2026\/03\/010-4.jpg\" alt=\"L\u00e1mina hologr\u00e1fica \u00abRainbow Pet\u00bb sin espaciador z37\" width=\"800\" height=\"800\" srcset=\"https:\/\/www.ywjunchi.com\/wp-content\/uploads\/2026\/03\/010-4.jpg 800w, https:\/\/www.ywjunchi.com\/wp-content\/uploads\/2026\/03\/010-4-300x300.jpg 300w, https:\/\/www.ywjunchi.com\/wp-content\/uploads\/2026\/03\/010-4-100x100.jpg 100w, https:\/\/www.ywjunchi.com\/wp-content\/uploads\/2026\/03\/010-4-600x600.jpg 600w, https:\/\/www.ywjunchi.com\/wp-content\/uploads\/2026\/03\/010-4-150x150.jpg 150w, https:\/\/www.ywjunchi.com\/wp-content\/uploads\/2026\/03\/010-4-768x768.jpg 768w\" sizes=\"(max-width: 800px) 100vw, 800px\" \/><figcaption id=\"caption-attachment-580\" class=\"wp-caption-text\">L\u00e1mina hologr\u00e1fica \u00abRainbow Pet\u00bb sin espaciador z37<\/figcaption><\/figure>\n<hr \/>\n<p class=\"ds-markdown-paragraph\">Si busca una pel\u00edcula hologr\u00e1fica de PET sin costuras Z37 de alta calidad que combine el lujo de los tonos plateados y arco\u00edris, un rendimiento de primer nivel y protecci\u00f3n contra la falsificaci\u00f3n, conf\u00ede en YWJUNCHI. Ofrecemos soluciones empresariales aut\u00e9nticas y rentables, adaptadas a las necesidades de su sector.<\/p>","protected":false},"excerpt":{"rendered":"<p>L\u00e1mina hologr\u00e1fica para mascotas Z37 con efecto arco\u00edris sin costuras, de 16 micras de grosor y 830 mm de ancho m\u00e1ximo. La Z37 presenta un dise\u00f1o hologr\u00e1fico arco\u00edris en color plateado de mayor brillo. L\u00e1mina hologr\u00e1fica para laminaci\u00f3n y transferencia.<\/p>","protected":false},"featured_media":577,"comment_status":"open","ping_status":"closed","template":"","meta":[],"product_brand":[],"product_cat":[17],"product_tag":[43,44,33,42,39],"class_list":{"0":"post-180","1":"product","2":"type-product","3":"status-publish","4":"has-post-thumbnail","6":"product_cat-holographic-film","7":"product_tag-holographic-lamination-film","8":"product_tag-holographic-transfer-film","9":"product_tag-seamless-pet-holographic-film","10":"product_tag-true-seamless-similiar-color-raibow-hologram-film","11":"product_tag-z37-rainbow-pet-hologram-film","13":"first","14":"instock","15":"shipping-taxable","16":"product-type-simple"},"_links":{"self":[{"href":"https:\/\/www.ywjunchi.com\/es\/wp-json\/wp\/v2\/product\/180","targetHints":{"allow":["GET"]}}],"collection":[{"href":"https:\/\/www.ywjunchi.com\/es\/wp-json\/wp\/v2\/product"}],"about":[{"href":"https:\/\/www.ywjunchi.com\/es\/wp-json\/wp\/v2\/types\/product"}],"replies":[{"embeddable":true,"href":"https:\/\/www.ywjunchi.com\/es\/wp-json\/wp\/v2\/comments?post=180"}],"wp:featuredmedia":[{"embeddable":true,"href":"https:\/\/www.ywjunchi.com\/es\/wp-json\/wp\/v2\/media\/577"}],"wp:attachment":[{"href":"https:\/\/www.ywjunchi.com\/es\/wp-json\/wp\/v2\/media?parent=180"}],"wp:term":[{"taxonomy":"product_brand","embeddable":true,"href":"https:\/\/www.ywjunchi.com\/es\/wp-json\/wp\/v2\/product_brand?post=180"},{"taxonomy":"product_cat","embeddable":true,"href":"https:\/\/www.ywjunchi.com\/es\/wp-json\/wp\/v2\/product_cat?post=180"},{"taxonomy":"product_tag","embeddable":true,"href":"https:\/\/www.ywjunchi.com\/es\/wp-json\/wp\/v2\/product_tag?post=180"}],"curies":[{"name":"wp","href":"https:\/\/api.w.org\/{rel}","templated":true}]}}