{"id":169,"date":"2026-03-17T09:08:08","date_gmt":"2026-03-17T09:08:08","guid":{"rendered":"https:\/\/www.ywjunchi.com\/?post_type=product&#038;p=169"},"modified":"2026-05-01T07:44:14","modified_gmt":"2026-05-01T07:44:14","slug":"lamina-holografica-para-mascotas-z06","status":"publish","type":"product","link":"https:\/\/www.ywjunchi.com\/es\/product\/z06-pet-hologram-film\/","title":{"rendered":"L\u00e1mina hologr\u00e1fica para mascotas Z06"},"content":{"rendered":"<h2><strong>L\u00e1mina hologr\u00e1fica sin costuras Z06 PET Rainbow<\/strong><\/h2>\n<p>Dise\u00f1o hologr\u00e1fico arco\u00edris de la serie Z06, matriz l\u00e1ser K D38.<\/p>\n<p>Ancho m\u00e1ximo: 930 mm<\/p>\n<p class=\"ds-markdown-paragraph\">YWJUNCHI lleva m\u00e1s de dos d\u00e9cadas en el sector. Nuestros ingenieros profesionales se especializan en el desarrollo de pel\u00edculas hologr\u00e1ficas de PET sin costuras que satisfacen las exigencias y expectativas de cada cliente. Nuestros productos, en particular la pel\u00edcula hologr\u00e1fica de PET, son adem\u00e1s respetuosos con el medio ambiente y f\u00e1ciles de usar.<\/p>\n<p class=\"ds-markdown-paragraph\">La pel\u00edcula hologr\u00e1fica YWJUNCHI PET se utiliza en envases que promocionan la marca de una empresa. Permite formar, llenar y sellar envases en rollo o bolsas flexibles prefabricadas con pel\u00edculas hologr\u00e1ficas adheridas a la zona de sellado. Tambi\u00e9n es ideal para envases de consumo, as\u00ed como para cajas de regalo especiales y bolsos, que pueden fabricarse lamin\u00e1ndolas sobre papel o cartulina.<\/p>\n<p class=\"ds-markdown-paragraph\">Nuestro equipo profesional de control de la producci\u00f3n revisa con frecuencia la calidad de su pel\u00edcula hologr\u00e1fica de PET para evaluar su estabilidad y fiabilidad. En China, YWJUNCHI es un reconocido fabricante y proveedor de pel\u00edculas hologr\u00e1ficas de PET. Todos los productos y servicios tienen un precio razonable y son de alta calidad.<\/p>\n<hr \/>\n<h2>Caracter\u00edsticas y ventajas del producto<\/h2>\n<p><strong>Pel\u00edcula hologr\u00e1fica sin costuras PET Rainbow Z06; otros nombres: CP01, CHD38, CPKZ, SA06.<\/strong><\/p>\n<table>\n<thead>\n<tr>\n<th align=\"left\">Par\u00e1metro<\/th>\n<th align=\"left\">Detalles<\/th>\n<\/tr>\n<\/thead>\n<tbody>\n<tr>\n<td align=\"left\">Modelo<\/td>\n<td align=\"left\">Z06<\/td>\n<\/tr>\n<tr>\n<td align=\"left\">Material<\/td>\n<td align=\"left\">PET (polietileno tereftalato), ecol\u00f3gico, dimensionalmente estable<\/td>\n<\/tr>\n<tr>\n<td align=\"left\">Dise\u00f1o<\/td>\n<td align=\"left\"><strong>Hologr\u00e1fico sin costuras arco\u00edris<\/strong> (sin costuras visibles, cambio de color iridiscente seg\u00fan el \u00e1ngulo de visi\u00f3n y la luz, logrado mediante un estampado UV de precisi\u00f3n)<\/td>\n<\/tr>\n<tr>\n<td align=\"left\">Ancho m\u00e1ximo<\/td>\n<td align=\"left\">930 mm<\/td>\n<\/tr>\n<tr>\n<td align=\"left\">Opciones de grosor<\/td>\n<td align=\"left\">16 \u03bcm (delgado, flexible, adecuado para impresi\u00f3n y laminado a alta velocidad); 50 \u03bcm (m\u00e1s grueso, m\u00e1s resistente, ideal para embalajes independientes y decoraci\u00f3n)<\/td>\n<\/tr>\n<tr>\n<td align=\"left\">Longitud est\u00e1ndar del rollo<\/td>\n<td align=\"left\">3000 m\/rollo, 6000 m\/rollo<\/td>\n<\/tr>\n<tr>\n<td align=\"left\">N\u00facleo<\/td>\n<td align=\"left\">Normalmente, con n\u00facleo de papel de 3 o 6 pulgadas para garantizar la compatibilidad con las m\u00e1quinas industriales de corte longitudinal e impresi\u00f3n<\/td>\n<\/tr>\n<\/tbody>\n<\/table>\n<h3>Caracter\u00edsticas principales<\/h3>\n<p>1. Efecto arco\u00edris sin interrupciones: sin repeticiones en el patr\u00f3n, alto brillo y gran atractivo visual.<\/p>\n<p>2. Ventajas del PET: excelente resistencia a la tracci\u00f3n, resistencia qu\u00edmica, estabilidad t\u00e9rmica, reciclable, apto para el contacto con alimentos (cumple con las normas pertinentes cuando se procesa adecuadamente).<\/p>\n<p>3. Procesabilidad: Imprimible (UV, offset, flexograf\u00eda), apta para el recubrimiento, el laminado y la transferencia t\u00e9rmica; buena adherencia de la tinta y buen rendimiento en el troquelado.<\/p>\n<p>4. Potencial antifalsificaci\u00f3n: su estructura hologr\u00e1fica \u00fanica es dif\u00edcil de replicar, por lo que se utiliza a menudo como elemento de seguridad en envases de alta gama.<\/p>\n<p>5, color plateado metalizado; tambi\u00e9n disponible en color transparente ZNS.<\/p>\n<h3>Aplicaciones t\u00edpicas<\/h3>\n<p>Embalajes de alta gama: cajas para cosm\u00e9ticos, etiquetas para vino, cajas de regalo, paquetes de cigarrillos, envases para alimentos (especialmente para productos de confiter\u00eda y chocolate de alta gama)<\/p>\n<p>Impresi\u00f3n y laminado: laminado de papel y cartulina, mejora de carteles y material publicitario, cubiertas de libros<\/p>\n<p>Decoraci\u00f3n y manualidades: transferencias t\u00e9rmicas para textiles, art\u00edculos de papeler\u00eda, decoraciones festivas, pegatinas de seguridad<\/p>\n<p>Usos industriales: L\u00e1mina base para estampado en caliente hologr\u00e1fico, etiquetas antifalsificaci\u00f3n<\/p>\n<h3>Notas sobre las caracter\u00edsticas f\u00edsicas y la manipulaci\u00f3n<\/h3>\n<p>Almacenamiento: Mantener en un lugar seco, fresco y libre de polvo (20 \u00b1 5 \u00b0C, humedad relativa 50 \u00b1 10 %), evitando la luz solar directa y la humedad elevada para prevenir deformaciones o el deterioro del dise\u00f1o.<\/p>\n<p>Temperatura de procesamiento: Apto para laminado en fr\u00edo; si se utiliza laminado o impresi\u00f3n en caliente, controle la temperatura para evitar que el PET se contraiga (normalmente \u226480 \u00b0C para pel\u00edculas finas de 16 \u03bcm).<\/p>\n<p>Peso del rollo: se puede calcular a partir de las dimensiones (por ejemplo, 930 mm de ancho \u00d7 3000 m de largo \u00d7 16 \u03bcm de espesor; densidad del PET ~1,38 g\/cm\u00b3; el peso neto se puede estimar para la planificaci\u00f3n log\u00edstica).<\/p>\n<h3>Caracter\u00edsticas de la pel\u00edcula hologr\u00e1fica de PET<\/h3>\n<p class=\"ds-markdown-paragraph\">Efecto hologr\u00e1fico, alto brillo.<\/p>\n<p class=\"ds-markdown-paragraph\">La superficie es lisa y transparente.<\/p>\n<p class=\"ds-markdown-paragraph\">Excelente fijaci\u00f3n del color.<\/p>\n<p class=\"ds-markdown-paragraph\">Excelente resistencia de adhesi\u00f3n.<\/p>\n<p class=\"ds-markdown-paragraph\">Se mantiene estable a altas temperaturas.<\/p>\n<p class=\"ds-markdown-paragraph\">Gracias a nuestra amplia experiencia y conocimientos, podemos mejorar la eficacia de nuestro producto, lo que le permitir\u00e1 obtener soluciones m\u00e1s precisas. Podemos fabricar la pel\u00edcula hologr\u00e1fica de PET adecuada para satisfacer sus necesidades.<\/p>\n<p class=\"ds-markdown-paragraph\">Prestamos especial atenci\u00f3n a la calidad de nuestra pel\u00edcula hologr\u00e1fica de PET y promocionamos con \u00e9xito sus excelentes prestaciones y ventajas.<\/p>\n<p><strong>Holograma sin costuras frente a holograma estampado<\/strong>:A diferencia de las pel\u00edculas con patrones que se repiten peri\u00f3dicamente, la holograf\u00eda sin costuras ofrece una superficie visual m\u00e1s amplia y continua, ideal para el empaque y la impresi\u00f3n en grandes superficies, ya que evita problemas de desalineaci\u00f3n de los patrones.<\/p>\n<p><strong>Selecci\u00f3n del grosor<\/strong>: El de 16 \u03bcm es econ\u00f3mico y ligero, ideal para la laminaci\u00f3n de etiquetas y la conversi\u00f3n a alta velocidad; el de 50 \u03bcm ofrece mayor rigidez y mejor durabilidad, y es el preferido para aplicaciones que requieren una pel\u00edcula resistente por s\u00ed sola.<\/p>\n<p><strong>Personalizaci\u00f3n<\/strong>:Muchos fabricantes pueden ajustar el ancho y la longitud, o a\u00f1adir tratamientos superficiales (por ejemplo, antiest\u00e1ticos, recubrimiento mate o dorso adhesivo) seg\u00fan los requisitos del pedido, siempre que se cumplan las condiciones de cantidad m\u00ednima de pedido.<\/p>\n<h3>Ventajas de la pel\u00edcula hologr\u00e1fica PET<\/h3>\n<p class=\"ds-markdown-paragraph\">Aspecto atractivo con m\u00e1xima claridad.<\/p>\n<p class=\"ds-markdown-paragraph\">Efectos hologr\u00e1ficos brillantes y relucientes con un brillo y un lustre extraordinarios.<\/p>\n<p class=\"ds-markdown-paragraph\">Alta resistencia a la adhesi\u00f3n, al calor y al agua.<\/p>\n<p class=\"ds-markdown-paragraph\">Los modelos lisos, con rayas y estampados est\u00e1n disponibles en una amplia variedad de colores y dise\u00f1os.<\/p>\n<p class=\"ds-markdown-paragraph\">Los clientes pueden elegir entre una variedad de dise\u00f1os, as\u00ed como crear los suyos propios.<\/p>\n<p class=\"ds-markdown-paragraph\">Es adecuado para fines de imitaci\u00f3n de alta gama.<\/p>\n<hr \/>\n<h2>\u00bfPor qu\u00e9 elegir YWJUNCHI?<\/h2>\n<p class=\"ds-markdown-paragraph\">Si usted es distribuidor, fabricante o empresario, YWJUNCHI es siempre la mejor opci\u00f3n a la hora de importar una pel\u00edcula hologr\u00e1fica de PET de confianza. Podemos ofrecerle una amplia variedad de dise\u00f1os de pel\u00edcula hologr\u00e1fica de PET entre los que elegir.<\/p>\n<p class=\"ds-markdown-paragraph\">Nos aseguramos de que los productos de la empresa sean fiables, seguros, de alta calidad y duraderos. Si necesita una pel\u00edcula hologr\u00e1fica de PET para el crecimiento de su negocio, YWJUNCHI es la opci\u00f3n m\u00e1s segura.<\/p>\n<p class=\"ds-markdown-paragraph\">YWJUNCHI se compromete a ofrecer productos de alta calidad, as\u00ed como un servicio al cliente excepcional. Animamos tanto a los clientes nuevos como a los actuales a establecer relaciones comerciales a largo plazo con nosotros. Juntos podemos construir un futuro prometedor. \u00a1Por favor, env\u00edenos una respuesta lo antes posible!<\/p>\n<hr \/>\n<h2>Gu\u00eda completa de preguntas frecuentes<\/h2>\n<h3>L\u00e1mina hologr\u00e1fica PET: la gu\u00eda definitiva de preguntas frecuentes<\/h3>\n<p class=\"ds-markdown-paragraph\">S\u00e9 que elegir una pel\u00edcula hologr\u00e1fica de PET de alta calidad puede ser una tarea complicada.<\/p>\n<p class=\"ds-markdown-paragraph\">Por eso, esta gu\u00eda aborda todo lo que necesitas saber sobre las pel\u00edculas hologr\u00e1ficas de PET, como sus caracter\u00edsticas, ventajas, usos y grosor, por mencionar solo algunos aspectos.<\/p>\n<p class=\"ds-markdown-paragraph\">As\u00ed que, antes de elegir tus pr\u00f3ximas l\u00e1minas hologr\u00e1ficas de PET, lee esta gu\u00eda.<\/p>\n<p class=\"ds-markdown-paragraph\"><strong>\u00bfQu\u00e9 es la pel\u00edcula hologr\u00e1fica de PET?<\/strong><br \/>\n<strong>\u00bfEn qu\u00e9 se utiliza la pel\u00edcula hologr\u00e1fica de PET?<\/strong><br \/>\n<strong>\u00bfSe puede laminar el film hologr\u00e1fico de PET?<\/strong><br \/>\n<strong>\u00bfQu\u00e9 es la pel\u00edcula de laminaci\u00f3n hologr\u00e1fica PET \u00abSeamless Rainbow\u00bb?<\/strong><br \/>\n<strong>\u00bfCu\u00e1les son las ventajas de utilizar pel\u00edcula hologr\u00e1fica de PET?<\/strong><br \/>\n<strong>\u00bfQu\u00e9 material se utiliza para fabricar la pel\u00edcula hologr\u00e1fica de PET?<\/strong><br \/>\n<strong>\u00bfSe puede realizar una impresi\u00f3n UV sobre pel\u00edcula hologr\u00e1fica de PET?<\/strong><br \/>\n<strong>\u00bfCu\u00e1l es la diferencia entre el film hologr\u00e1fico PET y el film BOPET?<\/strong><br \/>\n<strong>\u00bfEs la pel\u00edcula hologr\u00e1fica de PET una barrera contra la humedad?<\/strong><br \/>\n<strong>\u00bfC\u00f3mo se empaqueta la pel\u00edcula hologr\u00e1fica de PET?<\/strong><br \/>\n<strong>\u00bfCu\u00e1les son las caracter\u00edsticas de la pel\u00edcula hologr\u00e1fica de PET?<\/strong><br \/>\n<strong>\u00bfCu\u00e1les son las opciones de grosor disponibles para la pel\u00edcula hologr\u00e1fica de PET?<\/strong><br \/>\n<strong>\u00bfQu\u00e9 propiedades f\u00edsicas y mec\u00e1nicas tiene la pel\u00edcula hologr\u00e1fica de PET?<\/strong><br \/>\n<strong>\u00bfEst\u00e1 disponible la pel\u00edcula hologr\u00e1fica de PET en diferentes colores?<\/strong><br \/>\n<strong>\u00bfQu\u00e9 factores hay que tener en cuenta a la hora de elegir una pel\u00edcula hologr\u00e1fica de PET?<\/strong><br \/>\n<strong>\u00bfCu\u00e1nto cuesta la pel\u00edcula hologr\u00e1fica de PET?<\/strong><br \/>\n<strong>\u00bfEs ecol\u00f3gica la pel\u00edcula hologr\u00e1fica de PET?<\/strong><br \/>\n<strong>\u00bfCu\u00e1les son las desventajas del film hologr\u00e1fico de PET?<\/strong><br \/>\n<strong>\u00bfCu\u00e1les son los m\u00e9todos para almacenar la pel\u00edcula hologr\u00e1fica de PET?<\/strong><br \/>\n<strong>\u00bfEst\u00e1 disponible la pel\u00edcula hologr\u00e1fica de PET en diferentes tama\u00f1os?<\/strong><br \/>\n<strong>\u00bfExisten normas que deba cumplir el film hologr\u00e1fico PET?<\/strong><br \/>\n<strong>\u00bfQu\u00e9 servicios de conversi\u00f3n pueden ofrecer los fabricantes para el film hologr\u00e1fico de PET?<\/strong><br \/>\n<strong>\u00bfQu\u00e9 normas de calidad debe cumplir el film hologr\u00e1fico de PET?<\/strong><br \/>\n<strong>\u00bfCu\u00e1les son los tipos disponibles de pel\u00edculas hologr\u00e1ficas de PET?<\/strong><br \/>\n<strong>\u00bfC\u00f3mo se debe manipular el film hologr\u00e1fico de PET?<\/strong><\/p>\n<hr \/>\n<h2>Aplicaciones<\/h2>\n<p class=\"ds-markdown-paragraph\">Los usuarios finales utilizan pel\u00edcula hologr\u00e1fica de alta calidad para fabricar, por ejemplo, cajas para envolver tabaco, cajas para mascarillas, cajas para cosm\u00e9ticos, etc.<\/p>\n<p>La pel\u00edcula hologr\u00e1fica de PVC sin costuras Z06 se puede utilizar para etiquetas adhesivas hologr\u00e1ficas, tarjetas, etc.<\/p>\n<hr \/>\n<h2>Informaci\u00f3n de mercado<\/h2>\n<h3>Crecimiento del sector<\/h3>\n<p class=\"ds-markdown-paragraph\">El film hologr\u00e1fico es muy utilizado para el etiquetado de productos en la industria alimentaria y de bebidas, y el sector de la impresi\u00f3n \u2014especialmente la impresi\u00f3n digital\u2014 dominar\u00e1 el crecimiento del mercado del film hologr\u00e1fico durante el per\u00edodo de previsi\u00f3n. Por lo tanto, con el uso cada vez mayor de transparencias hologr\u00e1ficas en diversas industrias de usuarios finales, se espera que el mercado abra una v\u00eda de crecimiento.<\/p>\n<p class=\"ds-markdown-paragraph\">Se prev\u00e9 que el mercado de las transparencias hologr\u00e1ficas crezca a medida que aumente la conciencia sobre las ventajas de su uso. Adem\u00e1s, la mayor presencia y la protecci\u00f3n de las marcas en los materiales de consumo contribuir\u00e1n a aumentar el valor del mercado.<\/p>\n<p class=\"ds-markdown-paragraph\">Un auge en el lanzamiento, la inversi\u00f3n y el desarrollo. Adem\u00e1s, con el aumento de la introducci\u00f3n de pel\u00edculas de embalaje antifalsificaci\u00f3n por parte de las principales empresas, surgir\u00e1n oportunidades de obtener beneficios para los participantes en el mercado durante el per\u00edodo de previsi\u00f3n comprendido entre 2022 y 2029. Por otra parte, se espera que los fabricantes inviertan cada vez m\u00e1s en el desarrollo de nuevas pel\u00edculas hologr\u00e1ficas con el fin de impulsar el crecimiento futuro del mercado de pel\u00edculas transparentes para proyecci\u00f3n hologr\u00e1fica.<\/p>\n<h3>Cambio en el precio<\/h3>\n<p class=\"ds-markdown-paragraph\">Las variaciones en el precio de las materias primas necesarias para fabricar pel\u00edculas hologr\u00e1ficas \u2014como el tereftalato de polietileno (PET), el polietileno (PE) y el polipropileno (PP)\u2014, as\u00ed como las fluctuaciones en el precio del petr\u00f3leo crudo, tienen un impacto directo en la producci\u00f3n de estas pel\u00edculas, ya que estas se fabrican a partir del petr\u00f3leo crudo. Por lo tanto, es probable que el crecimiento del mercado de las pel\u00edculas de proyecci\u00f3n hologr\u00e1ficas sea limitado durante el per\u00edodo de previsi\u00f3n.<\/p>\n<h3>Equipos de moldeo por l\u00e1ser delicados y costosos<\/h3>\n<p class=\"ds-markdown-paragraph\">Los equipos para la fabricaci\u00f3n de pel\u00edculas hologr\u00e1ficas son muy sofisticados y costosos, y se prev\u00e9 que las condiciones de laboratorio obstaculicen la expansi\u00f3n de la industria de las pel\u00edculas hologr\u00e1ficas. Esto frenar\u00e1 el crecimiento del mercado de las pel\u00edculas de proyecci\u00f3n hologr\u00e1fica durante el per\u00edodo de previsi\u00f3n.<\/p>","protected":false},"excerpt":{"rendered":"<p>L\u00e1mina hologr\u00e1fica para mascotas Z06 Rainbow, grosor de 16 micras, ancho m\u00e1ximo de 930 mm.<\/p>","protected":false},"featured_media":371,"comment_status":"open","ping_status":"closed","template":"","meta":[],"product_brand":[],"product_cat":[17],"product_tag":[70,69,71,32,41,72,33,39],"class_list":{"0":"post-169","1":"product","2":"type-product","3":"status-publish","4":"has-post-thumbnail","6":"product_cat-holographic-film","7":"product_tag-chd38","8":"product_tag-cp01","9":"product_tag-cpkz","10":"product_tag-pet-hologram-film","11":"product_tag-rainbow-pet-holographic-film","12":"product_tag-sa06","13":"product_tag-seamless-pet-holographic-film","14":"product_tag-z37-rainbow-pet-hologram-film","16":"first","17":"instock","18":"shipping-taxable","19":"product-type-simple"},"_links":{"self":[{"href":"https:\/\/www.ywjunchi.com\/es\/wp-json\/wp\/v2\/product\/169","targetHints":{"allow":["GET"]}}],"collection":[{"href":"https:\/\/www.ywjunchi.com\/es\/wp-json\/wp\/v2\/product"}],"about":[{"href":"https:\/\/www.ywjunchi.com\/es\/wp-json\/wp\/v2\/types\/product"}],"replies":[{"embeddable":true,"href":"https:\/\/www.ywjunchi.com\/es\/wp-json\/wp\/v2\/comments?post=169"}],"wp:featuredmedia":[{"embeddable":true,"href":"https:\/\/www.ywjunchi.com\/es\/wp-json\/wp\/v2\/media\/371"}],"wp:attachment":[{"href":"https:\/\/www.ywjunchi.com\/es\/wp-json\/wp\/v2\/media?parent=169"}],"wp:term":[{"taxonomy":"product_brand","embeddable":true,"href":"https:\/\/www.ywjunchi.com\/es\/wp-json\/wp\/v2\/product_brand?post=169"},{"taxonomy":"product_cat","embeddable":true,"href":"https:\/\/www.ywjunchi.com\/es\/wp-json\/wp\/v2\/product_cat?post=169"},{"taxonomy":"product_tag","embeddable":true,"href":"https:\/\/www.ywjunchi.com\/es\/wp-json\/wp\/v2\/product_tag?post=169"}],"curies":[{"name":"wp","href":"https:\/\/api.w.org\/{rel}","templated":true}]}}