{"id":27,"date":"2026-03-17T01:08:14","date_gmt":"2026-03-17T01:08:14","guid":{"rendered":"https:\/\/www.ywjunchi.com\/?page_id=27"},"modified":"2026-04-09T01:55:58","modified_gmt":"2026-04-09T01:55:58","slug":"quienes-somos","status":"publish","type":"page","link":"https:\/\/www.ywjunchi.com\/es\/about-us\/","title":{"rendered":"Qui\u00e9nes somos"},"content":{"rendered":"<div data-elementor-type=\"wp-page\" data-elementor-id=\"27\" class=\"elementor elementor-27\" data-elementor-post-type=\"page\">\n\t\t\t\t<div class=\"elementor-element elementor-element-3ff2929d e-flex e-con-boxed e-con e-parent\" data-id=\"3ff2929d\" data-element_type=\"container\" data-e-type=\"container\" data-settings=\"{&quot;background_background&quot;:&quot;classic&quot;}\">\n\t\t\t\t\t<div class=\"e-con-inner\">\n\t\t\t\t<div class=\"elementor-element elementor-element-70a2105d elementor-widget elementor-widget-woocommerce-breadcrumb\" data-id=\"70a2105d\" data-element_type=\"widget\" data-e-type=\"widget\" data-widget_type=\"woocommerce-breadcrumb.default\">\n\t\t\t\t\t<nav class=\"woocommerce-breadcrumb\" aria-label=\"Breadcrumb\" data-no-translation=\"\" data-trp-gettext=\"\">Inicio<\/nav>\t\t\t\t<\/div>\n\t\t\t\t\t<\/div>\n\t\t\t\t<\/div>\n\t\t<div class=\"elementor-element elementor-element-fc355db e-flex e-con-boxed e-con e-parent\" data-id=\"fc355db\" data-element_type=\"container\" data-e-type=\"container\">\n\t\t\t\t\t<div class=\"e-con-inner\">\n\t\t<div class=\"elementor-element elementor-element-40a002c e-con-full e-flex e-con e-child\" data-id=\"40a002c\" data-element_type=\"container\" data-e-type=\"container\">\n\t\t\t\t<div class=\"elementor-element elementor-element-ac5ff83 elementor-widget elementor-widget-image\" data-id=\"ac5ff83\" data-element_type=\"widget\" data-e-type=\"widget\" data-widget_type=\"image.default\">\n\t\t\t\t\t\t\t\t\t\t\t\t\t\t\t<img fetchpriority=\"high\" decoding=\"async\" width=\"800\" height=\"600\" src=\"https:\/\/www.ywjunchi.com\/wp-content\/uploads\/2026\/03\/Hard-press-machine-1024x768.jpg\" class=\"attachment-large size-large wp-image-105\" alt=\"M\u00e1quina de prensado duro\" srcset=\"https:\/\/www.ywjunchi.com\/wp-content\/uploads\/2026\/03\/Hard-press-machine-1024x768.jpg 1024w, https:\/\/www.ywjunchi.com\/wp-content\/uploads\/2026\/03\/Hard-press-machine-600x450.jpg 600w, https:\/\/www.ywjunchi.com\/wp-content\/uploads\/2026\/03\/Hard-press-machine-300x225.jpg 300w, https:\/\/www.ywjunchi.com\/wp-content\/uploads\/2026\/03\/Hard-press-machine-768x576.jpg 768w, https:\/\/www.ywjunchi.com\/wp-content\/uploads\/2026\/03\/Hard-press-machine.jpg 1500w\" sizes=\"(max-width: 800px) 100vw, 800px\" \/>\t\t\t\t\t\t\t\t\t\t\t\t\t\t\t<\/div>\n\t\t\t\t<div class=\"elementor-element elementor-element-dccc4ba elementor-widget elementor-widget-text-editor\" data-id=\"dccc4ba\" data-element_type=\"widget\" data-e-type=\"widget\" data-widget_type=\"text-editor.default\">\n\t\t\t\t\t\t\t\t\t<p><strong>Empresa de materiales de embalaje Yiwu Junchi<\/strong> se especializa en la investigaci\u00f3n y el desarrollo, la fabricaci\u00f3n y el suministro de materiales de embalaje de alto rendimiento. Como empresa integrada con capacidades de producci\u00f3n y comercializaci\u00f3n, prestamos servicios a marcas internacionales de los sectores de la electr\u00f3nica, la cosm\u00e9tica, la alimentaci\u00f3n y las bebidas, y los art\u00edculos de lujo, ofreciendo soluciones de embalaje personalizadas que combinan funcionalidad, est\u00e9tica y sostenibilidad.<\/p><p>Nuestra gama de productos est\u00e1 dise\u00f1ada para satisfacer las diversas necesidades del sector, cumpliendo con las normas internacionales y utilizando procesos de fabricaci\u00f3n de vanguardia:<\/p><p><strong><b>L\u00e1mina hologr\u00e1fica de PET sin costuras<\/b><\/strong><\/p><p>Efecto hologr\u00e1fico de 1.360\u00b0, continuidad del patr\u00f3n sin interrupciones (m\u00e1s de 300 dise\u00f1os personalizables), superficie apta para impresi\u00f3n UV y cumplimiento de la norma GBT 23808-2009 sobre pel\u00edculas hologr\u00e1ficas. El espesor del recubrimiento se controla con precisi\u00f3n entre 3 y 5 \u03bcm para garantizar una durabilidad \u00f3ptima (\u00edndice de adhesi\u00f3n \u22654B) y un efecto estereosc\u00f3pico 3D.<\/p><p>2. Aplicaciones: Empaques para cigarrillos y cosm\u00e9ticos, etiquetas antifalsificaci\u00f3n de marcas y envoltorios para productos de alta gama. Ofrece compatibilidad con el laminado en h\u00famedo a un costo competitivo y una capacidad de producci\u00f3n de 300 000 metros al d\u00eda.<\/p><p><strong><b>L\u00e1mina hologr\u00e1fica de PVC<\/b><\/strong><\/p><p>1. Resistencia a la humedad, protecci\u00f3n contra los rayos UV y excelente capacidad de contracci\u00f3n. Dise\u00f1ado para ofrecer resistencia y estabilidad dimensional, con una dureza superficial de \u22653H. Cumple con las normativas internacionales sobre materiales de embalaje de PVC en materia de seguridad y desempe\u00f1o ambiental.<\/p><p>2. Aplicaciones: Empaquetado de componentes electr\u00f3nicos, embalaje log\u00edstico y aplicaciones decorativas que requieran propiedades a prueba de polvo y a prueba de golpes.<\/p><p><strong><b>Papel hologr\u00e1fico<\/b><\/strong><\/p><p>1. Patrones multidimensionales que reflejan la luz, composici\u00f3n de materiales sostenibles y un uso moderado de tinta, en consonancia con las tendencias mundiales en materia de empaques ecol\u00f3gicos. Disponibles en variantes de transferencia y compuestas para adaptarse a las necesidades de protecci\u00f3n de la marca y decorativas.<\/p><p>2. Posici\u00f3n en el mercado: Aprovechando el mercado mundial de papel hologr\u00e1fico, valorado en 1,2 billones de d\u00f3lares (con una tasa de crecimiento anual compuesta prevista del 9,21 % hasta 2033), nuestros productos gozan de gran demanda en los mercados de Asia-Pac\u00edfico, Am\u00e9rica del Norte y Europa.<\/p>\t\t\t\t\t\t\t\t<\/div>\n\t\t\t\t<div class=\"elementor-element elementor-element-9e83cd9 elementor-widget elementor-widget-button\" data-id=\"9e83cd9\" data-element_type=\"widget\" data-e-type=\"widget\" data-widget_type=\"button.default\">\n\t\t\t\t\t\t\t\t\t\t<a class=\"elementor-button elementor-button-link elementor-size-sm elementor-animation-grow\" href=\"https:\/\/www.ywjunchi.com\/es\/contact-us\/\">\n\t\t\t\t\t\t<span class=\"elementor-button-content-wrapper\">\n\t\t\t\t\t\t\t\t\t<span class=\"elementor-button-text\">Solicite un presupuesto<\/span>\n\t\t\t\t\t<\/span>\n\t\t\t\t\t<\/a>\n\t\t\t\t\t\t\t\t<\/div>\n\t\t\t\t<\/div>\n\t\t<div class=\"elementor-element elementor-element-cf0b22e e-con-full e-flex e-con e-child\" data-id=\"cf0b22e\" data-element_type=\"container\" data-e-type=\"container\">\n\t\t\t\t<div class=\"elementor-element elementor-element-248640e elementor-widget elementor-widget-text-editor\" data-id=\"248640e\" data-element_type=\"widget\" data-e-type=\"widget\" data-widget_type=\"text-editor.default\">\n\t\t\t\t\t\t\t\t\t<p><strong><b>Pel\u00edcula metalizada<\/b><\/strong><\/p><p>1. Fabricado mediante tecnolog\u00eda avanzada de deposici\u00f3n f\u00edsica de vapor (PVD), con un recubrimiento uniforme de aluminio (0,5 \u03bcm de espesor) que le confiere un acabado met\u00e1lico brillante. El proceso se ve reforzado por etapas de preestirado y eliminaci\u00f3n de polvo, lo que garantiza la planitud de la superficie y la adherencia del recubrimiento.<\/p><p>2. Aplicaciones: Conservaci\u00f3n de alimentos (barrera contra el ox\u00edgeno y la humedad), materiales aislantes y embalajes electr\u00f3nicos (propiedades antiest\u00e1ticas). Ofrece una alternativa ligera y rentable al papel de aluminio.<\/p><p><strong><b>Rainbow Film<\/b><\/strong><\/p><p>1. Sustrato a base de PET (grosor de 0,1 mm \u00b1 0,01 mm) con tonos iridiscentes inherentes (predominantemente magenta) que se intensifican con la luz. Superficie resistente a los rayones (\u22653H), f\u00e1cil instalaci\u00f3n en h\u00famedo y compatible con el corte por l\u00e1ser para t\u00f3tems decorativos o letras de cristal.<\/p><p>2. Aplicaciones: Decoraci\u00f3n de interiores (superficies de vidrio y acr\u00edlico), expositores para tiendas y empaques promocionales, lo que aporta un aspecto vibrante y llamativo a los espacios comerciales y a los productos.<\/p><p>Fabricaci\u00f3n y control de calidad<\/p><p>Instalaciones: Contamos con l\u00edneas de producci\u00f3n automatizadas, que incluyen sistemas de metalizaci\u00f3n de precisi\u00f3n (preintegraci\u00f3n + deposici\u00f3n de vapor) y m\u00e1quinas de estampado hologr\u00e1fico. Mantenemos una colaboraci\u00f3n t\u00e9cnica a largo plazo con el Centro de Supervisi\u00f3n de Calidad Antiest\u00e1tica de China para la realizaci\u00f3n de pruebas y la certificaci\u00f3n de productos.<\/p><p>Compromiso con la calidad: Todos los productos se someten a rigurosas inspecciones para verificar la contracci\u00f3n (\u22641 mm), la transparencia (transmisi\u00f3n de luz \u2265121 TP3T para la pel\u00edcula arco\u00edris) y la fuerza de adhesi\u00f3n (1200-1600 g\/pulgada para la pel\u00edcula arco\u00edris). Nuestra filosof\u00eda \u201ccentrada en el cliente\u201d garantiza entregas puntuales y un servicio posventa \u00e1gil.<\/p><p>Cooperaci\u00f3n global y visi\u00f3n<\/p><p>Con capacidad para exportar a m\u00e1s de 50 pa\u00edses, damos prioridad a un servicio equitativo (de beneficio mutuo) y personalizado: aceptamos pedidos OEM\/ODM y ofrecemos asesoramiento t\u00e9cnico para la integraci\u00f3n de aplicaciones. A medida que evoluciona la industria del empaque, Yiwu Junchi mantiene su compromiso con la innovaci\u00f3n, centr\u00e1ndose en materiales biodegradables y tecnolog\u00edas inteligentes contra la falsificaci\u00f3n para liderar el futuro del empaque sostenible.<\/p>\t\t\t\t\t\t\t\t<\/div>\n\t\t\t\t<div class=\"elementor-element elementor-element-c17690a elementor-widget elementor-widget-image\" data-id=\"c17690a\" data-element_type=\"widget\" data-e-type=\"widget\" data-widget_type=\"image.default\">\n\t\t\t\t\t\t\t\t\t\t\t\t\t\t\t<img decoding=\"async\" width=\"768\" height=\"1024\" src=\"https:\/\/www.ywjunchi.com\/wp-content\/uploads\/2026\/03\/junchi-768x1024.jpg\" class=\"attachment-large size-large wp-image-106\" alt=\"\" srcset=\"https:\/\/www.ywjunchi.com\/wp-content\/uploads\/2026\/03\/junchi-768x1024.jpg 768w, https:\/\/www.ywjunchi.com\/wp-content\/uploads\/2026\/03\/junchi-600x800.jpg 600w, https:\/\/www.ywjunchi.com\/wp-content\/uploads\/2026\/03\/junchi-225x300.jpg 225w, https:\/\/www.ywjunchi.com\/wp-content\/uploads\/2026\/03\/junchi.jpg 1080w\" sizes=\"(max-width: 768px) 100vw, 768px\">\t\t\t\t\t\t\t\t\t\t\t\t\t\t\t<\/div>\n\t\t\t\t<\/div>\n\t\t\t\t\t<\/div>\n\t\t\t\t<\/div>\n\t\t\t\t<\/div>","protected":false},"excerpt":{"rendered":"<p>Yiwu Junchi Packaging Material Firm specializes in R&amp;D,manufacturing,and supply of high-performance packaging materials.As an integrated enterprise with production and trade capabilities,we serve international brands across electronics,cosmetics,food &amp; beverage,and luxury goods sectors,delivering customized packaging solutions that blend functionality,aesthetics,and sustainability. Our product range is engineered to meet diverse industry demands,adhering to global standards and cutting-edge manufacturing processes: [&hellip;]<\/p>\n","protected":false},"author":1,"featured_media":0,"parent":0,"menu_order":0,"comment_status":"closed","ping_status":"closed","template":"","meta":{"footnotes":""},"class_list":["post-27","page","type-page","status-publish","hentry"],"_links":{"self":[{"href":"https:\/\/www.ywjunchi.com\/es\/wp-json\/wp\/v2\/pages\/27","targetHints":{"allow":["GET"]}}],"collection":[{"href":"https:\/\/www.ywjunchi.com\/es\/wp-json\/wp\/v2\/pages"}],"about":[{"href":"https:\/\/www.ywjunchi.com\/es\/wp-json\/wp\/v2\/types\/page"}],"author":[{"embeddable":true,"href":"https:\/\/www.ywjunchi.com\/es\/wp-json\/wp\/v2\/users\/1"}],"replies":[{"embeddable":true,"href":"https:\/\/www.ywjunchi.com\/es\/wp-json\/wp\/v2\/comments?post=27"}],"version-history":[{"count":43,"href":"https:\/\/www.ywjunchi.com\/es\/wp-json\/wp\/v2\/pages\/27\/revisions"}],"predecessor-version":[{"id":536,"href":"https:\/\/www.ywjunchi.com\/es\/wp-json\/wp\/v2\/pages\/27\/revisions\/536"}],"wp:attachment":[{"href":"https:\/\/www.ywjunchi.com\/es\/wp-json\/wp\/v2\/media?parent=27"}],"curies":[{"name":"wp","href":"https:\/\/api.w.org\/{rel}","templated":true}]}}