{"id":687,"date":"2026-04-28T07:08:02","date_gmt":"2026-04-28T07:08:02","guid":{"rendered":"https:\/\/www.ywjunchi.com\/?post_type=product&#038;p=687"},"modified":"2026-04-29T01:10:49","modified_gmt":"2026-04-29T01:10:49","slug":"kornige-saule-heller-horizontaler-pet-hologramm-film","status":"publish","type":"product","link":"https:\/\/www.ywjunchi.com\/de\/product\/grain-pillar-light-horizontal-pet-hologram-film\/","title":{"rendered":"Korns\u00e4ule Licht Horizontale PET-Hologrammfolie"},"content":{"rendered":"<p><strong>Z08 Grain Pillar Light Horizontale PET-Hologrammfolie<\/strong><\/p>\n<p>In der hochwertigen Verpackungs- und Druckindustrie hat sich die horizontale PET-Hologrammfolie mit Korns\u00e4ule aufgrund ihres einzigartigen Korns\u00e4ulenlichteffekts, ihrer stabilen Verarbeitungsleistung und ihrer breiten Anwendbarkeit zu einer beliebten Wahl entwickelt. Dieser Artikel konzentriert sich auf die horizontale PET-Hologrammfolie mit 16 Mikron Korns\u00e4ule, einschlie\u00dflich ihrer Produkttypen, Kerneigenschaften, Produktionshighlights und typischen Anwendungsszenarien und bietet einen umfassenden Leitfaden f\u00fcr Hersteller, Verarbeiter und Endverbraucher in verwandten Bereichen.<\/p>\n<p><strong>1.Typen und Kernspezifikationen<\/strong><\/p>\n<p>Die horizontale PET-Hologrammfolie mit Korns\u00e4ule ist ein hochwertiges Verpackungsmaterial, das Polyethylenterephthalat (PET) als Basismaterial verwendet, eine fortschrittliche horizontale holografische Pr\u00e4getechnik einsetzt, um eine leichte Korns\u00e4ulenstruktur zu bilden, und in zwei Haupttypen verarbeitet wird, um unterschiedlichen Anwendungsanforderungen gerecht zu werden. Die Kerndicke wird streng auf 16 Mikrometer kontrolliert, eine Spezifikation, die ein ideales Gleichgewicht zwischen Flexibilit\u00e4t und mechanischer Festigkeit erreicht, wodurch sie sich perfekt f\u00fcr Laminierungs- und Transferprozesse auf Karton eignet.<\/p>\n<p>Im Gegensatz zu gew\u00f6hnlichen Hologrammfolien zeichnet sich dieses Produkt durch einen einzigartigen Korns\u00e4ulen-Lichteffekt aus - die Oberfl\u00e4che weist eine zarte, korn\u00e4hnliche S\u00e4ulenstruktur auf, die unter verschiedenen Winkeln weiches und geschichtetes Licht reflektieren kann, was zu einem unverwechselbaren visuellen Erlebnis f\u00fchrt, das sowohl elegant als auch auff\u00e4llig ist.Es gibt zwei Arten von Folien: holografische Laminierfolien und holografische Transferfolien.Die Laminierfolien eignen sich f\u00fcr die direkte Verbindung mit Karton, w\u00e4hrend die Transferfolien f\u00fcr die \u00dcbertragung der holografischen Struktur und des Lichteffekts auf Kartonoberfl\u00e4chen geeignet sind, wobei der Korns\u00e4ulen-Lichteffekt erhalten bleibt. Dar\u00fcber hinaus ist die Folie UV-bedruckbar, was ihre Verarbeitungs- und Anwendungsm\u00f6glichkeiten noch erweitert.<\/p>\n<figure id=\"attachment_689\" aria-describedby=\"caption-attachment-689\" style=\"width: 800px\" class=\"wp-caption alignnone\"><img fetchpriority=\"high\" decoding=\"async\" class=\"size-full wp-image-689\" src=\"https:\/\/www.ywjunchi.com\/wp-content\/uploads\/2026\/04\/003-2.jpg\" alt=\"K\u00f6rnung horizontale S\u00e4ule Licht Pet Hologramm Film\" width=\"800\" height=\"800\" srcset=\"https:\/\/www.ywjunchi.com\/wp-content\/uploads\/2026\/04\/003-2.jpg 800w, https:\/\/www.ywjunchi.com\/wp-content\/uploads\/2026\/04\/003-2-300x300.jpg 300w, https:\/\/www.ywjunchi.com\/wp-content\/uploads\/2026\/04\/003-2-100x100.jpg 100w, https:\/\/www.ywjunchi.com\/wp-content\/uploads\/2026\/04\/003-2-600x600.jpg 600w, https:\/\/www.ywjunchi.com\/wp-content\/uploads\/2026\/04\/003-2-150x150.jpg 150w, https:\/\/www.ywjunchi.com\/wp-content\/uploads\/2026\/04\/003-2-768x768.jpg 768w\" sizes=\"(max-width: 800px) 100vw, 800px\" \/><figcaption id=\"caption-attachment-689\" class=\"wp-caption-text\">K\u00f6rnung horizontale S\u00e4ule Licht Pet Hologramm Film<\/figcaption><\/figure>\n<p><strong>2 Produkttypen und Hauptmerkmale<\/strong><\/p>\n<p>Die 16-Mikron-Korns\u00e4ule der leichten horizontalen PET-Hologrammfolie ist in zwei Kerntypen unterteilt, die jeweils gezielte Merkmale aufweisen, um sich an unterschiedliche Verarbeitungsanforderungen anzupassen, wobei sie dieselbe hochwertige Basisleistung aufweisen:<\/p>\n<p><strong>2.1 Laminierung holografischer Film<\/strong><\/p>\n<p>Diese Art von Folie ist speziell f\u00fcr die Laminierung mit Pappe konzipiert. Es hat eine ausgezeichnete Haftung Leistung, und nach der Verbindung mit Pappe durch professionelle Laminierung Ausr\u00fcstung, kann es fest an der Oberfl\u00e4che ohne Peeling oder bubbling.the Laminierung Prozess nicht nur beh\u00e4lt die komplette Korn S\u00e4ule Licht holographische Wirkung, sondern verbessert auch die Oberfl\u00e4che Gl\u00e4tte und Verschlei\u00dffestigkeit der Pappe, so dass das Endprodukt mehr langlebig und hochwertig.<\/p>\n<p><strong>2.2 Holografischer Film \u00fcbertragen<\/strong><\/p>\n<p>Der Transfertyp wird haupts\u00e4chlich f\u00fcr die \u00dcbertragung der leichten holografischen Textur von Korns\u00e4ulen auf Karton verwendet. Es wird eine spezielle Beschichtungstechnologie verwendet, die es erm\u00f6glicht, die holografische Schicht w\u00e4hrend des \u00dcbertragungsprozesses leicht auf die Kartonoberfl\u00e4che zu \u00fcbertragen, w\u00e4hrend die PET-Basisfolie recycelt werden kann, was den Materialabfall reduziert und die Produktionskosten senkt. Der \u00fcbertragene Karton hat einen nat\u00fcrlichen und zarten Korns\u00e4ulen-Lichteffekt, mit dem gleichen visuellen Effekt wie der Laminierungstyp, aber flexibler in der Anwendung.<\/p>\n<p><strong>2.3 Gemeinsame Kernmerkmale<\/strong><\/p>\n<p>Beide Folientypen zeichnen sich durch folgende Eigenschaften aus: 16 Mikrometer Dicke sorgen f\u00fcr gute Flexibilit\u00e4t und Verarbeitbarkeit, geeignet f\u00fcr verschiedene Pappkaschier- und Transferanlagen; die leichte Textur der horizontalen Korns\u00e4ule steht im Einklang mit der Verarbeitungsrichtung von Verpackungsproduktionslinien, verringert den Materialverlust und verbessert die Produktionseffizienz; die UV-Bedruckbarkeit erm\u00f6glicht das direkte Bedrucken der Folienoberfl\u00e4che mit Mustern, Logos und Text, mit klarem Druckeffekt und starker Farbechtheit; die ausgezeichnete chemische Stabilit\u00e4t, die nicht leicht verblasst oder sich verformt, gew\u00e4hrleistet die langfristige Stabilit\u00e4t des Produktaussehens.<\/p>\n<figure id=\"attachment_688\" aria-describedby=\"caption-attachment-688\" style=\"width: 800px\" class=\"wp-caption alignnone\"><img decoding=\"async\" class=\"size-full wp-image-688\" src=\"https:\/\/www.ywjunchi.com\/wp-content\/uploads\/2026\/04\/003-1.jpg\" alt=\"Korns\u00e4ule Licht Pet Hologramm Film\" width=\"800\" height=\"800\" srcset=\"https:\/\/www.ywjunchi.com\/wp-content\/uploads\/2026\/04\/003-1.jpg 800w, https:\/\/www.ywjunchi.com\/wp-content\/uploads\/2026\/04\/003-1-300x300.jpg 300w, https:\/\/www.ywjunchi.com\/wp-content\/uploads\/2026\/04\/003-1-100x100.jpg 100w, https:\/\/www.ywjunchi.com\/wp-content\/uploads\/2026\/04\/003-1-600x600.jpg 600w, https:\/\/www.ywjunchi.com\/wp-content\/uploads\/2026\/04\/003-1-150x150.jpg 150w, https:\/\/www.ywjunchi.com\/wp-content\/uploads\/2026\/04\/003-1-768x768.jpg 768w\" sizes=\"(max-width: 800px) 100vw, 800px\" \/><figcaption id=\"caption-attachment-688\" class=\"wp-caption-text\">Korns\u00e4ule Licht Pet Hologramm Film<\/figcaption><\/figure>\n<p><strong>3. der Produktionsprozess: Fokus auf Textur und Leistung<\/strong><\/p>\n<p>Die Herstellung von horizontalen PET-Hologrammfolien mit Korns\u00e4ulenlicht erfordert eine genaue Kontrolle jedes einzelnen Prozesses, wobei der Schwerpunkt auf der Bildung der Korns\u00e4ulenlichttextur und der Optimierung der Laminierungs-\/Transferleistung liegt.Die wichtigsten Produktionsschritte sind wie folgt<\/p>\n<p><strong>3.1 Vorbereitung des Basisfilms<\/strong><\/p>\n<p>Als Rohstoff wird hochwertiges PET-Harz ausgew\u00e4hlt, das geschmolzen, extrudiert und horizontal verstreckt wird, um eine 16 Mikrometer dicke PET-Basisfolie zu bilden. W\u00e4hrend des Verstreckungsprozesses werden die Temperatur und das Verstreckungsverh\u00e4ltnis streng kontrolliert, um sicherzustellen, dass die Basisfolie eine gute Dimensionsstabilit\u00e4t und Zugfestigkeit aufweist und einen zuverl\u00e4ssigen Tr\u00e4ger f\u00fcr den anschlie\u00dfenden holografischen Pr\u00e4geprozess darstellt.<\/p>\n<p><strong>3.2 Holographische Pr\u00e4gung der Korns\u00e4ule Light<\/strong><\/p>\n<p>Die vorbereitete PET-Basisfolie wird einer hochpr\u00e4zisen holografischen Pr\u00e4gemaschine zugef\u00fchrt, wo mit einer speziellen Pr\u00e4gewalze ein horizontales Korns\u00e4ulen-Lichtmuster auf die Folienoberfl\u00e4che gepresst wird. Die Pr\u00e4geparameter (Temperatur, Druck, Geschwindigkeit) werden genau eingestellt, um sicherzustellen, dass die Korns\u00e4ulentextur klar, gleichm\u00e4\u00dfig und dreidimensional ist und der Lichtreflexionseffekt dem Standard entspricht. Die horizontale Richtung der Textur stimmt mit der Verarbeitungsrichtung der Folie \u00fcberein, was f\u00fcr nachfolgende Laminierungs-, Transfer- und UV-Druckvorg\u00e4nge f\u00f6rderlich ist.<\/p>\n<p><strong>3.3 Funktionelle Beschichtung und Nachbehandlung<\/strong><\/p>\n<p>Je nach Produkttyp (Laminierung oder Transfer) wird eine entsprechende Funktionsbeschichtung auf die gepr\u00e4gte Folienoberfl\u00e4che aufgebracht: Bei holografischen Laminierfolien wird eine Klebeschicht aufgetragen, um die Haftung auf Karton zu verbessern; bei holografischen Transferfolien werden eine Trennschicht und eine Transferschicht aufgetragen, um eine reibungslose \u00dcbertragung der holografischen Textur zu gew\u00e4hrleisten.Nach der Beschichtung wird die Folie einer Koronabehandlung unterzogen, um die Oberfl\u00e4chenenergie zu verbessern, die Kompatibilit\u00e4t mit UV-Farben zu erh\u00f6hen und einen guten Druckeffekt zu gew\u00e4hrleisten.Schlie\u00dflich wird die Folie entsprechend den Kundenanforderungen in Rollen unterschiedlicher Breite geschnitten und einer strengen Qualit\u00e4tskontrolle unterzogen.<\/p>\n<figure id=\"attachment_690\" aria-describedby=\"caption-attachment-690\" style=\"width: 800px\" class=\"wp-caption alignnone\"><img decoding=\"async\" class=\"size-full wp-image-690\" src=\"https:\/\/www.ywjunchi.com\/wp-content\/uploads\/2026\/04\/003-3.jpg\" alt=\"Getreide horizontale S\u00e4ule Licht pet holographischen Film\" width=\"800\" height=\"800\" srcset=\"https:\/\/www.ywjunchi.com\/wp-content\/uploads\/2026\/04\/003-3.jpg 800w, https:\/\/www.ywjunchi.com\/wp-content\/uploads\/2026\/04\/003-3-300x300.jpg 300w, https:\/\/www.ywjunchi.com\/wp-content\/uploads\/2026\/04\/003-3-100x100.jpg 100w, https:\/\/www.ywjunchi.com\/wp-content\/uploads\/2026\/04\/003-3-600x600.jpg 600w, https:\/\/www.ywjunchi.com\/wp-content\/uploads\/2026\/04\/003-3-150x150.jpg 150w, https:\/\/www.ywjunchi.com\/wp-content\/uploads\/2026\/04\/003-3-768x768.jpg 768w\" sizes=\"(max-width: 800px) 100vw, 800px\" \/><figcaption id=\"caption-attachment-690\" class=\"wp-caption-text\">Getreide horizontale S\u00e4ule Licht pet holographischen Film<\/figcaption><\/figure>\n<p><strong>4. wichtige Produktvorteile<\/strong><\/p>\n<p>Einzigartiger visueller Effekt: Die k\u00f6rnige Lichts\u00e4ulenstruktur sorgt f\u00fcr einen unverwechselbaren, geschichteten Lichtreflexionseffekt, der attraktiver ist als bei gew\u00f6hnlichen Hologrammfolien und dazu beitr\u00e4gt, dass sich Produkte auf dem Markt abheben.<\/p>\n<p>Doppeltyp-Optionen: Es sind Laminier- und Transfertypen verf\u00fcgbar, die sich an unterschiedliche Verarbeitungsanforderungen und Produktionskosten anpassen und den Benutzern flexible Wahlm\u00f6glichkeiten bieten.<\/p>\n<p>Optimale Dicke: 16 Mikrometer Dicke sorgen f\u00fcr ein ausgewogenes Verh\u00e4ltnis von Flexibilit\u00e4t und Festigkeit, leicht zu laminieren oder auf Karton zu \u00fcbertragen, kompatibel mit den meisten Verpackungsmaschinen.<\/p>\n<p>UV-bedruckbar: Kompatibel mit der UV-Drucktechnologie, erm\u00f6glicht den direkten Druck verschiedener Muster und Texte, bereichert den visuellen Ausdruck des Produkts und erf\u00fcllt die Anforderungen an personalisierte Verpackungen.<\/p>\n<p>Breite Anwendbarkeit: Geeignet f\u00fcr verschiedene High-End-Verpackungsbereiche, mit stabiler Leistung und ausgezeichneter Haltbarkeit, die die Qualit\u00e4t des Endprodukts gew\u00e4hrleisten.<\/p>\n<p><strong>5. Anwendungsszenarien<\/strong><\/p>\n<p>Die 16-Mikron-Korns\u00e4ule der leichten horizontalen PET-Hologrammfolie (einschlie\u00dflich Laminierungs- und Transfertypen) wird h\u00e4ufig in Verpackungsbereichen verwendet, die hochwertige und unverwechselbare visuelle Effekte anstreben:<\/p>\n<p><strong>5.1 Aufkleber-Etiketten-Produktion<\/strong><\/p>\n<p>Der Korns\u00e4ulen-Lichteffekt macht die Etiketten zu einem echten Hingucker, und die UV-Bedruckbarkeit erm\u00f6glicht das Aufdrucken von Markenlogos, Produktinformationen und anderen Inhalten, was bei hochwertigen Warenetiketten wie Luxusg\u00fctern, Kosmetika und hochwertigen Lebensmitteletiketten weit verbreitet ist.<\/p>\n<p><strong>5.2 Verpackungen f\u00fcr Kosmetika<\/strong><\/p>\n<p>In der Kosmetikindustrie wird diese Folie h\u00e4ufig f\u00fcr die Verpackung von Hautpflegeprodukten, Make-up, Parf\u00fcms und anderen Produkten verwendet. Sie kann auf Kosmetikschachteln, Flaschenetiketten und Umverpackungen laminiert oder \u00fcbertragen werden und verleiht den Produkten einen edlen und modischen visuellen Effekt, der das Markenimage und die Produktqualit\u00e4t verbessert.<\/p>\n<p><strong>5.3 Verpackung von Tabakdosen<\/strong><\/p>\n<p>Als hochwertiges Verpackungsmaterial ist es auch f\u00fcr die Verpackung von Tabakdosen geeignet. Der Lichteffekt der Korns\u00e4ule hebt die Textur und die Qualit\u00e4t der Tabakdosen hervor, und die ausgezeichnete Haltbarkeit und Stabilit\u00e4t sorgen daf\u00fcr, dass die Verpackung w\u00e4hrend des Transports und der Lagerung intakt bleibt.<\/p>\n<p><strong>5.4 Andere High-End-Verpackungsbereiche<\/strong><\/p>\n<p>Zus\u00e4tzlich zu den oben genannten Szenarien kann es auch f\u00fcr die Verpackung von hochwertigen Geschenken, Gesundheitsprodukten, elektronischen Produkten und anderen Bereichen verwendet werden, um die Nachfrage des Marktes nach qualitativ hochwertigen, unverwechselbaren Verpackungsmaterialien zu erf\u00fcllen.<\/p>\n<figure id=\"attachment_691\" aria-describedby=\"caption-attachment-691\" style=\"width: 800px\" class=\"wp-caption alignnone\"><img loading=\"lazy\" decoding=\"async\" class=\"size-full wp-image-691\" src=\"https:\/\/www.ywjunchi.com\/wp-content\/uploads\/2026\/04\/003-4.jpg\" alt=\"silberne metallisierte K\u00f6rnung horizontale S\u00e4ule helles Pet holographischer Film\" width=\"800\" height=\"800\" srcset=\"https:\/\/www.ywjunchi.com\/wp-content\/uploads\/2026\/04\/003-4.jpg 800w, https:\/\/www.ywjunchi.com\/wp-content\/uploads\/2026\/04\/003-4-300x300.jpg 300w, https:\/\/www.ywjunchi.com\/wp-content\/uploads\/2026\/04\/003-4-100x100.jpg 100w, https:\/\/www.ywjunchi.com\/wp-content\/uploads\/2026\/04\/003-4-600x600.jpg 600w, https:\/\/www.ywjunchi.com\/wp-content\/uploads\/2026\/04\/003-4-150x150.jpg 150w, https:\/\/www.ywjunchi.com\/wp-content\/uploads\/2026\/04\/003-4-768x768.jpg 768w\" sizes=\"(max-width: 800px) 100vw, 800px\" \/><figcaption id=\"caption-attachment-691\" class=\"wp-caption-text\">silberne metallisierte K\u00f6rnung horizontale S\u00e4ule helles Pet holographischer Film<\/figcaption><\/figure>\n<p><strong>6) Qualit\u00e4tskontrolle und Lagerungsanforderungen<\/strong><\/p>\n<p>Im Produktionsprozess wird f\u00fcr jedes Glied eine strenge Qualit\u00e4tskontrolle durchgef\u00fchrt, einschlie\u00dflich der Pr\u00fcfung des Rohmaterials, der Dickenbestimmung, der Pr\u00fcfung des Korns\u00e4ulenlichteffekts, der Pr\u00fcfung der Gleichm\u00e4\u00dfigkeit der Beschichtung und der Pr\u00fcfung der Oberfl\u00e4chenqualit\u00e4t, um sicherzustellen, dass jede Folienrolle den einschl\u00e4gigen Industriestandards entspricht.F\u00fcr die Lagerung sollte die Folie in einem trockenen, k\u00fchlen und bel\u00fcfteten Lagerhaus gelagert werden, wobei direkte Sonneneinstrahlung, hohe Temperaturen und Feuchtigkeit zu vermeiden sind und verhindert werden muss, dass die Folie feucht, verformt oder besch\u00e4digt wird.Die Lagertemperatur sollte zwischen 15\u2103 und 25\u2103 liegen, und die relative Luftfeuchtigkeit sollte 60% nicht \u00fcberschreiten.<\/p>\n<p><strong>7.Schlussfolgerung<\/strong><\/p>\n<p>Die horizontale 16-Mikron-PET-Hologrammfolie mit ihrem einzigartigen Lichteffekt, der doppelten Option (Laminierung und Transfer), der UV-Bedruckbarkeit und der breiten Anwendbarkeit ist zu einem wichtigen Material in der High-End-Verpackungsindustrie geworden, das nicht nur die \u00e4sthetischen und funktionalen Anforderungen verschiedener Produkte erf\u00fcllt, sondern auch den Unternehmen hilft, ihre Markenwettbewerbsf\u00e4higkeit zu verbessern.<\/p>","protected":false},"excerpt":{"rendered":"<p><strong>Z08 Grain Pillar Light Horizontale PET-Hologrammfolie<\/strong><\/p>","protected":false},"featured_media":688,"comment_status":"open","ping_status":"closed","template":"","meta":[],"product_brand":[],"product_cat":[17],"product_tag":[57],"class_list":{"0":"post-687","1":"product","2":"type-product","3":"status-publish","4":"has-post-thumbnail","6":"product_cat-holographic-film","7":"product_tag-grain-pillar-light-horizontal-pet-hologram-film","9":"first","10":"instock","11":"shipping-taxable","12":"product-type-simple"},"_links":{"self":[{"href":"https:\/\/www.ywjunchi.com\/de\/wp-json\/wp\/v2\/product\/687","targetHints":{"allow":["GET"]}}],"collection":[{"href":"https:\/\/www.ywjunchi.com\/de\/wp-json\/wp\/v2\/product"}],"about":[{"href":"https:\/\/www.ywjunchi.com\/de\/wp-json\/wp\/v2\/types\/product"}],"replies":[{"embeddable":true,"href":"https:\/\/www.ywjunchi.com\/de\/wp-json\/wp\/v2\/comments?post=687"}],"wp:featuredmedia":[{"embeddable":true,"href":"https:\/\/www.ywjunchi.com\/de\/wp-json\/wp\/v2\/media\/688"}],"wp:attachment":[{"href":"https:\/\/www.ywjunchi.com\/de\/wp-json\/wp\/v2\/media?parent=687"}],"wp:term":[{"taxonomy":"product_brand","embeddable":true,"href":"https:\/\/www.ywjunchi.com\/de\/wp-json\/wp\/v2\/product_brand?post=687"},{"taxonomy":"product_cat","embeddable":true,"href":"https:\/\/www.ywjunchi.com\/de\/wp-json\/wp\/v2\/product_cat?post=687"},{"taxonomy":"product_tag","embeddable":true,"href":"https:\/\/www.ywjunchi.com\/de\/wp-json\/wp\/v2\/product_tag?post=687"}],"curies":[{"name":"wp","href":"https:\/\/api.w.org\/{rel}","templated":true}]}}