{"id":681,"date":"2026-04-28T06:42:48","date_gmt":"2026-04-28T06:42:48","guid":{"rendered":"https:\/\/www.ywjunchi.com\/?post_type=product&#038;p=681"},"modified":"2026-04-29T01:13:24","modified_gmt":"2026-04-29T01:13:24","slug":"platin-saulenlicht-pet-hologrammfolie","status":"publish","type":"product","link":"https:\/\/www.ywjunchi.com\/de\/product\/platinum-pillar-light-pet-hologram-film\/","title":{"rendered":"Platin-S\u00e4ulenlicht PET-Hologrammfolie"},"content":{"rendered":"<p><strong>KF015A Horizontale PET-Hologrammfolie aus Platin 16 Mikron<\/strong><\/p>\n<p>Im Bereich der hochwertigen Verpackungsmaterialien hat sich die nahtlose metallisierte Platinfolie f\u00fcr horizontale PET-Hologramme aufgrund ihres einzigartigen visuellen Effekts, ihrer stabilen Leistung und ihres breiten Anwendungsbereichs zu einer wichtigen Wahl f\u00fcr viele Industrien entwickelt. Dieser Artikel konzentriert sich auf den Produktionsprozess, die Produkteigenschaften und die typischen Anwendungsszenarien der nahtlosen metallisierten Platinfolie f\u00fcr horizontale PET-Hologramme mit einem Durchmesser von 16 Mikrometern und bietet eine umfassende Referenz f\u00fcr Hersteller, Verarbeiter und Endverbraucher.<\/p>\n<p><strong>1. Produkt\u00fcbersicht und Kernspezifikationen<\/strong><\/p>\n<p>Die nahtlos metallisierte, platinbeschichtete horizontale PET-Hologrammfolie ist ein Hochleistungs-Verpackungsmaterial, das auf Polyethylenterephthalat (PET) als Basisfolie basiert und mit fortschrittlicher nahtloser Metallisierungstechnologie, Platinbeschichtung und horizontaler holografischer Texturverarbeitung kombiniert wird. Die Kernspezifikationen werden streng kontrolliert, um den vielf\u00e4ltigen Anforderungen der industriellen Produktion gerecht zu werden, wobei der Schl\u00fcsselparameter eine Dicke von 16 Mikron ist - eine Dicke, die Flexibilit\u00e4t, Zugfestigkeit und Verarbeitungsanpassungsf\u00e4higkeit ausgleicht und sie sowohl f\u00fcr Laminierungs- als auch f\u00fcr Transferverfahren geeignet macht.<\/p>\n<p>Im Gegensatz zu herk\u00f6mmlichen Hologrammfolien mit offensichtlichen N\u00e4hten wird bei diesem Produkt die Technologie der nahtlosen Metallisierung angewendet, die die Nahtstellen auf der Folienoberfl\u00e4che beseitigt und einen gleichm\u00e4\u00dfigen und konsistenten holografischen Effekt und Metallglanz auf der gesamten Rolle gew\u00e4hrleistet. Die mit Platin metallisierte Schicht erh\u00f6ht nicht nur die Helligkeit und Textur der Folie, sondern verbessert auch ihre Barriereleistung, indem sie Feuchtigkeit und Luft effektiv isoliert und so die Haltbarkeit der verpackten Produkte verl\u00e4ngert.<\/p>\n<figure id=\"attachment_683\" aria-describedby=\"caption-attachment-683\" style=\"width: 800px\" class=\"wp-caption alignnone\"><img fetchpriority=\"high\" decoding=\"async\" class=\"size-full wp-image-683\" src=\"https:\/\/www.ywjunchi.com\/wp-content\/uploads\/2026\/04\/006-2.jpg\" alt=\"Platin-Lichts\u00e4ule Pet-Hologrammfolie\" width=\"800\" height=\"800\" srcset=\"https:\/\/www.ywjunchi.com\/wp-content\/uploads\/2026\/04\/006-2.jpg 800w, https:\/\/www.ywjunchi.com\/wp-content\/uploads\/2026\/04\/006-2-300x300.jpg 300w, https:\/\/www.ywjunchi.com\/wp-content\/uploads\/2026\/04\/006-2-100x100.jpg 100w, https:\/\/www.ywjunchi.com\/wp-content\/uploads\/2026\/04\/006-2-600x600.jpg 600w, https:\/\/www.ywjunchi.com\/wp-content\/uploads\/2026\/04\/006-2-150x150.jpg 150w, https:\/\/www.ywjunchi.com\/wp-content\/uploads\/2026\/04\/006-2-768x768.jpg 768w\" sizes=\"(max-width: 800px) 100vw, 800px\" \/><figcaption id=\"caption-attachment-683\" class=\"wp-caption-text\">Platin-Lichts\u00e4ule Pet-Hologrammfolie<\/figcaption><\/figure>\n<p><strong>2. der Produktionsprozess: Pr\u00e4zisionskontrolle f\u00fcr hohe Qualit\u00e4t<\/strong><\/p>\n<p>Die Herstellung nahtlos metallisierter, horizontaler PET-Hologrammfolien aus Platin umfasst mehrere hochentwickelte Prozesse, von denen jeder eine strenge Kontrolle der Parameter erfordert, um die Stabilit\u00e4t und Konsistenz des Produkts zu gew\u00e4hrleisten:<\/p>\n<p><strong>2.1 Vorbereitung des Basisfilms<\/strong><\/p>\n<p>Als Rohstoff wird hochreines PET-Harz ausgew\u00e4hlt, das geschmolzen, extrudiert und gestreckt wird, um eine 16 Mikrometer dicke PET-Basisfolie zu bilden. W\u00e4hrend des Streckvorgangs wird das horizontale Streckverh\u00e4ltnis genau kontrolliert, um die Querzugfestigkeit und Dimensionsstabilit\u00e4t der Folie zu gew\u00e4hrleisten und eine solide Grundlage f\u00fcr die anschlie\u00dfende holografische Pr\u00e4gung und Metallisierung zu schaffen.<\/p>\n<p><strong>2.2 Holografische Pr\u00e4gung<\/strong><\/p>\n<p>Die vorbereitete PET-Basisfolie wird zu einer holografischen Pr\u00e4gemaschine geschickt, wo ein horizontales holografisches Muster mit einer hochpr\u00e4zisen Pr\u00e4gewalze auf die Folienoberfl\u00e4che gepresst wird. Die Pr\u00e4getemperatur, der Druck und die Geschwindigkeit werden streng kontrolliert, um sicherzustellen, dass das holografische Muster klar und empfindlich ist und einen starken Lichtreflexionseffekt hat. Die horizontale Richtung der holografischen Textur stimmt mit der Verarbeitungsrichtung der Folie \u00fcberein, was f\u00fcr nachfolgende Laminierungs- und \u00dcbertragungsvorg\u00e4nge f\u00f6rderlich ist.<\/p>\n<p><strong>2.3 Nahtlose Metallisierung (Platinbeschichtung)<\/strong><\/p>\n<p>Die gepr\u00e4gte PET-Folie wird in eine Vakuum-Metallisierungskammer \u00fcberf\u00fchrt, wo die Folienoberfl\u00e4che durch physikalische Gasphasenabscheidung (PVD) gleichm\u00e4\u00dfig mit einer d\u00fcnnen Platinschicht \u00fcberzogen wird. Der nahtlose Metallisierungsprozess vermeidet die Bildung von N\u00e4hten oder ungleichm\u00e4\u00dfigen Beschichtungen und gew\u00e4hrleistet, dass die Platinschicht gleichm\u00e4\u00dfig, dicht und mit hervorragender Haftung aufgebracht wird. Die Platinbeschichtung verleiht der Folie nicht nur einen edlen metallischen Glanz, sondern erh\u00f6ht auch ihre Kratz- und Verschlei\u00dffestigkeit.<\/p>\n<p><strong>2.4 Nachbehandlung und Schneiden<\/strong><\/p>\n<p>Nach der Metallisierung wird die Folie einer Oberfl\u00e4chenbehandlung (z. B. Koronabehandlung) unterzogen, um ihre Oberfl\u00e4chenenergie zu verbessern und die Haftung zwischen der Folie und den Druckfarben oder Klebstoffen zu erh\u00f6hen, was f\u00fcr den UV-Druck und die Laminierung unerl\u00e4sslich ist. Schlie\u00dflich wird die Folie je nach Kundenwunsch in Rollen unterschiedlicher Breite geschnitten, und es wird eine strenge Qualit\u00e4tskontrolle durchgef\u00fchrt, um sicherzustellen, dass jede Folienrolle die Standards hinsichtlich Dicke, holografischem Effekt, Metallisierung und Ebenheit der Oberfl\u00e4che erf\u00fcllt.<\/p>\n<p><strong>3. wichtige Produktvorteile<\/strong><\/p>\n<p>Nahtloses Design: Die nahtlose Metallisierungstechnologie eliminiert Fugenspuren und gew\u00e4hrleistet einen einheitlichen und konsistenten visuellen Effekt, der sich besonders f\u00fcr hochwertige Verpackungen eignet, die ein perfektes Aussehen erfordern.<\/p>\n<p>Optimale Dicke: 16 Mikrometer Dicke sorgen f\u00fcr ein ausgewogenes Verh\u00e4ltnis von Flexibilit\u00e4t und Festigkeit, so dass es sich leicht laminieren oder auf Papier \u00fcbertragen l\u00e4sst und mit verschiedenen Verpackungsmaschinen kompatibel ist.<\/p>\n<p>Hervorragende Kompatibilit\u00e4t: Die Folie ist f\u00fcr den UV-Druck geeignet und kann UV-Farben schnell absorbieren. Sie gew\u00e4hrleistet klare Druckmuster, leuchtende Farben und gute Haftung, ohne zu verblassen oder abzubl\u00e4ttern.<\/p>\n<p>Hochwertige Textur: Die platinmetallisierte Schicht sorgt f\u00fcr einen edlen und eleganten Metallglanz, kombiniert mit dem horizontalen holografischen Effekt, der die verpackten Produkte attraktiver und wettbewerbsf\u00e4higer macht.<\/p>\n<p>Breite Anpassungsf\u00e4higkeit: Es hat eine gute chemische Stabilit\u00e4t und Barriereleistung, die in verschiedenen Bereichen wie Kosmetika, Tabak, Alltagschemikalien und Geschenken eingesetzt werden kann.<\/p>\n<figure id=\"attachment_682\" aria-describedby=\"caption-attachment-682\" style=\"width: 800px\" class=\"wp-caption alignnone\"><img decoding=\"async\" class=\"size-full wp-image-682\" src=\"https:\/\/www.ywjunchi.com\/wp-content\/uploads\/2026\/04\/006-1.jpg\" alt=\"Platin-S\u00e4ulenlicht-Pet-Hologrammfolie\" width=\"800\" height=\"800\" srcset=\"https:\/\/www.ywjunchi.com\/wp-content\/uploads\/2026\/04\/006-1.jpg 800w, https:\/\/www.ywjunchi.com\/wp-content\/uploads\/2026\/04\/006-1-300x300.jpg 300w, https:\/\/www.ywjunchi.com\/wp-content\/uploads\/2026\/04\/006-1-100x100.jpg 100w, https:\/\/www.ywjunchi.com\/wp-content\/uploads\/2026\/04\/006-1-600x600.jpg 600w, https:\/\/www.ywjunchi.com\/wp-content\/uploads\/2026\/04\/006-1-150x150.jpg 150w, https:\/\/www.ywjunchi.com\/wp-content\/uploads\/2026\/04\/006-1-768x768.jpg 768w\" sizes=\"(max-width: 800px) 100vw, 800px\" \/><figcaption id=\"caption-attachment-682\" class=\"wp-caption-text\">Platin-S\u00e4ulenlicht-Pet-Hologrammfolie<\/figcaption><\/figure>\n<p><strong>4. Anwendungsszenarien<\/strong><\/p>\n<p>Die nahtlos metallisierte, horizontale PET-Hologrammfolie mit einer St\u00e4rke von 16 Mikrometern wird h\u00e4ufig in der Verpackungs- und Druckindustrie verwendet, mit den folgenden typischen Anwendungsszenarien:<\/p>\n<p><strong>4.1 Verpackungen f\u00fcr Kosmetika<\/strong><\/p>\n<p>Als hochwertiges Verpackungsmaterial wird es h\u00e4ufig f\u00fcr die Verpackung von Kosmetika wie Hautpflegeprodukten, Make-up und Parf\u00fcms verwendet. Es kann auf Kosmetikschachteln, Flaschenetiketten oder Umverpackungen laminiert werden und verleiht den Produkten einen edlen und modischen visuellen Effekt, der das Markenimage und die Produktqualit\u00e4t verbessert.<\/p>\n<p><strong>4.2 Papierkaschierung und \u00dcbertragung<\/strong><\/p>\n<p>Es eignet sich f\u00fcr die Laminierung oder \u00dcbertragung auf verschiedene Papiere (z. B. beschichtetes Papier, Offsetpapier und Karton), die zur Herstellung von hochwertigen Geschenkschachteln, Gru\u00dfkarten, Bucheinb\u00e4nden, Etiketten und anderen Produkten verwendet werden k\u00f6nnen, wobei das \u00fcbertragene Papier den holografischen Effekt und den metallischen Glanz der Folie beibeh\u00e4lt, wodurch die Produkte noch exquisiter und attraktiver werden.<\/p>\n<p><strong>4.3 UV-Druckprodukte<\/strong><\/p>\n<p>Kompatibel mit der UV-Drucktechnologie k\u00f6nnen verschiedene Muster, Logos und Texte auf die Folienoberfl\u00e4che gedruckt werden, was bei der Herstellung von hochwertigen Etiketten, Aufklebern und Verpackungsdekorationen weit verbreitet ist. Der UV-Druckeffekt ist klar und dauerhaft, und die Kombination aus holografischem Effekt und gedruckten Mustern bereichert den visuellen Ausdruck der Produkte zus\u00e4tzlich.<\/p>\n<p><strong>4.4 Andere High-End-Verpackungsbereiche<\/strong><\/p>\n<p>Neben Kosmetika und Papierverpackungen kann es auch f\u00fcr die Verpackung von hochwertigen Geschenken, Gesundheitsprodukten, elektronischen Produkten und anderen Bereichen verwendet werden, um die Nachfrage des Marktes nach hochwertigen Verpackungsmaterialien zu erf\u00fcllen.<\/p>\n<figure id=\"attachment_685\" aria-describedby=\"caption-attachment-685\" style=\"width: 800px\" class=\"wp-caption alignnone\"><img decoding=\"async\" class=\"size-full wp-image-685\" src=\"https:\/\/www.ywjunchi.com\/wp-content\/uploads\/2026\/04\/006-4.jpg\" alt=\"Nahtlose Platin-S\u00e4ulenlicht-Tierhologrammfolie\" width=\"800\" height=\"800\" srcset=\"https:\/\/www.ywjunchi.com\/wp-content\/uploads\/2026\/04\/006-4.jpg 800w, https:\/\/www.ywjunchi.com\/wp-content\/uploads\/2026\/04\/006-4-300x300.jpg 300w, https:\/\/www.ywjunchi.com\/wp-content\/uploads\/2026\/04\/006-4-100x100.jpg 100w, https:\/\/www.ywjunchi.com\/wp-content\/uploads\/2026\/04\/006-4-600x600.jpg 600w, https:\/\/www.ywjunchi.com\/wp-content\/uploads\/2026\/04\/006-4-150x150.jpg 150w, https:\/\/www.ywjunchi.com\/wp-content\/uploads\/2026\/04\/006-4-768x768.jpg 768w\" sizes=\"(max-width: 800px) 100vw, 800px\" \/><figcaption id=\"caption-attachment-685\" class=\"wp-caption-text\">Nahtlose Platin-S\u00e4ulenlicht-Tierhologrammfolie<\/figcaption><\/figure>\n<p><strong>5) Qualit\u00e4tskontrolle und Lagerungsanforderungen<\/strong><\/p>\n<p>Im Produktionsprozess wird f\u00fcr jedes Glied eine strenge Qualit\u00e4tskontrolle durchgef\u00fchrt, einschlie\u00dflich der Pr\u00fcfung des Rohmaterials, der Dickenbestimmung, der Pr\u00fcfung des holografischen Effekts, der Pr\u00fcfung der Gleichm\u00e4\u00dfigkeit der Metallisierung und der Pr\u00fcfung der Oberfl\u00e4chenqualit\u00e4t, um sicherzustellen, dass das Produkt den einschl\u00e4gigen Industriestandards entspricht. F\u00fcr die Lagerung sollte die Folie in einem trockenen, k\u00fchlen und bel\u00fcfteten Lagerhaus gelagert werden, wobei direktes Sonnenlicht, hohe Temperaturen und Feuchtigkeit zu vermeiden sind, um zu verhindern, dass die Folie feucht, verformt oder besch\u00e4digt wird. Die Lagertemperatur sollte zwischen 15\u2103 und 25\u2103 liegen, und die relative Luftfeuchtigkeit sollte 60% nicht \u00fcberschreiten.<\/p>\n<figure id=\"attachment_684\" aria-describedby=\"caption-attachment-684\" style=\"width: 800px\" class=\"wp-caption alignnone\"><img loading=\"lazy\" decoding=\"async\" class=\"size-full wp-image-684\" src=\"https:\/\/www.ywjunchi.com\/wp-content\/uploads\/2026\/04\/006-3.jpg\" alt=\"Platin-Lightbeen-Pet-Hologrammfolie\" width=\"800\" height=\"800\" srcset=\"https:\/\/www.ywjunchi.com\/wp-content\/uploads\/2026\/04\/006-3.jpg 800w, https:\/\/www.ywjunchi.com\/wp-content\/uploads\/2026\/04\/006-3-300x300.jpg 300w, https:\/\/www.ywjunchi.com\/wp-content\/uploads\/2026\/04\/006-3-100x100.jpg 100w, https:\/\/www.ywjunchi.com\/wp-content\/uploads\/2026\/04\/006-3-600x600.jpg 600w, https:\/\/www.ywjunchi.com\/wp-content\/uploads\/2026\/04\/006-3-150x150.jpg 150w, https:\/\/www.ywjunchi.com\/wp-content\/uploads\/2026\/04\/006-3-768x768.jpg 768w\" sizes=\"(max-width: 800px) 100vw, 800px\" \/><figcaption id=\"caption-attachment-684\" class=\"wp-caption-text\">Platin-Lightbeen-Pet-Hologrammfolie<\/figcaption><\/figure>\n<p><strong>6.Schlussfolgerung<\/strong><\/p>\n<p>Die nahtlos metallisierte, horizontale PET-Hologrammfolie (16 Mikron) vereint die Vorteile eines nahtlosen Designs, einer hochwertigen Textur, einer hervorragenden Verarbeitungsleistung und eines breiten Anwendungsbereichs. Dank des ausgefeilten Produktionsprozesses und der strengen Qualit\u00e4tskontrolle hat sie sich zu einem wichtigen Material in der hochwertigen Verpackungsindustrie entwickelt. Sie erf\u00fcllt nicht nur die \u00e4sthetischen und funktionalen Anforderungen verschiedener Produkte, sondern hilft auch Unternehmen, ihre Markenwettbewerbsf\u00e4higkeit zu verbessern. In der Zukunft wird dieses Produkt mit der kontinuierlichen Entwicklung der Verpackungsindustrie in immer mehr Bereichen Anwendung finden.<\/p>","protected":false},"excerpt":{"rendered":"<p>KF015A Platin-S\u00e4ulenleuchte Pet-Hologrammfolie<\/p>","protected":false},"featured_media":682,"comment_status":"open","ping_status":"closed","template":"","meta":[],"product_brand":[],"product_cat":[17],"product_tag":[54,56,55],"class_list":{"0":"post-681","1":"product","2":"type-product","3":"status-publish","4":"has-post-thumbnail","6":"product_cat-holographic-film","7":"product_tag-platinum-horizontal-pet-hologram-film","8":"product_tag-platinum-lightbeen-hologram-film","9":"product_tag-platinum-pillar-light-pet-hologram-film","11":"first","12":"instock","13":"shipping-taxable","14":"product-type-simple"},"_links":{"self":[{"href":"https:\/\/www.ywjunchi.com\/de\/wp-json\/wp\/v2\/product\/681","targetHints":{"allow":["GET"]}}],"collection":[{"href":"https:\/\/www.ywjunchi.com\/de\/wp-json\/wp\/v2\/product"}],"about":[{"href":"https:\/\/www.ywjunchi.com\/de\/wp-json\/wp\/v2\/types\/product"}],"replies":[{"embeddable":true,"href":"https:\/\/www.ywjunchi.com\/de\/wp-json\/wp\/v2\/comments?post=681"}],"wp:featuredmedia":[{"embeddable":true,"href":"https:\/\/www.ywjunchi.com\/de\/wp-json\/wp\/v2\/media\/682"}],"wp:attachment":[{"href":"https:\/\/www.ywjunchi.com\/de\/wp-json\/wp\/v2\/media?parent=681"}],"wp:term":[{"taxonomy":"product_brand","embeddable":true,"href":"https:\/\/www.ywjunchi.com\/de\/wp-json\/wp\/v2\/product_brand?post=681"},{"taxonomy":"product_cat","embeddable":true,"href":"https:\/\/www.ywjunchi.com\/de\/wp-json\/wp\/v2\/product_cat?post=681"},{"taxonomy":"product_tag","embeddable":true,"href":"https:\/\/www.ywjunchi.com\/de\/wp-json\/wp\/v2\/product_tag?post=681"}],"curies":[{"name":"wp","href":"https:\/\/api.w.org\/{rel}","templated":true}]}}