{"id":303,"date":"2026-03-17T08:39:55","date_gmt":"2026-03-17T08:39:55","guid":{"rendered":"https:\/\/www.ywjunchi.com\/?post_type=product&#038;p=303"},"modified":"2026-04-29T01:43:14","modified_gmt":"2026-04-29T01:43:14","slug":"z28-lichtsaule-holografische-folie","status":"publish","type":"product","link":"https:\/\/www.ywjunchi.com\/de\/product\/z28-pillar-of-light-holographic-film\/","title":{"rendered":"Z28 Lichts\u00e4ule holografische Folie"},"content":{"rendered":"<h3>Z28 Horizontaler Lichtstrahl Nahtlose PET-Holografie-Folie<\/h3>\n<p><strong><b>Herstellung<\/b><\/strong>: YIWU JUNCHI VERPACKUNGSMATERIAL<\/p>\n<p><strong><b>Kernspezifikation<\/b><\/strong>: Z28 Serie (5 cm horizontales Lichtb\u00fcndeldesign)<\/p>\n<p><strong><b>Wichtige Parameter<\/b><\/strong>:<\/p>\n<p>1, Master Maximale Breite: 820mm (optimiert f\u00fcr Standard Druck &amp; Laminierung Blattgr\u00f6\u00dfen)<\/p>\n<p>2, Hauptverwendungen: Papierlaminierung (Kunstdruckpapier\/Kartenmaterial\/Kraftpapier), UV-Druck (Digital-\/Offset-UV)<\/p>\n<p><strong><b>Wichtigste Effekte<\/b><\/strong>Optionen f\u00fcr Laminierung und \u00dcbertragung<\/p>\n<p><strong><b>Erfahrung in der Produktion<\/b><\/strong>:20+Jahre Spezialisierung auf die Herstellung holografischer Folien<\/p>\n<figure id=\"attachment_590\" aria-describedby=\"caption-attachment-590\" style=\"width: 800px\" class=\"wp-caption alignnone\"><img fetchpriority=\"high\" decoding=\"async\" class=\"size-full wp-image-590\" src=\"https:\/\/www.ywjunchi.com\/wp-content\/uploads\/2026\/03\/008-1.jpg\" alt=\"Z28 horizontale nahtlose holografische Folie f\u00fcr Haustiere\" width=\"800\" height=\"800\" srcset=\"https:\/\/www.ywjunchi.com\/wp-content\/uploads\/2026\/03\/008-1.jpg 800w, https:\/\/www.ywjunchi.com\/wp-content\/uploads\/2026\/03\/008-1-300x300.jpg 300w, https:\/\/www.ywjunchi.com\/wp-content\/uploads\/2026\/03\/008-1-100x100.jpg 100w, https:\/\/www.ywjunchi.com\/wp-content\/uploads\/2026\/03\/008-1-600x600.jpg 600w, https:\/\/www.ywjunchi.com\/wp-content\/uploads\/2026\/03\/008-1-150x150.jpg 150w, https:\/\/www.ywjunchi.com\/wp-content\/uploads\/2026\/03\/008-1-768x768.jpg 768w\" sizes=\"(max-width: 800px) 100vw, 800px\" \/><figcaption id=\"caption-attachment-590\" class=\"wp-caption-text\">Z28 horizontale nahtlose holografische Folie f\u00fcr Haustiere<\/figcaption><\/figure>\n<h3>Warum Z28 f\u00fcr UV-Druck und Papierlaminierung steht?<\/h3>\n<h4>Exklusiver horizontaler Lichtstrahl &amp; pr\u00e4zise Handwerkskunst<\/h4>\n<p>Die Z28 wird mit Hilfe einer fortschrittlichen Beschichtung und einer holografischen Hochdruck-Pr\u00e4gungstechnologie hergestellt und verf\u00fcgt \u00fcber gleichm\u00e4\u00dfige horizontale Lichtstrahlmuster, die einen eleganten, weitl\u00e4ufigen visuellen Effekt erzeugen, der gedruckte Designs hervorhebt, ohne sie zu erdr\u00fccken. Eine echte nahtlose Struktur (keine Pr\u00e4gen\u00e4hte) sorgt f\u00fcr eine gleichbleibende Brillanz \u00fcber die gesamte Breite von 820 mm und nutzt die Prinzipien der Lichtverst\u00e4rkung durch stimulierte Emission f\u00fcr klare, hochgl\u00e4nzende Strahlen.<\/p>\n<h4>Ma\u00dfgeschneiderte Leistung f\u00fcr die wichtigsten Anwendungsbereiche<\/h4>\n<p><b><\/b><strong>UV-Druck Kompatibilit\u00e4t:<\/strong><\/p>\n<p>Die glatte, porenfreie PET-Oberfl\u00e4che nimmt UV-h\u00e4rtende Tinten (Digital-\/Offsetdruck) ohne Ausbluten, Verschmieren oder holografische Verzerrungen auf. Sie ist mit allen g\u00e4ngigen UV-Druckern (Epson, HP, Roland, Komori) und Tintentypen (pigmentbasiert, farbstoffbasiert) kompatibel und liefert hochaufl\u00f6sende Druckmuster, die nahtlos mit horizontalen Lichtstrahlen verschmelzen. Die Oberfl\u00e4chenspannung der Folie (\u226538 dyn\/cm) sorgt f\u00fcr eine starke Tintenhaftung - kein Abbl\u00e4ttern oder Verblassen, auch nicht nach l\u00e4ngerer Lagerung.<\/p>\n<p><b><\/b><strong>Exzellente Papierkaschierung:<\/strong><\/p>\n<p>Hervorragende Klebekraft (Sch\u00e4lfestigkeit \u2265 0,8N\/15mm) erm\u00f6glicht eine feste Haftung auf Kunstdruckpapier, Karton, Kraftpapier und Spezialpapieren, widersteht Blasenbildung, Faltenbildung oder Delaminierung bei Hochtemperatur-Laminierungsprozessen (bis zu 120\u2103). 98% der horizontalen Lichtstrahlen behalten nach der Laminierung ihren Glanz, was die taktile und visuelle Qualit\u00e4t von Verpackungen, Brosch\u00fcren und Druckerzeugnissen erh\u00f6ht.<\/p>\n<p><b><\/b><strong><b>Langlebigkeit und Nachhaltigkeit<\/b><\/strong>:<\/p>\n<p>Umweltfreundlich, ungiftig (ROHS-zertifiziert) und recycelbar; best\u00e4ndig gegen Tintenerosion, Wasserdampf und Kohlendioxid; antistatische und antiadh\u00e4sive Eigenschaften verhindern die Ansammlung von Staub w\u00e4hrend des Drucks\/Laminierens und reduzieren den Produktionsabfall um 15%.<\/p>\n<h4>Optimierte Schichtstruktur<\/h4>\n<p>Undurchsichtige Deckschicht\u2192Flache Schicht mit hoher Reflektivit\u00e4t\u2192PET-Durchl\u00e4ssigkeitsschicht\u2192Diffuse Schicht mit Mikromuster\u2192UV-Tintenvertr\u00e4glichkeitsbeschichtung<\/p>\n<p>Die spezielle UV-Tintenkompatibilit\u00e4tsbeschichtung verbessert die Tintenhaftung und die Kratzfestigkeit, w\u00e4hrend die doppelten Reflexionsschichten die Helligkeit der horizontalen Strahlen verst\u00e4rken - so wird sichergestellt, dass gedruckte\/laminierte Produkte im Einzelhandel und bei Werbeaktionen auffallen.<\/p>\n<h3>Gezielte Anwendungen<\/h3>\n<p><b><\/b>UV-Druckprojekte: Produktetiketten, Werbeplakate, Verpackungsh\u00fcllen, Druckerzeugnisse in limitierter Auflage, Markenbrosch\u00fcren und Marketing-Flyer.<\/p>\n<p><b><\/b>Papierkaschierung: Hochwertige Verpackungskartons (Lebensmittel, Elektronik, Geschenke), Markentaschen, Einladungen aus Karton, Katalogumschl\u00e4ge und hochwertige Buchumschl\u00e4ge.<\/p>\n<figure id=\"attachment_591\" aria-describedby=\"caption-attachment-591\" style=\"width: 800px\" class=\"wp-caption alignnone\"><img decoding=\"async\" class=\"size-full wp-image-591\" src=\"https:\/\/www.ywjunchi.com\/wp-content\/uploads\/2026\/03\/008-2.jpg\" alt=\"Z28 horizontale nahtlose holografische Folie f\u00fcr Haustiere\" width=\"800\" height=\"800\" srcset=\"https:\/\/www.ywjunchi.com\/wp-content\/uploads\/2026\/03\/008-2.jpg 800w, https:\/\/www.ywjunchi.com\/wp-content\/uploads\/2026\/03\/008-2-300x300.jpg 300w, https:\/\/www.ywjunchi.com\/wp-content\/uploads\/2026\/03\/008-2-100x100.jpg 100w, https:\/\/www.ywjunchi.com\/wp-content\/uploads\/2026\/03\/008-2-600x600.jpg 600w, https:\/\/www.ywjunchi.com\/wp-content\/uploads\/2026\/03\/008-2-150x150.jpg 150w, https:\/\/www.ywjunchi.com\/wp-content\/uploads\/2026\/03\/008-2-768x768.jpg 768w\" sizes=\"(max-width: 800px) 100vw, 800px\" \/><figcaption id=\"caption-attachment-591\" class=\"wp-caption-text\">Z28 horizontale nahtlose holografische Folie f\u00fcr Haustiere<\/figcaption><\/figure>\n<h3>Warum YWJUNCHI Z28 w\u00e4hlen?<\/h3>\n<p><b><\/b>1, Anwendungsorientiertes Design: Alle Funktionen sind f\u00fcr den UV-Druck und die Papierlaminierung optimiert und l\u00f6sen die wichtigsten Probleme der Branche (Tintenkompatibilit\u00e4t, Laminierungshaftung, Musterkonsistenz).<\/p>\n<p><b><\/b>2, Pr\u00e4zise Gr\u00f6\u00dfenbestimmung: 820 mm Master-Breite passt auf Standard-Druck-\/Laminierger\u00e4te, wodurch Materialabfall und Produktionskosten minimiert werden.<\/p>\n<p><b><\/b>3, Qualit\u00e4tssicherung: ISO 9001-zertifizierter Herstellungsprozess; strenge Tests f\u00fcr die Gleichm\u00e4\u00dfigkeit des Strahls, die Tintenhaftung und die Laminierungsleistung.<\/p>\n<p><b><\/b>4, Anpassungsflexibilit\u00e4t: Einstellbare Strahldichte (1-3 Strahlen\/cm), Dickenoptionen (12\u03bcm-50\u03bcm) und Farbton (klar, silber, gold) zur Anpassung an Markenanforderungen.<\/p>\n<p><b><\/b>5, Globaler Support: Kostenlose Bereitstellung von Mustern, technische Beratung bei der Anpassung von Druck-\/Laminierungsparametern und Rabatte bei Gro\u00dfbestellungen.<\/p>\n<figure id=\"attachment_593\" aria-describedby=\"caption-attachment-593\" style=\"width: 800px\" class=\"wp-caption alignnone\"><img decoding=\"async\" class=\"size-full wp-image-593\" src=\"https:\/\/www.ywjunchi.com\/wp-content\/uploads\/2026\/03\/008-4.jpg\" alt=\"Z28 horizontale nahtlose Tierhologrammfolie\" width=\"800\" height=\"800\" srcset=\"https:\/\/www.ywjunchi.com\/wp-content\/uploads\/2026\/03\/008-4.jpg 800w, https:\/\/www.ywjunchi.com\/wp-content\/uploads\/2026\/03\/008-4-300x300.jpg 300w, https:\/\/www.ywjunchi.com\/wp-content\/uploads\/2026\/03\/008-4-100x100.jpg 100w, https:\/\/www.ywjunchi.com\/wp-content\/uploads\/2026\/03\/008-4-600x600.jpg 600w, https:\/\/www.ywjunchi.com\/wp-content\/uploads\/2026\/03\/008-4-150x150.jpg 150w, https:\/\/www.ywjunchi.com\/wp-content\/uploads\/2026\/03\/008-4-768x768.jpg 768w\" sizes=\"(max-width: 800px) 100vw, 800px\" \/><figcaption id=\"caption-attachment-593\" class=\"wp-caption-text\">Z28 horizontale nahtlose Tierhologrammfolie<\/figcaption><\/figure>\n<h3>FAQ ?<\/h3>\n<p>Welche Dicke wird f\u00fcr den UV-Druck empfohlen? 16\u03bcm-50\u03bcm (sorgt f\u00fcr ein Gleichgewicht zwischen Flexibilit\u00e4t und Druckklarheit).<\/p>\n<p>Kann es f\u00fcr die Laminierung von Lebensmittelverpackungen verwendet werden? ja, es sind lebensmittelechte Optionen (FDA-zertifiziert) f\u00fcr den sicheren Kontakt mit Lebensmitteln erh\u00e4ltlich.<\/p>\n<p>Wie unterscheidet sich der Z28 von anderen Modellen der JUNCHI Hologramm Master Serie?<\/p>\n<table>\n<tbody>\n<tr>\n<td width=\"184\">Modell<\/td>\n<td width=\"184\">Kerndesign<\/td>\n<td width=\"184\">Breite<\/td>\n<td width=\"184\">Schl\u00fcssel Verwendung<\/td>\n<\/tr>\n<tr>\n<td width=\"184\">Z28<\/td>\n<td width=\"184\">Horizontaler Lichtstrahl<\/td>\n<td width=\"184\">820mm<\/td>\n<td width=\"184\">UV-Druck und Papierkaschierung<\/td>\n<\/tr>\n<tr>\n<td width=\"184\">Z25<\/td>\n<td width=\"184\">Vertikaler Lichtstrahl<\/td>\n<td width=\"184\">890mm<\/td>\n<td width=\"184\">Allgemeine High-End-Verpackungen<\/td>\n<\/tr>\n<tr>\n<td width=\"184\">Z37<\/td>\n<td width=\"184\">Silber-Regenbogen<\/td>\n<td width=\"184\">830mm<\/td>\n<td width=\"184\">\u00c4sthetische Luxusverpackung<\/td>\n<\/tr>\n<tr>\n<td width=\"184\">Z06<\/td>\n<td width=\"184\">K Laser D38<\/td>\n<td width=\"184\">930mm<\/td>\n<td width=\"184\">Vielseitige Industrieverpackungen<\/td>\n<\/tr>\n<\/tbody>\n<\/table>\n<p>Werten Sie Ihre gedruckten und laminierten Produkte mit dem eleganten horizontalen Lichteffekt des Z28 auf - YWJUNCHI liefert leistungsstarke, kosteng\u00fcnstige L\u00f6sungen, die auf Ihre Druck-\/Laminierungsanforderungen zugeschnitten sind.<\/p>\n<figure id=\"attachment_592\" aria-describedby=\"caption-attachment-592\" style=\"width: 800px\" class=\"wp-caption alignnone\"><img loading=\"lazy\" decoding=\"async\" class=\"size-full wp-image-592\" src=\"https:\/\/www.ywjunchi.com\/wp-content\/uploads\/2026\/03\/008-3.jpg\" alt=\"Z28 horizontale nahtlose Tierhologrammfolie\" width=\"800\" height=\"800\" srcset=\"https:\/\/www.ywjunchi.com\/wp-content\/uploads\/2026\/03\/008-3.jpg 800w, https:\/\/www.ywjunchi.com\/wp-content\/uploads\/2026\/03\/008-3-300x300.jpg 300w, https:\/\/www.ywjunchi.com\/wp-content\/uploads\/2026\/03\/008-3-100x100.jpg 100w, https:\/\/www.ywjunchi.com\/wp-content\/uploads\/2026\/03\/008-3-600x600.jpg 600w, https:\/\/www.ywjunchi.com\/wp-content\/uploads\/2026\/03\/008-3-150x150.jpg 150w, https:\/\/www.ywjunchi.com\/wp-content\/uploads\/2026\/03\/008-3-768x768.jpg 768w\" sizes=\"(max-width: 800px) 100vw, 800px\" \/><figcaption id=\"caption-attachment-592\" class=\"wp-caption-text\">Z28 horizontale nahtlose Tierhologrammfolie<\/figcaption><\/figure>\n<p><em><i>YWJUNCHI Z28 - Wo holografische Brillanz auf Druck- und Laminierperfektion trifft!<\/i><\/em><\/p>","protected":false},"excerpt":{"rendered":"<p>Z28 horizontaler Lichtstrahl nahtlose Tierhologrammfolie, Dicke 16 Mikron, maximale Breite 820mm, 5 cm S\u00e4ulenlichtabstand.<\/p>","protected":false},"featured_media":590,"comment_status":"open","ping_status":"closed","template":"","meta":[],"product_brand":[],"product_cat":[17],"product_tag":[58],"class_list":{"0":"post-303","1":"product","2":"type-product","3":"status-publish","4":"has-post-thumbnail","6":"product_cat-holographic-film","7":"product_tag-z28-pillar-light-metalized-pet-hologram-film","9":"first","10":"instock","11":"shipping-taxable","12":"product-type-simple"},"_links":{"self":[{"href":"https:\/\/www.ywjunchi.com\/de\/wp-json\/wp\/v2\/product\/303","targetHints":{"allow":["GET"]}}],"collection":[{"href":"https:\/\/www.ywjunchi.com\/de\/wp-json\/wp\/v2\/product"}],"about":[{"href":"https:\/\/www.ywjunchi.com\/de\/wp-json\/wp\/v2\/types\/product"}],"replies":[{"embeddable":true,"href":"https:\/\/www.ywjunchi.com\/de\/wp-json\/wp\/v2\/comments?post=303"}],"wp:featuredmedia":[{"embeddable":true,"href":"https:\/\/www.ywjunchi.com\/de\/wp-json\/wp\/v2\/media\/590"}],"wp:attachment":[{"href":"https:\/\/www.ywjunchi.com\/de\/wp-json\/wp\/v2\/media?parent=303"}],"wp:term":[{"taxonomy":"product_brand","embeddable":true,"href":"https:\/\/www.ywjunchi.com\/de\/wp-json\/wp\/v2\/product_brand?post=303"},{"taxonomy":"product_cat","embeddable":true,"href":"https:\/\/www.ywjunchi.com\/de\/wp-json\/wp\/v2\/product_cat?post=303"},{"taxonomy":"product_tag","embeddable":true,"href":"https:\/\/www.ywjunchi.com\/de\/wp-json\/wp\/v2\/product_tag?post=303"}],"curies":[{"name":"wp","href":"https:\/\/api.w.org\/{rel}","templated":true}]}}